{"id":33343,"date":"2023-03-01T14:50:32","date_gmt":"2023-03-01T13:50:32","guid":{"rendered":"https:\/\/svetslik.si\/uncategorized\/stenska-slika-ho\/"},"modified":"2026-03-22T14:48:46","modified_gmt":"2026-03-22T13:48:46","slug":"zidna-slika-ho","status":"publish","type":"product","link":"https:\/\/svetslik.si\/hr\/slike-na-platnu-visedijelne\/zidna-slika-ho\/","title":{"rendered":"slikomanija V1"},"content":{"rendered":"<div class=\"wpb-content-wrapper\">[\/vc_column_text][\/vc_column][\/vc_row][vc_row css=&#8221;.vc_custom_1677678963090{margin-bottom: 10px !important;}&#8221;][vc_column]\t<div class=\"et-image-538 et-image     et_image_link\">\n\t\t<div class=\"et-image-inner \">\n\t\t\t\t\t\t\t<div class=\"et-image-thumb \">\n\t\t\t\t\t<img decoding=\"async\" width=\"1000\" height=\"563\" src=\"https:\/\/svetslik.si\/wp-content\/uploads\/2023\/03\/20230301_145223.jpg\" class=\"attachment-full\" alt=\"slikomanija V1\" title=\"slikomanija V1\" srcset=\"https:\/\/svetslik.si\/wp-content\/uploads\/2023\/03\/20230301_145223.jpg 1000w, https:\/\/svetslik.si\/wp-content\/uploads\/2023\/03\/20230301_145223-600x338.jpg 600w, https:\/\/svetslik.si\/wp-content\/uploads\/2023\/03\/20230301_145223-300x169.jpg 300w, https:\/\/svetslik.si\/wp-content\/uploads\/2023\/03\/20230301_145223-768x432.jpg 768w, https:\/\/svetslik.si\/wp-content\/uploads\/2023\/03\/20230301_145223-18x10.jpg 18w, https:\/\/svetslik.si\/wp-content\/uploads\/2023\/03\/20230301_145223-150x84.jpg 150w, https:\/\/svetslik.si\/wp-content\/uploads\/2023\/03\/20230301_145223-900x507.jpg 900w\" sizes=\"(max-width: 1000px) 100vw, 1000px\" \/>\t\t\t\t<\/div>\n\t\t\t\t\t\t\t\t\t\t\t<\/div>\n\t<\/div>\n  [\/vc_column][\/vc_row][vc_row css=&#8221;.vc_custom_1677678963090{margin-bottom: 10px !important;}&#8221;][vc_column]\t<div class=\"et-image-742 et-image     et_image_link\">\n\t\t<div class=\"et-image-inner \">\n\t\t\t\t\t\t\t<div class=\"et-image-thumb \">\n\t\t\t\t\t<img decoding=\"async\" width=\"1000\" height=\"563\" src=\"https:\/\/svetslik.si\/wp-content\/uploads\/2023\/03\/20230301_145212.jpg\" class=\"attachment-full\" alt=\"slikomanija V1\" title=\"slikomanija V1\" srcset=\"https:\/\/svetslik.si\/wp-content\/uploads\/2023\/03\/20230301_145212.jpg 1000w, https:\/\/svetslik.si\/wp-content\/uploads\/2023\/03\/20230301_145212-600x338.jpg 600w, https:\/\/svetslik.si\/wp-content\/uploads\/2023\/03\/20230301_145212-300x169.jpg 300w, https:\/\/svetslik.si\/wp-content\/uploads\/2023\/03\/20230301_145212-768x432.jpg 768w, https:\/\/svetslik.si\/wp-content\/uploads\/2023\/03\/20230301_145212-18x10.jpg 18w, https:\/\/svetslik.si\/wp-content\/uploads\/2023\/03\/20230301_145212-150x84.jpg 150w, https:\/\/svetslik.si\/wp-content\/uploads\/2023\/03\/20230301_145212-900x507.jpg 900w\" sizes=\"(max-width: 1000px) 100vw, 1000px\" \/>\t\t\t\t<\/div>\n\t\t\t\t\t\t\t\t\t\t\t<\/div>\n\t<\/div>\n  [\/vc_column][\/vc_row]\n<\/div>","protected":false},"excerpt":{"rendered":"<p>[\/vc_column_text][\/vc_column][\/vc_row][vc_row css=&#8221;.vc_custom_1677678963090{margin-bottom: 10px !important;}&#8221;][vc_column][\/vc_column][\/vc_row][vc_row css=&#8221;.vc_custom_1677678963090{margin-bottom: 10px !important;}&#8221;][vc_column][\/vc_column][\/vc_row]<\/p>\n","protected":false},"featured_media":22145,"template":"","meta":{"_acf_changed":false},"product_brand":[],"product_cat":[3385],"product_tag":[3399,3405,3408,3409,3410,3412,3416,3417,3415],"class_list":{"0":"post-33343","1":"product","2":"type-product","3":"status-publish","4":"has-post-thumbnail","6":"product_cat-slike-na-platnu-visedijelne","7":"product_tag-apstraktne-slike","8":"product_tag-moderne-slike-hr","9":"product_tag-prodaja-slika","10":"product_tag-slike-na-platnu-hr","11":"product_tag-slike-za-dnevni-boravak","12":"product_tag-slike-za-dnevni-boravak-hr","13":"product_tag-umjetnicke-slike","14":"product_tag-visedijelne-slike","15":"product_tag-zidne-slike","16":"pa_dimenzija-120-x-60-cm-hr","17":"pa_dimenzija-150-x-70-cm-hr","18":"pa_dimenzija-200-x-80-cm-hr","19":"pa_dimenzija-250-x-100-cm-hr","20":"pa_oblika-horizontalno","21":"pa_okvir-bez-okvira","22":"pa_pod-okvir-ukljuceno-u-cjenu","23":"pa_podokvir-bez-podokvira","25":"first","26":"instock","27":"purchasable","28":"product-type-variable","29":"has-default-attributes"},"acf":[],"yoast_head":"<!-- This site is optimized with the Yoast SEO Premium plugin v26.0 (Yoast SEO v27.2) - https:\/\/yoast.com\/product\/yoast-seo-premium-wordpress\/ -->\n<title>slikomanija V1 - SVETSLIK.SI - 100% ru\u010dno naslikano<\/title>\n<meta name=\"description\" content=\"slikomanija V1 - 100 % ru\u010dno naslikane umjetni\u010dke zidne slike na platnu. Prodaja reprodukcija poznatih slikara, izrada slika po naru\u0111bi i okviri za slike.\" \/>\n<meta name=\"robots\" content=\"index, follow, max-snippet:-1, max-image-preview:large, max-video-preview:-1\" \/>\n<link rel=\"canonical\" href=\"https:\/\/svetslik.si\/hr\/slike-na-platnu-visedijelne\/zidna-slika-ho\/\" \/>\n<meta property=\"og:locale\" content=\"hr_HR\" \/>\n<meta property=\"og:type\" content=\"article\" \/>\n<meta property=\"og:title\" content=\"slikomanija V1\" \/>\n<meta property=\"og:description\" content=\"100% ro\u010dno naslikane slike na platnu, reprodukcije znanih slikarjev in umetni\u0161ke slike po naro\u010dilu.\" \/>\n<meta property=\"og:url\" content=\"https:\/\/svetslik.si\/hr\/slike-na-platnu-visedijelne\/zidna-slika-ho\/\" \/>\n<meta property=\"og:site_name\" content=\"SVETSLIK.SI\" \/>\n<meta property=\"article:publisher\" content=\"https:\/\/www.facebook.com\/svetslik.si\" \/>\n<meta property=\"article:modified_time\" content=\"2026-03-22T13:48:46+00:00\" \/>\n<meta property=\"og:image\" content=\"https:\/\/svetslik.si\/wp-content\/uploads\/2023\/03\/stenska-slika-HO.png\" \/>\n\t<meta property=\"og:image:width\" content=\"1500\" \/>\n\t<meta property=\"og:image:height\" content=\"552\" \/>\n\t<meta property=\"og:image:type\" content=\"image\/png\" \/>\n<meta name=\"twitter:card\" content=\"summary_large_image\" \/>\n<meta name=\"twitter:site\" content=\"@svetslik\" \/>\n<meta name=\"twitter:label1\" content=\"Availability\" \/>\n\t<meta name=\"twitter:data1\" content=\"Na zalihi\" \/>\n<script type=\"application\/ld+json\" class=\"yoast-schema-graph\">{\"@context\":\"https:\/\/schema.org\",\"@graph\":[{\"@type\":[\"WebPage\",\"ItemPage\"],\"@id\":\"https:\/\/svetslik.si\/hr\/slike-na-platnu-visedijelne\/zidna-slika-ho\/\",\"url\":\"https:\/\/svetslik.si\/hr\/slike-na-platnu-visedijelne\/zidna-slika-ho\/\",\"name\":\"slikomanija V1 - SVETSLIK.SI - 100% ru\u010dno naslikano\",\"isPartOf\":{\"@id\":\"https:\/\/svetslik.si\/hr\/#website\"},\"primaryImageOfPage\":{\"@id\":\"https:\/\/svetslik.si\/hr\/slike-na-platnu-visedijelne\/zidna-slika-ho\/#primaryimage\"},\"image\":{\"@id\":\"https:\/\/svetslik.si\/hr\/slike-na-platnu-visedijelne\/zidna-slika-ho\/#primaryimage\"},\"thumbnailUrl\":\"https:\/\/svetslik.si\/wp-content\/uploads\/2023\/03\/stenska-slika-HO.png\",\"datePublished\":\"2023-03-01T13:50:32+00:00\",\"dateModified\":\"2026-03-22T13:48:46+00:00\",\"description\":\"slikomanija V1 - 100 % ru\u010dno naslikane umjetni\u010dke zidne slike na platnu. Prodaja reprodukcija poznatih slikara, izrada slika po naru\u0111bi i okviri za slike.\",\"breadcrumb\":{\"@id\":\"https:\/\/svetslik.si\/hr\/slike-na-platnu-visedijelne\/zidna-slika-ho\/#breadcrumb\"},\"inLanguage\":\"hr\",\"potentialAction\":[{\"@type\":\"ReadAction\",\"target\":[\"https:\/\/svetslik.si\/hr\/slike-na-platnu-visedijelne\/zidna-slika-ho\/\"]}]},{\"@type\":\"ImageObject\",\"inLanguage\":\"hr\",\"@id\":\"https:\/\/svetslik.si\/hr\/slike-na-platnu-visedijelne\/zidna-slika-ho\/#primaryimage\",\"url\":\"https:\/\/svetslik.si\/wp-content\/uploads\/2023\/03\/stenska-slika-HO.png\",\"contentUrl\":\"https:\/\/svetslik.si\/wp-content\/uploads\/2023\/03\/stenska-slika-HO.png\",\"width\":1500,\"height\":552,\"caption\":\"slikomanija V1\"},{\"@type\":\"BreadcrumbList\",\"@id\":\"https:\/\/svetslik.si\/hr\/slike-na-platnu-visedijelne\/zidna-slika-ho\/#breadcrumb\",\"itemListElement\":[{\"@type\":\"ListItem\",\"position\":1,\"name\":\"Umjetni\u010dke zidne slike na platnu\",\"item\":\"https:\/\/svetslik.si\/hr\/\"},{\"@type\":\"ListItem\",\"position\":2,\"name\":\"Prodaja slika\",\"item\":\"https:\/\/svetslik.si\/prodaja-slik\/\"},{\"@type\":\"ListItem\",\"position\":3,\"name\":\"slikomanija V1\"}]},{\"@type\":\"WebSite\",\"@id\":\"https:\/\/svetslik.si\/hr\/#website\",\"url\":\"https:\/\/svetslik.si\/hr\/\",\"name\":\"SVETSLIK.SI\",\"description\":\"100% ru\u010dno naslikane reprodukcije slika poznatih slikara in umjetni\u010dke zidne slike na platnu.\",\"publisher\":{\"@id\":\"https:\/\/svetslik.si\/hr\/#organization\"},\"potentialAction\":[{\"@type\":\"SearchAction\",\"target\":{\"@type\":\"EntryPoint\",\"urlTemplate\":\"https:\/\/svetslik.si\/hr\/?s={search_term_string}\"},\"query-input\":{\"@type\":\"PropertyValueSpecification\",\"valueRequired\":true,\"valueName\":\"search_term_string\"}}],\"inLanguage\":\"hr\"},{\"@type\":\"Organization\",\"@id\":\"https:\/\/svetslik.si\/hr\/#organization\",\"name\":\"SvetSlik.si\",\"url\":\"https:\/\/svetslik.si\/hr\/\",\"logo\":{\"@type\":\"ImageObject\",\"inLanguage\":\"hr\",\"@id\":\"https:\/\/svetslik.si\/hr\/#\/schema\/logo\/image\/\",\"url\":\"https:\/\/svetslik.si\/wp-content\/uploads\/2020\/12\/logo-512.png\",\"contentUrl\":\"https:\/\/svetslik.si\/wp-content\/uploads\/2020\/12\/logo-512.png\",\"width\":512,\"height\":512,\"caption\":\"SvetSlik.si\"},\"image\":{\"@id\":\"https:\/\/svetslik.si\/hr\/#\/schema\/logo\/image\/\"},\"sameAs\":[\"https:\/\/www.facebook.com\/svetslik.si\",\"https:\/\/x.com\/svetslik\",\"https:\/\/www.instagram.com\/svetslik.si\/\",\"https:\/\/www.linkedin.com\/company\/svetslik-si\"]}]}<\/script>\n<meta property=\"og:availability\" content=\"instock\" \/>\n<meta property=\"product:availability\" content=\"instock\" \/>\n<meta property=\"product:retailer_item_id\" content=\"1103__-1\" \/>\n<meta property=\"product:condition\" content=\"new\" \/>\n<!-- \/ Yoast SEO Premium plugin. -->","yoast_head_json":{"title":"slikomanija V1 - SVETSLIK.SI - 100% ru\u010dno naslikano","description":"slikomanija V1 - 100 % ru\u010dno naslikane umjetni\u010dke zidne slike na platnu. Prodaja reprodukcija poznatih slikara, izrada slika po naru\u0111bi i okviri za slike.","robots":{"index":"index","follow":"follow","max-snippet":"max-snippet:-1","max-image-preview":"max-image-preview:large","max-video-preview":"max-video-preview:-1"},"canonical":"https:\/\/svetslik.si\/hr\/slike-na-platnu-visedijelne\/zidna-slika-ho\/","og_locale":"hr_HR","og_type":"article","og_title":"slikomanija V1","og_description":"100% ro\u010dno naslikane slike na platnu, reprodukcije znanih slikarjev in umetni\u0161ke slike po naro\u010dilu.","og_url":"https:\/\/svetslik.si\/hr\/slike-na-platnu-visedijelne\/zidna-slika-ho\/","og_site_name":"SVETSLIK.SI","article_publisher":"https:\/\/www.facebook.com\/svetslik.si","article_modified_time":"2026-03-22T13:48:46+00:00","og_image":[{"width":1500,"height":552,"url":"https:\/\/svetslik.si\/wp-content\/uploads\/2023\/03\/stenska-slika-HO.png","type":"image\/png"}],"twitter_card":"summary_large_image","twitter_site":"@svetslik","twitter_misc":{"Availability":"Na zalihi"},"schema":{"@context":"https:\/\/schema.org","@graph":[{"@type":["WebPage","ItemPage"],"@id":"https:\/\/svetslik.si\/hr\/slike-na-platnu-visedijelne\/zidna-slika-ho\/","url":"https:\/\/svetslik.si\/hr\/slike-na-platnu-visedijelne\/zidna-slika-ho\/","name":"slikomanija V1 - SVETSLIK.SI - 100% ru\u010dno naslikano","isPartOf":{"@id":"https:\/\/svetslik.si\/hr\/#website"},"primaryImageOfPage":{"@id":"https:\/\/svetslik.si\/hr\/slike-na-platnu-visedijelne\/zidna-slika-ho\/#primaryimage"},"image":{"@id":"https:\/\/svetslik.si\/hr\/slike-na-platnu-visedijelne\/zidna-slika-ho\/#primaryimage"},"thumbnailUrl":"https:\/\/svetslik.si\/wp-content\/uploads\/2023\/03\/stenska-slika-HO.png","datePublished":"2023-03-01T13:50:32+00:00","dateModified":"2026-03-22T13:48:46+00:00","description":"slikomanija V1 - 100 % ru\u010dno naslikane umjetni\u010dke zidne slike na platnu. Prodaja reprodukcija poznatih slikara, izrada slika po naru\u0111bi i okviri za slike.","breadcrumb":{"@id":"https:\/\/svetslik.si\/hr\/slike-na-platnu-visedijelne\/zidna-slika-ho\/#breadcrumb"},"inLanguage":"hr","potentialAction":[{"@type":"ReadAction","target":["https:\/\/svetslik.si\/hr\/slike-na-platnu-visedijelne\/zidna-slika-ho\/"]}]},{"@type":"ImageObject","inLanguage":"hr","@id":"https:\/\/svetslik.si\/hr\/slike-na-platnu-visedijelne\/zidna-slika-ho\/#primaryimage","url":"https:\/\/svetslik.si\/wp-content\/uploads\/2023\/03\/stenska-slika-HO.png","contentUrl":"https:\/\/svetslik.si\/wp-content\/uploads\/2023\/03\/stenska-slika-HO.png","width":1500,"height":552,"caption":"slikomanija V1"},{"@type":"BreadcrumbList","@id":"https:\/\/svetslik.si\/hr\/slike-na-platnu-visedijelne\/zidna-slika-ho\/#breadcrumb","itemListElement":[{"@type":"ListItem","position":1,"name":"Umjetni\u010dke zidne slike na platnu","item":"https:\/\/svetslik.si\/hr\/"},{"@type":"ListItem","position":2,"name":"Prodaja slika","item":"https:\/\/svetslik.si\/prodaja-slik\/"},{"@type":"ListItem","position":3,"name":"slikomanija V1"}]},{"@type":"WebSite","@id":"https:\/\/svetslik.si\/hr\/#website","url":"https:\/\/svetslik.si\/hr\/","name":"SVETSLIK.SI","description":"100% ru\u010dno naslikane reprodukcije slika poznatih slikara in umjetni\u010dke zidne slike na platnu.","publisher":{"@id":"https:\/\/svetslik.si\/hr\/#organization"},"potentialAction":[{"@type":"SearchAction","target":{"@type":"EntryPoint","urlTemplate":"https:\/\/svetslik.si\/hr\/?s={search_term_string}"},"query-input":{"@type":"PropertyValueSpecification","valueRequired":true,"valueName":"search_term_string"}}],"inLanguage":"hr"},{"@type":"Organization","@id":"https:\/\/svetslik.si\/hr\/#organization","name":"SvetSlik.si","url":"https:\/\/svetslik.si\/hr\/","logo":{"@type":"ImageObject","inLanguage":"hr","@id":"https:\/\/svetslik.si\/hr\/#\/schema\/logo\/image\/","url":"https:\/\/svetslik.si\/wp-content\/uploads\/2020\/12\/logo-512.png","contentUrl":"https:\/\/svetslik.si\/wp-content\/uploads\/2020\/12\/logo-512.png","width":512,"height":512,"caption":"SvetSlik.si"},"image":{"@id":"https:\/\/svetslik.si\/hr\/#\/schema\/logo\/image\/"},"sameAs":["https:\/\/www.facebook.com\/svetslik.si","https:\/\/x.com\/svetslik","https:\/\/www.instagram.com\/svetslik.si\/","https:\/\/www.linkedin.com\/company\/svetslik-si"]}]},"og_availability":"instock","product_availability":"instock","product_retailer_item_id":"1103__-1","product_condition":"new"},"jetpack_sharing_enabled":true,"_links":{"self":[{"href":"https:\/\/svetslik.si\/hr\/wp-json\/wp\/v2\/product\/33343","targetHints":{"allow":["GET"]}}],"collection":[{"href":"https:\/\/svetslik.si\/hr\/wp-json\/wp\/v2\/product"}],"about":[{"href":"https:\/\/svetslik.si\/hr\/wp-json\/wp\/v2\/types\/product"}],"wp:featuredmedia":[{"embeddable":true,"href":"https:\/\/svetslik.si\/hr\/wp-json\/wp\/v2\/media\/22145"}],"wp:attachment":[{"href":"https:\/\/svetslik.si\/hr\/wp-json\/wp\/v2\/media?parent=33343"}],"wp:term":[{"taxonomy":"product_brand","embeddable":true,"href":"https:\/\/svetslik.si\/hr\/wp-json\/wp\/v2\/product_brand?post=33343"},{"taxonomy":"product_cat","embeddable":true,"href":"https:\/\/svetslik.si\/hr\/wp-json\/wp\/v2\/product_cat?post=33343"},{"taxonomy":"product_tag","embeddable":true,"href":"https:\/\/svetslik.si\/hr\/wp-json\/wp\/v2\/product_tag?post=33343"}],"curies":[{"name":"wp","href":"https:\/\/api.w.org\/{rel}","templated":true}]}}