{"id":33418,"date":"2023-03-06T15:51:03","date_gmt":"2023-03-06T14:51:03","guid":{"rendered":"https:\/\/svetslik.si\/uncategorized\/moderne-slike-w34\/"},"modified":"2026-03-22T14:48:46","modified_gmt":"2026-03-22T13:48:46","slug":"moderne-slike-za-zid-w34","status":"publish","type":"product","link":"https:\/\/svetslik.si\/hr\/slike-na-platnu-visedijelne\/moderne-slike-za-zid-w34\/","title":{"rendered":"Moderne slike za zid &#8211; W34"},"content":{"rendered":"<div class=\"wpb-content-wrapper\">[vc_row css=&#8221;.vc_custom_1755590326765{margin-bottom: 10px !important;}&#8221;][vc_column]\t<div class=\"et-image-529 et-image     et_image_link\">\n\t\t<div class=\"et-image-inner \">\n\t\t\t\t\t\t\t<div class=\"et-image-thumb \">\n\t\t\t\t\t<img decoding=\"async\" width=\"800\" height=\"800\" src=\"https:\/\/svetslik.si\/wp-content\/uploads\/2023\/03\/Slike-na-platnu-W34.jpg\" class=\"attachment-full\" alt=\"Moderne slike - W34\" title=\"Moderne slike - W34\" srcset=\"https:\/\/svetslik.si\/wp-content\/uploads\/2023\/03\/Slike-na-platnu-W34.jpg 800w, https:\/\/svetslik.si\/wp-content\/uploads\/2023\/03\/Slike-na-platnu-W34-600x600.jpg 600w, https:\/\/svetslik.si\/wp-content\/uploads\/2023\/03\/Slike-na-platnu-W34-100x100.jpg 100w, https:\/\/svetslik.si\/wp-content\/uploads\/2023\/03\/Slike-na-platnu-W34-300x300.jpg 300w, https:\/\/svetslik.si\/wp-content\/uploads\/2023\/03\/Slike-na-platnu-W34-150x150.jpg 150w, https:\/\/svetslik.si\/wp-content\/uploads\/2023\/03\/Slike-na-platnu-W34-768x768.jpg 768w, https:\/\/svetslik.si\/wp-content\/uploads\/2023\/03\/Slike-na-platnu-W34-12x12.jpg 12w\" sizes=\"(max-width: 800px) 100vw, 800px\" \/>\t\t\t\t<\/div>\n\t\t\t\t\t\t\t\t\t\t\t<\/div>\n\t<\/div>\n  [\/vc_column][\/vc_row][vc_row css=&#8221;.vc_custom_1755590326765{margin-bottom: 10px !important;}&#8221;][vc_column]\t<div class=\"et-image-175 et-image     et_image_link\">\n\t\t<div class=\"et-image-inner \">\n\t\t\t\t\t\t\t<div class=\"et-image-thumb \">\n\t\t\t\t\t<img decoding=\"async\" width=\"1500\" height=\"889\" src=\"https:\/\/svetslik.si\/wp-content\/uploads\/2023\/03\/Moderne-slike-\u2013-W34-2.jpg\" class=\"attachment-full\" alt=\"Moderne slike za zid - W34\" title=\"Moderne slike za zid - W34\" srcset=\"https:\/\/svetslik.si\/wp-content\/uploads\/2023\/03\/Moderne-slike-\u2013-W34-2.jpg 1500w, https:\/\/svetslik.si\/wp-content\/uploads\/2023\/03\/Moderne-slike-\u2013-W34-2-600x356.jpg 600w, https:\/\/svetslik.si\/wp-content\/uploads\/2023\/03\/Moderne-slike-\u2013-W34-2-1200x711.jpg 1200w, https:\/\/svetslik.si\/wp-content\/uploads\/2023\/03\/Moderne-slike-\u2013-W34-2-300x178.jpg 300w, https:\/\/svetslik.si\/wp-content\/uploads\/2023\/03\/Moderne-slike-\u2013-W34-2-1024x607.jpg 1024w, https:\/\/svetslik.si\/wp-content\/uploads\/2023\/03\/Moderne-slike-\u2013-W34-2-768x455.jpg 768w, https:\/\/svetslik.si\/wp-content\/uploads\/2023\/03\/Moderne-slike-\u2013-W34-2-150x89.jpg 150w\" sizes=\"(max-width: 1500px) 100vw, 1500px\" \/>\t\t\t\t<\/div>\n\t\t\t\t\t\t\t\t\t\t\t<\/div>\n\t<\/div>\n  [\/vc_column][\/vc_row][vc_row css=&#8221;.vc_custom_1755590326765{margin-bottom: 10px !important;}&#8221;][vc_column]\t<div class=\"et-image-305 et-image     et_image_link\">\n\t\t<div class=\"et-image-inner \">\n\t\t\t\t\t\t\t<div class=\"et-image-thumb \">\n\t\t\t\t\t<img decoding=\"async\" width=\"1500\" height=\"1269\" src=\"https:\/\/svetslik.si\/wp-content\/uploads\/2023\/03\/Moderne-slike-\u2013-W34.jpg\" class=\"attachment-full\" alt=\"Moderne slike za zid - W34\" title=\"Moderne slike za zid - W34\" srcset=\"https:\/\/svetslik.si\/wp-content\/uploads\/2023\/03\/Moderne-slike-\u2013-W34.jpg 1500w, https:\/\/svetslik.si\/wp-content\/uploads\/2023\/03\/Moderne-slike-\u2013-W34-600x508.jpg 600w, https:\/\/svetslik.si\/wp-content\/uploads\/2023\/03\/Moderne-slike-\u2013-W34-1200x1015.jpg 1200w, https:\/\/svetslik.si\/wp-content\/uploads\/2023\/03\/Moderne-slike-\u2013-W34-300x254.jpg 300w, https:\/\/svetslik.si\/wp-content\/uploads\/2023\/03\/Moderne-slike-\u2013-W34-1024x866.jpg 1024w, https:\/\/svetslik.si\/wp-content\/uploads\/2023\/03\/Moderne-slike-\u2013-W34-768x650.jpg 768w, https:\/\/svetslik.si\/wp-content\/uploads\/2023\/03\/Moderne-slike-\u2013-W34-150x127.jpg 150w\" sizes=\"(max-width: 1500px) 100vw, 1500px\" \/>\t\t\t\t<\/div>\n\t\t\t\t\t\t\t\t\t\t\t<\/div>\n\t<\/div>\n  [\/vc_column][\/vc_row][vc_row css=&#8221;.vc_custom_1755590326765{margin-bottom: 10px !important;}&#8221;][vc_column]\t<div class=\"et-image-49 et-image     et_image_link\">\n\t\t<div class=\"et-image-inner \">\n\t\t\t\t\t\t\t<div class=\"et-image-thumb \">\n\t\t\t\t\t<img decoding=\"async\" width=\"1500\" height=\"1086\" src=\"https:\/\/svetslik.si\/wp-content\/uploads\/2023\/03\/Moderne-slike-\u2013-W34-5.jpg\" class=\"attachment-full\" alt=\"Moderne slike za zid - W34\" title=\"Moderne slike za zid - W34\" srcset=\"https:\/\/svetslik.si\/wp-content\/uploads\/2023\/03\/Moderne-slike-\u2013-W34-5.jpg 1500w, https:\/\/svetslik.si\/wp-content\/uploads\/2023\/03\/Moderne-slike-\u2013-W34-5-600x434.jpg 600w, https:\/\/svetslik.si\/wp-content\/uploads\/2023\/03\/Moderne-slike-\u2013-W34-5-1200x869.jpg 1200w, https:\/\/svetslik.si\/wp-content\/uploads\/2023\/03\/Moderne-slike-\u2013-W34-5-300x217.jpg 300w, https:\/\/svetslik.si\/wp-content\/uploads\/2023\/03\/Moderne-slike-\u2013-W34-5-1024x741.jpg 1024w, https:\/\/svetslik.si\/wp-content\/uploads\/2023\/03\/Moderne-slike-\u2013-W34-5-768x556.jpg 768w, https:\/\/svetslik.si\/wp-content\/uploads\/2023\/03\/Moderne-slike-\u2013-W34-5-150x109.jpg 150w\" sizes=\"(max-width: 1500px) 100vw, 1500px\" \/>\t\t\t\t<\/div>\n\t\t\t\t\t\t\t\t\t\t\t<\/div>\n\t<\/div>\n  [\/vc_column][\/vc_row][vc_row css=&#8221;.vc_custom_1755590326765{margin-bottom: 10px !important;}&#8221;][vc_column]\t<div class=\"et-image-594 et-image     et_image_link\">\n\t\t<div class=\"et-image-inner \">\n\t\t\t\t\t\t\t<div class=\"et-image-thumb \">\n\t\t\t\t\t<img decoding=\"async\" width=\"1500\" height=\"1125\" src=\"https:\/\/svetslik.si\/wp-content\/uploads\/2023\/03\/Moderne-slike-\u2013-W34-1.jpg\" class=\"attachment-full\" alt=\"Moderne slike za zid - W34\" title=\"Moderne slike za zid - W34\" srcset=\"https:\/\/svetslik.si\/wp-content\/uploads\/2023\/03\/Moderne-slike-\u2013-W34-1.jpg 1500w, https:\/\/svetslik.si\/wp-content\/uploads\/2023\/03\/Moderne-slike-\u2013-W34-1-600x450.jpg 600w, https:\/\/svetslik.si\/wp-content\/uploads\/2023\/03\/Moderne-slike-\u2013-W34-1-1200x900.jpg 1200w, https:\/\/svetslik.si\/wp-content\/uploads\/2023\/03\/Moderne-slike-\u2013-W34-1-300x225.jpg 300w, https:\/\/svetslik.si\/wp-content\/uploads\/2023\/03\/Moderne-slike-\u2013-W34-1-1024x768.jpg 1024w, https:\/\/svetslik.si\/wp-content\/uploads\/2023\/03\/Moderne-slike-\u2013-W34-1-768x576.jpg 768w, https:\/\/svetslik.si\/wp-content\/uploads\/2023\/03\/Moderne-slike-\u2013-W34-1-150x113.jpg 150w\" sizes=\"(max-width: 1500px) 100vw, 1500px\" \/>\t\t\t\t<\/div>\n\t\t\t\t\t\t\t\t\t\t\t<\/div>\n\t<\/div>\n  [\/vc_column][\/vc_row][vc_row][\/vc_row][vc_column][\/vc_column][vc_column_text]\n[\/vc_column_text]\n<div>\n<p>Ukupna dimenzija slike: 120 cm x 60 cm (3 x 40 cm x 60 cm)<\/p>\n<p>Ukupna dimenzija slike: 165 cm x 83 cm (3 x 55 cm x 83 cm)<\/p>\n<p>Ukupna dimenzija slike: 210 cm x 100 cm (3 x 70 cm x 100 cm)<\/p>\n<\/div>\n<\/div>","protected":false},"excerpt":{"rendered":"<p>[vc_row css=&#8221;.vc_custom_1755590326765{margin-bottom: 10px !important;}&#8221;][vc_column][\/vc_column][\/vc_row][vc_row css=&#8221;.vc_custom_1755590326765{margin-bottom: 10px !important;}&#8221;][vc_column][\/vc_column][\/vc_row][vc_row css=&#8221;.vc_custom_1755590326765{margin-bottom: 10px !important;}&#8221;][vc_column][\/vc_column][\/vc_row][vc_row css=&#8221;.vc_custom_1755590326765{margin-bottom: 10px !important;}&#8221;][vc_column][\/vc_column][\/vc_row][vc_row css=&#8221;.vc_custom_1755590326765{margin-bottom: 10px !important;}&#8221;][vc_column][\/vc_column][\/vc_row][vc_row][\/vc_row][vc_column][\/vc_column][vc_column_text] [\/vc_column_text] Ukupna dimenzija slike: 120 cm x 60 cm (3 x 40 cm x 60 cm) Ukupna dimenzija slike: 165 cm x 83 cm (3 x 55 cm x 83 cm) Ukupna dimenzija slike: [&hellip;]<\/p>\n","protected":false},"featured_media":22339,"template":"","meta":{"_acf_changed":false},"product_brand":[],"product_cat":[3385],"product_tag":[3399,3405,3408,3409,3410,3412,3416,3417,3415],"class_list":{"0":"post-33418","1":"product","2":"type-product","3":"status-publish","4":"has-post-thumbnail","6":"product_cat-slike-na-platnu-visedijelne","7":"product_tag-apstraktne-slike","8":"product_tag-moderne-slike-hr","9":"product_tag-prodaja-slika","10":"product_tag-slike-na-platnu-hr","11":"product_tag-slike-za-dnevni-boravak","12":"product_tag-slike-za-dnevni-boravak-hr","13":"product_tag-umjetnicke-slike","14":"product_tag-visedijelne-slike","15":"product_tag-zidne-slike","16":"pa_dimenzija-120-x-60-cm-hr","17":"pa_dimenzija-150-x-80-cm-hr","18":"pa_dimenzija-165-x-80-cm-hr","19":"pa_dimenzija-210-x-100-cm-hr","20":"pa_oblika-horizontalno","21":"pa_pod-okvir-ukljuceno-u-cjenu","22":"pa_podokvir-bez-podokvira","23":"pa_podokvir-sa-podokvirom","25":"first","26":"onbackorder","27":"purchasable","28":"product-type-variable","29":"has-default-attributes"},"acf":[],"yoast_head":"<!-- This site is optimized with the Yoast SEO Premium plugin v26.0 (Yoast SEO v27.2) - https:\/\/yoast.com\/product\/yoast-seo-premium-wordpress\/ -->\n<title>Moderne slike za zid - W34 - SVETSLIK.SI - 100% ru\u010dno naslikano<\/title>\n<meta name=\"description\" content=\"Moderne slike za zid - W34 - 100 % ru\u010dno naslikane umjetni\u010dke zidne slike na platnu. Prodaja reprodukcija poznatih slikara, izrada slika po naru\u0111bi i okviri za slike.\" \/>\n<meta name=\"robots\" content=\"index, follow, max-snippet:-1, max-image-preview:large, max-video-preview:-1\" \/>\n<link rel=\"canonical\" href=\"https:\/\/svetslik.si\/hr\/slike-na-platnu-visedijelne\/moderne-slike-za-zid-w34\/\" \/>\n<meta property=\"og:locale\" content=\"hr_HR\" \/>\n<meta property=\"og:type\" content=\"article\" \/>\n<meta property=\"og:title\" content=\"Moderne slike za zid - W34\" \/>\n<meta property=\"og:description\" content=\"100% ro\u010dno naslikane slike na platnu, reprodukcije znanih slikarjev in umetni\u0161ke slike po naro\u010dilu.\" \/>\n<meta property=\"og:url\" content=\"https:\/\/svetslik.si\/hr\/slike-na-platnu-visedijelne\/moderne-slike-za-zid-w34\/\" \/>\n<meta property=\"og:site_name\" content=\"SVETSLIK.SI\" \/>\n<meta property=\"article:publisher\" content=\"https:\/\/www.facebook.com\/svetslik.si\" \/>\n<meta property=\"article:modified_time\" content=\"2026-03-22T13:48:46+00:00\" \/>\n<meta property=\"og:image\" content=\"https:\/\/svetslik.si\/wp-content\/uploads\/2023\/03\/slike-na-platnu-W34.png\" \/>\n\t<meta property=\"og:image:width\" content=\"900\" \/>\n\t<meta property=\"og:image:height\" content=\"391\" \/>\n\t<meta property=\"og:image:type\" content=\"image\/png\" \/>\n<meta name=\"twitter:card\" content=\"summary_large_image\" \/>\n<meta name=\"twitter:site\" content=\"@svetslik\" \/>\n<meta name=\"twitter:label1\" content=\"Availability\" \/>\n\t<meta name=\"twitter:data1\" content=\"On backorder\" \/>\n<script type=\"application\/ld+json\" class=\"yoast-schema-graph\">{\"@context\":\"https:\/\/schema.org\",\"@graph\":[{\"@type\":[\"WebPage\",\"ItemPage\"],\"@id\":\"https:\/\/svetslik.si\/hr\/slike-na-platnu-visedijelne\/moderne-slike-za-zid-w34\/\",\"url\":\"https:\/\/svetslik.si\/hr\/slike-na-platnu-visedijelne\/moderne-slike-za-zid-w34\/\",\"name\":\"Moderne slike za zid - W34 - SVETSLIK.SI - 100% ru\u010dno naslikano\",\"isPartOf\":{\"@id\":\"https:\/\/svetslik.si\/hr\/#website\"},\"primaryImageOfPage\":{\"@id\":\"https:\/\/svetslik.si\/hr\/slike-na-platnu-visedijelne\/moderne-slike-za-zid-w34\/#primaryimage\"},\"image\":{\"@id\":\"https:\/\/svetslik.si\/hr\/slike-na-platnu-visedijelne\/moderne-slike-za-zid-w34\/#primaryimage\"},\"thumbnailUrl\":\"https:\/\/svetslik.si\/wp-content\/uploads\/2023\/03\/slike-na-platnu-W34.png\",\"datePublished\":\"2023-03-06T14:51:03+00:00\",\"dateModified\":\"2026-03-22T13:48:46+00:00\",\"description\":\"Moderne slike za zid - W34 - 100 % ru\u010dno naslikane umjetni\u010dke zidne slike na platnu. Prodaja reprodukcija poznatih slikara, izrada slika po naru\u0111bi i okviri za slike.\",\"breadcrumb\":{\"@id\":\"https:\/\/svetslik.si\/hr\/slike-na-platnu-visedijelne\/moderne-slike-za-zid-w34\/#breadcrumb\"},\"inLanguage\":\"hr\",\"potentialAction\":[{\"@type\":\"ReadAction\",\"target\":[\"https:\/\/svetslik.si\/hr\/slike-na-platnu-visedijelne\/moderne-slike-za-zid-w34\/\"]}]},{\"@type\":\"ImageObject\",\"inLanguage\":\"hr\",\"@id\":\"https:\/\/svetslik.si\/hr\/slike-na-platnu-visedijelne\/moderne-slike-za-zid-w34\/#primaryimage\",\"url\":\"https:\/\/svetslik.si\/wp-content\/uploads\/2023\/03\/slike-na-platnu-W34.png\",\"contentUrl\":\"https:\/\/svetslik.si\/wp-content\/uploads\/2023\/03\/slike-na-platnu-W34.png\",\"width\":900,\"height\":391,\"caption\":\"Moderne slike - W34\"},{\"@type\":\"BreadcrumbList\",\"@id\":\"https:\/\/svetslik.si\/hr\/slike-na-platnu-visedijelne\/moderne-slike-za-zid-w34\/#breadcrumb\",\"itemListElement\":[{\"@type\":\"ListItem\",\"position\":1,\"name\":\"Umjetni\u010dke zidne slike na platnu\",\"item\":\"https:\/\/svetslik.si\/hr\/\"},{\"@type\":\"ListItem\",\"position\":2,\"name\":\"Prodaja slika\",\"item\":\"https:\/\/svetslik.si\/prodaja-slik\/\"},{\"@type\":\"ListItem\",\"position\":3,\"name\":\"Moderne slike za zid &#8211; W34\"}]},{\"@type\":\"WebSite\",\"@id\":\"https:\/\/svetslik.si\/hr\/#website\",\"url\":\"https:\/\/svetslik.si\/hr\/\",\"name\":\"SVETSLIK.SI\",\"description\":\"100% ru\u010dno naslikane reprodukcije slika poznatih slikara in umjetni\u010dke zidne slike na platnu.\",\"publisher\":{\"@id\":\"https:\/\/svetslik.si\/hr\/#organization\"},\"potentialAction\":[{\"@type\":\"SearchAction\",\"target\":{\"@type\":\"EntryPoint\",\"urlTemplate\":\"https:\/\/svetslik.si\/hr\/?s={search_term_string}\"},\"query-input\":{\"@type\":\"PropertyValueSpecification\",\"valueRequired\":true,\"valueName\":\"search_term_string\"}}],\"inLanguage\":\"hr\"},{\"@type\":\"Organization\",\"@id\":\"https:\/\/svetslik.si\/hr\/#organization\",\"name\":\"SvetSlik.si\",\"url\":\"https:\/\/svetslik.si\/hr\/\",\"logo\":{\"@type\":\"ImageObject\",\"inLanguage\":\"hr\",\"@id\":\"https:\/\/svetslik.si\/hr\/#\/schema\/logo\/image\/\",\"url\":\"https:\/\/svetslik.si\/wp-content\/uploads\/2020\/12\/logo-512.png\",\"contentUrl\":\"https:\/\/svetslik.si\/wp-content\/uploads\/2020\/12\/logo-512.png\",\"width\":512,\"height\":512,\"caption\":\"SvetSlik.si\"},\"image\":{\"@id\":\"https:\/\/svetslik.si\/hr\/#\/schema\/logo\/image\/\"},\"sameAs\":[\"https:\/\/www.facebook.com\/svetslik.si\",\"https:\/\/x.com\/svetslik\",\"https:\/\/www.instagram.com\/svetslik.si\/\",\"https:\/\/www.linkedin.com\/company\/svetslik-si\"]}]}<\/script>\n<meta property=\"og:availability\" content=\"backorder\" \/>\n<meta property=\"product:availability\" content=\"available for order\" \/>\n<meta property=\"product:retailer_item_id\" content=\"1036__-1-1\" \/>\n<meta property=\"product:condition\" content=\"new\" \/>\n<!-- \/ Yoast SEO Premium plugin. -->","yoast_head_json":{"title":"Moderne slike za zid - W34 - SVETSLIK.SI - 100% ru\u010dno naslikano","description":"Moderne slike za zid - W34 - 100 % ru\u010dno naslikane umjetni\u010dke zidne slike na platnu. Prodaja reprodukcija poznatih slikara, izrada slika po naru\u0111bi i okviri za slike.","robots":{"index":"index","follow":"follow","max-snippet":"max-snippet:-1","max-image-preview":"max-image-preview:large","max-video-preview":"max-video-preview:-1"},"canonical":"https:\/\/svetslik.si\/hr\/slike-na-platnu-visedijelne\/moderne-slike-za-zid-w34\/","og_locale":"hr_HR","og_type":"article","og_title":"Moderne slike za zid - W34","og_description":"100% ro\u010dno naslikane slike na platnu, reprodukcije znanih slikarjev in umetni\u0161ke slike po naro\u010dilu.","og_url":"https:\/\/svetslik.si\/hr\/slike-na-platnu-visedijelne\/moderne-slike-za-zid-w34\/","og_site_name":"SVETSLIK.SI","article_publisher":"https:\/\/www.facebook.com\/svetslik.si","article_modified_time":"2026-03-22T13:48:46+00:00","og_image":[{"width":900,"height":391,"url":"https:\/\/svetslik.si\/wp-content\/uploads\/2023\/03\/slike-na-platnu-W34.png","type":"image\/png"}],"twitter_card":"summary_large_image","twitter_site":"@svetslik","twitter_misc":{"Availability":"On backorder"},"schema":{"@context":"https:\/\/schema.org","@graph":[{"@type":["WebPage","ItemPage"],"@id":"https:\/\/svetslik.si\/hr\/slike-na-platnu-visedijelne\/moderne-slike-za-zid-w34\/","url":"https:\/\/svetslik.si\/hr\/slike-na-platnu-visedijelne\/moderne-slike-za-zid-w34\/","name":"Moderne slike za zid - W34 - SVETSLIK.SI - 100% ru\u010dno naslikano","isPartOf":{"@id":"https:\/\/svetslik.si\/hr\/#website"},"primaryImageOfPage":{"@id":"https:\/\/svetslik.si\/hr\/slike-na-platnu-visedijelne\/moderne-slike-za-zid-w34\/#primaryimage"},"image":{"@id":"https:\/\/svetslik.si\/hr\/slike-na-platnu-visedijelne\/moderne-slike-za-zid-w34\/#primaryimage"},"thumbnailUrl":"https:\/\/svetslik.si\/wp-content\/uploads\/2023\/03\/slike-na-platnu-W34.png","datePublished":"2023-03-06T14:51:03+00:00","dateModified":"2026-03-22T13:48:46+00:00","description":"Moderne slike za zid - W34 - 100 % ru\u010dno naslikane umjetni\u010dke zidne slike na platnu. Prodaja reprodukcija poznatih slikara, izrada slika po naru\u0111bi i okviri za slike.","breadcrumb":{"@id":"https:\/\/svetslik.si\/hr\/slike-na-platnu-visedijelne\/moderne-slike-za-zid-w34\/#breadcrumb"},"inLanguage":"hr","potentialAction":[{"@type":"ReadAction","target":["https:\/\/svetslik.si\/hr\/slike-na-platnu-visedijelne\/moderne-slike-za-zid-w34\/"]}]},{"@type":"ImageObject","inLanguage":"hr","@id":"https:\/\/svetslik.si\/hr\/slike-na-platnu-visedijelne\/moderne-slike-za-zid-w34\/#primaryimage","url":"https:\/\/svetslik.si\/wp-content\/uploads\/2023\/03\/slike-na-platnu-W34.png","contentUrl":"https:\/\/svetslik.si\/wp-content\/uploads\/2023\/03\/slike-na-platnu-W34.png","width":900,"height":391,"caption":"Moderne slike - W34"},{"@type":"BreadcrumbList","@id":"https:\/\/svetslik.si\/hr\/slike-na-platnu-visedijelne\/moderne-slike-za-zid-w34\/#breadcrumb","itemListElement":[{"@type":"ListItem","position":1,"name":"Umjetni\u010dke zidne slike na platnu","item":"https:\/\/svetslik.si\/hr\/"},{"@type":"ListItem","position":2,"name":"Prodaja slika","item":"https:\/\/svetslik.si\/prodaja-slik\/"},{"@type":"ListItem","position":3,"name":"Moderne slike za zid &#8211; W34"}]},{"@type":"WebSite","@id":"https:\/\/svetslik.si\/hr\/#website","url":"https:\/\/svetslik.si\/hr\/","name":"SVETSLIK.SI","description":"100% ru\u010dno naslikane reprodukcije slika poznatih slikara in umjetni\u010dke zidne slike na platnu.","publisher":{"@id":"https:\/\/svetslik.si\/hr\/#organization"},"potentialAction":[{"@type":"SearchAction","target":{"@type":"EntryPoint","urlTemplate":"https:\/\/svetslik.si\/hr\/?s={search_term_string}"},"query-input":{"@type":"PropertyValueSpecification","valueRequired":true,"valueName":"search_term_string"}}],"inLanguage":"hr"},{"@type":"Organization","@id":"https:\/\/svetslik.si\/hr\/#organization","name":"SvetSlik.si","url":"https:\/\/svetslik.si\/hr\/","logo":{"@type":"ImageObject","inLanguage":"hr","@id":"https:\/\/svetslik.si\/hr\/#\/schema\/logo\/image\/","url":"https:\/\/svetslik.si\/wp-content\/uploads\/2020\/12\/logo-512.png","contentUrl":"https:\/\/svetslik.si\/wp-content\/uploads\/2020\/12\/logo-512.png","width":512,"height":512,"caption":"SvetSlik.si"},"image":{"@id":"https:\/\/svetslik.si\/hr\/#\/schema\/logo\/image\/"},"sameAs":["https:\/\/www.facebook.com\/svetslik.si","https:\/\/x.com\/svetslik","https:\/\/www.instagram.com\/svetslik.si\/","https:\/\/www.linkedin.com\/company\/svetslik-si"]}]},"og_availability":"backorder","product_availability":"available for order","product_retailer_item_id":"1036__-1-1","product_condition":"new"},"jetpack_sharing_enabled":true,"_links":{"self":[{"href":"https:\/\/svetslik.si\/hr\/wp-json\/wp\/v2\/product\/33418","targetHints":{"allow":["GET"]}}],"collection":[{"href":"https:\/\/svetslik.si\/hr\/wp-json\/wp\/v2\/product"}],"about":[{"href":"https:\/\/svetslik.si\/hr\/wp-json\/wp\/v2\/types\/product"}],"wp:featuredmedia":[{"embeddable":true,"href":"https:\/\/svetslik.si\/hr\/wp-json\/wp\/v2\/media\/22339"}],"wp:attachment":[{"href":"https:\/\/svetslik.si\/hr\/wp-json\/wp\/v2\/media?parent=33418"}],"wp:term":[{"taxonomy":"product_brand","embeddable":true,"href":"https:\/\/svetslik.si\/hr\/wp-json\/wp\/v2\/product_brand?post=33418"},{"taxonomy":"product_cat","embeddable":true,"href":"https:\/\/svetslik.si\/hr\/wp-json\/wp\/v2\/product_cat?post=33418"},{"taxonomy":"product_tag","embeddable":true,"href":"https:\/\/svetslik.si\/hr\/wp-json\/wp\/v2\/product_tag?post=33418"}],"curies":[{"name":"wp","href":"https:\/\/api.w.org\/{rel}","templated":true}]}}