{"id":33497,"date":"2023-03-07T08:04:27","date_gmt":"2023-03-07T07:04:27","guid":{"rendered":"https:\/\/svetslik.si\/uncategorized\/abstraktna-slika-w38\/"},"modified":"2024-07-11T14:23:30","modified_gmt":"2024-07-11T12:23:30","slug":"slike-za-zid-w38","status":"publish","type":"product","link":"https:\/\/svetslik.si\/hr\/slike-na-platnu-visedijelne\/slike-za-zid-w38\/","title":{"rendered":"Slike za zid &#8211; W38"},"content":{"rendered":"<div class=\"wpb-content-wrapper\">[vc_row css=&#8221;.vc_custom_1678118371009{margin-bottom: 10px !important;}&#8221;][vc_column]\t<div class=\"et-image-992 et-image     et_image_link\">\n\t\t<div class=\"et-image-inner \">\n\t\t\t\t\t\t\t<div class=\"et-image-thumb \">\n\t\t\t\t\t<img decoding=\"async\" width=\"1440\" height=\"1027\" src=\"https:\/\/svetslik.si\/wp-content\/uploads\/2023\/03\/abstraktna-slika-W38.jpg\" class=\"attachment-full\" alt=\"Apstraktna slika - W38\" title=\"Apstraktna slika - W38\" srcset=\"https:\/\/svetslik.si\/wp-content\/uploads\/2023\/03\/abstraktna-slika-W38.jpg 1440w, https:\/\/svetslik.si\/wp-content\/uploads\/2023\/03\/abstraktna-slika-W38-600x428.jpg 600w, https:\/\/svetslik.si\/wp-content\/uploads\/2023\/03\/abstraktna-slika-W38-1200x856.jpg 1200w, https:\/\/svetslik.si\/wp-content\/uploads\/2023\/03\/abstraktna-slika-W38-300x214.jpg 300w, https:\/\/svetslik.si\/wp-content\/uploads\/2023\/03\/abstraktna-slika-W38-1024x730.jpg 1024w, https:\/\/svetslik.si\/wp-content\/uploads\/2023\/03\/abstraktna-slika-W38-768x548.jpg 768w, https:\/\/svetslik.si\/wp-content\/uploads\/2023\/03\/abstraktna-slika-W38-18x12.jpg 18w, https:\/\/svetslik.si\/wp-content\/uploads\/2023\/03\/abstraktna-slika-W38-150x107.jpg 150w\" sizes=\"(max-width: 1440px) 100vw, 1440px\" \/>\t\t\t\t<\/div>\n\t\t\t\t\t\t\t\t\t\t\t<\/div>\n\t<\/div>\n  [\/vc_column][\/vc_row][vc_row css=&#8221;.vc_custom_1678118371009{margin-bottom: 10px !important;}&#8221;][vc_column]\t<div class=\"et-image-45 et-image     et_image_link\">\n\t\t<div class=\"et-image-inner \">\n\t\t\t\t\t\t\t<div class=\"et-image-thumb \">\n\t\t\t\t\t<img decoding=\"async\" width=\"1240\" height=\"884\" src=\"https:\/\/svetslik.si\/wp-content\/uploads\/2023\/03\/abstraktna-slika-W38a.jpg\" class=\"attachment-full\" alt=\"Apstraktna slika - W38\" title=\"Apstraktna slika - W38\" srcset=\"https:\/\/svetslik.si\/wp-content\/uploads\/2023\/03\/abstraktna-slika-W38a.jpg 1240w, https:\/\/svetslik.si\/wp-content\/uploads\/2023\/03\/abstraktna-slika-W38a-600x428.jpg 600w, https:\/\/svetslik.si\/wp-content\/uploads\/2023\/03\/abstraktna-slika-W38a-1200x855.jpg 1200w, https:\/\/svetslik.si\/wp-content\/uploads\/2023\/03\/abstraktna-slika-W38a-300x214.jpg 300w, https:\/\/svetslik.si\/wp-content\/uploads\/2023\/03\/abstraktna-slika-W38a-1024x730.jpg 1024w, https:\/\/svetslik.si\/wp-content\/uploads\/2023\/03\/abstraktna-slika-W38a-768x548.jpg 768w, https:\/\/svetslik.si\/wp-content\/uploads\/2023\/03\/abstraktna-slika-W38a-18x12.jpg 18w, https:\/\/svetslik.si\/wp-content\/uploads\/2023\/03\/abstraktna-slika-W38a-150x107.jpg 150w\" sizes=\"(max-width: 1240px) 100vw, 1240px\" \/>\t\t\t\t<\/div>\n\t\t\t\t\t\t\t\t\t\t\t<\/div>\n\t<\/div>\n  [\/vc_column][\/vc_row][vc_row css=&#8221;.vc_custom_1678118371009{margin-bottom: 10px !important;}&#8221;][vc_column]\t<div class=\"et-image-617 et-image     et_image_link\">\n\t\t<div class=\"et-image-inner \">\n\t\t\t\t\t\t\t<div class=\"et-image-thumb \">\n\t\t\t\t\t<img decoding=\"async\" width=\"1240\" height=\"884\" src=\"https:\/\/svetslik.si\/wp-content\/uploads\/2023\/03\/abstraktna-slika-W38b.jpg\" class=\"attachment-full\" alt=\"Apstraktna slika - W38\" title=\"Apstraktna slika - W38\" srcset=\"https:\/\/svetslik.si\/wp-content\/uploads\/2023\/03\/abstraktna-slika-W38b.jpg 1240w, https:\/\/svetslik.si\/wp-content\/uploads\/2023\/03\/abstraktna-slika-W38b-600x428.jpg 600w, https:\/\/svetslik.si\/wp-content\/uploads\/2023\/03\/abstraktna-slika-W38b-1200x855.jpg 1200w, https:\/\/svetslik.si\/wp-content\/uploads\/2023\/03\/abstraktna-slika-W38b-300x214.jpg 300w, https:\/\/svetslik.si\/wp-content\/uploads\/2023\/03\/abstraktna-slika-W38b-1024x730.jpg 1024w, https:\/\/svetslik.si\/wp-content\/uploads\/2023\/03\/abstraktna-slika-W38b-768x548.jpg 768w, https:\/\/svetslik.si\/wp-content\/uploads\/2023\/03\/abstraktna-slika-W38b-18x12.jpg 18w, https:\/\/svetslik.si\/wp-content\/uploads\/2023\/03\/abstraktna-slika-W38b-150x107.jpg 150w\" sizes=\"(max-width: 1240px) 100vw, 1240px\" \/>\t\t\t\t<\/div>\n\t\t\t\t\t\t\t\t\t\t\t<\/div>\n\t<\/div>\n  [\/vc_column][\/vc_row][vc_row][vc_column][vc_column_text]\n<p>Dimenzije slika:<br \/>\n50 cm\u00a0x 50 cm (150 cm\u00a0x 50 cm)<br \/>\n60 cm x 60 cm (180 cm x 60 cm)<br \/>\n80\u00a0cm x 80 cm (240 cm x 80 cm)<\/p>\n<\/div>","protected":false},"excerpt":{"rendered":"<p>[vc_row css=&#8221;.vc_custom_1678118371009{margin-bottom: 10px !important;}&#8221;][vc_column][\/vc_column][\/vc_row][vc_row css=&#8221;.vc_custom_1678118371009{margin-bottom: 10px !important;}&#8221;][vc_column][\/vc_column][\/vc_row][vc_row css=&#8221;.vc_custom_1678118371009{margin-bottom: 10px !important;}&#8221;][vc_column][\/vc_column][\/vc_row][vc_row][vc_column][vc_column_text] Dimenzije slika: 50 cm\u00a0x 50 cm (150 cm\u00a0x 50 cm) 60 cm x 60 cm (180 cm x 60 cm) 80\u00a0cm x 80 cm (240 cm x 80 cm)<\/p>\n","protected":false},"featured_media":22367,"template":"","meta":{"_acf_changed":false},"product_brand":[],"product_cat":[3385],"product_tag":[3399,3405,3409,3412,3410,3417,3415],"class_list":{"0":"post-33497","1":"product","2":"type-product","3":"status-publish","4":"has-post-thumbnail","6":"product_cat-slike-na-platnu-visedijelne","7":"product_tag-apstraktne-slike","8":"product_tag-moderne-slike-hr","9":"product_tag-slike-na-platnu-hr","10":"product_tag-slike-za-dnevni-boravak-hr","11":"product_tag-slike-za-dnevni-boravak","12":"product_tag-visedijelne-slike","13":"product_tag-zidne-slike","14":"pa_dimenzija-100-x-300-cm","15":"pa_dimenzija-150-x-50-cm","16":"pa_dimenzija-180-x-60-cm","17":"pa_dimenzija-240-x-80-cm","18":"pa_dimenzija-40-x-120-cm","19":"pa_dimenzija-70-x-210-cm","20":"pa_dimenzija-90-x-270-cm","21":"pa_oblika-horizontalno","22":"pa_pod-okvir-ukljuceno-u-cjenu","23":"pa_podokvir-bez-podokvira","24":"pa_podokvir-sa-podokvirom","26":"first","27":"onbackorder","28":"purchasable","29":"product-type-variable","30":"has-default-attributes"},"acf":[],"yoast_head":"<!-- This site is optimized with the Yoast SEO Premium plugin v26.0 (Yoast SEO v27.2) - https:\/\/yoast.com\/product\/yoast-seo-premium-wordpress\/ -->\n<title>Slike za zid - W38 - SVETSLIK.SI - 100% ru\u010dno naslikano<\/title>\n<meta name=\"description\" content=\"Slike za zid - W38 - 100 % ru\u010dno naslikane umjetni\u010dke zidne slike na platnu. Prodaja reprodukcija poznatih slikara, izrada slika po naru\u0111bi i okviri za slike.\" \/>\n<meta name=\"robots\" content=\"index, follow, max-snippet:-1, max-image-preview:large, max-video-preview:-1\" \/>\n<link rel=\"canonical\" href=\"https:\/\/svetslik.si\/hr\/slike-na-platnu-visedijelne\/slike-za-zid-w38\/\" \/>\n<meta property=\"og:locale\" content=\"hr_HR\" \/>\n<meta property=\"og:type\" content=\"article\" \/>\n<meta property=\"og:title\" content=\"Slike za zid - W38\" \/>\n<meta property=\"og:description\" content=\"100% ro\u010dno naslikane slike na platnu, reprodukcije znanih slikarjev in umetni\u0161ke slike po naro\u010dilu.\" \/>\n<meta property=\"og:url\" content=\"https:\/\/svetslik.si\/hr\/slike-na-platnu-visedijelne\/slike-za-zid-w38\/\" \/>\n<meta property=\"og:site_name\" content=\"SVETSLIK.SI\" \/>\n<meta property=\"article:publisher\" content=\"https:\/\/www.facebook.com\/svetslik.si\" \/>\n<meta property=\"article:modified_time\" content=\"2024-07-11T12:23:30+00:00\" \/>\n<meta property=\"og:image\" content=\"https:\/\/svetslik.si\/wp-content\/uploads\/2023\/03\/abstraktna-slika-W38.png\" \/>\n\t<meta property=\"og:image:width\" content=\"1022\" \/>\n\t<meta property=\"og:image:height\" content=\"330\" \/>\n\t<meta property=\"og:image:type\" content=\"image\/png\" \/>\n<meta name=\"twitter:card\" content=\"summary_large_image\" \/>\n<meta name=\"twitter:site\" content=\"@svetslik\" \/>\n<meta name=\"twitter:label1\" content=\"Availability\" \/>\n\t<meta name=\"twitter:data1\" content=\"On backorder\" \/>\n<script type=\"application\/ld+json\" class=\"yoast-schema-graph\">{\"@context\":\"https:\/\/schema.org\",\"@graph\":[{\"@type\":[\"WebPage\",\"ItemPage\"],\"@id\":\"https:\/\/svetslik.si\/hr\/slike-na-platnu-visedijelne\/slike-za-zid-w38\/\",\"url\":\"https:\/\/svetslik.si\/hr\/slike-na-platnu-visedijelne\/slike-za-zid-w38\/\",\"name\":\"Slike za zid - W38 - SVETSLIK.SI - 100% ru\u010dno naslikano\",\"isPartOf\":{\"@id\":\"https:\/\/svetslik.si\/hr\/#website\"},\"primaryImageOfPage\":{\"@id\":\"https:\/\/svetslik.si\/hr\/slike-na-platnu-visedijelne\/slike-za-zid-w38\/#primaryimage\"},\"image\":{\"@id\":\"https:\/\/svetslik.si\/hr\/slike-na-platnu-visedijelne\/slike-za-zid-w38\/#primaryimage\"},\"thumbnailUrl\":\"https:\/\/svetslik.si\/wp-content\/uploads\/2023\/03\/abstraktna-slika-W38.png\",\"datePublished\":\"2023-03-07T07:04:27+00:00\",\"dateModified\":\"2024-07-11T12:23:30+00:00\",\"description\":\"Slike za zid - W38 - 100 % ru\u010dno naslikane umjetni\u010dke zidne slike na platnu. Prodaja reprodukcija poznatih slikara, izrada slika po naru\u0111bi i okviri za slike.\",\"breadcrumb\":{\"@id\":\"https:\/\/svetslik.si\/hr\/slike-na-platnu-visedijelne\/slike-za-zid-w38\/#breadcrumb\"},\"inLanguage\":\"hr\",\"potentialAction\":[{\"@type\":\"ReadAction\",\"target\":[\"https:\/\/svetslik.si\/hr\/slike-na-platnu-visedijelne\/slike-za-zid-w38\/\"]}]},{\"@type\":\"ImageObject\",\"inLanguage\":\"hr\",\"@id\":\"https:\/\/svetslik.si\/hr\/slike-na-platnu-visedijelne\/slike-za-zid-w38\/#primaryimage\",\"url\":\"https:\/\/svetslik.si\/wp-content\/uploads\/2023\/03\/abstraktna-slika-W38.png\",\"contentUrl\":\"https:\/\/svetslik.si\/wp-content\/uploads\/2023\/03\/abstraktna-slika-W38.png\",\"width\":1022,\"height\":330,\"caption\":\"Apstraktna slika - W38\"},{\"@type\":\"BreadcrumbList\",\"@id\":\"https:\/\/svetslik.si\/hr\/slike-na-platnu-visedijelne\/slike-za-zid-w38\/#breadcrumb\",\"itemListElement\":[{\"@type\":\"ListItem\",\"position\":1,\"name\":\"Umjetni\u010dke zidne slike na platnu\",\"item\":\"https:\/\/svetslik.si\/hr\/\"},{\"@type\":\"ListItem\",\"position\":2,\"name\":\"Prodaja slika\",\"item\":\"https:\/\/svetslik.si\/prodaja-slik\/\"},{\"@type\":\"ListItem\",\"position\":3,\"name\":\"Slike za zid &#8211; W38\"}]},{\"@type\":\"WebSite\",\"@id\":\"https:\/\/svetslik.si\/hr\/#website\",\"url\":\"https:\/\/svetslik.si\/hr\/\",\"name\":\"SVETSLIK.SI\",\"description\":\"100% ru\u010dno naslikane reprodukcije slika poznatih slikara in umjetni\u010dke zidne slike na platnu.\",\"publisher\":{\"@id\":\"https:\/\/svetslik.si\/hr\/#organization\"},\"potentialAction\":[{\"@type\":\"SearchAction\",\"target\":{\"@type\":\"EntryPoint\",\"urlTemplate\":\"https:\/\/svetslik.si\/hr\/?s={search_term_string}\"},\"query-input\":{\"@type\":\"PropertyValueSpecification\",\"valueRequired\":true,\"valueName\":\"search_term_string\"}}],\"inLanguage\":\"hr\"},{\"@type\":\"Organization\",\"@id\":\"https:\/\/svetslik.si\/hr\/#organization\",\"name\":\"SvetSlik.si\",\"url\":\"https:\/\/svetslik.si\/hr\/\",\"logo\":{\"@type\":\"ImageObject\",\"inLanguage\":\"hr\",\"@id\":\"https:\/\/svetslik.si\/hr\/#\/schema\/logo\/image\/\",\"url\":\"https:\/\/svetslik.si\/wp-content\/uploads\/2020\/12\/logo-512.png\",\"contentUrl\":\"https:\/\/svetslik.si\/wp-content\/uploads\/2020\/12\/logo-512.png\",\"width\":512,\"height\":512,\"caption\":\"SvetSlik.si\"},\"image\":{\"@id\":\"https:\/\/svetslik.si\/hr\/#\/schema\/logo\/image\/\"},\"sameAs\":[\"https:\/\/www.facebook.com\/svetslik.si\",\"https:\/\/x.com\/svetslik\",\"https:\/\/www.instagram.com\/svetslik.si\/\",\"https:\/\/www.linkedin.com\/company\/svetslik-si\"]}]}<\/script>\n<meta property=\"og:availability\" content=\"backorder\" \/>\n<meta property=\"product:availability\" content=\"available for order\" \/>\n<meta property=\"product:retailer_item_id\" content=\"745__-2-1\" \/>\n<meta property=\"product:condition\" content=\"new\" \/>\n<!-- \/ Yoast SEO Premium plugin. -->","yoast_head_json":{"title":"Slike za zid - W38 - SVETSLIK.SI - 100% ru\u010dno naslikano","description":"Slike za zid - W38 - 100 % ru\u010dno naslikane umjetni\u010dke zidne slike na platnu. Prodaja reprodukcija poznatih slikara, izrada slika po naru\u0111bi i okviri za slike.","robots":{"index":"index","follow":"follow","max-snippet":"max-snippet:-1","max-image-preview":"max-image-preview:large","max-video-preview":"max-video-preview:-1"},"canonical":"https:\/\/svetslik.si\/hr\/slike-na-platnu-visedijelne\/slike-za-zid-w38\/","og_locale":"hr_HR","og_type":"article","og_title":"Slike za zid - W38","og_description":"100% ro\u010dno naslikane slike na platnu, reprodukcije znanih slikarjev in umetni\u0161ke slike po naro\u010dilu.","og_url":"https:\/\/svetslik.si\/hr\/slike-na-platnu-visedijelne\/slike-za-zid-w38\/","og_site_name":"SVETSLIK.SI","article_publisher":"https:\/\/www.facebook.com\/svetslik.si","article_modified_time":"2024-07-11T12:23:30+00:00","og_image":[{"width":1022,"height":330,"url":"https:\/\/svetslik.si\/wp-content\/uploads\/2023\/03\/abstraktna-slika-W38.png","type":"image\/png"}],"twitter_card":"summary_large_image","twitter_site":"@svetslik","twitter_misc":{"Availability":"On backorder"},"schema":{"@context":"https:\/\/schema.org","@graph":[{"@type":["WebPage","ItemPage"],"@id":"https:\/\/svetslik.si\/hr\/slike-na-platnu-visedijelne\/slike-za-zid-w38\/","url":"https:\/\/svetslik.si\/hr\/slike-na-platnu-visedijelne\/slike-za-zid-w38\/","name":"Slike za zid - W38 - SVETSLIK.SI - 100% ru\u010dno naslikano","isPartOf":{"@id":"https:\/\/svetslik.si\/hr\/#website"},"primaryImageOfPage":{"@id":"https:\/\/svetslik.si\/hr\/slike-na-platnu-visedijelne\/slike-za-zid-w38\/#primaryimage"},"image":{"@id":"https:\/\/svetslik.si\/hr\/slike-na-platnu-visedijelne\/slike-za-zid-w38\/#primaryimage"},"thumbnailUrl":"https:\/\/svetslik.si\/wp-content\/uploads\/2023\/03\/abstraktna-slika-W38.png","datePublished":"2023-03-07T07:04:27+00:00","dateModified":"2024-07-11T12:23:30+00:00","description":"Slike za zid - W38 - 100 % ru\u010dno naslikane umjetni\u010dke zidne slike na platnu. Prodaja reprodukcija poznatih slikara, izrada slika po naru\u0111bi i okviri za slike.","breadcrumb":{"@id":"https:\/\/svetslik.si\/hr\/slike-na-platnu-visedijelne\/slike-za-zid-w38\/#breadcrumb"},"inLanguage":"hr","potentialAction":[{"@type":"ReadAction","target":["https:\/\/svetslik.si\/hr\/slike-na-platnu-visedijelne\/slike-za-zid-w38\/"]}]},{"@type":"ImageObject","inLanguage":"hr","@id":"https:\/\/svetslik.si\/hr\/slike-na-platnu-visedijelne\/slike-za-zid-w38\/#primaryimage","url":"https:\/\/svetslik.si\/wp-content\/uploads\/2023\/03\/abstraktna-slika-W38.png","contentUrl":"https:\/\/svetslik.si\/wp-content\/uploads\/2023\/03\/abstraktna-slika-W38.png","width":1022,"height":330,"caption":"Apstraktna slika - W38"},{"@type":"BreadcrumbList","@id":"https:\/\/svetslik.si\/hr\/slike-na-platnu-visedijelne\/slike-za-zid-w38\/#breadcrumb","itemListElement":[{"@type":"ListItem","position":1,"name":"Umjetni\u010dke zidne slike na platnu","item":"https:\/\/svetslik.si\/hr\/"},{"@type":"ListItem","position":2,"name":"Prodaja slika","item":"https:\/\/svetslik.si\/prodaja-slik\/"},{"@type":"ListItem","position":3,"name":"Slike za zid &#8211; W38"}]},{"@type":"WebSite","@id":"https:\/\/svetslik.si\/hr\/#website","url":"https:\/\/svetslik.si\/hr\/","name":"SVETSLIK.SI","description":"100% ru\u010dno naslikane reprodukcije slika poznatih slikara in umjetni\u010dke zidne slike na platnu.","publisher":{"@id":"https:\/\/svetslik.si\/hr\/#organization"},"potentialAction":[{"@type":"SearchAction","target":{"@type":"EntryPoint","urlTemplate":"https:\/\/svetslik.si\/hr\/?s={search_term_string}"},"query-input":{"@type":"PropertyValueSpecification","valueRequired":true,"valueName":"search_term_string"}}],"inLanguage":"hr"},{"@type":"Organization","@id":"https:\/\/svetslik.si\/hr\/#organization","name":"SvetSlik.si","url":"https:\/\/svetslik.si\/hr\/","logo":{"@type":"ImageObject","inLanguage":"hr","@id":"https:\/\/svetslik.si\/hr\/#\/schema\/logo\/image\/","url":"https:\/\/svetslik.si\/wp-content\/uploads\/2020\/12\/logo-512.png","contentUrl":"https:\/\/svetslik.si\/wp-content\/uploads\/2020\/12\/logo-512.png","width":512,"height":512,"caption":"SvetSlik.si"},"image":{"@id":"https:\/\/svetslik.si\/hr\/#\/schema\/logo\/image\/"},"sameAs":["https:\/\/www.facebook.com\/svetslik.si","https:\/\/x.com\/svetslik","https:\/\/www.instagram.com\/svetslik.si\/","https:\/\/www.linkedin.com\/company\/svetslik-si"]}]},"og_availability":"backorder","product_availability":"available for order","product_retailer_item_id":"745__-2-1","product_condition":"new"},"jetpack_sharing_enabled":true,"_links":{"self":[{"href":"https:\/\/svetslik.si\/hr\/wp-json\/wp\/v2\/product\/33497","targetHints":{"allow":["GET"]}}],"collection":[{"href":"https:\/\/svetslik.si\/hr\/wp-json\/wp\/v2\/product"}],"about":[{"href":"https:\/\/svetslik.si\/hr\/wp-json\/wp\/v2\/types\/product"}],"wp:featuredmedia":[{"embeddable":true,"href":"https:\/\/svetslik.si\/hr\/wp-json\/wp\/v2\/media\/22367"}],"wp:attachment":[{"href":"https:\/\/svetslik.si\/hr\/wp-json\/wp\/v2\/media?parent=33497"}],"wp:term":[{"taxonomy":"product_brand","embeddable":true,"href":"https:\/\/svetslik.si\/hr\/wp-json\/wp\/v2\/product_brand?post=33497"},{"taxonomy":"product_cat","embeddable":true,"href":"https:\/\/svetslik.si\/hr\/wp-json\/wp\/v2\/product_cat?post=33497"},{"taxonomy":"product_tag","embeddable":true,"href":"https:\/\/svetslik.si\/hr\/wp-json\/wp\/v2\/product_tag?post=33497"}],"curies":[{"name":"wp","href":"https:\/\/api.w.org\/{rel}","templated":true}]}}