{"id":33762,"date":"2021-09-02T18:36:06","date_gmt":"2021-09-02T16:36:06","guid":{"rendered":"https:\/\/svetslik.si\/uncategorized\/zascita-doma\/"},"modified":"2025-11-06T10:26:04","modified_gmt":"2025-11-06T09:26:04","slug":"energetske-slike-zastita-doma","status":"publish","type":"product","link":"https:\/\/svetslik.si\/hr\/energetske-slike-1\/energetske-slike-zastita-doma\/","title":{"rendered":"Energetske slike &#8211; Za\u0161tita doma"},"content":{"rendered":"<div class=\"wpb-content-wrapper\">[vc_row][vc_column][vc_column_text]\n<h1>Energijske slike &#8211; Za\u0161tita doma<\/h1>\n<p>Kako se osje\u0107amo kada smo u svom domu? Jesmo li sretni i zadovoljni sa svojim domom ili se osje\u0107amo nesretno i \u017eelimo pobje\u0107i? Da li nam boravak u domu pru\u017ea opu\u0161tanje ili smo stalno napeti i nervozni? Sve to je tesno povezano s energetskim stanjem na\u0161eg prostora. Ako je energetsko stanje prostora naru\u0161eno, to mo\u017ee negativno utjecati na na\u0161e raspolo\u017eenje, energiju i iscrpiti na\u0161e resurse. Stoga je izuzetno va\u017eno pobrinuti se za energetsku ravnote\u017eu na\u0161eg doma.<br \/>\nEnergijska slika &#8220;Za\u0161tita doma&#8221; je posebno umjetni\u010dko djelo namijenjeno upravo tom cilju &#8211; stvaranju uravnote\u017eenog energetskog stanja u va\u0161em domu. Ova slika je oblikovana s namjerom da harmonizira i vitalizira va\u0161 prostor te donese pozitivnu energiju i za\u0161titu. Kada je postavite u svoj dom, djelovat \u0107e kao energetski \u0161tit koji \u0107e nje\u017eno preoblikovati va\u0161 prostor u oazu pozitivnosti i dobrog osje\u0107aja.<\/p>\n<p>Energijska slika &#8220;Za\u0161tita doma&#8221; ima mnoge pozitivne u\u010dinke na va\u0161 \u017eivot. Prvo, harmonizira energetsko stanje prostora \u0161to poma\u017ee uspostavljanju ravnote\u017ee i mira. To se odra\u017eava i na va\u0161em raspolo\u017eenju i unutarnjem miru. Drugo, ova slika vitalizira prostor \u0161to pridonosi ve\u0107oj kreativnosti, produktivnosti i kvaliteti sna. Va\u0161 dom postaje mjesto gdje se mo\u017eete opustiti, razvijati svoje talente i ideje te u\u017eivati u dubokom i kvalitetnom snu.<\/p>\n<p>Osim toga, energetska slika &#8220;Za\u0161tita doma&#8221; tako\u0111er ja\u010da me\u0111uljudske odnose u doma\u0107em okru\u017eenju. Pozitivna energija koju slika zra\u010di poti\u010de harmoniju, ljubav i razumijevanje me\u0111u \u010dlanovima obitelji. To doprinosi boljoj komunikaciji, ve\u0107oj povezanosti i ugodnoj atmosferi u domu.<\/p>\n<p>Ako \u017eelite pobolj\u0161ati energetsko stanje svog doma i stvoriti ugodan, harmoni\u010dan prostor, energetska slika &#8220;Za\u0161tita doma&#8221; je savr\u0161en izbor. Njena ljepota i energija \u0107e vas nadahnuti i pomo\u0107i vam posti\u0107i unutarnji mir i ve\u0107u kvalitetu \u017eivota. Odaberite ovu jedinstvenu ru\u010dno izra\u0111enu sliku i dopustite da energetska mo\u0107 umjetnosti oblikuje va\u0161 dom u prostor pozitivne energije, za\u0161tite i ljubavi.[\/vc_column_text][\/vc_column][\/vc_row][vc_row][vc_column]\t<div class=\"et-image-931 et-image     et_image_link\">\n\t\t<div class=\"et-image-inner \">\n\t\t\t\t\t\t\t<div class=\"et-image-thumb \">\n\t\t\t\t\t<img decoding=\"async\" width=\"1441\" height=\"2560\" src=\"https:\/\/svetslik.si\/wp-content\/uploads\/2021\/09\/20220501_101745-scaled.jpg\" class=\"attachment-full\" alt=\"Energetske slike - Za\u0161tita doma - Reprodukcija slike za zid\" title=\"Energetske slike - Za\u0161tita doma - Reprodukcija slike za zid\" srcset=\"https:\/\/svetslik.si\/wp-content\/uploads\/2021\/09\/20220501_101745-scaled.jpg 1441w, https:\/\/svetslik.si\/wp-content\/uploads\/2021\/09\/20220501_101745-600x1066.jpg 600w, https:\/\/svetslik.si\/wp-content\/uploads\/2021\/09\/20220501_101745-scaled-1200x2132.jpg 1200w, https:\/\/svetslik.si\/wp-content\/uploads\/2021\/09\/20220501_101745-169x300.jpg 169w, https:\/\/svetslik.si\/wp-content\/uploads\/2021\/09\/20220501_101745-577x1024.jpg 577w, https:\/\/svetslik.si\/wp-content\/uploads\/2021\/09\/20220501_101745-768x1364.jpg 768w, https:\/\/svetslik.si\/wp-content\/uploads\/2021\/09\/20220501_101745-865x1536.jpg 865w, https:\/\/svetslik.si\/wp-content\/uploads\/2021\/09\/20220501_101745-1153x2048.jpg 1153w, https:\/\/svetslik.si\/wp-content\/uploads\/2021\/09\/20220501_101745-7x12.jpg 7w, https:\/\/svetslik.si\/wp-content\/uploads\/2021\/09\/20220501_101745-84x150.jpg 84w, https:\/\/svetslik.si\/wp-content\/uploads\/2021\/09\/20220501_101745-1320x2345.jpg 1320w, https:\/\/svetslik.si\/wp-content\/uploads\/2021\/09\/20220501_101745-900x1599.jpg 900w\" sizes=\"(max-width: 1441px) 100vw, 1441px\" \/>\t\t\t\t<\/div>\n\t\t\t\t\t\t\t\t\t\t\t<\/div>\n\t<\/div>\n  [\/vc_column][\/vc_row]\n<\/div>","protected":false},"excerpt":{"rendered":"<p>[vc_row][vc_column][vc_column_text] Energijske slike &#8211; Za\u0161tita doma Kako se osje\u0107amo kada smo u svom domu? Jesmo li sretni i zadovoljni sa svojim domom ili se osje\u0107amo nesretno i \u017eelimo pobje\u0107i? Da li nam boravak u domu pru\u017ea opu\u0161tanje ili smo stalno napeti i nervozni? Sve to je tesno povezano s energetskim [&hellip;]<\/p>\n","protected":false},"featured_media":19957,"template":"","meta":{"_acf_changed":false},"product_brand":[],"product_cat":[3363,3364],"product_tag":[4126],"class_list":{"0":"post-33762","1":"product","2":"type-product","3":"status-publish","4":"has-post-thumbnail","6":"product_cat-energetske-slike","7":"product_cat-energetske-slike-1","8":"product_tag-energijske-slike-hr","9":"pa_dimenzija-100-x-100-cm-hr","10":"pa_dimenzija-60-x-60-cm-hr","11":"pa_dimenzija-80-x-80-cm-hr","12":"pa_oblika-kvadrat-hr-2","13":"pa_okvir-bez-okvira","14":"pa_podokvir-bez-podokvira","15":"pa_podokvir-sa-podokvirom","17":"first","18":"onbackorder","19":"purchasable","20":"product-type-variable","21":"has-default-attributes"},"acf":[],"yoast_head":"<!-- This site is optimized with the Yoast SEO Premium plugin v26.0 (Yoast SEO v27.2) - https:\/\/yoast.com\/product\/yoast-seo-premium-wordpress\/ -->\n<title>Energetske slike - Za\u0161tita doma - SVETSLIK.SI - 100% ru\u010dno naslikano<\/title>\n<meta name=\"description\" content=\"Ru\u010dno naslikane energetske slike - Energetske slike - Za\u0161tita doma - Sliku mo\u017eete uokviriti pomo\u0107u na\u0161e jedinstvene aplikacije na stranici.\" \/>\n<meta name=\"robots\" content=\"index, follow, max-snippet:-1, max-image-preview:large, max-video-preview:-1\" \/>\n<link rel=\"canonical\" href=\"https:\/\/svetslik.si\/hr\/energetske-slike-1\/energetske-slike-zastita-doma\/\" \/>\n<meta property=\"og:locale\" content=\"hr_HR\" \/>\n<meta property=\"og:type\" content=\"article\" \/>\n<meta property=\"og:title\" content=\"Energetske slike - Za\u0161tita doma\" \/>\n<meta property=\"og:description\" content=\"100% ro\u010dno naslikane slike na platnu, reprodukcije znanih slikarjev in umetni\u0161ke slike po naro\u010dilu.\" \/>\n<meta property=\"og:url\" content=\"https:\/\/svetslik.si\/hr\/energetske-slike-1\/energetske-slike-zastita-doma\/\" \/>\n<meta property=\"og:site_name\" content=\"SVETSLIK.SI\" \/>\n<meta property=\"article:publisher\" content=\"https:\/\/www.facebook.com\/svetslik.si\" \/>\n<meta property=\"article:modified_time\" content=\"2025-11-06T09:26:04+00:00\" \/>\n<meta property=\"og:image\" content=\"https:\/\/svetslik.si\/wp-content\/uploads\/2021\/08\/image_zascita-doma_680.jpg\" \/>\n\t<meta property=\"og:image:width\" content=\"680\" \/>\n\t<meta property=\"og:image:height\" content=\"680\" \/>\n\t<meta property=\"og:image:type\" content=\"image\/jpeg\" \/>\n<meta name=\"twitter:card\" content=\"summary_large_image\" \/>\n<meta name=\"twitter:site\" content=\"@svetslik\" \/>\n<meta name=\"twitter:label1\" content=\"Availability\" \/>\n\t<meta name=\"twitter:data1\" content=\"On backorder\" \/>\n<script type=\"application\/ld+json\" class=\"yoast-schema-graph\">{\"@context\":\"https:\/\/schema.org\",\"@graph\":[{\"@type\":[\"WebPage\",\"ItemPage\"],\"@id\":\"https:\/\/svetslik.si\/hr\/energetske-slike-1\/energetske-slike-zastita-doma\/\",\"url\":\"https:\/\/svetslik.si\/hr\/energetske-slike-1\/energetske-slike-zastita-doma\/\",\"name\":\"Energetske slike - Za\u0161tita doma - SVETSLIK.SI - 100% ru\u010dno naslikano\",\"isPartOf\":{\"@id\":\"https:\/\/svetslik.si\/hr\/#website\"},\"primaryImageOfPage\":{\"@id\":\"https:\/\/svetslik.si\/hr\/energetske-slike-1\/energetske-slike-zastita-doma\/#primaryimage\"},\"image\":{\"@id\":\"https:\/\/svetslik.si\/hr\/energetske-slike-1\/energetske-slike-zastita-doma\/#primaryimage\"},\"thumbnailUrl\":\"https:\/\/svetslik.si\/wp-content\/uploads\/2021\/08\/image_zascita-doma_680.jpg\",\"datePublished\":\"2021-09-02T16:36:06+00:00\",\"dateModified\":\"2025-11-06T09:26:04+00:00\",\"description\":\"Ru\u010dno naslikane energetske slike - Energetske slike - Za\u0161tita doma - Sliku mo\u017eete uokviriti pomo\u0107u na\u0161e jedinstvene aplikacije na stranici.\",\"breadcrumb\":{\"@id\":\"https:\/\/svetslik.si\/hr\/energetske-slike-1\/energetske-slike-zastita-doma\/#breadcrumb\"},\"inLanguage\":\"hr\",\"potentialAction\":[{\"@type\":\"ReadAction\",\"target\":[\"https:\/\/svetslik.si\/hr\/energetske-slike-1\/energetske-slike-zastita-doma\/\"]}]},{\"@type\":\"ImageObject\",\"inLanguage\":\"hr\",\"@id\":\"https:\/\/svetslik.si\/hr\/energetske-slike-1\/energetske-slike-zastita-doma\/#primaryimage\",\"url\":\"https:\/\/svetslik.si\/wp-content\/uploads\/2021\/08\/image_zascita-doma_680.jpg\",\"contentUrl\":\"https:\/\/svetslik.si\/wp-content\/uploads\/2021\/08\/image_zascita-doma_680.jpg\",\"width\":680,\"height\":680,\"caption\":\"Energijske slike, slikane slike na platnu, slike za zid, umjetni\u010dke slike, moderne slike, ambijentalne slike, apstraktne slike, dekorativne slikane slike, kupovina i prodaja slika, ru\u010dno nacrtane slike, ru\u010dno slikane slike - Za\u0161tita doma\"},{\"@type\":\"BreadcrumbList\",\"@id\":\"https:\/\/svetslik.si\/hr\/energetske-slike-1\/energetske-slike-zastita-doma\/#breadcrumb\",\"itemListElement\":[{\"@type\":\"ListItem\",\"position\":1,\"name\":\"Umjetni\u010dke zidne slike na platnu\",\"item\":\"https:\/\/svetslik.si\/hr\/\"},{\"@type\":\"ListItem\",\"position\":2,\"name\":\"Prodaja slika\",\"item\":\"https:\/\/svetslik.si\/prodaja-slik\/\"},{\"@type\":\"ListItem\",\"position\":3,\"name\":\"Energetske slike &#8211; Za\u0161tita doma\"}]},{\"@type\":\"WebSite\",\"@id\":\"https:\/\/svetslik.si\/hr\/#website\",\"url\":\"https:\/\/svetslik.si\/hr\/\",\"name\":\"SVETSLIK.SI\",\"description\":\"100% ru\u010dno naslikane reprodukcije slika poznatih slikara in umjetni\u010dke zidne slike na platnu.\",\"publisher\":{\"@id\":\"https:\/\/svetslik.si\/hr\/#organization\"},\"potentialAction\":[{\"@type\":\"SearchAction\",\"target\":{\"@type\":\"EntryPoint\",\"urlTemplate\":\"https:\/\/svetslik.si\/hr\/?s={search_term_string}\"},\"query-input\":{\"@type\":\"PropertyValueSpecification\",\"valueRequired\":true,\"valueName\":\"search_term_string\"}}],\"inLanguage\":\"hr\"},{\"@type\":\"Organization\",\"@id\":\"https:\/\/svetslik.si\/hr\/#organization\",\"name\":\"SvetSlik.si\",\"url\":\"https:\/\/svetslik.si\/hr\/\",\"logo\":{\"@type\":\"ImageObject\",\"inLanguage\":\"hr\",\"@id\":\"https:\/\/svetslik.si\/hr\/#\/schema\/logo\/image\/\",\"url\":\"https:\/\/svetslik.si\/wp-content\/uploads\/2020\/12\/logo-512.png\",\"contentUrl\":\"https:\/\/svetslik.si\/wp-content\/uploads\/2020\/12\/logo-512.png\",\"width\":512,\"height\":512,\"caption\":\"SvetSlik.si\"},\"image\":{\"@id\":\"https:\/\/svetslik.si\/hr\/#\/schema\/logo\/image\/\"},\"sameAs\":[\"https:\/\/www.facebook.com\/svetslik.si\",\"https:\/\/x.com\/svetslik\",\"https:\/\/www.instagram.com\/svetslik.si\/\",\"https:\/\/www.linkedin.com\/company\/svetslik-si\"]}]}<\/script>\n<meta property=\"og:availability\" content=\"backorder\" \/>\n<meta property=\"product:availability\" content=\"available for order\" \/>\n<meta property=\"product:retailer_item_id\" content=\"637__\" \/>\n<meta property=\"product:condition\" content=\"new\" \/>\n<!-- \/ Yoast SEO Premium plugin. -->","yoast_head_json":{"title":"Energetske slike - Za\u0161tita doma - SVETSLIK.SI - 100% ru\u010dno naslikano","description":"Ru\u010dno naslikane energetske slike - Energetske slike - Za\u0161tita doma - Sliku mo\u017eete uokviriti pomo\u0107u na\u0161e jedinstvene aplikacije na stranici.","robots":{"index":"index","follow":"follow","max-snippet":"max-snippet:-1","max-image-preview":"max-image-preview:large","max-video-preview":"max-video-preview:-1"},"canonical":"https:\/\/svetslik.si\/hr\/energetske-slike-1\/energetske-slike-zastita-doma\/","og_locale":"hr_HR","og_type":"article","og_title":"Energetske slike - Za\u0161tita doma","og_description":"100% ro\u010dno naslikane slike na platnu, reprodukcije znanih slikarjev in umetni\u0161ke slike po naro\u010dilu.","og_url":"https:\/\/svetslik.si\/hr\/energetske-slike-1\/energetske-slike-zastita-doma\/","og_site_name":"SVETSLIK.SI","article_publisher":"https:\/\/www.facebook.com\/svetslik.si","article_modified_time":"2025-11-06T09:26:04+00:00","og_image":[{"width":680,"height":680,"url":"https:\/\/svetslik.si\/wp-content\/uploads\/2021\/08\/image_zascita-doma_680.jpg","type":"image\/jpeg"}],"twitter_card":"summary_large_image","twitter_site":"@svetslik","twitter_misc":{"Availability":"On backorder"},"schema":{"@context":"https:\/\/schema.org","@graph":[{"@type":["WebPage","ItemPage"],"@id":"https:\/\/svetslik.si\/hr\/energetske-slike-1\/energetske-slike-zastita-doma\/","url":"https:\/\/svetslik.si\/hr\/energetske-slike-1\/energetske-slike-zastita-doma\/","name":"Energetske slike - Za\u0161tita doma - SVETSLIK.SI - 100% ru\u010dno naslikano","isPartOf":{"@id":"https:\/\/svetslik.si\/hr\/#website"},"primaryImageOfPage":{"@id":"https:\/\/svetslik.si\/hr\/energetske-slike-1\/energetske-slike-zastita-doma\/#primaryimage"},"image":{"@id":"https:\/\/svetslik.si\/hr\/energetske-slike-1\/energetske-slike-zastita-doma\/#primaryimage"},"thumbnailUrl":"https:\/\/svetslik.si\/wp-content\/uploads\/2021\/08\/image_zascita-doma_680.jpg","datePublished":"2021-09-02T16:36:06+00:00","dateModified":"2025-11-06T09:26:04+00:00","description":"Ru\u010dno naslikane energetske slike - Energetske slike - Za\u0161tita doma - Sliku mo\u017eete uokviriti pomo\u0107u na\u0161e jedinstvene aplikacije na stranici.","breadcrumb":{"@id":"https:\/\/svetslik.si\/hr\/energetske-slike-1\/energetske-slike-zastita-doma\/#breadcrumb"},"inLanguage":"hr","potentialAction":[{"@type":"ReadAction","target":["https:\/\/svetslik.si\/hr\/energetske-slike-1\/energetske-slike-zastita-doma\/"]}]},{"@type":"ImageObject","inLanguage":"hr","@id":"https:\/\/svetslik.si\/hr\/energetske-slike-1\/energetske-slike-zastita-doma\/#primaryimage","url":"https:\/\/svetslik.si\/wp-content\/uploads\/2021\/08\/image_zascita-doma_680.jpg","contentUrl":"https:\/\/svetslik.si\/wp-content\/uploads\/2021\/08\/image_zascita-doma_680.jpg","width":680,"height":680,"caption":"Energijske slike, slikane slike na platnu, slike za zid, umjetni\u010dke slike, moderne slike, ambijentalne slike, apstraktne slike, dekorativne slikane slike, kupovina i prodaja slika, ru\u010dno nacrtane slike, ru\u010dno slikane slike - Za\u0161tita doma"},{"@type":"BreadcrumbList","@id":"https:\/\/svetslik.si\/hr\/energetske-slike-1\/energetske-slike-zastita-doma\/#breadcrumb","itemListElement":[{"@type":"ListItem","position":1,"name":"Umjetni\u010dke zidne slike na platnu","item":"https:\/\/svetslik.si\/hr\/"},{"@type":"ListItem","position":2,"name":"Prodaja slika","item":"https:\/\/svetslik.si\/prodaja-slik\/"},{"@type":"ListItem","position":3,"name":"Energetske slike &#8211; Za\u0161tita doma"}]},{"@type":"WebSite","@id":"https:\/\/svetslik.si\/hr\/#website","url":"https:\/\/svetslik.si\/hr\/","name":"SVETSLIK.SI","description":"100% ru\u010dno naslikane reprodukcije slika poznatih slikara in umjetni\u010dke zidne slike na platnu.","publisher":{"@id":"https:\/\/svetslik.si\/hr\/#organization"},"potentialAction":[{"@type":"SearchAction","target":{"@type":"EntryPoint","urlTemplate":"https:\/\/svetslik.si\/hr\/?s={search_term_string}"},"query-input":{"@type":"PropertyValueSpecification","valueRequired":true,"valueName":"search_term_string"}}],"inLanguage":"hr"},{"@type":"Organization","@id":"https:\/\/svetslik.si\/hr\/#organization","name":"SvetSlik.si","url":"https:\/\/svetslik.si\/hr\/","logo":{"@type":"ImageObject","inLanguage":"hr","@id":"https:\/\/svetslik.si\/hr\/#\/schema\/logo\/image\/","url":"https:\/\/svetslik.si\/wp-content\/uploads\/2020\/12\/logo-512.png","contentUrl":"https:\/\/svetslik.si\/wp-content\/uploads\/2020\/12\/logo-512.png","width":512,"height":512,"caption":"SvetSlik.si"},"image":{"@id":"https:\/\/svetslik.si\/hr\/#\/schema\/logo\/image\/"},"sameAs":["https:\/\/www.facebook.com\/svetslik.si","https:\/\/x.com\/svetslik","https:\/\/www.instagram.com\/svetslik.si\/","https:\/\/www.linkedin.com\/company\/svetslik-si"]}]},"og_availability":"backorder","product_availability":"available for order","product_retailer_item_id":"637__","product_condition":"new"},"jetpack_sharing_enabled":true,"_links":{"self":[{"href":"https:\/\/svetslik.si\/hr\/wp-json\/wp\/v2\/product\/33762","targetHints":{"allow":["GET"]}}],"collection":[{"href":"https:\/\/svetslik.si\/hr\/wp-json\/wp\/v2\/product"}],"about":[{"href":"https:\/\/svetslik.si\/hr\/wp-json\/wp\/v2\/types\/product"}],"wp:featuredmedia":[{"embeddable":true,"href":"https:\/\/svetslik.si\/hr\/wp-json\/wp\/v2\/media\/19957"}],"wp:attachment":[{"href":"https:\/\/svetslik.si\/hr\/wp-json\/wp\/v2\/media?parent=33762"}],"wp:term":[{"taxonomy":"product_brand","embeddable":true,"href":"https:\/\/svetslik.si\/hr\/wp-json\/wp\/v2\/product_brand?post=33762"},{"taxonomy":"product_cat","embeddable":true,"href":"https:\/\/svetslik.si\/hr\/wp-json\/wp\/v2\/product_cat?post=33762"},{"taxonomy":"product_tag","embeddable":true,"href":"https:\/\/svetslik.si\/hr\/wp-json\/wp\/v2\/product_tag?post=33762"}],"curies":[{"name":"wp","href":"https:\/\/api.w.org\/{rel}","templated":true}]}}