{"id":33778,"date":"2021-09-02T18:37:31","date_gmt":"2021-09-02T16:37:31","guid":{"rendered":"https:\/\/svetslik.si\/uncategorized\/energija-privlacnosti\/"},"modified":"2026-03-18T11:43:48","modified_gmt":"2026-03-18T10:43:48","slug":"energetske-slike-energija-privlacnosti","status":"publish","type":"product","link":"https:\/\/svetslik.si\/hr\/energetske-slike-1\/energetske-slike-energija-privlacnosti\/","title":{"rendered":"Energetske slike &#8211; Energija privla\u010dnosti"},"content":{"rendered":"<div class=\"wpb-content-wrapper\">[vc_row][vc_column][vc_column_text css=&#8221;&#8221;]\n<h1>Energetske slike &#8211; Energi\u010dna privla\u010dnost<\/h1>\n<p data-start=\"77\" data-end=\"431\">Energijska slika na platnu predstavlja energije koje mogu preusmjeriti doga\u0111aje koji bi mogli smanjiti ljubav i sre\u0107u u va\u0161em \u017eivotu. Ova slika djeluje u va\u0161u korist i stvara nepobjediv \u0161tit od prijevara svih vrsta. Imati ovu sliku poja\u010dava energiju koja vam omogu\u0107uje da zra\u010dite posebnim magnetizmom i karizmom te neodoljivo privla\u010dite ljude oko sebe.<\/p>\n<p data-start=\"433\" data-end=\"721\">Energija je klju\u010dna u na\u0161em svakodnevnom \u017eivotu. Slika \u00bbEnergija privla\u010dnosti\u00ab posebno je osmi\u0161ljena za stvaranje pozitivne i sna\u017ene energije u va\u0161em prostoru. Svaki potez kista, svaka boja na platnu nosi vibracije i namjeru koja poma\u017ee uspostaviti ravnote\u017eu i harmoniju u va\u0161em \u017eivotu.<\/p>\n<p data-start=\"723\" data-end=\"1064\">Ovo umjetni\u010dko djelo ru\u010dno je izra\u0111eno s posebnom pa\u017enjom i ljubavlju prema detaljima. Svaki dodir kista pa\u017eljivo je promi\u0161ljen kako bi se na platno prenijela sna\u017ena i pozitivna energija. Slika \u00bbEnergija privla\u010dnosti\u00ab jedinstveno je djelo koje je stvorio iskusan umjetnik s ciljem da vam pomogne privu\u0107i ljubav, sre\u0107u i obilje u va\u0161 \u017eivot.<\/p>\n<p data-start=\"1066\" data-end=\"1378\">Ova slika djeluje kao poticaj za va\u0161u unutarnju snagu i samopouzdanje. Kada je imate u svom prostoru, energija u okolini se preobra\u017eava i usmjerava u va\u0161u korist. Magnetizam i karizma koje \u0107ete zra\u010diti privu\u0107i \u0107e pa\u017enju drugih ljudi, \u0161to \u0107e oja\u010dati va\u0161e odnose i omogu\u0107iti vam da se pove\u017eete na dubljoj razini.<\/p>\n<p data-start=\"1380\" data-end=\"1686\">Osim svoje sna\u017ene energijske prisutnosti, slika \u00bbEnergija privla\u010dnosti\u00ab tako\u0111er je estetski privla\u010dna. Odabrane boje i oblici pa\u017eljivo su spojeni kako bi stvorili vizualnu harmoniju. Ova slika \u0107e u va\u0161em prostoru slu\u017eiti kao jedinstveno umjetni\u010dko djelo koje \u0107e privla\u010diti poglede i odu\u0161eviti va\u0161e goste.<\/p>\n<p data-start=\"1688\" data-end=\"2019\">Bez obzira tra\u017eite li posebno umjetni\u010dko djelo koje \u0107e va\u0161em domu ili uredu dodati energiju i privla\u010dnost ili \u017eelite pokloniti ne\u0161to jedinstveno i zna\u010dajno nekome bliskom, slika \u00bbEnergija privla\u010dnosti\u00ab savr\u0161en je izbor. Njezina sna\u017ena energija i izvanredna estetika zasigurno \u0107e vas inspirirati i utjecati na vas i ljude oko vas.<\/p>\n[\/vc_column_text][\/vc_column][\/vc_row][vc_row css=&#8221;.vc_custom_1773828988752{margin-bottom: 10px !important;}&#8221;][vc_column]\t<div class=\"et-image-838 et-image  full   et_image_link\">\n\t\t<div class=\"et-image-inner \">\n\t\t\t\t\t\t\t<div class=\"et-image-thumb \">\n\t\t\t\t\t<img decoding=\"async\" width=\"1354\" height=\"2560\" src=\"https:\/\/svetslik.si\/wp-content\/uploads\/2021\/09\/Energijske-slike-\u2013-Energija-privlacnosti-scaled.jpg\" class=\"attachment-full\" alt=\"Energijske slike \u2013 Energija privla\u010dnosti\" title=\"Energetske slike - Energija privla\u010dnosti\" srcset=\"https:\/\/svetslik.si\/wp-content\/uploads\/2021\/09\/Energijske-slike-\u2013-Energija-privlacnosti-scaled.jpg 1354w, https:\/\/svetslik.si\/wp-content\/uploads\/2021\/09\/Energijske-slike-\u2013-Energija-privlacnosti-159x300.jpg 159w, https:\/\/svetslik.si\/wp-content\/uploads\/2021\/09\/Energijske-slike-\u2013-Energija-privlacnosti-541x1024.jpg 541w, https:\/\/svetslik.si\/wp-content\/uploads\/2021\/09\/Energijske-slike-\u2013-Energija-privlacnosti-768x1453.jpg 768w, https:\/\/svetslik.si\/wp-content\/uploads\/2021\/09\/Energijske-slike-\u2013-Energija-privlacnosti-812x1536.jpg 812w, https:\/\/svetslik.si\/wp-content\/uploads\/2021\/09\/Energijske-slike-\u2013-Energija-privlacnosti-1083x2048.jpg 1083w, https:\/\/svetslik.si\/wp-content\/uploads\/2021\/09\/Energijske-slike-\u2013-Energija-privlacnosti-79x150.jpg 79w, https:\/\/svetslik.si\/wp-content\/uploads\/2021\/09\/Energijske-slike-\u2013-Energija-privlacnosti-600x1135.jpg 600w, https:\/\/svetslik.si\/wp-content\/uploads\/2021\/09\/Energijske-slike-\u2013-Energija-privlacnosti-scaled-1200x2269.jpg 1200w\" sizes=\"(max-width: 1354px) 100vw, 1354px\" \/>\t\t\t\t<\/div>\n\t\t\t\t\t\t\t\t\t\t\t<\/div>\n\t<\/div>\n  [\/vc_column][\/vc_row][vc_row css=&#8221;.vc_custom_1773828988752{margin-bottom: 10px !important;}&#8221;][vc_column]\t<div class=\"et-image-17 et-image  full   et_image_link\">\n\t\t<div class=\"et-image-inner \">\n\t\t\t\t\t\t\t<div class=\"et-image-thumb \">\n\t\t\t\t\t<img decoding=\"async\" width=\"1319\" height=\"2560\" src=\"https:\/\/svetslik.si\/wp-content\/uploads\/2021\/09\/Energijske-slike-\u2013-Energija-privlacnosti-2-scaled.webp\" class=\"attachment-full\" alt=\"Energetske slike - Energija privla\u010dnosti\" title=\"Energetske slike - Energija privla\u010dnosti\" srcset=\"https:\/\/svetslik.si\/wp-content\/uploads\/2021\/09\/Energijske-slike-\u2013-Energija-privlacnosti-2-scaled.webp 1319w, https:\/\/svetslik.si\/wp-content\/uploads\/2021\/09\/Energijske-slike-\u2013-Energija-privlacnosti-2-155x300.webp 155w, https:\/\/svetslik.si\/wp-content\/uploads\/2021\/09\/Energijske-slike-\u2013-Energija-privlacnosti-2-527x1024.webp 527w, https:\/\/svetslik.si\/wp-content\/uploads\/2021\/09\/Energijske-slike-\u2013-Energija-privlacnosti-2-768x1491.webp 768w, https:\/\/svetslik.si\/wp-content\/uploads\/2021\/09\/Energijske-slike-\u2013-Energija-privlacnosti-2-791x1536.webp 791w, https:\/\/svetslik.si\/wp-content\/uploads\/2021\/09\/Energijske-slike-\u2013-Energija-privlacnosti-2-1055x2048.webp 1055w, https:\/\/svetslik.si\/wp-content\/uploads\/2021\/09\/Energijske-slike-\u2013-Energija-privlacnosti-2-77x150.webp 77w, https:\/\/svetslik.si\/wp-content\/uploads\/2021\/09\/Energijske-slike-\u2013-Energija-privlacnosti-2-600x1165.webp 600w, https:\/\/svetslik.si\/wp-content\/uploads\/2021\/09\/Energijske-slike-\u2013-Energija-privlacnosti-2-1200x2330.webp 1200w\" sizes=\"(max-width: 1319px) 100vw, 1319px\" \/>\t\t\t\t<\/div>\n\t\t\t\t\t\t\t\t\t\t\t<\/div>\n\t<\/div>\n  [\/vc_column][\/vc_row][vc_row css=&#8221;.vc_custom_1773828988752{margin-bottom: 10px !important;}&#8221;][vc_column]\t<div class=\"et-image-837 et-image  full   et_image_link\">\n\t\t<div class=\"et-image-inner \">\n\t\t\t\t\t\t\t<div class=\"et-image-thumb \">\n\t\t\t\t\t<img decoding=\"async\" width=\"1500\" height=\"2000\" src=\"https:\/\/svetslik.si\/wp-content\/uploads\/2021\/09\/Energijske-slike-\u2013-Energija-privlacnosti.webp\" class=\"attachment-full\" alt=\"Energetske slike - Energija privla\u010dnosti\" title=\"Energetske slike - Energija privla\u010dnosti\" srcset=\"https:\/\/svetslik.si\/wp-content\/uploads\/2021\/09\/Energijske-slike-\u2013-Energija-privlacnosti.webp 1500w, https:\/\/svetslik.si\/wp-content\/uploads\/2021\/09\/Energijske-slike-\u2013-Energija-privlacnosti-225x300.webp 225w, https:\/\/svetslik.si\/wp-content\/uploads\/2021\/09\/Energijske-slike-\u2013-Energija-privlacnosti-768x1024.webp 768w, https:\/\/svetslik.si\/wp-content\/uploads\/2021\/09\/Energijske-slike-\u2013-Energija-privlacnosti-1152x1536.webp 1152w, https:\/\/svetslik.si\/wp-content\/uploads\/2021\/09\/Energijske-slike-\u2013-Energija-privlacnosti-113x150.webp 113w, https:\/\/svetslik.si\/wp-content\/uploads\/2021\/09\/Energijske-slike-\u2013-Energija-privlacnosti-600x800.webp 600w, https:\/\/svetslik.si\/wp-content\/uploads\/2021\/09\/Energijske-slike-\u2013-Energija-privlacnosti-1200x1600.webp 1200w\" sizes=\"(max-width: 1500px) 100vw, 1500px\" \/>\t\t\t\t<\/div>\n\t\t\t\t\t\t\t\t\t\t\t<\/div>\n\t<\/div>\n  [\/vc_column][\/vc_row]\n<\/div>","protected":false},"excerpt":{"rendered":"<p>[vc_row][vc_column][vc_column_text css=&#8221;&#8221;] Energetske slike &#8211; Energi\u010dna privla\u010dnost Energijska slika na platnu predstavlja energije koje mogu preusmjeriti doga\u0111aje koji bi mogli smanjiti ljubav i sre\u0107u u va\u0161em \u017eivotu. Ova slika djeluje u va\u0161u korist i stvara nepobjediv \u0161tit od prijevara svih vrsta. Imati ovu sliku poja\u010dava energiju koja vam omogu\u0107uje da [&hellip;]<\/p>\n","protected":false},"featured_media":20256,"template":"","meta":{"_acf_changed":false},"product_brand":[],"product_cat":[3363,3364],"product_tag":[4126],"class_list":{"0":"post-33778","1":"product","2":"type-product","3":"status-publish","4":"has-post-thumbnail","6":"product_cat-energetske-slike","7":"product_cat-energetske-slike-1","8":"product_tag-energijske-slike-hr","9":"pa_dimenzija-40-x-80-cm-hr","10":"pa_dimenzija-50-x-100-cm-hr","11":"pa_dimenzija-75-x-150-cm-hr","12":"pa_oblika-okomito","13":"pa_okvir-bez-okvira","14":"pa_podokvir-bez-podokvira","15":"pa_podokvir-sa-podokvirom","17":"first","18":"onbackorder","19":"purchasable","20":"product-type-variable","21":"has-default-attributes"},"acf":[],"yoast_head":"<!-- This site is optimized with the Yoast SEO Premium plugin v26.0 (Yoast SEO v27.2) - https:\/\/yoast.com\/product\/yoast-seo-premium-wordpress\/ -->\n<title>Energetske slike - Energija privla\u010dnosti - SVETSLIK.SI - 100% ru\u010dno naslikano<\/title>\n<meta name=\"description\" content=\"Ru\u010dno naslikane energetske slike - Energetske slike - Energija privla\u010dnosti - Sliku mo\u017eete uokviriti pomo\u0107u na\u0161e jedinstvene aplikacije na stranici.\" \/>\n<meta name=\"robots\" content=\"index, follow, max-snippet:-1, max-image-preview:large, max-video-preview:-1\" \/>\n<link rel=\"canonical\" href=\"https:\/\/svetslik.si\/hr\/energetske-slike-1\/energetske-slike-energija-privlacnosti\/\" \/>\n<meta property=\"og:locale\" content=\"hr_HR\" \/>\n<meta property=\"og:type\" content=\"article\" \/>\n<meta property=\"og:title\" content=\"Energetske slike - Energija privla\u010dnosti\" \/>\n<meta property=\"og:description\" content=\"100% ro\u010dno naslikane slike na platnu, reprodukcije znanih slikarjev in umetni\u0161ke slike po naro\u010dilu.\" \/>\n<meta property=\"og:url\" content=\"https:\/\/svetslik.si\/hr\/energetske-slike-1\/energetske-slike-energija-privlacnosti\/\" \/>\n<meta property=\"og:site_name\" content=\"SVETSLIK.SI\" \/>\n<meta property=\"article:publisher\" content=\"https:\/\/www.facebook.com\/svetslik.si\" \/>\n<meta property=\"article:modified_time\" content=\"2026-03-18T10:43:48+00:00\" \/>\n<meta property=\"og:image\" content=\"https:\/\/svetslik.si\/wp-content\/uploads\/2021\/08\/image_energija-privlacnosti_680.jpg\" \/>\n\t<meta property=\"og:image:width\" content=\"345\" \/>\n\t<meta property=\"og:image:height\" content=\"680\" \/>\n\t<meta property=\"og:image:type\" content=\"image\/jpeg\" \/>\n<meta name=\"twitter:card\" content=\"summary_large_image\" \/>\n<meta name=\"twitter:site\" content=\"@svetslik\" \/>\n<meta name=\"twitter:label1\" content=\"Availability\" \/>\n\t<meta name=\"twitter:data1\" content=\"On backorder\" \/>\n<script type=\"application\/ld+json\" class=\"yoast-schema-graph\">{\"@context\":\"https:\/\/schema.org\",\"@graph\":[{\"@type\":[\"WebPage\",\"ItemPage\"],\"@id\":\"https:\/\/svetslik.si\/hr\/energetske-slike-1\/energetske-slike-energija-privlacnosti\/\",\"url\":\"https:\/\/svetslik.si\/hr\/energetske-slike-1\/energetske-slike-energija-privlacnosti\/\",\"name\":\"Energetske slike - Energija privla\u010dnosti - SVETSLIK.SI - 100% ru\u010dno naslikano\",\"isPartOf\":{\"@id\":\"https:\/\/svetslik.si\/hr\/#website\"},\"primaryImageOfPage\":{\"@id\":\"https:\/\/svetslik.si\/hr\/energetske-slike-1\/energetske-slike-energija-privlacnosti\/#primaryimage\"},\"image\":{\"@id\":\"https:\/\/svetslik.si\/hr\/energetske-slike-1\/energetske-slike-energija-privlacnosti\/#primaryimage\"},\"thumbnailUrl\":\"https:\/\/svetslik.si\/wp-content\/uploads\/2021\/08\/image_energija-privlacnosti_680.jpg\",\"datePublished\":\"2021-09-02T16:37:31+00:00\",\"dateModified\":\"2026-03-18T10:43:48+00:00\",\"description\":\"Ru\u010dno naslikane energetske slike - Energetske slike - Energija privla\u010dnosti - Sliku mo\u017eete uokviriti pomo\u0107u na\u0161e jedinstvene aplikacije na stranici.\",\"breadcrumb\":{\"@id\":\"https:\/\/svetslik.si\/hr\/energetske-slike-1\/energetske-slike-energija-privlacnosti\/#breadcrumb\"},\"inLanguage\":\"hr\",\"potentialAction\":[{\"@type\":\"ReadAction\",\"target\":[\"https:\/\/svetslik.si\/hr\/energetske-slike-1\/energetske-slike-energija-privlacnosti\/\"]}]},{\"@type\":\"ImageObject\",\"inLanguage\":\"hr\",\"@id\":\"https:\/\/svetslik.si\/hr\/energetske-slike-1\/energetske-slike-energija-privlacnosti\/#primaryimage\",\"url\":\"https:\/\/svetslik.si\/wp-content\/uploads\/2021\/08\/image_energija-privlacnosti_680.jpg\",\"contentUrl\":\"https:\/\/svetslik.si\/wp-content\/uploads\/2021\/08\/image_energija-privlacnosti_680.jpg\",\"width\":345,\"height\":680,\"caption\":\"Energetske slike za zid na platnu - Energija \u010di\u0161\u0107enja i detoksikacije - Umjetni\u010dka slika - moderne slike, ambijentalne slike za zid, apstraktne slike, dekorativne slike za zid, kupnja i prodaja slika\"},{\"@type\":\"BreadcrumbList\",\"@id\":\"https:\/\/svetslik.si\/hr\/energetske-slike-1\/energetske-slike-energija-privlacnosti\/#breadcrumb\",\"itemListElement\":[{\"@type\":\"ListItem\",\"position\":1,\"name\":\"Umjetni\u010dke zidne slike na platnu\",\"item\":\"https:\/\/svetslik.si\/hr\/\"},{\"@type\":\"ListItem\",\"position\":2,\"name\":\"Prodaja slika\",\"item\":\"https:\/\/svetslik.si\/prodaja-slik\/\"},{\"@type\":\"ListItem\",\"position\":3,\"name\":\"Energetske slike &#8211; Energija privla\u010dnosti\"}]},{\"@type\":\"WebSite\",\"@id\":\"https:\/\/svetslik.si\/hr\/#website\",\"url\":\"https:\/\/svetslik.si\/hr\/\",\"name\":\"SVETSLIK.SI\",\"description\":\"100% ru\u010dno naslikane reprodukcije slika poznatih slikara in umjetni\u010dke zidne slike na platnu.\",\"publisher\":{\"@id\":\"https:\/\/svetslik.si\/hr\/#organization\"},\"potentialAction\":[{\"@type\":\"SearchAction\",\"target\":{\"@type\":\"EntryPoint\",\"urlTemplate\":\"https:\/\/svetslik.si\/hr\/?s={search_term_string}\"},\"query-input\":{\"@type\":\"PropertyValueSpecification\",\"valueRequired\":true,\"valueName\":\"search_term_string\"}}],\"inLanguage\":\"hr\"},{\"@type\":\"Organization\",\"@id\":\"https:\/\/svetslik.si\/hr\/#organization\",\"name\":\"SvetSlik.si\",\"url\":\"https:\/\/svetslik.si\/hr\/\",\"logo\":{\"@type\":\"ImageObject\",\"inLanguage\":\"hr\",\"@id\":\"https:\/\/svetslik.si\/hr\/#\/schema\/logo\/image\/\",\"url\":\"https:\/\/svetslik.si\/wp-content\/uploads\/2020\/12\/logo-512.png\",\"contentUrl\":\"https:\/\/svetslik.si\/wp-content\/uploads\/2020\/12\/logo-512.png\",\"width\":512,\"height\":512,\"caption\":\"SvetSlik.si\"},\"image\":{\"@id\":\"https:\/\/svetslik.si\/hr\/#\/schema\/logo\/image\/\"},\"sameAs\":[\"https:\/\/www.facebook.com\/svetslik.si\",\"https:\/\/x.com\/svetslik\",\"https:\/\/www.instagram.com\/svetslik.si\/\",\"https:\/\/www.linkedin.com\/company\/svetslik-si\"]}]}<\/script>\n<meta property=\"og:availability\" content=\"backorder\" \/>\n<meta property=\"product:availability\" content=\"available for order\" \/>\n<meta property=\"product:retailer_item_id\" content=\"662__\" \/>\n<meta property=\"product:condition\" content=\"new\" \/>\n<!-- \/ Yoast SEO Premium plugin. -->","yoast_head_json":{"title":"Energetske slike - Energija privla\u010dnosti - SVETSLIK.SI - 100% ru\u010dno naslikano","description":"Ru\u010dno naslikane energetske slike - Energetske slike - Energija privla\u010dnosti - Sliku mo\u017eete uokviriti pomo\u0107u na\u0161e jedinstvene aplikacije na stranici.","robots":{"index":"index","follow":"follow","max-snippet":"max-snippet:-1","max-image-preview":"max-image-preview:large","max-video-preview":"max-video-preview:-1"},"canonical":"https:\/\/svetslik.si\/hr\/energetske-slike-1\/energetske-slike-energija-privlacnosti\/","og_locale":"hr_HR","og_type":"article","og_title":"Energetske slike - Energija privla\u010dnosti","og_description":"100% ro\u010dno naslikane slike na platnu, reprodukcije znanih slikarjev in umetni\u0161ke slike po naro\u010dilu.","og_url":"https:\/\/svetslik.si\/hr\/energetske-slike-1\/energetske-slike-energija-privlacnosti\/","og_site_name":"SVETSLIK.SI","article_publisher":"https:\/\/www.facebook.com\/svetslik.si","article_modified_time":"2026-03-18T10:43:48+00:00","og_image":[{"width":345,"height":680,"url":"https:\/\/svetslik.si\/wp-content\/uploads\/2021\/08\/image_energija-privlacnosti_680.jpg","type":"image\/jpeg"}],"twitter_card":"summary_large_image","twitter_site":"@svetslik","twitter_misc":{"Availability":"On backorder"},"schema":{"@context":"https:\/\/schema.org","@graph":[{"@type":["WebPage","ItemPage"],"@id":"https:\/\/svetslik.si\/hr\/energetske-slike-1\/energetske-slike-energija-privlacnosti\/","url":"https:\/\/svetslik.si\/hr\/energetske-slike-1\/energetske-slike-energija-privlacnosti\/","name":"Energetske slike - Energija privla\u010dnosti - SVETSLIK.SI - 100% ru\u010dno naslikano","isPartOf":{"@id":"https:\/\/svetslik.si\/hr\/#website"},"primaryImageOfPage":{"@id":"https:\/\/svetslik.si\/hr\/energetske-slike-1\/energetske-slike-energija-privlacnosti\/#primaryimage"},"image":{"@id":"https:\/\/svetslik.si\/hr\/energetske-slike-1\/energetske-slike-energija-privlacnosti\/#primaryimage"},"thumbnailUrl":"https:\/\/svetslik.si\/wp-content\/uploads\/2021\/08\/image_energija-privlacnosti_680.jpg","datePublished":"2021-09-02T16:37:31+00:00","dateModified":"2026-03-18T10:43:48+00:00","description":"Ru\u010dno naslikane energetske slike - Energetske slike - Energija privla\u010dnosti - Sliku mo\u017eete uokviriti pomo\u0107u na\u0161e jedinstvene aplikacije na stranici.","breadcrumb":{"@id":"https:\/\/svetslik.si\/hr\/energetske-slike-1\/energetske-slike-energija-privlacnosti\/#breadcrumb"},"inLanguage":"hr","potentialAction":[{"@type":"ReadAction","target":["https:\/\/svetslik.si\/hr\/energetske-slike-1\/energetske-slike-energija-privlacnosti\/"]}]},{"@type":"ImageObject","inLanguage":"hr","@id":"https:\/\/svetslik.si\/hr\/energetske-slike-1\/energetske-slike-energija-privlacnosti\/#primaryimage","url":"https:\/\/svetslik.si\/wp-content\/uploads\/2021\/08\/image_energija-privlacnosti_680.jpg","contentUrl":"https:\/\/svetslik.si\/wp-content\/uploads\/2021\/08\/image_energija-privlacnosti_680.jpg","width":345,"height":680,"caption":"Energetske slike za zid na platnu - Energija \u010di\u0161\u0107enja i detoksikacije - Umjetni\u010dka slika - moderne slike, ambijentalne slike za zid, apstraktne slike, dekorativne slike za zid, kupnja i prodaja slika"},{"@type":"BreadcrumbList","@id":"https:\/\/svetslik.si\/hr\/energetske-slike-1\/energetske-slike-energija-privlacnosti\/#breadcrumb","itemListElement":[{"@type":"ListItem","position":1,"name":"Umjetni\u010dke zidne slike na platnu","item":"https:\/\/svetslik.si\/hr\/"},{"@type":"ListItem","position":2,"name":"Prodaja slika","item":"https:\/\/svetslik.si\/prodaja-slik\/"},{"@type":"ListItem","position":3,"name":"Energetske slike &#8211; Energija privla\u010dnosti"}]},{"@type":"WebSite","@id":"https:\/\/svetslik.si\/hr\/#website","url":"https:\/\/svetslik.si\/hr\/","name":"SVETSLIK.SI","description":"100% ru\u010dno naslikane reprodukcije slika poznatih slikara in umjetni\u010dke zidne slike na platnu.","publisher":{"@id":"https:\/\/svetslik.si\/hr\/#organization"},"potentialAction":[{"@type":"SearchAction","target":{"@type":"EntryPoint","urlTemplate":"https:\/\/svetslik.si\/hr\/?s={search_term_string}"},"query-input":{"@type":"PropertyValueSpecification","valueRequired":true,"valueName":"search_term_string"}}],"inLanguage":"hr"},{"@type":"Organization","@id":"https:\/\/svetslik.si\/hr\/#organization","name":"SvetSlik.si","url":"https:\/\/svetslik.si\/hr\/","logo":{"@type":"ImageObject","inLanguage":"hr","@id":"https:\/\/svetslik.si\/hr\/#\/schema\/logo\/image\/","url":"https:\/\/svetslik.si\/wp-content\/uploads\/2020\/12\/logo-512.png","contentUrl":"https:\/\/svetslik.si\/wp-content\/uploads\/2020\/12\/logo-512.png","width":512,"height":512,"caption":"SvetSlik.si"},"image":{"@id":"https:\/\/svetslik.si\/hr\/#\/schema\/logo\/image\/"},"sameAs":["https:\/\/www.facebook.com\/svetslik.si","https:\/\/x.com\/svetslik","https:\/\/www.instagram.com\/svetslik.si\/","https:\/\/www.linkedin.com\/company\/svetslik-si"]}]},"og_availability":"backorder","product_availability":"available for order","product_retailer_item_id":"662__","product_condition":"new"},"jetpack_sharing_enabled":true,"_links":{"self":[{"href":"https:\/\/svetslik.si\/hr\/wp-json\/wp\/v2\/product\/33778","targetHints":{"allow":["GET"]}}],"collection":[{"href":"https:\/\/svetslik.si\/hr\/wp-json\/wp\/v2\/product"}],"about":[{"href":"https:\/\/svetslik.si\/hr\/wp-json\/wp\/v2\/types\/product"}],"wp:featuredmedia":[{"embeddable":true,"href":"https:\/\/svetslik.si\/hr\/wp-json\/wp\/v2\/media\/20256"}],"wp:attachment":[{"href":"https:\/\/svetslik.si\/hr\/wp-json\/wp\/v2\/media?parent=33778"}],"wp:term":[{"taxonomy":"product_brand","embeddable":true,"href":"https:\/\/svetslik.si\/hr\/wp-json\/wp\/v2\/product_brand?post=33778"},{"taxonomy":"product_cat","embeddable":true,"href":"https:\/\/svetslik.si\/hr\/wp-json\/wp\/v2\/product_cat?post=33778"},{"taxonomy":"product_tag","embeddable":true,"href":"https:\/\/svetslik.si\/hr\/wp-json\/wp\/v2\/product_tag?post=33778"}],"curies":[{"name":"wp","href":"https:\/\/api.w.org\/{rel}","templated":true}]}}