{"id":33782,"date":"2021-09-02T18:37:31","date_gmt":"2021-09-02T16:37:31","guid":{"rendered":"https:\/\/svetslik.si\/uncategorized\/tretje-oko\/"},"modified":"2023-11-12T09:04:52","modified_gmt":"2023-11-12T08:04:52","slug":"energetske-slike-trece-oko","status":"publish","type":"product","link":"https:\/\/svetslik.si\/hr\/energetske-slike-1\/energetske-slike-trece-oko\/","title":{"rendered":"Energetske slike &#8211; Tre\u0107e oko"},"content":{"rendered":"<div class=\"wpb-content-wrapper\">[vc_row css=&#8221;.vc_custom_1699776122537{margin-bottom: 10px !important;}&#8221;][vc_column]\t<div class=\"et-image-198 et-image     et_image_link\">\n\t\t<div class=\"et-image-inner \">\n\t\t\t\t\t\t\t<div class=\"et-image-thumb \">\n\t\t\t\t\t<img decoding=\"async\" width=\"1000\" height=\"1706\" src=\"https:\/\/svetslik.si\/wp-content\/uploads\/2021\/09\/Energijske-slike-\u2013-Tretje-oko-3.jpg\" class=\"attachment-full\" alt=\"Energetska slika \u2013 Tre\u0107e oko: Vibrantna umjetni\u010dka interpretacija tre\u0107eg oka, pozivaju\u0107i na introspekciju i pro\u0161irenu svijest.\" title=\"Energetske slike \u2013 Tre\u0107e oko\" srcset=\"https:\/\/svetslik.si\/wp-content\/uploads\/2021\/09\/Energijske-slike-\u2013-Tretje-oko-3.jpg 1000w, https:\/\/svetslik.si\/wp-content\/uploads\/2021\/09\/Energijske-slike-\u2013-Tretje-oko-3-600x1024.jpg 600w, https:\/\/svetslik.si\/wp-content\/uploads\/2021\/09\/Energijske-slike-\u2013-Tretje-oko-3-176x300.jpg 176w, https:\/\/svetslik.si\/wp-content\/uploads\/2021\/09\/Energijske-slike-\u2013-Tretje-oko-3-768x1310.jpg 768w, https:\/\/svetslik.si\/wp-content\/uploads\/2021\/09\/Energijske-slike-\u2013-Tretje-oko-3-900x1535.jpg 900w, https:\/\/svetslik.si\/wp-content\/uploads\/2021\/09\/Energijske-slike-\u2013-Tretje-oko-3-88x150.jpg 88w\" sizes=\"(max-width: 1000px) 100vw, 1000px\" \/>\t\t\t\t<\/div>\n\t\t\t\t\t\t\t\t\t\t\t<\/div>\n\t<\/div>\n  [\/vc_column][\/vc_row][vc_row css=&#8221;.vc_custom_1699776122537{margin-bottom: 10px !important;}&#8221;][vc_column]\t<div class=\"et-image-882 et-image     et_image_link\">\n\t\t<div class=\"et-image-inner \">\n\t\t\t\t\t\t\t<div class=\"et-image-thumb \">\n\t\t\t\t\t<img decoding=\"async\" width=\"1000\" height=\"563\" src=\"https:\/\/svetslik.si\/wp-content\/uploads\/2021\/09\/Energijske-slike-\u2013-Tretje-oko.jpg\" class=\"attachment-full\" alt=\"Energetska slika \u2013 Tre\u0107e oko: Misti\u010dno platno koje o\u017eivljava duhovnost i unutarnje vidjenje, poti\u010du\u0107i razvoj tre\u0107eg oka.\" title=\"Energetske slike \u2013 Tre\u0107e oko\" srcset=\"https:\/\/svetslik.si\/wp-content\/uploads\/2021\/09\/Energijske-slike-\u2013-Tretje-oko.jpg 1000w, https:\/\/svetslik.si\/wp-content\/uploads\/2021\/09\/Energijske-slike-\u2013-Tretje-oko-600x338.jpg 600w, https:\/\/svetslik.si\/wp-content\/uploads\/2021\/09\/Energijske-slike-\u2013-Tretje-oko-300x169.jpg 300w, https:\/\/svetslik.si\/wp-content\/uploads\/2021\/09\/Energijske-slike-\u2013-Tretje-oko-768x432.jpg 768w, https:\/\/svetslik.si\/wp-content\/uploads\/2021\/09\/Energijske-slike-\u2013-Tretje-oko-150x84.jpg 150w, https:\/\/svetslik.si\/wp-content\/uploads\/2021\/09\/Energijske-slike-\u2013-Tretje-oko-900x507.jpg 900w\" sizes=\"(max-width: 1000px) 100vw, 1000px\" \/>\t\t\t\t<\/div>\n\t\t\t\t\t\t\t\t\t\t\t<\/div>\n\t<\/div>\n  [\/vc_column][\/vc_row][vc_row css=&#8221;.vc_custom_1699776122537{margin-bottom: 10px !important;}&#8221;][vc_column]\t<div class=\"et-image-609 et-image     et_image_link\">\n\t\t<div class=\"et-image-inner \">\n\t\t\t\t\t\t\t<div class=\"et-image-thumb \">\n\t\t\t\t\t<img decoding=\"async\" width=\"1000\" height=\"563\" src=\"https:\/\/svetslik.si\/wp-content\/uploads\/2021\/09\/Energijske-slike-\u2013-Tretje-oko-2.jpg\" class=\"attachment-full\" alt=\"Energetska slika \u2013 Tre\u0107e oko: Intenzivna slika koja nagla\u0161ava va\u017enost unutarnjeg vida i spiritualnog prosvjetljenja.\" title=\"Energetske slike \u2013 Tre\u0107e oko\" srcset=\"https:\/\/svetslik.si\/wp-content\/uploads\/2021\/09\/Energijske-slike-\u2013-Tretje-oko-2.jpg 1000w, https:\/\/svetslik.si\/wp-content\/uploads\/2021\/09\/Energijske-slike-\u2013-Tretje-oko-2-600x338.jpg 600w, https:\/\/svetslik.si\/wp-content\/uploads\/2021\/09\/Energijske-slike-\u2013-Tretje-oko-2-300x169.jpg 300w, https:\/\/svetslik.si\/wp-content\/uploads\/2021\/09\/Energijske-slike-\u2013-Tretje-oko-2-768x432.jpg 768w, https:\/\/svetslik.si\/wp-content\/uploads\/2021\/09\/Energijske-slike-\u2013-Tretje-oko-2-150x84.jpg 150w, https:\/\/svetslik.si\/wp-content\/uploads\/2021\/09\/Energijske-slike-\u2013-Tretje-oko-2-900x507.jpg 900w\" sizes=\"(max-width: 1000px) 100vw, 1000px\" \/>\t\t\t\t<\/div>\n\t\t\t\t\t\t\t\t\t\t\t<\/div>\n\t<\/div>\n  [\/vc_column][\/vc_row][vc_row][vc_column][vc_column_text]\n<h1>Energetska slika &#8211; Tre\u0107e oko: Otvorite novi pogled<\/h1>\n<p>Tre\u0107e oko je poznato kao centar intuitivne percepcije i unutarnjeg razumijevanja. Predstavlja duboku povezanost s suptilnim energijama i mogu\u0107nost da vidimo izvan uobi\u010dajenog vidljivog spektra. Jedno od mojih jedinstvenih energetskih slika, nazvano &#8220;Tre\u0107e oko&#8221;, dizajnirano je s ciljem da vam pomogne u otvaranju novog pogleda na svijet oko vas.<\/p>\n<p>Slika &#8220;Tre\u0107e oko&#8221; stvorena je s ljubavlju i pa\u017enjom prema detaljima, ru\u010dno oslikana s odabranim bojama i tehnikama koje prenose posebnu energiju. Svaki potez kista ima svrhu preno\u0161enja energije tre\u0107eg oka na platno i uspostavljanja veze izme\u0111u slike i promatra\u010da.<\/p>\n<p>Tre\u0107e oko nam omogu\u0107uje da razumijemo stvari na dubljoj razini. Kada se tre\u0107e oko otvori, otvaraju se nove dimenzije percepcije. Na taj na\u010din percipiramo suptilne energije koje nas okru\u017euju i mo\u017eemo u\u0107i u unutarnji svijet drugih ljudi. Slika &#8220;Tre\u0107e oko&#8221; u va\u0161em prostoru bit \u0107e stalni podsjetnik na tu va\u017enu sposobnost.<\/p>\n<p>Kada vam se tre\u0107e oko otvori, po\u010det \u0107ete primje\u0107ivati stvari koje biste mo\u017eda na po\u010detku te\u0161ko mogli prihvatiti mentalno. Ova slikovita energetska slika mo\u017ee vam slu\u017eiti kao inspiracija i poticaj u istra\u017eivanju va\u0161e intuitivne prirode. Svojim intenzivnim bojama i simboli\u010dnim elementima, slika poziva na dublje istra\u017eivanje vlastite svijesti.<\/p>\n<p>Neka slika &#8220;Tre\u0107e oko&#8221; bude izvor inspiracije i podr\u0161ke u va\u0161em duhovnom razvoju. Postavite je na vidljivo mjesto u svom prostoru gdje \u0107ete imati priliku smiriti se, opustiti se i produbiti svoje razumijevanje univerzalne istine.<\/p>\n<p>Neka vam ova energetska slika bude vodi\u010d na putu pro\u0161irivanja svijesti i otkrivanja dubina koje su skrivene u vama. Otkrijte snagu tre\u0107eg oka i otvorite se novim spoznajama i iskustvima.<\/p>\n<p>Promatrajte sliku &#8220;Tre\u0107e oko&#8221; i dopustite da vas vodi na putovanje kroz unutarnje dimenzije. Budite spremni otkrivati nove istine i do\u017eivljavati svijet na potpuno druga\u010diji na\u010din.<\/p>\n<p>Naru\u010dite energetsku sliku &#8220;Tre\u0107e oko&#8221; i otvorite vrata svoje svijesti.[\/vc_column_text][\/vc_column][\/vc_row]\n<\/div>","protected":false},"excerpt":{"rendered":"<p>[vc_row css=&#8221;.vc_custom_1699776122537{margin-bottom: 10px !important;}&#8221;][vc_column][\/vc_column][\/vc_row][vc_row css=&#8221;.vc_custom_1699776122537{margin-bottom: 10px !important;}&#8221;][vc_column][\/vc_column][\/vc_row][vc_row css=&#8221;.vc_custom_1699776122537{margin-bottom: 10px !important;}&#8221;][vc_column][\/vc_column][\/vc_row][vc_row][vc_column][vc_column_text] Energetska slika &#8211; Tre\u0107e oko: Otvorite novi pogled Tre\u0107e oko je poznato kao centar intuitivne percepcije i unutarnjeg razumijevanja. Predstavlja duboku povezanost s suptilnim energijama i mogu\u0107nost da vidimo izvan uobi\u010dajenog vidljivog spektra. Jedno od mojih jedinstvenih energetskih slika, nazvano [&hellip;]<\/p>\n","protected":false},"featured_media":20898,"template":"","meta":{"_acf_changed":false},"product_brand":[],"product_cat":[3363,3364],"product_tag":[4126],"class_list":{"0":"post-33782","1":"product","2":"type-product","3":"status-publish","4":"has-post-thumbnail","6":"product_cat-energetske-slike","7":"product_cat-energetske-slike-1","8":"product_tag-energijske-slike-hr","9":"pa_dimenzija-40-x-80-cm-hr","10":"pa_dimenzija-50-x-100-cm-hr","11":"pa_dimenzija-75-x-150-cm-hr","12":"pa_oblika-okomito","13":"pa_okvir-bez-okvira","14":"pa_podokvir-bez-podokvira","15":"pa_podokvir-sa-podokvirom","17":"first","18":"onbackorder","19":"purchasable","20":"product-type-variable","21":"has-default-attributes"},"acf":[],"yoast_head":"<!-- This site is optimized with the Yoast SEO Premium plugin v26.0 (Yoast SEO v27.2) - https:\/\/yoast.com\/product\/yoast-seo-premium-wordpress\/ -->\n<title>Energetske slike - Tre\u0107e oko - SVETSLIK.SI - 100% ru\u010dno naslikano<\/title>\n<meta name=\"description\" content=\"Ru\u010dno naslikane energetske slike - Energetske slike - Tre\u0107e oko - Sliku mo\u017eete uokviriti pomo\u0107u na\u0161e jedinstvene aplikacije na stranici.\" \/>\n<meta name=\"robots\" content=\"index, follow, max-snippet:-1, max-image-preview:large, max-video-preview:-1\" \/>\n<link rel=\"canonical\" href=\"https:\/\/svetslik.si\/hr\/energetske-slike-1\/energetske-slike-trece-oko\/\" \/>\n<meta property=\"og:locale\" content=\"hr_HR\" \/>\n<meta property=\"og:type\" content=\"article\" \/>\n<meta property=\"og:title\" content=\"Energetske slike - Tre\u0107e oko\" \/>\n<meta property=\"og:description\" content=\"100% ro\u010dno naslikane slike na platnu, reprodukcije znanih slikarjev in umetni\u0161ke slike po naro\u010dilu.\" \/>\n<meta property=\"og:url\" content=\"https:\/\/svetslik.si\/hr\/energetske-slike-1\/energetske-slike-trece-oko\/\" \/>\n<meta property=\"og:site_name\" content=\"SVETSLIK.SI\" \/>\n<meta property=\"article:publisher\" content=\"https:\/\/www.facebook.com\/svetslik.si\" \/>\n<meta property=\"article:modified_time\" content=\"2023-11-12T08:04:52+00:00\" \/>\n<meta property=\"og:image\" content=\"https:\/\/svetslik.si\/wp-content\/uploads\/2021\/08\/image_tretje-oko_680.jpg\" \/>\n\t<meta property=\"og:image:width\" content=\"346\" \/>\n\t<meta property=\"og:image:height\" content=\"680\" \/>\n\t<meta property=\"og:image:type\" content=\"image\/jpeg\" \/>\n<meta name=\"twitter:card\" content=\"summary_large_image\" \/>\n<meta name=\"twitter:site\" content=\"@svetslik\" \/>\n<meta name=\"twitter:label1\" content=\"Availability\" \/>\n\t<meta name=\"twitter:data1\" content=\"On backorder\" \/>\n<script type=\"application\/ld+json\" class=\"yoast-schema-graph\">{\"@context\":\"https:\/\/schema.org\",\"@graph\":[{\"@type\":[\"WebPage\",\"ItemPage\"],\"@id\":\"https:\/\/svetslik.si\/hr\/energetske-slike-1\/energetske-slike-trece-oko\/\",\"url\":\"https:\/\/svetslik.si\/hr\/energetske-slike-1\/energetske-slike-trece-oko\/\",\"name\":\"Energetske slike - Tre\u0107e oko - SVETSLIK.SI - 100% ru\u010dno naslikano\",\"isPartOf\":{\"@id\":\"https:\/\/svetslik.si\/hr\/#website\"},\"primaryImageOfPage\":{\"@id\":\"https:\/\/svetslik.si\/hr\/energetske-slike-1\/energetske-slike-trece-oko\/#primaryimage\"},\"image\":{\"@id\":\"https:\/\/svetslik.si\/hr\/energetske-slike-1\/energetske-slike-trece-oko\/#primaryimage\"},\"thumbnailUrl\":\"https:\/\/svetslik.si\/wp-content\/uploads\/2021\/08\/image_tretje-oko_680.jpg\",\"datePublished\":\"2021-09-02T16:37:31+00:00\",\"dateModified\":\"2023-11-12T08:04:52+00:00\",\"description\":\"Ru\u010dno naslikane energetske slike - Energetske slike - Tre\u0107e oko - Sliku mo\u017eete uokviriti pomo\u0107u na\u0161e jedinstvene aplikacije na stranici.\",\"breadcrumb\":{\"@id\":\"https:\/\/svetslik.si\/hr\/energetske-slike-1\/energetske-slike-trece-oko\/#breadcrumb\"},\"inLanguage\":\"hr\",\"potentialAction\":[{\"@type\":\"ReadAction\",\"target\":[\"https:\/\/svetslik.si\/hr\/energetske-slike-1\/energetske-slike-trece-oko\/\"]}]},{\"@type\":\"ImageObject\",\"inLanguage\":\"hr\",\"@id\":\"https:\/\/svetslik.si\/hr\/energetske-slike-1\/energetske-slike-trece-oko\/#primaryimage\",\"url\":\"https:\/\/svetslik.si\/wp-content\/uploads\/2021\/08\/image_tretje-oko_680.jpg\",\"contentUrl\":\"https:\/\/svetslik.si\/wp-content\/uploads\/2021\/08\/image_tretje-oko_680.jpg\",\"width\":346,\"height\":680,\"caption\":\"Energetska slika - tre\u0107e oko - Umjetni\u010dke, dekorativne, ambijentalne, apstraktne zidne slike, slike za zid\"},{\"@type\":\"BreadcrumbList\",\"@id\":\"https:\/\/svetslik.si\/hr\/energetske-slike-1\/energetske-slike-trece-oko\/#breadcrumb\",\"itemListElement\":[{\"@type\":\"ListItem\",\"position\":1,\"name\":\"Umjetni\u010dke zidne slike na platnu\",\"item\":\"https:\/\/svetslik.si\/hr\/\"},{\"@type\":\"ListItem\",\"position\":2,\"name\":\"Prodaja slika\",\"item\":\"https:\/\/svetslik.si\/prodaja-slik\/\"},{\"@type\":\"ListItem\",\"position\":3,\"name\":\"Energetske slike &#8211; Tre\u0107e oko\"}]},{\"@type\":\"WebSite\",\"@id\":\"https:\/\/svetslik.si\/hr\/#website\",\"url\":\"https:\/\/svetslik.si\/hr\/\",\"name\":\"SVETSLIK.SI\",\"description\":\"100% ru\u010dno naslikane reprodukcije slika poznatih slikara in umjetni\u010dke zidne slike na platnu.\",\"publisher\":{\"@id\":\"https:\/\/svetslik.si\/hr\/#organization\"},\"potentialAction\":[{\"@type\":\"SearchAction\",\"target\":{\"@type\":\"EntryPoint\",\"urlTemplate\":\"https:\/\/svetslik.si\/hr\/?s={search_term_string}\"},\"query-input\":{\"@type\":\"PropertyValueSpecification\",\"valueRequired\":true,\"valueName\":\"search_term_string\"}}],\"inLanguage\":\"hr\"},{\"@type\":\"Organization\",\"@id\":\"https:\/\/svetslik.si\/hr\/#organization\",\"name\":\"SvetSlik.si\",\"url\":\"https:\/\/svetslik.si\/hr\/\",\"logo\":{\"@type\":\"ImageObject\",\"inLanguage\":\"hr\",\"@id\":\"https:\/\/svetslik.si\/hr\/#\/schema\/logo\/image\/\",\"url\":\"https:\/\/svetslik.si\/wp-content\/uploads\/2020\/12\/logo-512.png\",\"contentUrl\":\"https:\/\/svetslik.si\/wp-content\/uploads\/2020\/12\/logo-512.png\",\"width\":512,\"height\":512,\"caption\":\"SvetSlik.si\"},\"image\":{\"@id\":\"https:\/\/svetslik.si\/hr\/#\/schema\/logo\/image\/\"},\"sameAs\":[\"https:\/\/www.facebook.com\/svetslik.si\",\"https:\/\/x.com\/svetslik\",\"https:\/\/www.instagram.com\/svetslik.si\/\",\"https:\/\/www.linkedin.com\/company\/svetslik-si\"]}]}<\/script>\n<meta property=\"og:availability\" content=\"backorder\" \/>\n<meta property=\"product:availability\" content=\"available for order\" \/>\n<meta property=\"product:retailer_item_id\" content=\"663__\" \/>\n<meta property=\"product:condition\" content=\"new\" \/>\n<!-- \/ Yoast SEO Premium plugin. -->","yoast_head_json":{"title":"Energetske slike - Tre\u0107e oko - SVETSLIK.SI - 100% ru\u010dno naslikano","description":"Ru\u010dno naslikane energetske slike - Energetske slike - Tre\u0107e oko - Sliku mo\u017eete uokviriti pomo\u0107u na\u0161e jedinstvene aplikacije na stranici.","robots":{"index":"index","follow":"follow","max-snippet":"max-snippet:-1","max-image-preview":"max-image-preview:large","max-video-preview":"max-video-preview:-1"},"canonical":"https:\/\/svetslik.si\/hr\/energetske-slike-1\/energetske-slike-trece-oko\/","og_locale":"hr_HR","og_type":"article","og_title":"Energetske slike - Tre\u0107e oko","og_description":"100% ro\u010dno naslikane slike na platnu, reprodukcije znanih slikarjev in umetni\u0161ke slike po naro\u010dilu.","og_url":"https:\/\/svetslik.si\/hr\/energetske-slike-1\/energetske-slike-trece-oko\/","og_site_name":"SVETSLIK.SI","article_publisher":"https:\/\/www.facebook.com\/svetslik.si","article_modified_time":"2023-11-12T08:04:52+00:00","og_image":[{"width":346,"height":680,"url":"https:\/\/svetslik.si\/wp-content\/uploads\/2021\/08\/image_tretje-oko_680.jpg","type":"image\/jpeg"}],"twitter_card":"summary_large_image","twitter_site":"@svetslik","twitter_misc":{"Availability":"On backorder"},"schema":{"@context":"https:\/\/schema.org","@graph":[{"@type":["WebPage","ItemPage"],"@id":"https:\/\/svetslik.si\/hr\/energetske-slike-1\/energetske-slike-trece-oko\/","url":"https:\/\/svetslik.si\/hr\/energetske-slike-1\/energetske-slike-trece-oko\/","name":"Energetske slike - Tre\u0107e oko - SVETSLIK.SI - 100% ru\u010dno naslikano","isPartOf":{"@id":"https:\/\/svetslik.si\/hr\/#website"},"primaryImageOfPage":{"@id":"https:\/\/svetslik.si\/hr\/energetske-slike-1\/energetske-slike-trece-oko\/#primaryimage"},"image":{"@id":"https:\/\/svetslik.si\/hr\/energetske-slike-1\/energetske-slike-trece-oko\/#primaryimage"},"thumbnailUrl":"https:\/\/svetslik.si\/wp-content\/uploads\/2021\/08\/image_tretje-oko_680.jpg","datePublished":"2021-09-02T16:37:31+00:00","dateModified":"2023-11-12T08:04:52+00:00","description":"Ru\u010dno naslikane energetske slike - Energetske slike - Tre\u0107e oko - Sliku mo\u017eete uokviriti pomo\u0107u na\u0161e jedinstvene aplikacije na stranici.","breadcrumb":{"@id":"https:\/\/svetslik.si\/hr\/energetske-slike-1\/energetske-slike-trece-oko\/#breadcrumb"},"inLanguage":"hr","potentialAction":[{"@type":"ReadAction","target":["https:\/\/svetslik.si\/hr\/energetske-slike-1\/energetske-slike-trece-oko\/"]}]},{"@type":"ImageObject","inLanguage":"hr","@id":"https:\/\/svetslik.si\/hr\/energetske-slike-1\/energetske-slike-trece-oko\/#primaryimage","url":"https:\/\/svetslik.si\/wp-content\/uploads\/2021\/08\/image_tretje-oko_680.jpg","contentUrl":"https:\/\/svetslik.si\/wp-content\/uploads\/2021\/08\/image_tretje-oko_680.jpg","width":346,"height":680,"caption":"Energetska slika - tre\u0107e oko - Umjetni\u010dke, dekorativne, ambijentalne, apstraktne zidne slike, slike za zid"},{"@type":"BreadcrumbList","@id":"https:\/\/svetslik.si\/hr\/energetske-slike-1\/energetske-slike-trece-oko\/#breadcrumb","itemListElement":[{"@type":"ListItem","position":1,"name":"Umjetni\u010dke zidne slike na platnu","item":"https:\/\/svetslik.si\/hr\/"},{"@type":"ListItem","position":2,"name":"Prodaja slika","item":"https:\/\/svetslik.si\/prodaja-slik\/"},{"@type":"ListItem","position":3,"name":"Energetske slike &#8211; Tre\u0107e oko"}]},{"@type":"WebSite","@id":"https:\/\/svetslik.si\/hr\/#website","url":"https:\/\/svetslik.si\/hr\/","name":"SVETSLIK.SI","description":"100% ru\u010dno naslikane reprodukcije slika poznatih slikara in umjetni\u010dke zidne slike na platnu.","publisher":{"@id":"https:\/\/svetslik.si\/hr\/#organization"},"potentialAction":[{"@type":"SearchAction","target":{"@type":"EntryPoint","urlTemplate":"https:\/\/svetslik.si\/hr\/?s={search_term_string}"},"query-input":{"@type":"PropertyValueSpecification","valueRequired":true,"valueName":"search_term_string"}}],"inLanguage":"hr"},{"@type":"Organization","@id":"https:\/\/svetslik.si\/hr\/#organization","name":"SvetSlik.si","url":"https:\/\/svetslik.si\/hr\/","logo":{"@type":"ImageObject","inLanguage":"hr","@id":"https:\/\/svetslik.si\/hr\/#\/schema\/logo\/image\/","url":"https:\/\/svetslik.si\/wp-content\/uploads\/2020\/12\/logo-512.png","contentUrl":"https:\/\/svetslik.si\/wp-content\/uploads\/2020\/12\/logo-512.png","width":512,"height":512,"caption":"SvetSlik.si"},"image":{"@id":"https:\/\/svetslik.si\/hr\/#\/schema\/logo\/image\/"},"sameAs":["https:\/\/www.facebook.com\/svetslik.si","https:\/\/x.com\/svetslik","https:\/\/www.instagram.com\/svetslik.si\/","https:\/\/www.linkedin.com\/company\/svetslik-si"]}]},"og_availability":"backorder","product_availability":"available for order","product_retailer_item_id":"663__","product_condition":"new"},"jetpack_sharing_enabled":true,"_links":{"self":[{"href":"https:\/\/svetslik.si\/hr\/wp-json\/wp\/v2\/product\/33782","targetHints":{"allow":["GET"]}}],"collection":[{"href":"https:\/\/svetslik.si\/hr\/wp-json\/wp\/v2\/product"}],"about":[{"href":"https:\/\/svetslik.si\/hr\/wp-json\/wp\/v2\/types\/product"}],"wp:featuredmedia":[{"embeddable":true,"href":"https:\/\/svetslik.si\/hr\/wp-json\/wp\/v2\/media\/20898"}],"wp:attachment":[{"href":"https:\/\/svetslik.si\/hr\/wp-json\/wp\/v2\/media?parent=33782"}],"wp:term":[{"taxonomy":"product_brand","embeddable":true,"href":"https:\/\/svetslik.si\/hr\/wp-json\/wp\/v2\/product_brand?post=33782"},{"taxonomy":"product_cat","embeddable":true,"href":"https:\/\/svetslik.si\/hr\/wp-json\/wp\/v2\/product_cat?post=33782"},{"taxonomy":"product_tag","embeddable":true,"href":"https:\/\/svetslik.si\/hr\/wp-json\/wp\/v2\/product_tag?post=33782"}],"curies":[{"name":"wp","href":"https:\/\/api.w.org\/{rel}","templated":true}]}}