{"id":33790,"date":"2021-09-02T18:37:52","date_gmt":"2021-09-02T16:37:52","guid":{"rendered":"https:\/\/svetslik.si\/uncategorized\/uresnicevanje-ciljev\/"},"modified":"2025-03-18T07:44:12","modified_gmt":"2025-03-18T06:44:12","slug":"energetske-slike-realizacija-ciljeva","status":"publish","type":"product","link":"https:\/\/svetslik.si\/hr\/energetske-slike-1\/energetske-slike-realizacija-ciljeva\/","title":{"rendered":"Energetske slike &#8211; Realizacija ciljeva"},"content":{"rendered":"<div class=\"wpb-content-wrapper\">[vc_row css=&#8221;.vc_custom_1742280109214{margin-bottom: 10px !important;}&#8221;][vc_column]\t<div class=\"et-image-655 et-image     et_image_link\">\n\t\t<div class=\"et-image-inner \">\n\t\t\t\t\t\t\t<div class=\"et-image-thumb \">\n\t\t\t\t\t<img decoding=\"async\" width=\"1500\" height=\"2530\" src=\"https:\/\/svetslik.si\/wp-content\/uploads\/2021\/09\/Energijske-slike-\u2013-Uresnicevanje-ciljev-.-energijske-slike.jpg\" class=\"attachment-full\" alt=\"Energetske slike - Realizacija ciljeva\" title=\"Energetske slike - Realizacija ciljeva\" srcset=\"https:\/\/svetslik.si\/wp-content\/uploads\/2021\/09\/Energijske-slike-\u2013-Uresnicevanje-ciljev-.-energijske-slike.jpg 1500w, https:\/\/svetslik.si\/wp-content\/uploads\/2021\/09\/Energijske-slike-\u2013-Uresnicevanje-ciljev-.-energijske-slike-600x1012.jpg 600w, https:\/\/svetslik.si\/wp-content\/uploads\/2021\/09\/Energijske-slike-\u2013-Uresnicevanje-ciljev-.-energijske-slike-1200x2024.jpg 1200w, https:\/\/svetslik.si\/wp-content\/uploads\/2021\/09\/Energijske-slike-\u2013-Uresnicevanje-ciljev-.-energijske-slike-178x300.jpg 178w, https:\/\/svetslik.si\/wp-content\/uploads\/2021\/09\/Energijske-slike-\u2013-Uresnicevanje-ciljev-.-energijske-slike-607x1024.jpg 607w, https:\/\/svetslik.si\/wp-content\/uploads\/2021\/09\/Energijske-slike-\u2013-Uresnicevanje-ciljev-.-energijske-slike-768x1295.jpg 768w, https:\/\/svetslik.si\/wp-content\/uploads\/2021\/09\/Energijske-slike-\u2013-Uresnicevanje-ciljev-.-energijske-slike-911x1536.jpg 911w, https:\/\/svetslik.si\/wp-content\/uploads\/2021\/09\/Energijske-slike-\u2013-Uresnicevanje-ciljev-.-energijske-slike-1214x2048.jpg 1214w, https:\/\/svetslik.si\/wp-content\/uploads\/2021\/09\/Energijske-slike-\u2013-Uresnicevanje-ciljev-.-energijske-slike-89x150.jpg 89w\" sizes=\"(max-width: 1500px) 100vw, 1500px\" \/>\t\t\t\t<\/div>\n\t\t\t\t\t\t\t\t\t\t\t<\/div>\n\t<\/div>\n  [\/vc_column][\/vc_row][vc_row css=&#8221;.vc_custom_1742280109214{margin-bottom: 10px !important;}&#8221;][vc_column]\t<div class=\"et-image-518 et-image     et_image_link\">\n\t\t<div class=\"et-image-inner \">\n\t\t\t\t\t\t\t<div class=\"et-image-thumb \">\n\t\t\t\t\t<img decoding=\"async\" width=\"1380\" height=\"2560\" src=\"https:\/\/svetslik.si\/wp-content\/uploads\/2021\/09\/Energijske-slike-\u2013-Uresnicevanje-ciljev-.-energijske-slike-3-scaled.jpg\" class=\"attachment-full\" alt=\"Energetske slike - Realizacija ciljeva\" title=\"Energetske slike - Realizacija ciljeva\" srcset=\"https:\/\/svetslik.si\/wp-content\/uploads\/2021\/09\/Energijske-slike-\u2013-Uresnicevanje-ciljev-.-energijske-slike-3-scaled.jpg 1380w, https:\/\/svetslik.si\/wp-content\/uploads\/2021\/09\/Energijske-slike-\u2013-Uresnicevanje-ciljev-.-energijske-slike-3-scaled-600x1113.jpg 600w, https:\/\/svetslik.si\/wp-content\/uploads\/2021\/09\/Energijske-slike-\u2013-Uresnicevanje-ciljev-.-energijske-slike-3-scaled-1200x2226.jpg 1200w, https:\/\/svetslik.si\/wp-content\/uploads\/2021\/09\/Energijske-slike-\u2013-Uresnicevanje-ciljev-.-energijske-slike-3-162x300.jpg 162w, https:\/\/svetslik.si\/wp-content\/uploads\/2021\/09\/Energijske-slike-\u2013-Uresnicevanje-ciljev-.-energijske-slike-3-552x1024.jpg 552w, https:\/\/svetslik.si\/wp-content\/uploads\/2021\/09\/Energijske-slike-\u2013-Uresnicevanje-ciljev-.-energijske-slike-3-768x1425.jpg 768w, https:\/\/svetslik.si\/wp-content\/uploads\/2021\/09\/Energijske-slike-\u2013-Uresnicevanje-ciljev-.-energijske-slike-3-828x1536.jpg 828w, https:\/\/svetslik.si\/wp-content\/uploads\/2021\/09\/Energijske-slike-\u2013-Uresnicevanje-ciljev-.-energijske-slike-3-1104x2048.jpg 1104w, https:\/\/svetslik.si\/wp-content\/uploads\/2021\/09\/Energijske-slike-\u2013-Uresnicevanje-ciljev-.-energijske-slike-3-81x150.jpg 81w\" sizes=\"(max-width: 1380px) 100vw, 1380px\" \/>\t\t\t\t<\/div>\n\t\t\t\t\t\t\t\t\t\t\t<\/div>\n\t<\/div>\n  [\/vc_column][\/vc_row][vc_row css=&#8221;.vc_custom_1742280109214{margin-bottom: 10px !important;}&#8221;][vc_column]\t<div class=\"et-image-184 et-image     et_image_link\">\n\t\t<div class=\"et-image-inner \">\n\t\t\t\t\t\t\t<div class=\"et-image-thumb \">\n\t\t\t\t\t<img decoding=\"async\" width=\"1393\" height=\"2560\" src=\"https:\/\/svetslik.si\/wp-content\/uploads\/2021\/09\/Energijske-slike-\u2013-Uresnicevanje-ciljev-.-energijske-slike-5-scaled.jpg\" class=\"attachment-full\" alt=\"Energetske slike - Realizacija ciljeva\" title=\"Energetske slike - Realizacija ciljeva\" srcset=\"https:\/\/svetslik.si\/wp-content\/uploads\/2021\/09\/Energijske-slike-\u2013-Uresnicevanje-ciljev-.-energijske-slike-5-scaled.jpg 1393w, https:\/\/svetslik.si\/wp-content\/uploads\/2021\/09\/Energijske-slike-\u2013-Uresnicevanje-ciljev-.-energijske-slike-5-scaled-600x1103.jpg 600w, https:\/\/svetslik.si\/wp-content\/uploads\/2021\/09\/Energijske-slike-\u2013-Uresnicevanje-ciljev-.-energijske-slike-5-scaled-1200x2205.jpg 1200w, https:\/\/svetslik.si\/wp-content\/uploads\/2021\/09\/Energijske-slike-\u2013-Uresnicevanje-ciljev-.-energijske-slike-5-163x300.jpg 163w, https:\/\/svetslik.si\/wp-content\/uploads\/2021\/09\/Energijske-slike-\u2013-Uresnicevanje-ciljev-.-energijske-slike-5-557x1024.jpg 557w, https:\/\/svetslik.si\/wp-content\/uploads\/2021\/09\/Energijske-slike-\u2013-Uresnicevanje-ciljev-.-energijske-slike-5-768x1412.jpg 768w, https:\/\/svetslik.si\/wp-content\/uploads\/2021\/09\/Energijske-slike-\u2013-Uresnicevanje-ciljev-.-energijske-slike-5-836x1536.jpg 836w, https:\/\/svetslik.si\/wp-content\/uploads\/2021\/09\/Energijske-slike-\u2013-Uresnicevanje-ciljev-.-energijske-slike-5-1114x2048.jpg 1114w, https:\/\/svetslik.si\/wp-content\/uploads\/2021\/09\/Energijske-slike-\u2013-Uresnicevanje-ciljev-.-energijske-slike-5-82x150.jpg 82w\" sizes=\"(max-width: 1393px) 100vw, 1393px\" \/>\t\t\t\t<\/div>\n\t\t\t\t\t\t\t\t\t\t\t<\/div>\n\t<\/div>\n  [\/vc_column][\/vc_row][vc_row css=&#8221;.vc_custom_1742280109214{margin-bottom: 10px !important;}&#8221;][vc_column]\t<div class=\"et-image-34 et-image     et_image_link\">\n\t\t<div class=\"et-image-inner \">\n\t\t\t\t\t\t\t<div class=\"et-image-thumb \">\n\t\t\t\t\t<img decoding=\"async\" width=\"1500\" height=\"1404\" src=\"https:\/\/svetslik.si\/wp-content\/uploads\/2021\/09\/Energijske-slike-\u2013-Uresnicevanje-ciljev-.-energijske-slike-4.jpg\" class=\"attachment-full\" alt=\"Energetske slike - Realizacija ciljeva\" title=\"Energetske slike - Realizacija ciljeva\" srcset=\"https:\/\/svetslik.si\/wp-content\/uploads\/2021\/09\/Energijske-slike-\u2013-Uresnicevanje-ciljev-.-energijske-slike-4.jpg 1500w, https:\/\/svetslik.si\/wp-content\/uploads\/2021\/09\/Energijske-slike-\u2013-Uresnicevanje-ciljev-.-energijske-slike-4-600x562.jpg 600w, https:\/\/svetslik.si\/wp-content\/uploads\/2021\/09\/Energijske-slike-\u2013-Uresnicevanje-ciljev-.-energijske-slike-4-1200x1123.jpg 1200w, https:\/\/svetslik.si\/wp-content\/uploads\/2021\/09\/Energijske-slike-\u2013-Uresnicevanje-ciljev-.-energijske-slike-4-300x281.jpg 300w, https:\/\/svetslik.si\/wp-content\/uploads\/2021\/09\/Energijske-slike-\u2013-Uresnicevanje-ciljev-.-energijske-slike-4-1024x958.jpg 1024w, https:\/\/svetslik.si\/wp-content\/uploads\/2021\/09\/Energijske-slike-\u2013-Uresnicevanje-ciljev-.-energijske-slike-4-768x719.jpg 768w, https:\/\/svetslik.si\/wp-content\/uploads\/2021\/09\/Energijske-slike-\u2013-Uresnicevanje-ciljev-.-energijske-slike-4-150x140.jpg 150w\" sizes=\"(max-width: 1500px) 100vw, 1500px\" \/>\t\t\t\t<\/div>\n\t\t\t\t\t\t\t\t\t\t\t<\/div>\n\t<\/div>\n  [\/vc_column][\/vc_row][vc_row css=&#8221;.vc_custom_1742280109214{margin-bottom: 10px !important;}&#8221;][vc_column]\t<div class=\"et-image-534 et-image     et_image_link\">\n\t\t<div class=\"et-image-inner \">\n\t\t\t\t\t\t\t<div class=\"et-image-thumb \">\n\t\t\t\t\t<img decoding=\"async\" width=\"1500\" height=\"1125\" src=\"https:\/\/svetslik.si\/wp-content\/uploads\/2021\/09\/Energijske-slike-\u2013-Uresnicevanje-ciljev-.-energijske-slike-2.jpg\" class=\"attachment-full\" alt=\"Energetske slike - Realizacija ciljeva\" title=\"Energetske slike - Realizacija ciljeva\" srcset=\"https:\/\/svetslik.si\/wp-content\/uploads\/2021\/09\/Energijske-slike-\u2013-Uresnicevanje-ciljev-.-energijske-slike-2.jpg 1500w, https:\/\/svetslik.si\/wp-content\/uploads\/2021\/09\/Energijske-slike-\u2013-Uresnicevanje-ciljev-.-energijske-slike-2-600x450.jpg 600w, https:\/\/svetslik.si\/wp-content\/uploads\/2021\/09\/Energijske-slike-\u2013-Uresnicevanje-ciljev-.-energijske-slike-2-1200x900.jpg 1200w, https:\/\/svetslik.si\/wp-content\/uploads\/2021\/09\/Energijske-slike-\u2013-Uresnicevanje-ciljev-.-energijske-slike-2-300x225.jpg 300w, https:\/\/svetslik.si\/wp-content\/uploads\/2021\/09\/Energijske-slike-\u2013-Uresnicevanje-ciljev-.-energijske-slike-2-1024x768.jpg 1024w, https:\/\/svetslik.si\/wp-content\/uploads\/2021\/09\/Energijske-slike-\u2013-Uresnicevanje-ciljev-.-energijske-slike-2-768x576.jpg 768w, https:\/\/svetslik.si\/wp-content\/uploads\/2021\/09\/Energijske-slike-\u2013-Uresnicevanje-ciljev-.-energijske-slike-2-150x113.jpg 150w\" sizes=\"(max-width: 1500px) 100vw, 1500px\" \/>\t\t\t\t<\/div>\n\t\t\t\t\t\t\t\t\t\t\t<\/div>\n\t<\/div>\n  [\/vc_column][\/vc_row][vc_row][vc_column][vc_column_text]\n<p>Energetske slike &#8211; Ostvarenje ciljeva<\/p>\n<p>Slika predstavlja energiju za rje\u0161avanje problema i poticanje pozitivnog tijeka doga\u0111aja, poti\u010du\u0107i sretne trenutke. Ona predstavlja poticajnu energiju koja nam poma\u017ee lak\u0161e posti\u0107i zadane ciljeve. Namijenjena je uspje\u0161nom napretku na svim podru\u010djima \u017eivota.<\/p>\n<p>Ova energetska slika je jedinstveno djelo koje predstavlja sna\u017enu energiju za rje\u0161avanje problema i poticanje pozitivnog tijeka doga\u0111aja u \u017eivotu. Sliku je stvorila iskusna umjetnica koja je sa svom posve\u0107eno\u0161\u0107u prenijela svoju vlastitu energiju i namjere na platno.<\/p>\n<p>Ova energetska slika je posebno dizajnirana za poticanje energije i podr\u0161ku u postizanju postavljenih ciljeva. Namjerno je osmi\u0161ljena da djeluje kao sna\u017ean vizualni podsjetnik i motivacijski faktor u va\u0161em svakodnevnom \u017eivotu. Kada se osvrnete na ovu sliku, osjetit \u0107ete inspiraciju i motivaciju za prevladavanje prepreka i postizanje uspjeha.<\/p>\n<p>Jedna od klju\u010dnih karakteristika ove slike je njezina svestranost. Ona je poput univerzalnog izvora energije koji mo\u017ee podr\u017eati uspje\u0161an napredak na bilo kojem podru\u010dju va\u0161eg \u017eivota, bilo da se radi o karijeri, odnosima, zdravlju ili osobnom razvoju. Energija koju slika emitira je pozitivna, sna\u017ena i poticajna.<\/p>\n<p>Svaki element na slici ima svoje zna\u010denje i simboliku koja djeluju u harmoniji kako bi stvorili zajedni\u010dki u\u010dinak. Boje, linije, oblici i uzorci pa\u017eljivo su odabrani i postavljeni s namjerom da oja\u010daju energiju slike i usmjere je prema ostvarenju va\u0161ih ciljeva. Ova slika je kao vizualni otisak va\u0161e \u017eelje za uspjehom i rastom.<\/p>\n<p>Kada se odlu\u010dite za ovu energetsku sliku &#8220;Ostvarenje ciljeva&#8221;, dobit \u0107ete sna\u017ean i podr\u017eavaju\u0107i element u svom domu ili uredu. Postavite je na vidljivo mjesto gdje \u0107ete se redovito susretati s njenim utjecajem. Svaki put kada budete trebali inspiraciju ili poticaj, okrenut \u0107ete se toj slici i osjetit \u0107ete val energije koji \u0107e vam pomo\u0107i u prevladavanju prepreka na putu prema va\u0161im ciljevima.<\/p>\n<p>Iskoristite snagu energetske slike &#8220;Ostvarenje ciljeva&#8221; i osigurajte sredstvo za lak\u0161e ostvarenje va\u0161ih snova. Ovo je umjetni\u010dko djelo koje \u0107e vam stalno podsje\u0107ati da je mogu\u0107e ostvariti sve \u0161to \u017eelite i da ste sposobni pomaknuti planine. Postanite su-kreator svoje sudbine uz energetsku sliku koja \u0107e vam pomo\u0107i u ostvarenju va\u0161ih ciljeva.<\/p>\n<\/div>","protected":false},"excerpt":{"rendered":"<p>[vc_row css=&#8221;.vc_custom_1742280109214{margin-bottom: 10px !important;}&#8221;][vc_column][\/vc_column][\/vc_row][vc_row css=&#8221;.vc_custom_1742280109214{margin-bottom: 10px !important;}&#8221;][vc_column][\/vc_column][\/vc_row][vc_row css=&#8221;.vc_custom_1742280109214{margin-bottom: 10px !important;}&#8221;][vc_column][\/vc_column][\/vc_row][vc_row css=&#8221;.vc_custom_1742280109214{margin-bottom: 10px !important;}&#8221;][vc_column][\/vc_column][\/vc_row][vc_row css=&#8221;.vc_custom_1742280109214{margin-bottom: 10px !important;}&#8221;][vc_column][\/vc_column][\/vc_row][vc_row][vc_column][vc_column_text] Energetske slike &#8211; Ostvarenje ciljeva Slika predstavlja energiju za rje\u0161avanje problema i poticanje pozitivnog tijeka doga\u0111aja, poti\u010du\u0107i sretne trenutke. Ona predstavlja poticajnu energiju koja nam poma\u017ee lak\u0161e posti\u0107i zadane ciljeve. Namijenjena je uspje\u0161nom napretku [&hellip;]<\/p>\n","protected":false},"featured_media":20950,"template":"","meta":{"_acf_changed":false},"product_brand":[],"product_cat":[3363,3364],"product_tag":[4126],"class_list":{"0":"post-33790","1":"product","2":"type-product","3":"status-publish","4":"has-post-thumbnail","6":"product_cat-energetske-slike","7":"product_cat-energetske-slike-1","8":"product_tag-energijske-slike-hr","9":"pa_dimenzija-40-x-80-cm-hr","10":"pa_dimenzija-50-x-100-cm-hr","11":"pa_dimenzija-75-x-150-cm-hr","12":"pa_oblika-okomito","13":"pa_okvir-bez-okvira","14":"pa_podokvir-bez-podokvira","15":"pa_podokvir-sa-podokvirom","17":"first","18":"onbackorder","19":"purchasable","20":"product-type-variable","21":"has-default-attributes"},"acf":[],"yoast_head":"<!-- This site is optimized with the Yoast SEO Premium plugin v26.0 (Yoast SEO v27.2) - https:\/\/yoast.com\/product\/yoast-seo-premium-wordpress\/ -->\n<title>Energetske slike - Realizacija ciljeva - SVETSLIK.SI - 100% ru\u010dno naslikano<\/title>\n<meta name=\"description\" content=\"Ru\u010dno naslikane energetske slike - Energetske slike - Realizacija ciljeva - Sliku mo\u017eete uokviriti pomo\u0107u na\u0161e jedinstvene aplikacije na stranici.\" \/>\n<meta name=\"robots\" content=\"index, follow, max-snippet:-1, max-image-preview:large, max-video-preview:-1\" \/>\n<link rel=\"canonical\" href=\"https:\/\/svetslik.si\/hr\/energetske-slike-1\/energetske-slike-realizacija-ciljeva\/\" \/>\n<meta property=\"og:locale\" content=\"hr_HR\" \/>\n<meta property=\"og:type\" content=\"article\" \/>\n<meta property=\"og:title\" content=\"Energetske slike - Realizacija ciljeva\" \/>\n<meta property=\"og:description\" content=\"100% ro\u010dno naslikane slike na platnu, reprodukcije znanih slikarjev in umetni\u0161ke slike po naro\u010dilu.\" \/>\n<meta property=\"og:url\" content=\"https:\/\/svetslik.si\/hr\/energetske-slike-1\/energetske-slike-realizacija-ciljeva\/\" \/>\n<meta property=\"og:site_name\" content=\"SVETSLIK.SI\" \/>\n<meta property=\"article:publisher\" content=\"https:\/\/www.facebook.com\/svetslik.si\" \/>\n<meta property=\"article:modified_time\" content=\"2025-03-18T06:44:12+00:00\" \/>\n<meta property=\"og:image\" content=\"https:\/\/svetslik.si\/wp-content\/uploads\/2021\/08\/image_uresnicevanje-ciljev_680.jpg\" \/>\n\t<meta property=\"og:image:width\" content=\"348\" \/>\n\t<meta property=\"og:image:height\" content=\"680\" \/>\n\t<meta property=\"og:image:type\" content=\"image\/jpeg\" \/>\n<meta name=\"twitter:card\" content=\"summary_large_image\" \/>\n<meta name=\"twitter:site\" content=\"@svetslik\" \/>\n<meta name=\"twitter:label1\" content=\"Availability\" \/>\n\t<meta name=\"twitter:data1\" content=\"On backorder\" \/>\n<script type=\"application\/ld+json\" class=\"yoast-schema-graph\">{\"@context\":\"https:\/\/schema.org\",\"@graph\":[{\"@type\":[\"WebPage\",\"ItemPage\"],\"@id\":\"https:\/\/svetslik.si\/hr\/energetske-slike-1\/energetske-slike-realizacija-ciljeva\/\",\"url\":\"https:\/\/svetslik.si\/hr\/energetske-slike-1\/energetske-slike-realizacija-ciljeva\/\",\"name\":\"Energetske slike - Realizacija ciljeva - SVETSLIK.SI - 100% ru\u010dno naslikano\",\"isPartOf\":{\"@id\":\"https:\/\/svetslik.si\/hr\/#website\"},\"primaryImageOfPage\":{\"@id\":\"https:\/\/svetslik.si\/hr\/energetske-slike-1\/energetske-slike-realizacija-ciljeva\/#primaryimage\"},\"image\":{\"@id\":\"https:\/\/svetslik.si\/hr\/energetske-slike-1\/energetske-slike-realizacija-ciljeva\/#primaryimage\"},\"thumbnailUrl\":\"https:\/\/svetslik.si\/wp-content\/uploads\/2021\/08\/image_uresnicevanje-ciljev_680.jpg\",\"datePublished\":\"2021-09-02T16:37:52+00:00\",\"dateModified\":\"2025-03-18T06:44:12+00:00\",\"description\":\"Ru\u010dno naslikane energetske slike - Energetske slike - Realizacija ciljeva - Sliku mo\u017eete uokviriti pomo\u0107u na\u0161e jedinstvene aplikacije na stranici.\",\"breadcrumb\":{\"@id\":\"https:\/\/svetslik.si\/hr\/energetske-slike-1\/energetske-slike-realizacija-ciljeva\/#breadcrumb\"},\"inLanguage\":\"hr\",\"potentialAction\":[{\"@type\":\"ReadAction\",\"target\":[\"https:\/\/svetslik.si\/hr\/energetske-slike-1\/energetske-slike-realizacija-ciljeva\/\"]}]},{\"@type\":\"ImageObject\",\"inLanguage\":\"hr\",\"@id\":\"https:\/\/svetslik.si\/hr\/energetske-slike-1\/energetske-slike-realizacija-ciljeva\/#primaryimage\",\"url\":\"https:\/\/svetslik.si\/wp-content\/uploads\/2021\/08\/image_uresnicevanje-ciljev_680.jpg\",\"contentUrl\":\"https:\/\/svetslik.si\/wp-content\/uploads\/2021\/08\/image_uresnicevanje-ciljev_680.jpg\",\"width\":348,\"height\":680,\"caption\":\"energetske slike - Ostvarenje ciljeva. Reprodukcije poznatih slikara, moderne zidne slike, umjetni\u010dke slike za zid.\"},{\"@type\":\"BreadcrumbList\",\"@id\":\"https:\/\/svetslik.si\/hr\/energetske-slike-1\/energetske-slike-realizacija-ciljeva\/#breadcrumb\",\"itemListElement\":[{\"@type\":\"ListItem\",\"position\":1,\"name\":\"Umjetni\u010dke zidne slike na platnu\",\"item\":\"https:\/\/svetslik.si\/hr\/\"},{\"@type\":\"ListItem\",\"position\":2,\"name\":\"Prodaja slika\",\"item\":\"https:\/\/svetslik.si\/prodaja-slik\/\"},{\"@type\":\"ListItem\",\"position\":3,\"name\":\"Energetske slike &#8211; Realizacija ciljeva\"}]},{\"@type\":\"WebSite\",\"@id\":\"https:\/\/svetslik.si\/hr\/#website\",\"url\":\"https:\/\/svetslik.si\/hr\/\",\"name\":\"SVETSLIK.SI\",\"description\":\"100% ru\u010dno naslikane reprodukcije slika poznatih slikara in umjetni\u010dke zidne slike na platnu.\",\"publisher\":{\"@id\":\"https:\/\/svetslik.si\/hr\/#organization\"},\"potentialAction\":[{\"@type\":\"SearchAction\",\"target\":{\"@type\":\"EntryPoint\",\"urlTemplate\":\"https:\/\/svetslik.si\/hr\/?s={search_term_string}\"},\"query-input\":{\"@type\":\"PropertyValueSpecification\",\"valueRequired\":true,\"valueName\":\"search_term_string\"}}],\"inLanguage\":\"hr\"},{\"@type\":\"Organization\",\"@id\":\"https:\/\/svetslik.si\/hr\/#organization\",\"name\":\"SvetSlik.si\",\"url\":\"https:\/\/svetslik.si\/hr\/\",\"logo\":{\"@type\":\"ImageObject\",\"inLanguage\":\"hr\",\"@id\":\"https:\/\/svetslik.si\/hr\/#\/schema\/logo\/image\/\",\"url\":\"https:\/\/svetslik.si\/wp-content\/uploads\/2020\/12\/logo-512.png\",\"contentUrl\":\"https:\/\/svetslik.si\/wp-content\/uploads\/2020\/12\/logo-512.png\",\"width\":512,\"height\":512,\"caption\":\"SvetSlik.si\"},\"image\":{\"@id\":\"https:\/\/svetslik.si\/hr\/#\/schema\/logo\/image\/\"},\"sameAs\":[\"https:\/\/www.facebook.com\/svetslik.si\",\"https:\/\/x.com\/svetslik\",\"https:\/\/www.instagram.com\/svetslik.si\/\",\"https:\/\/www.linkedin.com\/company\/svetslik-si\"]}]}<\/script>\n<meta property=\"og:availability\" content=\"backorder\" \/>\n<meta property=\"product:availability\" content=\"available for order\" \/>\n<meta property=\"product:retailer_item_id\" content=\"665__\" \/>\n<meta property=\"product:condition\" content=\"new\" \/>\n<!-- \/ Yoast SEO Premium plugin. -->","yoast_head_json":{"title":"Energetske slike - Realizacija ciljeva - SVETSLIK.SI - 100% ru\u010dno naslikano","description":"Ru\u010dno naslikane energetske slike - Energetske slike - Realizacija ciljeva - Sliku mo\u017eete uokviriti pomo\u0107u na\u0161e jedinstvene aplikacije na stranici.","robots":{"index":"index","follow":"follow","max-snippet":"max-snippet:-1","max-image-preview":"max-image-preview:large","max-video-preview":"max-video-preview:-1"},"canonical":"https:\/\/svetslik.si\/hr\/energetske-slike-1\/energetske-slike-realizacija-ciljeva\/","og_locale":"hr_HR","og_type":"article","og_title":"Energetske slike - Realizacija ciljeva","og_description":"100% ro\u010dno naslikane slike na platnu, reprodukcije znanih slikarjev in umetni\u0161ke slike po naro\u010dilu.","og_url":"https:\/\/svetslik.si\/hr\/energetske-slike-1\/energetske-slike-realizacija-ciljeva\/","og_site_name":"SVETSLIK.SI","article_publisher":"https:\/\/www.facebook.com\/svetslik.si","article_modified_time":"2025-03-18T06:44:12+00:00","og_image":[{"width":348,"height":680,"url":"https:\/\/svetslik.si\/wp-content\/uploads\/2021\/08\/image_uresnicevanje-ciljev_680.jpg","type":"image\/jpeg"}],"twitter_card":"summary_large_image","twitter_site":"@svetslik","twitter_misc":{"Availability":"On backorder"},"schema":{"@context":"https:\/\/schema.org","@graph":[{"@type":["WebPage","ItemPage"],"@id":"https:\/\/svetslik.si\/hr\/energetske-slike-1\/energetske-slike-realizacija-ciljeva\/","url":"https:\/\/svetslik.si\/hr\/energetske-slike-1\/energetske-slike-realizacija-ciljeva\/","name":"Energetske slike - Realizacija ciljeva - SVETSLIK.SI - 100% ru\u010dno naslikano","isPartOf":{"@id":"https:\/\/svetslik.si\/hr\/#website"},"primaryImageOfPage":{"@id":"https:\/\/svetslik.si\/hr\/energetske-slike-1\/energetske-slike-realizacija-ciljeva\/#primaryimage"},"image":{"@id":"https:\/\/svetslik.si\/hr\/energetske-slike-1\/energetske-slike-realizacija-ciljeva\/#primaryimage"},"thumbnailUrl":"https:\/\/svetslik.si\/wp-content\/uploads\/2021\/08\/image_uresnicevanje-ciljev_680.jpg","datePublished":"2021-09-02T16:37:52+00:00","dateModified":"2025-03-18T06:44:12+00:00","description":"Ru\u010dno naslikane energetske slike - Energetske slike - Realizacija ciljeva - Sliku mo\u017eete uokviriti pomo\u0107u na\u0161e jedinstvene aplikacije na stranici.","breadcrumb":{"@id":"https:\/\/svetslik.si\/hr\/energetske-slike-1\/energetske-slike-realizacija-ciljeva\/#breadcrumb"},"inLanguage":"hr","potentialAction":[{"@type":"ReadAction","target":["https:\/\/svetslik.si\/hr\/energetske-slike-1\/energetske-slike-realizacija-ciljeva\/"]}]},{"@type":"ImageObject","inLanguage":"hr","@id":"https:\/\/svetslik.si\/hr\/energetske-slike-1\/energetske-slike-realizacija-ciljeva\/#primaryimage","url":"https:\/\/svetslik.si\/wp-content\/uploads\/2021\/08\/image_uresnicevanje-ciljev_680.jpg","contentUrl":"https:\/\/svetslik.si\/wp-content\/uploads\/2021\/08\/image_uresnicevanje-ciljev_680.jpg","width":348,"height":680,"caption":"energetske slike - Ostvarenje ciljeva. Reprodukcije poznatih slikara, moderne zidne slike, umjetni\u010dke slike za zid."},{"@type":"BreadcrumbList","@id":"https:\/\/svetslik.si\/hr\/energetske-slike-1\/energetske-slike-realizacija-ciljeva\/#breadcrumb","itemListElement":[{"@type":"ListItem","position":1,"name":"Umjetni\u010dke zidne slike na platnu","item":"https:\/\/svetslik.si\/hr\/"},{"@type":"ListItem","position":2,"name":"Prodaja slika","item":"https:\/\/svetslik.si\/prodaja-slik\/"},{"@type":"ListItem","position":3,"name":"Energetske slike &#8211; Realizacija ciljeva"}]},{"@type":"WebSite","@id":"https:\/\/svetslik.si\/hr\/#website","url":"https:\/\/svetslik.si\/hr\/","name":"SVETSLIK.SI","description":"100% ru\u010dno naslikane reprodukcije slika poznatih slikara in umjetni\u010dke zidne slike na platnu.","publisher":{"@id":"https:\/\/svetslik.si\/hr\/#organization"},"potentialAction":[{"@type":"SearchAction","target":{"@type":"EntryPoint","urlTemplate":"https:\/\/svetslik.si\/hr\/?s={search_term_string}"},"query-input":{"@type":"PropertyValueSpecification","valueRequired":true,"valueName":"search_term_string"}}],"inLanguage":"hr"},{"@type":"Organization","@id":"https:\/\/svetslik.si\/hr\/#organization","name":"SvetSlik.si","url":"https:\/\/svetslik.si\/hr\/","logo":{"@type":"ImageObject","inLanguage":"hr","@id":"https:\/\/svetslik.si\/hr\/#\/schema\/logo\/image\/","url":"https:\/\/svetslik.si\/wp-content\/uploads\/2020\/12\/logo-512.png","contentUrl":"https:\/\/svetslik.si\/wp-content\/uploads\/2020\/12\/logo-512.png","width":512,"height":512,"caption":"SvetSlik.si"},"image":{"@id":"https:\/\/svetslik.si\/hr\/#\/schema\/logo\/image\/"},"sameAs":["https:\/\/www.facebook.com\/svetslik.si","https:\/\/x.com\/svetslik","https:\/\/www.instagram.com\/svetslik.si\/","https:\/\/www.linkedin.com\/company\/svetslik-si"]}]},"og_availability":"backorder","product_availability":"available for order","product_retailer_item_id":"665__","product_condition":"new"},"jetpack_sharing_enabled":true,"_links":{"self":[{"href":"https:\/\/svetslik.si\/hr\/wp-json\/wp\/v2\/product\/33790","targetHints":{"allow":["GET"]}}],"collection":[{"href":"https:\/\/svetslik.si\/hr\/wp-json\/wp\/v2\/product"}],"about":[{"href":"https:\/\/svetslik.si\/hr\/wp-json\/wp\/v2\/types\/product"}],"wp:featuredmedia":[{"embeddable":true,"href":"https:\/\/svetslik.si\/hr\/wp-json\/wp\/v2\/media\/20950"}],"wp:attachment":[{"href":"https:\/\/svetslik.si\/hr\/wp-json\/wp\/v2\/media?parent=33790"}],"wp:term":[{"taxonomy":"product_brand","embeddable":true,"href":"https:\/\/svetslik.si\/hr\/wp-json\/wp\/v2\/product_brand?post=33790"},{"taxonomy":"product_cat","embeddable":true,"href":"https:\/\/svetslik.si\/hr\/wp-json\/wp\/v2\/product_cat?post=33790"},{"taxonomy":"product_tag","embeddable":true,"href":"https:\/\/svetslik.si\/hr\/wp-json\/wp\/v2\/product_tag?post=33790"}],"curies":[{"name":"wp","href":"https:\/\/api.w.org\/{rel}","templated":true}]}}