{"id":33794,"date":"2021-09-02T18:37:52","date_gmt":"2021-09-02T16:37:52","guid":{"rendered":"https:\/\/svetslik.si\/uncategorized\/zdravje-in-ozdravljenja\/"},"modified":"2025-03-18T07:53:46","modified_gmt":"2025-03-18T06:53:46","slug":"energetske-slike-zdravlje-i-iscjeljenje","status":"publish","type":"product","link":"https:\/\/svetslik.si\/hr\/energetske-slike-1\/energetske-slike-zdravlje-i-iscjeljenje\/","title":{"rendered":"Energetske slike &#8211; zdravlje i iscjeljenje"},"content":{"rendered":"<div class=\"wpb-content-wrapper\">[vc_row css=&#8221;.vc_custom_1742280702736{margin-bottom: 10px !important;}&#8221;][vc_column]\t<div class=\"et-image-130 et-image     et_image_link\">\n\t\t<div class=\"et-image-inner \">\n\t\t\t\t\t\t\t<div class=\"et-image-thumb \">\n\t\t\t\t\t<img decoding=\"async\" width=\"1481\" height=\"2560\" src=\"https:\/\/svetslik.si\/wp-content\/uploads\/2021\/09\/Energijske-slike-\u2013-Zdravje-in-ozdravljenja-scaled.jpg\" class=\"attachment-full\" alt=\"Energetske slike - zdravlje i iscjeljenje\" title=\"Energetske slike - zdravlje i iscjeljenje\" srcset=\"https:\/\/svetslik.si\/wp-content\/uploads\/2021\/09\/Energijske-slike-\u2013-Zdravje-in-ozdravljenja-scaled.jpg 1481w, https:\/\/svetslik.si\/wp-content\/uploads\/2021\/09\/Energijske-slike-\u2013-Zdravje-in-ozdravljenja-scaled-600x1037.jpg 600w, https:\/\/svetslik.si\/wp-content\/uploads\/2021\/09\/Energijske-slike-\u2013-Zdravje-in-ozdravljenja-scaled-1200x2074.jpg 1200w, https:\/\/svetslik.si\/wp-content\/uploads\/2021\/09\/Energijske-slike-\u2013-Zdravje-in-ozdravljenja-174x300.jpg 174w, https:\/\/svetslik.si\/wp-content\/uploads\/2021\/09\/Energijske-slike-\u2013-Zdravje-in-ozdravljenja-593x1024.jpg 593w, https:\/\/svetslik.si\/wp-content\/uploads\/2021\/09\/Energijske-slike-\u2013-Zdravje-in-ozdravljenja-768x1327.jpg 768w, https:\/\/svetslik.si\/wp-content\/uploads\/2021\/09\/Energijske-slike-\u2013-Zdravje-in-ozdravljenja-889x1536.jpg 889w, https:\/\/svetslik.si\/wp-content\/uploads\/2021\/09\/Energijske-slike-\u2013-Zdravje-in-ozdravljenja-1185x2048.jpg 1185w, https:\/\/svetslik.si\/wp-content\/uploads\/2021\/09\/Energijske-slike-\u2013-Zdravje-in-ozdravljenja-87x150.jpg 87w\" sizes=\"(max-width: 1481px) 100vw, 1481px\" \/>\t\t\t\t<\/div>\n\t\t\t\t\t\t\t\t\t\t\t<\/div>\n\t<\/div>\n  [\/vc_column][\/vc_row][vc_row css=&#8221;.vc_custom_1742280702736{margin-bottom: 10px !important;}&#8221;][vc_column]\t<div class=\"et-image-997 et-image     et_image_link\">\n\t\t<div class=\"et-image-inner \">\n\t\t\t\t\t\t\t<div class=\"et-image-thumb \">\n\t\t\t\t\t<img decoding=\"async\" width=\"1290\" height=\"2560\" src=\"https:\/\/svetslik.si\/wp-content\/uploads\/2021\/09\/Energijske-slike-\u2013-Zdravje-in-ozdravljenja-3-scaled.jpg\" class=\"attachment-full\" alt=\"Energetske slike - zdravlje i iscjeljenje\" title=\"Energetske slike - zdravlje i iscjeljenje\" srcset=\"https:\/\/svetslik.si\/wp-content\/uploads\/2021\/09\/Energijske-slike-\u2013-Zdravje-in-ozdravljenja-3-scaled.jpg 1290w, https:\/\/svetslik.si\/wp-content\/uploads\/2021\/09\/Energijske-slike-\u2013-Zdravje-in-ozdravljenja-3-scaled-600x1191.jpg 600w, https:\/\/svetslik.si\/wp-content\/uploads\/2021\/09\/Energijske-slike-\u2013-Zdravje-in-ozdravljenja-3-scaled-1200x2381.jpg 1200w, https:\/\/svetslik.si\/wp-content\/uploads\/2021\/09\/Energijske-slike-\u2013-Zdravje-in-ozdravljenja-3-151x300.jpg 151w, https:\/\/svetslik.si\/wp-content\/uploads\/2021\/09\/Energijske-slike-\u2013-Zdravje-in-ozdravljenja-3-516x1024.jpg 516w, https:\/\/svetslik.si\/wp-content\/uploads\/2021\/09\/Energijske-slike-\u2013-Zdravje-in-ozdravljenja-3-768x1524.jpg 768w, https:\/\/svetslik.si\/wp-content\/uploads\/2021\/09\/Energijske-slike-\u2013-Zdravje-in-ozdravljenja-3-774x1536.jpg 774w, https:\/\/svetslik.si\/wp-content\/uploads\/2021\/09\/Energijske-slike-\u2013-Zdravje-in-ozdravljenja-3-1032x2048.jpg 1032w, https:\/\/svetslik.si\/wp-content\/uploads\/2021\/09\/Energijske-slike-\u2013-Zdravje-in-ozdravljenja-3-76x150.jpg 76w\" sizes=\"(max-width: 1290px) 100vw, 1290px\" \/>\t\t\t\t<\/div>\n\t\t\t\t\t\t\t\t\t\t\t<\/div>\n\t<\/div>\n  [\/vc_column][\/vc_row][vc_row css=&#8221;.vc_custom_1742280702736{margin-bottom: 10px !important;}&#8221;][vc_column]\t<div class=\"et-image-217 et-image     et_image_link\">\n\t\t<div class=\"et-image-inner \">\n\t\t\t\t\t\t\t<div class=\"et-image-thumb \">\n\t\t\t\t\t<img decoding=\"async\" width=\"1256\" height=\"2560\" src=\"https:\/\/svetslik.si\/wp-content\/uploads\/2021\/09\/Energijske-slike-\u2013-Zdravje-in-ozdravljenja-2-scaled.jpg\" class=\"attachment-full\" alt=\"Energetske slike - zdravlje i iscjeljenje\" title=\"Energetske slike - zdravlje i iscjeljenje\" srcset=\"https:\/\/svetslik.si\/wp-content\/uploads\/2021\/09\/Energijske-slike-\u2013-Zdravje-in-ozdravljenja-2-scaled.jpg 1256w, https:\/\/svetslik.si\/wp-content\/uploads\/2021\/09\/Energijske-slike-\u2013-Zdravje-in-ozdravljenja-2-scaled-600x1223.jpg 600w, https:\/\/svetslik.si\/wp-content\/uploads\/2021\/09\/Energijske-slike-\u2013-Zdravje-in-ozdravljenja-2-scaled-1200x2446.jpg 1200w, https:\/\/svetslik.si\/wp-content\/uploads\/2021\/09\/Energijske-slike-\u2013-Zdravje-in-ozdravljenja-2-147x300.jpg 147w, https:\/\/svetslik.si\/wp-content\/uploads\/2021\/09\/Energijske-slike-\u2013-Zdravje-in-ozdravljenja-2-502x1024.jpg 502w, https:\/\/svetslik.si\/wp-content\/uploads\/2021\/09\/Energijske-slike-\u2013-Zdravje-in-ozdravljenja-2-768x1565.jpg 768w, https:\/\/svetslik.si\/wp-content\/uploads\/2021\/09\/Energijske-slike-\u2013-Zdravje-in-ozdravljenja-2-754x1536.jpg 754w, https:\/\/svetslik.si\/wp-content\/uploads\/2021\/09\/Energijske-slike-\u2013-Zdravje-in-ozdravljenja-2-1005x2048.jpg 1005w, https:\/\/svetslik.si\/wp-content\/uploads\/2021\/09\/Energijske-slike-\u2013-Zdravje-in-ozdravljenja-2-74x150.jpg 74w\" sizes=\"(max-width: 1256px) 100vw, 1256px\" \/>\t\t\t\t<\/div>\n\t\t\t\t\t\t\t\t\t\t\t<\/div>\n\t<\/div>\n  [\/vc_column][\/vc_row][vc_row css=&#8221;.vc_custom_1742280702736{margin-bottom: 10px !important;}&#8221;][vc_column]\t<div class=\"et-image-942 et-image     et_image_link\">\n\t\t<div class=\"et-image-inner \">\n\t\t\t\t\t\t\t<div class=\"et-image-thumb \">\n\t\t\t\t\t<img decoding=\"async\" width=\"1500\" height=\"1209\" src=\"https:\/\/svetslik.si\/wp-content\/uploads\/2021\/09\/Energijske-slike-\u2013-Zdravje-in-ozdravljenja-4.jpg\" class=\"attachment-full\" alt=\"Energetske slike - zdravlje i iscjeljenje\" title=\"Energetske slike - zdravlje i iscjeljenje\" srcset=\"https:\/\/svetslik.si\/wp-content\/uploads\/2021\/09\/Energijske-slike-\u2013-Zdravje-in-ozdravljenja-4.jpg 1500w, https:\/\/svetslik.si\/wp-content\/uploads\/2021\/09\/Energijske-slike-\u2013-Zdravje-in-ozdravljenja-4-600x484.jpg 600w, https:\/\/svetslik.si\/wp-content\/uploads\/2021\/09\/Energijske-slike-\u2013-Zdravje-in-ozdravljenja-4-1200x967.jpg 1200w, https:\/\/svetslik.si\/wp-content\/uploads\/2021\/09\/Energijske-slike-\u2013-Zdravje-in-ozdravljenja-4-300x242.jpg 300w, https:\/\/svetslik.si\/wp-content\/uploads\/2021\/09\/Energijske-slike-\u2013-Zdravje-in-ozdravljenja-4-1024x825.jpg 1024w, https:\/\/svetslik.si\/wp-content\/uploads\/2021\/09\/Energijske-slike-\u2013-Zdravje-in-ozdravljenja-4-768x619.jpg 768w, https:\/\/svetslik.si\/wp-content\/uploads\/2021\/09\/Energijske-slike-\u2013-Zdravje-in-ozdravljenja-4-150x121.jpg 150w\" sizes=\"(max-width: 1500px) 100vw, 1500px\" \/>\t\t\t\t<\/div>\n\t\t\t\t\t\t\t\t\t\t\t<\/div>\n\t<\/div>\n  [\/vc_column][\/vc_row][vc_row css=&#8221;.vc_custom_1742280702736{margin-bottom: 10px !important;}&#8221;][vc_column]\t<div class=\"et-image-287 et-image     et_image_link\">\n\t\t<div class=\"et-image-inner \">\n\t\t\t\t\t\t\t<div class=\"et-image-thumb \">\n\t\t\t\t\t<img decoding=\"async\" width=\"1500\" height=\"1125\" src=\"https:\/\/svetslik.si\/wp-content\/uploads\/2021\/09\/Energijske-slike-\u2013-Zdravje-in-ozdravljenja-5.jpg\" class=\"attachment-full\" alt=\"Energetske slike - zdravlje i iscjeljenje\" title=\"Energetske slike - zdravlje i iscjeljenje\" srcset=\"https:\/\/svetslik.si\/wp-content\/uploads\/2021\/09\/Energijske-slike-\u2013-Zdravje-in-ozdravljenja-5.jpg 1500w, https:\/\/svetslik.si\/wp-content\/uploads\/2021\/09\/Energijske-slike-\u2013-Zdravje-in-ozdravljenja-5-600x450.jpg 600w, https:\/\/svetslik.si\/wp-content\/uploads\/2021\/09\/Energijske-slike-\u2013-Zdravje-in-ozdravljenja-5-1200x900.jpg 1200w, https:\/\/svetslik.si\/wp-content\/uploads\/2021\/09\/Energijske-slike-\u2013-Zdravje-in-ozdravljenja-5-300x225.jpg 300w, https:\/\/svetslik.si\/wp-content\/uploads\/2021\/09\/Energijske-slike-\u2013-Zdravje-in-ozdravljenja-5-1024x768.jpg 1024w, https:\/\/svetslik.si\/wp-content\/uploads\/2021\/09\/Energijske-slike-\u2013-Zdravje-in-ozdravljenja-5-768x576.jpg 768w, https:\/\/svetslik.si\/wp-content\/uploads\/2021\/09\/Energijske-slike-\u2013-Zdravje-in-ozdravljenja-5-150x113.jpg 150w\" sizes=\"(max-width: 1500px) 100vw, 1500px\" \/>\t\t\t\t<\/div>\n\t\t\t\t\t\t\t\t\t\t\t<\/div>\n\t<\/div>\n  [\/vc_column][\/vc_row][vc_row][vc_column][vc_column_text]\n<h1>Energetske slike &#8211; Zdravlje i ozdravljenje<\/h1>\n<p>Slika koju predstavljamo je jedinstvena energetska slika koja ima izuzetno sna\u017ean utjecaj na na\u0161e zdravlje i ozdravljenje. Ova slika nas povezuje s energijom koja otvara emocionalne kanale i suo\u010dava nas s na\u0161im unutarnjim nedostacima. Tako\u0111er poti\u010de iskrenost prema sebi i drugima te poti\u010de na\u0161e ostvarenje u roditeljskoj ulozi.<\/p>\n<p>Jedna od klju\u010dnih karakteristika ove energetske slike je da ja\u010da razvoj ma\u0161te i kreativnosti, posebno u igri s djecom. Time doprinosi boljem razumijevanju djeteta i drugih te ja\u010danju na\u0161e radosti prema sebi. Kada se uronimo u ovu sliku, osje\u0107amo pozitivne emocije koje nam poma\u017eu u procesu roditeljstva. Time smanjuje va\u017enost nebitnih situacija koje nam mogu ometati potpuno ostvarenje sebe.<\/p>\n<p>Energija koju ova slika emitira izuzetno je \u010dista i sna\u017ena. Uspostavlja harmoniju izme\u0111u na\u0161eg tijela, uma i du\u0161e te poti\u010de unutarnje zdravlje. Kada se zagledamo u ovu sliku, osje\u0107amo kako se na\u0161e tijelo i um opu\u0161taju, \u0161to doprinosi na\u0161em cjelokupnom blagostanju.<\/p>\n<p>Ova energetska slika je ru\u010dno izra\u0111ena s posebnom pa\u017enjom prema detaljima. Svaki potez kista nosi energiju i namjeru, \u0161to daje slici jo\u0161 ve\u0107u snagu. Autor ove slike posvetio je puno vremena i truda kako bi stvorio umjetni\u010dko djelo koje nosi takvu izvanrednu energiju. Ova slika je unikatna i predstavlja priliku da je imate kao dio svog doma ili kao dar za nekoga tko zaslu\u017euje posebnu energetsku podr\u0161ku.<\/p>\n<p>Ne propustite ovu priliku da u svoj dom unesete ovu predivnu energetsku sliku. Pove\u017eite se s njenim iscjeliteljskim djelovanjem koje \u0107e vam pomo\u0107i posti\u0107i unutarnju ravnote\u017eu, ozdravljenje i ostvarenje sebe. Ova slika je vi\u0161e od umjetni\u010dkog djela &#8211; ona je kanal za energiju koja \u0107e vam pomo\u0107i posti\u0107i va\u0161e najbolje zdravlje i blagostanje.<\/p>\n<p>Otkrijte mo\u0107 energetskih slika i dopustite da vam ova slika donese zdravlje i ozdravljenje.<\/p>\n<\/div>","protected":false},"excerpt":{"rendered":"<p>[vc_row css=&#8221;.vc_custom_1742280702736{margin-bottom: 10px !important;}&#8221;][vc_column][\/vc_column][\/vc_row][vc_row css=&#8221;.vc_custom_1742280702736{margin-bottom: 10px !important;}&#8221;][vc_column][\/vc_column][\/vc_row][vc_row css=&#8221;.vc_custom_1742280702736{margin-bottom: 10px !important;}&#8221;][vc_column][\/vc_column][\/vc_row][vc_row css=&#8221;.vc_custom_1742280702736{margin-bottom: 10px !important;}&#8221;][vc_column][\/vc_column][\/vc_row][vc_row css=&#8221;.vc_custom_1742280702736{margin-bottom: 10px !important;}&#8221;][vc_column][\/vc_column][\/vc_row][vc_row][vc_column][vc_column_text] Energetske slike &#8211; Zdravlje i ozdravljenje Slika koju predstavljamo je jedinstvena energetska slika koja ima izuzetno sna\u017ean utjecaj na na\u0161e zdravlje i ozdravljenje. Ova slika nas povezuje s energijom koja otvara emocionalne kanale i [&hellip;]<\/p>\n","protected":false},"featured_media":19958,"template":"","meta":{"_acf_changed":false},"product_brand":[],"product_cat":[3363,3364],"product_tag":[4126],"class_list":{"0":"post-33794","1":"product","2":"type-product","3":"status-publish","4":"has-post-thumbnail","6":"product_cat-energetske-slike","7":"product_cat-energetske-slike-1","8":"product_tag-energijske-slike-hr","9":"pa_dimenzija-40-x-80-cm-hr","10":"pa_dimenzija-50-x-100-cm-hr","11":"pa_dimenzija-75-x-150-cm-hr","12":"pa_oblika-okomito","13":"pa_okvir-bez-okvira","14":"pa_podokvir-bez-podokvira","15":"pa_podokvir-sa-podokvirom","17":"first","18":"onbackorder","19":"purchasable","20":"product-type-variable","21":"has-default-attributes"},"acf":[],"yoast_head":"<!-- This site is optimized with the Yoast SEO Premium plugin v26.0 (Yoast SEO v27.2) - https:\/\/yoast.com\/product\/yoast-seo-premium-wordpress\/ -->\n<title>Energetske slike - zdravlje i iscjeljenje - SVETSLIK.SI - 100% ru\u010dno naslikano<\/title>\n<meta name=\"description\" content=\"Ru\u010dno naslikane energetske slike - Energetske slike - zdravlje i iscjeljenje - Sliku mo\u017eete uokviriti pomo\u0107u na\u0161e jedinstvene aplikacije na stranici.\" \/>\n<meta name=\"robots\" content=\"index, follow, max-snippet:-1, max-image-preview:large, max-video-preview:-1\" \/>\n<link rel=\"canonical\" href=\"https:\/\/svetslik.si\/hr\/energetske-slike-1\/energetske-slike-zdravlje-i-iscjeljenje\/\" \/>\n<meta property=\"og:locale\" content=\"hr_HR\" \/>\n<meta property=\"og:type\" content=\"article\" \/>\n<meta property=\"og:title\" content=\"Energetske slike - zdravlje i iscjeljenje\" \/>\n<meta property=\"og:description\" content=\"100% ro\u010dno naslikane slike na platnu, reprodukcije znanih slikarjev in umetni\u0161ke slike po naro\u010dilu.\" \/>\n<meta property=\"og:url\" content=\"https:\/\/svetslik.si\/hr\/energetske-slike-1\/energetske-slike-zdravlje-i-iscjeljenje\/\" \/>\n<meta property=\"og:site_name\" content=\"SVETSLIK.SI\" \/>\n<meta property=\"article:publisher\" content=\"https:\/\/www.facebook.com\/svetslik.si\" \/>\n<meta property=\"article:modified_time\" content=\"2025-03-18T06:53:46+00:00\" \/>\n<meta property=\"og:image\" content=\"https:\/\/svetslik.si\/wp-content\/uploads\/2021\/08\/image_zdravje-in-ozdravljenja_680.jpg\" \/>\n\t<meta property=\"og:image:width\" content=\"346\" \/>\n\t<meta property=\"og:image:height\" content=\"680\" \/>\n\t<meta property=\"og:image:type\" content=\"image\/jpeg\" \/>\n<meta name=\"twitter:card\" content=\"summary_large_image\" \/>\n<meta name=\"twitter:site\" content=\"@svetslik\" \/>\n<meta name=\"twitter:label1\" content=\"Availability\" \/>\n\t<meta name=\"twitter:data1\" content=\"On backorder\" \/>\n<script type=\"application\/ld+json\" class=\"yoast-schema-graph\">{\"@context\":\"https:\/\/schema.org\",\"@graph\":[{\"@type\":[\"WebPage\",\"ItemPage\"],\"@id\":\"https:\/\/svetslik.si\/hr\/energetske-slike-1\/energetske-slike-zdravlje-i-iscjeljenje\/\",\"url\":\"https:\/\/svetslik.si\/hr\/energetske-slike-1\/energetske-slike-zdravlje-i-iscjeljenje\/\",\"name\":\"Energetske slike - zdravlje i iscjeljenje - SVETSLIK.SI - 100% ru\u010dno naslikano\",\"isPartOf\":{\"@id\":\"https:\/\/svetslik.si\/hr\/#website\"},\"primaryImageOfPage\":{\"@id\":\"https:\/\/svetslik.si\/hr\/energetske-slike-1\/energetske-slike-zdravlje-i-iscjeljenje\/#primaryimage\"},\"image\":{\"@id\":\"https:\/\/svetslik.si\/hr\/energetske-slike-1\/energetske-slike-zdravlje-i-iscjeljenje\/#primaryimage\"},\"thumbnailUrl\":\"https:\/\/svetslik.si\/wp-content\/uploads\/2021\/08\/image_zdravje-in-ozdravljenja_680.jpg\",\"datePublished\":\"2021-09-02T16:37:52+00:00\",\"dateModified\":\"2025-03-18T06:53:46+00:00\",\"description\":\"Ru\u010dno naslikane energetske slike - Energetske slike - zdravlje i iscjeljenje - Sliku mo\u017eete uokviriti pomo\u0107u na\u0161e jedinstvene aplikacije na stranici.\",\"breadcrumb\":{\"@id\":\"https:\/\/svetslik.si\/hr\/energetske-slike-1\/energetske-slike-zdravlje-i-iscjeljenje\/#breadcrumb\"},\"inLanguage\":\"hr\",\"potentialAction\":[{\"@type\":\"ReadAction\",\"target\":[\"https:\/\/svetslik.si\/hr\/energetske-slike-1\/energetske-slike-zdravlje-i-iscjeljenje\/\"]}]},{\"@type\":\"ImageObject\",\"inLanguage\":\"hr\",\"@id\":\"https:\/\/svetslik.si\/hr\/energetske-slike-1\/energetske-slike-zdravlje-i-iscjeljenje\/#primaryimage\",\"url\":\"https:\/\/svetslik.si\/wp-content\/uploads\/2021\/08\/image_zdravje-in-ozdravljenja_680.jpg\",\"contentUrl\":\"https:\/\/svetslik.si\/wp-content\/uploads\/2021\/08\/image_zdravje-in-ozdravljenja_680.jpg\",\"width\":346,\"height\":680,\"caption\":\"Energijske slike, slikane slike na platnu, slike za zid, umjetni\u010dke slike, moderne slike, ambijentalne slike, apstraktne slike, dekorativne slikane slike, kupovina i prodaja slika, ru\u010dno nacrtane slike, ru\u010dno slikane slike - Zdravlje i ozdravljenje\"},{\"@type\":\"BreadcrumbList\",\"@id\":\"https:\/\/svetslik.si\/hr\/energetske-slike-1\/energetske-slike-zdravlje-i-iscjeljenje\/#breadcrumb\",\"itemListElement\":[{\"@type\":\"ListItem\",\"position\":1,\"name\":\"Umjetni\u010dke zidne slike na platnu\",\"item\":\"https:\/\/svetslik.si\/hr\/\"},{\"@type\":\"ListItem\",\"position\":2,\"name\":\"Prodaja slika\",\"item\":\"https:\/\/svetslik.si\/prodaja-slik\/\"},{\"@type\":\"ListItem\",\"position\":3,\"name\":\"Energetske slike &#8211; zdravlje i iscjeljenje\"}]},{\"@type\":\"WebSite\",\"@id\":\"https:\/\/svetslik.si\/hr\/#website\",\"url\":\"https:\/\/svetslik.si\/hr\/\",\"name\":\"SVETSLIK.SI\",\"description\":\"100% ru\u010dno naslikane reprodukcije slika poznatih slikara in umjetni\u010dke zidne slike na platnu.\",\"publisher\":{\"@id\":\"https:\/\/svetslik.si\/hr\/#organization\"},\"potentialAction\":[{\"@type\":\"SearchAction\",\"target\":{\"@type\":\"EntryPoint\",\"urlTemplate\":\"https:\/\/svetslik.si\/hr\/?s={search_term_string}\"},\"query-input\":{\"@type\":\"PropertyValueSpecification\",\"valueRequired\":true,\"valueName\":\"search_term_string\"}}],\"inLanguage\":\"hr\"},{\"@type\":\"Organization\",\"@id\":\"https:\/\/svetslik.si\/hr\/#organization\",\"name\":\"SvetSlik.si\",\"url\":\"https:\/\/svetslik.si\/hr\/\",\"logo\":{\"@type\":\"ImageObject\",\"inLanguage\":\"hr\",\"@id\":\"https:\/\/svetslik.si\/hr\/#\/schema\/logo\/image\/\",\"url\":\"https:\/\/svetslik.si\/wp-content\/uploads\/2020\/12\/logo-512.png\",\"contentUrl\":\"https:\/\/svetslik.si\/wp-content\/uploads\/2020\/12\/logo-512.png\",\"width\":512,\"height\":512,\"caption\":\"SvetSlik.si\"},\"image\":{\"@id\":\"https:\/\/svetslik.si\/hr\/#\/schema\/logo\/image\/\"},\"sameAs\":[\"https:\/\/www.facebook.com\/svetslik.si\",\"https:\/\/x.com\/svetslik\",\"https:\/\/www.instagram.com\/svetslik.si\/\",\"https:\/\/www.linkedin.com\/company\/svetslik-si\"]}]}<\/script>\n<meta property=\"og:availability\" content=\"backorder\" \/>\n<meta property=\"product:availability\" content=\"available for order\" \/>\n<meta property=\"product:retailer_item_id\" content=\"666__\" \/>\n<meta property=\"product:condition\" content=\"new\" \/>\n<!-- \/ Yoast SEO Premium plugin. -->","yoast_head_json":{"title":"Energetske slike - zdravlje i iscjeljenje - SVETSLIK.SI - 100% ru\u010dno naslikano","description":"Ru\u010dno naslikane energetske slike - Energetske slike - zdravlje i iscjeljenje - Sliku mo\u017eete uokviriti pomo\u0107u na\u0161e jedinstvene aplikacije na stranici.","robots":{"index":"index","follow":"follow","max-snippet":"max-snippet:-1","max-image-preview":"max-image-preview:large","max-video-preview":"max-video-preview:-1"},"canonical":"https:\/\/svetslik.si\/hr\/energetske-slike-1\/energetske-slike-zdravlje-i-iscjeljenje\/","og_locale":"hr_HR","og_type":"article","og_title":"Energetske slike - zdravlje i iscjeljenje","og_description":"100% ro\u010dno naslikane slike na platnu, reprodukcije znanih slikarjev in umetni\u0161ke slike po naro\u010dilu.","og_url":"https:\/\/svetslik.si\/hr\/energetske-slike-1\/energetske-slike-zdravlje-i-iscjeljenje\/","og_site_name":"SVETSLIK.SI","article_publisher":"https:\/\/www.facebook.com\/svetslik.si","article_modified_time":"2025-03-18T06:53:46+00:00","og_image":[{"width":346,"height":680,"url":"https:\/\/svetslik.si\/wp-content\/uploads\/2021\/08\/image_zdravje-in-ozdravljenja_680.jpg","type":"image\/jpeg"}],"twitter_card":"summary_large_image","twitter_site":"@svetslik","twitter_misc":{"Availability":"On backorder"},"schema":{"@context":"https:\/\/schema.org","@graph":[{"@type":["WebPage","ItemPage"],"@id":"https:\/\/svetslik.si\/hr\/energetske-slike-1\/energetske-slike-zdravlje-i-iscjeljenje\/","url":"https:\/\/svetslik.si\/hr\/energetske-slike-1\/energetske-slike-zdravlje-i-iscjeljenje\/","name":"Energetske slike - zdravlje i iscjeljenje - SVETSLIK.SI - 100% ru\u010dno naslikano","isPartOf":{"@id":"https:\/\/svetslik.si\/hr\/#website"},"primaryImageOfPage":{"@id":"https:\/\/svetslik.si\/hr\/energetske-slike-1\/energetske-slike-zdravlje-i-iscjeljenje\/#primaryimage"},"image":{"@id":"https:\/\/svetslik.si\/hr\/energetske-slike-1\/energetske-slike-zdravlje-i-iscjeljenje\/#primaryimage"},"thumbnailUrl":"https:\/\/svetslik.si\/wp-content\/uploads\/2021\/08\/image_zdravje-in-ozdravljenja_680.jpg","datePublished":"2021-09-02T16:37:52+00:00","dateModified":"2025-03-18T06:53:46+00:00","description":"Ru\u010dno naslikane energetske slike - Energetske slike - zdravlje i iscjeljenje - Sliku mo\u017eete uokviriti pomo\u0107u na\u0161e jedinstvene aplikacije na stranici.","breadcrumb":{"@id":"https:\/\/svetslik.si\/hr\/energetske-slike-1\/energetske-slike-zdravlje-i-iscjeljenje\/#breadcrumb"},"inLanguage":"hr","potentialAction":[{"@type":"ReadAction","target":["https:\/\/svetslik.si\/hr\/energetske-slike-1\/energetske-slike-zdravlje-i-iscjeljenje\/"]}]},{"@type":"ImageObject","inLanguage":"hr","@id":"https:\/\/svetslik.si\/hr\/energetske-slike-1\/energetske-slike-zdravlje-i-iscjeljenje\/#primaryimage","url":"https:\/\/svetslik.si\/wp-content\/uploads\/2021\/08\/image_zdravje-in-ozdravljenja_680.jpg","contentUrl":"https:\/\/svetslik.si\/wp-content\/uploads\/2021\/08\/image_zdravje-in-ozdravljenja_680.jpg","width":346,"height":680,"caption":"Energijske slike, slikane slike na platnu, slike za zid, umjetni\u010dke slike, moderne slike, ambijentalne slike, apstraktne slike, dekorativne slikane slike, kupovina i prodaja slika, ru\u010dno nacrtane slike, ru\u010dno slikane slike - Zdravlje i ozdravljenje"},{"@type":"BreadcrumbList","@id":"https:\/\/svetslik.si\/hr\/energetske-slike-1\/energetske-slike-zdravlje-i-iscjeljenje\/#breadcrumb","itemListElement":[{"@type":"ListItem","position":1,"name":"Umjetni\u010dke zidne slike na platnu","item":"https:\/\/svetslik.si\/hr\/"},{"@type":"ListItem","position":2,"name":"Prodaja slika","item":"https:\/\/svetslik.si\/prodaja-slik\/"},{"@type":"ListItem","position":3,"name":"Energetske slike &#8211; zdravlje i iscjeljenje"}]},{"@type":"WebSite","@id":"https:\/\/svetslik.si\/hr\/#website","url":"https:\/\/svetslik.si\/hr\/","name":"SVETSLIK.SI","description":"100% ru\u010dno naslikane reprodukcije slika poznatih slikara in umjetni\u010dke zidne slike na platnu.","publisher":{"@id":"https:\/\/svetslik.si\/hr\/#organization"},"potentialAction":[{"@type":"SearchAction","target":{"@type":"EntryPoint","urlTemplate":"https:\/\/svetslik.si\/hr\/?s={search_term_string}"},"query-input":{"@type":"PropertyValueSpecification","valueRequired":true,"valueName":"search_term_string"}}],"inLanguage":"hr"},{"@type":"Organization","@id":"https:\/\/svetslik.si\/hr\/#organization","name":"SvetSlik.si","url":"https:\/\/svetslik.si\/hr\/","logo":{"@type":"ImageObject","inLanguage":"hr","@id":"https:\/\/svetslik.si\/hr\/#\/schema\/logo\/image\/","url":"https:\/\/svetslik.si\/wp-content\/uploads\/2020\/12\/logo-512.png","contentUrl":"https:\/\/svetslik.si\/wp-content\/uploads\/2020\/12\/logo-512.png","width":512,"height":512,"caption":"SvetSlik.si"},"image":{"@id":"https:\/\/svetslik.si\/hr\/#\/schema\/logo\/image\/"},"sameAs":["https:\/\/www.facebook.com\/svetslik.si","https:\/\/x.com\/svetslik","https:\/\/www.instagram.com\/svetslik.si\/","https:\/\/www.linkedin.com\/company\/svetslik-si"]}]},"og_availability":"backorder","product_availability":"available for order","product_retailer_item_id":"666__","product_condition":"new"},"jetpack_sharing_enabled":true,"_links":{"self":[{"href":"https:\/\/svetslik.si\/hr\/wp-json\/wp\/v2\/product\/33794","targetHints":{"allow":["GET"]}}],"collection":[{"href":"https:\/\/svetslik.si\/hr\/wp-json\/wp\/v2\/product"}],"about":[{"href":"https:\/\/svetslik.si\/hr\/wp-json\/wp\/v2\/types\/product"}],"wp:featuredmedia":[{"embeddable":true,"href":"https:\/\/svetslik.si\/hr\/wp-json\/wp\/v2\/media\/19958"}],"wp:attachment":[{"href":"https:\/\/svetslik.si\/hr\/wp-json\/wp\/v2\/media?parent=33794"}],"wp:term":[{"taxonomy":"product_brand","embeddable":true,"href":"https:\/\/svetslik.si\/hr\/wp-json\/wp\/v2\/product_brand?post=33794"},{"taxonomy":"product_cat","embeddable":true,"href":"https:\/\/svetslik.si\/hr\/wp-json\/wp\/v2\/product_cat?post=33794"},{"taxonomy":"product_tag","embeddable":true,"href":"https:\/\/svetslik.si\/hr\/wp-json\/wp\/v2\/product_tag?post=33794"}],"curies":[{"name":"wp","href":"https:\/\/api.w.org\/{rel}","templated":true}]}}