{"id":33815,"date":"2021-09-02T18:38:14","date_gmt":"2021-09-02T16:38:14","guid":{"rendered":"https:\/\/svetslik.si\/uncategorized\/sreca-v-zakonu\/"},"modified":"2023-11-12T09:15:28","modified_gmt":"2023-11-12T08:15:28","slug":"energetske-slike-sreca-u-braku","status":"publish","type":"product","link":"https:\/\/svetslik.si\/hr\/energetske-slike-1\/energetske-slike-sreca-u-braku\/","title":{"rendered":"Energetske slike &#8211; Sre\u0107a u braku"},"content":{"rendered":"<div class=\"wpb-content-wrapper\">[vc_row css=&#8221;.vc_custom_1699776814664{margin-bottom: 10px !important;}&#8221;][vc_column]\t<div class=\"et-image-693 et-image     et_image_link\">\n\t\t<div class=\"et-image-inner \">\n\t\t\t\t\t\t\t<div class=\"et-image-thumb \">\n\t\t\t\t\t<img decoding=\"async\" width=\"1000\" height=\"1612\" src=\"https:\/\/svetslik.si\/wp-content\/uploads\/2021\/09\/nergijske-slike-\u2013-Sreca-v-zakonu.jpg\" class=\"attachment-full\" alt=\"Energetska slika \u2013 Sre\u0107a u braku: Apstraktno platno isijava s toplinom i radosti, stvaraju\u0107i osje\u0107aj sre\u0107e u bra\u010dnom zajedni\u0161tvu.\" title=\"Energetske slike \u2013 Sre\u0107a u braku\" srcset=\"https:\/\/svetslik.si\/wp-content\/uploads\/2021\/09\/nergijske-slike-\u2013-Sreca-v-zakonu.jpg 1000w, https:\/\/svetslik.si\/wp-content\/uploads\/2021\/09\/nergijske-slike-\u2013-Sreca-v-zakonu-600x967.jpg 600w, https:\/\/svetslik.si\/wp-content\/uploads\/2021\/09\/nergijske-slike-\u2013-Sreca-v-zakonu-186x300.jpg 186w, https:\/\/svetslik.si\/wp-content\/uploads\/2021\/09\/nergijske-slike-\u2013-Sreca-v-zakonu-635x1024.jpg 635w, https:\/\/svetslik.si\/wp-content\/uploads\/2021\/09\/nergijske-slike-\u2013-Sreca-v-zakonu-768x1238.jpg 768w, https:\/\/svetslik.si\/wp-content\/uploads\/2021\/09\/nergijske-slike-\u2013-Sreca-v-zakonu-953x1536.jpg 953w, https:\/\/svetslik.si\/wp-content\/uploads\/2021\/09\/nergijske-slike-\u2013-Sreca-v-zakonu-93x150.jpg 93w, https:\/\/svetslik.si\/wp-content\/uploads\/2021\/09\/nergijske-slike-\u2013-Sreca-v-zakonu-900x1451.jpg 900w\" sizes=\"(max-width: 1000px) 100vw, 1000px\" \/>\t\t\t\t<\/div>\n\t\t\t\t\t\t\t\t\t\t\t<\/div>\n\t<\/div>\n  [\/vc_column][\/vc_row][vc_row][vc_column][vc_column_text]\n<h1>Energetske slike &#8211; Sre\u0107a u braku<\/h1>\n<p>Slika &#8220;Sre\u0107a u braku&#8221; je iznimna ilustracija energije koja privla\u010di obilje ljubavi u na\u0161 \u017eivot i ispunjava nas bo\u017eanskom vibracijom. Namijenjena je poticanju tra\u017eenja sre\u0107e u partnerskim odnosima i iscijeljivanju ljubavnih rana iz pro\u0161losti ili sada\u0161njosti. Ljubav je temeljna unutarnja kvaliteta koju trebamo razvijati u svom \u017eivotu. Prvi korak \u010dinimo kada prihva\u0107amo sebe i u\u010dimo voljeti sebe takve kakvi jesmo. Tada smo sposobni voljeti i druge te izra\u017eavati sna\u017enu energiju ljubavi prema svima i svemu.<\/p>\n<p>Slika &#8220;Sre\u0107a u braku&#8221; je izrazito simboli\u010dna. Kroz upotrebu \u017eivahnih boja, suptilne kompozicije i jedinstvenog stila stvaranja, umjetnik stvara prekrasan vizualni prikaz ljubavi u partnerskim odnosima. Slika nas poziva da se prepustimo njezinoj energiji, otvorimo se ljubavi i izgradimo \u010dvrste, sretne i ispunjavaju\u0107e odnose.<\/p>\n<p>Ova umjetnina tako\u0111er slu\u017ei kao alat za iscjeljivanje i transformaciju. Kroz pa\u017eljivo odabrane motive, simbole i boje, slika djeluje na suptilnim energetskim razinama, poma\u017eu\u0107i nam u procesu iscijeljenja pro\u0161lih ljubavnih rana. Mo\u017eemo osjetiti kako nas njezina vibracija podi\u017ee i poma\u017ee nam osloba\u0111anju boli te prihva\u0107anju i izra\u017eavanju istinske ljubavi.<\/p>\n<p>Svaka slika je unikatna i ru\u010dno izra\u0111ena s posebnom pa\u017enjom prema detaljima. Umjetnik je svojim iznimnim talentom i predano\u0161\u0107u stvorio pravo remek-djelo koje ima mo\u0107 nadahnuti i mijenjati \u017eivote. Slika &#8220;Sre\u0107a u braku&#8221; je vi\u0161e od uobi\u010dajene dekoracije za zidove, to je dragocjen i zna\u010dajan komad umjetnosti koji donosi ljubav, sre\u0107u i harmoniju u va\u0161 dom.<\/p>\n<p>Ako tra\u017eite poseban poklon za svog partnera ili \u017eelite svoj dom ispuniti energijom ljubavi, slika &#8220;Sre\u0107a u braku&#8221; je odli\u010dan izbor. Prepustite se njezinoj bo\u017eanskoj vibraciji koja \u0107e vas svakodnevno podsje\u0107ati na mo\u0107 ljubavi i pomo\u0107i vam da \u017eivite sretno i ispunjeno \u017eivljenje u ljubavi.[\/vc_column_text][\/vc_column][\/vc_row]\n<\/div>","protected":false},"excerpt":{"rendered":"<p>[vc_row css=&#8221;.vc_custom_1699776814664{margin-bottom: 10px !important;}&#8221;][vc_column][\/vc_column][\/vc_row][vc_row][vc_column][vc_column_text] Energetske slike &#8211; Sre\u0107a u braku Slika &#8220;Sre\u0107a u braku&#8221; je iznimna ilustracija energije koja privla\u010di obilje ljubavi u na\u0161 \u017eivot i ispunjava nas bo\u017eanskom vibracijom. Namijenjena je poticanju tra\u017eenja sre\u0107e u partnerskim odnosima i iscijeljivanju ljubavnih rana iz pro\u0161losti ili sada\u0161njosti. Ljubav je temeljna unutarnja [&hellip;]<\/p>\n","protected":false},"featured_media":20732,"template":"","meta":{"_acf_changed":false},"product_brand":[],"product_cat":[3363,3364],"product_tag":[4126],"class_list":{"0":"post-33815","1":"product","2":"type-product","3":"status-publish","4":"has-post-thumbnail","6":"product_cat-energetske-slike","7":"product_cat-energetske-slike-1","8":"product_tag-energijske-slike-hr","9":"pa_dimenzija-40-x-80-cm","10":"pa_dimenzija-50-x-100-cm","11":"pa_dimenzija-75-x-150-cm","12":"pa_oblika-okomito","13":"pa_okvir-bez-okvira","14":"pa_podokvir-bez-podokvira","15":"pa_podokvir-sa-podokvirom","17":"first","18":"onbackorder","19":"purchasable","20":"product-type-variable","21":"has-default-attributes"},"acf":[],"yoast_head":"<!-- This site is optimized with the Yoast SEO Premium plugin v26.0 (Yoast SEO v27.2) - https:\/\/yoast.com\/product\/yoast-seo-premium-wordpress\/ -->\n<title>Energetske slike - Sre\u0107a u braku - SVETSLIK.SI - 100% ru\u010dno naslikano<\/title>\n<meta name=\"description\" content=\"Ru\u010dno naslikane energetske slike - Energetske slike - Sre\u0107a u braku - Sliku mo\u017eete uokviriti pomo\u0107u na\u0161e jedinstvene aplikacije na stranici.\" \/>\n<meta name=\"robots\" content=\"index, follow, max-snippet:-1, max-image-preview:large, max-video-preview:-1\" \/>\n<link rel=\"canonical\" href=\"https:\/\/svetslik.si\/hr\/energetske-slike-1\/energetske-slike-sreca-u-braku\/\" \/>\n<meta property=\"og:locale\" content=\"hr_HR\" \/>\n<meta property=\"og:type\" content=\"article\" \/>\n<meta property=\"og:title\" content=\"Energetske slike - Sre\u0107a u braku\" \/>\n<meta property=\"og:description\" content=\"100% ro\u010dno naslikane slike na platnu, reprodukcije znanih slikarjev in umetni\u0161ke slike po naro\u010dilu.\" \/>\n<meta property=\"og:url\" content=\"https:\/\/svetslik.si\/hr\/energetske-slike-1\/energetske-slike-sreca-u-braku\/\" \/>\n<meta property=\"og:site_name\" content=\"SVETSLIK.SI\" \/>\n<meta property=\"article:publisher\" content=\"https:\/\/www.facebook.com\/svetslik.si\" \/>\n<meta property=\"article:modified_time\" content=\"2023-11-12T08:15:28+00:00\" \/>\n<meta property=\"og:image\" content=\"https:\/\/svetslik.si\/wp-content\/uploads\/2021\/08\/image_sreca-v-zakonu_680.jpg\" \/>\n\t<meta property=\"og:image:width\" content=\"339\" \/>\n\t<meta property=\"og:image:height\" content=\"680\" \/>\n\t<meta property=\"og:image:type\" content=\"image\/jpeg\" \/>\n<meta name=\"twitter:card\" content=\"summary_large_image\" \/>\n<meta name=\"twitter:site\" content=\"@svetslik\" \/>\n<meta name=\"twitter:label1\" content=\"Availability\" \/>\n\t<meta name=\"twitter:data1\" content=\"On backorder\" \/>\n<script type=\"application\/ld+json\" class=\"yoast-schema-graph\">{\"@context\":\"https:\/\/schema.org\",\"@graph\":[{\"@type\":[\"WebPage\",\"ItemPage\"],\"@id\":\"https:\/\/svetslik.si\/hr\/energetske-slike-1\/energetske-slike-sreca-u-braku\/\",\"url\":\"https:\/\/svetslik.si\/hr\/energetske-slike-1\/energetske-slike-sreca-u-braku\/\",\"name\":\"Energetske slike - Sre\u0107a u braku - SVETSLIK.SI - 100% ru\u010dno naslikano\",\"isPartOf\":{\"@id\":\"https:\/\/svetslik.si\/hr\/#website\"},\"primaryImageOfPage\":{\"@id\":\"https:\/\/svetslik.si\/hr\/energetske-slike-1\/energetske-slike-sreca-u-braku\/#primaryimage\"},\"image\":{\"@id\":\"https:\/\/svetslik.si\/hr\/energetske-slike-1\/energetske-slike-sreca-u-braku\/#primaryimage\"},\"thumbnailUrl\":\"https:\/\/svetslik.si\/wp-content\/uploads\/2021\/08\/image_sreca-v-zakonu_680.jpg\",\"datePublished\":\"2021-09-02T16:38:14+00:00\",\"dateModified\":\"2023-11-12T08:15:28+00:00\",\"description\":\"Ru\u010dno naslikane energetske slike - Energetske slike - Sre\u0107a u braku - Sliku mo\u017eete uokviriti pomo\u0107u na\u0161e jedinstvene aplikacije na stranici.\",\"breadcrumb\":{\"@id\":\"https:\/\/svetslik.si\/hr\/energetske-slike-1\/energetske-slike-sreca-u-braku\/#breadcrumb\"},\"inLanguage\":\"hr\",\"potentialAction\":[{\"@type\":\"ReadAction\",\"target\":[\"https:\/\/svetslik.si\/hr\/energetske-slike-1\/energetske-slike-sreca-u-braku\/\"]}]},{\"@type\":\"ImageObject\",\"inLanguage\":\"hr\",\"@id\":\"https:\/\/svetslik.si\/hr\/energetske-slike-1\/energetske-slike-sreca-u-braku\/#primaryimage\",\"url\":\"https:\/\/svetslik.si\/wp-content\/uploads\/2021\/08\/image_sreca-v-zakonu_680.jpg\",\"contentUrl\":\"https:\/\/svetslik.si\/wp-content\/uploads\/2021\/08\/image_sreca-v-zakonu_680.jpg\",\"width\":339,\"height\":680,\"caption\":\"sre\u0107a u braku - Moderne slike na platnu\"},{\"@type\":\"BreadcrumbList\",\"@id\":\"https:\/\/svetslik.si\/hr\/energetske-slike-1\/energetske-slike-sreca-u-braku\/#breadcrumb\",\"itemListElement\":[{\"@type\":\"ListItem\",\"position\":1,\"name\":\"Umjetni\u010dke zidne slike na platnu\",\"item\":\"https:\/\/svetslik.si\/hr\/\"},{\"@type\":\"ListItem\",\"position\":2,\"name\":\"Prodaja slika\",\"item\":\"https:\/\/svetslik.si\/prodaja-slik\/\"},{\"@type\":\"ListItem\",\"position\":3,\"name\":\"Energetske slike &#8211; Sre\u0107a u braku\"}]},{\"@type\":\"WebSite\",\"@id\":\"https:\/\/svetslik.si\/hr\/#website\",\"url\":\"https:\/\/svetslik.si\/hr\/\",\"name\":\"SVETSLIK.SI\",\"description\":\"100% ru\u010dno naslikane reprodukcije slika poznatih slikara in umjetni\u010dke zidne slike na platnu.\",\"publisher\":{\"@id\":\"https:\/\/svetslik.si\/hr\/#organization\"},\"potentialAction\":[{\"@type\":\"SearchAction\",\"target\":{\"@type\":\"EntryPoint\",\"urlTemplate\":\"https:\/\/svetslik.si\/hr\/?s={search_term_string}\"},\"query-input\":{\"@type\":\"PropertyValueSpecification\",\"valueRequired\":true,\"valueName\":\"search_term_string\"}}],\"inLanguage\":\"hr\"},{\"@type\":\"Organization\",\"@id\":\"https:\/\/svetslik.si\/hr\/#organization\",\"name\":\"SvetSlik.si\",\"url\":\"https:\/\/svetslik.si\/hr\/\",\"logo\":{\"@type\":\"ImageObject\",\"inLanguage\":\"hr\",\"@id\":\"https:\/\/svetslik.si\/hr\/#\/schema\/logo\/image\/\",\"url\":\"https:\/\/svetslik.si\/wp-content\/uploads\/2020\/12\/logo-512.png\",\"contentUrl\":\"https:\/\/svetslik.si\/wp-content\/uploads\/2020\/12\/logo-512.png\",\"width\":512,\"height\":512,\"caption\":\"SvetSlik.si\"},\"image\":{\"@id\":\"https:\/\/svetslik.si\/hr\/#\/schema\/logo\/image\/\"},\"sameAs\":[\"https:\/\/www.facebook.com\/svetslik.si\",\"https:\/\/x.com\/svetslik\",\"https:\/\/www.instagram.com\/svetslik.si\/\",\"https:\/\/www.linkedin.com\/company\/svetslik-si\"]}]}<\/script>\n<meta property=\"og:availability\" content=\"backorder\" \/>\n<meta property=\"product:availability\" content=\"available for order\" \/>\n<meta property=\"product:retailer_item_id\" content=\"671__\" \/>\n<meta property=\"product:condition\" content=\"new\" \/>\n<!-- \/ Yoast SEO Premium plugin. -->","yoast_head_json":{"title":"Energetske slike - Sre\u0107a u braku - SVETSLIK.SI - 100% ru\u010dno naslikano","description":"Ru\u010dno naslikane energetske slike - Energetske slike - Sre\u0107a u braku - Sliku mo\u017eete uokviriti pomo\u0107u na\u0161e jedinstvene aplikacije na stranici.","robots":{"index":"index","follow":"follow","max-snippet":"max-snippet:-1","max-image-preview":"max-image-preview:large","max-video-preview":"max-video-preview:-1"},"canonical":"https:\/\/svetslik.si\/hr\/energetske-slike-1\/energetske-slike-sreca-u-braku\/","og_locale":"hr_HR","og_type":"article","og_title":"Energetske slike - Sre\u0107a u braku","og_description":"100% ro\u010dno naslikane slike na platnu, reprodukcije znanih slikarjev in umetni\u0161ke slike po naro\u010dilu.","og_url":"https:\/\/svetslik.si\/hr\/energetske-slike-1\/energetske-slike-sreca-u-braku\/","og_site_name":"SVETSLIK.SI","article_publisher":"https:\/\/www.facebook.com\/svetslik.si","article_modified_time":"2023-11-12T08:15:28+00:00","og_image":[{"width":339,"height":680,"url":"https:\/\/svetslik.si\/wp-content\/uploads\/2021\/08\/image_sreca-v-zakonu_680.jpg","type":"image\/jpeg"}],"twitter_card":"summary_large_image","twitter_site":"@svetslik","twitter_misc":{"Availability":"On backorder"},"schema":{"@context":"https:\/\/schema.org","@graph":[{"@type":["WebPage","ItemPage"],"@id":"https:\/\/svetslik.si\/hr\/energetske-slike-1\/energetske-slike-sreca-u-braku\/","url":"https:\/\/svetslik.si\/hr\/energetske-slike-1\/energetske-slike-sreca-u-braku\/","name":"Energetske slike - Sre\u0107a u braku - SVETSLIK.SI - 100% ru\u010dno naslikano","isPartOf":{"@id":"https:\/\/svetslik.si\/hr\/#website"},"primaryImageOfPage":{"@id":"https:\/\/svetslik.si\/hr\/energetske-slike-1\/energetske-slike-sreca-u-braku\/#primaryimage"},"image":{"@id":"https:\/\/svetslik.si\/hr\/energetske-slike-1\/energetske-slike-sreca-u-braku\/#primaryimage"},"thumbnailUrl":"https:\/\/svetslik.si\/wp-content\/uploads\/2021\/08\/image_sreca-v-zakonu_680.jpg","datePublished":"2021-09-02T16:38:14+00:00","dateModified":"2023-11-12T08:15:28+00:00","description":"Ru\u010dno naslikane energetske slike - Energetske slike - Sre\u0107a u braku - Sliku mo\u017eete uokviriti pomo\u0107u na\u0161e jedinstvene aplikacije na stranici.","breadcrumb":{"@id":"https:\/\/svetslik.si\/hr\/energetske-slike-1\/energetske-slike-sreca-u-braku\/#breadcrumb"},"inLanguage":"hr","potentialAction":[{"@type":"ReadAction","target":["https:\/\/svetslik.si\/hr\/energetske-slike-1\/energetske-slike-sreca-u-braku\/"]}]},{"@type":"ImageObject","inLanguage":"hr","@id":"https:\/\/svetslik.si\/hr\/energetske-slike-1\/energetske-slike-sreca-u-braku\/#primaryimage","url":"https:\/\/svetslik.si\/wp-content\/uploads\/2021\/08\/image_sreca-v-zakonu_680.jpg","contentUrl":"https:\/\/svetslik.si\/wp-content\/uploads\/2021\/08\/image_sreca-v-zakonu_680.jpg","width":339,"height":680,"caption":"sre\u0107a u braku - Moderne slike na platnu"},{"@type":"BreadcrumbList","@id":"https:\/\/svetslik.si\/hr\/energetske-slike-1\/energetske-slike-sreca-u-braku\/#breadcrumb","itemListElement":[{"@type":"ListItem","position":1,"name":"Umjetni\u010dke zidne slike na platnu","item":"https:\/\/svetslik.si\/hr\/"},{"@type":"ListItem","position":2,"name":"Prodaja slika","item":"https:\/\/svetslik.si\/prodaja-slik\/"},{"@type":"ListItem","position":3,"name":"Energetske slike &#8211; Sre\u0107a u braku"}]},{"@type":"WebSite","@id":"https:\/\/svetslik.si\/hr\/#website","url":"https:\/\/svetslik.si\/hr\/","name":"SVETSLIK.SI","description":"100% ru\u010dno naslikane reprodukcije slika poznatih slikara in umjetni\u010dke zidne slike na platnu.","publisher":{"@id":"https:\/\/svetslik.si\/hr\/#organization"},"potentialAction":[{"@type":"SearchAction","target":{"@type":"EntryPoint","urlTemplate":"https:\/\/svetslik.si\/hr\/?s={search_term_string}"},"query-input":{"@type":"PropertyValueSpecification","valueRequired":true,"valueName":"search_term_string"}}],"inLanguage":"hr"},{"@type":"Organization","@id":"https:\/\/svetslik.si\/hr\/#organization","name":"SvetSlik.si","url":"https:\/\/svetslik.si\/hr\/","logo":{"@type":"ImageObject","inLanguage":"hr","@id":"https:\/\/svetslik.si\/hr\/#\/schema\/logo\/image\/","url":"https:\/\/svetslik.si\/wp-content\/uploads\/2020\/12\/logo-512.png","contentUrl":"https:\/\/svetslik.si\/wp-content\/uploads\/2020\/12\/logo-512.png","width":512,"height":512,"caption":"SvetSlik.si"},"image":{"@id":"https:\/\/svetslik.si\/hr\/#\/schema\/logo\/image\/"},"sameAs":["https:\/\/www.facebook.com\/svetslik.si","https:\/\/x.com\/svetslik","https:\/\/www.instagram.com\/svetslik.si\/","https:\/\/www.linkedin.com\/company\/svetslik-si"]}]},"og_availability":"backorder","product_availability":"available for order","product_retailer_item_id":"671__","product_condition":"new"},"jetpack_sharing_enabled":true,"_links":{"self":[{"href":"https:\/\/svetslik.si\/hr\/wp-json\/wp\/v2\/product\/33815","targetHints":{"allow":["GET"]}}],"collection":[{"href":"https:\/\/svetslik.si\/hr\/wp-json\/wp\/v2\/product"}],"about":[{"href":"https:\/\/svetslik.si\/hr\/wp-json\/wp\/v2\/types\/product"}],"wp:featuredmedia":[{"embeddable":true,"href":"https:\/\/svetslik.si\/hr\/wp-json\/wp\/v2\/media\/20732"}],"wp:attachment":[{"href":"https:\/\/svetslik.si\/hr\/wp-json\/wp\/v2\/media?parent=33815"}],"wp:term":[{"taxonomy":"product_brand","embeddable":true,"href":"https:\/\/svetslik.si\/hr\/wp-json\/wp\/v2\/product_brand?post=33815"},{"taxonomy":"product_cat","embeddable":true,"href":"https:\/\/svetslik.si\/hr\/wp-json\/wp\/v2\/product_cat?post=33815"},{"taxonomy":"product_tag","embeddable":true,"href":"https:\/\/svetslik.si\/hr\/wp-json\/wp\/v2\/product_tag?post=33815"}],"curies":[{"name":"wp","href":"https:\/\/api.w.org\/{rel}","templated":true}]}}