{"id":33819,"date":"2021-09-02T18:51:44","date_gmt":"2021-09-02T16:51:44","guid":{"rendered":"https:\/\/svetslik.si\/uncategorized\/energija-za-polno-ljubezensko-zivljenje\/"},"modified":"2026-03-22T14:56:29","modified_gmt":"2026-03-22T13:56:29","slug":"energetske-slike-energija-za-ispunjen-ljubavni-zivot","status":"publish","type":"product","link":"https:\/\/svetslik.si\/hr\/energetske-slike-1\/energetske-slike-energija-za-ispunjen-ljubavni-zivot\/","title":{"rendered":"Energetske slike &#8211; Energija za ispunjen ljubavni \u017eivot"},"content":{"rendered":"<h1>Energetske slike &#8211; Energija za ispunjen ljubavni \u017eivot<\/h1>\n<p>Slika koju predstavljamo nosi sna\u017enu poruku i stvorena je s ciljem da donese obilje ljubavi u va\u0161 \u017eivot i potpuno vas obuzme bo\u017eanskom vibracijom. Energija ljubavi ima izuzetan utjecaj na na\u0161e fizi\u010dko postojanje i daje mu novi smisao i pravu vrijednost.<\/p>\n<p>Ova jedinstvena slika je osmi\u0161ljena posebnom tehnikom koja kombinira boje, oblike i simbole povezane s ljubavlju i energijom. Svaki potez kista pa\u017eljivo je odabran kako bi izrazio i kanalizirao pozitivnu energiju ljubavi koja je tako sna\u017ena da mo\u017ee preobraziti na\u0161 \u017eivot.<\/p>\n<p>Divite se ovoj predivnoj umjetni\u010dkoj djelatnosti i promatrajte kako se energija ljubavi prelijeva iz slike, ispunjava prostor i ulazi u va\u0161u svijest. Slike ovog tipa imaju nevjerojatnu sposobnost da nas uzdignu i probude na\u0161u unutarnju ljubav. Kada se pove\u017eemo s najdubljom su\u0161tinom u sebi, po\u010dinjemo sjajiti i cvjetati u svoj svojoj ljepoti.<\/p>\n<p>Ova energetska slika za ispunjen ljubavni \u017eivot savr\u0161ena je za one koji \u017eele oja\u010dati svoje odnose, privu\u0107i ljubavnu osobu ili jednostavno do\u017eivjeti vi\u0161e ljubavi i sre\u0107e u svakodnevnom \u017eivotu. Postavite je na vidljivo mjesto u svom domu ili radnom prostoru i dopustite da vas ispuni ljubavlju te stvori harmoniju i pozitivnu vibraciju u va\u0161em okru\u017eenju.<\/p>\n<p>Ne propustite priliku da si priu\u0161tite ovu iznimnu energetsku sliku koja \u0107e obogatiti va\u0161 \u017eivot puno\u0161\u0107u ljubavi. Otvorite svoje srce bo\u017eanskoj vibraciji koja zra\u010di iz ove slike i dopustite da vas ljubav potpuno obuzme. \u017divite ispunjenim i ljubavnim \u017eivotom koji zaslu\u017eujete!<\/p>\n","protected":false},"excerpt":{"rendered":"<p>Energetske slike &#8211; Energija za ispunjen ljubavni \u017eivot Slika koju predstavljamo nosi sna\u017enu poruku i stvorena je s ciljem da donese obilje ljubavi u va\u0161 \u017eivot i potpuno vas obuzme bo\u017eanskom vibracijom. Energija ljubavi ima izuzetan utjecaj na na\u0161e fizi\u010dko postojanje i daje mu novi smisao i pravu vrijednost. Ova [&hellip;]<\/p>\n","protected":false},"featured_media":20260,"template":"","meta":{"_acf_changed":false},"product_brand":[],"product_cat":[3363,3364],"product_tag":[4126],"class_list":{"0":"post-33819","1":"product","2":"type-product","3":"status-publish","4":"has-post-thumbnail","6":"product_cat-energetske-slike","7":"product_cat-energetske-slike-1","8":"product_tag-energijske-slike-hr","9":"pa_dimenzija-100-x-100-cm-hr","10":"pa_dimenzija-120-x-120-cm-hr","11":"pa_dimenzija-50-x-50-cm-hr","12":"pa_dimenzija-80-x-80-cm-hr","13":"pa_oblika-kvadrat-hr-2","14":"pa_okvir-bez-okvira","15":"pa_podokvir-bez-podokvira","16":"pa_podokvir-sa-podokvirom","18":"first","19":"instock","20":"purchasable","21":"product-type-variable","22":"has-default-attributes"},"acf":[],"yoast_head":"<!-- This site is optimized with the Yoast SEO Premium plugin v26.0 (Yoast SEO v27.2) - https:\/\/yoast.com\/product\/yoast-seo-premium-wordpress\/ -->\n<title>Energetske slike - Energija za ispunjen ljubavni \u017eivot - SVETSLIK.SI - 100% ru\u010dno naslikano<\/title>\n<meta name=\"description\" content=\"Ru\u010dno naslikane energetske slike - Energetske slike - Energija za ispunjen ljubavni \u017eivot - Sliku mo\u017eete uokviriti pomo\u0107u na\u0161e jedinstvene aplikacije na stranici.\" \/>\n<meta name=\"robots\" content=\"index, follow, max-snippet:-1, max-image-preview:large, max-video-preview:-1\" \/>\n<link rel=\"canonical\" href=\"https:\/\/svetslik.si\/hr\/energetske-slike-1\/energetske-slike-energija-za-ispunjen-ljubavni-zivot\/\" \/>\n<meta property=\"og:locale\" content=\"hr_HR\" \/>\n<meta property=\"og:type\" content=\"article\" \/>\n<meta property=\"og:title\" content=\"Energetske slike - Energija za ispunjen ljubavni \u017eivot\" \/>\n<meta property=\"og:description\" content=\"100% ro\u010dno naslikane slike na platnu, reprodukcije znanih slikarjev in umetni\u0161ke slike po naro\u010dilu.\" \/>\n<meta property=\"og:url\" content=\"https:\/\/svetslik.si\/hr\/energetske-slike-1\/energetske-slike-energija-za-ispunjen-ljubavni-zivot\/\" \/>\n<meta property=\"og:site_name\" content=\"SVETSLIK.SI\" \/>\n<meta property=\"article:publisher\" content=\"https:\/\/www.facebook.com\/svetslik.si\" \/>\n<meta property=\"article:modified_time\" content=\"2026-03-22T13:56:29+00:00\" \/>\n<meta property=\"og:image\" content=\"https:\/\/svetslik.si\/wp-content\/uploads\/2021\/08\/image_energijska-1_680.jpg\" \/>\n\t<meta property=\"og:image:width\" content=\"680\" \/>\n\t<meta property=\"og:image:height\" content=\"680\" \/>\n\t<meta property=\"og:image:type\" content=\"image\/jpeg\" \/>\n<meta name=\"twitter:card\" content=\"summary_large_image\" \/>\n<meta name=\"twitter:site\" content=\"@svetslik\" \/>\n<meta name=\"twitter:label1\" content=\"Availability\" \/>\n\t<meta name=\"twitter:data1\" content=\"Na zalihi\" \/>\n<script type=\"application\/ld+json\" class=\"yoast-schema-graph\">{\"@context\":\"https:\/\/schema.org\",\"@graph\":[{\"@type\":[\"WebPage\",\"ItemPage\"],\"@id\":\"https:\/\/svetslik.si\/hr\/energetske-slike-1\/energetske-slike-energija-za-ispunjen-ljubavni-zivot\/\",\"url\":\"https:\/\/svetslik.si\/hr\/energetske-slike-1\/energetske-slike-energija-za-ispunjen-ljubavni-zivot\/\",\"name\":\"Energetske slike - Energija za ispunjen ljubavni \u017eivot - SVETSLIK.SI - 100% ru\u010dno naslikano\",\"isPartOf\":{\"@id\":\"https:\/\/svetslik.si\/hr\/#website\"},\"primaryImageOfPage\":{\"@id\":\"https:\/\/svetslik.si\/hr\/energetske-slike-1\/energetske-slike-energija-za-ispunjen-ljubavni-zivot\/#primaryimage\"},\"image\":{\"@id\":\"https:\/\/svetslik.si\/hr\/energetske-slike-1\/energetske-slike-energija-za-ispunjen-ljubavni-zivot\/#primaryimage\"},\"thumbnailUrl\":\"https:\/\/svetslik.si\/wp-content\/uploads\/2021\/08\/image_energijska-1_680.jpg\",\"datePublished\":\"2021-09-02T16:51:44+00:00\",\"dateModified\":\"2026-03-22T13:56:29+00:00\",\"description\":\"Ru\u010dno naslikane energetske slike - Energetske slike - Energija za ispunjen ljubavni \u017eivot - Sliku mo\u017eete uokviriti pomo\u0107u na\u0161e jedinstvene aplikacije na stranici.\",\"breadcrumb\":{\"@id\":\"https:\/\/svetslik.si\/hr\/energetske-slike-1\/energetske-slike-energija-za-ispunjen-ljubavni-zivot\/#breadcrumb\"},\"inLanguage\":\"hr\",\"potentialAction\":[{\"@type\":\"ReadAction\",\"target\":[\"https:\/\/svetslik.si\/hr\/energetske-slike-1\/energetske-slike-energija-za-ispunjen-ljubavni-zivot\/\"]}]},{\"@type\":\"ImageObject\",\"inLanguage\":\"hr\",\"@id\":\"https:\/\/svetslik.si\/hr\/energetske-slike-1\/energetske-slike-energija-za-ispunjen-ljubavni-zivot\/#primaryimage\",\"url\":\"https:\/\/svetslik.si\/wp-content\/uploads\/2021\/08\/image_energijska-1_680.jpg\",\"contentUrl\":\"https:\/\/svetslik.si\/wp-content\/uploads\/2021\/08\/image_energijska-1_680.jpg\",\"width\":680,\"height\":680,\"caption\":\"Energetske slike za zid na platnu - Energija za ispunjen ljubavni \u017eivot - Umjetni\u010dka slika - moderne slike, ambijentalne slike za zid, apstraktne slike, dekorativne slike za zid, kupnja i prodaja slika\"},{\"@type\":\"BreadcrumbList\",\"@id\":\"https:\/\/svetslik.si\/hr\/energetske-slike-1\/energetske-slike-energija-za-ispunjen-ljubavni-zivot\/#breadcrumb\",\"itemListElement\":[{\"@type\":\"ListItem\",\"position\":1,\"name\":\"Umjetni\u010dke zidne slike na platnu\",\"item\":\"https:\/\/svetslik.si\/hr\/\"},{\"@type\":\"ListItem\",\"position\":2,\"name\":\"Prodaja slika\",\"item\":\"https:\/\/svetslik.si\/prodaja-slik\/\"},{\"@type\":\"ListItem\",\"position\":3,\"name\":\"Energetske slike &#8211; Energija za ispunjen ljubavni \u017eivot\"}]},{\"@type\":\"WebSite\",\"@id\":\"https:\/\/svetslik.si\/hr\/#website\",\"url\":\"https:\/\/svetslik.si\/hr\/\",\"name\":\"SVETSLIK.SI\",\"description\":\"100% ru\u010dno naslikane reprodukcije slika poznatih slikara in umjetni\u010dke zidne slike na platnu.\",\"publisher\":{\"@id\":\"https:\/\/svetslik.si\/hr\/#organization\"},\"potentialAction\":[{\"@type\":\"SearchAction\",\"target\":{\"@type\":\"EntryPoint\",\"urlTemplate\":\"https:\/\/svetslik.si\/hr\/?s={search_term_string}\"},\"query-input\":{\"@type\":\"PropertyValueSpecification\",\"valueRequired\":true,\"valueName\":\"search_term_string\"}}],\"inLanguage\":\"hr\"},{\"@type\":\"Organization\",\"@id\":\"https:\/\/svetslik.si\/hr\/#organization\",\"name\":\"SvetSlik.si\",\"url\":\"https:\/\/svetslik.si\/hr\/\",\"logo\":{\"@type\":\"ImageObject\",\"inLanguage\":\"hr\",\"@id\":\"https:\/\/svetslik.si\/hr\/#\/schema\/logo\/image\/\",\"url\":\"https:\/\/svetslik.si\/wp-content\/uploads\/2020\/12\/logo-512.png\",\"contentUrl\":\"https:\/\/svetslik.si\/wp-content\/uploads\/2020\/12\/logo-512.png\",\"width\":512,\"height\":512,\"caption\":\"SvetSlik.si\"},\"image\":{\"@id\":\"https:\/\/svetslik.si\/hr\/#\/schema\/logo\/image\/\"},\"sameAs\":[\"https:\/\/www.facebook.com\/svetslik.si\",\"https:\/\/x.com\/svetslik\",\"https:\/\/www.instagram.com\/svetslik.si\/\",\"https:\/\/www.linkedin.com\/company\/svetslik-si\"]}]}<\/script>\n<meta property=\"og:availability\" content=\"instock\" \/>\n<meta property=\"product:availability\" content=\"instock\" \/>\n<meta property=\"product:retailer_item_id\" content=\"786__\" \/>\n<meta property=\"product:condition\" content=\"new\" \/>\n<!-- \/ Yoast SEO Premium plugin. -->","yoast_head_json":{"title":"Energetske slike - Energija za ispunjen ljubavni \u017eivot - SVETSLIK.SI - 100% ru\u010dno naslikano","description":"Ru\u010dno naslikane energetske slike - Energetske slike - Energija za ispunjen ljubavni \u017eivot - Sliku mo\u017eete uokviriti pomo\u0107u na\u0161e jedinstvene aplikacije na stranici.","robots":{"index":"index","follow":"follow","max-snippet":"max-snippet:-1","max-image-preview":"max-image-preview:large","max-video-preview":"max-video-preview:-1"},"canonical":"https:\/\/svetslik.si\/hr\/energetske-slike-1\/energetske-slike-energija-za-ispunjen-ljubavni-zivot\/","og_locale":"hr_HR","og_type":"article","og_title":"Energetske slike - Energija za ispunjen ljubavni \u017eivot","og_description":"100% ro\u010dno naslikane slike na platnu, reprodukcije znanih slikarjev in umetni\u0161ke slike po naro\u010dilu.","og_url":"https:\/\/svetslik.si\/hr\/energetske-slike-1\/energetske-slike-energija-za-ispunjen-ljubavni-zivot\/","og_site_name":"SVETSLIK.SI","article_publisher":"https:\/\/www.facebook.com\/svetslik.si","article_modified_time":"2026-03-22T13:56:29+00:00","og_image":[{"width":680,"height":680,"url":"https:\/\/svetslik.si\/wp-content\/uploads\/2021\/08\/image_energijska-1_680.jpg","type":"image\/jpeg"}],"twitter_card":"summary_large_image","twitter_site":"@svetslik","twitter_misc":{"Availability":"Na zalihi"},"schema":{"@context":"https:\/\/schema.org","@graph":[{"@type":["WebPage","ItemPage"],"@id":"https:\/\/svetslik.si\/hr\/energetske-slike-1\/energetske-slike-energija-za-ispunjen-ljubavni-zivot\/","url":"https:\/\/svetslik.si\/hr\/energetske-slike-1\/energetske-slike-energija-za-ispunjen-ljubavni-zivot\/","name":"Energetske slike - Energija za ispunjen ljubavni \u017eivot - SVETSLIK.SI - 100% ru\u010dno naslikano","isPartOf":{"@id":"https:\/\/svetslik.si\/hr\/#website"},"primaryImageOfPage":{"@id":"https:\/\/svetslik.si\/hr\/energetske-slike-1\/energetske-slike-energija-za-ispunjen-ljubavni-zivot\/#primaryimage"},"image":{"@id":"https:\/\/svetslik.si\/hr\/energetske-slike-1\/energetske-slike-energija-za-ispunjen-ljubavni-zivot\/#primaryimage"},"thumbnailUrl":"https:\/\/svetslik.si\/wp-content\/uploads\/2021\/08\/image_energijska-1_680.jpg","datePublished":"2021-09-02T16:51:44+00:00","dateModified":"2026-03-22T13:56:29+00:00","description":"Ru\u010dno naslikane energetske slike - Energetske slike - Energija za ispunjen ljubavni \u017eivot - Sliku mo\u017eete uokviriti pomo\u0107u na\u0161e jedinstvene aplikacije na stranici.","breadcrumb":{"@id":"https:\/\/svetslik.si\/hr\/energetske-slike-1\/energetske-slike-energija-za-ispunjen-ljubavni-zivot\/#breadcrumb"},"inLanguage":"hr","potentialAction":[{"@type":"ReadAction","target":["https:\/\/svetslik.si\/hr\/energetske-slike-1\/energetske-slike-energija-za-ispunjen-ljubavni-zivot\/"]}]},{"@type":"ImageObject","inLanguage":"hr","@id":"https:\/\/svetslik.si\/hr\/energetske-slike-1\/energetske-slike-energija-za-ispunjen-ljubavni-zivot\/#primaryimage","url":"https:\/\/svetslik.si\/wp-content\/uploads\/2021\/08\/image_energijska-1_680.jpg","contentUrl":"https:\/\/svetslik.si\/wp-content\/uploads\/2021\/08\/image_energijska-1_680.jpg","width":680,"height":680,"caption":"Energetske slike za zid na platnu - Energija za ispunjen ljubavni \u017eivot - Umjetni\u010dka slika - moderne slike, ambijentalne slike za zid, apstraktne slike, dekorativne slike za zid, kupnja i prodaja slika"},{"@type":"BreadcrumbList","@id":"https:\/\/svetslik.si\/hr\/energetske-slike-1\/energetske-slike-energija-za-ispunjen-ljubavni-zivot\/#breadcrumb","itemListElement":[{"@type":"ListItem","position":1,"name":"Umjetni\u010dke zidne slike na platnu","item":"https:\/\/svetslik.si\/hr\/"},{"@type":"ListItem","position":2,"name":"Prodaja slika","item":"https:\/\/svetslik.si\/prodaja-slik\/"},{"@type":"ListItem","position":3,"name":"Energetske slike &#8211; Energija za ispunjen ljubavni \u017eivot"}]},{"@type":"WebSite","@id":"https:\/\/svetslik.si\/hr\/#website","url":"https:\/\/svetslik.si\/hr\/","name":"SVETSLIK.SI","description":"100% ru\u010dno naslikane reprodukcije slika poznatih slikara in umjetni\u010dke zidne slike na platnu.","publisher":{"@id":"https:\/\/svetslik.si\/hr\/#organization"},"potentialAction":[{"@type":"SearchAction","target":{"@type":"EntryPoint","urlTemplate":"https:\/\/svetslik.si\/hr\/?s={search_term_string}"},"query-input":{"@type":"PropertyValueSpecification","valueRequired":true,"valueName":"search_term_string"}}],"inLanguage":"hr"},{"@type":"Organization","@id":"https:\/\/svetslik.si\/hr\/#organization","name":"SvetSlik.si","url":"https:\/\/svetslik.si\/hr\/","logo":{"@type":"ImageObject","inLanguage":"hr","@id":"https:\/\/svetslik.si\/hr\/#\/schema\/logo\/image\/","url":"https:\/\/svetslik.si\/wp-content\/uploads\/2020\/12\/logo-512.png","contentUrl":"https:\/\/svetslik.si\/wp-content\/uploads\/2020\/12\/logo-512.png","width":512,"height":512,"caption":"SvetSlik.si"},"image":{"@id":"https:\/\/svetslik.si\/hr\/#\/schema\/logo\/image\/"},"sameAs":["https:\/\/www.facebook.com\/svetslik.si","https:\/\/x.com\/svetslik","https:\/\/www.instagram.com\/svetslik.si\/","https:\/\/www.linkedin.com\/company\/svetslik-si"]}]},"og_availability":"instock","product_availability":"instock","product_retailer_item_id":"786__","product_condition":"new"},"jetpack_sharing_enabled":true,"_links":{"self":[{"href":"https:\/\/svetslik.si\/hr\/wp-json\/wp\/v2\/product\/33819","targetHints":{"allow":["GET"]}}],"collection":[{"href":"https:\/\/svetslik.si\/hr\/wp-json\/wp\/v2\/product"}],"about":[{"href":"https:\/\/svetslik.si\/hr\/wp-json\/wp\/v2\/types\/product"}],"wp:featuredmedia":[{"embeddable":true,"href":"https:\/\/svetslik.si\/hr\/wp-json\/wp\/v2\/media\/20260"}],"wp:attachment":[{"href":"https:\/\/svetslik.si\/hr\/wp-json\/wp\/v2\/media?parent=33819"}],"wp:term":[{"taxonomy":"product_brand","embeddable":true,"href":"https:\/\/svetslik.si\/hr\/wp-json\/wp\/v2\/product_brand?post=33819"},{"taxonomy":"product_cat","embeddable":true,"href":"https:\/\/svetslik.si\/hr\/wp-json\/wp\/v2\/product_cat?post=33819"},{"taxonomy":"product_tag","embeddable":true,"href":"https:\/\/svetslik.si\/hr\/wp-json\/wp\/v2\/product_tag?post=33819"}],"curies":[{"name":"wp","href":"https:\/\/api.w.org\/{rel}","templated":true}]}}