{"id":33829,"date":"2021-09-02T18:52:08","date_gmt":"2021-09-02T16:52:08","guid":{"rendered":"https:\/\/svetslik.si\/uncategorized\/obvladovanje-zivljenskih-poti-in-vzorcev\/"},"modified":"2026-03-22T14:57:20","modified_gmt":"2026-03-22T13:57:20","slug":"energetske-slike-ovladavanje-zivotnim-putovima-i-obrascima","status":"publish","type":"product","link":"https:\/\/svetslik.si\/hr\/energetske-slike-1\/energetske-slike-ovladavanje-zivotnim-putovima-i-obrascima\/","title":{"rendered":"Energetske slike &#8211; Ovladavanje \u017eivotnim putovima i obrascima"},"content":{"rendered":"<h1>Energetske slike &#8211; Upravljanje \u017eivotnim putovima i obrascima<\/h1>\n<p>Slika koju imate ispred sebe je izuzetna i nosi duboku poruku o upravljanju \u017eivotnim putovima i obrascima. Energetske slike poput ove poma\u017eu nam kanalizirati snagu i energiju koja nam omogu\u0107ava prevladavanje razli\u010ditih izazova s kojima se suo\u010davamo u \u017eivotu. Svaka situacija zahtijeva svoje vrijeme i pravi alat, ali uravnote\u017eenim protokom energije sposobni smo uspje\u0161no koristiti energetske izvore u nama i oko nas.<\/p>\n<p>Ova slika ima za cilj stvaranje harmoni\u010dnog protoka energije u va\u0161em \u017eivotu. Svojim bojama i uzorcima izaziva osje\u0107aj ravnote\u017ee, \u0161to nam omogu\u0107ava da u kratkom vremenu promijenimo i pobolj\u0161amo razli\u010dita podru\u010dja na\u0161eg \u017eivota. Energija koju slika zra\u010di podr\u017eava nas u suo\u010davanju s preprekama, ja\u010da na\u0161u unutarnju snagu i uspostavlja harmoniju izme\u0111u duha i tijela.<\/p>\n<p>Osim \u0161to nam energetska slika poma\u017ee suo\u010diti se s izazovima koje nam \u017eivot donosi, tako\u0111er nam omogu\u0107ava o\u010duvanje onoga \u0161to je dobro i pozitivno u na\u0161em \u017eivotu. Ova slika djeluje poput energetskog \u0161tita koji nas \u0161titi od negativnosti i poma\u017ee nam odr\u017eavati visoku vibraciju. Svaki put kad je pogledamo, podsje\u0107a nas da je \u017eivot ispunjen prilikama za rast, razvoj i samoprevazila\u017eenje.<\/p>\n<p>Svaka energetska slika je jedinstvena i nosi svoju vibraciju. Ova slika je ru\u010dno izra\u0111ena s posebnom namjerom da donese pozitivne promjene u va\u0161 \u017eivot. Kroz nju \u0107ete mo\u0107i uspostaviti sna\u017enu povezanost s energijama svemira i otkriti potencijal koji nosite u sebi.<\/p>\n<p>Budite otvoreni i dopustite da vas ova energetska slika provede putem samospoznaje, rasta i unutarnjeg razvoja. Prihvatite njezinu snagu i prepustite se njezinoj energiji. Neka vam pomogne ukloniti prepreke na va\u0161em \u017eivotnom putu i inspirirajte se stvaranjem \u017eivota koji \u017eelite i zaslu\u017eujete.<\/p>\n<p>Ova energetska slika je vi\u0161e od slikarskog platna &#8211; ona je kanal za prijenos univerzalne energije koja \u0107e vas podr\u017eavati na va\u0161em putu ka unutarnjoj ravnote\u017ei i uspjehu. Prepustite se njezinom utjecaju i osjetite kako va\u0161 \u017eivot po\u010dinje te\u0107i u smjeru kojeg \u017eelite.<\/p>\n","protected":false},"excerpt":{"rendered":"<p>Energetske slike &#8211; Upravljanje \u017eivotnim putovima i obrascima Slika koju imate ispred sebe je izuzetna i nosi duboku poruku o upravljanju \u017eivotnim putovima i obrascima. Energetske slike poput ove poma\u017eu nam kanalizirati snagu i energiju koja nam omogu\u0107ava prevladavanje razli\u010ditih izazova s kojima se suo\u010davamo u \u017eivotu. Svaka situacija zahtijeva [&hellip;]<\/p>\n","protected":false},"featured_media":20542,"template":"","meta":{"_acf_changed":false},"product_brand":[],"product_cat":[3363,3364],"product_tag":[4126],"class_list":{"0":"post-33829","1":"product","2":"type-product","3":"status-publish","4":"has-post-thumbnail","6":"product_cat-energetske-slike","7":"product_cat-energetske-slike-1","8":"product_tag-energijske-slike-hr","9":"pa_dimenzija-100-x-140-cm-hr","10":"pa_dimenzija-50-x-70-cm-hr","11":"pa_dimenzija-65-x-90-cm-hr","12":"pa_dimenzija-80-x-110-cm-hr","13":"pa_oblika-okomito","14":"pa_okvir-bez-okvira","15":"pa_podokvir-bez-podokvira","16":"pa_podokvir-sa-podokvirom","18":"first","19":"onbackorder","20":"purchasable","21":"product-type-variable","22":"has-default-attributes"},"acf":[],"yoast_head":"<!-- This site is optimized with the Yoast SEO Premium plugin v26.0 (Yoast SEO v27.2) - https:\/\/yoast.com\/product\/yoast-seo-premium-wordpress\/ -->\n<title>Energetske slike - Ovladavanje \u017eivotnim putovima i obrascima - SVETSLIK.SI - 100% ru\u010dno naslikano<\/title>\n<meta name=\"description\" content=\"Ru\u010dno naslikane energetske slike - Energetske slike - Ovladavanje \u017eivotnim putovima i obrascima - Sliku mo\u017eete uokviriti pomo\u0107u na\u0161e jedinstvene aplikacije na stranici.\" \/>\n<meta name=\"robots\" content=\"index, follow, max-snippet:-1, max-image-preview:large, max-video-preview:-1\" \/>\n<link rel=\"canonical\" href=\"https:\/\/svetslik.si\/hr\/energetske-slike-1\/energetske-slike-ovladavanje-zivotnim-putovima-i-obrascima\/\" \/>\n<meta property=\"og:locale\" content=\"hr_HR\" \/>\n<meta property=\"og:type\" content=\"article\" \/>\n<meta property=\"og:title\" content=\"Energetske slike - Ovladavanje \u017eivotnim putovima i obrascima\" \/>\n<meta property=\"og:description\" content=\"100% ro\u010dno naslikane slike na platnu, reprodukcije znanih slikarjev in umetni\u0161ke slike po naro\u010dilu.\" \/>\n<meta property=\"og:url\" content=\"https:\/\/svetslik.si\/hr\/energetske-slike-1\/energetske-slike-ovladavanje-zivotnim-putovima-i-obrascima\/\" \/>\n<meta property=\"og:site_name\" content=\"SVETSLIK.SI\" \/>\n<meta property=\"article:publisher\" content=\"https:\/\/www.facebook.com\/svetslik.si\" \/>\n<meta property=\"article:modified_time\" content=\"2026-03-22T13:57:20+00:00\" \/>\n<meta property=\"og:image\" content=\"https:\/\/svetslik.si\/wp-content\/uploads\/2021\/08\/image_Obvladovanje-zivljenskih-poti-in-vzorcev_680.jpg\" \/>\n\t<meta property=\"og:image:width\" content=\"487\" \/>\n\t<meta property=\"og:image:height\" content=\"680\" \/>\n\t<meta property=\"og:image:type\" content=\"image\/jpeg\" \/>\n<meta name=\"twitter:card\" content=\"summary_large_image\" \/>\n<meta name=\"twitter:site\" content=\"@svetslik\" \/>\n<meta name=\"twitter:label1\" content=\"Availability\" \/>\n\t<meta name=\"twitter:data1\" content=\"On backorder\" \/>\n<script type=\"application\/ld+json\" class=\"yoast-schema-graph\">{\"@context\":\"https:\/\/schema.org\",\"@graph\":[{\"@type\":[\"WebPage\",\"ItemPage\"],\"@id\":\"https:\/\/svetslik.si\/hr\/energetske-slike-1\/energetske-slike-ovladavanje-zivotnim-putovima-i-obrascima\/\",\"url\":\"https:\/\/svetslik.si\/hr\/energetske-slike-1\/energetske-slike-ovladavanje-zivotnim-putovima-i-obrascima\/\",\"name\":\"Energetske slike - Ovladavanje \u017eivotnim putovima i obrascima - SVETSLIK.SI - 100% ru\u010dno naslikano\",\"isPartOf\":{\"@id\":\"https:\/\/svetslik.si\/hr\/#website\"},\"primaryImageOfPage\":{\"@id\":\"https:\/\/svetslik.si\/hr\/energetske-slike-1\/energetske-slike-ovladavanje-zivotnim-putovima-i-obrascima\/#primaryimage\"},\"image\":{\"@id\":\"https:\/\/svetslik.si\/hr\/energetske-slike-1\/energetske-slike-ovladavanje-zivotnim-putovima-i-obrascima\/#primaryimage\"},\"thumbnailUrl\":\"https:\/\/svetslik.si\/wp-content\/uploads\/2021\/08\/image_Obvladovanje-zivljenskih-poti-in-vzorcev_680.jpg\",\"datePublished\":\"2021-09-02T16:52:08+00:00\",\"dateModified\":\"2026-03-22T13:57:20+00:00\",\"description\":\"Ru\u010dno naslikane energetske slike - Energetske slike - Ovladavanje \u017eivotnim putovima i obrascima - Sliku mo\u017eete uokviriti pomo\u0107u na\u0161e jedinstvene aplikacije na stranici.\",\"breadcrumb\":{\"@id\":\"https:\/\/svetslik.si\/hr\/energetske-slike-1\/energetske-slike-ovladavanje-zivotnim-putovima-i-obrascima\/#breadcrumb\"},\"inLanguage\":\"hr\",\"potentialAction\":[{\"@type\":\"ReadAction\",\"target\":[\"https:\/\/svetslik.si\/hr\/energetske-slike-1\/energetske-slike-ovladavanje-zivotnim-putovima-i-obrascima\/\"]}]},{\"@type\":\"ImageObject\",\"inLanguage\":\"hr\",\"@id\":\"https:\/\/svetslik.si\/hr\/energetske-slike-1\/energetske-slike-ovladavanje-zivotnim-putovima-i-obrascima\/#primaryimage\",\"url\":\"https:\/\/svetslik.si\/wp-content\/uploads\/2021\/08\/image_Obvladovanje-zivljenskih-poti-in-vzorcev_680.jpg\",\"contentUrl\":\"https:\/\/svetslik.si\/wp-content\/uploads\/2021\/08\/image_Obvladovanje-zivljenskih-poti-in-vzorcev_680.jpg\",\"width\":487,\"height\":680,\"caption\":\"Slike na platnu - Svladavanje \u017eivotnih puteva i obrazaca - Energetske slike, moderne, ambijentalne, apstraktne, dekorativne zidne slike\"},{\"@type\":\"BreadcrumbList\",\"@id\":\"https:\/\/svetslik.si\/hr\/energetske-slike-1\/energetske-slike-ovladavanje-zivotnim-putovima-i-obrascima\/#breadcrumb\",\"itemListElement\":[{\"@type\":\"ListItem\",\"position\":1,\"name\":\"Umjetni\u010dke zidne slike na platnu\",\"item\":\"https:\/\/svetslik.si\/hr\/\"},{\"@type\":\"ListItem\",\"position\":2,\"name\":\"Prodaja slika\",\"item\":\"https:\/\/svetslik.si\/prodaja-slik\/\"},{\"@type\":\"ListItem\",\"position\":3,\"name\":\"Energetske slike &#8211; Ovladavanje \u017eivotnim putovima i obrascima\"}]},{\"@type\":\"WebSite\",\"@id\":\"https:\/\/svetslik.si\/hr\/#website\",\"url\":\"https:\/\/svetslik.si\/hr\/\",\"name\":\"SVETSLIK.SI\",\"description\":\"100% ru\u010dno naslikane reprodukcije slika poznatih slikara in umjetni\u010dke zidne slike na platnu.\",\"publisher\":{\"@id\":\"https:\/\/svetslik.si\/hr\/#organization\"},\"potentialAction\":[{\"@type\":\"SearchAction\",\"target\":{\"@type\":\"EntryPoint\",\"urlTemplate\":\"https:\/\/svetslik.si\/hr\/?s={search_term_string}\"},\"query-input\":{\"@type\":\"PropertyValueSpecification\",\"valueRequired\":true,\"valueName\":\"search_term_string\"}}],\"inLanguage\":\"hr\"},{\"@type\":\"Organization\",\"@id\":\"https:\/\/svetslik.si\/hr\/#organization\",\"name\":\"SvetSlik.si\",\"url\":\"https:\/\/svetslik.si\/hr\/\",\"logo\":{\"@type\":\"ImageObject\",\"inLanguage\":\"hr\",\"@id\":\"https:\/\/svetslik.si\/hr\/#\/schema\/logo\/image\/\",\"url\":\"https:\/\/svetslik.si\/wp-content\/uploads\/2020\/12\/logo-512.png\",\"contentUrl\":\"https:\/\/svetslik.si\/wp-content\/uploads\/2020\/12\/logo-512.png\",\"width\":512,\"height\":512,\"caption\":\"SvetSlik.si\"},\"image\":{\"@id\":\"https:\/\/svetslik.si\/hr\/#\/schema\/logo\/image\/\"},\"sameAs\":[\"https:\/\/www.facebook.com\/svetslik.si\",\"https:\/\/x.com\/svetslik\",\"https:\/\/www.instagram.com\/svetslik.si\/\",\"https:\/\/www.linkedin.com\/company\/svetslik-si\"]}]}<\/script>\n<meta property=\"og:availability\" content=\"backorder\" \/>\n<meta property=\"product:availability\" content=\"available for order\" \/>\n<meta property=\"product:retailer_item_id\" content=\"788__\" \/>\n<meta property=\"product:condition\" content=\"new\" \/>\n<!-- \/ Yoast SEO Premium plugin. -->","yoast_head_json":{"title":"Energetske slike - Ovladavanje \u017eivotnim putovima i obrascima - SVETSLIK.SI - 100% ru\u010dno naslikano","description":"Ru\u010dno naslikane energetske slike - Energetske slike - Ovladavanje \u017eivotnim putovima i obrascima - Sliku mo\u017eete uokviriti pomo\u0107u na\u0161e jedinstvene aplikacije na stranici.","robots":{"index":"index","follow":"follow","max-snippet":"max-snippet:-1","max-image-preview":"max-image-preview:large","max-video-preview":"max-video-preview:-1"},"canonical":"https:\/\/svetslik.si\/hr\/energetske-slike-1\/energetske-slike-ovladavanje-zivotnim-putovima-i-obrascima\/","og_locale":"hr_HR","og_type":"article","og_title":"Energetske slike - Ovladavanje \u017eivotnim putovima i obrascima","og_description":"100% ro\u010dno naslikane slike na platnu, reprodukcije znanih slikarjev in umetni\u0161ke slike po naro\u010dilu.","og_url":"https:\/\/svetslik.si\/hr\/energetske-slike-1\/energetske-slike-ovladavanje-zivotnim-putovima-i-obrascima\/","og_site_name":"SVETSLIK.SI","article_publisher":"https:\/\/www.facebook.com\/svetslik.si","article_modified_time":"2026-03-22T13:57:20+00:00","og_image":[{"width":487,"height":680,"url":"https:\/\/svetslik.si\/wp-content\/uploads\/2021\/08\/image_Obvladovanje-zivljenskih-poti-in-vzorcev_680.jpg","type":"image\/jpeg"}],"twitter_card":"summary_large_image","twitter_site":"@svetslik","twitter_misc":{"Availability":"On backorder"},"schema":{"@context":"https:\/\/schema.org","@graph":[{"@type":["WebPage","ItemPage"],"@id":"https:\/\/svetslik.si\/hr\/energetske-slike-1\/energetske-slike-ovladavanje-zivotnim-putovima-i-obrascima\/","url":"https:\/\/svetslik.si\/hr\/energetske-slike-1\/energetske-slike-ovladavanje-zivotnim-putovima-i-obrascima\/","name":"Energetske slike - Ovladavanje \u017eivotnim putovima i obrascima - SVETSLIK.SI - 100% ru\u010dno naslikano","isPartOf":{"@id":"https:\/\/svetslik.si\/hr\/#website"},"primaryImageOfPage":{"@id":"https:\/\/svetslik.si\/hr\/energetske-slike-1\/energetske-slike-ovladavanje-zivotnim-putovima-i-obrascima\/#primaryimage"},"image":{"@id":"https:\/\/svetslik.si\/hr\/energetske-slike-1\/energetske-slike-ovladavanje-zivotnim-putovima-i-obrascima\/#primaryimage"},"thumbnailUrl":"https:\/\/svetslik.si\/wp-content\/uploads\/2021\/08\/image_Obvladovanje-zivljenskih-poti-in-vzorcev_680.jpg","datePublished":"2021-09-02T16:52:08+00:00","dateModified":"2026-03-22T13:57:20+00:00","description":"Ru\u010dno naslikane energetske slike - Energetske slike - Ovladavanje \u017eivotnim putovima i obrascima - Sliku mo\u017eete uokviriti pomo\u0107u na\u0161e jedinstvene aplikacije na stranici.","breadcrumb":{"@id":"https:\/\/svetslik.si\/hr\/energetske-slike-1\/energetske-slike-ovladavanje-zivotnim-putovima-i-obrascima\/#breadcrumb"},"inLanguage":"hr","potentialAction":[{"@type":"ReadAction","target":["https:\/\/svetslik.si\/hr\/energetske-slike-1\/energetske-slike-ovladavanje-zivotnim-putovima-i-obrascima\/"]}]},{"@type":"ImageObject","inLanguage":"hr","@id":"https:\/\/svetslik.si\/hr\/energetske-slike-1\/energetske-slike-ovladavanje-zivotnim-putovima-i-obrascima\/#primaryimage","url":"https:\/\/svetslik.si\/wp-content\/uploads\/2021\/08\/image_Obvladovanje-zivljenskih-poti-in-vzorcev_680.jpg","contentUrl":"https:\/\/svetslik.si\/wp-content\/uploads\/2021\/08\/image_Obvladovanje-zivljenskih-poti-in-vzorcev_680.jpg","width":487,"height":680,"caption":"Slike na platnu - Svladavanje \u017eivotnih puteva i obrazaca - Energetske slike, moderne, ambijentalne, apstraktne, dekorativne zidne slike"},{"@type":"BreadcrumbList","@id":"https:\/\/svetslik.si\/hr\/energetske-slike-1\/energetske-slike-ovladavanje-zivotnim-putovima-i-obrascima\/#breadcrumb","itemListElement":[{"@type":"ListItem","position":1,"name":"Umjetni\u010dke zidne slike na platnu","item":"https:\/\/svetslik.si\/hr\/"},{"@type":"ListItem","position":2,"name":"Prodaja slika","item":"https:\/\/svetslik.si\/prodaja-slik\/"},{"@type":"ListItem","position":3,"name":"Energetske slike &#8211; Ovladavanje \u017eivotnim putovima i obrascima"}]},{"@type":"WebSite","@id":"https:\/\/svetslik.si\/hr\/#website","url":"https:\/\/svetslik.si\/hr\/","name":"SVETSLIK.SI","description":"100% ru\u010dno naslikane reprodukcije slika poznatih slikara in umjetni\u010dke zidne slike na platnu.","publisher":{"@id":"https:\/\/svetslik.si\/hr\/#organization"},"potentialAction":[{"@type":"SearchAction","target":{"@type":"EntryPoint","urlTemplate":"https:\/\/svetslik.si\/hr\/?s={search_term_string}"},"query-input":{"@type":"PropertyValueSpecification","valueRequired":true,"valueName":"search_term_string"}}],"inLanguage":"hr"},{"@type":"Organization","@id":"https:\/\/svetslik.si\/hr\/#organization","name":"SvetSlik.si","url":"https:\/\/svetslik.si\/hr\/","logo":{"@type":"ImageObject","inLanguage":"hr","@id":"https:\/\/svetslik.si\/hr\/#\/schema\/logo\/image\/","url":"https:\/\/svetslik.si\/wp-content\/uploads\/2020\/12\/logo-512.png","contentUrl":"https:\/\/svetslik.si\/wp-content\/uploads\/2020\/12\/logo-512.png","width":512,"height":512,"caption":"SvetSlik.si"},"image":{"@id":"https:\/\/svetslik.si\/hr\/#\/schema\/logo\/image\/"},"sameAs":["https:\/\/www.facebook.com\/svetslik.si","https:\/\/x.com\/svetslik","https:\/\/www.instagram.com\/svetslik.si\/","https:\/\/www.linkedin.com\/company\/svetslik-si"]}]},"og_availability":"backorder","product_availability":"available for order","product_retailer_item_id":"788__","product_condition":"new"},"jetpack_sharing_enabled":true,"_links":{"self":[{"href":"https:\/\/svetslik.si\/hr\/wp-json\/wp\/v2\/product\/33829","targetHints":{"allow":["GET"]}}],"collection":[{"href":"https:\/\/svetslik.si\/hr\/wp-json\/wp\/v2\/product"}],"about":[{"href":"https:\/\/svetslik.si\/hr\/wp-json\/wp\/v2\/types\/product"}],"wp:featuredmedia":[{"embeddable":true,"href":"https:\/\/svetslik.si\/hr\/wp-json\/wp\/v2\/media\/20542"}],"wp:attachment":[{"href":"https:\/\/svetslik.si\/hr\/wp-json\/wp\/v2\/media?parent=33829"}],"wp:term":[{"taxonomy":"product_brand","embeddable":true,"href":"https:\/\/svetslik.si\/hr\/wp-json\/wp\/v2\/product_brand?post=33829"},{"taxonomy":"product_cat","embeddable":true,"href":"https:\/\/svetslik.si\/hr\/wp-json\/wp\/v2\/product_cat?post=33829"},{"taxonomy":"product_tag","embeddable":true,"href":"https:\/\/svetslik.si\/hr\/wp-json\/wp\/v2\/product_tag?post=33829"}],"curies":[{"name":"wp","href":"https:\/\/api.w.org\/{rel}","templated":true}]}}