{"id":33844,"date":"2021-09-02T18:52:33","date_gmt":"2021-09-02T16:52:33","guid":{"rendered":"https:\/\/svetslik.si\/uncategorized\/hitro-razmisljaj-in-resi-tezavo\/"},"modified":"2026-03-22T14:58:10","modified_gmt":"2026-03-22T13:58:10","slug":"energetske-slike-mislite-brzo-i-rijesite-problem","status":"publish","type":"product","link":"https:\/\/svetslik.si\/hr\/energetske-slike-1\/energetske-slike-mislite-brzo-i-rijesite-problem\/","title":{"rendered":"Energetske slike &#8211; Mislite brzo i rije\u0161ite problem"},"content":{"rendered":"<h1>Energetske slike &#8211; Brzo razmi\u0161ljajte i rje\u0161avajte probleme<\/h1>\n<p>Slika predstavlja napredak u smislu produbljivanja stvarnosti, autenti\u010dnosti i otvorenosti prema vlastitim \u017eeljama, mislima i emocijama. To je napredak koji se doga\u0111a na temelju dubokih uvida u vlastite potencijale, ali i na\u010dinima na koje se pristupa stvaranju kompromisa, takti\u010dkom povla\u010denju i izbjegavanju odgovornosti. Osobe koje \u017eele vi\u0161e autenti\u010dnosti, otvorenosti i slobode u svom \u017eivotu, a manje kompromisa i iluzija, su one koje zaista brzo napreduju.<\/p>\n<p>Energetske slike su izvanredna umjetni\u010dka djela koja vam omogu\u0107uju da se uronite u svoju stvarnost, autenti\u010dnost i otvorenost prema vlastitim \u017eeljama, mislima i emocijama. Svaka slika predstavlja napredak u va\u0161em osobnom razvoju jer vam poma\u017ee stjecati dublje uvide u vlastite potencijale te otkrivati kompromise, taktike povla\u010denja i bijega od odgovornosti koje sami stvarate.<\/p>\n<p>Ove slike posebno su namijenjene osobama koje \u017eele vi\u0161e autenti\u010dnosti, otvorenosti i slobode u svom \u017eivotu, a manje kompromisa i iluzija. Njihova jedinstvena energija i vizualna snaga djeluju kao poticaj za br\u017ei osobni napredak.<\/p>\n<p>Kada se uronite u energetsku sliku, ona vam omogu\u0107uje da se fokusirate na svoje unutarnje izvore snage. Kroz boje, oblike i simboliku slike osjetit \u0107ete povezanost s va\u0161om unutarnjom istinom. Ove slike djeluju kao sna\u017eni vizualni podsjetnik da va\u0161 napredak ovisi o va\u0161em razmi\u0161ljanju i odlukama.<\/p>\n<p>Energetska slika o kojoj govorimo posebna je po svojoj izvanrednosti. Sastoji se od \u017eivopisnih boja koje prenose pozitivnu energiju i poti\u010du va\u0161u kreativnost. Gledaju\u0107i tu sliku, osjetit \u0107ete val \u017eivotne energije koji \u0107e vas potaknuti na brzo razmi\u0161ljanje i rje\u0161avanje problema.<\/p>\n<p>Svaka osoba koja se odlu\u010di za ovu energetsku sliku otvara se novim prilikama i prolazi kroz osobnu transformaciju. Slika vam poma\u017ee zadr\u017eati jasno\u0107u uma, izo\u0161triti misli i poti\u010de vas na akciju. Ako se suo\u010davate s bilo kojim problemom ili izazovom, ova slika postat \u0107e vam saveznik i izvor inspiracije u potrazi za rje\u0161enjima.<\/p>\n<p>Vi\u0161e ne odga\u0111ajte! Uzmite si vremena da se uronite u energetsku sliku koja \u0107e vam pomo\u0107i brzo razmi\u0161ljati i rje\u0161avati probleme. Dajte sebi priliku da vas njeni vibracije odvedu na put osobnog rasta i promjene. Budite otvoreni za novosti koje vam ova slika nudi i dopustite si dosegnuti nove razine autenti\u010dnosti, otvorenosti i slobode u svom \u017eivotu.<\/p>\n<p>Energetska slika je izvrsna investicija u sebe koja \u0107e obogatiti va\u0161 duhovni i osobni razvoj. Prepustite se njezinoj mo\u0107i i dopustite da vas inspirira i vodi prema ostvarenju sveobuhvatnijeg i sretnijeg \u017eivota.<\/p>\n","protected":false},"excerpt":{"rendered":"<p>Energetske slike &#8211; Brzo razmi\u0161ljajte i rje\u0161avajte probleme Slika predstavlja napredak u smislu produbljivanja stvarnosti, autenti\u010dnosti i otvorenosti prema vlastitim \u017eeljama, mislima i emocijama. To je napredak koji se doga\u0111a na temelju dubokih uvida u vlastite potencijale, ali i na\u010dinima na koje se pristupa stvaranju kompromisa, takti\u010dkom povla\u010denju i izbjegavanju [&hellip;]<\/p>\n","protected":false},"featured_media":20316,"template":"","meta":{"_acf_changed":false},"product_brand":[],"product_cat":[3363,3364],"product_tag":[4126],"class_list":{"0":"post-33844","1":"product","2":"type-product","3":"status-publish","4":"has-post-thumbnail","6":"product_cat-energetske-slike","7":"product_cat-energetske-slike-1","8":"product_tag-energijske-slike-hr","9":"pa_dimenzija-100-x-100-cm","10":"pa_dimenzija-120-x-120-cm","11":"pa_dimenzija-50-x-50-cm","12":"pa_dimenzija-80-x-80-cm","13":"pa_oblika-kvadrat-hr-2","14":"pa_okvir-bez-okvira","15":"pa_podokvir-bez-podokvira","16":"pa_podokvir-sa-podokvirom","18":"first","19":"instock","20":"purchasable","21":"product-type-variable","22":"has-default-attributes"},"acf":[],"yoast_head":"<!-- This site is optimized with the Yoast SEO Premium plugin v26.0 (Yoast SEO v27.2) - https:\/\/yoast.com\/product\/yoast-seo-premium-wordpress\/ -->\n<title>Energetske slike - Mislite brzo i rije\u0161ite problem - SVETSLIK.SI - 100% ru\u010dno naslikano<\/title>\n<meta name=\"description\" content=\"Ru\u010dno naslikane energetske slike - Energetske slike - Mislite brzo i rije\u0161ite problem - Sliku mo\u017eete uokviriti pomo\u0107u na\u0161e jedinstvene aplikacije na stranici.\" \/>\n<meta name=\"robots\" content=\"index, follow, max-snippet:-1, max-image-preview:large, max-video-preview:-1\" \/>\n<link rel=\"canonical\" href=\"https:\/\/svetslik.si\/hr\/energetske-slike-1\/energetske-slike-mislite-brzo-i-rijesite-problem\/\" \/>\n<meta property=\"og:locale\" content=\"hr_HR\" \/>\n<meta property=\"og:type\" content=\"article\" \/>\n<meta property=\"og:title\" content=\"Energetske slike - Mislite brzo i rije\u0161ite problem\" \/>\n<meta property=\"og:description\" content=\"100% ro\u010dno naslikane slike na platnu, reprodukcije znanih slikarjev in umetni\u0161ke slike po naro\u010dilu.\" \/>\n<meta property=\"og:url\" content=\"https:\/\/svetslik.si\/hr\/energetske-slike-1\/energetske-slike-mislite-brzo-i-rijesite-problem\/\" \/>\n<meta property=\"og:site_name\" content=\"SVETSLIK.SI\" \/>\n<meta property=\"article:publisher\" content=\"https:\/\/www.facebook.com\/svetslik.si\" \/>\n<meta property=\"article:modified_time\" content=\"2026-03-22T13:58:10+00:00\" \/>\n<meta property=\"og:image\" content=\"https:\/\/svetslik.si\/wp-content\/uploads\/2021\/08\/image_Hitro-razmisljaj-in-resi-tezavo_680.jpg\" \/>\n\t<meta property=\"og:image:width\" content=\"680\" \/>\n\t<meta property=\"og:image:height\" content=\"680\" \/>\n\t<meta property=\"og:image:type\" content=\"image\/jpeg\" \/>\n<meta name=\"twitter:card\" content=\"summary_large_image\" \/>\n<meta name=\"twitter:site\" content=\"@svetslik\" \/>\n<meta name=\"twitter:label1\" content=\"Availability\" \/>\n\t<meta name=\"twitter:data1\" content=\"Na zalihi\" \/>\n<script type=\"application\/ld+json\" class=\"yoast-schema-graph\">{\"@context\":\"https:\/\/schema.org\",\"@graph\":[{\"@type\":[\"WebPage\",\"ItemPage\"],\"@id\":\"https:\/\/svetslik.si\/hr\/energetske-slike-1\/energetske-slike-mislite-brzo-i-rijesite-problem\/\",\"url\":\"https:\/\/svetslik.si\/hr\/energetske-slike-1\/energetske-slike-mislite-brzo-i-rijesite-problem\/\",\"name\":\"Energetske slike - Mislite brzo i rije\u0161ite problem - SVETSLIK.SI - 100% ru\u010dno naslikano\",\"isPartOf\":{\"@id\":\"https:\/\/svetslik.si\/hr\/#website\"},\"primaryImageOfPage\":{\"@id\":\"https:\/\/svetslik.si\/hr\/energetske-slike-1\/energetske-slike-mislite-brzo-i-rijesite-problem\/#primaryimage\"},\"image\":{\"@id\":\"https:\/\/svetslik.si\/hr\/energetske-slike-1\/energetske-slike-mislite-brzo-i-rijesite-problem\/#primaryimage\"},\"thumbnailUrl\":\"https:\/\/svetslik.si\/wp-content\/uploads\/2021\/08\/image_Hitro-razmisljaj-in-resi-tezavo_680.jpg\",\"datePublished\":\"2021-09-02T16:52:33+00:00\",\"dateModified\":\"2026-03-22T13:58:10+00:00\",\"description\":\"Ru\u010dno naslikane energetske slike - Energetske slike - Mislite brzo i rije\u0161ite problem - Sliku mo\u017eete uokviriti pomo\u0107u na\u0161e jedinstvene aplikacije na stranici.\",\"breadcrumb\":{\"@id\":\"https:\/\/svetslik.si\/hr\/energetske-slike-1\/energetske-slike-mislite-brzo-i-rijesite-problem\/#breadcrumb\"},\"inLanguage\":\"hr\",\"potentialAction\":[{\"@type\":\"ReadAction\",\"target\":[\"https:\/\/svetslik.si\/hr\/energetske-slike-1\/energetske-slike-mislite-brzo-i-rijesite-problem\/\"]}]},{\"@type\":\"ImageObject\",\"inLanguage\":\"hr\",\"@id\":\"https:\/\/svetslik.si\/hr\/energetske-slike-1\/energetske-slike-mislite-brzo-i-rijesite-problem\/#primaryimage\",\"url\":\"https:\/\/svetslik.si\/wp-content\/uploads\/2021\/08\/image_Hitro-razmisljaj-in-resi-tezavo_680.jpg\",\"contentUrl\":\"https:\/\/svetslik.si\/wp-content\/uploads\/2021\/08\/image_Hitro-razmisljaj-in-resi-tezavo_680.jpg\",\"width\":680,\"height\":680,\"caption\":\"Energijske zidne slike na platnu - Brzo razmi\u0161ljaj i rje\u0161avaj probleme - Umjetni\u010dka slika - moderne slike, ambijentalne slike za na zid, apstraktne slike, dekorativne zidne slike, kupnja i prodaja slika\"},{\"@type\":\"BreadcrumbList\",\"@id\":\"https:\/\/svetslik.si\/hr\/energetske-slike-1\/energetske-slike-mislite-brzo-i-rijesite-problem\/#breadcrumb\",\"itemListElement\":[{\"@type\":\"ListItem\",\"position\":1,\"name\":\"Umjetni\u010dke zidne slike na platnu\",\"item\":\"https:\/\/svetslik.si\/hr\/\"},{\"@type\":\"ListItem\",\"position\":2,\"name\":\"Prodaja slika\",\"item\":\"https:\/\/svetslik.si\/prodaja-slik\/\"},{\"@type\":\"ListItem\",\"position\":3,\"name\":\"Energetske slike &#8211; Mislite brzo i rije\u0161ite problem\"}]},{\"@type\":\"WebSite\",\"@id\":\"https:\/\/svetslik.si\/hr\/#website\",\"url\":\"https:\/\/svetslik.si\/hr\/\",\"name\":\"SVETSLIK.SI\",\"description\":\"100% ru\u010dno naslikane reprodukcije slika poznatih slikara in umjetni\u010dke zidne slike na platnu.\",\"publisher\":{\"@id\":\"https:\/\/svetslik.si\/hr\/#organization\"},\"potentialAction\":[{\"@type\":\"SearchAction\",\"target\":{\"@type\":\"EntryPoint\",\"urlTemplate\":\"https:\/\/svetslik.si\/hr\/?s={search_term_string}\"},\"query-input\":{\"@type\":\"PropertyValueSpecification\",\"valueRequired\":true,\"valueName\":\"search_term_string\"}}],\"inLanguage\":\"hr\"},{\"@type\":\"Organization\",\"@id\":\"https:\/\/svetslik.si\/hr\/#organization\",\"name\":\"SvetSlik.si\",\"url\":\"https:\/\/svetslik.si\/hr\/\",\"logo\":{\"@type\":\"ImageObject\",\"inLanguage\":\"hr\",\"@id\":\"https:\/\/svetslik.si\/hr\/#\/schema\/logo\/image\/\",\"url\":\"https:\/\/svetslik.si\/wp-content\/uploads\/2020\/12\/logo-512.png\",\"contentUrl\":\"https:\/\/svetslik.si\/wp-content\/uploads\/2020\/12\/logo-512.png\",\"width\":512,\"height\":512,\"caption\":\"SvetSlik.si\"},\"image\":{\"@id\":\"https:\/\/svetslik.si\/hr\/#\/schema\/logo\/image\/\"},\"sameAs\":[\"https:\/\/www.facebook.com\/svetslik.si\",\"https:\/\/x.com\/svetslik\",\"https:\/\/www.instagram.com\/svetslik.si\/\",\"https:\/\/www.linkedin.com\/company\/svetslik-si\"]}]}<\/script>\n<meta property=\"og:availability\" content=\"instock\" \/>\n<meta property=\"product:availability\" content=\"instock\" \/>\n<meta property=\"product:retailer_item_id\" content=\"794__\" \/>\n<meta property=\"product:condition\" content=\"new\" \/>\n<!-- \/ Yoast SEO Premium plugin. -->","yoast_head_json":{"title":"Energetske slike - Mislite brzo i rije\u0161ite problem - SVETSLIK.SI - 100% ru\u010dno naslikano","description":"Ru\u010dno naslikane energetske slike - Energetske slike - Mislite brzo i rije\u0161ite problem - Sliku mo\u017eete uokviriti pomo\u0107u na\u0161e jedinstvene aplikacije na stranici.","robots":{"index":"index","follow":"follow","max-snippet":"max-snippet:-1","max-image-preview":"max-image-preview:large","max-video-preview":"max-video-preview:-1"},"canonical":"https:\/\/svetslik.si\/hr\/energetske-slike-1\/energetske-slike-mislite-brzo-i-rijesite-problem\/","og_locale":"hr_HR","og_type":"article","og_title":"Energetske slike - Mislite brzo i rije\u0161ite problem","og_description":"100% ro\u010dno naslikane slike na platnu, reprodukcije znanih slikarjev in umetni\u0161ke slike po naro\u010dilu.","og_url":"https:\/\/svetslik.si\/hr\/energetske-slike-1\/energetske-slike-mislite-brzo-i-rijesite-problem\/","og_site_name":"SVETSLIK.SI","article_publisher":"https:\/\/www.facebook.com\/svetslik.si","article_modified_time":"2026-03-22T13:58:10+00:00","og_image":[{"width":680,"height":680,"url":"https:\/\/svetslik.si\/wp-content\/uploads\/2021\/08\/image_Hitro-razmisljaj-in-resi-tezavo_680.jpg","type":"image\/jpeg"}],"twitter_card":"summary_large_image","twitter_site":"@svetslik","twitter_misc":{"Availability":"Na zalihi"},"schema":{"@context":"https:\/\/schema.org","@graph":[{"@type":["WebPage","ItemPage"],"@id":"https:\/\/svetslik.si\/hr\/energetske-slike-1\/energetske-slike-mislite-brzo-i-rijesite-problem\/","url":"https:\/\/svetslik.si\/hr\/energetske-slike-1\/energetske-slike-mislite-brzo-i-rijesite-problem\/","name":"Energetske slike - Mislite brzo i rije\u0161ite problem - SVETSLIK.SI - 100% ru\u010dno naslikano","isPartOf":{"@id":"https:\/\/svetslik.si\/hr\/#website"},"primaryImageOfPage":{"@id":"https:\/\/svetslik.si\/hr\/energetske-slike-1\/energetske-slike-mislite-brzo-i-rijesite-problem\/#primaryimage"},"image":{"@id":"https:\/\/svetslik.si\/hr\/energetske-slike-1\/energetske-slike-mislite-brzo-i-rijesite-problem\/#primaryimage"},"thumbnailUrl":"https:\/\/svetslik.si\/wp-content\/uploads\/2021\/08\/image_Hitro-razmisljaj-in-resi-tezavo_680.jpg","datePublished":"2021-09-02T16:52:33+00:00","dateModified":"2026-03-22T13:58:10+00:00","description":"Ru\u010dno naslikane energetske slike - Energetske slike - Mislite brzo i rije\u0161ite problem - Sliku mo\u017eete uokviriti pomo\u0107u na\u0161e jedinstvene aplikacije na stranici.","breadcrumb":{"@id":"https:\/\/svetslik.si\/hr\/energetske-slike-1\/energetske-slike-mislite-brzo-i-rijesite-problem\/#breadcrumb"},"inLanguage":"hr","potentialAction":[{"@type":"ReadAction","target":["https:\/\/svetslik.si\/hr\/energetske-slike-1\/energetske-slike-mislite-brzo-i-rijesite-problem\/"]}]},{"@type":"ImageObject","inLanguage":"hr","@id":"https:\/\/svetslik.si\/hr\/energetske-slike-1\/energetske-slike-mislite-brzo-i-rijesite-problem\/#primaryimage","url":"https:\/\/svetslik.si\/wp-content\/uploads\/2021\/08\/image_Hitro-razmisljaj-in-resi-tezavo_680.jpg","contentUrl":"https:\/\/svetslik.si\/wp-content\/uploads\/2021\/08\/image_Hitro-razmisljaj-in-resi-tezavo_680.jpg","width":680,"height":680,"caption":"Energijske zidne slike na platnu - Brzo razmi\u0161ljaj i rje\u0161avaj probleme - Umjetni\u010dka slika - moderne slike, ambijentalne slike za na zid, apstraktne slike, dekorativne zidne slike, kupnja i prodaja slika"},{"@type":"BreadcrumbList","@id":"https:\/\/svetslik.si\/hr\/energetske-slike-1\/energetske-slike-mislite-brzo-i-rijesite-problem\/#breadcrumb","itemListElement":[{"@type":"ListItem","position":1,"name":"Umjetni\u010dke zidne slike na platnu","item":"https:\/\/svetslik.si\/hr\/"},{"@type":"ListItem","position":2,"name":"Prodaja slika","item":"https:\/\/svetslik.si\/prodaja-slik\/"},{"@type":"ListItem","position":3,"name":"Energetske slike &#8211; Mislite brzo i rije\u0161ite problem"}]},{"@type":"WebSite","@id":"https:\/\/svetslik.si\/hr\/#website","url":"https:\/\/svetslik.si\/hr\/","name":"SVETSLIK.SI","description":"100% ru\u010dno naslikane reprodukcije slika poznatih slikara in umjetni\u010dke zidne slike na platnu.","publisher":{"@id":"https:\/\/svetslik.si\/hr\/#organization"},"potentialAction":[{"@type":"SearchAction","target":{"@type":"EntryPoint","urlTemplate":"https:\/\/svetslik.si\/hr\/?s={search_term_string}"},"query-input":{"@type":"PropertyValueSpecification","valueRequired":true,"valueName":"search_term_string"}}],"inLanguage":"hr"},{"@type":"Organization","@id":"https:\/\/svetslik.si\/hr\/#organization","name":"SvetSlik.si","url":"https:\/\/svetslik.si\/hr\/","logo":{"@type":"ImageObject","inLanguage":"hr","@id":"https:\/\/svetslik.si\/hr\/#\/schema\/logo\/image\/","url":"https:\/\/svetslik.si\/wp-content\/uploads\/2020\/12\/logo-512.png","contentUrl":"https:\/\/svetslik.si\/wp-content\/uploads\/2020\/12\/logo-512.png","width":512,"height":512,"caption":"SvetSlik.si"},"image":{"@id":"https:\/\/svetslik.si\/hr\/#\/schema\/logo\/image\/"},"sameAs":["https:\/\/www.facebook.com\/svetslik.si","https:\/\/x.com\/svetslik","https:\/\/www.instagram.com\/svetslik.si\/","https:\/\/www.linkedin.com\/company\/svetslik-si"]}]},"og_availability":"instock","product_availability":"instock","product_retailer_item_id":"794__","product_condition":"new"},"jetpack_sharing_enabled":true,"_links":{"self":[{"href":"https:\/\/svetslik.si\/hr\/wp-json\/wp\/v2\/product\/33844","targetHints":{"allow":["GET"]}}],"collection":[{"href":"https:\/\/svetslik.si\/hr\/wp-json\/wp\/v2\/product"}],"about":[{"href":"https:\/\/svetslik.si\/hr\/wp-json\/wp\/v2\/types\/product"}],"wp:featuredmedia":[{"embeddable":true,"href":"https:\/\/svetslik.si\/hr\/wp-json\/wp\/v2\/media\/20316"}],"wp:attachment":[{"href":"https:\/\/svetslik.si\/hr\/wp-json\/wp\/v2\/media?parent=33844"}],"wp:term":[{"taxonomy":"product_brand","embeddable":true,"href":"https:\/\/svetslik.si\/hr\/wp-json\/wp\/v2\/product_brand?post=33844"},{"taxonomy":"product_cat","embeddable":true,"href":"https:\/\/svetslik.si\/hr\/wp-json\/wp\/v2\/product_cat?post=33844"},{"taxonomy":"product_tag","embeddable":true,"href":"https:\/\/svetslik.si\/hr\/wp-json\/wp\/v2\/product_tag?post=33844"}],"curies":[{"name":"wp","href":"https:\/\/api.w.org\/{rel}","templated":true}]}}