{"id":33869,"date":"2021-09-02T18:55:07","date_gmt":"2021-09-02T16:55:07","guid":{"rendered":"https:\/\/svetslik.si\/uncategorized\/nadangel-gabriel\/"},"modified":"2026-03-22T14:59:01","modified_gmt":"2026-03-22T13:59:01","slug":"energetske-slike-arkandeo-gabrijel","status":"publish","type":"product","link":"https:\/\/svetslik.si\/hr\/duhovne-slike\/energetske-slike-arkandeo-gabrijel\/","title":{"rendered":"Energetske slike &#8211; Arkan\u0111eo Gabrijel"},"content":{"rendered":"<p>On je arkan\u0111eo \u010disto\u0107e i nade. Gabrijel je Elizabeti i Mariji, svakom ponaosob, navijestio vijest o skorom ro\u0111enju njihovih sinova, Ivana Krstitelja i Isusa iz Nazareta, pa se zato proslavio kao an\u0111eo glasnik &nbsp;Poma\u017ee roditeljima u odgoju djece, ali i poma\u017ee svima \u010dija je svrha \u017eivota povezana s umjetno\u0161\u0107u ili komunikacijom. Ako ste glumac, pisac, plesa\u010d, novinar, model, glazbenik, reporter, pjeva\u010d, u\u010ditelj ili na bilo koji na\u010din donosite duhovne poruke i trebate vodstvo, nazovite ga.<\/p>\n","protected":false},"excerpt":{"rendered":"<p>On je arkan\u0111eo \u010disto\u0107e i nade. Gabrijel je Elizabeti i Mariji, svakom ponaosob, navijestio vijest o skorom ro\u0111enju njihovih sinova, Ivana Krstitelja i Isusa iz Nazareta, pa se zato proslavio kao an\u0111eo glasnik &nbsp;Poma\u017ee roditeljima u odgoju djece, ali i poma\u017ee svima \u010dija je svrha \u017eivota povezana s umjetno\u0161\u0107u ili [&hellip;]<\/p>\n","protected":false},"featured_media":19969,"template":"","meta":{"_acf_changed":false},"product_brand":[],"product_cat":[3365,3363],"product_tag":[4126],"class_list":{"0":"post-33869","1":"product","2":"type-product","3":"status-publish","4":"has-post-thumbnail","6":"product_cat-duhovne-slike","7":"product_cat-energetske-slike","8":"product_tag-energijske-slike-hr","9":"pa_dimenzija-20-x-25-cm-hr","10":"pa_dimenzija-30-x-40-cm-hr","11":"pa_dimenzija-40-x-60-cm-hr","12":"pa_dimenzija-90-x-120-cm-hr","13":"pa_oblika-okomito","14":"pa_okvir-bez-okvira","15":"pa_podokvir-bez-podokvira","16":"pa_podokvir-sa-podokvirom","18":"first","19":"instock","20":"purchasable","21":"product-type-variable","22":"has-default-attributes"},"acf":[],"yoast_head":"<!-- This site is optimized with the Yoast SEO Premium plugin v26.0 (Yoast SEO v27.2) - https:\/\/yoast.com\/product\/yoast-seo-premium-wordpress\/ -->\n<title>Energetske slike - Arkan\u0111eo Gabrijel - SVETSLIK.SI - 100% ru\u010dno naslikano<\/title>\n<meta name=\"description\" content=\"Ru\u010dno naslikane energetske slike - Energetske slike - Arkan\u0111eo Gabrijel - Sliku mo\u017eete uokviriti pomo\u0107u na\u0161e jedinstvene aplikacije na stranici.\" \/>\n<meta name=\"robots\" content=\"index, follow, max-snippet:-1, max-image-preview:large, max-video-preview:-1\" \/>\n<link rel=\"canonical\" href=\"https:\/\/svetslik.si\/hr\/duhovne-slike\/energetske-slike-arkandeo-gabrijel\/\" \/>\n<meta property=\"og:locale\" content=\"hr_HR\" \/>\n<meta property=\"og:type\" content=\"article\" \/>\n<meta property=\"og:title\" content=\"Energetske slike - Arkan\u0111eo Gabrijel\" \/>\n<meta property=\"og:description\" content=\"100% ro\u010dno naslikane slike na platnu, reprodukcije znanih slikarjev in umetni\u0161ke slike po naro\u010dilu.\" \/>\n<meta property=\"og:url\" content=\"https:\/\/svetslik.si\/hr\/duhovne-slike\/energetske-slike-arkandeo-gabrijel\/\" \/>\n<meta property=\"og:site_name\" content=\"SVETSLIK.SI\" \/>\n<meta property=\"article:publisher\" content=\"https:\/\/www.facebook.com\/svetslik.si\" \/>\n<meta property=\"article:modified_time\" content=\"2026-03-22T13:59:01+00:00\" \/>\n<meta property=\"og:image\" content=\"https:\/\/svetslik.si\/wp-content\/uploads\/2021\/08\/image_4_680.jpg\" \/>\n\t<meta property=\"og:image:width\" content=\"537\" \/>\n\t<meta property=\"og:image:height\" content=\"680\" \/>\n\t<meta property=\"og:image:type\" content=\"image\/jpeg\" \/>\n<meta name=\"twitter:card\" content=\"summary_large_image\" \/>\n<meta name=\"twitter:site\" content=\"@svetslik\" \/>\n<meta name=\"twitter:label1\" content=\"Availability\" \/>\n\t<meta name=\"twitter:data1\" content=\"Na zalihi\" \/>\n<script type=\"application\/ld+json\" class=\"yoast-schema-graph\">{\"@context\":\"https:\/\/schema.org\",\"@graph\":[{\"@type\":[\"WebPage\",\"ItemPage\"],\"@id\":\"https:\/\/svetslik.si\/hr\/duhovne-slike\/energetske-slike-arkandeo-gabrijel\/\",\"url\":\"https:\/\/svetslik.si\/hr\/duhovne-slike\/energetske-slike-arkandeo-gabrijel\/\",\"name\":\"Energetske slike - Arkan\u0111eo Gabrijel - SVETSLIK.SI - 100% ru\u010dno naslikano\",\"isPartOf\":{\"@id\":\"https:\/\/svetslik.si\/hr\/#website\"},\"primaryImageOfPage\":{\"@id\":\"https:\/\/svetslik.si\/hr\/duhovne-slike\/energetske-slike-arkandeo-gabrijel\/#primaryimage\"},\"image\":{\"@id\":\"https:\/\/svetslik.si\/hr\/duhovne-slike\/energetske-slike-arkandeo-gabrijel\/#primaryimage\"},\"thumbnailUrl\":\"https:\/\/svetslik.si\/wp-content\/uploads\/2021\/08\/image_4_680.jpg\",\"datePublished\":\"2021-09-02T16:55:07+00:00\",\"dateModified\":\"2026-03-22T13:59:01+00:00\",\"description\":\"Ru\u010dno naslikane energetske slike - Energetske slike - Arkan\u0111eo Gabrijel - Sliku mo\u017eete uokviriti pomo\u0107u na\u0161e jedinstvene aplikacije na stranici.\",\"breadcrumb\":{\"@id\":\"https:\/\/svetslik.si\/hr\/duhovne-slike\/energetske-slike-arkandeo-gabrijel\/#breadcrumb\"},\"inLanguage\":\"hr\",\"potentialAction\":[{\"@type\":\"ReadAction\",\"target\":[\"https:\/\/svetslik.si\/hr\/duhovne-slike\/energetske-slike-arkandeo-gabrijel\/\"]}]},{\"@type\":\"ImageObject\",\"inLanguage\":\"hr\",\"@id\":\"https:\/\/svetslik.si\/hr\/duhovne-slike\/energetske-slike-arkandeo-gabrijel\/#primaryimage\",\"url\":\"https:\/\/svetslik.si\/wp-content\/uploads\/2021\/08\/image_4_680.jpg\",\"contentUrl\":\"https:\/\/svetslik.si\/wp-content\/uploads\/2021\/08\/image_4_680.jpg\",\"width\":537,\"height\":680,\"caption\":\"Energijske slikane slike na platnu, slike za zid, umjetni\u010dke slike, moderne slike, ambijentalne slike, apstraktne slike, dekorativne slikane slike, kupovina i prodaja slika - Nadan\u0111eo Gabriel\"},{\"@type\":\"BreadcrumbList\",\"@id\":\"https:\/\/svetslik.si\/hr\/duhovne-slike\/energetske-slike-arkandeo-gabrijel\/#breadcrumb\",\"itemListElement\":[{\"@type\":\"ListItem\",\"position\":1,\"name\":\"Umjetni\u010dke zidne slike na platnu\",\"item\":\"https:\/\/svetslik.si\/hr\/\"},{\"@type\":\"ListItem\",\"position\":2,\"name\":\"Prodaja slika\",\"item\":\"https:\/\/svetslik.si\/prodaja-slik\/\"},{\"@type\":\"ListItem\",\"position\":3,\"name\":\"Energetske slike &#8211; Arkan\u0111eo Gabrijel\"}]},{\"@type\":\"WebSite\",\"@id\":\"https:\/\/svetslik.si\/hr\/#website\",\"url\":\"https:\/\/svetslik.si\/hr\/\",\"name\":\"SVETSLIK.SI\",\"description\":\"100% ru\u010dno naslikane reprodukcije slika poznatih slikara in umjetni\u010dke zidne slike na platnu.\",\"publisher\":{\"@id\":\"https:\/\/svetslik.si\/hr\/#organization\"},\"potentialAction\":[{\"@type\":\"SearchAction\",\"target\":{\"@type\":\"EntryPoint\",\"urlTemplate\":\"https:\/\/svetslik.si\/hr\/?s={search_term_string}\"},\"query-input\":{\"@type\":\"PropertyValueSpecification\",\"valueRequired\":true,\"valueName\":\"search_term_string\"}}],\"inLanguage\":\"hr\"},{\"@type\":\"Organization\",\"@id\":\"https:\/\/svetslik.si\/hr\/#organization\",\"name\":\"SvetSlik.si\",\"url\":\"https:\/\/svetslik.si\/hr\/\",\"logo\":{\"@type\":\"ImageObject\",\"inLanguage\":\"hr\",\"@id\":\"https:\/\/svetslik.si\/hr\/#\/schema\/logo\/image\/\",\"url\":\"https:\/\/svetslik.si\/wp-content\/uploads\/2020\/12\/logo-512.png\",\"contentUrl\":\"https:\/\/svetslik.si\/wp-content\/uploads\/2020\/12\/logo-512.png\",\"width\":512,\"height\":512,\"caption\":\"SvetSlik.si\"},\"image\":{\"@id\":\"https:\/\/svetslik.si\/hr\/#\/schema\/logo\/image\/\"},\"sameAs\":[\"https:\/\/www.facebook.com\/svetslik.si\",\"https:\/\/x.com\/svetslik\",\"https:\/\/www.instagram.com\/svetslik.si\/\",\"https:\/\/www.linkedin.com\/company\/svetslik-si\"]}]}<\/script>\n<meta property=\"og:availability\" content=\"instock\" \/>\n<meta property=\"product:availability\" content=\"instock\" \/>\n<meta property=\"product:retailer_item_id\" content=\"825__\" \/>\n<meta property=\"product:condition\" content=\"new\" \/>\n<!-- \/ Yoast SEO Premium plugin. -->","yoast_head_json":{"title":"Energetske slike - Arkan\u0111eo Gabrijel - SVETSLIK.SI - 100% ru\u010dno naslikano","description":"Ru\u010dno naslikane energetske slike - Energetske slike - Arkan\u0111eo Gabrijel - Sliku mo\u017eete uokviriti pomo\u0107u na\u0161e jedinstvene aplikacije na stranici.","robots":{"index":"index","follow":"follow","max-snippet":"max-snippet:-1","max-image-preview":"max-image-preview:large","max-video-preview":"max-video-preview:-1"},"canonical":"https:\/\/svetslik.si\/hr\/duhovne-slike\/energetske-slike-arkandeo-gabrijel\/","og_locale":"hr_HR","og_type":"article","og_title":"Energetske slike - Arkan\u0111eo Gabrijel","og_description":"100% ro\u010dno naslikane slike na platnu, reprodukcije znanih slikarjev in umetni\u0161ke slike po naro\u010dilu.","og_url":"https:\/\/svetslik.si\/hr\/duhovne-slike\/energetske-slike-arkandeo-gabrijel\/","og_site_name":"SVETSLIK.SI","article_publisher":"https:\/\/www.facebook.com\/svetslik.si","article_modified_time":"2026-03-22T13:59:01+00:00","og_image":[{"width":537,"height":680,"url":"https:\/\/svetslik.si\/wp-content\/uploads\/2021\/08\/image_4_680.jpg","type":"image\/jpeg"}],"twitter_card":"summary_large_image","twitter_site":"@svetslik","twitter_misc":{"Availability":"Na zalihi"},"schema":{"@context":"https:\/\/schema.org","@graph":[{"@type":["WebPage","ItemPage"],"@id":"https:\/\/svetslik.si\/hr\/duhovne-slike\/energetske-slike-arkandeo-gabrijel\/","url":"https:\/\/svetslik.si\/hr\/duhovne-slike\/energetske-slike-arkandeo-gabrijel\/","name":"Energetske slike - Arkan\u0111eo Gabrijel - SVETSLIK.SI - 100% ru\u010dno naslikano","isPartOf":{"@id":"https:\/\/svetslik.si\/hr\/#website"},"primaryImageOfPage":{"@id":"https:\/\/svetslik.si\/hr\/duhovne-slike\/energetske-slike-arkandeo-gabrijel\/#primaryimage"},"image":{"@id":"https:\/\/svetslik.si\/hr\/duhovne-slike\/energetske-slike-arkandeo-gabrijel\/#primaryimage"},"thumbnailUrl":"https:\/\/svetslik.si\/wp-content\/uploads\/2021\/08\/image_4_680.jpg","datePublished":"2021-09-02T16:55:07+00:00","dateModified":"2026-03-22T13:59:01+00:00","description":"Ru\u010dno naslikane energetske slike - Energetske slike - Arkan\u0111eo Gabrijel - Sliku mo\u017eete uokviriti pomo\u0107u na\u0161e jedinstvene aplikacije na stranici.","breadcrumb":{"@id":"https:\/\/svetslik.si\/hr\/duhovne-slike\/energetske-slike-arkandeo-gabrijel\/#breadcrumb"},"inLanguage":"hr","potentialAction":[{"@type":"ReadAction","target":["https:\/\/svetslik.si\/hr\/duhovne-slike\/energetske-slike-arkandeo-gabrijel\/"]}]},{"@type":"ImageObject","inLanguage":"hr","@id":"https:\/\/svetslik.si\/hr\/duhovne-slike\/energetske-slike-arkandeo-gabrijel\/#primaryimage","url":"https:\/\/svetslik.si\/wp-content\/uploads\/2021\/08\/image_4_680.jpg","contentUrl":"https:\/\/svetslik.si\/wp-content\/uploads\/2021\/08\/image_4_680.jpg","width":537,"height":680,"caption":"Energijske slikane slike na platnu, slike za zid, umjetni\u010dke slike, moderne slike, ambijentalne slike, apstraktne slike, dekorativne slikane slike, kupovina i prodaja slika - Nadan\u0111eo Gabriel"},{"@type":"BreadcrumbList","@id":"https:\/\/svetslik.si\/hr\/duhovne-slike\/energetske-slike-arkandeo-gabrijel\/#breadcrumb","itemListElement":[{"@type":"ListItem","position":1,"name":"Umjetni\u010dke zidne slike na platnu","item":"https:\/\/svetslik.si\/hr\/"},{"@type":"ListItem","position":2,"name":"Prodaja slika","item":"https:\/\/svetslik.si\/prodaja-slik\/"},{"@type":"ListItem","position":3,"name":"Energetske slike &#8211; Arkan\u0111eo Gabrijel"}]},{"@type":"WebSite","@id":"https:\/\/svetslik.si\/hr\/#website","url":"https:\/\/svetslik.si\/hr\/","name":"SVETSLIK.SI","description":"100% ru\u010dno naslikane reprodukcije slika poznatih slikara in umjetni\u010dke zidne slike na platnu.","publisher":{"@id":"https:\/\/svetslik.si\/hr\/#organization"},"potentialAction":[{"@type":"SearchAction","target":{"@type":"EntryPoint","urlTemplate":"https:\/\/svetslik.si\/hr\/?s={search_term_string}"},"query-input":{"@type":"PropertyValueSpecification","valueRequired":true,"valueName":"search_term_string"}}],"inLanguage":"hr"},{"@type":"Organization","@id":"https:\/\/svetslik.si\/hr\/#organization","name":"SvetSlik.si","url":"https:\/\/svetslik.si\/hr\/","logo":{"@type":"ImageObject","inLanguage":"hr","@id":"https:\/\/svetslik.si\/hr\/#\/schema\/logo\/image\/","url":"https:\/\/svetslik.si\/wp-content\/uploads\/2020\/12\/logo-512.png","contentUrl":"https:\/\/svetslik.si\/wp-content\/uploads\/2020\/12\/logo-512.png","width":512,"height":512,"caption":"SvetSlik.si"},"image":{"@id":"https:\/\/svetslik.si\/hr\/#\/schema\/logo\/image\/"},"sameAs":["https:\/\/www.facebook.com\/svetslik.si","https:\/\/x.com\/svetslik","https:\/\/www.instagram.com\/svetslik.si\/","https:\/\/www.linkedin.com\/company\/svetslik-si"]}]},"og_availability":"instock","product_availability":"instock","product_retailer_item_id":"825__","product_condition":"new"},"jetpack_sharing_enabled":true,"_links":{"self":[{"href":"https:\/\/svetslik.si\/hr\/wp-json\/wp\/v2\/product\/33869","targetHints":{"allow":["GET"]}}],"collection":[{"href":"https:\/\/svetslik.si\/hr\/wp-json\/wp\/v2\/product"}],"about":[{"href":"https:\/\/svetslik.si\/hr\/wp-json\/wp\/v2\/types\/product"}],"wp:featuredmedia":[{"embeddable":true,"href":"https:\/\/svetslik.si\/hr\/wp-json\/wp\/v2\/media\/19969"}],"wp:attachment":[{"href":"https:\/\/svetslik.si\/hr\/wp-json\/wp\/v2\/media?parent=33869"}],"wp:term":[{"taxonomy":"product_brand","embeddable":true,"href":"https:\/\/svetslik.si\/hr\/wp-json\/wp\/v2\/product_brand?post=33869"},{"taxonomy":"product_cat","embeddable":true,"href":"https:\/\/svetslik.si\/hr\/wp-json\/wp\/v2\/product_cat?post=33869"},{"taxonomy":"product_tag","embeddable":true,"href":"https:\/\/svetslik.si\/hr\/wp-json\/wp\/v2\/product_tag?post=33869"}],"curies":[{"name":"wp","href":"https:\/\/api.w.org\/{rel}","templated":true}]}}