{"id":33945,"date":"2021-09-02T18:51:44","date_gmt":"2021-09-02T16:51:44","guid":{"rendered":"https:\/\/svetslik.si\/uncategorized\/zadnja-vecerja\/"},"modified":"2026-03-22T15:01:16","modified_gmt":"2026-03-22T14:01:16","slug":"vjerske-slike-posljednja-vecera","status":"publish","type":"product","link":"https:\/\/svetslik.si\/hr\/religiozne-slike\/vjerske-slike-posljednja-vecera\/","title":{"rendered":"Vjerske slike &#8211; Posljednja ve\u010dera"},"content":{"rendered":"<p><\/p>\n","protected":false},"excerpt":{"rendered":"","protected":false},"featured_media":19956,"template":"","meta":{"_acf_changed":false},"product_brand":[],"product_cat":[3387],"product_tag":[4132,4133,4134],"class_list":{"0":"post-33945","1":"product","2":"type-product","3":"status-publish","4":"has-post-thumbnail","6":"product_cat-religiozne-slike","7":"product_tag-religiozne-slike-hr","8":"product_tag-sakralne-slike-hr","9":"product_tag-verske-slike-hr","10":"pa_dimenzija-100-x-50-cm","11":"pa_dimenzija-120-x-60-cm","12":"pa_dimenzija-140-x-70-cm","13":"pa_dimenzija-150-x-80-cm","14":"pa_dimenzija-200-x-100-cm","15":"pa_dimenzija-300-x-150-cm","16":"pa_oblika-horizontalno","17":"pa_okvir-bez-okvira","18":"pa_podokvir-bez-podokvira","19":"pa_podokvir-sa-podokvirom","21":"first","22":"onbackorder","23":"purchasable","24":"product-type-variable","25":"has-default-attributes"},"acf":[],"yoast_head":"<!-- This site is optimized with the Yoast SEO Premium plugin v26.0 (Yoast SEO v27.2) - https:\/\/yoast.com\/product\/yoast-seo-premium-wordpress\/ -->\n<title>Vjerske slike - Posljednja ve\u010dera - SVETSLIK.SI - 100% ru\u010dno naslikano<\/title>\n<meta name=\"description\" content=\"Vjerske slike - Posljednja ve\u010dera - 100% ru\u010dno naslikana umjetni\u010dka slika na platnu. Uokvirivanje slika, prodaja i izrada slika po narud\u017ebi.\" \/>\n<meta name=\"robots\" content=\"index, follow, max-snippet:-1, max-image-preview:large, max-video-preview:-1\" \/>\n<link rel=\"canonical\" href=\"https:\/\/svetslik.si\/hr\/religiozne-slike\/vjerske-slike-posljednja-vecera\/\" \/>\n<meta property=\"og:locale\" content=\"hr_HR\" \/>\n<meta property=\"og:type\" content=\"article\" \/>\n<meta property=\"og:title\" content=\"Vjerske slike - Posljednja ve\u010dera\" \/>\n<meta property=\"og:description\" content=\"100% ro\u010dno naslikane slike na platnu, reprodukcije znanih slikarjev in umetni\u0161ke slike po naro\u010dilu.\" \/>\n<meta property=\"og:url\" content=\"https:\/\/svetslik.si\/hr\/religiozne-slike\/vjerske-slike-posljednja-vecera\/\" \/>\n<meta property=\"og:site_name\" content=\"SVETSLIK.SI\" \/>\n<meta property=\"article:publisher\" content=\"https:\/\/www.facebook.com\/svetslik.si\" \/>\n<meta property=\"article:modified_time\" content=\"2026-03-22T14:01:16+00:00\" \/>\n<meta property=\"og:image\" content=\"https:\/\/svetslik.si\/wp-content\/uploads\/2021\/08\/image_Zadnja-vecerja_680.jpg\" \/>\n\t<meta property=\"og:image:width\" content=\"680\" \/>\n\t<meta property=\"og:image:height\" content=\"380\" \/>\n\t<meta property=\"og:image:type\" content=\"image\/jpeg\" \/>\n<meta name=\"twitter:card\" content=\"summary_large_image\" \/>\n<meta name=\"twitter:site\" content=\"@svetslik\" \/>\n<meta name=\"twitter:label1\" content=\"Availability\" \/>\n\t<meta name=\"twitter:data1\" content=\"On backorder\" \/>\n<script type=\"application\/ld+json\" class=\"yoast-schema-graph\">{\"@context\":\"https:\/\/schema.org\",\"@graph\":[{\"@type\":[\"WebPage\",\"ItemPage\"],\"@id\":\"https:\/\/svetslik.si\/hr\/religiozne-slike\/vjerske-slike-posljednja-vecera\/\",\"url\":\"https:\/\/svetslik.si\/hr\/religiozne-slike\/vjerske-slike-posljednja-vecera\/\",\"name\":\"Vjerske slike - Posljednja ve\u010dera - SVETSLIK.SI - 100% ru\u010dno naslikano\",\"isPartOf\":{\"@id\":\"https:\/\/svetslik.si\/hr\/#website\"},\"primaryImageOfPage\":{\"@id\":\"https:\/\/svetslik.si\/hr\/religiozne-slike\/vjerske-slike-posljednja-vecera\/#primaryimage\"},\"image\":{\"@id\":\"https:\/\/svetslik.si\/hr\/religiozne-slike\/vjerske-slike-posljednja-vecera\/#primaryimage\"},\"thumbnailUrl\":\"https:\/\/svetslik.si\/wp-content\/uploads\/2021\/08\/image_Zadnja-vecerja_680.jpg\",\"datePublished\":\"2021-09-02T16:51:44+00:00\",\"dateModified\":\"2026-03-22T14:01:16+00:00\",\"description\":\"Vjerske slike - Posljednja ve\u010dera - 100% ru\u010dno naslikana umjetni\u010dka slika na platnu. Uokvirivanje slika, prodaja i izrada slika po narud\u017ebi.\",\"breadcrumb\":{\"@id\":\"https:\/\/svetslik.si\/hr\/religiozne-slike\/vjerske-slike-posljednja-vecera\/#breadcrumb\"},\"inLanguage\":\"hr\",\"potentialAction\":[{\"@type\":\"ReadAction\",\"target\":[\"https:\/\/svetslik.si\/hr\/religiozne-slike\/vjerske-slike-posljednja-vecera\/\"]}]},{\"@type\":\"ImageObject\",\"inLanguage\":\"hr\",\"@id\":\"https:\/\/svetslik.si\/hr\/religiozne-slike\/vjerske-slike-posljednja-vecera\/#primaryimage\",\"url\":\"https:\/\/svetslik.si\/wp-content\/uploads\/2021\/08\/image_Zadnja-vecerja_680.jpg\",\"contentUrl\":\"https:\/\/svetslik.si\/wp-content\/uploads\/2021\/08\/image_Zadnja-vecerja_680.jpg\",\"width\":680,\"height\":380,\"caption\":\"reprodukcija slike Vjerske slike - Posljednja ve\u010dera\"},{\"@type\":\"BreadcrumbList\",\"@id\":\"https:\/\/svetslik.si\/hr\/religiozne-slike\/vjerske-slike-posljednja-vecera\/#breadcrumb\",\"itemListElement\":[{\"@type\":\"ListItem\",\"position\":1,\"name\":\"Umjetni\u010dke zidne slike na platnu\",\"item\":\"https:\/\/svetslik.si\/hr\/\"},{\"@type\":\"ListItem\",\"position\":2,\"name\":\"Prodaja slika\",\"item\":\"https:\/\/svetslik.si\/prodaja-slik\/\"},{\"@type\":\"ListItem\",\"position\":3,\"name\":\"Vjerske slike &#8211; Posljednja ve\u010dera\"}]},{\"@type\":\"WebSite\",\"@id\":\"https:\/\/svetslik.si\/hr\/#website\",\"url\":\"https:\/\/svetslik.si\/hr\/\",\"name\":\"SVETSLIK.SI\",\"description\":\"100% ru\u010dno naslikane reprodukcije slika poznatih slikara in umjetni\u010dke zidne slike na platnu.\",\"publisher\":{\"@id\":\"https:\/\/svetslik.si\/hr\/#organization\"},\"potentialAction\":[{\"@type\":\"SearchAction\",\"target\":{\"@type\":\"EntryPoint\",\"urlTemplate\":\"https:\/\/svetslik.si\/hr\/?s={search_term_string}\"},\"query-input\":{\"@type\":\"PropertyValueSpecification\",\"valueRequired\":true,\"valueName\":\"search_term_string\"}}],\"inLanguage\":\"hr\"},{\"@type\":\"Organization\",\"@id\":\"https:\/\/svetslik.si\/hr\/#organization\",\"name\":\"SvetSlik.si\",\"url\":\"https:\/\/svetslik.si\/hr\/\",\"logo\":{\"@type\":\"ImageObject\",\"inLanguage\":\"hr\",\"@id\":\"https:\/\/svetslik.si\/hr\/#\/schema\/logo\/image\/\",\"url\":\"https:\/\/svetslik.si\/wp-content\/uploads\/2020\/12\/logo-512.png\",\"contentUrl\":\"https:\/\/svetslik.si\/wp-content\/uploads\/2020\/12\/logo-512.png\",\"width\":512,\"height\":512,\"caption\":\"SvetSlik.si\"},\"image\":{\"@id\":\"https:\/\/svetslik.si\/hr\/#\/schema\/logo\/image\/\"},\"sameAs\":[\"https:\/\/www.facebook.com\/svetslik.si\",\"https:\/\/x.com\/svetslik\",\"https:\/\/www.instagram.com\/svetslik.si\/\",\"https:\/\/www.linkedin.com\/company\/svetslik-si\"]}]}<\/script>\n<meta property=\"og:availability\" content=\"backorder\" \/>\n<meta property=\"product:availability\" content=\"available for order\" \/>\n<meta property=\"product:retailer_item_id\" content=\"784__\" \/>\n<meta property=\"product:condition\" content=\"new\" \/>\n<!-- \/ Yoast SEO Premium plugin. -->","yoast_head_json":{"title":"Vjerske slike - Posljednja ve\u010dera - SVETSLIK.SI - 100% ru\u010dno naslikano","description":"Vjerske slike - Posljednja ve\u010dera - 100% ru\u010dno naslikana umjetni\u010dka slika na platnu. Uokvirivanje slika, prodaja i izrada slika po narud\u017ebi.","robots":{"index":"index","follow":"follow","max-snippet":"max-snippet:-1","max-image-preview":"max-image-preview:large","max-video-preview":"max-video-preview:-1"},"canonical":"https:\/\/svetslik.si\/hr\/religiozne-slike\/vjerske-slike-posljednja-vecera\/","og_locale":"hr_HR","og_type":"article","og_title":"Vjerske slike - Posljednja ve\u010dera","og_description":"100% ro\u010dno naslikane slike na platnu, reprodukcije znanih slikarjev in umetni\u0161ke slike po naro\u010dilu.","og_url":"https:\/\/svetslik.si\/hr\/religiozne-slike\/vjerske-slike-posljednja-vecera\/","og_site_name":"SVETSLIK.SI","article_publisher":"https:\/\/www.facebook.com\/svetslik.si","article_modified_time":"2026-03-22T14:01:16+00:00","og_image":[{"width":680,"height":380,"url":"https:\/\/svetslik.si\/wp-content\/uploads\/2021\/08\/image_Zadnja-vecerja_680.jpg","type":"image\/jpeg"}],"twitter_card":"summary_large_image","twitter_site":"@svetslik","twitter_misc":{"Availability":"On backorder"},"schema":{"@context":"https:\/\/schema.org","@graph":[{"@type":["WebPage","ItemPage"],"@id":"https:\/\/svetslik.si\/hr\/religiozne-slike\/vjerske-slike-posljednja-vecera\/","url":"https:\/\/svetslik.si\/hr\/religiozne-slike\/vjerske-slike-posljednja-vecera\/","name":"Vjerske slike - Posljednja ve\u010dera - SVETSLIK.SI - 100% ru\u010dno naslikano","isPartOf":{"@id":"https:\/\/svetslik.si\/hr\/#website"},"primaryImageOfPage":{"@id":"https:\/\/svetslik.si\/hr\/religiozne-slike\/vjerske-slike-posljednja-vecera\/#primaryimage"},"image":{"@id":"https:\/\/svetslik.si\/hr\/religiozne-slike\/vjerske-slike-posljednja-vecera\/#primaryimage"},"thumbnailUrl":"https:\/\/svetslik.si\/wp-content\/uploads\/2021\/08\/image_Zadnja-vecerja_680.jpg","datePublished":"2021-09-02T16:51:44+00:00","dateModified":"2026-03-22T14:01:16+00:00","description":"Vjerske slike - Posljednja ve\u010dera - 100% ru\u010dno naslikana umjetni\u010dka slika na platnu. Uokvirivanje slika, prodaja i izrada slika po narud\u017ebi.","breadcrumb":{"@id":"https:\/\/svetslik.si\/hr\/religiozne-slike\/vjerske-slike-posljednja-vecera\/#breadcrumb"},"inLanguage":"hr","potentialAction":[{"@type":"ReadAction","target":["https:\/\/svetslik.si\/hr\/religiozne-slike\/vjerske-slike-posljednja-vecera\/"]}]},{"@type":"ImageObject","inLanguage":"hr","@id":"https:\/\/svetslik.si\/hr\/religiozne-slike\/vjerske-slike-posljednja-vecera\/#primaryimage","url":"https:\/\/svetslik.si\/wp-content\/uploads\/2021\/08\/image_Zadnja-vecerja_680.jpg","contentUrl":"https:\/\/svetslik.si\/wp-content\/uploads\/2021\/08\/image_Zadnja-vecerja_680.jpg","width":680,"height":380,"caption":"reprodukcija slike Vjerske slike - Posljednja ve\u010dera"},{"@type":"BreadcrumbList","@id":"https:\/\/svetslik.si\/hr\/religiozne-slike\/vjerske-slike-posljednja-vecera\/#breadcrumb","itemListElement":[{"@type":"ListItem","position":1,"name":"Umjetni\u010dke zidne slike na platnu","item":"https:\/\/svetslik.si\/hr\/"},{"@type":"ListItem","position":2,"name":"Prodaja slika","item":"https:\/\/svetslik.si\/prodaja-slik\/"},{"@type":"ListItem","position":3,"name":"Vjerske slike &#8211; Posljednja ve\u010dera"}]},{"@type":"WebSite","@id":"https:\/\/svetslik.si\/hr\/#website","url":"https:\/\/svetslik.si\/hr\/","name":"SVETSLIK.SI","description":"100% ru\u010dno naslikane reprodukcije slika poznatih slikara in umjetni\u010dke zidne slike na platnu.","publisher":{"@id":"https:\/\/svetslik.si\/hr\/#organization"},"potentialAction":[{"@type":"SearchAction","target":{"@type":"EntryPoint","urlTemplate":"https:\/\/svetslik.si\/hr\/?s={search_term_string}"},"query-input":{"@type":"PropertyValueSpecification","valueRequired":true,"valueName":"search_term_string"}}],"inLanguage":"hr"},{"@type":"Organization","@id":"https:\/\/svetslik.si\/hr\/#organization","name":"SvetSlik.si","url":"https:\/\/svetslik.si\/hr\/","logo":{"@type":"ImageObject","inLanguage":"hr","@id":"https:\/\/svetslik.si\/hr\/#\/schema\/logo\/image\/","url":"https:\/\/svetslik.si\/wp-content\/uploads\/2020\/12\/logo-512.png","contentUrl":"https:\/\/svetslik.si\/wp-content\/uploads\/2020\/12\/logo-512.png","width":512,"height":512,"caption":"SvetSlik.si"},"image":{"@id":"https:\/\/svetslik.si\/hr\/#\/schema\/logo\/image\/"},"sameAs":["https:\/\/www.facebook.com\/svetslik.si","https:\/\/x.com\/svetslik","https:\/\/www.instagram.com\/svetslik.si\/","https:\/\/www.linkedin.com\/company\/svetslik-si"]}]},"og_availability":"backorder","product_availability":"available for order","product_retailer_item_id":"784__","product_condition":"new"},"jetpack_sharing_enabled":true,"_links":{"self":[{"href":"https:\/\/svetslik.si\/hr\/wp-json\/wp\/v2\/product\/33945","targetHints":{"allow":["GET"]}}],"collection":[{"href":"https:\/\/svetslik.si\/hr\/wp-json\/wp\/v2\/product"}],"about":[{"href":"https:\/\/svetslik.si\/hr\/wp-json\/wp\/v2\/types\/product"}],"wp:featuredmedia":[{"embeddable":true,"href":"https:\/\/svetslik.si\/hr\/wp-json\/wp\/v2\/media\/19956"}],"wp:attachment":[{"href":"https:\/\/svetslik.si\/hr\/wp-json\/wp\/v2\/media?parent=33945"}],"wp:term":[{"taxonomy":"product_brand","embeddable":true,"href":"https:\/\/svetslik.si\/hr\/wp-json\/wp\/v2\/product_brand?post=33945"},{"taxonomy":"product_cat","embeddable":true,"href":"https:\/\/svetslik.si\/hr\/wp-json\/wp\/v2\/product_cat?post=33945"},{"taxonomy":"product_tag","embeddable":true,"href":"https:\/\/svetslik.si\/hr\/wp-json\/wp\/v2\/product_tag?post=33945"}],"curies":[{"name":"wp","href":"https:\/\/api.w.org\/{rel}","templated":true}]}}