{"id":33984,"date":"2021-09-02T19:16:44","date_gmt":"2021-09-02T17:16:44","guid":{"rendered":"https:\/\/svetslik.si\/uncategorized\/brezjanska-marija-umetniska-slika\/"},"modified":"2026-03-22T15:02:55","modified_gmt":"2026-03-22T14:02:55","slug":"vjerske-slike-brezjanska-marija","status":"publish","type":"product","link":"https:\/\/svetslik.si\/hr\/religiozne-slike\/vjerske-slike-brezjanska-marija\/","title":{"rendered":"Vjerske slike &#8211; Brezjanska Marija"},"content":{"rendered":"<div class=\"wpb-content-wrapper\">[vc_row][vc_column][vc_column_text css=&#8221;&#8221;]\n<p data-pm-slice=\"1 1 []\"><div class=\"yt-lazy-video ratio-square\" data-id=\"wQaQ63r_e7g\"><\/div>\n[\/vc_column][\/vc_row][vc_row css=&#8221;.vc_custom_1680154964588{margin-bottom: 10px !important;}&#8221;][vc_column]\t<div class=\"et-image-541 et-image     et_image_link\">\n\t\t<div class=\"et-image-inner \">\n\t\t\t\t\t\t\t<div class=\"et-image-thumb \">\n\t\t\t\t\t<img decoding=\"async\" width=\"1752\" height=\"2092\" src=\"https:\/\/svetslik.si\/wp-content\/uploads\/2021\/09\/brezjanska-marija-3.jpg\" class=\"attachment-full\" alt=\"Vjerske slike za zid - Brezjanska Marija\" title=\"Vjerske slike za zid - Brezjanska Marija\" srcset=\"https:\/\/svetslik.si\/wp-content\/uploads\/2021\/09\/brezjanska-marija-3.jpg 1752w, https:\/\/svetslik.si\/wp-content\/uploads\/2021\/09\/brezjanska-marija-3-600x716.jpg 600w, https:\/\/svetslik.si\/wp-content\/uploads\/2021\/09\/brezjanska-marija-3-1200x1433.jpg 1200w, https:\/\/svetslik.si\/wp-content\/uploads\/2021\/09\/brezjanska-marija-3-251x300.jpg 251w, https:\/\/svetslik.si\/wp-content\/uploads\/2021\/09\/brezjanska-marija-3-858x1024.jpg 858w, https:\/\/svetslik.si\/wp-content\/uploads\/2021\/09\/brezjanska-marija-3-768x917.jpg 768w, https:\/\/svetslik.si\/wp-content\/uploads\/2021\/09\/brezjanska-marija-3-1286x1536.jpg 1286w, https:\/\/svetslik.si\/wp-content\/uploads\/2021\/09\/brezjanska-marija-3-1715x2048.jpg 1715w, https:\/\/svetslik.si\/wp-content\/uploads\/2021\/09\/brezjanska-marija-3-10x12.jpg 10w, https:\/\/svetslik.si\/wp-content\/uploads\/2021\/09\/brezjanska-marija-3-126x150.jpg 126w\" sizes=\"(max-width: 1752px) 100vw, 1752px\" \/>\t\t\t\t<\/div>\n\t\t\t\t\t\t\t\t\t\t\t<\/div>\n\t<\/div>\n  [\/vc_column][\/vc_row][vc_row css=&#8221;.vc_custom_1680154964588{margin-bottom: 10px !important;}&#8221;][vc_column]\t<div class=\"et-image-669 et-image     et_image_link\">\n\t\t<div class=\"et-image-inner \">\n\t\t\t\t\t\t\t<div class=\"et-image-thumb \">\n\t\t\t\t\t<img decoding=\"async\" width=\"2560\" height=\"1441\" src=\"https:\/\/svetslik.si\/wp-content\/uploads\/2021\/09\/brezjanska-marija-2-scaled.jpg\" class=\"attachment-full\" alt=\"Vjerske slike za zid - Brezjanska Marija\" title=\"Vjerske slike za zid - Brezjanska Marija\" srcset=\"https:\/\/svetslik.si\/wp-content\/uploads\/2021\/09\/brezjanska-marija-2-scaled.jpg 2560w, https:\/\/svetslik.si\/wp-content\/uploads\/2021\/09\/brezjanska-marija-2-scaled-600x338.jpg 600w, https:\/\/svetslik.si\/wp-content\/uploads\/2021\/09\/brezjanska-marija-2-scaled-1200x675.jpg 1200w, https:\/\/svetslik.si\/wp-content\/uploads\/2021\/09\/brezjanska-marija-2-300x169.jpg 300w, https:\/\/svetslik.si\/wp-content\/uploads\/2021\/09\/brezjanska-marija-2-1024x577.jpg 1024w, https:\/\/svetslik.si\/wp-content\/uploads\/2021\/09\/brezjanska-marija-2-768x432.jpg 768w, https:\/\/svetslik.si\/wp-content\/uploads\/2021\/09\/brezjanska-marija-2-1536x865.jpg 1536w, https:\/\/svetslik.si\/wp-content\/uploads\/2021\/09\/brezjanska-marija-2-2048x1153.jpg 2048w, https:\/\/svetslik.si\/wp-content\/uploads\/2021\/09\/brezjanska-marija-2-18x10.jpg 18w, https:\/\/svetslik.si\/wp-content\/uploads\/2021\/09\/brezjanska-marija-2-150x84.jpg 150w\" sizes=\"(max-width: 2560px) 100vw, 2560px\" \/>\t\t\t\t<\/div>\n\t\t\t\t\t\t\t\t\t\t\t<\/div>\n\t<\/div>\n  [\/vc_column][\/vc_row][vc_row css=&#8221;.vc_custom_1680154964588{margin-bottom: 10px !important;}&#8221;][vc_column]\t<div class=\"et-image-248 et-image     et_image_link\">\n\t\t<div class=\"et-image-inner \">\n\t\t\t\t\t\t\t<div class=\"et-image-thumb \">\n\t\t\t\t\t<img decoding=\"async\" width=\"1838\" height=\"2560\" src=\"https:\/\/svetslik.si\/wp-content\/uploads\/2021\/09\/brezjanska-marija-4-scaled.jpg\" class=\"attachment-full\" alt=\"Vjerske slike za zid - Brezjanska Marija\" title=\"Vjerske slike za zid - Brezjanska Marija\" srcset=\"https:\/\/svetslik.si\/wp-content\/uploads\/2021\/09\/brezjanska-marija-4-scaled.jpg 1838w, https:\/\/svetslik.si\/wp-content\/uploads\/2021\/09\/brezjanska-marija-4-scaled-600x836.jpg 600w, https:\/\/svetslik.si\/wp-content\/uploads\/2021\/09\/brezjanska-marija-4-scaled-1200x1671.jpg 1200w, https:\/\/svetslik.si\/wp-content\/uploads\/2021\/09\/brezjanska-marija-4-215x300.jpg 215w, https:\/\/svetslik.si\/wp-content\/uploads\/2021\/09\/brezjanska-marija-4-735x1024.jpg 735w, https:\/\/svetslik.si\/wp-content\/uploads\/2021\/09\/brezjanska-marija-4-768x1069.jpg 768w, https:\/\/svetslik.si\/wp-content\/uploads\/2021\/09\/brezjanska-marija-4-1103x1536.jpg 1103w, https:\/\/svetslik.si\/wp-content\/uploads\/2021\/09\/brezjanska-marija-4-1471x2048.jpg 1471w, https:\/\/svetslik.si\/wp-content\/uploads\/2021\/09\/brezjanska-marija-4-9x12.jpg 9w, https:\/\/svetslik.si\/wp-content\/uploads\/2021\/09\/brezjanska-marija-4-108x150.jpg 108w\" sizes=\"(max-width: 1838px) 100vw, 1838px\" \/>\t\t\t\t<\/div>\n\t\t\t\t\t\t\t\t\t\t\t<\/div>\n\t<\/div>\n  [\/vc_column][\/vc_row][vc_row css=&#8221;.vc_custom_1680154964588{margin-bottom: 10px !important;}&#8221;][vc_column]\t<div class=\"et-image-480 et-image     et_image_link\">\n\t\t<div class=\"et-image-inner \">\n\t\t\t\t\t\t\t<div class=\"et-image-thumb \">\n\t\t\t\t\t<img decoding=\"async\" width=\"2560\" height=\"1441\" src=\"https:\/\/svetslik.si\/wp-content\/uploads\/2021\/09\/brezjanska-marija-scaled.jpg\" class=\"attachment-full\" alt=\"Vjerske slike za zid - Brezjanska Marija\" title=\"Vjerske slike za zid - Brezjanska Marija\" srcset=\"https:\/\/svetslik.si\/wp-content\/uploads\/2021\/09\/brezjanska-marija-scaled.jpg 2560w, https:\/\/svetslik.si\/wp-content\/uploads\/2021\/09\/brezjanska-marija-scaled-600x338.jpg 600w, https:\/\/svetslik.si\/wp-content\/uploads\/2021\/09\/brezjanska-marija-scaled-1200x675.jpg 1200w, https:\/\/svetslik.si\/wp-content\/uploads\/2021\/09\/brezjanska-marija-300x169.jpg 300w, https:\/\/svetslik.si\/wp-content\/uploads\/2021\/09\/brezjanska-marija-1024x577.jpg 1024w, https:\/\/svetslik.si\/wp-content\/uploads\/2021\/09\/brezjanska-marija-768x432.jpg 768w, https:\/\/svetslik.si\/wp-content\/uploads\/2021\/09\/brezjanska-marija-1536x865.jpg 1536w, https:\/\/svetslik.si\/wp-content\/uploads\/2021\/09\/brezjanska-marija-2048x1153.jpg 2048w, https:\/\/svetslik.si\/wp-content\/uploads\/2021\/09\/brezjanska-marija-18x10.jpg 18w, https:\/\/svetslik.si\/wp-content\/uploads\/2021\/09\/brezjanska-marija-150x84.jpg 150w\" sizes=\"(max-width: 2560px) 100vw, 2560px\" \/>\t\t\t\t<\/div>\n\t\t\t\t\t\t\t\t\t\t\t<\/div>\n\t<\/div>\n  [\/vc_column][\/vc_row]\n<\/div>","protected":false},"excerpt":{"rendered":"<p>[vc_row][vc_column][vc_column_text css=&#8221;&#8221;] [\/vc_column][\/vc_row][vc_row css=&#8221;.vc_custom_1680154964588{margin-bottom: 10px !important;}&#8221;][vc_column][\/vc_column][\/vc_row][vc_row css=&#8221;.vc_custom_1680154964588{margin-bottom: 10px !important;}&#8221;][vc_column][\/vc_column][\/vc_row][vc_row css=&#8221;.vc_custom_1680154964588{margin-bottom: 10px !important;}&#8221;][vc_column][\/vc_column][\/vc_row][vc_row css=&#8221;.vc_custom_1680154964588{margin-bottom: 10px !important;}&#8221;][vc_column][\/vc_column][\/vc_row]<\/p>\n","protected":false},"featured_media":20080,"template":"","meta":{"_acf_changed":false},"product_brand":[],"product_cat":[3387],"product_tag":[4132,4133,4134],"class_list":{"0":"post-33984","1":"product","2":"type-product","3":"status-publish","4":"has-post-thumbnail","6":"product_cat-religiozne-slike","7":"product_tag-religiozne-slike-hr","8":"product_tag-sakralne-slike-hr","9":"product_tag-verske-slike-hr","10":"pa_dimenzija-40-x-50-cm","11":"pa_dimenzija-50-x-60-cm","12":"pa_dimenzija-65-x-80-cm","13":"pa_dimenzija-75-x-90-cm","14":"pa_dimenzija-80-x-100-cm","15":"pa_dimenzija-90-x-110-cm","16":"pa_oblika-okomito","17":"pa_okvir-bez-okvira","18":"pa_podokvir-bez-podokvira","19":"pa_podokvir-sa-podokvirom","21":"first","22":"instock","23":"purchasable","24":"product-type-variable","25":"has-default-attributes"},"acf":[],"yoast_head":"<!-- This site is optimized with the Yoast SEO Premium plugin v26.0 (Yoast SEO v27.2) - https:\/\/yoast.com\/product\/yoast-seo-premium-wordpress\/ -->\n<title>Vjerske slike - Brezjanska Marija - SVETSLIK.SI - 100% ru\u010dno naslikano<\/title>\n<meta name=\"description\" content=\"Vjerske slike - Brezjanska Marija - 100% ru\u010dno naslikana umjetni\u010dka slika na platnu. Uokvirivanje slika, prodaja i izrada slika po narud\u017ebi.\" \/>\n<meta name=\"robots\" content=\"index, follow, max-snippet:-1, max-image-preview:large, max-video-preview:-1\" \/>\n<link rel=\"canonical\" href=\"https:\/\/svetslik.si\/hr\/religiozne-slike\/vjerske-slike-brezjanska-marija\/\" \/>\n<meta property=\"og:locale\" content=\"hr_HR\" \/>\n<meta property=\"og:type\" content=\"article\" \/>\n<meta property=\"og:title\" content=\"Vjerske slike - Brezjanska Marija\" \/>\n<meta property=\"og:description\" content=\"100% ro\u010dno naslikane slike na platnu, reprodukcije znanih slikarjev in umetni\u0161ke slike po naro\u010dilu.\" \/>\n<meta property=\"og:url\" content=\"https:\/\/svetslik.si\/hr\/religiozne-slike\/vjerske-slike-brezjanska-marija\/\" \/>\n<meta property=\"og:site_name\" content=\"SVETSLIK.SI\" \/>\n<meta property=\"article:publisher\" content=\"https:\/\/www.facebook.com\/svetslik.si\" \/>\n<meta property=\"article:modified_time\" content=\"2026-03-22T14:02:55+00:00\" \/>\n<meta property=\"og:image\" content=\"https:\/\/svetslik.si\/wp-content\/uploads\/2021\/08\/image_Brezjanska-Marija-Umetniska-slika_680.jpg\" \/>\n\t<meta property=\"og:image:width\" content=\"1592\" \/>\n\t<meta property=\"og:image:height\" content=\"2042\" \/>\n\t<meta property=\"og:image:type\" content=\"image\/jpeg\" \/>\n<meta name=\"twitter:card\" content=\"summary_large_image\" \/>\n<meta name=\"twitter:site\" content=\"@svetslik\" \/>\n<meta name=\"twitter:label1\" content=\"Availability\" \/>\n\t<meta name=\"twitter:data1\" content=\"Na zalihi\" \/>\n<script type=\"application\/ld+json\" class=\"yoast-schema-graph\">{\"@context\":\"https:\/\/schema.org\",\"@graph\":[{\"@type\":[\"WebPage\",\"ItemPage\"],\"@id\":\"https:\/\/svetslik.si\/hr\/religiozne-slike\/vjerske-slike-brezjanska-marija\/\",\"url\":\"https:\/\/svetslik.si\/hr\/religiozne-slike\/vjerske-slike-brezjanska-marija\/\",\"name\":\"Vjerske slike - Brezjanska Marija - SVETSLIK.SI - 100% ru\u010dno naslikano\",\"isPartOf\":{\"@id\":\"https:\/\/svetslik.si\/hr\/#website\"},\"primaryImageOfPage\":{\"@id\":\"https:\/\/svetslik.si\/hr\/religiozne-slike\/vjerske-slike-brezjanska-marija\/#primaryimage\"},\"image\":{\"@id\":\"https:\/\/svetslik.si\/hr\/religiozne-slike\/vjerske-slike-brezjanska-marija\/#primaryimage\"},\"thumbnailUrl\":\"https:\/\/svetslik.si\/wp-content\/uploads\/2021\/08\/image_Brezjanska-Marija-Umetniska-slika_680.jpg\",\"datePublished\":\"2021-09-02T17:16:44+00:00\",\"dateModified\":\"2026-03-22T14:02:55+00:00\",\"description\":\"Vjerske slike - Brezjanska Marija - 100% ru\u010dno naslikana umjetni\u010dka slika na platnu. Uokvirivanje slika, prodaja i izrada slika po narud\u017ebi.\",\"breadcrumb\":{\"@id\":\"https:\/\/svetslik.si\/hr\/religiozne-slike\/vjerske-slike-brezjanska-marija\/#breadcrumb\"},\"inLanguage\":\"hr\",\"potentialAction\":[{\"@type\":\"ReadAction\",\"target\":[\"https:\/\/svetslik.si\/hr\/religiozne-slike\/vjerske-slike-brezjanska-marija\/\"]}]},{\"@type\":\"ImageObject\",\"inLanguage\":\"hr\",\"@id\":\"https:\/\/svetslik.si\/hr\/religiozne-slike\/vjerske-slike-brezjanska-marija\/#primaryimage\",\"url\":\"https:\/\/svetslik.si\/wp-content\/uploads\/2021\/08\/image_Brezjanska-Marija-Umetniska-slika_680.jpg\",\"contentUrl\":\"https:\/\/svetslik.si\/wp-content\/uploads\/2021\/08\/image_Brezjanska-Marija-Umetniska-slika_680.jpg\",\"width\":1592,\"height\":2042,\"caption\":\"Brezjanska Marija - Umetni\u010dka slika - slikane zidne slike, ulje na platnu, uljane slike, umjetni\u010dke slike, moderne slike za zid, ambijentalne slike, apstraktne slike, dekorativne slike - slikane zidne slike, ulje na platnu, uljane slike, umjetni\u010dke slike, moderne slike za zid, ambijentalne slike, apstraktne slike, dekorativne slike\"},{\"@type\":\"BreadcrumbList\",\"@id\":\"https:\/\/svetslik.si\/hr\/religiozne-slike\/vjerske-slike-brezjanska-marija\/#breadcrumb\",\"itemListElement\":[{\"@type\":\"ListItem\",\"position\":1,\"name\":\"Umjetni\u010dke zidne slike na platnu\",\"item\":\"https:\/\/svetslik.si\/hr\/\"},{\"@type\":\"ListItem\",\"position\":2,\"name\":\"Prodaja slika\",\"item\":\"https:\/\/svetslik.si\/prodaja-slik\/\"},{\"@type\":\"ListItem\",\"position\":3,\"name\":\"Vjerske slike &#8211; Brezjanska Marija\"}]},{\"@type\":\"WebSite\",\"@id\":\"https:\/\/svetslik.si\/hr\/#website\",\"url\":\"https:\/\/svetslik.si\/hr\/\",\"name\":\"SVETSLIK.SI\",\"description\":\"100% ru\u010dno naslikane reprodukcije slika poznatih slikara in umjetni\u010dke zidne slike na platnu.\",\"publisher\":{\"@id\":\"https:\/\/svetslik.si\/hr\/#organization\"},\"potentialAction\":[{\"@type\":\"SearchAction\",\"target\":{\"@type\":\"EntryPoint\",\"urlTemplate\":\"https:\/\/svetslik.si\/hr\/?s={search_term_string}\"},\"query-input\":{\"@type\":\"PropertyValueSpecification\",\"valueRequired\":true,\"valueName\":\"search_term_string\"}}],\"inLanguage\":\"hr\"},{\"@type\":\"Organization\",\"@id\":\"https:\/\/svetslik.si\/hr\/#organization\",\"name\":\"SvetSlik.si\",\"url\":\"https:\/\/svetslik.si\/hr\/\",\"logo\":{\"@type\":\"ImageObject\",\"inLanguage\":\"hr\",\"@id\":\"https:\/\/svetslik.si\/hr\/#\/schema\/logo\/image\/\",\"url\":\"https:\/\/svetslik.si\/wp-content\/uploads\/2020\/12\/logo-512.png\",\"contentUrl\":\"https:\/\/svetslik.si\/wp-content\/uploads\/2020\/12\/logo-512.png\",\"width\":512,\"height\":512,\"caption\":\"SvetSlik.si\"},\"image\":{\"@id\":\"https:\/\/svetslik.si\/hr\/#\/schema\/logo\/image\/\"},\"sameAs\":[\"https:\/\/www.facebook.com\/svetslik.si\",\"https:\/\/x.com\/svetslik\",\"https:\/\/www.instagram.com\/svetslik.si\/\",\"https:\/\/www.linkedin.com\/company\/svetslik-si\"]}]}<\/script>\n<meta property=\"og:availability\" content=\"instock\" \/>\n<meta property=\"product:availability\" content=\"instock\" \/>\n<meta property=\"product:retailer_item_id\" content=\"1049__\" \/>\n<meta property=\"product:condition\" content=\"new\" \/>\n<!-- \/ Yoast SEO Premium plugin. -->","yoast_head_json":{"title":"Vjerske slike - Brezjanska Marija - SVETSLIK.SI - 100% ru\u010dno naslikano","description":"Vjerske slike - Brezjanska Marija - 100% ru\u010dno naslikana umjetni\u010dka slika na platnu. Uokvirivanje slika, prodaja i izrada slika po narud\u017ebi.","robots":{"index":"index","follow":"follow","max-snippet":"max-snippet:-1","max-image-preview":"max-image-preview:large","max-video-preview":"max-video-preview:-1"},"canonical":"https:\/\/svetslik.si\/hr\/religiozne-slike\/vjerske-slike-brezjanska-marija\/","og_locale":"hr_HR","og_type":"article","og_title":"Vjerske slike - Brezjanska Marija","og_description":"100% ro\u010dno naslikane slike na platnu, reprodukcije znanih slikarjev in umetni\u0161ke slike po naro\u010dilu.","og_url":"https:\/\/svetslik.si\/hr\/religiozne-slike\/vjerske-slike-brezjanska-marija\/","og_site_name":"SVETSLIK.SI","article_publisher":"https:\/\/www.facebook.com\/svetslik.si","article_modified_time":"2026-03-22T14:02:55+00:00","og_image":[{"width":1592,"height":2042,"url":"https:\/\/svetslik.si\/wp-content\/uploads\/2021\/08\/image_Brezjanska-Marija-Umetniska-slika_680.jpg","type":"image\/jpeg"}],"twitter_card":"summary_large_image","twitter_site":"@svetslik","twitter_misc":{"Availability":"Na zalihi"},"schema":{"@context":"https:\/\/schema.org","@graph":[{"@type":["WebPage","ItemPage"],"@id":"https:\/\/svetslik.si\/hr\/religiozne-slike\/vjerske-slike-brezjanska-marija\/","url":"https:\/\/svetslik.si\/hr\/religiozne-slike\/vjerske-slike-brezjanska-marija\/","name":"Vjerske slike - Brezjanska Marija - SVETSLIK.SI - 100% ru\u010dno naslikano","isPartOf":{"@id":"https:\/\/svetslik.si\/hr\/#website"},"primaryImageOfPage":{"@id":"https:\/\/svetslik.si\/hr\/religiozne-slike\/vjerske-slike-brezjanska-marija\/#primaryimage"},"image":{"@id":"https:\/\/svetslik.si\/hr\/religiozne-slike\/vjerske-slike-brezjanska-marija\/#primaryimage"},"thumbnailUrl":"https:\/\/svetslik.si\/wp-content\/uploads\/2021\/08\/image_Brezjanska-Marija-Umetniska-slika_680.jpg","datePublished":"2021-09-02T17:16:44+00:00","dateModified":"2026-03-22T14:02:55+00:00","description":"Vjerske slike - Brezjanska Marija - 100% ru\u010dno naslikana umjetni\u010dka slika na platnu. Uokvirivanje slika, prodaja i izrada slika po narud\u017ebi.","breadcrumb":{"@id":"https:\/\/svetslik.si\/hr\/religiozne-slike\/vjerske-slike-brezjanska-marija\/#breadcrumb"},"inLanguage":"hr","potentialAction":[{"@type":"ReadAction","target":["https:\/\/svetslik.si\/hr\/religiozne-slike\/vjerske-slike-brezjanska-marija\/"]}]},{"@type":"ImageObject","inLanguage":"hr","@id":"https:\/\/svetslik.si\/hr\/religiozne-slike\/vjerske-slike-brezjanska-marija\/#primaryimage","url":"https:\/\/svetslik.si\/wp-content\/uploads\/2021\/08\/image_Brezjanska-Marija-Umetniska-slika_680.jpg","contentUrl":"https:\/\/svetslik.si\/wp-content\/uploads\/2021\/08\/image_Brezjanska-Marija-Umetniska-slika_680.jpg","width":1592,"height":2042,"caption":"Brezjanska Marija - Umetni\u010dka slika - slikane zidne slike, ulje na platnu, uljane slike, umjetni\u010dke slike, moderne slike za zid, ambijentalne slike, apstraktne slike, dekorativne slike - slikane zidne slike, ulje na platnu, uljane slike, umjetni\u010dke slike, moderne slike za zid, ambijentalne slike, apstraktne slike, dekorativne slike"},{"@type":"BreadcrumbList","@id":"https:\/\/svetslik.si\/hr\/religiozne-slike\/vjerske-slike-brezjanska-marija\/#breadcrumb","itemListElement":[{"@type":"ListItem","position":1,"name":"Umjetni\u010dke zidne slike na platnu","item":"https:\/\/svetslik.si\/hr\/"},{"@type":"ListItem","position":2,"name":"Prodaja slika","item":"https:\/\/svetslik.si\/prodaja-slik\/"},{"@type":"ListItem","position":3,"name":"Vjerske slike &#8211; Brezjanska Marija"}]},{"@type":"WebSite","@id":"https:\/\/svetslik.si\/hr\/#website","url":"https:\/\/svetslik.si\/hr\/","name":"SVETSLIK.SI","description":"100% ru\u010dno naslikane reprodukcije slika poznatih slikara in umjetni\u010dke zidne slike na platnu.","publisher":{"@id":"https:\/\/svetslik.si\/hr\/#organization"},"potentialAction":[{"@type":"SearchAction","target":{"@type":"EntryPoint","urlTemplate":"https:\/\/svetslik.si\/hr\/?s={search_term_string}"},"query-input":{"@type":"PropertyValueSpecification","valueRequired":true,"valueName":"search_term_string"}}],"inLanguage":"hr"},{"@type":"Organization","@id":"https:\/\/svetslik.si\/hr\/#organization","name":"SvetSlik.si","url":"https:\/\/svetslik.si\/hr\/","logo":{"@type":"ImageObject","inLanguage":"hr","@id":"https:\/\/svetslik.si\/hr\/#\/schema\/logo\/image\/","url":"https:\/\/svetslik.si\/wp-content\/uploads\/2020\/12\/logo-512.png","contentUrl":"https:\/\/svetslik.si\/wp-content\/uploads\/2020\/12\/logo-512.png","width":512,"height":512,"caption":"SvetSlik.si"},"image":{"@id":"https:\/\/svetslik.si\/hr\/#\/schema\/logo\/image\/"},"sameAs":["https:\/\/www.facebook.com\/svetslik.si","https:\/\/x.com\/svetslik","https:\/\/www.instagram.com\/svetslik.si\/","https:\/\/www.linkedin.com\/company\/svetslik-si"]}]},"og_availability":"instock","product_availability":"instock","product_retailer_item_id":"1049__","product_condition":"new"},"jetpack_sharing_enabled":true,"_links":{"self":[{"href":"https:\/\/svetslik.si\/hr\/wp-json\/wp\/v2\/product\/33984","targetHints":{"allow":["GET"]}}],"collection":[{"href":"https:\/\/svetslik.si\/hr\/wp-json\/wp\/v2\/product"}],"about":[{"href":"https:\/\/svetslik.si\/hr\/wp-json\/wp\/v2\/types\/product"}],"wp:featuredmedia":[{"embeddable":true,"href":"https:\/\/svetslik.si\/hr\/wp-json\/wp\/v2\/media\/20080"}],"wp:attachment":[{"href":"https:\/\/svetslik.si\/hr\/wp-json\/wp\/v2\/media?parent=33984"}],"wp:term":[{"taxonomy":"product_brand","embeddable":true,"href":"https:\/\/svetslik.si\/hr\/wp-json\/wp\/v2\/product_brand?post=33984"},{"taxonomy":"product_cat","embeddable":true,"href":"https:\/\/svetslik.si\/hr\/wp-json\/wp\/v2\/product_cat?post=33984"},{"taxonomy":"product_tag","embeddable":true,"href":"https:\/\/svetslik.si\/hr\/wp-json\/wp\/v2\/product_tag?post=33984"}],"curies":[{"name":"wp","href":"https:\/\/api.w.org\/{rel}","templated":true}]}}