{"id":5018,"date":"2021-09-02T17:47:28","date_gmt":"2021-09-02T15:47:28","guid":{"rendered":"https:\/\/svetslik.erzo.eu\/product\/cvetoca-jablana\/"},"modified":"2026-03-22T19:39:47","modified_gmt":"2026-03-22T18:39:47","slug":"cvetoca-jablana","status":"publish","type":"product","link":"https:\/\/svetslik.si\/hr\/ig1-hr\/cvetoca-jablana\/","title":{"rendered":"Cveto\u010da jablana"},"content":{"rendered":"<p>\n&nbsp;<\/p>\n<table border=\"0\" cellpadding=\"0\" cellspacing=\"0\" style=\"width: 673px\" width=\"673\" x_str=\"\">\n<tbody>\n<tr height=\"21\">\n<td height=\"21\" style=\"width: 180px; height: 21px\">\nLeto nastanka:<\/td>\n<td style=\"width: 493px\" x_num=\"\">\n1907<\/td>\n<\/tr>\n<tr height=\"21\">\n<td height=\"21\" style=\"width: 180px; height: 21px\">\nOriginalna velikost:<\/td>\n<td style=\"width: 493px\">\n69 cm x 100 cm<\/td>\n<\/tr>\n<tr height=\"21\">\n<td height=\"21\" style=\"width: 180px; height: 21px\">\nSlikarski slog:<\/td>\n<td style=\"width: 493px\">\nSlovenska moderna<\/td>\n<\/tr>\n<tr height=\"21\">\n<td height=\"21\" style=\"width: 180px; height: 21px\">\nOriginalna tehnika:<\/td>\n<td>\nOlje na platnu<\/td>\n<\/tr>\n<tr height=\"21\">\n<td height=\"21\" style=\"width: 180px; height: 21px\">\nNahaja se:<\/td>\n<td>\nNarodna galerija Ljubljana<\/td>\n<\/tr>\n<\/tbody>\n<colgroup>\n<col \/>\n<col \/>\n<\/colgroup>\n<\/table>\n<p>\nPo Jakopi\u010devem odhodu iz \u0160kofje Loke leta 1906 se na Groharjevih slikah spet okrepi simbolisti\u010dna nota. Slikar se ponovno osredoto\u010di na slikanje figur, kompozicijo svojih olj na platnu pa osredi\u0161\u010di ob navpi\u010dni osi, zaradi \u010desar se zdi, da naslikani predmeti, kot sta tudi cerkev in jablana na sliki <em>Cveto\u010da jablana<\/em>, zadihajo kot \u017eivi organizmi.<\/p>\n","protected":false},"excerpt":{"rendered":"<p>&nbsp; Leto nastanka: 1907 Originalna velikost: 69 cm x 100 cm Slikarski slog: Slovenska moderna Originalna tehnika: Olje na platnu Nahaja se: Narodna galerija Ljubljana Po Jakopi\u010devem odhodu iz \u0160kofje Loke leta 1906 se na Groharjevih slikah spet okrepi simbolisti\u010dna nota. Slikar se ponovno osredoto\u010di na slikanje figur, kompozicijo svojih [&hellip;]<\/p>\n","protected":false},"featured_media":3558,"template":"","meta":{"_acf_changed":false},"product_brand":[],"product_cat":[165],"product_tag":[],"class_list":{"0":"post-5018","1":"product","2":"type-product","3":"status-publish","4":"has-post-thumbnail","6":"product_cat-ig1","7":"pa_dimenzija-110-x-160-cm","8":"pa_dimenzija-130-x-190-cm","9":"pa_dimenzija-40-x-60-cm","10":"pa_dimenzija-50-x-70-cm","11":"pa_dimenzija-60-x-80-cm","12":"pa_dimenzija-69-x-100-cm","13":"pa_dimenzija-80-x-120-cm","14":"pa_dimenzija-90-x-130-cm","15":"pa_oblika-pokoncna","16":"pa_okvir-brez-okvirja","17":"pa_podokvir-da","18":"pa_podokvir-ne","20":"first","21":"onbackorder","22":"purchasable","23":"product-type-variable","24":"has-default-attributes"},"acf":[],"yoast_head":"<!-- This site is optimized with the Yoast SEO Premium plugin v26.0 (Yoast SEO v27.2) - https:\/\/yoast.com\/product\/yoast-seo-premium-wordpress\/ -->\n<title>Cveto\u010da jablana - SVETSLIK.SI<\/title>\n<meta name=\"description\" content=\"Cveto\u010da jablana ru\u010dno naslikana reprodukcija umjetni\u010dke slike slikara ig1. Zidne slike na platnu, moderne slike, abstraktne slike in umjetni\u010dke slike po narud\u017ebi.\" \/>\n<meta name=\"robots\" content=\"index, follow, max-snippet:-1, max-image-preview:large, max-video-preview:-1\" \/>\n<link rel=\"canonical\" href=\"https:\/\/svetslik.si\/hr\/ig1-hr\/cvetoca-jablana\/\" \/>\n<meta property=\"og:locale\" content=\"hr_HR\" \/>\n<meta property=\"og:type\" content=\"article\" \/>\n<meta property=\"og:title\" content=\"Cveto\u010da jablana\" \/>\n<meta property=\"og:description\" content=\"100% ro\u010dno naslikane slike na platnu, reprodukcije znanih slikarjev in umetni\u0161ke slike po naro\u010dilu.\" \/>\n<meta property=\"og:url\" content=\"https:\/\/svetslik.si\/hr\/ig1-hr\/cvetoca-jablana\/\" \/>\n<meta property=\"og:site_name\" content=\"SVETSLIK.SI\" \/>\n<meta property=\"article:publisher\" content=\"https:\/\/www.facebook.com\/svetslik.si\" \/>\n<meta property=\"article:modified_time\" content=\"2026-03-22T18:39:47+00:00\" \/>\n<meta property=\"og:image\" content=\"https:\/\/svetslik.si\/wp-content\/uploads\/2021\/08\/image_Umetniska-slika-Ivan-Grohar-Cvetoca-jablana_680.jpg\" \/>\n\t<meta property=\"og:image:width\" content=\"1108\" \/>\n\t<meta property=\"og:image:height\" content=\"1600\" \/>\n\t<meta property=\"og:image:type\" content=\"image\/jpeg\" \/>\n<meta name=\"twitter:card\" content=\"summary_large_image\" \/>\n<meta name=\"twitter:site\" content=\"@svetslik\" \/>\n<meta name=\"twitter:label1\" content=\"Availability\" \/>\n\t<meta name=\"twitter:data1\" content=\"On backorder\" \/>\n<script type=\"application\/ld+json\" class=\"yoast-schema-graph\">{\"@context\":\"https:\/\/schema.org\",\"@graph\":[{\"@type\":[\"WebPage\",\"ItemPage\"],\"@id\":\"https:\/\/svetslik.si\/hr\/ig1-hr\/cvetoca-jablana\/\",\"url\":\"https:\/\/svetslik.si\/hr\/ig1-hr\/cvetoca-jablana\/\",\"name\":\"Cveto\u010da jablana - SVETSLIK.SI\",\"isPartOf\":{\"@id\":\"https:\/\/svetslik.si\/hr\/#website\"},\"primaryImageOfPage\":{\"@id\":\"https:\/\/svetslik.si\/hr\/ig1-hr\/cvetoca-jablana\/#primaryimage\"},\"image\":{\"@id\":\"https:\/\/svetslik.si\/hr\/ig1-hr\/cvetoca-jablana\/#primaryimage\"},\"thumbnailUrl\":\"https:\/\/svetslik.si\/wp-content\/uploads\/2021\/08\/image_Umetniska-slika-Ivan-Grohar-Cvetoca-jablana_680.jpg\",\"datePublished\":\"2021-09-02T15:47:28+00:00\",\"dateModified\":\"2026-03-22T18:39:47+00:00\",\"description\":\"Cveto\u010da jablana ru\u010dno naslikana reprodukcija umjetni\u010dke slike slikara ig1. Zidne slike na platnu, moderne slike, abstraktne slike in umjetni\u010dke slike po narud\u017ebi.\",\"breadcrumb\":{\"@id\":\"https:\/\/svetslik.si\/hr\/ig1-hr\/cvetoca-jablana\/#breadcrumb\"},\"inLanguage\":\"hr\",\"potentialAction\":[{\"@type\":\"ReadAction\",\"target\":[\"https:\/\/svetslik.si\/hr\/ig1-hr\/cvetoca-jablana\/\"]}]},{\"@type\":\"ImageObject\",\"inLanguage\":\"hr\",\"@id\":\"https:\/\/svetslik.si\/hr\/ig1-hr\/cvetoca-jablana\/#primaryimage\",\"url\":\"https:\/\/svetslik.si\/wp-content\/uploads\/2021\/08\/image_Umetniska-slika-Ivan-Grohar-Cvetoca-jablana_680.jpg\",\"contentUrl\":\"https:\/\/svetslik.si\/wp-content\/uploads\/2021\/08\/image_Umetniska-slika-Ivan-Grohar-Cvetoca-jablana_680.jpg\",\"width\":1108,\"height\":1600,\"caption\":\"4 T\"},{\"@type\":\"BreadcrumbList\",\"@id\":\"https:\/\/svetslik.si\/hr\/ig1-hr\/cvetoca-jablana\/#breadcrumb\",\"itemListElement\":[{\"@type\":\"ListItem\",\"position\":1,\"name\":\"Umjetni\u010dke zidne slike na platnu\",\"item\":\"https:\/\/svetslik.si\/hr\/\"},{\"@type\":\"ListItem\",\"position\":2,\"name\":\"Prodaja slika\",\"item\":\"https:\/\/svetslik.si\/prodaja-slik\/\"},{\"@type\":\"ListItem\",\"position\":3,\"name\":\"Cveto\u010da jablana\"}]},{\"@type\":\"WebSite\",\"@id\":\"https:\/\/svetslik.si\/hr\/#website\",\"url\":\"https:\/\/svetslik.si\/hr\/\",\"name\":\"SVETSLIK.SI\",\"description\":\"100% ru\u010dno naslikane reprodukcije slika poznatih slikara in umjetni\u010dke zidne slike na platnu.\",\"publisher\":{\"@id\":\"https:\/\/svetslik.si\/hr\/#organization\"},\"potentialAction\":[{\"@type\":\"SearchAction\",\"target\":{\"@type\":\"EntryPoint\",\"urlTemplate\":\"https:\/\/svetslik.si\/hr\/?s={search_term_string}\"},\"query-input\":{\"@type\":\"PropertyValueSpecification\",\"valueRequired\":true,\"valueName\":\"search_term_string\"}}],\"inLanguage\":\"hr\"},{\"@type\":\"Organization\",\"@id\":\"https:\/\/svetslik.si\/hr\/#organization\",\"name\":\"SvetSlik.si\",\"url\":\"https:\/\/svetslik.si\/hr\/\",\"logo\":{\"@type\":\"ImageObject\",\"inLanguage\":\"hr\",\"@id\":\"https:\/\/svetslik.si\/hr\/#\/schema\/logo\/image\/\",\"url\":\"https:\/\/svetslik.si\/wp-content\/uploads\/2020\/12\/logo-512.png\",\"contentUrl\":\"https:\/\/svetslik.si\/wp-content\/uploads\/2020\/12\/logo-512.png\",\"width\":512,\"height\":512,\"caption\":\"SvetSlik.si\"},\"image\":{\"@id\":\"https:\/\/svetslik.si\/hr\/#\/schema\/logo\/image\/\"},\"sameAs\":[\"https:\/\/www.facebook.com\/svetslik.si\",\"https:\/\/x.com\/svetslik\",\"https:\/\/www.instagram.com\/svetslik.si\/\",\"https:\/\/www.linkedin.com\/company\/svetslik-si\"]}]}<\/script>\n<meta property=\"og:availability\" content=\"backorder\" \/>\n<meta property=\"product:availability\" content=\"available for order\" \/>\n<meta property=\"product:retailer_item_id\" content=\"171__\" \/>\n<meta property=\"product:condition\" content=\"new\" \/>\n<!-- \/ Yoast SEO Premium plugin. -->","yoast_head_json":{"title":"Cveto\u010da jablana - SVETSLIK.SI","description":"Cveto\u010da jablana ru\u010dno naslikana reprodukcija umjetni\u010dke slike slikara ig1. Zidne slike na platnu, moderne slike, abstraktne slike in umjetni\u010dke slike po narud\u017ebi.","robots":{"index":"index","follow":"follow","max-snippet":"max-snippet:-1","max-image-preview":"max-image-preview:large","max-video-preview":"max-video-preview:-1"},"canonical":"https:\/\/svetslik.si\/hr\/ig1-hr\/cvetoca-jablana\/","og_locale":"hr_HR","og_type":"article","og_title":"Cveto\u010da jablana","og_description":"100% ro\u010dno naslikane slike na platnu, reprodukcije znanih slikarjev in umetni\u0161ke slike po naro\u010dilu.","og_url":"https:\/\/svetslik.si\/hr\/ig1-hr\/cvetoca-jablana\/","og_site_name":"SVETSLIK.SI","article_publisher":"https:\/\/www.facebook.com\/svetslik.si","article_modified_time":"2026-03-22T18:39:47+00:00","og_image":[{"width":1108,"height":1600,"url":"https:\/\/svetslik.si\/wp-content\/uploads\/2021\/08\/image_Umetniska-slika-Ivan-Grohar-Cvetoca-jablana_680.jpg","type":"image\/jpeg"}],"twitter_card":"summary_large_image","twitter_site":"@svetslik","twitter_misc":{"Availability":"On backorder"},"schema":{"@context":"https:\/\/schema.org","@graph":[{"@type":["WebPage","ItemPage"],"@id":"https:\/\/svetslik.si\/hr\/ig1-hr\/cvetoca-jablana\/","url":"https:\/\/svetslik.si\/hr\/ig1-hr\/cvetoca-jablana\/","name":"Cveto\u010da jablana - SVETSLIK.SI","isPartOf":{"@id":"https:\/\/svetslik.si\/hr\/#website"},"primaryImageOfPage":{"@id":"https:\/\/svetslik.si\/hr\/ig1-hr\/cvetoca-jablana\/#primaryimage"},"image":{"@id":"https:\/\/svetslik.si\/hr\/ig1-hr\/cvetoca-jablana\/#primaryimage"},"thumbnailUrl":"https:\/\/svetslik.si\/wp-content\/uploads\/2021\/08\/image_Umetniska-slika-Ivan-Grohar-Cvetoca-jablana_680.jpg","datePublished":"2021-09-02T15:47:28+00:00","dateModified":"2026-03-22T18:39:47+00:00","description":"Cveto\u010da jablana ru\u010dno naslikana reprodukcija umjetni\u010dke slike slikara ig1. Zidne slike na platnu, moderne slike, abstraktne slike in umjetni\u010dke slike po narud\u017ebi.","breadcrumb":{"@id":"https:\/\/svetslik.si\/hr\/ig1-hr\/cvetoca-jablana\/#breadcrumb"},"inLanguage":"hr","potentialAction":[{"@type":"ReadAction","target":["https:\/\/svetslik.si\/hr\/ig1-hr\/cvetoca-jablana\/"]}]},{"@type":"ImageObject","inLanguage":"hr","@id":"https:\/\/svetslik.si\/hr\/ig1-hr\/cvetoca-jablana\/#primaryimage","url":"https:\/\/svetslik.si\/wp-content\/uploads\/2021\/08\/image_Umetniska-slika-Ivan-Grohar-Cvetoca-jablana_680.jpg","contentUrl":"https:\/\/svetslik.si\/wp-content\/uploads\/2021\/08\/image_Umetniska-slika-Ivan-Grohar-Cvetoca-jablana_680.jpg","width":1108,"height":1600,"caption":"4 T"},{"@type":"BreadcrumbList","@id":"https:\/\/svetslik.si\/hr\/ig1-hr\/cvetoca-jablana\/#breadcrumb","itemListElement":[{"@type":"ListItem","position":1,"name":"Umjetni\u010dke zidne slike na platnu","item":"https:\/\/svetslik.si\/hr\/"},{"@type":"ListItem","position":2,"name":"Prodaja slika","item":"https:\/\/svetslik.si\/prodaja-slik\/"},{"@type":"ListItem","position":3,"name":"Cveto\u010da jablana"}]},{"@type":"WebSite","@id":"https:\/\/svetslik.si\/hr\/#website","url":"https:\/\/svetslik.si\/hr\/","name":"SVETSLIK.SI","description":"100% ru\u010dno naslikane reprodukcije slika poznatih slikara in umjetni\u010dke zidne slike na platnu.","publisher":{"@id":"https:\/\/svetslik.si\/hr\/#organization"},"potentialAction":[{"@type":"SearchAction","target":{"@type":"EntryPoint","urlTemplate":"https:\/\/svetslik.si\/hr\/?s={search_term_string}"},"query-input":{"@type":"PropertyValueSpecification","valueRequired":true,"valueName":"search_term_string"}}],"inLanguage":"hr"},{"@type":"Organization","@id":"https:\/\/svetslik.si\/hr\/#organization","name":"SvetSlik.si","url":"https:\/\/svetslik.si\/hr\/","logo":{"@type":"ImageObject","inLanguage":"hr","@id":"https:\/\/svetslik.si\/hr\/#\/schema\/logo\/image\/","url":"https:\/\/svetslik.si\/wp-content\/uploads\/2020\/12\/logo-512.png","contentUrl":"https:\/\/svetslik.si\/wp-content\/uploads\/2020\/12\/logo-512.png","width":512,"height":512,"caption":"SvetSlik.si"},"image":{"@id":"https:\/\/svetslik.si\/hr\/#\/schema\/logo\/image\/"},"sameAs":["https:\/\/www.facebook.com\/svetslik.si","https:\/\/x.com\/svetslik","https:\/\/www.instagram.com\/svetslik.si\/","https:\/\/www.linkedin.com\/company\/svetslik-si"]}]},"og_availability":"backorder","product_availability":"available for order","product_retailer_item_id":"171__","product_condition":"new"},"jetpack_sharing_enabled":true,"_links":{"self":[{"href":"https:\/\/svetslik.si\/hr\/wp-json\/wp\/v2\/product\/5018","targetHints":{"allow":["GET"]}}],"collection":[{"href":"https:\/\/svetslik.si\/hr\/wp-json\/wp\/v2\/product"}],"about":[{"href":"https:\/\/svetslik.si\/hr\/wp-json\/wp\/v2\/types\/product"}],"wp:featuredmedia":[{"embeddable":true,"href":"https:\/\/svetslik.si\/hr\/wp-json\/wp\/v2\/media\/3558"}],"wp:attachment":[{"href":"https:\/\/svetslik.si\/hr\/wp-json\/wp\/v2\/media?parent=5018"}],"wp:term":[{"taxonomy":"product_brand","embeddable":true,"href":"https:\/\/svetslik.si\/hr\/wp-json\/wp\/v2\/product_brand?post=5018"},{"taxonomy":"product_cat","embeddable":true,"href":"https:\/\/svetslik.si\/hr\/wp-json\/wp\/v2\/product_cat?post=5018"},{"taxonomy":"product_tag","embeddable":true,"href":"https:\/\/svetslik.si\/hr\/wp-json\/wp\/v2\/product_tag?post=5018"}],"curies":[{"name":"wp","href":"https:\/\/api.w.org\/{rel}","templated":true}]}}