{"id":62872,"date":"2022-08-23T12:09:25","date_gmt":"2022-08-23T10:09:25","guid":{"rendered":"https:\/\/svetslik.si\/?post_type=product&#038;p=62872"},"modified":"2026-03-22T15:03:43","modified_gmt":"2026-03-22T14:03:43","slug":"vrijednosni-bon","status":"publish","type":"product","link":"https:\/\/svetslik.si\/hr\/poklon-bon\/vrijednosni-bon\/","title":{"rendered":"VRIJEDNOSNI BON"},"content":{"rendered":"<div class=\"wpb-content-wrapper\">[vc_row][vc_column][vc_column_text]\n<h3>DAROVNI BON I VRIJEDNOSNI BON<\/h3>\n<p>Nudimo vam mogu\u0107nost izrade DVJE vrste bonova:<\/p>\n<h4>VRIJEDNOSNI BON ZA KUPNJU UMJETNI\u010cKE SLIKE<\/h4>\n<p>Ako \u017eelite prepustiti odabir slike primatelju, poklonite <strong>VRIJEDNOSNI BON ZA SLIKU<\/strong>, koji sadr\u017ei <em><strong>\u017eeljeni iznos<\/strong> <\/em>i <strong><em>bon s kodom vrijednosti<\/em><\/strong>.<br \/>\nVrijednosni bon naru\u010dite na ovoj web stranici. Odaberite vrijednost bona i zavr\u0161ite narud\u017ebu. Ako \u017eelite dodatnu posvetu na stra\u017enjoj strani, napi\u0161ite svoju posvetu u komentaru pri zavr\u0161etku narud\u017ebe. Bon \u0107e vam biti poslan po\u0161tom u koverti.<\/p>\n<p>Bon \u0107e izgledati ovako:[\/vc_column_text][\/vc_column][\/vc_row][vc_row][vc_column]\t<div id=\"et-image-slider-692\" class=\"et-image-slider slick slick-slider slick-dotted slick-dots-centered centered   \" data-adaptive-height=\"false\" variable-width=\"true\" data-pagination=\"true\" data-navigation=\"true\" data-center=\"\" data-fade=\"\" data-columns=\"1\" data-infinite=\"false\" data-autoplay=\"true\" data-autoplay-speed=\"\" data-pause=\"true\">\n\t\t\n\t\t\t\t\t<div class=\"gallery-item\">\n\t\t\t\t\t\t\t\t\t\t\t\t\t<div class=\"et-image-inner\">\n\t\t\t\t\t\t\t\t<div class=\"et_image_slider-wrapper\"><img decoding=\"async\" width=\"1240\" height=\"585\" src=\"https:\/\/svetslik.si\/wp-content\/uploads\/2023\/06\/vrijednosni-kod2.jpg\" class=\"et_image_slider-img attachment-full\" alt=\"poklon bon za umjetni\u010dku sliku\" title=\"poklon bon za umjetni\u010dku sliku\" srcset=\"https:\/\/svetslik.si\/wp-content\/uploads\/2023\/06\/vrijednosni-kod2.jpg 1240w, https:\/\/svetslik.si\/wp-content\/uploads\/2023\/06\/vrijednosni-kod2-600x283.jpg 600w, https:\/\/svetslik.si\/wp-content\/uploads\/2023\/06\/vrijednosni-kod2-1200x566.jpg 1200w, https:\/\/svetslik.si\/wp-content\/uploads\/2023\/06\/vrijednosni-kod2-300x142.jpg 300w, https:\/\/svetslik.si\/wp-content\/uploads\/2023\/06\/vrijednosni-kod2-1024x483.jpg 1024w, https:\/\/svetslik.si\/wp-content\/uploads\/2023\/06\/vrijednosni-kod2-768x362.jpg 768w, https:\/\/svetslik.si\/wp-content\/uploads\/2023\/06\/vrijednosni-kod2-150x71.jpg 150w\" sizes=\"(max-width: 1240px) 100vw, 1240px\" \/><\/div>\t\t\t\t\t\t\t\t\t\t\t\t\t\t\t\t\t\t\t\t\t\t\t<\/div>\n\t\t\t\t\t\t\t\t\t\t\t<\/div>\n\t\t\t\t\n\t\t\t\t\n\t\t\t\t\t<div class=\"gallery-item\">\n\t\t\t\t\t\t\t\t\t\t\t\t\t<div class=\"et-image-inner\">\n\t\t\t\t\t\t\t\t<div class=\"et_image_slider-wrapper\"><img decoding=\"async\" width=\"1240\" height=\"585\" src=\"https:\/\/svetslik.si\/wp-content\/uploads\/2023\/06\/BUONO-VALORE-2.jpg\" class=\"et_image_slider-img attachment-full\" alt=\"poklon bon za umjetni\u010dku sliku\" title=\"poklon bon za umjetni\u010dku sliku\" srcset=\"https:\/\/svetslik.si\/wp-content\/uploads\/2023\/06\/BUONO-VALORE-2.jpg 1240w, https:\/\/svetslik.si\/wp-content\/uploads\/2023\/06\/BUONO-VALORE-2-600x283.jpg 600w, https:\/\/svetslik.si\/wp-content\/uploads\/2023\/06\/BUONO-VALORE-2-1200x566.jpg 1200w, https:\/\/svetslik.si\/wp-content\/uploads\/2023\/06\/BUONO-VALORE-2-300x142.jpg 300w, https:\/\/svetslik.si\/wp-content\/uploads\/2023\/06\/BUONO-VALORE-2-1024x483.jpg 1024w, https:\/\/svetslik.si\/wp-content\/uploads\/2023\/06\/BUONO-VALORE-2-768x362.jpg 768w, https:\/\/svetslik.si\/wp-content\/uploads\/2023\/06\/BUONO-VALORE-2-150x71.jpg 150w\" sizes=\"(max-width: 1240px) 100vw, 1240px\" \/><\/div>\t\t\t\t\t\t\t\t\t\t\t\t\t\t\t\t\t\t\t\t\t\t\t<\/div>\n\t\t\t\t\t\t\t\t\t\t\t<\/div>\n\t\t\t\t\n\t\t\t\t\t<\/div>\n\t[\/vc_column][\/vc_row][vc_row][vc_column][vc_column_text]\n<h4>DAROVNI BON ZA UMJETNI\u010cKU SLIKU<\/h4>\n<p>\u017delite pokloniti sliku, ali isporuka slike nije mogu\u0107a do datuma ro\u0111endana? Imamo rje\u0161enje&#8230;<br \/>\nTiskamo i \u0161aljemo vam <strong>jedinstveni DAROVNI BON<\/strong>, koji mo\u017ee sadr\u017eavati osobnu <strong><em>posvetu<\/em><\/strong> i <strong><em>fotografiju naru\u010dene slike<\/em><\/strong>.<\/p>\n<p><strong>Poklonite darovni bon primatelju, a slika \u0107e biti dostavljena kada bude zavr\u0161ena.<\/strong><\/p>\n<p>Za izradu ovog bona kontaktirajte nas na info@svetslik.si ili nazovite +386 51 675 637 i javite nam:<\/p>\n<ol>\n<li>koju sliku \u017eelite pokloniti (mo\u017eemo naslikati i slike koje nisu u na\u0161oj ponudi)<\/li>\n<li>dimenziju naru\u010dene slike<\/li>\n<li>eventualni okvir (primatelj ga mo\u017ee odabrati kasnije, o \u010demu \u0107emo ga obavijestiti kada je slika gotova)<\/li>\n<li>tekst za posvetu<\/li>\n<li>adresu za dostavu darovnog bona<\/li>\n<li>adresu primatelja za dostavu slike<\/li>\n<li>kontakt primatelja za eventualni dogovor o odabiru okvira<\/li>\n<\/ol>\n<p>Odgovorom \u0107ete dobiti ponudu za sliku. Personalizirani darovni bon bit \u0107e vam poslan po\u0161tom u koverti, a slika \u0107e biti poslana primatelju kada bude naslikana i okvirjena.<br \/>\nPla\u0107anje mo\u017eete izvr\u0161iti unaprijed putem predra\u010duna ili vam zavr\u0161ni iznos za pla\u0107anje mo\u017eemo poslati prije dostave slike.<\/p>\n<p>Bon \u0107e izgledati ovako:[\/vc_column_text][\/vc_column][\/vc_row][vc_row][vc_column]\t<div id=\"et-image-slider-515\" class=\"et-image-slider slick slick-slider slick-dotted slick-dots-centered centered   \" data-adaptive-height=\"false\" variable-width=\"true\" data-pagination=\"true\" data-navigation=\"true\" data-center=\"\" data-fade=\"\" data-columns=\"1\" data-infinite=\"false\" data-autoplay=\"true\" data-autoplay-speed=\"\" data-pause=\"true\">\n\t\t\n\t\t\t\t\t<div class=\"gallery-item\">\n\t\t\t\t\t\t\t\t\t\t\t\t\t<div class=\"et-image-inner\">\n\t\t\t\t\t\t\t\t<div class=\"et_image_slider-wrapper\"><img decoding=\"async\" width=\"1240\" height=\"585\" src=\"https:\/\/svetslik.si\/wp-content\/uploads\/2023\/06\/POKLON-BON2.jpg\" class=\"et_image_slider-img attachment-full\" alt=\"poklon bon za umjetni\u010dku sliku\" title=\"poklon bon za umjetni\u010dku sliku\" srcset=\"https:\/\/svetslik.si\/wp-content\/uploads\/2023\/06\/POKLON-BON2.jpg 1240w, https:\/\/svetslik.si\/wp-content\/uploads\/2023\/06\/POKLON-BON2-600x283.jpg 600w, https:\/\/svetslik.si\/wp-content\/uploads\/2023\/06\/POKLON-BON2-1200x566.jpg 1200w, https:\/\/svetslik.si\/wp-content\/uploads\/2023\/06\/POKLON-BON2-300x142.jpg 300w, https:\/\/svetslik.si\/wp-content\/uploads\/2023\/06\/POKLON-BON2-1024x483.jpg 1024w, https:\/\/svetslik.si\/wp-content\/uploads\/2023\/06\/POKLON-BON2-768x362.jpg 768w, https:\/\/svetslik.si\/wp-content\/uploads\/2023\/06\/POKLON-BON2-150x71.jpg 150w\" sizes=\"(max-width: 1240px) 100vw, 1240px\" \/><\/div>\t\t\t\t\t\t\t\t\t\t\t\t\t\t\t\t\t\t\t\t\t\t\t<\/div>\n\t\t\t\t\t\t\t\t\t\t\t<\/div>\n\t\t\t\t\n\t\t\t\t\n\t\t\t\t\t<div class=\"gallery-item\">\n\t\t\t\t\t\t\t\t\t\t\t\t\t<div class=\"et-image-inner\">\n\t\t\t\t\t\t\t\t<div class=\"et_image_slider-wrapper\"><img decoding=\"async\" width=\"1240\" height=\"585\" src=\"https:\/\/svetslik.si\/wp-content\/uploads\/2023\/06\/POKLON-BON.jpg\" class=\"et_image_slider-img attachment-full\" alt=\"poklon bon za umjetni\u010dku sliku\" title=\"poklon bon za umjetni\u010dku sliku\" srcset=\"https:\/\/svetslik.si\/wp-content\/uploads\/2023\/06\/POKLON-BON.jpg 1240w, https:\/\/svetslik.si\/wp-content\/uploads\/2023\/06\/POKLON-BON-600x283.jpg 600w, https:\/\/svetslik.si\/wp-content\/uploads\/2023\/06\/POKLON-BON-1200x566.jpg 1200w, https:\/\/svetslik.si\/wp-content\/uploads\/2023\/06\/POKLON-BON-300x142.jpg 300w, https:\/\/svetslik.si\/wp-content\/uploads\/2023\/06\/POKLON-BON-1024x483.jpg 1024w, https:\/\/svetslik.si\/wp-content\/uploads\/2023\/06\/POKLON-BON-768x362.jpg 768w, https:\/\/svetslik.si\/wp-content\/uploads\/2023\/06\/POKLON-BON-150x71.jpg 150w\" sizes=\"(max-width: 1240px) 100vw, 1240px\" \/><\/div>\t\t\t\t\t\t\t\t\t\t\t\t\t\t\t\t\t\t\t\t\t\t\t<\/div>\n\t\t\t\t\t\t\t\t\t\t\t<\/div>\n\t\t\t\t\n\t\t\t\t\t<\/div>\n\t[\/vc_column][\/vc_row][vc_row][vc_column][\/vc_column][\/vc_row]\n<\/div>","protected":false},"excerpt":{"rendered":"<p>[vc_row][vc_column][vc_column_text] DAROVNI BON I VRIJEDNOSNI BON Nudimo vam mogu\u0107nost izrade DVJE vrste bonova: VRIJEDNOSNI BON ZA KUPNJU UMJETNI\u010cKE SLIKE Ako \u017eelite prepustiti odabir slike primatelju, poklonite VRIJEDNOSNI BON ZA SLIKU, koji sadr\u017ei \u017eeljeni iznos i bon s kodom vrijednosti. Vrijednosni bon naru\u010dite na ovoj web stranici. Odaberite vrijednost bona i [&hellip;]<\/p>\n","protected":false},"featured_media":21593,"template":"","meta":{"_acf_changed":false},"product_brand":[],"product_cat":[3362],"product_tag":[],"class_list":{"0":"post-62872","1":"product","2":"type-product","3":"status-publish","4":"has-post-thumbnail","6":"product_cat-poklon-bon","7":"product_shipping_class-dostava-za-poklon-bon","8":"pa_dimenzija-20-x-25-cm-hr","9":"pa_dimenzija-30-x-40-cm-hr","10":"pa_dimenzija-40-x-60-cm-hr","11":"pa_dimenzija-90-x-120-cm-hr","12":"pa_oblika-horizontalno","14":"first","15":"instock","16":"purchasable","17":"product-type-variable","18":"has-default-attributes"},"acf":[],"yoast_head":"<!-- This site is optimized with the Yoast SEO Premium plugin v26.0 (Yoast SEO v27.2) - https:\/\/yoast.com\/product\/yoast-seo-premium-wordpress\/ -->\n<title>VRIJEDNOSNI BON - SVETSLIK.SI<\/title>\n<meta name=\"description\" content=\"VRIJEDNOSNI BON ru\u010dno naslikana reprodukcija umjetni\u010dke slike slikara Poklon bon. Zidne slike na platnu, moderne slike, abstraktne slike in umjetni\u010dke slike po narud\u017ebi.\" \/>\n<meta name=\"robots\" content=\"index, follow, max-snippet:-1, max-image-preview:large, max-video-preview:-1\" \/>\n<link rel=\"canonical\" href=\"https:\/\/svetslik.si\/hr\/poklon-bon\/vrijednosni-bon\/\" \/>\n<meta property=\"og:locale\" content=\"hr_HR\" \/>\n<meta property=\"og:type\" content=\"article\" \/>\n<meta property=\"og:title\" content=\"VRIJEDNOSNI BON\" \/>\n<meta property=\"og:description\" content=\"100% ro\u010dno naslikane slike na platnu, reprodukcije znanih slikarjev in umetni\u0161ke slike po naro\u010dilu.\" \/>\n<meta property=\"og:url\" content=\"https:\/\/svetslik.si\/hr\/poklon-bon\/vrijednosni-bon\/\" \/>\n<meta property=\"og:site_name\" content=\"SVETSLIK.SI\" \/>\n<meta property=\"article:publisher\" content=\"https:\/\/www.facebook.com\/svetslik.si\" \/>\n<meta property=\"article:modified_time\" content=\"2026-03-22T14:03:43+00:00\" \/>\n<meta property=\"og:image\" content=\"https:\/\/svetslik.si\/wp-content\/uploads\/2023\/06\/vrijednosni-kod2.jpg\" \/>\n\t<meta property=\"og:image:width\" content=\"1240\" \/>\n\t<meta property=\"og:image:height\" content=\"585\" \/>\n\t<meta property=\"og:image:type\" content=\"image\/jpeg\" \/>\n<meta name=\"twitter:card\" content=\"summary_large_image\" \/>\n<meta name=\"twitter:site\" content=\"@svetslik\" \/>\n<meta name=\"twitter:label1\" content=\"Availability\" \/>\n\t<meta name=\"twitter:data1\" content=\"Na zalihi\" \/>\n<script type=\"application\/ld+json\" class=\"yoast-schema-graph\">{\"@context\":\"https:\/\/schema.org\",\"@graph\":[{\"@type\":[\"WebPage\",\"ItemPage\"],\"@id\":\"https:\/\/svetslik.si\/hr\/poklon-bon\/vrijednosni-bon\/\",\"url\":\"https:\/\/svetslik.si\/hr\/poklon-bon\/vrijednosni-bon\/\",\"name\":\"VRIJEDNOSNI BON - SVETSLIK.SI\",\"isPartOf\":{\"@id\":\"https:\/\/svetslik.si\/hr\/#website\"},\"primaryImageOfPage\":{\"@id\":\"https:\/\/svetslik.si\/hr\/poklon-bon\/vrijednosni-bon\/#primaryimage\"},\"image\":{\"@id\":\"https:\/\/svetslik.si\/hr\/poklon-bon\/vrijednosni-bon\/#primaryimage\"},\"thumbnailUrl\":\"https:\/\/svetslik.si\/wp-content\/uploads\/2023\/06\/vrijednosni-kod2.jpg\",\"datePublished\":\"2022-08-23T10:09:25+00:00\",\"dateModified\":\"2026-03-22T14:03:43+00:00\",\"description\":\"VRIJEDNOSNI BON ru\u010dno naslikana reprodukcija umjetni\u010dke slike slikara Poklon bon. Zidne slike na platnu, moderne slike, abstraktne slike in umjetni\u010dke slike po narud\u017ebi.\",\"breadcrumb\":{\"@id\":\"https:\/\/svetslik.si\/hr\/poklon-bon\/vrijednosni-bon\/#breadcrumb\"},\"inLanguage\":\"hr\",\"potentialAction\":[{\"@type\":\"ReadAction\",\"target\":[\"https:\/\/svetslik.si\/hr\/poklon-bon\/vrijednosni-bon\/\"]}]},{\"@type\":\"ImageObject\",\"inLanguage\":\"hr\",\"@id\":\"https:\/\/svetslik.si\/hr\/poklon-bon\/vrijednosni-bon\/#primaryimage\",\"url\":\"https:\/\/svetslik.si\/wp-content\/uploads\/2023\/06\/vrijednosni-kod2.jpg\",\"contentUrl\":\"https:\/\/svetslik.si\/wp-content\/uploads\/2023\/06\/vrijednosni-kod2.jpg\",\"width\":1240,\"height\":585,\"caption\":\"poklon bon za umjetni\u010dku sliku\"},{\"@type\":\"BreadcrumbList\",\"@id\":\"https:\/\/svetslik.si\/hr\/poklon-bon\/vrijednosni-bon\/#breadcrumb\",\"itemListElement\":[{\"@type\":\"ListItem\",\"position\":1,\"name\":\"Umjetni\u010dke zidne slike na platnu\",\"item\":\"https:\/\/svetslik.si\/hr\/\"},{\"@type\":\"ListItem\",\"position\":2,\"name\":\"Prodaja slika\",\"item\":\"https:\/\/svetslik.si\/prodaja-slik\/\"},{\"@type\":\"ListItem\",\"position\":3,\"name\":\"VRIJEDNOSNI BON\"}]},{\"@type\":\"WebSite\",\"@id\":\"https:\/\/svetslik.si\/hr\/#website\",\"url\":\"https:\/\/svetslik.si\/hr\/\",\"name\":\"SVETSLIK.SI\",\"description\":\"100% ru\u010dno naslikane reprodukcije slika poznatih slikara in umjetni\u010dke zidne slike na platnu.\",\"publisher\":{\"@id\":\"https:\/\/svetslik.si\/hr\/#organization\"},\"potentialAction\":[{\"@type\":\"SearchAction\",\"target\":{\"@type\":\"EntryPoint\",\"urlTemplate\":\"https:\/\/svetslik.si\/hr\/?s={search_term_string}\"},\"query-input\":{\"@type\":\"PropertyValueSpecification\",\"valueRequired\":true,\"valueName\":\"search_term_string\"}}],\"inLanguage\":\"hr\"},{\"@type\":\"Organization\",\"@id\":\"https:\/\/svetslik.si\/hr\/#organization\",\"name\":\"SvetSlik.si\",\"url\":\"https:\/\/svetslik.si\/hr\/\",\"logo\":{\"@type\":\"ImageObject\",\"inLanguage\":\"hr\",\"@id\":\"https:\/\/svetslik.si\/hr\/#\/schema\/logo\/image\/\",\"url\":\"https:\/\/svetslik.si\/wp-content\/uploads\/2020\/12\/logo-512.png\",\"contentUrl\":\"https:\/\/svetslik.si\/wp-content\/uploads\/2020\/12\/logo-512.png\",\"width\":512,\"height\":512,\"caption\":\"SvetSlik.si\"},\"image\":{\"@id\":\"https:\/\/svetslik.si\/hr\/#\/schema\/logo\/image\/\"},\"sameAs\":[\"https:\/\/www.facebook.com\/svetslik.si\",\"https:\/\/x.com\/svetslik\",\"https:\/\/www.instagram.com\/svetslik.si\/\",\"https:\/\/www.linkedin.com\/company\/svetslik-si\"]}]}<\/script>\n<meta property=\"og:availability\" content=\"instock\" \/>\n<meta property=\"product:availability\" content=\"instock\" \/>\n<meta property=\"product:retailer_item_id\" content=\"824__-1\" \/>\n<meta property=\"product:condition\" content=\"new\" \/>\n<!-- \/ Yoast SEO Premium plugin. -->","yoast_head_json":{"title":"VRIJEDNOSNI BON - SVETSLIK.SI","description":"VRIJEDNOSNI BON ru\u010dno naslikana reprodukcija umjetni\u010dke slike slikara Poklon bon. Zidne slike na platnu, moderne slike, abstraktne slike in umjetni\u010dke slike po narud\u017ebi.","robots":{"index":"index","follow":"follow","max-snippet":"max-snippet:-1","max-image-preview":"max-image-preview:large","max-video-preview":"max-video-preview:-1"},"canonical":"https:\/\/svetslik.si\/hr\/poklon-bon\/vrijednosni-bon\/","og_locale":"hr_HR","og_type":"article","og_title":"VRIJEDNOSNI BON","og_description":"100% ro\u010dno naslikane slike na platnu, reprodukcije znanih slikarjev in umetni\u0161ke slike po naro\u010dilu.","og_url":"https:\/\/svetslik.si\/hr\/poklon-bon\/vrijednosni-bon\/","og_site_name":"SVETSLIK.SI","article_publisher":"https:\/\/www.facebook.com\/svetslik.si","article_modified_time":"2026-03-22T14:03:43+00:00","og_image":[{"width":1240,"height":585,"url":"https:\/\/svetslik.si\/wp-content\/uploads\/2023\/06\/vrijednosni-kod2.jpg","type":"image\/jpeg"}],"twitter_card":"summary_large_image","twitter_site":"@svetslik","twitter_misc":{"Availability":"Na zalihi"},"schema":{"@context":"https:\/\/schema.org","@graph":[{"@type":["WebPage","ItemPage"],"@id":"https:\/\/svetslik.si\/hr\/poklon-bon\/vrijednosni-bon\/","url":"https:\/\/svetslik.si\/hr\/poklon-bon\/vrijednosni-bon\/","name":"VRIJEDNOSNI BON - SVETSLIK.SI","isPartOf":{"@id":"https:\/\/svetslik.si\/hr\/#website"},"primaryImageOfPage":{"@id":"https:\/\/svetslik.si\/hr\/poklon-bon\/vrijednosni-bon\/#primaryimage"},"image":{"@id":"https:\/\/svetslik.si\/hr\/poklon-bon\/vrijednosni-bon\/#primaryimage"},"thumbnailUrl":"https:\/\/svetslik.si\/wp-content\/uploads\/2023\/06\/vrijednosni-kod2.jpg","datePublished":"2022-08-23T10:09:25+00:00","dateModified":"2026-03-22T14:03:43+00:00","description":"VRIJEDNOSNI BON ru\u010dno naslikana reprodukcija umjetni\u010dke slike slikara Poklon bon. Zidne slike na platnu, moderne slike, abstraktne slike in umjetni\u010dke slike po narud\u017ebi.","breadcrumb":{"@id":"https:\/\/svetslik.si\/hr\/poklon-bon\/vrijednosni-bon\/#breadcrumb"},"inLanguage":"hr","potentialAction":[{"@type":"ReadAction","target":["https:\/\/svetslik.si\/hr\/poklon-bon\/vrijednosni-bon\/"]}]},{"@type":"ImageObject","inLanguage":"hr","@id":"https:\/\/svetslik.si\/hr\/poklon-bon\/vrijednosni-bon\/#primaryimage","url":"https:\/\/svetslik.si\/wp-content\/uploads\/2023\/06\/vrijednosni-kod2.jpg","contentUrl":"https:\/\/svetslik.si\/wp-content\/uploads\/2023\/06\/vrijednosni-kod2.jpg","width":1240,"height":585,"caption":"poklon bon za umjetni\u010dku sliku"},{"@type":"BreadcrumbList","@id":"https:\/\/svetslik.si\/hr\/poklon-bon\/vrijednosni-bon\/#breadcrumb","itemListElement":[{"@type":"ListItem","position":1,"name":"Umjetni\u010dke zidne slike na platnu","item":"https:\/\/svetslik.si\/hr\/"},{"@type":"ListItem","position":2,"name":"Prodaja slika","item":"https:\/\/svetslik.si\/prodaja-slik\/"},{"@type":"ListItem","position":3,"name":"VRIJEDNOSNI BON"}]},{"@type":"WebSite","@id":"https:\/\/svetslik.si\/hr\/#website","url":"https:\/\/svetslik.si\/hr\/","name":"SVETSLIK.SI","description":"100% ru\u010dno naslikane reprodukcije slika poznatih slikara in umjetni\u010dke zidne slike na platnu.","publisher":{"@id":"https:\/\/svetslik.si\/hr\/#organization"},"potentialAction":[{"@type":"SearchAction","target":{"@type":"EntryPoint","urlTemplate":"https:\/\/svetslik.si\/hr\/?s={search_term_string}"},"query-input":{"@type":"PropertyValueSpecification","valueRequired":true,"valueName":"search_term_string"}}],"inLanguage":"hr"},{"@type":"Organization","@id":"https:\/\/svetslik.si\/hr\/#organization","name":"SvetSlik.si","url":"https:\/\/svetslik.si\/hr\/","logo":{"@type":"ImageObject","inLanguage":"hr","@id":"https:\/\/svetslik.si\/hr\/#\/schema\/logo\/image\/","url":"https:\/\/svetslik.si\/wp-content\/uploads\/2020\/12\/logo-512.png","contentUrl":"https:\/\/svetslik.si\/wp-content\/uploads\/2020\/12\/logo-512.png","width":512,"height":512,"caption":"SvetSlik.si"},"image":{"@id":"https:\/\/svetslik.si\/hr\/#\/schema\/logo\/image\/"},"sameAs":["https:\/\/www.facebook.com\/svetslik.si","https:\/\/x.com\/svetslik","https:\/\/www.instagram.com\/svetslik.si\/","https:\/\/www.linkedin.com\/company\/svetslik-si"]}]},"og_availability":"instock","product_availability":"instock","product_retailer_item_id":"824__-1","product_condition":"new"},"jetpack_sharing_enabled":true,"_links":{"self":[{"href":"https:\/\/svetslik.si\/hr\/wp-json\/wp\/v2\/product\/62872","targetHints":{"allow":["GET"]}}],"collection":[{"href":"https:\/\/svetslik.si\/hr\/wp-json\/wp\/v2\/product"}],"about":[{"href":"https:\/\/svetslik.si\/hr\/wp-json\/wp\/v2\/types\/product"}],"wp:featuredmedia":[{"embeddable":true,"href":"https:\/\/svetslik.si\/hr\/wp-json\/wp\/v2\/media\/21593"}],"wp:attachment":[{"href":"https:\/\/svetslik.si\/hr\/wp-json\/wp\/v2\/media?parent=62872"}],"wp:term":[{"taxonomy":"product_brand","embeddable":true,"href":"https:\/\/svetslik.si\/hr\/wp-json\/wp\/v2\/product_brand?post=62872"},{"taxonomy":"product_cat","embeddable":true,"href":"https:\/\/svetslik.si\/hr\/wp-json\/wp\/v2\/product_cat?post=62872"},{"taxonomy":"product_tag","embeddable":true,"href":"https:\/\/svetslik.si\/hr\/wp-json\/wp\/v2\/product_tag?post=62872"}],"curies":[{"name":"wp","href":"https:\/\/api.w.org\/{rel}","templated":true}]}}