{"id":93750,"date":"2023-08-02T14:32:45","date_gmt":"2023-08-02T12:32:45","guid":{"rendered":"https:\/\/svetslik.si\/?post_type=product&#038;p=93750"},"modified":"2026-03-22T18:24:51","modified_gmt":"2026-03-22T17:24:51","slug":"p165-arg","status":"publish","type":"product","link":"https:\/\/svetslik.si\/hr\/nekategorizirano\/p165-arg\/","title":{"rendered":"P165 arg"},"content":{"rendered":"","protected":false},"excerpt":{"rendered":"","protected":false},"featured_media":93759,"template":"","meta":{"_acf_changed":false},"product_brand":[],"product_cat":[],"product_tag":[3406,11705,11711],"class_list":{"0":"post-93750","1":"product","2":"type-product","3":"status-publish","4":"has-post-thumbnail","6":"product_tag-okvir-za-sliku","7":"product_tag-uokvirivanje-slika","8":"product_tag-okviri-za-slike","10":"first","11":"instock","12":"shipping-taxable","13":"purchasable","14":"product-type-ms3_picture_frame"},"acf":[],"yoast_head":"<!-- This site is optimized with the Yoast SEO Premium plugin v26.0 (Yoast SEO v27.2) - https:\/\/yoast.com\/product\/yoast-seo-premium-wordpress\/ -->\n<title>Okvir za sliko - P165 arg - SVETSLIK.SI<\/title>\n<meta name=\"description\" content=\"Okvirjanje slik in napenjanje umetni\u0161kih slik na kvalitetne pod-okvirje z zati\u010di, ki omogo\u010dajo naknadno nategovanje, ko se platno razpusti.\" \/>\n<meta name=\"robots\" content=\"index, follow, max-snippet:-1, max-image-preview:large, max-video-preview:-1\" \/>\n<link rel=\"canonical\" href=\"https:\/\/svetslik.si\/hr\/nekategorizirano\/p165-arg\/\" \/>\n<meta property=\"og:locale\" content=\"hr_HR\" \/>\n<meta property=\"og:type\" content=\"article\" \/>\n<meta property=\"og:title\" content=\"P165 arg\" \/>\n<meta property=\"og:description\" content=\"100% ro\u010dno naslikane slike na platnu, reprodukcije znanih slikarjev in umetni\u0161ke slike po naro\u010dilu.\" \/>\n<meta property=\"og:url\" content=\"https:\/\/svetslik.si\/hr\/nekategorizirano\/p165-arg\/\" \/>\n<meta property=\"og:site_name\" content=\"SVETSLIK.SI\" \/>\n<meta property=\"article:publisher\" content=\"https:\/\/www.facebook.com\/svetslik.si\" \/>\n<meta property=\"article:modified_time\" content=\"2026-03-22T17:24:51+00:00\" \/>\n<meta property=\"og:image\" content=\"https:\/\/svetslik.si\/wp-content\/uploads\/2023\/08\/okvir-za-sliko-okvirjanje-slik-P165arg.jpg\" \/>\n\t<meta property=\"og:image:width\" content=\"180\" \/>\n\t<meta property=\"og:image:height\" content=\"360\" \/>\n\t<meta property=\"og:image:type\" content=\"image\/jpeg\" \/>\n<meta name=\"twitter:card\" content=\"summary_large_image\" \/>\n<meta name=\"twitter:site\" content=\"@svetslik\" \/>\n<meta name=\"twitter:label1\" content=\"Price\" \/>\n\t<meta name=\"twitter:data1\" content=\"79,63&nbsp;&euro;\" \/>\n\t<meta name=\"twitter:label2\" content=\"Availability\" \/>\n\t<meta name=\"twitter:data2\" content=\"Na zalihi\" \/>\n<script type=\"application\/ld+json\" class=\"yoast-schema-graph\">{\"@context\":\"https:\/\/schema.org\",\"@graph\":[{\"@type\":[\"WebPage\",\"ItemPage\"],\"@id\":\"https:\/\/svetslik.si\/hr\/nekategorizirano\/p165-arg\/\",\"url\":\"https:\/\/svetslik.si\/hr\/nekategorizirano\/p165-arg\/\",\"name\":\"Okvir za sliko - P165 arg - SVETSLIK.SI\",\"isPartOf\":{\"@id\":\"https:\/\/svetslik.si\/hr\/#website\"},\"primaryImageOfPage\":{\"@id\":\"https:\/\/svetslik.si\/hr\/nekategorizirano\/p165-arg\/#primaryimage\"},\"image\":{\"@id\":\"https:\/\/svetslik.si\/hr\/nekategorizirano\/p165-arg\/#primaryimage\"},\"thumbnailUrl\":\"https:\/\/svetslik.si\/wp-content\/uploads\/2023\/08\/okvir-za-sliko-okvirjanje-slik-P165arg.jpg\",\"datePublished\":\"2023-08-02T12:32:45+00:00\",\"dateModified\":\"2026-03-22T17:24:51+00:00\",\"description\":\"Okvirjanje slik in napenjanje umetni\u0161kih slik na kvalitetne pod-okvirje z zati\u010di, ki omogo\u010dajo naknadno nategovanje, ko se platno razpusti.\",\"breadcrumb\":{\"@id\":\"https:\/\/svetslik.si\/hr\/nekategorizirano\/p165-arg\/#breadcrumb\"},\"inLanguage\":\"hr\",\"potentialAction\":[{\"@type\":\"ReadAction\",\"target\":[\"https:\/\/svetslik.si\/hr\/nekategorizirano\/p165-arg\/\"]}]},{\"@type\":\"ImageObject\",\"inLanguage\":\"hr\",\"@id\":\"https:\/\/svetslik.si\/hr\/nekategorizirano\/p165-arg\/#primaryimage\",\"url\":\"https:\/\/svetslik.si\/wp-content\/uploads\/2023\/08\/okvir-za-sliko-okvirjanje-slik-P165arg.jpg\",\"contentUrl\":\"https:\/\/svetslik.si\/wp-content\/uploads\/2023\/08\/okvir-za-sliko-okvirjanje-slik-P165arg.jpg\",\"width\":180,\"height\":360,\"caption\":\"Okvir za slike - uokvirivanje slika - Uramljivanje slika P165arg\"},{\"@type\":\"BreadcrumbList\",\"@id\":\"https:\/\/svetslik.si\/hr\/nekategorizirano\/p165-arg\/#breadcrumb\",\"itemListElement\":[{\"@type\":\"ListItem\",\"position\":1,\"name\":\"Umjetni\u010dke zidne slike na platnu\",\"item\":\"https:\/\/svetslik.si\/hr\/\"},{\"@type\":\"ListItem\",\"position\":2,\"name\":\"Prodaja slika\",\"item\":\"https:\/\/svetslik.si\/prodaja-slik\/\"},{\"@type\":\"ListItem\",\"position\":3,\"name\":\"P165 arg\"}]},{\"@type\":\"WebSite\",\"@id\":\"https:\/\/svetslik.si\/hr\/#website\",\"url\":\"https:\/\/svetslik.si\/hr\/\",\"name\":\"SVETSLIK.SI\",\"description\":\"100% ru\u010dno naslikane reprodukcije slika poznatih slikara in umjetni\u010dke zidne slike na platnu.\",\"publisher\":{\"@id\":\"https:\/\/svetslik.si\/hr\/#organization\"},\"potentialAction\":[{\"@type\":\"SearchAction\",\"target\":{\"@type\":\"EntryPoint\",\"urlTemplate\":\"https:\/\/svetslik.si\/hr\/?s={search_term_string}\"},\"query-input\":{\"@type\":\"PropertyValueSpecification\",\"valueRequired\":true,\"valueName\":\"search_term_string\"}}],\"inLanguage\":\"hr\"},{\"@type\":\"Organization\",\"@id\":\"https:\/\/svetslik.si\/hr\/#organization\",\"name\":\"SvetSlik.si\",\"url\":\"https:\/\/svetslik.si\/hr\/\",\"logo\":{\"@type\":\"ImageObject\",\"inLanguage\":\"hr\",\"@id\":\"https:\/\/svetslik.si\/hr\/#\/schema\/logo\/image\/\",\"url\":\"https:\/\/svetslik.si\/wp-content\/uploads\/2020\/12\/logo-512.png\",\"contentUrl\":\"https:\/\/svetslik.si\/wp-content\/uploads\/2020\/12\/logo-512.png\",\"width\":512,\"height\":512,\"caption\":\"SvetSlik.si\"},\"image\":{\"@id\":\"https:\/\/svetslik.si\/hr\/#\/schema\/logo\/image\/\"},\"sameAs\":[\"https:\/\/www.facebook.com\/svetslik.si\",\"https:\/\/x.com\/svetslik\",\"https:\/\/www.instagram.com\/svetslik.si\/\",\"https:\/\/www.linkedin.com\/company\/svetslik-si\"]}]}<\/script>\n<meta property=\"product:price:amount\" content=\"79.63\" \/>\n<meta property=\"product:price:currency\" content=\"EUR\" \/>\n<meta property=\"og:availability\" content=\"instock\" \/>\n<meta property=\"product:availability\" content=\"instock\" \/>\n<meta property=\"product:retailer_item_id\" content=\"2136-1-1\" \/>\n<meta property=\"product:condition\" content=\"new\" \/>\n<!-- \/ Yoast SEO Premium plugin. -->","yoast_head_json":{"title":"Okvir za sliko - P165 arg - SVETSLIK.SI","description":"Okvirjanje slik in napenjanje umetni\u0161kih slik na kvalitetne pod-okvirje z zati\u010di, ki omogo\u010dajo naknadno nategovanje, ko se platno razpusti.","robots":{"index":"index","follow":"follow","max-snippet":"max-snippet:-1","max-image-preview":"max-image-preview:large","max-video-preview":"max-video-preview:-1"},"canonical":"https:\/\/svetslik.si\/hr\/nekategorizirano\/p165-arg\/","og_locale":"hr_HR","og_type":"article","og_title":"P165 arg","og_description":"100% ro\u010dno naslikane slike na platnu, reprodukcije znanih slikarjev in umetni\u0161ke slike po naro\u010dilu.","og_url":"https:\/\/svetslik.si\/hr\/nekategorizirano\/p165-arg\/","og_site_name":"SVETSLIK.SI","article_publisher":"https:\/\/www.facebook.com\/svetslik.si","article_modified_time":"2026-03-22T17:24:51+00:00","og_image":[{"width":180,"height":360,"url":"https:\/\/svetslik.si\/wp-content\/uploads\/2023\/08\/okvir-za-sliko-okvirjanje-slik-P165arg.jpg","type":"image\/jpeg"}],"twitter_card":"summary_large_image","twitter_site":"@svetslik","twitter_misc":{"Price":"79,63&nbsp;&euro;","Availability":"Na zalihi"},"schema":{"@context":"https:\/\/schema.org","@graph":[{"@type":["WebPage","ItemPage"],"@id":"https:\/\/svetslik.si\/hr\/nekategorizirano\/p165-arg\/","url":"https:\/\/svetslik.si\/hr\/nekategorizirano\/p165-arg\/","name":"Okvir za sliko - P165 arg - SVETSLIK.SI","isPartOf":{"@id":"https:\/\/svetslik.si\/hr\/#website"},"primaryImageOfPage":{"@id":"https:\/\/svetslik.si\/hr\/nekategorizirano\/p165-arg\/#primaryimage"},"image":{"@id":"https:\/\/svetslik.si\/hr\/nekategorizirano\/p165-arg\/#primaryimage"},"thumbnailUrl":"https:\/\/svetslik.si\/wp-content\/uploads\/2023\/08\/okvir-za-sliko-okvirjanje-slik-P165arg.jpg","datePublished":"2023-08-02T12:32:45+00:00","dateModified":"2026-03-22T17:24:51+00:00","description":"Okvirjanje slik in napenjanje umetni\u0161kih slik na kvalitetne pod-okvirje z zati\u010di, ki omogo\u010dajo naknadno nategovanje, ko se platno razpusti.","breadcrumb":{"@id":"https:\/\/svetslik.si\/hr\/nekategorizirano\/p165-arg\/#breadcrumb"},"inLanguage":"hr","potentialAction":[{"@type":"ReadAction","target":["https:\/\/svetslik.si\/hr\/nekategorizirano\/p165-arg\/"]}]},{"@type":"ImageObject","inLanguage":"hr","@id":"https:\/\/svetslik.si\/hr\/nekategorizirano\/p165-arg\/#primaryimage","url":"https:\/\/svetslik.si\/wp-content\/uploads\/2023\/08\/okvir-za-sliko-okvirjanje-slik-P165arg.jpg","contentUrl":"https:\/\/svetslik.si\/wp-content\/uploads\/2023\/08\/okvir-za-sliko-okvirjanje-slik-P165arg.jpg","width":180,"height":360,"caption":"Okvir za slike - uokvirivanje slika - Uramljivanje slika P165arg"},{"@type":"BreadcrumbList","@id":"https:\/\/svetslik.si\/hr\/nekategorizirano\/p165-arg\/#breadcrumb","itemListElement":[{"@type":"ListItem","position":1,"name":"Umjetni\u010dke zidne slike na platnu","item":"https:\/\/svetslik.si\/hr\/"},{"@type":"ListItem","position":2,"name":"Prodaja slika","item":"https:\/\/svetslik.si\/prodaja-slik\/"},{"@type":"ListItem","position":3,"name":"P165 arg"}]},{"@type":"WebSite","@id":"https:\/\/svetslik.si\/hr\/#website","url":"https:\/\/svetslik.si\/hr\/","name":"SVETSLIK.SI","description":"100% ru\u010dno naslikane reprodukcije slika poznatih slikara in umjetni\u010dke zidne slike na platnu.","publisher":{"@id":"https:\/\/svetslik.si\/hr\/#organization"},"potentialAction":[{"@type":"SearchAction","target":{"@type":"EntryPoint","urlTemplate":"https:\/\/svetslik.si\/hr\/?s={search_term_string}"},"query-input":{"@type":"PropertyValueSpecification","valueRequired":true,"valueName":"search_term_string"}}],"inLanguage":"hr"},{"@type":"Organization","@id":"https:\/\/svetslik.si\/hr\/#organization","name":"SvetSlik.si","url":"https:\/\/svetslik.si\/hr\/","logo":{"@type":"ImageObject","inLanguage":"hr","@id":"https:\/\/svetslik.si\/hr\/#\/schema\/logo\/image\/","url":"https:\/\/svetslik.si\/wp-content\/uploads\/2020\/12\/logo-512.png","contentUrl":"https:\/\/svetslik.si\/wp-content\/uploads\/2020\/12\/logo-512.png","width":512,"height":512,"caption":"SvetSlik.si"},"image":{"@id":"https:\/\/svetslik.si\/hr\/#\/schema\/logo\/image\/"},"sameAs":["https:\/\/www.facebook.com\/svetslik.si","https:\/\/x.com\/svetslik","https:\/\/www.instagram.com\/svetslik.si\/","https:\/\/www.linkedin.com\/company\/svetslik-si"]}]},"product_price_amount":"79.63","product_price_currency":"EUR","og_availability":"instock","product_availability":"instock","product_retailer_item_id":"2136-1-1","product_condition":"new"},"jetpack_sharing_enabled":true,"_links":{"self":[{"href":"https:\/\/svetslik.si\/hr\/wp-json\/wp\/v2\/product\/93750","targetHints":{"allow":["GET"]}}],"collection":[{"href":"https:\/\/svetslik.si\/hr\/wp-json\/wp\/v2\/product"}],"about":[{"href":"https:\/\/svetslik.si\/hr\/wp-json\/wp\/v2\/types\/product"}],"wp:featuredmedia":[{"embeddable":true,"href":"https:\/\/svetslik.si\/hr\/wp-json\/wp\/v2\/media\/93759"}],"wp:attachment":[{"href":"https:\/\/svetslik.si\/hr\/wp-json\/wp\/v2\/media?parent=93750"}],"wp:term":[{"taxonomy":"product_brand","embeddable":true,"href":"https:\/\/svetslik.si\/hr\/wp-json\/wp\/v2\/product_brand?post=93750"},{"taxonomy":"product_cat","embeddable":true,"href":"https:\/\/svetslik.si\/hr\/wp-json\/wp\/v2\/product_cat?post=93750"},{"taxonomy":"product_tag","embeddable":true,"href":"https:\/\/svetslik.si\/hr\/wp-json\/wp\/v2\/product_tag?post=93750"}],"curies":[{"name":"wp","href":"https:\/\/api.w.org\/{rel}","templated":true}]}}