{"id":98941,"date":"2023-09-14T13:46:54","date_gmt":"2023-09-14T11:46:54","guid":{"rendered":"https:\/\/svetslik.si\/Bez kategorije\/edward-hopper-night-windows\/"},"modified":"2023-09-17T17:15:13","modified_gmt":"2023-09-17T15:15:13","slug":"edward-hopper-night-windows","status":"publish","type":"product","link":"https:\/\/svetslik.si\/hr\/edward-hopper-hr\/edward-hopper-night-windows\/","title":{"rendered":"Edward Hopper &#8211; Night Windows"},"content":{"rendered":"<div class=\"wpb-content-wrapper\">[vc_row][vc_column][vc_column_text]\n<h1>Edward Hopper &#8211; Night Windows<\/h1>\n[\/vc_column_text][\/vc_column][\/vc_row]\n<\/div>","protected":false},"excerpt":{"rendered":"<p>[vc_row][vc_column][vc_column_text] Edward Hopper &#8211; Night Windows [\/vc_column_text][\/vc_column][\/vc_row]<\/p>\n","protected":false},"featured_media":98592,"template":"","meta":{"_acf_changed":false},"product_brand":[],"product_cat":[12084],"product_tag":[],"class_list":{"0":"post-98941","1":"product","2":"type-product","3":"status-publish","4":"has-post-thumbnail","6":"product_cat-edward-hopper-hr","7":"pa_dimenzija-100-x-120-cm-hr","8":"pa_dimenzija-110-x-130-cm-hr","9":"pa_dimenzija-120-x-140-cm-hr","10":"pa_dimenzija-40-x-45-cm-hr","11":"pa_dimenzija-50-x-60-cm-hr","12":"pa_dimenzija-60-x-70-cm-hr","13":"pa_dimenzija-74-x-86-cm-hr","14":"pa_dimenzija-80-x-90-cm-hr","15":"pa_dimenzija-90-x-103-cm-hr","16":"pa_oblika-horizontalno","17":"pa_okvir-bez-okvira","18":"pa_podokvir-bez-podokvira","19":"pa_podokvir-sa-podokvirom","21":"first","22":"onbackorder","23":"purchasable","24":"product-type-variable"},"acf":[],"yoast_head":"<!-- This site is optimized with the Yoast SEO Premium plugin v26.0 (Yoast SEO v27.2) - https:\/\/yoast.com\/product\/yoast-seo-premium-wordpress\/ -->\n<title>Edward Hopper - Night Windows - SVETSLIK.SI - 100% ru\u010dno naslikano<\/title>\n<meta name=\"description\" content=\"Edward Hopper - Night Windows - 100 % ru\u010dno naslikane umjetni\u010dke zidne slike na platnu. Prodaja reprodukcija poznatih slikara, izradnja slika po narud\u017ebi in okvirivanje.\" \/>\n<meta name=\"robots\" content=\"index, follow, max-snippet:-1, max-image-preview:large, max-video-preview:-1\" \/>\n<link rel=\"canonical\" href=\"https:\/\/svetslik.si\/hr\/edward-hopper-hr\/edward-hopper-night-windows\/\" \/>\n<meta property=\"og:locale\" content=\"hr_HR\" \/>\n<meta property=\"og:type\" content=\"article\" \/>\n<meta property=\"og:title\" content=\"Edward Hopper - Night Windows\" \/>\n<meta property=\"og:description\" content=\"100% ro\u010dno naslikane slike na platnu, reprodukcije znanih slikarjev in umetni\u0161ke slike po naro\u010dilu.\" \/>\n<meta property=\"og:url\" content=\"https:\/\/svetslik.si\/hr\/edward-hopper-hr\/edward-hopper-night-windows\/\" \/>\n<meta property=\"og:site_name\" content=\"SVETSLIK.SI\" \/>\n<meta property=\"article:publisher\" content=\"https:\/\/www.facebook.com\/svetslik.si\" \/>\n<meta property=\"article:modified_time\" content=\"2023-09-17T15:15:13+00:00\" \/>\n<meta property=\"og:image\" content=\"https:\/\/svetslik.si\/wp-content\/uploads\/2023\/09\/Edward-Hopper-Night-Windows.-1928.jpg\" \/>\n\t<meta property=\"og:image:width\" content=\"2237\" \/>\n\t<meta property=\"og:image:height\" content=\"1966\" \/>\n\t<meta property=\"og:image:type\" content=\"image\/jpeg\" \/>\n<meta name=\"twitter:card\" content=\"summary_large_image\" \/>\n<meta name=\"twitter:site\" content=\"@svetslik\" \/>\n<meta name=\"twitter:label1\" content=\"Availability\" \/>\n\t<meta name=\"twitter:data1\" content=\"On backorder\" \/>\n<script type=\"application\/ld+json\" class=\"yoast-schema-graph\">{\"@context\":\"https:\/\/schema.org\",\"@graph\":[{\"@type\":[\"WebPage\",\"ItemPage\"],\"@id\":\"https:\/\/svetslik.si\/hr\/edward-hopper-hr\/edward-hopper-night-windows\/\",\"url\":\"https:\/\/svetslik.si\/hr\/edward-hopper-hr\/edward-hopper-night-windows\/\",\"name\":\"Edward Hopper - Night Windows - SVETSLIK.SI - 100% ru\u010dno naslikano\",\"isPartOf\":{\"@id\":\"https:\/\/svetslik.si\/hr\/#website\"},\"primaryImageOfPage\":{\"@id\":\"https:\/\/svetslik.si\/hr\/edward-hopper-hr\/edward-hopper-night-windows\/#primaryimage\"},\"image\":{\"@id\":\"https:\/\/svetslik.si\/hr\/edward-hopper-hr\/edward-hopper-night-windows\/#primaryimage\"},\"thumbnailUrl\":\"https:\/\/svetslik.si\/wp-content\/uploads\/2023\/09\/Edward-Hopper-Night-Windows.-1928.jpg\",\"datePublished\":\"2023-09-14T11:46:54+00:00\",\"dateModified\":\"2023-09-17T15:15:13+00:00\",\"description\":\"Edward Hopper - Night Windows - 100 % ru\u010dno naslikane umjetni\u010dke zidne slike na platnu. Prodaja reprodukcija poznatih slikara, izradnja slika po narud\u017ebi in okvirivanje.\",\"breadcrumb\":{\"@id\":\"https:\/\/svetslik.si\/hr\/edward-hopper-hr\/edward-hopper-night-windows\/#breadcrumb\"},\"inLanguage\":\"hr\",\"potentialAction\":[{\"@type\":\"ReadAction\",\"target\":[\"https:\/\/svetslik.si\/hr\/edward-hopper-hr\/edward-hopper-night-windows\/\"]}]},{\"@type\":\"ImageObject\",\"inLanguage\":\"hr\",\"@id\":\"https:\/\/svetslik.si\/hr\/edward-hopper-hr\/edward-hopper-night-windows\/#primaryimage\",\"url\":\"https:\/\/svetslik.si\/wp-content\/uploads\/2023\/09\/Edward-Hopper-Night-Windows.-1928.jpg\",\"contentUrl\":\"https:\/\/svetslik.si\/wp-content\/uploads\/2023\/09\/Edward-Hopper-Night-Windows.-1928.jpg\",\"width\":2237,\"height\":1966,\"caption\":\"Edward Hopper - Night Windows\"},{\"@type\":\"BreadcrumbList\",\"@id\":\"https:\/\/svetslik.si\/hr\/edward-hopper-hr\/edward-hopper-night-windows\/#breadcrumb\",\"itemListElement\":[{\"@type\":\"ListItem\",\"position\":1,\"name\":\"Umjetni\u010dke zidne slike na platnu\",\"item\":\"https:\/\/svetslik.si\/hr\/\"},{\"@type\":\"ListItem\",\"position\":2,\"name\":\"Prodaja slika\",\"item\":\"https:\/\/svetslik.si\/prodaja-slik\/\"},{\"@type\":\"ListItem\",\"position\":3,\"name\":\"Edward Hopper &#8211; Night Windows\"}]},{\"@type\":\"WebSite\",\"@id\":\"https:\/\/svetslik.si\/hr\/#website\",\"url\":\"https:\/\/svetslik.si\/hr\/\",\"name\":\"SVETSLIK.SI\",\"description\":\"100% ru\u010dno naslikane reprodukcije slika poznatih slikara in umjetni\u010dke zidne slike na platnu.\",\"publisher\":{\"@id\":\"https:\/\/svetslik.si\/hr\/#organization\"},\"potentialAction\":[{\"@type\":\"SearchAction\",\"target\":{\"@type\":\"EntryPoint\",\"urlTemplate\":\"https:\/\/svetslik.si\/hr\/?s={search_term_string}\"},\"query-input\":{\"@type\":\"PropertyValueSpecification\",\"valueRequired\":true,\"valueName\":\"search_term_string\"}}],\"inLanguage\":\"hr\"},{\"@type\":\"Organization\",\"@id\":\"https:\/\/svetslik.si\/hr\/#organization\",\"name\":\"SvetSlik.si\",\"url\":\"https:\/\/svetslik.si\/hr\/\",\"logo\":{\"@type\":\"ImageObject\",\"inLanguage\":\"hr\",\"@id\":\"https:\/\/svetslik.si\/hr\/#\/schema\/logo\/image\/\",\"url\":\"https:\/\/svetslik.si\/wp-content\/uploads\/2020\/12\/logo-512.png\",\"contentUrl\":\"https:\/\/svetslik.si\/wp-content\/uploads\/2020\/12\/logo-512.png\",\"width\":512,\"height\":512,\"caption\":\"SvetSlik.si\"},\"image\":{\"@id\":\"https:\/\/svetslik.si\/hr\/#\/schema\/logo\/image\/\"},\"sameAs\":[\"https:\/\/www.facebook.com\/svetslik.si\",\"https:\/\/x.com\/svetslik\",\"https:\/\/www.instagram.com\/svetslik.si\/\",\"https:\/\/www.linkedin.com\/company\/svetslik-si\"]}]}<\/script>\n<meta property=\"og:availability\" content=\"backorder\" \/>\n<meta property=\"product:availability\" content=\"available for order\" \/>\n<meta property=\"product:retailer_item_id\" content=\"252__4-\" \/>\n<meta property=\"product:condition\" content=\"new\" \/>\n<!-- \/ Yoast SEO Premium plugin. -->","yoast_head_json":{"title":"Edward Hopper - Night Windows - SVETSLIK.SI - 100% ru\u010dno naslikano","description":"Edward Hopper - Night Windows - 100 % ru\u010dno naslikane umjetni\u010dke zidne slike na platnu. Prodaja reprodukcija poznatih slikara, izradnja slika po narud\u017ebi in okvirivanje.","robots":{"index":"index","follow":"follow","max-snippet":"max-snippet:-1","max-image-preview":"max-image-preview:large","max-video-preview":"max-video-preview:-1"},"canonical":"https:\/\/svetslik.si\/hr\/edward-hopper-hr\/edward-hopper-night-windows\/","og_locale":"hr_HR","og_type":"article","og_title":"Edward Hopper - Night Windows","og_description":"100% ro\u010dno naslikane slike na platnu, reprodukcije znanih slikarjev in umetni\u0161ke slike po naro\u010dilu.","og_url":"https:\/\/svetslik.si\/hr\/edward-hopper-hr\/edward-hopper-night-windows\/","og_site_name":"SVETSLIK.SI","article_publisher":"https:\/\/www.facebook.com\/svetslik.si","article_modified_time":"2023-09-17T15:15:13+00:00","og_image":[{"width":2237,"height":1966,"url":"https:\/\/svetslik.si\/wp-content\/uploads\/2023\/09\/Edward-Hopper-Night-Windows.-1928.jpg","type":"image\/jpeg"}],"twitter_card":"summary_large_image","twitter_site":"@svetslik","twitter_misc":{"Availability":"On backorder"},"schema":{"@context":"https:\/\/schema.org","@graph":[{"@type":["WebPage","ItemPage"],"@id":"https:\/\/svetslik.si\/hr\/edward-hopper-hr\/edward-hopper-night-windows\/","url":"https:\/\/svetslik.si\/hr\/edward-hopper-hr\/edward-hopper-night-windows\/","name":"Edward Hopper - Night Windows - SVETSLIK.SI - 100% ru\u010dno naslikano","isPartOf":{"@id":"https:\/\/svetslik.si\/hr\/#website"},"primaryImageOfPage":{"@id":"https:\/\/svetslik.si\/hr\/edward-hopper-hr\/edward-hopper-night-windows\/#primaryimage"},"image":{"@id":"https:\/\/svetslik.si\/hr\/edward-hopper-hr\/edward-hopper-night-windows\/#primaryimage"},"thumbnailUrl":"https:\/\/svetslik.si\/wp-content\/uploads\/2023\/09\/Edward-Hopper-Night-Windows.-1928.jpg","datePublished":"2023-09-14T11:46:54+00:00","dateModified":"2023-09-17T15:15:13+00:00","description":"Edward Hopper - Night Windows - 100 % ru\u010dno naslikane umjetni\u010dke zidne slike na platnu. Prodaja reprodukcija poznatih slikara, izradnja slika po narud\u017ebi in okvirivanje.","breadcrumb":{"@id":"https:\/\/svetslik.si\/hr\/edward-hopper-hr\/edward-hopper-night-windows\/#breadcrumb"},"inLanguage":"hr","potentialAction":[{"@type":"ReadAction","target":["https:\/\/svetslik.si\/hr\/edward-hopper-hr\/edward-hopper-night-windows\/"]}]},{"@type":"ImageObject","inLanguage":"hr","@id":"https:\/\/svetslik.si\/hr\/edward-hopper-hr\/edward-hopper-night-windows\/#primaryimage","url":"https:\/\/svetslik.si\/wp-content\/uploads\/2023\/09\/Edward-Hopper-Night-Windows.-1928.jpg","contentUrl":"https:\/\/svetslik.si\/wp-content\/uploads\/2023\/09\/Edward-Hopper-Night-Windows.-1928.jpg","width":2237,"height":1966,"caption":"Edward Hopper - Night Windows"},{"@type":"BreadcrumbList","@id":"https:\/\/svetslik.si\/hr\/edward-hopper-hr\/edward-hopper-night-windows\/#breadcrumb","itemListElement":[{"@type":"ListItem","position":1,"name":"Umjetni\u010dke zidne slike na platnu","item":"https:\/\/svetslik.si\/hr\/"},{"@type":"ListItem","position":2,"name":"Prodaja slika","item":"https:\/\/svetslik.si\/prodaja-slik\/"},{"@type":"ListItem","position":3,"name":"Edward Hopper &#8211; Night Windows"}]},{"@type":"WebSite","@id":"https:\/\/svetslik.si\/hr\/#website","url":"https:\/\/svetslik.si\/hr\/","name":"SVETSLIK.SI","description":"100% ru\u010dno naslikane reprodukcije slika poznatih slikara in umjetni\u010dke zidne slike na platnu.","publisher":{"@id":"https:\/\/svetslik.si\/hr\/#organization"},"potentialAction":[{"@type":"SearchAction","target":{"@type":"EntryPoint","urlTemplate":"https:\/\/svetslik.si\/hr\/?s={search_term_string}"},"query-input":{"@type":"PropertyValueSpecification","valueRequired":true,"valueName":"search_term_string"}}],"inLanguage":"hr"},{"@type":"Organization","@id":"https:\/\/svetslik.si\/hr\/#organization","name":"SvetSlik.si","url":"https:\/\/svetslik.si\/hr\/","logo":{"@type":"ImageObject","inLanguage":"hr","@id":"https:\/\/svetslik.si\/hr\/#\/schema\/logo\/image\/","url":"https:\/\/svetslik.si\/wp-content\/uploads\/2020\/12\/logo-512.png","contentUrl":"https:\/\/svetslik.si\/wp-content\/uploads\/2020\/12\/logo-512.png","width":512,"height":512,"caption":"SvetSlik.si"},"image":{"@id":"https:\/\/svetslik.si\/hr\/#\/schema\/logo\/image\/"},"sameAs":["https:\/\/www.facebook.com\/svetslik.si","https:\/\/x.com\/svetslik","https:\/\/www.instagram.com\/svetslik.si\/","https:\/\/www.linkedin.com\/company\/svetslik-si"]}]},"og_availability":"backorder","product_availability":"available for order","product_retailer_item_id":"252__4-","product_condition":"new"},"jetpack_sharing_enabled":true,"_links":{"self":[{"href":"https:\/\/svetslik.si\/hr\/wp-json\/wp\/v2\/product\/98941","targetHints":{"allow":["GET"]}}],"collection":[{"href":"https:\/\/svetslik.si\/hr\/wp-json\/wp\/v2\/product"}],"about":[{"href":"https:\/\/svetslik.si\/hr\/wp-json\/wp\/v2\/types\/product"}],"wp:featuredmedia":[{"embeddable":true,"href":"https:\/\/svetslik.si\/hr\/wp-json\/wp\/v2\/media\/98592"}],"wp:attachment":[{"href":"https:\/\/svetslik.si\/hr\/wp-json\/wp\/v2\/media?parent=98941"}],"wp:term":[{"taxonomy":"product_brand","embeddable":true,"href":"https:\/\/svetslik.si\/hr\/wp-json\/wp\/v2\/product_brand?post=98941"},{"taxonomy":"product_cat","embeddable":true,"href":"https:\/\/svetslik.si\/hr\/wp-json\/wp\/v2\/product_cat?post=98941"},{"taxonomy":"product_tag","embeddable":true,"href":"https:\/\/svetslik.si\/hr\/wp-json\/wp\/v2\/product_tag?post=98941"}],"curies":[{"name":"wp","href":"https:\/\/api.w.org\/{rel}","templated":true}]}}