{"id":103943,"date":"2023-11-28T14:15:57","date_gmt":"2023-11-28T13:15:57","guid":{"rendered":"https:\/\/svetslik.si\/?post_type=product&#038;p=103943"},"modified":"2023-11-30T17:22:54","modified_gmt":"2023-11-30T16:22:54","slug":"moderne-festmenyek-e323","status":"publish","type":"product","link":"https:\/\/svetslik.si\/hu\/vaszonkepek-egyseges\/moderne-festmenyek-e323\/","title":{"rendered":"Moderne festm\u00e9nyek &#8211; E323"},"content":{"rendered":"<div class=\"wpb-content-wrapper\">[vc_row css=&#8221;.vc_custom_1691575428964{margin-bottom: 10px !important;}&#8221;][vc_column]\t<div class=\"et-image-550 et-image     et_image_link\">\n\t\t<div class=\"et-image-inner \">\n\t\t\t\t\t\t\t<div class=\"et-image-thumb \">\n\t\t\t\t\t<img decoding=\"async\" width=\"1440\" height=\"1408\" src=\"https:\/\/svetslik.si\/wp-content\/uploads\/2023\/11\/Stenske-slike-E323-2.jpg\" class=\"attachment-full\" alt=\"Falik\u00e9p E323-2 - Unik\u00e1lis diz\u00e1jn\u00fa festm\u00e9ny a falon\" title=\"Moderne festm\u00e9nyek - E323\" srcset=\"https:\/\/svetslik.si\/wp-content\/uploads\/2023\/11\/Stenske-slike-E323-2.jpg 1440w, https:\/\/svetslik.si\/wp-content\/uploads\/2023\/11\/Stenske-slike-E323-2-600x587.jpg 600w, https:\/\/svetslik.si\/wp-content\/uploads\/2023\/11\/Stenske-slike-E323-2-1200x1173.jpg 1200w, https:\/\/svetslik.si\/wp-content\/uploads\/2023\/11\/Stenske-slike-E323-2-300x293.jpg 300w, https:\/\/svetslik.si\/wp-content\/uploads\/2023\/11\/Stenske-slike-E323-2-1024x1001.jpg 1024w, https:\/\/svetslik.si\/wp-content\/uploads\/2023\/11\/Stenske-slike-E323-2-768x751.jpg 768w, https:\/\/svetslik.si\/wp-content\/uploads\/2023\/11\/Stenske-slike-E323-2-150x147.jpg 150w\" sizes=\"(max-width: 1440px) 100vw, 1440px\" \/>\t\t\t\t<\/div>\n\t\t\t\t\t\t\t\t\t\t\t<\/div>\n\t<\/div>\n  [\/vc_column][\/vc_row][vc_row css=&#8221;.vc_custom_1661407273423{margin-bottom: 10px !important;}&#8221;][vc_column]\t<div class=\"et-image-810 et-image     et_image_link\">\n\t\t<div class=\"et-image-inner \">\n\t\t\t\t\t\t\t<div class=\"et-image-thumb \">\n\t\t\t\t\t<img decoding=\"async\" width=\"1440\" height=\"1400\" src=\"https:\/\/svetslik.si\/wp-content\/uploads\/2023\/11\/Stenske-slike-E323-1.jpg\" class=\"attachment-full\" alt=\"Falik\u00e9p E323-1 - K\u00fcl\u00f6nleges absztrakt m\u0171alkot\u00e1s\" title=\"Moderne festm\u00e9nyek - E323\" srcset=\"https:\/\/svetslik.si\/wp-content\/uploads\/2023\/11\/Stenske-slike-E323-1.jpg 1440w, https:\/\/svetslik.si\/wp-content\/uploads\/2023\/11\/Stenske-slike-E323-1-600x583.jpg 600w, https:\/\/svetslik.si\/wp-content\/uploads\/2023\/11\/Stenske-slike-E323-1-1200x1167.jpg 1200w, https:\/\/svetslik.si\/wp-content\/uploads\/2023\/11\/Stenske-slike-E323-1-300x292.jpg 300w, https:\/\/svetslik.si\/wp-content\/uploads\/2023\/11\/Stenske-slike-E323-1-1024x996.jpg 1024w, https:\/\/svetslik.si\/wp-content\/uploads\/2023\/11\/Stenske-slike-E323-1-768x747.jpg 768w, https:\/\/svetslik.si\/wp-content\/uploads\/2023\/11\/Stenske-slike-E323-1-150x146.jpg 150w\" sizes=\"(max-width: 1440px) 100vw, 1440px\" \/>\t\t\t\t<\/div>\n\t\t\t\t\t\t\t\t\t\t\t<\/div>\n\t<\/div>\n  [\/vc_column][\/vc_row]\n<\/div>","protected":false},"excerpt":{"rendered":"<p>[vc_row css=&#8221;.vc_custom_1691575428964{margin-bottom: 10px !important;}&#8221;][vc_column][\/vc_column][\/vc_row][vc_row css=&#8221;.vc_custom_1661407273423{margin-bottom: 10px !important;}&#8221;][vc_column][\/vc_column][\/vc_row]<\/p>\n","protected":false},"featured_media":103870,"template":"","meta":{"_acf_changed":false},"product_brand":[],"product_cat":[7153],"product_tag":[11945,11944,11952,11950,11955,11951,11948,11949,11954,11946,11947,11953],"class_list":{"0":"post-103943","1":"product","2":"type-product","3":"status-publish","4":"has-post-thumbnail","6":"product_cat-vaszonkepek-egyseges","7":"product_tag-abstraktne-slike-hu","8":"product_tag-dekorativne-slike-hu","9":"product_tag-moderne-slike-hu","10":"product_tag-prodaja-slik-hu","11":"product_tag-slike-na-platnu-hu","12":"product_tag-slike-za-dnevno-sobo-hu","13":"product_tag-slike-za-na-steno-hu","14":"product_tag-slike-za-v-dnevno-sobo-hu","15":"product_tag-spletna-galerija-hu","16":"product_tag-stenska-dekoracija-hu","17":"product_tag-stenske-slike-hu","18":"product_tag-umetniske-slike-hu","19":"pa_dimenzija-100-cm-x-139-cm-hu","20":"pa_dimenzija-110-cm-x-153-cm-hu","21":"pa_dimenzija-120-cm-x-167-cm-hu","22":"pa_dimenzija-130-cm-x-181-cm-hu","23":"pa_dimenzija-140-cm-x-195-cm-hu","24":"pa_dimenzija-150-cm-x-209-cm-hu","25":"pa_dimenzija-160-cm-x-223-cm-hu","26":"pa_dimenzija-170-cm-x-237-cm-hu","27":"pa_dimenzija-180-cm-x-250-cm-hu","28":"pa_dimenzija-200-cm-x-278-cm-hu","29":"pa_dimenzija-40-cm-x-56-cm-hu","30":"pa_dimenzija-50-cm-x-70-cm-hu","31":"pa_dimenzija-60-cm-x-84-cm-hu","32":"pa_dimenzija-70-cm-x-98-cm-hu","33":"pa_dimenzija-80-cm-x-112-cm-hu","34":"pa_dimenzija-90-cm-x-125-cm-hu","35":"pa_oblika-vizszintes","36":"pa_okvir-nincs-keret","37":"pa_podokvir-igen","38":"pa_podokvir-nem","40":"first","41":"onbackorder","42":"purchasable","43":"product-type-variable"},"acf":[],"yoast_head":"<!-- This site is optimized with the Yoast SEO Premium plugin v26.0 (Yoast SEO v27.2) - https:\/\/yoast.com\/product\/yoast-seo-premium-wordpress\/ -->\n<title>Moderne festm\u00e9nyek - E323 - SVETSLIK.SI - 100% k\u00e9zzel festett<\/title>\n<meta name=\"description\" content=\"Moderne festm\u00e9nyek - E323 - 100% k\u00e9zzel festett v\u00e1szonfestm\u00e9nyek. Festm\u00e9nyek elad\u00e1sa - moderne festm\u00e9nyek, absztrakt festm\u00e9nyek, olajfestm\u00e9nyek, egyedi rendel\u00e9sre k\u00e9sz\u00edtett festm\u00e9nyek \u00e9s k\u00e9pkeretez\u00e9s.\" \/>\n<meta name=\"robots\" content=\"index, follow, max-snippet:-1, max-image-preview:large, max-video-preview:-1\" \/>\n<link rel=\"canonical\" href=\"https:\/\/svetslik.si\/hu\/vaszonkepek-egyseges\/moderne-festmenyek-e323\/\" \/>\n<meta property=\"og:locale\" content=\"hu_HU\" \/>\n<meta property=\"og:type\" content=\"article\" \/>\n<meta property=\"og:title\" content=\"Moderne festm\u00e9nyek - E323\" \/>\n<meta property=\"og:description\" content=\"100% ro\u010dno naslikane slike na platnu, reprodukcije znanih slikarjev in umetni\u0161ke slike po naro\u010dilu.\" \/>\n<meta property=\"og:url\" content=\"https:\/\/svetslik.si\/hu\/vaszonkepek-egyseges\/moderne-festmenyek-e323\/\" \/>\n<meta property=\"og:site_name\" content=\"SVETSLIK.SI\" \/>\n<meta property=\"article:publisher\" content=\"https:\/\/www.facebook.com\/svetslik.si\" \/>\n<meta property=\"article:modified_time\" content=\"2023-11-30T16:22:54+00:00\" \/>\n<meta property=\"og:image\" content=\"https:\/\/svetslik.si\/wp-content\/uploads\/2023\/11\/Stenske-slike-E323.jpg\" \/>\n\t<meta property=\"og:image:width\" content=\"1188\" \/>\n\t<meta property=\"og:image:height\" content=\"776\" \/>\n\t<meta property=\"og:image:type\" content=\"image\/jpeg\" \/>\n<meta name=\"twitter:card\" content=\"summary_large_image\" \/>\n<meta name=\"twitter:site\" content=\"@svetslik\" \/>\n<meta name=\"twitter:label1\" content=\"El\u00e9rhet\u0151s\u00e9g\" \/>\n\t<meta name=\"twitter:data1\" content=\"Beszerz\u00e9s alatt\" \/>\n<script type=\"application\/ld+json\" class=\"yoast-schema-graph\">{\"@context\":\"https:\/\/schema.org\",\"@graph\":[{\"@type\":[\"WebPage\",\"ItemPage\"],\"@id\":\"https:\/\/svetslik.si\/hu\/vaszonkepek-egyseges\/moderne-festmenyek-e323\/\",\"url\":\"https:\/\/svetslik.si\/hu\/vaszonkepek-egyseges\/moderne-festmenyek-e323\/\",\"name\":\"Moderne festm\u00e9nyek - E323 - SVETSLIK.SI - 100% k\u00e9zzel festett\",\"isPartOf\":{\"@id\":\"https:\/\/svetslik.si\/hu\/#website\"},\"primaryImageOfPage\":{\"@id\":\"https:\/\/svetslik.si\/hu\/vaszonkepek-egyseges\/moderne-festmenyek-e323\/#primaryimage\"},\"image\":{\"@id\":\"https:\/\/svetslik.si\/hu\/vaszonkepek-egyseges\/moderne-festmenyek-e323\/#primaryimage\"},\"thumbnailUrl\":\"https:\/\/svetslik.si\/wp-content\/uploads\/2023\/11\/Stenske-slike-E323.jpg\",\"datePublished\":\"2023-11-28T13:15:57+00:00\",\"dateModified\":\"2023-11-30T16:22:54+00:00\",\"description\":\"Moderne festm\u00e9nyek - E323 - 100% k\u00e9zzel festett v\u00e1szonfestm\u00e9nyek. Festm\u00e9nyek elad\u00e1sa - moderne festm\u00e9nyek, absztrakt festm\u00e9nyek, olajfestm\u00e9nyek, egyedi rendel\u00e9sre k\u00e9sz\u00edtett festm\u00e9nyek \u00e9s k\u00e9pkeretez\u00e9s.\",\"breadcrumb\":{\"@id\":\"https:\/\/svetslik.si\/hu\/vaszonkepek-egyseges\/moderne-festmenyek-e323\/#breadcrumb\"},\"inLanguage\":\"hu\",\"potentialAction\":[{\"@type\":\"ReadAction\",\"target\":[\"https:\/\/svetslik.si\/hu\/vaszonkepek-egyseges\/moderne-festmenyek-e323\/\"]}]},{\"@type\":\"ImageObject\",\"inLanguage\":\"hu\",\"@id\":\"https:\/\/svetslik.si\/hu\/vaszonkepek-egyseges\/moderne-festmenyek-e323\/#primaryimage\",\"url\":\"https:\/\/svetslik.si\/wp-content\/uploads\/2023\/11\/Stenske-slike-E323.jpg\",\"contentUrl\":\"https:\/\/svetslik.si\/wp-content\/uploads\/2023\/11\/Stenske-slike-E323.jpg\",\"width\":1188,\"height\":776,\"caption\":\"Falik\u00e9p E323 - St\u00edlusos \u00e9s modern faldekor\u00e1ci\u00f3\"},{\"@type\":\"BreadcrumbList\",\"@id\":\"https:\/\/svetslik.si\/hu\/vaszonkepek-egyseges\/moderne-festmenyek-e323\/#breadcrumb\",\"itemListElement\":[{\"@type\":\"ListItem\",\"position\":1,\"name\":\"Wall art and paintings on canvas\",\"item\":\"https:\/\/svetslik.si\/hu\/\"},{\"@type\":\"ListItem\",\"position\":2,\"name\":\"Festm\u00e9nyek elad\u00e1sa\",\"item\":\"https:\/\/svetslik.si\/prodaja-slik\/\"},{\"@type\":\"ListItem\",\"position\":3,\"name\":\"Moderne festm\u00e9nyek &#8211; E323\"}]},{\"@type\":\"WebSite\",\"@id\":\"https:\/\/svetslik.si\/hu\/#website\",\"url\":\"https:\/\/svetslik.si\/hu\/\",\"name\":\"SVETSLIK.SI\",\"description\":\"100%-ban k\u00e9zzel festett reprodukci\u00f3k h\u00edres fest\u0151k festm\u00e9nyeir\u0151l \u00e9s festm\u00e9nyekr\u0151l v\u00e1szonra.\",\"publisher\":{\"@id\":\"https:\/\/svetslik.si\/hu\/#organization\"},\"potentialAction\":[{\"@type\":\"SearchAction\",\"target\":{\"@type\":\"EntryPoint\",\"urlTemplate\":\"https:\/\/svetslik.si\/hu\/?s={search_term_string}\"},\"query-input\":{\"@type\":\"PropertyValueSpecification\",\"valueRequired\":true,\"valueName\":\"search_term_string\"}}],\"inLanguage\":\"hu\"},{\"@type\":\"Organization\",\"@id\":\"https:\/\/svetslik.si\/hu\/#organization\",\"name\":\"SvetSlik.si\",\"url\":\"https:\/\/svetslik.si\/hu\/\",\"logo\":{\"@type\":\"ImageObject\",\"inLanguage\":\"hu\",\"@id\":\"https:\/\/svetslik.si\/hu\/#\/schema\/logo\/image\/\",\"url\":\"https:\/\/svetslik.si\/wp-content\/uploads\/2020\/12\/logo-512.png\",\"contentUrl\":\"https:\/\/svetslik.si\/wp-content\/uploads\/2020\/12\/logo-512.png\",\"width\":512,\"height\":512,\"caption\":\"SvetSlik.si\"},\"image\":{\"@id\":\"https:\/\/svetslik.si\/hu\/#\/schema\/logo\/image\/\"},\"sameAs\":[\"https:\/\/www.facebook.com\/svetslik.si\",\"https:\/\/x.com\/svetslik\",\"https:\/\/www.instagram.com\/svetslik.si\/\",\"https:\/\/www.linkedin.com\/company\/svetslik-si\"]}]}<\/script>\n<meta property=\"og:availability\" content=\"backorder\" \/>\n<meta property=\"product:availability\" content=\"available for order\" \/>\n<meta property=\"product:retailer_item_id\" content=\"1131__-1-1-2-1-1\" \/>\n<meta property=\"product:condition\" content=\"new\" \/>\n<!-- \/ Yoast SEO Premium plugin. -->","yoast_head_json":{"title":"Moderne festm\u00e9nyek - E323 - SVETSLIK.SI - 100% k\u00e9zzel festett","description":"Moderne festm\u00e9nyek - E323 - 100% k\u00e9zzel festett v\u00e1szonfestm\u00e9nyek. Festm\u00e9nyek elad\u00e1sa - moderne festm\u00e9nyek, absztrakt festm\u00e9nyek, olajfestm\u00e9nyek, egyedi rendel\u00e9sre k\u00e9sz\u00edtett festm\u00e9nyek \u00e9s k\u00e9pkeretez\u00e9s.","robots":{"index":"index","follow":"follow","max-snippet":"max-snippet:-1","max-image-preview":"max-image-preview:large","max-video-preview":"max-video-preview:-1"},"canonical":"https:\/\/svetslik.si\/hu\/vaszonkepek-egyseges\/moderne-festmenyek-e323\/","og_locale":"hu_HU","og_type":"article","og_title":"Moderne festm\u00e9nyek - E323","og_description":"100% ro\u010dno naslikane slike na platnu, reprodukcije znanih slikarjev in umetni\u0161ke slike po naro\u010dilu.","og_url":"https:\/\/svetslik.si\/hu\/vaszonkepek-egyseges\/moderne-festmenyek-e323\/","og_site_name":"SVETSLIK.SI","article_publisher":"https:\/\/www.facebook.com\/svetslik.si","article_modified_time":"2023-11-30T16:22:54+00:00","og_image":[{"width":1188,"height":776,"url":"https:\/\/svetslik.si\/wp-content\/uploads\/2023\/11\/Stenske-slike-E323.jpg","type":"image\/jpeg"}],"twitter_card":"summary_large_image","twitter_site":"@svetslik","twitter_misc":{"El\u00e9rhet\u0151s\u00e9g":"Beszerz\u00e9s alatt"},"schema":{"@context":"https:\/\/schema.org","@graph":[{"@type":["WebPage","ItemPage"],"@id":"https:\/\/svetslik.si\/hu\/vaszonkepek-egyseges\/moderne-festmenyek-e323\/","url":"https:\/\/svetslik.si\/hu\/vaszonkepek-egyseges\/moderne-festmenyek-e323\/","name":"Moderne festm\u00e9nyek - E323 - SVETSLIK.SI - 100% k\u00e9zzel festett","isPartOf":{"@id":"https:\/\/svetslik.si\/hu\/#website"},"primaryImageOfPage":{"@id":"https:\/\/svetslik.si\/hu\/vaszonkepek-egyseges\/moderne-festmenyek-e323\/#primaryimage"},"image":{"@id":"https:\/\/svetslik.si\/hu\/vaszonkepek-egyseges\/moderne-festmenyek-e323\/#primaryimage"},"thumbnailUrl":"https:\/\/svetslik.si\/wp-content\/uploads\/2023\/11\/Stenske-slike-E323.jpg","datePublished":"2023-11-28T13:15:57+00:00","dateModified":"2023-11-30T16:22:54+00:00","description":"Moderne festm\u00e9nyek - E323 - 100% k\u00e9zzel festett v\u00e1szonfestm\u00e9nyek. Festm\u00e9nyek elad\u00e1sa - moderne festm\u00e9nyek, absztrakt festm\u00e9nyek, olajfestm\u00e9nyek, egyedi rendel\u00e9sre k\u00e9sz\u00edtett festm\u00e9nyek \u00e9s k\u00e9pkeretez\u00e9s.","breadcrumb":{"@id":"https:\/\/svetslik.si\/hu\/vaszonkepek-egyseges\/moderne-festmenyek-e323\/#breadcrumb"},"inLanguage":"hu","potentialAction":[{"@type":"ReadAction","target":["https:\/\/svetslik.si\/hu\/vaszonkepek-egyseges\/moderne-festmenyek-e323\/"]}]},{"@type":"ImageObject","inLanguage":"hu","@id":"https:\/\/svetslik.si\/hu\/vaszonkepek-egyseges\/moderne-festmenyek-e323\/#primaryimage","url":"https:\/\/svetslik.si\/wp-content\/uploads\/2023\/11\/Stenske-slike-E323.jpg","contentUrl":"https:\/\/svetslik.si\/wp-content\/uploads\/2023\/11\/Stenske-slike-E323.jpg","width":1188,"height":776,"caption":"Falik\u00e9p E323 - St\u00edlusos \u00e9s modern faldekor\u00e1ci\u00f3"},{"@type":"BreadcrumbList","@id":"https:\/\/svetslik.si\/hu\/vaszonkepek-egyseges\/moderne-festmenyek-e323\/#breadcrumb","itemListElement":[{"@type":"ListItem","position":1,"name":"Wall art and paintings on canvas","item":"https:\/\/svetslik.si\/hu\/"},{"@type":"ListItem","position":2,"name":"Festm\u00e9nyek elad\u00e1sa","item":"https:\/\/svetslik.si\/prodaja-slik\/"},{"@type":"ListItem","position":3,"name":"Moderne festm\u00e9nyek &#8211; E323"}]},{"@type":"WebSite","@id":"https:\/\/svetslik.si\/hu\/#website","url":"https:\/\/svetslik.si\/hu\/","name":"SVETSLIK.SI","description":"100%-ban k\u00e9zzel festett reprodukci\u00f3k h\u00edres fest\u0151k festm\u00e9nyeir\u0151l \u00e9s festm\u00e9nyekr\u0151l v\u00e1szonra.","publisher":{"@id":"https:\/\/svetslik.si\/hu\/#organization"},"potentialAction":[{"@type":"SearchAction","target":{"@type":"EntryPoint","urlTemplate":"https:\/\/svetslik.si\/hu\/?s={search_term_string}"},"query-input":{"@type":"PropertyValueSpecification","valueRequired":true,"valueName":"search_term_string"}}],"inLanguage":"hu"},{"@type":"Organization","@id":"https:\/\/svetslik.si\/hu\/#organization","name":"SvetSlik.si","url":"https:\/\/svetslik.si\/hu\/","logo":{"@type":"ImageObject","inLanguage":"hu","@id":"https:\/\/svetslik.si\/hu\/#\/schema\/logo\/image\/","url":"https:\/\/svetslik.si\/wp-content\/uploads\/2020\/12\/logo-512.png","contentUrl":"https:\/\/svetslik.si\/wp-content\/uploads\/2020\/12\/logo-512.png","width":512,"height":512,"caption":"SvetSlik.si"},"image":{"@id":"https:\/\/svetslik.si\/hu\/#\/schema\/logo\/image\/"},"sameAs":["https:\/\/www.facebook.com\/svetslik.si","https:\/\/x.com\/svetslik","https:\/\/www.instagram.com\/svetslik.si\/","https:\/\/www.linkedin.com\/company\/svetslik-si"]}]},"og_availability":"backorder","product_availability":"available for order","product_retailer_item_id":"1131__-1-1-2-1-1","product_condition":"new"},"jetpack_sharing_enabled":true,"_links":{"self":[{"href":"https:\/\/svetslik.si\/hu\/wp-json\/wp\/v2\/product\/103943","targetHints":{"allow":["GET"]}}],"collection":[{"href":"https:\/\/svetslik.si\/hu\/wp-json\/wp\/v2\/product"}],"about":[{"href":"https:\/\/svetslik.si\/hu\/wp-json\/wp\/v2\/types\/product"}],"wp:featuredmedia":[{"embeddable":true,"href":"https:\/\/svetslik.si\/hu\/wp-json\/wp\/v2\/media\/103870"}],"wp:attachment":[{"href":"https:\/\/svetslik.si\/hu\/wp-json\/wp\/v2\/media?parent=103943"}],"wp:term":[{"taxonomy":"product_brand","embeddable":true,"href":"https:\/\/svetslik.si\/hu\/wp-json\/wp\/v2\/product_brand?post=103943"},{"taxonomy":"product_cat","embeddable":true,"href":"https:\/\/svetslik.si\/hu\/wp-json\/wp\/v2\/product_cat?post=103943"},{"taxonomy":"product_tag","embeddable":true,"href":"https:\/\/svetslik.si\/hu\/wp-json\/wp\/v2\/product_tag?post=103943"}],"curies":[{"name":"wp","href":"https:\/\/api.w.org\/{rel}","templated":true}]}}