{"id":109235,"date":"2024-09-02T23:30:48","date_gmt":"2024-09-02T21:30:48","guid":{"rendered":"https:\/\/svetslik.si\/?post_type=product&#038;p=109235"},"modified":"2026-03-22T13:56:37","modified_gmt":"2026-03-22T12:56:37","slug":"vaszonfestmenyek-e195","status":"publish","type":"product","link":"https:\/\/svetslik.si\/hu\/vaszonkepek-egyseges\/vaszonfestmenyek-e195\/","title":{"rendered":"V\u00e1szonfestm\u00e9nyek &#8211; E195"},"content":{"rendered":"<div class=\"wpb-content-wrapper\">[vc_row css=&#8221;.vc_custom_1661405884285{margin-bottom: 10px !important;}&#8221;][vc_column]\t<div class=\"et-image-446 et-image     et_image_link\">\n\t\t<div class=\"et-image-inner \">\n\t\t\t\t\t\t\t<div class=\"et-image-thumb \">\n\t\t\t\t\t<img decoding=\"async\" width=\"1000\" height=\"1532\" src=\"https:\/\/svetslik.si\/wp-content\/uploads\/2024\/09\/slike-na-platnu-e195.jpg\" class=\"attachment-full\" alt=\"V\u00e1szonfestm\u00e9nyek - E195\" title=\"V\u00e1szonfestm\u00e9nyek - E195\" srcset=\"https:\/\/svetslik.si\/wp-content\/uploads\/2024\/09\/slike-na-platnu-e195.jpg 1000w, https:\/\/svetslik.si\/wp-content\/uploads\/2024\/09\/slike-na-platnu-e195-600x919.jpg 600w, https:\/\/svetslik.si\/wp-content\/uploads\/2024\/09\/slike-na-platnu-e195-196x300.jpg 196w, https:\/\/svetslik.si\/wp-content\/uploads\/2024\/09\/slike-na-platnu-e195-668x1024.jpg 668w, https:\/\/svetslik.si\/wp-content\/uploads\/2024\/09\/slike-na-platnu-e195-768x1177.jpg 768w, https:\/\/svetslik.si\/wp-content\/uploads\/2024\/09\/slike-na-platnu-e195-98x150.jpg 98w, https:\/\/svetslik.si\/wp-content\/uploads\/2024\/09\/slike-na-platnu-e195-900x1379.jpg 900w\" sizes=\"(max-width: 1000px) 100vw, 1000px\" \/>\t\t\t\t<\/div>\n\t\t\t\t\t\t\t\t\t\t\t<\/div>\n\t<\/div>\n  [\/vc_column][\/vc_row][vc_row css=&#8221;.vc_custom_1661405884285{margin-bottom: 10px !important;}&#8221;][vc_column]\t<div class=\"et-image-630 et-image     et_image_link\">\n\t\t<div class=\"et-image-inner \">\n\t\t\t\t\t\t\t<div class=\"et-image-thumb \">\n\t\t\t\t\t<img decoding=\"async\" width=\"1000\" height=\"1661\" src=\"https:\/\/svetslik.si\/wp-content\/uploads\/2024\/09\/slike-na-platnu-e195-2.jpg\" class=\"attachment-full\" alt=\"V\u00e1szonfestm\u00e9nyek - E195\" title=\"V\u00e1szonfestm\u00e9nyek - E195\" srcset=\"https:\/\/svetslik.si\/wp-content\/uploads\/2024\/09\/slike-na-platnu-e195-2.jpg 1000w, https:\/\/svetslik.si\/wp-content\/uploads\/2024\/09\/slike-na-platnu-e195-2-600x997.jpg 600w, https:\/\/svetslik.si\/wp-content\/uploads\/2024\/09\/slike-na-platnu-e195-2-181x300.jpg 181w, https:\/\/svetslik.si\/wp-content\/uploads\/2024\/09\/slike-na-platnu-e195-2-616x1024.jpg 616w, https:\/\/svetslik.si\/wp-content\/uploads\/2024\/09\/slike-na-platnu-e195-2-768x1276.jpg 768w, https:\/\/svetslik.si\/wp-content\/uploads\/2024\/09\/slike-na-platnu-e195-2-925x1536.jpg 925w, https:\/\/svetslik.si\/wp-content\/uploads\/2024\/09\/slike-na-platnu-e195-2-90x150.jpg 90w, https:\/\/svetslik.si\/wp-content\/uploads\/2024\/09\/slike-na-platnu-e195-2-900x1495.jpg 900w\" sizes=\"(max-width: 1000px) 100vw, 1000px\" \/>\t\t\t\t<\/div>\n\t\t\t\t\t\t\t\t\t\t\t<\/div>\n\t<\/div>\n  [\/vc_column][\/vc_row][vc_row css=&#8221;.vc_custom_1661405884285{margin-bottom: 10px !important;}&#8221;][vc_column]\t<div class=\"et-image-111 et-image     et_image_link\">\n\t\t<div class=\"et-image-inner \">\n\t\t\t\t\t\t\t<div class=\"et-image-thumb \">\n\t\t\t\t\t<img decoding=\"async\" width=\"1000\" height=\"630\" src=\"https:\/\/svetslik.si\/wp-content\/uploads\/2024\/09\/slike-na-platnu-e195-4.jpg\" class=\"attachment-full\" alt=\"slike na platnu e195\" title=\"V\u00e1szonfestm\u00e9nyek - E195\" srcset=\"https:\/\/svetslik.si\/wp-content\/uploads\/2024\/09\/slike-na-platnu-e195-4.jpg 1000w, https:\/\/svetslik.si\/wp-content\/uploads\/2024\/09\/slike-na-platnu-e195-4-600x378.jpg 600w, https:\/\/svetslik.si\/wp-content\/uploads\/2024\/09\/slike-na-platnu-e195-4-300x189.jpg 300w, https:\/\/svetslik.si\/wp-content\/uploads\/2024\/09\/slike-na-platnu-e195-4-768x484.jpg 768w, https:\/\/svetslik.si\/wp-content\/uploads\/2024\/09\/slike-na-platnu-e195-4-150x95.jpg 150w, https:\/\/svetslik.si\/wp-content\/uploads\/2024\/09\/slike-na-platnu-e195-4-900x567.jpg 900w\" sizes=\"(max-width: 1000px) 100vw, 1000px\" \/>\t\t\t\t<\/div>\n\t\t\t\t\t\t\t\t\t\t\t<\/div>\n\t<\/div>\n  [\/vc_column][\/vc_row][vc_row css=&#8221;.vc_custom_1661405884285{margin-bottom: 10px !important;}&#8221;][vc_column]\t<div class=\"et-image-177 et-image     et_image_link\">\n\t\t<div class=\"et-image-inner \">\n\t\t\t\t\t\t\t<div class=\"et-image-thumb \">\n\t\t\t\t\t<img decoding=\"async\" width=\"1000\" height=\"563\" src=\"https:\/\/svetslik.si\/wp-content\/uploads\/2024\/09\/slike-na-platnu-e195-3.jpg\" class=\"attachment-full\" alt=\"V\u00e1szonfestm\u00e9nyek - E195\" title=\"V\u00e1szonfestm\u00e9nyek - E195\" srcset=\"https:\/\/svetslik.si\/wp-content\/uploads\/2024\/09\/slike-na-platnu-e195-3.jpg 1000w, https:\/\/svetslik.si\/wp-content\/uploads\/2024\/09\/slike-na-platnu-e195-3-600x338.jpg 600w, https:\/\/svetslik.si\/wp-content\/uploads\/2024\/09\/slike-na-platnu-e195-3-300x169.jpg 300w, https:\/\/svetslik.si\/wp-content\/uploads\/2024\/09\/slike-na-platnu-e195-3-768x432.jpg 768w, https:\/\/svetslik.si\/wp-content\/uploads\/2024\/09\/slike-na-platnu-e195-3-150x84.jpg 150w, https:\/\/svetslik.si\/wp-content\/uploads\/2024\/09\/slike-na-platnu-e195-3-900x507.jpg 900w\" sizes=\"(max-width: 1000px) 100vw, 1000px\" \/>\t\t\t\t<\/div>\n\t\t\t\t\t\t\t\t\t\t\t<\/div>\n\t<\/div>\n  [\/vc_column][\/vc_row]\n<\/div>","protected":false},"excerpt":{"rendered":"<p>[vc_row css=&#8221;.vc_custom_1661405884285{margin-bottom: 10px !important;}&#8221;][vc_column][\/vc_column][\/vc_row][vc_row css=&#8221;.vc_custom_1661405884285{margin-bottom: 10px !important;}&#8221;][vc_column][\/vc_column][\/vc_row][vc_row css=&#8221;.vc_custom_1661405884285{margin-bottom: 10px !important;}&#8221;][vc_column][\/vc_column][\/vc_row][vc_row css=&#8221;.vc_custom_1661405884285{margin-bottom: 10px !important;}&#8221;][vc_column][\/vc_column][\/vc_row]<\/p>\n","protected":false},"featured_media":109287,"template":"","meta":{"_acf_changed":false},"product_brand":[],"product_cat":[7153],"product_tag":[11945,11944,11952,11950,11955,11951,11948,11949,11954,11946,11947,11953],"class_list":{"0":"post-109235","1":"product","2":"type-product","3":"status-publish","4":"has-post-thumbnail","6":"product_cat-vaszonkepek-egyseges","7":"product_tag-abstraktne-slike-hu","8":"product_tag-dekorativne-slike-hu","9":"product_tag-moderne-slike-hu","10":"product_tag-prodaja-slik-hu","11":"product_tag-slike-na-platnu-hu","12":"product_tag-slike-za-dnevno-sobo-hu","13":"product_tag-slike-za-na-steno-hu","14":"product_tag-slike-za-v-dnevno-sobo-hu","15":"product_tag-spletna-galerija-hu","16":"product_tag-stenska-dekoracija-hu","17":"product_tag-stenske-slike-hu","18":"product_tag-umetniske-slike-hu","19":"pa_dimenzija-100-cm-x-139-cm-hu","20":"pa_dimenzija-110-cm-x-153-cm-hu","21":"pa_dimenzija-120-cm-x-167-cm-hu","22":"pa_dimenzija-130-cm-x-181-cm-hu","23":"pa_dimenzija-140-cm-x-195-cm-hu","24":"pa_dimenzija-150-cm-x-209-cm-hu","25":"pa_dimenzija-160-cm-x-223-cm-hu","26":"pa_dimenzija-170-cm-x-237-cm-hu","27":"pa_dimenzija-180-cm-x-251-cm-hu","28":"pa_dimenzija-200-cm-x-279-cm-hu","29":"pa_dimenzija-40-cm-x-55-cm-hu","30":"pa_dimenzija-50-cm-x-69-cm-hu","31":"pa_dimenzija-60-cm-x-83-cm-hu","32":"pa_dimenzija-70-cm-x-97-cm-hu","33":"pa_dimenzija-80-cm-x-111-cm-hu","34":"pa_dimenzija-90-cm-x-125-cm-hu","35":"pa_oblika-fuggoleges","36":"pa_okvir-nincs-keret","37":"pa_podokvir-igen","38":"pa_podokvir-nem","40":"first","41":"onbackorder","42":"purchasable","43":"product-type-variable","44":"has-default-attributes"},"acf":[],"yoast_head":"<!-- This site is optimized with the Yoast SEO Premium plugin v26.0 (Yoast SEO v27.2) - https:\/\/yoast.com\/product\/yoast-seo-premium-wordpress\/ -->\n<title>V\u00e1szonfestm\u00e9nyek - E195 - SVETSLIK.SI - 100% k\u00e9zzel festett<\/title>\n<meta name=\"description\" content=\"V\u00e1szonfestm\u00e9nyek - E195 - 100% k\u00e9zzel festett v\u00e1szonfestm\u00e9nyek. Festm\u00e9nyek elad\u00e1sa - moderne festm\u00e9nyek, absztrakt festm\u00e9nyek, olajfestm\u00e9nyek, egyedi rendel\u00e9sre k\u00e9sz\u00edtett festm\u00e9nyek \u00e9s k\u00e9pkeretez\u00e9s.\" \/>\n<meta name=\"robots\" content=\"index, follow, max-snippet:-1, max-image-preview:large, max-video-preview:-1\" \/>\n<link rel=\"canonical\" href=\"https:\/\/svetslik.si\/hu\/vaszonkepek-egyseges\/vaszonfestmenyek-e195\/\" \/>\n<meta property=\"og:locale\" content=\"hu_HU\" \/>\n<meta property=\"og:type\" content=\"article\" \/>\n<meta property=\"og:title\" content=\"V\u00e1szonfestm\u00e9nyek - E195\" \/>\n<meta property=\"og:description\" content=\"100% ro\u010dno naslikane slike na platnu, reprodukcije znanih slikarjev in umetni\u0161ke slike po naro\u010dilu.\" \/>\n<meta property=\"og:url\" content=\"https:\/\/svetslik.si\/hu\/vaszonkepek-egyseges\/vaszonfestmenyek-e195\/\" \/>\n<meta property=\"og:site_name\" content=\"SVETSLIK.SI\" \/>\n<meta property=\"article:publisher\" content=\"https:\/\/www.facebook.com\/svetslik.si\" \/>\n<meta property=\"article:modified_time\" content=\"2026-03-22T12:56:37+00:00\" \/>\n<meta property=\"og:image\" content=\"https:\/\/svetslik.si\/wp-content\/uploads\/2024\/09\/stenske-slike-na-platnu-2.jpg\" \/>\n\t<meta property=\"og:image:width\" content=\"1136\" \/>\n\t<meta property=\"og:image:height\" content=\"1580\" \/>\n\t<meta property=\"og:image:type\" content=\"image\/jpeg\" \/>\n<meta name=\"twitter:card\" content=\"summary_large_image\" \/>\n<meta name=\"twitter:site\" content=\"@svetslik\" \/>\n<meta name=\"twitter:label1\" content=\"El\u00e9rhet\u0151s\u00e9g\" \/>\n\t<meta name=\"twitter:data1\" content=\"Beszerz\u00e9s alatt\" \/>\n<script type=\"application\/ld+json\" class=\"yoast-schema-graph\">{\"@context\":\"https:\/\/schema.org\",\"@graph\":[{\"@type\":[\"WebPage\",\"ItemPage\"],\"@id\":\"https:\/\/svetslik.si\/hu\/vaszonkepek-egyseges\/vaszonfestmenyek-e195\/\",\"url\":\"https:\/\/svetslik.si\/hu\/vaszonkepek-egyseges\/vaszonfestmenyek-e195\/\",\"name\":\"V\u00e1szonfestm\u00e9nyek - E195 - SVETSLIK.SI - 100% k\u00e9zzel festett\",\"isPartOf\":{\"@id\":\"https:\/\/svetslik.si\/hu\/#website\"},\"primaryImageOfPage\":{\"@id\":\"https:\/\/svetslik.si\/hu\/vaszonkepek-egyseges\/vaszonfestmenyek-e195\/#primaryimage\"},\"image\":{\"@id\":\"https:\/\/svetslik.si\/hu\/vaszonkepek-egyseges\/vaszonfestmenyek-e195\/#primaryimage\"},\"thumbnailUrl\":\"https:\/\/svetslik.si\/wp-content\/uploads\/2024\/09\/stenske-slike-na-platnu-2.jpg\",\"datePublished\":\"2024-09-02T21:30:48+00:00\",\"dateModified\":\"2026-03-22T12:56:37+00:00\",\"description\":\"V\u00e1szonfestm\u00e9nyek - E195 - 100% k\u00e9zzel festett v\u00e1szonfestm\u00e9nyek. Festm\u00e9nyek elad\u00e1sa - moderne festm\u00e9nyek, absztrakt festm\u00e9nyek, olajfestm\u00e9nyek, egyedi rendel\u00e9sre k\u00e9sz\u00edtett festm\u00e9nyek \u00e9s k\u00e9pkeretez\u00e9s.\",\"breadcrumb\":{\"@id\":\"https:\/\/svetslik.si\/hu\/vaszonkepek-egyseges\/vaszonfestmenyek-e195\/#breadcrumb\"},\"inLanguage\":\"hu\",\"potentialAction\":[{\"@type\":\"ReadAction\",\"target\":[\"https:\/\/svetslik.si\/hu\/vaszonkepek-egyseges\/vaszonfestmenyek-e195\/\"]}]},{\"@type\":\"ImageObject\",\"inLanguage\":\"hu\",\"@id\":\"https:\/\/svetslik.si\/hu\/vaszonkepek-egyseges\/vaszonfestmenyek-e195\/#primaryimage\",\"url\":\"https:\/\/svetslik.si\/wp-content\/uploads\/2024\/09\/stenske-slike-na-platnu-2.jpg\",\"contentUrl\":\"https:\/\/svetslik.si\/wp-content\/uploads\/2024\/09\/stenske-slike-na-platnu-2.jpg\",\"width\":1136,\"height\":1580,\"caption\":\"V\u00e1szonfestm\u00e9nyek - E195\"},{\"@type\":\"BreadcrumbList\",\"@id\":\"https:\/\/svetslik.si\/hu\/vaszonkepek-egyseges\/vaszonfestmenyek-e195\/#breadcrumb\",\"itemListElement\":[{\"@type\":\"ListItem\",\"position\":1,\"name\":\"Wall art and paintings on canvas\",\"item\":\"https:\/\/svetslik.si\/hu\/\"},{\"@type\":\"ListItem\",\"position\":2,\"name\":\"Festm\u00e9nyek elad\u00e1sa\",\"item\":\"https:\/\/svetslik.si\/prodaja-slik\/\"},{\"@type\":\"ListItem\",\"position\":3,\"name\":\"V\u00e1szonfestm\u00e9nyek &#8211; E195\"}]},{\"@type\":\"WebSite\",\"@id\":\"https:\/\/svetslik.si\/hu\/#website\",\"url\":\"https:\/\/svetslik.si\/hu\/\",\"name\":\"SVETSLIK.SI\",\"description\":\"100%-ban k\u00e9zzel festett reprodukci\u00f3k h\u00edres fest\u0151k festm\u00e9nyeir\u0151l \u00e9s festm\u00e9nyekr\u0151l v\u00e1szonra.\",\"publisher\":{\"@id\":\"https:\/\/svetslik.si\/hu\/#organization\"},\"potentialAction\":[{\"@type\":\"SearchAction\",\"target\":{\"@type\":\"EntryPoint\",\"urlTemplate\":\"https:\/\/svetslik.si\/hu\/?s={search_term_string}\"},\"query-input\":{\"@type\":\"PropertyValueSpecification\",\"valueRequired\":true,\"valueName\":\"search_term_string\"}}],\"inLanguage\":\"hu\"},{\"@type\":\"Organization\",\"@id\":\"https:\/\/svetslik.si\/hu\/#organization\",\"name\":\"SvetSlik.si\",\"url\":\"https:\/\/svetslik.si\/hu\/\",\"logo\":{\"@type\":\"ImageObject\",\"inLanguage\":\"hu\",\"@id\":\"https:\/\/svetslik.si\/hu\/#\/schema\/logo\/image\/\",\"url\":\"https:\/\/svetslik.si\/wp-content\/uploads\/2020\/12\/logo-512.png\",\"contentUrl\":\"https:\/\/svetslik.si\/wp-content\/uploads\/2020\/12\/logo-512.png\",\"width\":512,\"height\":512,\"caption\":\"SvetSlik.si\"},\"image\":{\"@id\":\"https:\/\/svetslik.si\/hu\/#\/schema\/logo\/image\/\"},\"sameAs\":[\"https:\/\/www.facebook.com\/svetslik.si\",\"https:\/\/x.com\/svetslik\",\"https:\/\/www.instagram.com\/svetslik.si\/\",\"https:\/\/www.linkedin.com\/company\/svetslik-si\"]}]}<\/script>\n<meta property=\"og:availability\" content=\"backorder\" \/>\n<meta property=\"product:availability\" content=\"available for order\" \/>\n<meta property=\"product:retailer_item_id\" content=\"1130_11-2-3\" \/>\n<meta property=\"product:condition\" content=\"new\" \/>\n<!-- \/ Yoast SEO Premium plugin. -->","yoast_head_json":{"title":"V\u00e1szonfestm\u00e9nyek - E195 - SVETSLIK.SI - 100% k\u00e9zzel festett","description":"V\u00e1szonfestm\u00e9nyek - E195 - 100% k\u00e9zzel festett v\u00e1szonfestm\u00e9nyek. Festm\u00e9nyek elad\u00e1sa - moderne festm\u00e9nyek, absztrakt festm\u00e9nyek, olajfestm\u00e9nyek, egyedi rendel\u00e9sre k\u00e9sz\u00edtett festm\u00e9nyek \u00e9s k\u00e9pkeretez\u00e9s.","robots":{"index":"index","follow":"follow","max-snippet":"max-snippet:-1","max-image-preview":"max-image-preview:large","max-video-preview":"max-video-preview:-1"},"canonical":"https:\/\/svetslik.si\/hu\/vaszonkepek-egyseges\/vaszonfestmenyek-e195\/","og_locale":"hu_HU","og_type":"article","og_title":"V\u00e1szonfestm\u00e9nyek - E195","og_description":"100% ro\u010dno naslikane slike na platnu, reprodukcije znanih slikarjev in umetni\u0161ke slike po naro\u010dilu.","og_url":"https:\/\/svetslik.si\/hu\/vaszonkepek-egyseges\/vaszonfestmenyek-e195\/","og_site_name":"SVETSLIK.SI","article_publisher":"https:\/\/www.facebook.com\/svetslik.si","article_modified_time":"2026-03-22T12:56:37+00:00","og_image":[{"width":1136,"height":1580,"url":"https:\/\/svetslik.si\/wp-content\/uploads\/2024\/09\/stenske-slike-na-platnu-2.jpg","type":"image\/jpeg"}],"twitter_card":"summary_large_image","twitter_site":"@svetslik","twitter_misc":{"El\u00e9rhet\u0151s\u00e9g":"Beszerz\u00e9s alatt"},"schema":{"@context":"https:\/\/schema.org","@graph":[{"@type":["WebPage","ItemPage"],"@id":"https:\/\/svetslik.si\/hu\/vaszonkepek-egyseges\/vaszonfestmenyek-e195\/","url":"https:\/\/svetslik.si\/hu\/vaszonkepek-egyseges\/vaszonfestmenyek-e195\/","name":"V\u00e1szonfestm\u00e9nyek - E195 - SVETSLIK.SI - 100% k\u00e9zzel festett","isPartOf":{"@id":"https:\/\/svetslik.si\/hu\/#website"},"primaryImageOfPage":{"@id":"https:\/\/svetslik.si\/hu\/vaszonkepek-egyseges\/vaszonfestmenyek-e195\/#primaryimage"},"image":{"@id":"https:\/\/svetslik.si\/hu\/vaszonkepek-egyseges\/vaszonfestmenyek-e195\/#primaryimage"},"thumbnailUrl":"https:\/\/svetslik.si\/wp-content\/uploads\/2024\/09\/stenske-slike-na-platnu-2.jpg","datePublished":"2024-09-02T21:30:48+00:00","dateModified":"2026-03-22T12:56:37+00:00","description":"V\u00e1szonfestm\u00e9nyek - E195 - 100% k\u00e9zzel festett v\u00e1szonfestm\u00e9nyek. Festm\u00e9nyek elad\u00e1sa - moderne festm\u00e9nyek, absztrakt festm\u00e9nyek, olajfestm\u00e9nyek, egyedi rendel\u00e9sre k\u00e9sz\u00edtett festm\u00e9nyek \u00e9s k\u00e9pkeretez\u00e9s.","breadcrumb":{"@id":"https:\/\/svetslik.si\/hu\/vaszonkepek-egyseges\/vaszonfestmenyek-e195\/#breadcrumb"},"inLanguage":"hu","potentialAction":[{"@type":"ReadAction","target":["https:\/\/svetslik.si\/hu\/vaszonkepek-egyseges\/vaszonfestmenyek-e195\/"]}]},{"@type":"ImageObject","inLanguage":"hu","@id":"https:\/\/svetslik.si\/hu\/vaszonkepek-egyseges\/vaszonfestmenyek-e195\/#primaryimage","url":"https:\/\/svetslik.si\/wp-content\/uploads\/2024\/09\/stenske-slike-na-platnu-2.jpg","contentUrl":"https:\/\/svetslik.si\/wp-content\/uploads\/2024\/09\/stenske-slike-na-platnu-2.jpg","width":1136,"height":1580,"caption":"V\u00e1szonfestm\u00e9nyek - E195"},{"@type":"BreadcrumbList","@id":"https:\/\/svetslik.si\/hu\/vaszonkepek-egyseges\/vaszonfestmenyek-e195\/#breadcrumb","itemListElement":[{"@type":"ListItem","position":1,"name":"Wall art and paintings on canvas","item":"https:\/\/svetslik.si\/hu\/"},{"@type":"ListItem","position":2,"name":"Festm\u00e9nyek elad\u00e1sa","item":"https:\/\/svetslik.si\/prodaja-slik\/"},{"@type":"ListItem","position":3,"name":"V\u00e1szonfestm\u00e9nyek &#8211; E195"}]},{"@type":"WebSite","@id":"https:\/\/svetslik.si\/hu\/#website","url":"https:\/\/svetslik.si\/hu\/","name":"SVETSLIK.SI","description":"100%-ban k\u00e9zzel festett reprodukci\u00f3k h\u00edres fest\u0151k festm\u00e9nyeir\u0151l \u00e9s festm\u00e9nyekr\u0151l v\u00e1szonra.","publisher":{"@id":"https:\/\/svetslik.si\/hu\/#organization"},"potentialAction":[{"@type":"SearchAction","target":{"@type":"EntryPoint","urlTemplate":"https:\/\/svetslik.si\/hu\/?s={search_term_string}"},"query-input":{"@type":"PropertyValueSpecification","valueRequired":true,"valueName":"search_term_string"}}],"inLanguage":"hu"},{"@type":"Organization","@id":"https:\/\/svetslik.si\/hu\/#organization","name":"SvetSlik.si","url":"https:\/\/svetslik.si\/hu\/","logo":{"@type":"ImageObject","inLanguage":"hu","@id":"https:\/\/svetslik.si\/hu\/#\/schema\/logo\/image\/","url":"https:\/\/svetslik.si\/wp-content\/uploads\/2020\/12\/logo-512.png","contentUrl":"https:\/\/svetslik.si\/wp-content\/uploads\/2020\/12\/logo-512.png","width":512,"height":512,"caption":"SvetSlik.si"},"image":{"@id":"https:\/\/svetslik.si\/hu\/#\/schema\/logo\/image\/"},"sameAs":["https:\/\/www.facebook.com\/svetslik.si","https:\/\/x.com\/svetslik","https:\/\/www.instagram.com\/svetslik.si\/","https:\/\/www.linkedin.com\/company\/svetslik-si"]}]},"og_availability":"backorder","product_availability":"available for order","product_retailer_item_id":"1130_11-2-3","product_condition":"new"},"jetpack_sharing_enabled":true,"_links":{"self":[{"href":"https:\/\/svetslik.si\/hu\/wp-json\/wp\/v2\/product\/109235","targetHints":{"allow":["GET"]}}],"collection":[{"href":"https:\/\/svetslik.si\/hu\/wp-json\/wp\/v2\/product"}],"about":[{"href":"https:\/\/svetslik.si\/hu\/wp-json\/wp\/v2\/types\/product"}],"wp:featuredmedia":[{"embeddable":true,"href":"https:\/\/svetslik.si\/hu\/wp-json\/wp\/v2\/media\/109287"}],"wp:attachment":[{"href":"https:\/\/svetslik.si\/hu\/wp-json\/wp\/v2\/media?parent=109235"}],"wp:term":[{"taxonomy":"product_brand","embeddable":true,"href":"https:\/\/svetslik.si\/hu\/wp-json\/wp\/v2\/product_brand?post=109235"},{"taxonomy":"product_cat","embeddable":true,"href":"https:\/\/svetslik.si\/hu\/wp-json\/wp\/v2\/product_cat?post=109235"},{"taxonomy":"product_tag","embeddable":true,"href":"https:\/\/svetslik.si\/hu\/wp-json\/wp\/v2\/product_tag?post=109235"}],"curies":[{"name":"wp","href":"https:\/\/api.w.org\/{rel}","templated":true}]}}