{"id":5152,"date":"2021-09-02T17:48:16","date_gmt":"2021-09-02T15:48:16","guid":{"rendered":"https:\/\/svetslik.erzo.eu\/product\/kamniske-planine-z-mengeskega-polja\/"},"modified":"2026-03-22T19:43:12","modified_gmt":"2026-03-22T18:43:12","slug":"kamniske-planine-z-mengeskega-polja","status":"publish","type":"product","link":"https:\/\/svetslik.si\/hu\/ak1\/kamniske-planine-z-mengeskega-polja\/","title":{"rendered":"Kamni\u0161ke planine z Menge\u0161kega polja"},"content":{"rendered":"<p>\n&nbsp;<\/p>\n<table border=\"0\" cellpadding=\"0\" cellspacing=\"0\" style=\"width: 673px\" width=\"673\" x_str=\"\">\n<tbody>\n<tr height=\"21\">\n<td height=\"21\" style=\"width: 180px; height: 21px\">\nLeto nastanka:<\/td>\n<td style=\"width: 493px\">\nNi podatka<\/td>\n<\/tr>\n<tr height=\"21\">\n<td height=\"21\" style=\"width: 180px; height: 21px\">\nOriginalna velikost:<\/td>\n<td style=\"width: 493px\">\n66 cm x 53,3 cm<\/td>\n<\/tr>\n<tr height=\"21\">\n<td height=\"21\" style=\"width: 180px; height: 21px\">\nSlikarski slog:<\/td>\n<td style=\"width: 493px\">\nRomantika<\/td>\n<\/tr>\n<tr height=\"21\">\n<td height=\"21\" style=\"width: 180px; height: 21px\">\nOriginalna tehnika:<\/td>\n<td>\nOlje na platno<\/td>\n<\/tr>\n<tr height=\"21\">\n<td height=\"21\" style=\"width: 180px; height: 21px\">\nNahaja se:<\/td>\n<td>\nNarodna galerija Ljubljana<\/td>\n<\/tr>\n<\/tbody>\n<colgroup>\n<col \/>\n<col \/>\n<\/colgroup>\n<\/table>\n","protected":false},"excerpt":{"rendered":"<p>&nbsp; Leto nastanka: Ni podatka Originalna velikost: 66 cm x 53,3 cm Slikarski slog: Romantika Originalna tehnika: Olje na platno Nahaja se: Narodna galerija Ljubljana<\/p>\n","protected":false},"featured_media":2986,"template":"","meta":{"_acf_changed":false},"product_brand":[],"product_cat":[168],"product_tag":[],"class_list":{"0":"post-5152","1":"product","2":"type-product","3":"status-publish","4":"has-post-thumbnail","6":"product_cat-ak1","7":"pa_dimenzija-100-x-80-cm","8":"pa_dimenzija-110-x-90-cm","9":"pa_dimenzija-120-x-100-cm","10":"pa_dimenzija-140-x-110-cm","11":"pa_dimenzija-160-x-130-cm","12":"pa_dimenzija-50-x-40-cm","13":"pa_dimenzija-66-x-53-cm","14":"pa_dimenzija-90-x-70-cm","15":"pa_oblika-vodoravna","16":"pa_okvir-brez-okvirja","17":"pa_podokvir-da","18":"pa_podokvir-ne","20":"first","21":"onbackorder","22":"purchasable","23":"product-type-variable","24":"has-default-attributes"},"acf":[],"yoast_head":"<!-- This site is optimized with the Yoast SEO Premium plugin v26.0 (Yoast SEO v27.2) - https:\/\/yoast.com\/product\/yoast-seo-premium-wordpress\/ -->\n<title>Kamni\u0161ke planine z Menge\u0161kega polja - SVETSLIK.SI<\/title>\n<meta name=\"description\" content=\"%Kamni\u0161ke planine z Menge\u0161kega polja fest\u0151 ak1% festm\u00e9ny\u00e9nek k\u00e9zzel festett reprodukci\u00f3ja. Fali m\u0171v\u00e9szet, festm\u00e9nyek v\u00e1szonra, modern festm\u00e9nyek, absztrakt festm\u00e9nyek \u00e9s egyedi festett festm\u00e9nyek megrendel\u00e9sre.\" \/>\n<meta name=\"robots\" content=\"index, follow, max-snippet:-1, max-image-preview:large, max-video-preview:-1\" \/>\n<link rel=\"canonical\" href=\"https:\/\/svetslik.si\/hu\/ak1\/kamniske-planine-z-mengeskega-polja\/\" \/>\n<meta property=\"og:locale\" content=\"hu_HU\" \/>\n<meta property=\"og:type\" content=\"article\" \/>\n<meta property=\"og:title\" content=\"Kamni\u0161ke planine z Menge\u0161kega polja\" \/>\n<meta property=\"og:description\" content=\"100% ro\u010dno naslikane slike na platnu, reprodukcije znanih slikarjev in umetni\u0161ke slike po naro\u010dilu.\" \/>\n<meta property=\"og:url\" content=\"https:\/\/svetslik.si\/hu\/ak1\/kamniske-planine-z-mengeskega-polja\/\" \/>\n<meta property=\"og:site_name\" content=\"SVETSLIK.SI\" \/>\n<meta property=\"article:publisher\" content=\"https:\/\/www.facebook.com\/svetslik.si\" \/>\n<meta property=\"article:modified_time\" content=\"2026-03-22T18:43:12+00:00\" \/>\n<meta property=\"og:image\" content=\"https:\/\/svetslik.si\/wp-content\/uploads\/2021\/08\/image_Kamniske-planine-z-Mengeskega-polja_680.jpg\" \/>\n\t<meta property=\"og:image:width\" content=\"1600\" \/>\n\t<meta property=\"og:image:height\" content=\"1274\" \/>\n\t<meta property=\"og:image:type\" content=\"image\/jpeg\" \/>\n<meta name=\"twitter:card\" content=\"summary_large_image\" \/>\n<meta name=\"twitter:site\" content=\"@svetslik\" \/>\n<meta name=\"twitter:label1\" content=\"El\u00e9rhet\u0151s\u00e9g\" \/>\n\t<meta name=\"twitter:data1\" content=\"Beszerz\u00e9s alatt\" \/>\n<script type=\"application\/ld+json\" class=\"yoast-schema-graph\">{\"@context\":\"https:\/\/schema.org\",\"@graph\":[{\"@type\":[\"WebPage\",\"ItemPage\"],\"@id\":\"https:\/\/svetslik.si\/hu\/ak1\/kamniske-planine-z-mengeskega-polja\/\",\"url\":\"https:\/\/svetslik.si\/hu\/ak1\/kamniske-planine-z-mengeskega-polja\/\",\"name\":\"Kamni\u0161ke planine z Menge\u0161kega polja - SVETSLIK.SI\",\"isPartOf\":{\"@id\":\"https:\/\/svetslik.si\/hu\/#website\"},\"primaryImageOfPage\":{\"@id\":\"https:\/\/svetslik.si\/hu\/ak1\/kamniske-planine-z-mengeskega-polja\/#primaryimage\"},\"image\":{\"@id\":\"https:\/\/svetslik.si\/hu\/ak1\/kamniske-planine-z-mengeskega-polja\/#primaryimage\"},\"thumbnailUrl\":\"https:\/\/svetslik.si\/wp-content\/uploads\/2021\/08\/image_Kamniske-planine-z-Mengeskega-polja_680.jpg\",\"datePublished\":\"2021-09-02T15:48:16+00:00\",\"dateModified\":\"2026-03-22T18:43:12+00:00\",\"description\":\"%Kamni\u0161ke planine z Menge\u0161kega polja fest\u0151 ak1% festm\u00e9ny\u00e9nek k\u00e9zzel festett reprodukci\u00f3ja. Fali m\u0171v\u00e9szet, festm\u00e9nyek v\u00e1szonra, modern festm\u00e9nyek, absztrakt festm\u00e9nyek \u00e9s egyedi festett festm\u00e9nyek megrendel\u00e9sre.\",\"breadcrumb\":{\"@id\":\"https:\/\/svetslik.si\/hu\/ak1\/kamniske-planine-z-mengeskega-polja\/#breadcrumb\"},\"inLanguage\":\"hu\",\"potentialAction\":[{\"@type\":\"ReadAction\",\"target\":[\"https:\/\/svetslik.si\/hu\/ak1\/kamniske-planine-z-mengeskega-polja\/\"]}]},{\"@type\":\"ImageObject\",\"inLanguage\":\"hu\",\"@id\":\"https:\/\/svetslik.si\/hu\/ak1\/kamniske-planine-z-mengeskega-polja\/#primaryimage\",\"url\":\"https:\/\/svetslik.si\/wp-content\/uploads\/2021\/08\/image_Kamniske-planine-z-Mengeskega-polja_680.jpg\",\"contentUrl\":\"https:\/\/svetslik.si\/wp-content\/uploads\/2021\/08\/image_Kamniske-planine-z-Mengeskega-polja_680.jpg\",\"width\":1600,\"height\":1274,\"caption\":\"image_Kamniske-planine-z-Mengeske-polje_680\"},{\"@type\":\"BreadcrumbList\",\"@id\":\"https:\/\/svetslik.si\/hu\/ak1\/kamniske-planine-z-mengeskega-polja\/#breadcrumb\",\"itemListElement\":[{\"@type\":\"ListItem\",\"position\":1,\"name\":\"Wall art and paintings on canvas\",\"item\":\"https:\/\/svetslik.si\/hu\/\"},{\"@type\":\"ListItem\",\"position\":2,\"name\":\"Festm\u00e9nyek elad\u00e1sa\",\"item\":\"https:\/\/svetslik.si\/prodaja-slik\/\"},{\"@type\":\"ListItem\",\"position\":3,\"name\":\"Kamni\u0161ke planine z Menge\u0161kega polja\"}]},{\"@type\":\"WebSite\",\"@id\":\"https:\/\/svetslik.si\/hu\/#website\",\"url\":\"https:\/\/svetslik.si\/hu\/\",\"name\":\"SVETSLIK.SI\",\"description\":\"100%-ban k\u00e9zzel festett reprodukci\u00f3k h\u00edres fest\u0151k festm\u00e9nyeir\u0151l \u00e9s festm\u00e9nyekr\u0151l v\u00e1szonra.\",\"publisher\":{\"@id\":\"https:\/\/svetslik.si\/hu\/#organization\"},\"potentialAction\":[{\"@type\":\"SearchAction\",\"target\":{\"@type\":\"EntryPoint\",\"urlTemplate\":\"https:\/\/svetslik.si\/hu\/?s={search_term_string}\"},\"query-input\":{\"@type\":\"PropertyValueSpecification\",\"valueRequired\":true,\"valueName\":\"search_term_string\"}}],\"inLanguage\":\"hu\"},{\"@type\":\"Organization\",\"@id\":\"https:\/\/svetslik.si\/hu\/#organization\",\"name\":\"SvetSlik.si\",\"url\":\"https:\/\/svetslik.si\/hu\/\",\"logo\":{\"@type\":\"ImageObject\",\"inLanguage\":\"hu\",\"@id\":\"https:\/\/svetslik.si\/hu\/#\/schema\/logo\/image\/\",\"url\":\"https:\/\/svetslik.si\/wp-content\/uploads\/2020\/12\/logo-512.png\",\"contentUrl\":\"https:\/\/svetslik.si\/wp-content\/uploads\/2020\/12\/logo-512.png\",\"width\":512,\"height\":512,\"caption\":\"SvetSlik.si\"},\"image\":{\"@id\":\"https:\/\/svetslik.si\/hu\/#\/schema\/logo\/image\/\"},\"sameAs\":[\"https:\/\/www.facebook.com\/svetslik.si\",\"https:\/\/x.com\/svetslik\",\"https:\/\/www.instagram.com\/svetslik.si\/\",\"https:\/\/www.linkedin.com\/company\/svetslik-si\"]}]}<\/script>\n<meta property=\"og:availability\" content=\"backorder\" \/>\n<meta property=\"product:availability\" content=\"available for order\" \/>\n<meta property=\"product:retailer_item_id\" content=\"186__\" \/>\n<meta property=\"product:condition\" content=\"new\" \/>\n<!-- \/ Yoast SEO Premium plugin. -->","yoast_head_json":{"title":"Kamni\u0161ke planine z Menge\u0161kega polja - SVETSLIK.SI","description":"%Kamni\u0161ke planine z Menge\u0161kega polja fest\u0151 ak1% festm\u00e9ny\u00e9nek k\u00e9zzel festett reprodukci\u00f3ja. Fali m\u0171v\u00e9szet, festm\u00e9nyek v\u00e1szonra, modern festm\u00e9nyek, absztrakt festm\u00e9nyek \u00e9s egyedi festett festm\u00e9nyek megrendel\u00e9sre.","robots":{"index":"index","follow":"follow","max-snippet":"max-snippet:-1","max-image-preview":"max-image-preview:large","max-video-preview":"max-video-preview:-1"},"canonical":"https:\/\/svetslik.si\/hu\/ak1\/kamniske-planine-z-mengeskega-polja\/","og_locale":"hu_HU","og_type":"article","og_title":"Kamni\u0161ke planine z Menge\u0161kega polja","og_description":"100% ro\u010dno naslikane slike na platnu, reprodukcije znanih slikarjev in umetni\u0161ke slike po naro\u010dilu.","og_url":"https:\/\/svetslik.si\/hu\/ak1\/kamniske-planine-z-mengeskega-polja\/","og_site_name":"SVETSLIK.SI","article_publisher":"https:\/\/www.facebook.com\/svetslik.si","article_modified_time":"2026-03-22T18:43:12+00:00","og_image":[{"width":1600,"height":1274,"url":"https:\/\/svetslik.si\/wp-content\/uploads\/2021\/08\/image_Kamniske-planine-z-Mengeskega-polja_680.jpg","type":"image\/jpeg"}],"twitter_card":"summary_large_image","twitter_site":"@svetslik","twitter_misc":{"El\u00e9rhet\u0151s\u00e9g":"Beszerz\u00e9s alatt"},"schema":{"@context":"https:\/\/schema.org","@graph":[{"@type":["WebPage","ItemPage"],"@id":"https:\/\/svetslik.si\/hu\/ak1\/kamniske-planine-z-mengeskega-polja\/","url":"https:\/\/svetslik.si\/hu\/ak1\/kamniske-planine-z-mengeskega-polja\/","name":"Kamni\u0161ke planine z Menge\u0161kega polja - SVETSLIK.SI","isPartOf":{"@id":"https:\/\/svetslik.si\/hu\/#website"},"primaryImageOfPage":{"@id":"https:\/\/svetslik.si\/hu\/ak1\/kamniske-planine-z-mengeskega-polja\/#primaryimage"},"image":{"@id":"https:\/\/svetslik.si\/hu\/ak1\/kamniske-planine-z-mengeskega-polja\/#primaryimage"},"thumbnailUrl":"https:\/\/svetslik.si\/wp-content\/uploads\/2021\/08\/image_Kamniske-planine-z-Mengeskega-polja_680.jpg","datePublished":"2021-09-02T15:48:16+00:00","dateModified":"2026-03-22T18:43:12+00:00","description":"%Kamni\u0161ke planine z Menge\u0161kega polja fest\u0151 ak1% festm\u00e9ny\u00e9nek k\u00e9zzel festett reprodukci\u00f3ja. Fali m\u0171v\u00e9szet, festm\u00e9nyek v\u00e1szonra, modern festm\u00e9nyek, absztrakt festm\u00e9nyek \u00e9s egyedi festett festm\u00e9nyek megrendel\u00e9sre.","breadcrumb":{"@id":"https:\/\/svetslik.si\/hu\/ak1\/kamniske-planine-z-mengeskega-polja\/#breadcrumb"},"inLanguage":"hu","potentialAction":[{"@type":"ReadAction","target":["https:\/\/svetslik.si\/hu\/ak1\/kamniske-planine-z-mengeskega-polja\/"]}]},{"@type":"ImageObject","inLanguage":"hu","@id":"https:\/\/svetslik.si\/hu\/ak1\/kamniske-planine-z-mengeskega-polja\/#primaryimage","url":"https:\/\/svetslik.si\/wp-content\/uploads\/2021\/08\/image_Kamniske-planine-z-Mengeskega-polja_680.jpg","contentUrl":"https:\/\/svetslik.si\/wp-content\/uploads\/2021\/08\/image_Kamniske-planine-z-Mengeskega-polja_680.jpg","width":1600,"height":1274,"caption":"image_Kamniske-planine-z-Mengeske-polje_680"},{"@type":"BreadcrumbList","@id":"https:\/\/svetslik.si\/hu\/ak1\/kamniske-planine-z-mengeskega-polja\/#breadcrumb","itemListElement":[{"@type":"ListItem","position":1,"name":"Wall art and paintings on canvas","item":"https:\/\/svetslik.si\/hu\/"},{"@type":"ListItem","position":2,"name":"Festm\u00e9nyek elad\u00e1sa","item":"https:\/\/svetslik.si\/prodaja-slik\/"},{"@type":"ListItem","position":3,"name":"Kamni\u0161ke planine z Menge\u0161kega polja"}]},{"@type":"WebSite","@id":"https:\/\/svetslik.si\/hu\/#website","url":"https:\/\/svetslik.si\/hu\/","name":"SVETSLIK.SI","description":"100%-ban k\u00e9zzel festett reprodukci\u00f3k h\u00edres fest\u0151k festm\u00e9nyeir\u0151l \u00e9s festm\u00e9nyekr\u0151l v\u00e1szonra.","publisher":{"@id":"https:\/\/svetslik.si\/hu\/#organization"},"potentialAction":[{"@type":"SearchAction","target":{"@type":"EntryPoint","urlTemplate":"https:\/\/svetslik.si\/hu\/?s={search_term_string}"},"query-input":{"@type":"PropertyValueSpecification","valueRequired":true,"valueName":"search_term_string"}}],"inLanguage":"hu"},{"@type":"Organization","@id":"https:\/\/svetslik.si\/hu\/#organization","name":"SvetSlik.si","url":"https:\/\/svetslik.si\/hu\/","logo":{"@type":"ImageObject","inLanguage":"hu","@id":"https:\/\/svetslik.si\/hu\/#\/schema\/logo\/image\/","url":"https:\/\/svetslik.si\/wp-content\/uploads\/2020\/12\/logo-512.png","contentUrl":"https:\/\/svetslik.si\/wp-content\/uploads\/2020\/12\/logo-512.png","width":512,"height":512,"caption":"SvetSlik.si"},"image":{"@id":"https:\/\/svetslik.si\/hu\/#\/schema\/logo\/image\/"},"sameAs":["https:\/\/www.facebook.com\/svetslik.si","https:\/\/x.com\/svetslik","https:\/\/www.instagram.com\/svetslik.si\/","https:\/\/www.linkedin.com\/company\/svetslik-si"]}]},"og_availability":"backorder","product_availability":"available for order","product_retailer_item_id":"186__","product_condition":"new"},"jetpack_sharing_enabled":true,"_links":{"self":[{"href":"https:\/\/svetslik.si\/hu\/wp-json\/wp\/v2\/product\/5152","targetHints":{"allow":["GET"]}}],"collection":[{"href":"https:\/\/svetslik.si\/hu\/wp-json\/wp\/v2\/product"}],"about":[{"href":"https:\/\/svetslik.si\/hu\/wp-json\/wp\/v2\/types\/product"}],"wp:featuredmedia":[{"embeddable":true,"href":"https:\/\/svetslik.si\/hu\/wp-json\/wp\/v2\/media\/2986"}],"wp:attachment":[{"href":"https:\/\/svetslik.si\/hu\/wp-json\/wp\/v2\/media?parent=5152"}],"wp:term":[{"taxonomy":"product_brand","embeddable":true,"href":"https:\/\/svetslik.si\/hu\/wp-json\/wp\/v2\/product_brand?post=5152"},{"taxonomy":"product_cat","embeddable":true,"href":"https:\/\/svetslik.si\/hu\/wp-json\/wp\/v2\/product_cat?post=5152"},{"taxonomy":"product_tag","embeddable":true,"href":"https:\/\/svetslik.si\/hu\/wp-json\/wp\/v2\/product_tag?post=5152"}],"curies":[{"name":"wp","href":"https:\/\/api.w.org\/{rel}","templated":true}]}}