{"id":51900,"date":"2021-09-02T17:41:58","date_gmt":"2021-09-02T15:41:58","guid":{"rendered":"https:\/\/svetslik.si\/nem-kategorizalt\/danae\/"},"modified":"2026-03-22T20:58:41","modified_gmt":"2026-03-22T19:58:41","slug":"danae","status":"publish","type":"product","link":"https:\/\/svetslik.si\/hu\/gustav-klimt-hu\/danae\/","title":{"rendered":"Gustav Klimt &#8211; Danae"},"content":{"rendered":"<h1>Gustav Klimt \u2013 Danae<\/h1>\n<p>&nbsp;<\/p>\n<table id=\"imageinfo\" border=\"0\" width=\"96%\" cellpadding=\"2\">\n<tbody>\n<tr>\n<td width=\"120\">L\u00e9trehoz\u00e1s \u00e9ve:<\/td>\n<td>1907-1908<\/td>\n<\/tr>\n<tr>\n<td>Eredeti m\u00e9ret:<\/td>\n<td>77 x 83 cm<\/td>\n<\/tr>\n<tr>\n<td>Fest\u00e9si st\u00edlus:<\/td>\n<td>Szecesszi\u00f3<\/td>\n<\/tr>\n<tr>\n<td>Eredeti technika:<\/td>\n<td>Olaj, v\u00e1szon<\/td>\n<\/tr>\n<tr>\n<td>Helysz\u00edn:<\/td>\n<td>National Gallery of Modern Art (GNAM), R\u00f3ma<\/td>\n<\/tr>\n<\/tbody>\n<\/table>\n<p>Danae Argos legend\u00e1s hercegn\u0151je volt. Egy j\u00f3slat miatt, miszerint az unok\u00e1ja fogja meg\u00f6lni, apja, Acrisius egy bronz f\u00f6ldalatti b\u00f6rt\u00f6nbe z\u00e1rta, t\u00e1vol a f\u00e9rfi k\u00e9r\u0151kt\u0151l. Zeusz, aki Dana\u00e9t szerette, aranyes\u0151 form\u00e1j\u00e1ban a tet\u0151n kereszt\u00fcl \u00e9rkezett a hercegn\u0151h\u00f6z. Danaja \u00f6l\u00e9be esett az aranyes\u0151, teherbe esett \u00e9s fia sz\u00fcletett. Amikor Acrisius megtudta az unok\u00e1j\u00e1t, egy l\u00e1d\u00e1ba z\u00e1rta \u0151t \u00e9s a gyermeket, \u00e9s a tengerbe hagyta \u0151ket. V\u00e9g\u00fcl Danae \u00e9s fia, Perseus megmenek\u00fclt.<\/p>\n<p><em>Danae<\/em>r\u00f3l k\u00e9sz\u00fclt \u00e9rz\u00e9ki portr\u00e9j\u00e1n Klimt a beb\u00f6rt\u00f6nz\u00f6tt hercegn\u0151t Zeusszal szeret\u0151 \u00f6lel\u00e9sben mutatja be. A legenda szerint Zeuszt amorf aranyes\u0151k\u00e9nt \u00e1br\u00e1zolj\u00e1k.<\/p>\n<p>Gustav Klimt Danae c\u00edm\u0171 k\u00e9pe a szecesszi\u00f3s mozgalom remeke, \u00e9s az osztr\u00e1k fest\u0151 egyik legh\u00edresebb \u00e9s legismertebb alkot\u00e1sa. A festm\u00e9ny Danae g\u00f6r\u00f6g m\u00edtosz\u00e1nak \u00e1br\u00e1zol\u00e1sa, egy haland\u00f3 n\u0151, akit Zeusz aranyes\u0151 form\u00e1j\u00e1ban teherbe ejtett.<\/p>\n<p>&#8220;A Danae egy k\u00f6r\u00fclbel\u00fcl 150 cm x 150 cm m\u00e9ret\u0171 olajfestm\u00e9ny v\u00e1szonra. Dana\u00e9t, egy gy\u00f6ny\u00f6r\u0171 n\u0151t \u00e1br\u00e1zol, aki a kanap\u00e9n fekszik, aranysz\u00edn\u0171 es\u0151vel k\u00f6r\u00fclv\u00e9ve. A festm\u00e9nyt mer\u00e9sz sz\u00ednhaszn\u00e1lat, egyedi mozg\u00e1s- \u00e9s \u00e9rzelem\u00e9rz\u00e9k jellemzi. A n\u0151t arany \u00e9s feh\u00e9r \u00e1rnyalataival festett\u00e9k, a h\u00e1tt\u00e9r k\u00e9k \u00e9s lila \u00e1rnyalataival, ami a festm\u00e9ny m\u00e9lys\u00e9g\u00e9nek \u00e9s mozg\u00e1s\u00e1nak \u00e9rzet\u00e9t adja. Ezen a festm\u00e9nyen az arany lev\u00e9l is szerepel, amelyet Klimt sok m\u0171v\u00e9ben haszn\u00e1lt.<\/p>\n<p>A festm\u00e9ny Danae g\u00f6r\u00f6g m\u00edtosz\u00e1nak \u00e1br\u00e1zol\u00e1sa, egy haland\u00f3 n\u0151, akit Zeusz aranyes\u0151 form\u00e1j\u00e1ban teherbe ejtett. A m\u00edtoszban apja, Akrisziosz kir\u00e1ly beb\u00f6rt\u00f6n\u00f6zte Dana\u00e9t egy toronyba, hogy ne sz\u00fclj\u00f6n fi\u00fat, aki beteljes\u00edti azt a j\u00f3slatot, miszerint Acrisiust az unok\u00e1ja fogja meg\u00f6lni. Zeusz azonban aranyes\u0151 form\u00e1j\u00e1ban \u00e9rkezett hozz\u00e1, \u00e9s megterm\u00e9keny\u00edtette. A k\u00e9pen l\u00e1that\u00f3 aranyes\u0151 Isten l\u00e1togat\u00e1s\u00e1t \u00e9s a megsz\u00fcletett gyermeket, Perszeust jelk\u00e9pezi. A bonyolult geometriai mint\u00e1kkal d\u00edsz\u00edtett h\u00e1tt\u00e9r harm\u00f3ni\u00e1t \u00e9s rendet k\u00e9pvisel az univerzumban. A festm\u00e9ny a sz\u00e9ps\u00e9g, az \u00e9rz\u00e9kis\u00e9g \u00e9s az istenis\u00e9g \u00e9rz\u00e9s\u00e9t id\u00e9zi, amely Klimt m\u0171v\u00e9szet\u00e9re jellemz\u0151.<\/p>\n<p>Klimt &#8220;Danae&#8221; c\u00edm\u0171 festm\u00e9nye a szecesszi\u00f3s mozgalom remekm\u0171ve, \u00e9s a m\u0171v\u00e9sz egyik legikonikusabb alkot\u00e1sak\u00e9nt tartj\u00e1k sz\u00e1mon. Danae g\u00f6r\u00f6g m\u00edtosz\u00e1nak \u00e1br\u00e1zol\u00e1sa, egy Zeusz \u00e1ltal megterm\u00e9keny\u00edtett haland\u00f3 n\u0151 aranyes\u0151 form\u00e1j\u00e1ban, a szerelem \u00e9s a v\u00e1gy hatalm\u00e1nak szimb\u00f3luma. A festm\u00e9nyt a m\u0171v\u00e9szet szerelmeseinek l\u00e1tnia kell, \u00e9s nagyszer\u0171 kieg\u00e9sz\u00edt\u0151je b\u00e1rmely m\u0171v\u00e9szeti gy\u0171jtem\u00e9nynek.<\/p>\n<p>R\u00f6viden, Gustav Klimt &#8220;Danae&#8221; c\u00edm\u0171 festm\u00e9nye a szecesszi\u00f3s mozgalom remeke, \u00e9s az osztr\u00e1k fest\u0151 egyik legh\u00edresebb \u00e9s legismertebb alkot\u00e1sa. Danae g\u00f6r\u00f6g m\u00edtosz\u00e1nak \u00e1br\u00e1zol\u00e1sa, egy Zeusz \u00e1ltal megterm\u00e9keny\u00edtett haland\u00f3 n\u0151 aranyes\u0151 form\u00e1j\u00e1ban, a szerelem \u00e9s a v\u00e1gy hatalm\u00e1nak szimb\u00f3luma. A festm\u00e9ny a sz\u00e9ps\u00e9g, az \u00e9rz\u00e9kis\u00e9g \u00e9s az istenis\u00e9g \u00e9rz\u00e9s\u00e9t kelti, er\u0151teljes \u00e9s \u00f6szt\u00f6nz\u0151 alkot\u00e1ss\u00e1 teszi. Az aranylev\u00e9l \u00e9s a bonyolult geometriai mint\u00e1k a h\u00e1tt\u00e9rben egyedi \u00e9s felt\u0171n\u0151 elemet adnak a k\u00e9pnek, \u00edgy a k\u00e9p val\u00f3ban kiemelkedik. A fest\u00e9szet nagyszer\u0171 m\u00f3dja annak, hogy egy csipetnyi sz\u00e9ps\u00e9get, \u00e9rz\u00e9kis\u00e9get \u00e9s istenis\u00e9get var\u00e1zsoljon b\u00e1rmely helyis\u00e9gbe, \u00edgy b\u00e1rmely m\u0171v\u00e9szeti gy\u0171jtem\u00e9ny nagyszer\u0171 kieg\u00e9sz\u00edt\u0151je.<\/p>\n","protected":false},"excerpt":{"rendered":"<p>Gustav Klimt \u2013 Danae &nbsp; L\u00e9trehoz\u00e1s \u00e9ve: 1907-1908 Eredeti m\u00e9ret: 77 x 83 cm Fest\u00e9si st\u00edlus: Szecesszi\u00f3 Eredeti technika: Olaj, v\u00e1szon Helysz\u00edn: National Gallery of Modern Art (GNAM), R\u00f3ma Danae Argos legend\u00e1s hercegn\u0151je volt. Egy j\u00f3slat miatt, miszerint az unok\u00e1ja fogja meg\u00f6lni, apja, Acrisius egy bronz f\u00f6ldalatti b\u00f6rt\u00f6nbe z\u00e1rta, t\u00e1vol [&hellip;]<\/p>\n","protected":false},"featured_media":50348,"template":"","meta":{"_acf_changed":false},"product_brand":[],"product_cat":[7143],"product_tag":[7170,7174,11885,11886,11887],"class_list":{"0":"post-51900","1":"product","2":"type-product","3":"status-publish","4":"has-post-thumbnail","6":"product_cat-gustav-klimt-hu","7":"product_tag-gustav-klimt-hu","8":"product_tag-klimt-hu","9":"product_tag-painter-hu","10":"product_tag-reproduction","11":"product_tag-reproductions-hu","12":"pa_dimenzija-100-x-100-cm-hu","13":"pa_dimenzija-120-x-120-cm-hu","14":"pa_dimenzija-150-x-150-cm-hu","15":"pa_dimenzija-50-x-50-cm-hu","16":"pa_dimenzija-60-x-60-cm-hu","17":"pa_dimenzija-80-x-80-cm-hu","18":"pa_dimenzija-83-x-77-cm-hu","19":"pa_dimenzija-90-x-90-cm-hu","20":"pa_oblika-negyzet","21":"pa_okvir-nincs-keret","22":"pa_podokvir-igen","23":"pa_podokvir-nem","25":"first","26":"onbackorder","27":"purchasable","28":"product-type-variable","29":"has-default-attributes"},"acf":[],"yoast_head":"<!-- This site is optimized with the Yoast SEO Premium plugin v26.0 (Yoast SEO v27.2) - https:\/\/yoast.com\/product\/yoast-seo-premium-wordpress\/ -->\n<title>Gustav Klimt - Danae - SVETSLIK.SI - 100% k\u00e9zzel festett<\/title>\n<meta name=\"description\" content=\"Gustav Klimt - Danae - 100% k\u00e9zzel festett h\u00edres festm\u00e9nyek reprodukci\u00f3i. Festm\u00e9nyek keretez\u00e9se, elad\u00e1sa \u00e9s egyedi rendel\u00e9sre t\u00f6rt\u00e9n\u0151 v\u00e1szonk\u00e9pek k\u00e9sz\u00edt\u00e9se.\" \/>\n<meta name=\"robots\" content=\"index, follow, max-snippet:-1, max-image-preview:large, max-video-preview:-1\" \/>\n<link rel=\"canonical\" href=\"https:\/\/svetslik.si\/hu\/gustav-klimt-hu\/danae\/\" \/>\n<meta property=\"og:locale\" content=\"hu_HU\" \/>\n<meta property=\"og:type\" content=\"article\" \/>\n<meta property=\"og:title\" content=\"Gustav Klimt - Danae\" \/>\n<meta property=\"og:description\" content=\"100% ro\u010dno naslikane slike na platnu, reprodukcije znanih slikarjev in umetni\u0161ke slike po naro\u010dilu.\" \/>\n<meta property=\"og:url\" content=\"https:\/\/svetslik.si\/hu\/gustav-klimt-hu\/danae\/\" \/>\n<meta property=\"og:site_name\" content=\"SVETSLIK.SI\" \/>\n<meta property=\"article:publisher\" content=\"https:\/\/www.facebook.com\/svetslik.si\" \/>\n<meta property=\"article:modified_time\" content=\"2026-03-22T19:58:41+00:00\" \/>\n<meta property=\"og:image\" content=\"https:\/\/svetslik.si\/wp-content\/uploads\/2021\/09\/image_Danae-Gustav-Klimt_680.jpg\" \/>\n\t<meta property=\"og:image:width\" content=\"2024\" \/>\n\t<meta property=\"og:image:height\" content=\"1960\" \/>\n\t<meta property=\"og:image:type\" content=\"image\/jpeg\" \/>\n<meta name=\"twitter:card\" content=\"summary_large_image\" \/>\n<meta name=\"twitter:site\" content=\"@svetslik\" \/>\n<meta name=\"twitter:label1\" content=\"El\u00e9rhet\u0151s\u00e9g\" \/>\n\t<meta name=\"twitter:data1\" content=\"Beszerz\u00e9s alatt\" \/>\n<script type=\"application\/ld+json\" class=\"yoast-schema-graph\">{\"@context\":\"https:\/\/schema.org\",\"@graph\":[{\"@type\":[\"WebPage\",\"ItemPage\"],\"@id\":\"https:\/\/svetslik.si\/hu\/gustav-klimt-hu\/danae\/\",\"url\":\"https:\/\/svetslik.si\/hu\/gustav-klimt-hu\/danae\/\",\"name\":\"Gustav Klimt - Danae - SVETSLIK.SI - 100% k\u00e9zzel festett\",\"isPartOf\":{\"@id\":\"https:\/\/svetslik.si\/hu\/#website\"},\"primaryImageOfPage\":{\"@id\":\"https:\/\/svetslik.si\/hu\/gustav-klimt-hu\/danae\/#primaryimage\"},\"image\":{\"@id\":\"https:\/\/svetslik.si\/hu\/gustav-klimt-hu\/danae\/#primaryimage\"},\"thumbnailUrl\":\"https:\/\/svetslik.si\/wp-content\/uploads\/2021\/09\/image_Danae-Gustav-Klimt_680.jpg\",\"datePublished\":\"2021-09-02T15:41:58+00:00\",\"dateModified\":\"2026-03-22T19:58:41+00:00\",\"description\":\"Gustav Klimt - Danae - 100% k\u00e9zzel festett h\u00edres festm\u00e9nyek reprodukci\u00f3i. Festm\u00e9nyek keretez\u00e9se, elad\u00e1sa \u00e9s egyedi rendel\u00e9sre t\u00f6rt\u00e9n\u0151 v\u00e1szonk\u00e9pek k\u00e9sz\u00edt\u00e9se.\",\"breadcrumb\":{\"@id\":\"https:\/\/svetslik.si\/hu\/gustav-klimt-hu\/danae\/#breadcrumb\"},\"inLanguage\":\"hu\",\"potentialAction\":[{\"@type\":\"ReadAction\",\"target\":[\"https:\/\/svetslik.si\/hu\/gustav-klimt-hu\/danae\/\"]}]},{\"@type\":\"ImageObject\",\"inLanguage\":\"hu\",\"@id\":\"https:\/\/svetslik.si\/hu\/gustav-klimt-hu\/danae\/#primaryimage\",\"url\":\"https:\/\/svetslik.si\/wp-content\/uploads\/2021\/09\/image_Danae-Gustav-Klimt_680.jpg\",\"contentUrl\":\"https:\/\/svetslik.si\/wp-content\/uploads\/2021\/09\/image_Danae-Gustav-Klimt_680.jpg\",\"width\":2024,\"height\":1960,\"caption\":\"Danae-Gustav-Klimt H\u00edres fest\u0151k reprodukci\u00f3i, modern falfestm\u00e9nyek, falfestm\u00e9nyek\"},{\"@type\":\"BreadcrumbList\",\"@id\":\"https:\/\/svetslik.si\/hu\/gustav-klimt-hu\/danae\/#breadcrumb\",\"itemListElement\":[{\"@type\":\"ListItem\",\"position\":1,\"name\":\"Wall art and paintings on canvas\",\"item\":\"https:\/\/svetslik.si\/hu\/\"},{\"@type\":\"ListItem\",\"position\":2,\"name\":\"Festm\u00e9nyek elad\u00e1sa\",\"item\":\"https:\/\/svetslik.si\/prodaja-slik\/\"},{\"@type\":\"ListItem\",\"position\":3,\"name\":\"Gustav Klimt &#8211; Danae\"}]},{\"@type\":\"WebSite\",\"@id\":\"https:\/\/svetslik.si\/hu\/#website\",\"url\":\"https:\/\/svetslik.si\/hu\/\",\"name\":\"SVETSLIK.SI\",\"description\":\"100%-ban k\u00e9zzel festett reprodukci\u00f3k h\u00edres fest\u0151k festm\u00e9nyeir\u0151l \u00e9s festm\u00e9nyekr\u0151l v\u00e1szonra.\",\"publisher\":{\"@id\":\"https:\/\/svetslik.si\/hu\/#organization\"},\"potentialAction\":[{\"@type\":\"SearchAction\",\"target\":{\"@type\":\"EntryPoint\",\"urlTemplate\":\"https:\/\/svetslik.si\/hu\/?s={search_term_string}\"},\"query-input\":{\"@type\":\"PropertyValueSpecification\",\"valueRequired\":true,\"valueName\":\"search_term_string\"}}],\"inLanguage\":\"hu\"},{\"@type\":\"Organization\",\"@id\":\"https:\/\/svetslik.si\/hu\/#organization\",\"name\":\"SvetSlik.si\",\"url\":\"https:\/\/svetslik.si\/hu\/\",\"logo\":{\"@type\":\"ImageObject\",\"inLanguage\":\"hu\",\"@id\":\"https:\/\/svetslik.si\/hu\/#\/schema\/logo\/image\/\",\"url\":\"https:\/\/svetslik.si\/wp-content\/uploads\/2020\/12\/logo-512.png\",\"contentUrl\":\"https:\/\/svetslik.si\/wp-content\/uploads\/2020\/12\/logo-512.png\",\"width\":512,\"height\":512,\"caption\":\"SvetSlik.si\"},\"image\":{\"@id\":\"https:\/\/svetslik.si\/hu\/#\/schema\/logo\/image\/\"},\"sameAs\":[\"https:\/\/www.facebook.com\/svetslik.si\",\"https:\/\/x.com\/svetslik\",\"https:\/\/www.instagram.com\/svetslik.si\/\",\"https:\/\/www.linkedin.com\/company\/svetslik-si\"]}]}<\/script>\n<meta property=\"og:availability\" content=\"backorder\" \/>\n<meta property=\"product:availability\" content=\"available for order\" \/>\n<meta property=\"product:retailer_item_id\" content=\"23__\" \/>\n<meta property=\"product:condition\" content=\"new\" \/>\n<!-- \/ Yoast SEO Premium plugin. -->","yoast_head_json":{"title":"Gustav Klimt - Danae - SVETSLIK.SI - 100% k\u00e9zzel festett","description":"Gustav Klimt - Danae - 100% k\u00e9zzel festett h\u00edres festm\u00e9nyek reprodukci\u00f3i. Festm\u00e9nyek keretez\u00e9se, elad\u00e1sa \u00e9s egyedi rendel\u00e9sre t\u00f6rt\u00e9n\u0151 v\u00e1szonk\u00e9pek k\u00e9sz\u00edt\u00e9se.","robots":{"index":"index","follow":"follow","max-snippet":"max-snippet:-1","max-image-preview":"max-image-preview:large","max-video-preview":"max-video-preview:-1"},"canonical":"https:\/\/svetslik.si\/hu\/gustav-klimt-hu\/danae\/","og_locale":"hu_HU","og_type":"article","og_title":"Gustav Klimt - Danae","og_description":"100% ro\u010dno naslikane slike na platnu, reprodukcije znanih slikarjev in umetni\u0161ke slike po naro\u010dilu.","og_url":"https:\/\/svetslik.si\/hu\/gustav-klimt-hu\/danae\/","og_site_name":"SVETSLIK.SI","article_publisher":"https:\/\/www.facebook.com\/svetslik.si","article_modified_time":"2026-03-22T19:58:41+00:00","og_image":[{"width":2024,"height":1960,"url":"https:\/\/svetslik.si\/wp-content\/uploads\/2021\/09\/image_Danae-Gustav-Klimt_680.jpg","type":"image\/jpeg"}],"twitter_card":"summary_large_image","twitter_site":"@svetslik","twitter_misc":{"El\u00e9rhet\u0151s\u00e9g":"Beszerz\u00e9s alatt"},"schema":{"@context":"https:\/\/schema.org","@graph":[{"@type":["WebPage","ItemPage"],"@id":"https:\/\/svetslik.si\/hu\/gustav-klimt-hu\/danae\/","url":"https:\/\/svetslik.si\/hu\/gustav-klimt-hu\/danae\/","name":"Gustav Klimt - Danae - SVETSLIK.SI - 100% k\u00e9zzel festett","isPartOf":{"@id":"https:\/\/svetslik.si\/hu\/#website"},"primaryImageOfPage":{"@id":"https:\/\/svetslik.si\/hu\/gustav-klimt-hu\/danae\/#primaryimage"},"image":{"@id":"https:\/\/svetslik.si\/hu\/gustav-klimt-hu\/danae\/#primaryimage"},"thumbnailUrl":"https:\/\/svetslik.si\/wp-content\/uploads\/2021\/09\/image_Danae-Gustav-Klimt_680.jpg","datePublished":"2021-09-02T15:41:58+00:00","dateModified":"2026-03-22T19:58:41+00:00","description":"Gustav Klimt - Danae - 100% k\u00e9zzel festett h\u00edres festm\u00e9nyek reprodukci\u00f3i. Festm\u00e9nyek keretez\u00e9se, elad\u00e1sa \u00e9s egyedi rendel\u00e9sre t\u00f6rt\u00e9n\u0151 v\u00e1szonk\u00e9pek k\u00e9sz\u00edt\u00e9se.","breadcrumb":{"@id":"https:\/\/svetslik.si\/hu\/gustav-klimt-hu\/danae\/#breadcrumb"},"inLanguage":"hu","potentialAction":[{"@type":"ReadAction","target":["https:\/\/svetslik.si\/hu\/gustav-klimt-hu\/danae\/"]}]},{"@type":"ImageObject","inLanguage":"hu","@id":"https:\/\/svetslik.si\/hu\/gustav-klimt-hu\/danae\/#primaryimage","url":"https:\/\/svetslik.si\/wp-content\/uploads\/2021\/09\/image_Danae-Gustav-Klimt_680.jpg","contentUrl":"https:\/\/svetslik.si\/wp-content\/uploads\/2021\/09\/image_Danae-Gustav-Klimt_680.jpg","width":2024,"height":1960,"caption":"Danae-Gustav-Klimt H\u00edres fest\u0151k reprodukci\u00f3i, modern falfestm\u00e9nyek, falfestm\u00e9nyek"},{"@type":"BreadcrumbList","@id":"https:\/\/svetslik.si\/hu\/gustav-klimt-hu\/danae\/#breadcrumb","itemListElement":[{"@type":"ListItem","position":1,"name":"Wall art and paintings on canvas","item":"https:\/\/svetslik.si\/hu\/"},{"@type":"ListItem","position":2,"name":"Festm\u00e9nyek elad\u00e1sa","item":"https:\/\/svetslik.si\/prodaja-slik\/"},{"@type":"ListItem","position":3,"name":"Gustav Klimt &#8211; Danae"}]},{"@type":"WebSite","@id":"https:\/\/svetslik.si\/hu\/#website","url":"https:\/\/svetslik.si\/hu\/","name":"SVETSLIK.SI","description":"100%-ban k\u00e9zzel festett reprodukci\u00f3k h\u00edres fest\u0151k festm\u00e9nyeir\u0151l \u00e9s festm\u00e9nyekr\u0151l v\u00e1szonra.","publisher":{"@id":"https:\/\/svetslik.si\/hu\/#organization"},"potentialAction":[{"@type":"SearchAction","target":{"@type":"EntryPoint","urlTemplate":"https:\/\/svetslik.si\/hu\/?s={search_term_string}"},"query-input":{"@type":"PropertyValueSpecification","valueRequired":true,"valueName":"search_term_string"}}],"inLanguage":"hu"},{"@type":"Organization","@id":"https:\/\/svetslik.si\/hu\/#organization","name":"SvetSlik.si","url":"https:\/\/svetslik.si\/hu\/","logo":{"@type":"ImageObject","inLanguage":"hu","@id":"https:\/\/svetslik.si\/hu\/#\/schema\/logo\/image\/","url":"https:\/\/svetslik.si\/wp-content\/uploads\/2020\/12\/logo-512.png","contentUrl":"https:\/\/svetslik.si\/wp-content\/uploads\/2020\/12\/logo-512.png","width":512,"height":512,"caption":"SvetSlik.si"},"image":{"@id":"https:\/\/svetslik.si\/hu\/#\/schema\/logo\/image\/"},"sameAs":["https:\/\/www.facebook.com\/svetslik.si","https:\/\/x.com\/svetslik","https:\/\/www.instagram.com\/svetslik.si\/","https:\/\/www.linkedin.com\/company\/svetslik-si"]}]},"og_availability":"backorder","product_availability":"available for order","product_retailer_item_id":"23__","product_condition":"new"},"jetpack_sharing_enabled":true,"_links":{"self":[{"href":"https:\/\/svetslik.si\/hu\/wp-json\/wp\/v2\/product\/51900","targetHints":{"allow":["GET"]}}],"collection":[{"href":"https:\/\/svetslik.si\/hu\/wp-json\/wp\/v2\/product"}],"about":[{"href":"https:\/\/svetslik.si\/hu\/wp-json\/wp\/v2\/types\/product"}],"wp:featuredmedia":[{"embeddable":true,"href":"https:\/\/svetslik.si\/hu\/wp-json\/wp\/v2\/media\/50348"}],"wp:attachment":[{"href":"https:\/\/svetslik.si\/hu\/wp-json\/wp\/v2\/media?parent=51900"}],"wp:term":[{"taxonomy":"product_brand","embeddable":true,"href":"https:\/\/svetslik.si\/hu\/wp-json\/wp\/v2\/product_brand?post=51900"},{"taxonomy":"product_cat","embeddable":true,"href":"https:\/\/svetslik.si\/hu\/wp-json\/wp\/v2\/product_cat?post=51900"},{"taxonomy":"product_tag","embeddable":true,"href":"https:\/\/svetslik.si\/hu\/wp-json\/wp\/v2\/product_tag?post=51900"}],"curies":[{"name":"wp","href":"https:\/\/api.w.org\/{rel}","templated":true}]}}