{"id":51925,"date":"2021-09-02T17:42:01","date_gmt":"2021-09-02T15:42:01","guid":{"rendered":"https:\/\/svetslik.si\/nem-kategorizalt\/judith-i\/"},"modified":"2026-03-22T20:59:42","modified_gmt":"2026-03-22T19:59:42","slug":"judith-i","status":"publish","type":"product","link":"https:\/\/svetslik.si\/hu\/gustav-klimt-hu\/judith-i\/","title":{"rendered":"Gustav Klimt &#8211; Judith I"},"content":{"rendered":"<h1>Gustav Klimt \u2013 I. Judit<\/h1>\n<p>&nbsp;<\/p>\n<table id=\"imageinfo\" border=\"0\" width=\"96%\" cellpadding=\"2\">\n<tbody>\n<tr>\n<td width=\"120\">L\u00e9trehoz\u00e1s \u00e9ve:<\/td>\n<td>1901<\/td>\n<\/tr>\n<tr>\n<td>Eredeti m\u00e9ret:<\/td>\n<td>84 x 42 cm<\/td>\n<\/tr>\n<tr>\n<td>Fest\u00e9si st\u00edlus:<\/td>\n<td>Szecesszi\u00f3<\/td>\n<\/tr>\n<tr>\n<td>Eredeti technika:<\/td>\n<td>Olaj, v\u00e1szon<\/td>\n<\/tr>\n<tr>\n<td>Helysz\u00edn:<\/td>\n<td>Belvedere, B\u00e9cs<\/td>\n<\/tr>\n<\/tbody>\n<\/table>\n<p>&nbsp;<\/p>\n<p>Judith egy zsid\u00f3 \u00f6zvegy volt, aki megmentette n\u00e9p\u00e9t az assz\u00edrok t\u00e1mad\u00e1s\u00e1t\u00f3l. Azzal az \u00fcr\u00fcggyel, hogy elhagyja n\u00e9p\u00e9t, az ellens\u00e9g t\u00e1bor\u00e1ba ment, hogy ott tal\u00e1lkozzon az assz\u00edr hadsereg parancsnok\u00e1val, Holofernesszel. Elnyerte szeretet\u00e9t \u00e9s bizalm\u00e1t, \u00e9s amikor Holofern\u00e9sz ber\u00fagott, \u00e9s r\u00e9szegen elaludt, Judith karddal lev\u00e1gta a fej\u00e9t. A zsid\u00f3k Juditot eg\u00e9szen h\u0151sn\u0151nek \u00edrt\u00e1k le, Klimt azonban v\u00e9gzetes n\u0151k\u00e9nt \u00e1br\u00e1zolta. Klimt olaj, v\u00e1szon <em>I. Judit<\/em>ja az egyik leg\u00e9rz\u00e9kibb \u00e9s legerotikusabb modern m\u0171alkot\u00e1s. Egyr\u00e9szt a sz\u00e9ps\u00e9gide\u00e1l, de egyben femme fatale \u00e9s d\u00e9moni cs\u00e1b\u00edt\u00f3, akinek \u00e9rz\u00e9kis\u00e9ge \u00e9s sz\u00e9ps\u00e9ge kegyetlens\u00e9ggel \u00e9s hatalommal keveredik.<\/p>\n<p>Gustav Klimt I. Judit c\u00edm\u0171 k\u00e9pe a szecesszi\u00f3s mozgalom remekm\u0171ve, az osztr\u00e1k fest\u0151 egyik legh\u00edresebb \u00e9s legismertebb alkot\u00e1sa. A festm\u00e9ny Judit bibliai t\u00f6rt\u00e9net\u00e9t \u00e1br\u00e1zolja, egy er\u0151s \u00e9s befoly\u00e1sos n\u0151, aki megmentette n\u00e9p\u00e9t a pusztul\u00e1st\u00f3l.<\/p>\n<p>Az I. Judit egy k\u00f6r\u00fclbel\u00fcl 100 cm x 100 cm m\u00e9ret\u0171 olajfestm\u00e9ny v\u00e1szonra. Juditot, egy gy\u00f6ny\u00f6r\u0171, hossz\u00fa v\u00f6r\u00f6s haj\u00fa n\u0151t \u00e1br\u00e1zol, aki Holofern\u00e9sz fej\u00e9t tartja, a felette aratott gy\u0151zelm\u00e9nek jelk\u00e9pe. A festm\u00e9nyt mer\u00e9sz sz\u00ednhaszn\u00e1lat, egyedi mozg\u00e1s- \u00e9s \u00e9rzelem\u00e9rz\u00e9k jellemzi. A n\u0151 v\u00f6r\u00f6s, arany \u00e9s feh\u00e9r \u00e1rnyalataival, a h\u00e1tt\u00e9r pedig k\u00e9k \u00e9s lila \u00e1rnyalatokkal van festve, \u00edgy a festm\u00e9ny a m\u00e9lys\u00e9g \u00e9s a mozg\u00e1s \u00e9rzet\u00e9t adja. Ezen a festm\u00e9nyen aranylev\u00e9l is szerepel, amelyet Klimt sok munk\u00e1j\u00e1ban haszn\u00e1lt.<\/p>\n<p>A festm\u00e9ny Judit bibliai t\u00f6rt\u00e9net\u00e9t \u00e1br\u00e1zolja, egy er\u0151s \u00e9s befoly\u00e1sos n\u0151, aki megmentette n\u00e9p\u00e9t a pusztul\u00e1st\u00f3l. A t\u00f6rt\u00e9netben Juditot elcs\u00e1b\u00edtja, majd lefejezi Holofern\u00e9sz, az assz\u00edr t\u00e1bornok, aki v\u00e1rosa elpuszt\u00edt\u00e1s\u00e1t tervezte. A festm\u00e9ny a n\u0151t \u00e1br\u00e1zolja, amint a fej\u00e9t fogja, gy\u0151zelm\u00e9nek jelk\u00e9pek\u00e9nt. A bonyolult geometriai mint\u00e1kkal d\u00edsz\u00edtett h\u00e1tt\u00e9r harm\u00f3ni\u00e1t \u00e9s rendet k\u00e9pvisel az univerzumban. A festm\u00e9ny a sz\u00e9ps\u00e9g, az er\u0151 \u00e9s a gy\u0151zelem \u00e9rz\u00e9s\u00e9t id\u00e9zi, amely Klimt m\u0171v\u00e9szet\u00e9re jellemz\u0151.<\/p>\n<p>Klimt &#8220;I. Judit&#8221; c\u00edm\u0171 festm\u00e9nye a szecesszi\u00f3s mozgalom remekm\u0171ve, \u00e9s a m\u0171v\u00e9sz egyik legikonikusabb alkot\u00e1sak\u00e9nt tartj\u00e1k sz\u00e1mon. Judit bibliai t\u00f6rt\u00e9net\u00e9nek \u00e1br\u00e1zol\u00e1sa, egy er\u0151s \u00e9s befoly\u00e1sos n\u0151, aki megmentette n\u00e9p\u00e9t a pusztul\u00e1st\u00f3l. A festm\u00e9nyt a m\u0171v\u00e9szet szerelmeseinek l\u00e1tnia kell, \u00e9s nagyszer\u0171 kieg\u00e9sz\u00edt\u0151je b\u00e1rmely m\u0171v\u00e9szeti gy\u0171jtem\u00e9nynek.<\/p>\n<p>R\u00f6viden, Gustav Klimt &#8220;I. Judit&#8221; festm\u00e9nye a szecesszi\u00f3s mozgalom remeke, \u00e9s az osztr\u00e1k fest\u0151 egyik legh\u00edresebb \u00e9s legismertebb alkot\u00e1sa. Judit bibliai t\u00f6rt\u00e9net\u00e9nek \u00e1br\u00e1zol\u00e1sa, egy er\u0151s \u00e9s befoly\u00e1sos n\u0151, aki megmentette n\u00e9p\u00e9t a pusztul\u00e1st\u00f3l. A festm\u00e9ny a sz\u00e9ps\u00e9g, az er\u0151 \u00e9s a gy\u0151zelem \u00e9rz\u00e9s\u00e9t id\u00e9zi, er\u0151teljes \u00e9s \u00f6szt\u00f6nz\u0151 alkot\u00e1ss\u00e1 teszi. Az aranylev\u00e9l haszn\u00e1lata \u00e9s a h\u00e1tt\u00e9rben tal\u00e1lhat\u00f3 bonyolult geometriai mint\u00e1k egyedi \u00e9s felt\u0171n\u0151 elemet adnak a k\u00e9pnek, \u00edgy a k\u00e9p val\u00f3ban kiemelkedik. A fest\u00e9szet nagyszer\u0171 m\u00f3dja annak, hogy er\u0151t, sz\u00e9ps\u00e9get \u00e9s gy\u0151zelmet adjon b\u00e1rmely helyis\u00e9ghez, \u00edgy nagyszer\u0171 kieg\u00e9sz\u00edt\u0151je b\u00e1rmely m\u0171v\u00e9szeti gy\u0171jtem\u00e9nynek.<\/p>\n","protected":false},"excerpt":{"rendered":"<p>Gustav Klimt \u2013 I. Judit &nbsp; L\u00e9trehoz\u00e1s \u00e9ve: 1901 Eredeti m\u00e9ret: 84 x 42 cm Fest\u00e9si st\u00edlus: Szecesszi\u00f3 Eredeti technika: Olaj, v\u00e1szon Helysz\u00edn: Belvedere, B\u00e9cs &nbsp; Judith egy zsid\u00f3 \u00f6zvegy volt, aki megmentette n\u00e9p\u00e9t az assz\u00edrok t\u00e1mad\u00e1s\u00e1t\u00f3l. Azzal az \u00fcr\u00fcggyel, hogy elhagyja n\u00e9p\u00e9t, az ellens\u00e9g t\u00e1bor\u00e1ba ment, hogy ott tal\u00e1lkozzon [&hellip;]<\/p>\n","protected":false},"featured_media":49680,"template":"","meta":{"_acf_changed":false},"product_brand":[],"product_cat":[7143],"product_tag":[7170,7174,11885,11886,11887],"class_list":{"0":"post-51925","1":"product","2":"type-product","3":"status-publish","4":"has-post-thumbnail","6":"product_cat-gustav-klimt-hu","7":"product_tag-gustav-klimt-hu","8":"product_tag-klimt-hu","9":"product_tag-painter-hu","10":"product_tag-reproduction","11":"product_tag-reproductions-hu","12":"pa_dimenzija-50-x-60-cm-hu","13":"pa_dimenzija-60-x-70-cm-hu","14":"pa_dimenzija-70-x-80-cm-hu","15":"pa_oblika-fuggoleges","16":"pa_okvir-nincs-keret","17":"pa_podokvir-igen","18":"pa_podokvir-nem","20":"first","21":"onbackorder","22":"purchasable","23":"product-type-variable","24":"has-default-attributes"},"acf":[],"yoast_head":"<!-- This site is optimized with the Yoast SEO Premium plugin v26.0 (Yoast SEO v27.2) - https:\/\/yoast.com\/product\/yoast-seo-premium-wordpress\/ -->\n<title>Gustav Klimt - Judith I - SVETSLIK.SI - 100% k\u00e9zzel festett<\/title>\n<meta name=\"description\" content=\"Gustav Klimt - Judith I - 100% k\u00e9zzel festett h\u00edres festm\u00e9nyek reprodukci\u00f3i. Festm\u00e9nyek keretez\u00e9se, elad\u00e1sa \u00e9s egyedi rendel\u00e9sre t\u00f6rt\u00e9n\u0151 v\u00e1szonk\u00e9pek k\u00e9sz\u00edt\u00e9se.\" \/>\n<meta name=\"robots\" content=\"index, follow, max-snippet:-1, max-image-preview:large, max-video-preview:-1\" \/>\n<link rel=\"canonical\" href=\"https:\/\/svetslik.si\/hu\/gustav-klimt-hu\/judith-i\/\" \/>\n<meta property=\"og:locale\" content=\"hu_HU\" \/>\n<meta property=\"og:type\" content=\"article\" \/>\n<meta property=\"og:title\" content=\"Gustav Klimt - Judith I\" \/>\n<meta property=\"og:description\" content=\"100% ro\u010dno naslikane slike na platnu, reprodukcije znanih slikarjev in umetni\u0161ke slike po naro\u010dilu.\" \/>\n<meta property=\"og:url\" content=\"https:\/\/svetslik.si\/hu\/gustav-klimt-hu\/judith-i\/\" \/>\n<meta property=\"og:site_name\" content=\"SVETSLIK.SI\" \/>\n<meta property=\"article:publisher\" content=\"https:\/\/www.facebook.com\/svetslik.si\" \/>\n<meta property=\"article:modified_time\" content=\"2026-03-22T19:59:42+00:00\" \/>\n<meta property=\"og:image\" content=\"https:\/\/svetslik.si\/wp-content\/uploads\/2021\/08\/image_Judith-I-Gustav-Klimt_680-scaled.jpg\" \/>\n\t<meta property=\"og:image:width\" content=\"1286\" \/>\n\t<meta property=\"og:image:height\" content=\"2560\" \/>\n\t<meta property=\"og:image:type\" content=\"image\/jpeg\" \/>\n<meta name=\"twitter:card\" content=\"summary_large_image\" \/>\n<meta name=\"twitter:site\" content=\"@svetslik\" \/>\n<meta name=\"twitter:label1\" content=\"El\u00e9rhet\u0151s\u00e9g\" \/>\n\t<meta name=\"twitter:data1\" content=\"Beszerz\u00e9s alatt\" \/>\n<script type=\"application\/ld+json\" class=\"yoast-schema-graph\">{\"@context\":\"https:\/\/schema.org\",\"@graph\":[{\"@type\":[\"WebPage\",\"ItemPage\"],\"@id\":\"https:\/\/svetslik.si\/hu\/gustav-klimt-hu\/judith-i\/\",\"url\":\"https:\/\/svetslik.si\/hu\/gustav-klimt-hu\/judith-i\/\",\"name\":\"Gustav Klimt - Judith I - SVETSLIK.SI - 100% k\u00e9zzel festett\",\"isPartOf\":{\"@id\":\"https:\/\/svetslik.si\/hu\/#website\"},\"primaryImageOfPage\":{\"@id\":\"https:\/\/svetslik.si\/hu\/gustav-klimt-hu\/judith-i\/#primaryimage\"},\"image\":{\"@id\":\"https:\/\/svetslik.si\/hu\/gustav-klimt-hu\/judith-i\/#primaryimage\"},\"thumbnailUrl\":\"https:\/\/svetslik.si\/wp-content\/uploads\/2021\/08\/image_Judith-I-Gustav-Klimt_680-scaled.jpg\",\"datePublished\":\"2021-09-02T15:42:01+00:00\",\"dateModified\":\"2026-03-22T19:59:42+00:00\",\"description\":\"Gustav Klimt - Judith I - 100% k\u00e9zzel festett h\u00edres festm\u00e9nyek reprodukci\u00f3i. Festm\u00e9nyek keretez\u00e9se, elad\u00e1sa \u00e9s egyedi rendel\u00e9sre t\u00f6rt\u00e9n\u0151 v\u00e1szonk\u00e9pek k\u00e9sz\u00edt\u00e9se.\",\"breadcrumb\":{\"@id\":\"https:\/\/svetslik.si\/hu\/gustav-klimt-hu\/judith-i\/#breadcrumb\"},\"inLanguage\":\"hu\",\"potentialAction\":[{\"@type\":\"ReadAction\",\"target\":[\"https:\/\/svetslik.si\/hu\/gustav-klimt-hu\/judith-i\/\"]}]},{\"@type\":\"ImageObject\",\"inLanguage\":\"hu\",\"@id\":\"https:\/\/svetslik.si\/hu\/gustav-klimt-hu\/judith-i\/#primaryimage\",\"url\":\"https:\/\/svetslik.si\/wp-content\/uploads\/2021\/08\/image_Judith-I-Gustav-Klimt_680-scaled.jpg\",\"contentUrl\":\"https:\/\/svetslik.si\/wp-content\/uploads\/2021\/08\/image_Judith-I-Gustav-Klimt_680-scaled.jpg\",\"width\":1286,\"height\":2560,\"caption\":\"Gustav Klimt - Judith I - Judith I - REPRODUKCI\u00d3I - V\u00e1szonk\u00e9p - Festm\u00e9nyek reprodukci\u00f3i - Absztrakt Festm\u00e9ny - Modern Festm\u00e9ny - Realisztikus Festm\u00e9ny - Olajfestm\u00e9ny - Falik\u00e9p\"},{\"@type\":\"BreadcrumbList\",\"@id\":\"https:\/\/svetslik.si\/hu\/gustav-klimt-hu\/judith-i\/#breadcrumb\",\"itemListElement\":[{\"@type\":\"ListItem\",\"position\":1,\"name\":\"Wall art and paintings on canvas\",\"item\":\"https:\/\/svetslik.si\/hu\/\"},{\"@type\":\"ListItem\",\"position\":2,\"name\":\"Festm\u00e9nyek elad\u00e1sa\",\"item\":\"https:\/\/svetslik.si\/prodaja-slik\/\"},{\"@type\":\"ListItem\",\"position\":3,\"name\":\"Gustav Klimt &#8211; Judith I\"}]},{\"@type\":\"WebSite\",\"@id\":\"https:\/\/svetslik.si\/hu\/#website\",\"url\":\"https:\/\/svetslik.si\/hu\/\",\"name\":\"SVETSLIK.SI\",\"description\":\"100%-ban k\u00e9zzel festett reprodukci\u00f3k h\u00edres fest\u0151k festm\u00e9nyeir\u0151l \u00e9s festm\u00e9nyekr\u0151l v\u00e1szonra.\",\"publisher\":{\"@id\":\"https:\/\/svetslik.si\/hu\/#organization\"},\"potentialAction\":[{\"@type\":\"SearchAction\",\"target\":{\"@type\":\"EntryPoint\",\"urlTemplate\":\"https:\/\/svetslik.si\/hu\/?s={search_term_string}\"},\"query-input\":{\"@type\":\"PropertyValueSpecification\",\"valueRequired\":true,\"valueName\":\"search_term_string\"}}],\"inLanguage\":\"hu\"},{\"@type\":\"Organization\",\"@id\":\"https:\/\/svetslik.si\/hu\/#organization\",\"name\":\"SvetSlik.si\",\"url\":\"https:\/\/svetslik.si\/hu\/\",\"logo\":{\"@type\":\"ImageObject\",\"inLanguage\":\"hu\",\"@id\":\"https:\/\/svetslik.si\/hu\/#\/schema\/logo\/image\/\",\"url\":\"https:\/\/svetslik.si\/wp-content\/uploads\/2020\/12\/logo-512.png\",\"contentUrl\":\"https:\/\/svetslik.si\/wp-content\/uploads\/2020\/12\/logo-512.png\",\"width\":512,\"height\":512,\"caption\":\"SvetSlik.si\"},\"image\":{\"@id\":\"https:\/\/svetslik.si\/hu\/#\/schema\/logo\/image\/\"},\"sameAs\":[\"https:\/\/www.facebook.com\/svetslik.si\",\"https:\/\/x.com\/svetslik\",\"https:\/\/www.instagram.com\/svetslik.si\/\",\"https:\/\/www.linkedin.com\/company\/svetslik-si\"]}]}<\/script>\n<meta property=\"og:availability\" content=\"backorder\" \/>\n<meta property=\"product:availability\" content=\"available for order\" \/>\n<meta property=\"product:retailer_item_id\" content=\"26__\" \/>\n<meta property=\"product:condition\" content=\"new\" \/>\n<!-- \/ Yoast SEO Premium plugin. -->","yoast_head_json":{"title":"Gustav Klimt - Judith I - SVETSLIK.SI - 100% k\u00e9zzel festett","description":"Gustav Klimt - Judith I - 100% k\u00e9zzel festett h\u00edres festm\u00e9nyek reprodukci\u00f3i. Festm\u00e9nyek keretez\u00e9se, elad\u00e1sa \u00e9s egyedi rendel\u00e9sre t\u00f6rt\u00e9n\u0151 v\u00e1szonk\u00e9pek k\u00e9sz\u00edt\u00e9se.","robots":{"index":"index","follow":"follow","max-snippet":"max-snippet:-1","max-image-preview":"max-image-preview:large","max-video-preview":"max-video-preview:-1"},"canonical":"https:\/\/svetslik.si\/hu\/gustav-klimt-hu\/judith-i\/","og_locale":"hu_HU","og_type":"article","og_title":"Gustav Klimt - Judith I","og_description":"100% ro\u010dno naslikane slike na platnu, reprodukcije znanih slikarjev in umetni\u0161ke slike po naro\u010dilu.","og_url":"https:\/\/svetslik.si\/hu\/gustav-klimt-hu\/judith-i\/","og_site_name":"SVETSLIK.SI","article_publisher":"https:\/\/www.facebook.com\/svetslik.si","article_modified_time":"2026-03-22T19:59:42+00:00","og_image":[{"width":1286,"height":2560,"url":"https:\/\/svetslik.si\/wp-content\/uploads\/2021\/08\/image_Judith-I-Gustav-Klimt_680-scaled.jpg","type":"image\/jpeg"}],"twitter_card":"summary_large_image","twitter_site":"@svetslik","twitter_misc":{"El\u00e9rhet\u0151s\u00e9g":"Beszerz\u00e9s alatt"},"schema":{"@context":"https:\/\/schema.org","@graph":[{"@type":["WebPage","ItemPage"],"@id":"https:\/\/svetslik.si\/hu\/gustav-klimt-hu\/judith-i\/","url":"https:\/\/svetslik.si\/hu\/gustav-klimt-hu\/judith-i\/","name":"Gustav Klimt - Judith I - SVETSLIK.SI - 100% k\u00e9zzel festett","isPartOf":{"@id":"https:\/\/svetslik.si\/hu\/#website"},"primaryImageOfPage":{"@id":"https:\/\/svetslik.si\/hu\/gustav-klimt-hu\/judith-i\/#primaryimage"},"image":{"@id":"https:\/\/svetslik.si\/hu\/gustav-klimt-hu\/judith-i\/#primaryimage"},"thumbnailUrl":"https:\/\/svetslik.si\/wp-content\/uploads\/2021\/08\/image_Judith-I-Gustav-Klimt_680-scaled.jpg","datePublished":"2021-09-02T15:42:01+00:00","dateModified":"2026-03-22T19:59:42+00:00","description":"Gustav Klimt - Judith I - 100% k\u00e9zzel festett h\u00edres festm\u00e9nyek reprodukci\u00f3i. Festm\u00e9nyek keretez\u00e9se, elad\u00e1sa \u00e9s egyedi rendel\u00e9sre t\u00f6rt\u00e9n\u0151 v\u00e1szonk\u00e9pek k\u00e9sz\u00edt\u00e9se.","breadcrumb":{"@id":"https:\/\/svetslik.si\/hu\/gustav-klimt-hu\/judith-i\/#breadcrumb"},"inLanguage":"hu","potentialAction":[{"@type":"ReadAction","target":["https:\/\/svetslik.si\/hu\/gustav-klimt-hu\/judith-i\/"]}]},{"@type":"ImageObject","inLanguage":"hu","@id":"https:\/\/svetslik.si\/hu\/gustav-klimt-hu\/judith-i\/#primaryimage","url":"https:\/\/svetslik.si\/wp-content\/uploads\/2021\/08\/image_Judith-I-Gustav-Klimt_680-scaled.jpg","contentUrl":"https:\/\/svetslik.si\/wp-content\/uploads\/2021\/08\/image_Judith-I-Gustav-Klimt_680-scaled.jpg","width":1286,"height":2560,"caption":"Gustav Klimt - Judith I - Judith I - REPRODUKCI\u00d3I - V\u00e1szonk\u00e9p - Festm\u00e9nyek reprodukci\u00f3i - Absztrakt Festm\u00e9ny - Modern Festm\u00e9ny - Realisztikus Festm\u00e9ny - Olajfestm\u00e9ny - Falik\u00e9p"},{"@type":"BreadcrumbList","@id":"https:\/\/svetslik.si\/hu\/gustav-klimt-hu\/judith-i\/#breadcrumb","itemListElement":[{"@type":"ListItem","position":1,"name":"Wall art and paintings on canvas","item":"https:\/\/svetslik.si\/hu\/"},{"@type":"ListItem","position":2,"name":"Festm\u00e9nyek elad\u00e1sa","item":"https:\/\/svetslik.si\/prodaja-slik\/"},{"@type":"ListItem","position":3,"name":"Gustav Klimt &#8211; Judith I"}]},{"@type":"WebSite","@id":"https:\/\/svetslik.si\/hu\/#website","url":"https:\/\/svetslik.si\/hu\/","name":"SVETSLIK.SI","description":"100%-ban k\u00e9zzel festett reprodukci\u00f3k h\u00edres fest\u0151k festm\u00e9nyeir\u0151l \u00e9s festm\u00e9nyekr\u0151l v\u00e1szonra.","publisher":{"@id":"https:\/\/svetslik.si\/hu\/#organization"},"potentialAction":[{"@type":"SearchAction","target":{"@type":"EntryPoint","urlTemplate":"https:\/\/svetslik.si\/hu\/?s={search_term_string}"},"query-input":{"@type":"PropertyValueSpecification","valueRequired":true,"valueName":"search_term_string"}}],"inLanguage":"hu"},{"@type":"Organization","@id":"https:\/\/svetslik.si\/hu\/#organization","name":"SvetSlik.si","url":"https:\/\/svetslik.si\/hu\/","logo":{"@type":"ImageObject","inLanguage":"hu","@id":"https:\/\/svetslik.si\/hu\/#\/schema\/logo\/image\/","url":"https:\/\/svetslik.si\/wp-content\/uploads\/2020\/12\/logo-512.png","contentUrl":"https:\/\/svetslik.si\/wp-content\/uploads\/2020\/12\/logo-512.png","width":512,"height":512,"caption":"SvetSlik.si"},"image":{"@id":"https:\/\/svetslik.si\/hu\/#\/schema\/logo\/image\/"},"sameAs":["https:\/\/www.facebook.com\/svetslik.si","https:\/\/x.com\/svetslik","https:\/\/www.instagram.com\/svetslik.si\/","https:\/\/www.linkedin.com\/company\/svetslik-si"]}]},"og_availability":"backorder","product_availability":"available for order","product_retailer_item_id":"26__","product_condition":"new"},"jetpack_sharing_enabled":true,"_links":{"self":[{"href":"https:\/\/svetslik.si\/hu\/wp-json\/wp\/v2\/product\/51925","targetHints":{"allow":["GET"]}}],"collection":[{"href":"https:\/\/svetslik.si\/hu\/wp-json\/wp\/v2\/product"}],"about":[{"href":"https:\/\/svetslik.si\/hu\/wp-json\/wp\/v2\/types\/product"}],"wp:featuredmedia":[{"embeddable":true,"href":"https:\/\/svetslik.si\/hu\/wp-json\/wp\/v2\/media\/49680"}],"wp:attachment":[{"href":"https:\/\/svetslik.si\/hu\/wp-json\/wp\/v2\/media?parent=51925"}],"wp:term":[{"taxonomy":"product_brand","embeddable":true,"href":"https:\/\/svetslik.si\/hu\/wp-json\/wp\/v2\/product_brand?post=51925"},{"taxonomy":"product_cat","embeddable":true,"href":"https:\/\/svetslik.si\/hu\/wp-json\/wp\/v2\/product_cat?post=51925"},{"taxonomy":"product_tag","embeddable":true,"href":"https:\/\/svetslik.si\/hu\/wp-json\/wp\/v2\/product_tag?post=51925"}],"curies":[{"name":"wp","href":"https:\/\/api.w.org\/{rel}","templated":true}]}}