{"id":52015,"date":"2021-09-02T17:42:17","date_gmt":"2021-09-02T15:42:17","guid":{"rendered":"https:\/\/svetslik.si\/nem-kategorizalt\/sunflowers-ii\/"},"modified":"2026-03-22T21:02:03","modified_gmt":"2026-03-22T20:02:03","slug":"sunflowers-ii","status":"publish","type":"product","link":"https:\/\/svetslik.si\/hu\/vincent-van-gogh-hu\/sunflowers-ii\/","title":{"rendered":"Vincent van Gogh &#8211; Sunflowers II \u2013 Son\u010dnice II"},"content":{"rendered":"<h1>Vincent Van Gogh \u2013 Napraforg\u00f3k II<\/h1>\n<p>&nbsp;<\/p>\n<p>L\u00e9trehoz\u00e1s \u00e9ve: \u00a0 \u00a0 \u00a0 \u00a0 \u00a0 \u00a0 \u00a0 \u00a0 \u00a0 \u00a0 \u00a0 1888<\/p>\n<div>\n<p>Eredeti m\u00e9ret: \u00a0 \u00a0 \u00a0 \u00a0 \u00a0 \u00a0 \u00a0 \u00a0 91 cm \u00d7 72 cm<\/p>\n<\/div>\n<div>\n<p>Fest\u00e9si st\u00edlus: \u00a0 \u00a0 \u00a0 \u00a0 \u00a0 \u00a0 \u00a0 \u00a0 \u00a0 \u00a0 \u00a0 \u00a0 \u00a0 \u00a0posztimpresszionizmus<\/p>\n<\/div>\n<div>\n<p>Eredeti technika: \u00a0 \u00a0 \u00a0 \u00a0 \u00a0 \u00a0 \u00a0 \u00a0 olaj, v\u00e1szon<\/p>\n<\/div>\n<div>\n<p>Helysz\u00edn: \u00a0 \u00a0 \u00a0 \u00a0 \u00a0 \u00a0 \u00a0 \u00a0 \u00a0 \u00a0 \u00a0 \u00a0 \u00a0 \u00a0 \u00a0Museum Neue Pinakothek, N\u00e9metorsz\u00e1g<\/p>\n<\/div>\n<div>\n<p>&nbsp;<\/p>\n<\/div>\n<p>A napraforg\u00f3 Van Gogh k\u00e9t csend\u00e9let-sorozat\u00e1nak a mot\u00edvuma. Egy korai sorozatot 1887-ben k\u00e9sz\u00edtettek P\u00e1rizsban, \u00e9s vir\u00e1gokat mutat be a f\u00f6ld\u00f6n; a m\u00e1sodik sorozat egy \u00e9vvel k\u00e9s\u0151bb k\u00e9sz\u00fclt Arles-ban, \u00e9s napraforg\u00f3csokrokat mutat be egy v\u00e1z\u00e1ban. Mindk\u00e9t sorozatot Van Gogh festette, mert le akarta ny\u0171g\u00f6zni bar\u00e1tj\u00e1t, a fest\u0151 Paul Gauguint, aki k\u00e9t csend\u00e9letet is v\u00e1s\u00e1rolt a p\u00e1rizsi sorozatb\u00f3l. K\u00f6r\u00fclbel\u00fcl nyolc h\u00f3nappal k\u00e9s\u0151bb Van Gogh \u00fcdv\u00f6z\u00f6lte Gauguint Arles-ban egy v\u00e1z\u00e1ban l\u00e9v\u0151 napraforg\u00f3 festm\u00e9nyeivel, amelyeket Gauguin vend\u00e9gszob\u00e1j\u00e1ban akasztott fel a S\u00e1rga H\u00e1zban. A kritikusok Van Gogh napraforg\u00f3-sorozat\u00e1t &#8220;Provence-i \u00f3d\u00e1nak&#8221; \u00e9s &#8220;a m\u0171v\u00e9szet t\u00f6rt\u00e9net\u00e9nek legjobb csend\u00e9leteinek&#8221; nevezik.<\/p>\n<p>A &#8220;Napraforg\u00f3k&#8221; Vincent van Gogh holland m\u0171v\u00e9sz 1887 \u00e9s 1889 k\u00f6z\u00f6tt k\u00e9sz\u00fclt festm\u00e9nysorozata. Ez a festm\u00e9nysorozat Van Gogh egyik legikonikusabb alkot\u00e1sa, \u00e9s sz\u00e9les k\u00f6rben elismert mer\u00e9sz ecsetvon\u00e1sair\u00f3l, \u00e9rzelmess\u00e9g\u00e9r\u0151l \u00e9s er\u0151s szimbolik\u00e1j\u00e1r\u00f3l. A k\u00e9peken napraforg\u00f3 l\u00e1that\u00f3 egy v\u00e1z\u00e1ban, a s\u00e1rga \u00e9s a barna k\u00fcl\u00f6nb\u00f6z\u0151 \u00e1rnyalataival.<\/p>\n<p>A festm\u00e9nyek kompoz\u00edci\u00f3ja egyszer\u0171, a v\u00e1szon k\u00f6zep\u00e9t a napraforg\u00f3k, a t\u00f6bbi helyet a v\u00e1za foglalj\u00e1k el. A festm\u00e9nyek sz\u00ednhaszn\u00e1lata is szembet\u0171n\u0151, hiszen Van Gogh mer\u00e9sz, kontrasztos sz\u00edneket haszn\u00e1l, amelyek mozg\u00e1s- \u00e9s energia\u00e9rzetet keltenek. A napraforg\u00f3t s\u00e1rga \u00e9s barna \u00e1rnyalatokban \u00e1br\u00e1zolj\u00e1k, ami melegs\u00e9g \u00e9s vitalit\u00e1s \u00e9rzet\u00e9t kelti. A v\u00e1z\u00e1t k\u00e9k \u00e9s z\u00f6ld \u00e1rnyalatok bor\u00edtj\u00e1k, amelyek a stabilit\u00e1s \u00e9s az \u00e1lland\u00f3s\u00e1g \u00e9rzet\u00e9t keltik. A festm\u00e9nyek ecsetvon\u00e1sai s\u0171r\u0171ek \u00e9s j\u00f3l l\u00e1that\u00f3ak, mozg\u00e1s- \u00e9s energia\u00e9rzetet adva a festm\u00e9nyeknek.<\/p>\n<p>A festm\u00e9nyek szimbolik\u00e1ja is gazdag: a napraforg\u00f3 a term\u00e9szet sz\u00e9ps\u00e9g\u00e9t \u00e9s erej\u00e9t, a vir\u00e1gok s\u00e1rga sz\u00edne az \u00e9let meleg\u00e9t, a barna pedig az \u00e9let \u00e9s hal\u00e1l term\u00e9szetes k\u00f6rforg\u00e1s\u00e1t. A k\u00e9psorozat Van Gogh akkori \u00e9rzelmi \u00e1llapot\u00e1t is bemutatja. A festm\u00e9nyeket akkor k\u00e9sz\u00edtett\u00e9k, amikor Van Gogh a franciaorsz\u00e1gi Arles-ban \u00e9lt, \u00e9s \u00fagy gondolj\u00e1k, hogy a m\u0171v\u00e9sznek a term\u00e9szettel \u00e9s az \u00e9let term\u00e9szetes k\u00f6rforg\u00e1saival val\u00f3 kapcsolata ir\u00e1nti v\u00e1gy\u00e1t t\u00fckr\u00f6zik.<\/p>\n<p>A &#8220;Napraforg\u00f3k&#8221; festm\u00e9nysorozat Van Gogh egyik legikonikusabb alkot\u00e1sa, \u00e9s a vil\u00e1g sz\u00e1mos m\u00fazeum\u00e1ban megtal\u00e1lhat\u00f3, k\u00f6zt\u00fck az amszterdami Vincent van Gogh M\u00fazeumban, a londoni Nemzeti Gal\u00e9ri\u00e1ban \u00e9s a New York-i Metropolitan Museum of Artban. . A posztimpresszionizmus fontos alkot\u00e1sa, amelyet m\u00e1ig csod\u00e1lnak \u00e9s tanulm\u00e1nyoznak mind amat\u0151r\u00f6k, mind szak\u00e9rt\u0151k. Az er\u0151teljes k\u00e9palkot\u00e1s, az \u00e9rzelmess\u00e9g \u00e9s a gazdag szimbolika miatt a festm\u00e9nyeket minden m\u0171v\u00e9szetkedvel\u0151nek \u00e9s Vincent van Gogh munk\u00e1i ir\u00e1nt \u00e9rdekl\u0151d\u0151nek k\u00f6telez\u0151 l\u00e1tnia kell.<\/p>\n<p>&nbsp;<\/p>\n","protected":false},"excerpt":{"rendered":"<p>Vincent Van Gogh \u2013 Napraforg\u00f3k II &nbsp; L\u00e9trehoz\u00e1s \u00e9ve: \u00a0 \u00a0 \u00a0 \u00a0 \u00a0 \u00a0 \u00a0 \u00a0 \u00a0 \u00a0 \u00a0 1888 Eredeti m\u00e9ret: \u00a0 \u00a0 \u00a0 \u00a0 \u00a0 \u00a0 \u00a0 \u00a0 91 cm \u00d7 72 cm Fest\u00e9si st\u00edlus: \u00a0 \u00a0 \u00a0 \u00a0 \u00a0 \u00a0 \u00a0 \u00a0 \u00a0 \u00a0 \u00a0 \u00a0 [&hellip;]<\/p>\n","protected":false},"featured_media":49871,"template":"","meta":{"_acf_changed":false},"product_brand":[],"product_cat":[7150],"product_tag":[11885,11886,11887,7215],"class_list":{"0":"post-52015","1":"product","2":"type-product","3":"status-publish","4":"has-post-thumbnail","6":"product_cat-vincent-van-gogh-hu","7":"product_tag-painter-hu","8":"product_tag-reproduction","9":"product_tag-reproductions-hu","10":"product_tag-van-gogh-hu","11":"pa_dimenzija-100-x-130-cm-hu","12":"pa_dimenzija-40-x-50-cm-hu","13":"pa_dimenzija-50-x-70-cm-hu","14":"pa_dimenzija-60-x-80-cm-hu","15":"pa_dimenzija-70-x-90-cm-hu","16":"pa_dimenzija-80-x-100-cm-hu","17":"pa_dimenzija-90-x-120-cm-hu","18":"pa_oblika-vizszintes","19":"pa_okvir-nincs-keret","20":"pa_podokvir-igen","21":"pa_podokvir-nem","23":"first","24":"instock","25":"purchasable","26":"product-type-variable","27":"has-default-attributes"},"acf":[],"yoast_head":"<!-- This site is optimized with the Yoast SEO Premium plugin v26.0 (Yoast SEO v27.2) - https:\/\/yoast.com\/product\/yoast-seo-premium-wordpress\/ -->\n<title>Vincent van Gogh - Sunflowers II \u2013 Son\u010dnice II - SVETSLIK.SI - 100% k\u00e9zzel festett<\/title>\n<meta name=\"description\" content=\"Vincent van Gogh - Sunflowers II \u2013 Son\u010dnice II - 100% k\u00e9zzel festett h\u00edres festm\u00e9nyek reprodukci\u00f3i. Festm\u00e9nyek keretez\u00e9se, elad\u00e1sa \u00e9s egyedi rendel\u00e9sre t\u00f6rt\u00e9n\u0151 v\u00e1szonk\u00e9pek k\u00e9sz\u00edt\u00e9se.\" \/>\n<meta name=\"robots\" content=\"index, follow, max-snippet:-1, max-image-preview:large, max-video-preview:-1\" \/>\n<link rel=\"canonical\" href=\"https:\/\/svetslik.si\/hu\/vincent-van-gogh-hu\/sunflowers-ii\/\" \/>\n<meta property=\"og:locale\" content=\"hu_HU\" \/>\n<meta property=\"og:type\" content=\"article\" \/>\n<meta property=\"og:title\" content=\"Vincent van Gogh - Sunflowers II \u2013 Son\u010dnice II\" \/>\n<meta property=\"og:description\" content=\"100% ro\u010dno naslikane slike na platnu, reprodukcije znanih slikarjev in umetni\u0161ke slike po naro\u010dilu.\" \/>\n<meta property=\"og:url\" content=\"https:\/\/svetslik.si\/hu\/vincent-van-gogh-hu\/sunflowers-ii\/\" \/>\n<meta property=\"og:site_name\" content=\"SVETSLIK.SI\" \/>\n<meta property=\"article:publisher\" content=\"https:\/\/www.facebook.com\/svetslik.si\" \/>\n<meta property=\"article:modified_time\" content=\"2026-03-22T20:02:03+00:00\" \/>\n<meta property=\"og:image\" content=\"https:\/\/svetslik.si\/wp-content\/uploads\/2021\/08\/image_olje-na-platnu-Sunflowers-II-Vincent-van-Gogh_680.jpg\" \/>\n\t<meta property=\"og:image:width\" content=\"933\" \/>\n\t<meta property=\"og:image:height\" content=\"1280\" \/>\n\t<meta property=\"og:image:type\" content=\"image\/jpeg\" \/>\n<meta name=\"twitter:card\" content=\"summary_large_image\" \/>\n<meta name=\"twitter:site\" content=\"@svetslik\" \/>\n<meta name=\"twitter:label1\" content=\"El\u00e9rhet\u0151s\u00e9g\" \/>\n\t<meta name=\"twitter:data1\" content=\"K\u00e9szleten\" \/>\n<script type=\"application\/ld+json\" class=\"yoast-schema-graph\">{\"@context\":\"https:\/\/schema.org\",\"@graph\":[{\"@type\":[\"WebPage\",\"ItemPage\"],\"@id\":\"https:\/\/svetslik.si\/hu\/vincent-van-gogh-hu\/sunflowers-ii\/\",\"url\":\"https:\/\/svetslik.si\/hu\/vincent-van-gogh-hu\/sunflowers-ii\/\",\"name\":\"Vincent van Gogh - Sunflowers II \u2013 Son\u010dnice II - SVETSLIK.SI - 100% k\u00e9zzel festett\",\"isPartOf\":{\"@id\":\"https:\/\/svetslik.si\/hu\/#website\"},\"primaryImageOfPage\":{\"@id\":\"https:\/\/svetslik.si\/hu\/vincent-van-gogh-hu\/sunflowers-ii\/#primaryimage\"},\"image\":{\"@id\":\"https:\/\/svetslik.si\/hu\/vincent-van-gogh-hu\/sunflowers-ii\/#primaryimage\"},\"thumbnailUrl\":\"https:\/\/svetslik.si\/wp-content\/uploads\/2021\/08\/image_olje-na-platnu-Sunflowers-II-Vincent-van-Gogh_680.jpg\",\"datePublished\":\"2021-09-02T15:42:17+00:00\",\"dateModified\":\"2026-03-22T20:02:03+00:00\",\"description\":\"Vincent van Gogh - Sunflowers II \u2013 Son\u010dnice II - 100% k\u00e9zzel festett h\u00edres festm\u00e9nyek reprodukci\u00f3i. Festm\u00e9nyek keretez\u00e9se, elad\u00e1sa \u00e9s egyedi rendel\u00e9sre t\u00f6rt\u00e9n\u0151 v\u00e1szonk\u00e9pek k\u00e9sz\u00edt\u00e9se.\",\"breadcrumb\":{\"@id\":\"https:\/\/svetslik.si\/hu\/vincent-van-gogh-hu\/sunflowers-ii\/#breadcrumb\"},\"inLanguage\":\"hu\",\"potentialAction\":[{\"@type\":\"ReadAction\",\"target\":[\"https:\/\/svetslik.si\/hu\/vincent-van-gogh-hu\/sunflowers-ii\/\"]}]},{\"@type\":\"ImageObject\",\"inLanguage\":\"hu\",\"@id\":\"https:\/\/svetslik.si\/hu\/vincent-van-gogh-hu\/sunflowers-ii\/#primaryimage\",\"url\":\"https:\/\/svetslik.si\/wp-content\/uploads\/2021\/08\/image_olje-na-platnu-Sunflowers-II-Vincent-van-Gogh_680.jpg\",\"contentUrl\":\"https:\/\/svetslik.si\/wp-content\/uploads\/2021\/08\/image_olje-na-platnu-Sunflowers-II-Vincent-van-Gogh_680.jpg\",\"width\":933,\"height\":1280,\"caption\":\"Leonardo da Vinci - Portrait of Cecilia Gallerani - Leonardo da Vinci - Cecilia Gallerani portr\u00e9ja - REPRODUKCI\u00d3I - V\u00e1szonk\u00e9p - Festm\u00e9nyek reprodukci\u00f3i - Absztrakt Festm\u00e9ny - Modern Festm\u00e9ny - Realisztikus Festm\u00e9ny - Olajfestm\u00e9ny - Falik\u00e9p\"},{\"@type\":\"BreadcrumbList\",\"@id\":\"https:\/\/svetslik.si\/hu\/vincent-van-gogh-hu\/sunflowers-ii\/#breadcrumb\",\"itemListElement\":[{\"@type\":\"ListItem\",\"position\":1,\"name\":\"Wall art and paintings on canvas\",\"item\":\"https:\/\/svetslik.si\/hu\/\"},{\"@type\":\"ListItem\",\"position\":2,\"name\":\"Festm\u00e9nyek elad\u00e1sa\",\"item\":\"https:\/\/svetslik.si\/prodaja-slik\/\"},{\"@type\":\"ListItem\",\"position\":3,\"name\":\"Vincent van Gogh &#8211; Sunflowers II \u2013 Son\u010dnice II\"}]},{\"@type\":\"WebSite\",\"@id\":\"https:\/\/svetslik.si\/hu\/#website\",\"url\":\"https:\/\/svetslik.si\/hu\/\",\"name\":\"SVETSLIK.SI\",\"description\":\"100%-ban k\u00e9zzel festett reprodukci\u00f3k h\u00edres fest\u0151k festm\u00e9nyeir\u0151l \u00e9s festm\u00e9nyekr\u0151l v\u00e1szonra.\",\"publisher\":{\"@id\":\"https:\/\/svetslik.si\/hu\/#organization\"},\"potentialAction\":[{\"@type\":\"SearchAction\",\"target\":{\"@type\":\"EntryPoint\",\"urlTemplate\":\"https:\/\/svetslik.si\/hu\/?s={search_term_string}\"},\"query-input\":{\"@type\":\"PropertyValueSpecification\",\"valueRequired\":true,\"valueName\":\"search_term_string\"}}],\"inLanguage\":\"hu\"},{\"@type\":\"Organization\",\"@id\":\"https:\/\/svetslik.si\/hu\/#organization\",\"name\":\"SvetSlik.si\",\"url\":\"https:\/\/svetslik.si\/hu\/\",\"logo\":{\"@type\":\"ImageObject\",\"inLanguage\":\"hu\",\"@id\":\"https:\/\/svetslik.si\/hu\/#\/schema\/logo\/image\/\",\"url\":\"https:\/\/svetslik.si\/wp-content\/uploads\/2020\/12\/logo-512.png\",\"contentUrl\":\"https:\/\/svetslik.si\/wp-content\/uploads\/2020\/12\/logo-512.png\",\"width\":512,\"height\":512,\"caption\":\"SvetSlik.si\"},\"image\":{\"@id\":\"https:\/\/svetslik.si\/hu\/#\/schema\/logo\/image\/\"},\"sameAs\":[\"https:\/\/www.facebook.com\/svetslik.si\",\"https:\/\/x.com\/svetslik\",\"https:\/\/www.instagram.com\/svetslik.si\/\",\"https:\/\/www.linkedin.com\/company\/svetslik-si\"]}]}<\/script>\n<meta property=\"og:availability\" content=\"instock\" \/>\n<meta property=\"product:availability\" content=\"instock\" \/>\n<meta property=\"product:retailer_item_id\" content=\"38__\" \/>\n<meta property=\"product:condition\" content=\"new\" \/>\n<!-- \/ Yoast SEO Premium plugin. -->","yoast_head_json":{"title":"Vincent van Gogh - Sunflowers II \u2013 Son\u010dnice II - SVETSLIK.SI - 100% k\u00e9zzel festett","description":"Vincent van Gogh - Sunflowers II \u2013 Son\u010dnice II - 100% k\u00e9zzel festett h\u00edres festm\u00e9nyek reprodukci\u00f3i. Festm\u00e9nyek keretez\u00e9se, elad\u00e1sa \u00e9s egyedi rendel\u00e9sre t\u00f6rt\u00e9n\u0151 v\u00e1szonk\u00e9pek k\u00e9sz\u00edt\u00e9se.","robots":{"index":"index","follow":"follow","max-snippet":"max-snippet:-1","max-image-preview":"max-image-preview:large","max-video-preview":"max-video-preview:-1"},"canonical":"https:\/\/svetslik.si\/hu\/vincent-van-gogh-hu\/sunflowers-ii\/","og_locale":"hu_HU","og_type":"article","og_title":"Vincent van Gogh - Sunflowers II \u2013 Son\u010dnice II","og_description":"100% ro\u010dno naslikane slike na platnu, reprodukcije znanih slikarjev in umetni\u0161ke slike po naro\u010dilu.","og_url":"https:\/\/svetslik.si\/hu\/vincent-van-gogh-hu\/sunflowers-ii\/","og_site_name":"SVETSLIK.SI","article_publisher":"https:\/\/www.facebook.com\/svetslik.si","article_modified_time":"2026-03-22T20:02:03+00:00","og_image":[{"width":933,"height":1280,"url":"https:\/\/svetslik.si\/wp-content\/uploads\/2021\/08\/image_olje-na-platnu-Sunflowers-II-Vincent-van-Gogh_680.jpg","type":"image\/jpeg"}],"twitter_card":"summary_large_image","twitter_site":"@svetslik","twitter_misc":{"El\u00e9rhet\u0151s\u00e9g":"K\u00e9szleten"},"schema":{"@context":"https:\/\/schema.org","@graph":[{"@type":["WebPage","ItemPage"],"@id":"https:\/\/svetslik.si\/hu\/vincent-van-gogh-hu\/sunflowers-ii\/","url":"https:\/\/svetslik.si\/hu\/vincent-van-gogh-hu\/sunflowers-ii\/","name":"Vincent van Gogh - Sunflowers II \u2013 Son\u010dnice II - SVETSLIK.SI - 100% k\u00e9zzel festett","isPartOf":{"@id":"https:\/\/svetslik.si\/hu\/#website"},"primaryImageOfPage":{"@id":"https:\/\/svetslik.si\/hu\/vincent-van-gogh-hu\/sunflowers-ii\/#primaryimage"},"image":{"@id":"https:\/\/svetslik.si\/hu\/vincent-van-gogh-hu\/sunflowers-ii\/#primaryimage"},"thumbnailUrl":"https:\/\/svetslik.si\/wp-content\/uploads\/2021\/08\/image_olje-na-platnu-Sunflowers-II-Vincent-van-Gogh_680.jpg","datePublished":"2021-09-02T15:42:17+00:00","dateModified":"2026-03-22T20:02:03+00:00","description":"Vincent van Gogh - Sunflowers II \u2013 Son\u010dnice II - 100% k\u00e9zzel festett h\u00edres festm\u00e9nyek reprodukci\u00f3i. Festm\u00e9nyek keretez\u00e9se, elad\u00e1sa \u00e9s egyedi rendel\u00e9sre t\u00f6rt\u00e9n\u0151 v\u00e1szonk\u00e9pek k\u00e9sz\u00edt\u00e9se.","breadcrumb":{"@id":"https:\/\/svetslik.si\/hu\/vincent-van-gogh-hu\/sunflowers-ii\/#breadcrumb"},"inLanguage":"hu","potentialAction":[{"@type":"ReadAction","target":["https:\/\/svetslik.si\/hu\/vincent-van-gogh-hu\/sunflowers-ii\/"]}]},{"@type":"ImageObject","inLanguage":"hu","@id":"https:\/\/svetslik.si\/hu\/vincent-van-gogh-hu\/sunflowers-ii\/#primaryimage","url":"https:\/\/svetslik.si\/wp-content\/uploads\/2021\/08\/image_olje-na-platnu-Sunflowers-II-Vincent-van-Gogh_680.jpg","contentUrl":"https:\/\/svetslik.si\/wp-content\/uploads\/2021\/08\/image_olje-na-platnu-Sunflowers-II-Vincent-van-Gogh_680.jpg","width":933,"height":1280,"caption":"Leonardo da Vinci - Portrait of Cecilia Gallerani - Leonardo da Vinci - Cecilia Gallerani portr\u00e9ja - REPRODUKCI\u00d3I - V\u00e1szonk\u00e9p - Festm\u00e9nyek reprodukci\u00f3i - Absztrakt Festm\u00e9ny - Modern Festm\u00e9ny - Realisztikus Festm\u00e9ny - Olajfestm\u00e9ny - Falik\u00e9p"},{"@type":"BreadcrumbList","@id":"https:\/\/svetslik.si\/hu\/vincent-van-gogh-hu\/sunflowers-ii\/#breadcrumb","itemListElement":[{"@type":"ListItem","position":1,"name":"Wall art and paintings on canvas","item":"https:\/\/svetslik.si\/hu\/"},{"@type":"ListItem","position":2,"name":"Festm\u00e9nyek elad\u00e1sa","item":"https:\/\/svetslik.si\/prodaja-slik\/"},{"@type":"ListItem","position":3,"name":"Vincent van Gogh &#8211; Sunflowers II \u2013 Son\u010dnice II"}]},{"@type":"WebSite","@id":"https:\/\/svetslik.si\/hu\/#website","url":"https:\/\/svetslik.si\/hu\/","name":"SVETSLIK.SI","description":"100%-ban k\u00e9zzel festett reprodukci\u00f3k h\u00edres fest\u0151k festm\u00e9nyeir\u0151l \u00e9s festm\u00e9nyekr\u0151l v\u00e1szonra.","publisher":{"@id":"https:\/\/svetslik.si\/hu\/#organization"},"potentialAction":[{"@type":"SearchAction","target":{"@type":"EntryPoint","urlTemplate":"https:\/\/svetslik.si\/hu\/?s={search_term_string}"},"query-input":{"@type":"PropertyValueSpecification","valueRequired":true,"valueName":"search_term_string"}}],"inLanguage":"hu"},{"@type":"Organization","@id":"https:\/\/svetslik.si\/hu\/#organization","name":"SvetSlik.si","url":"https:\/\/svetslik.si\/hu\/","logo":{"@type":"ImageObject","inLanguage":"hu","@id":"https:\/\/svetslik.si\/hu\/#\/schema\/logo\/image\/","url":"https:\/\/svetslik.si\/wp-content\/uploads\/2020\/12\/logo-512.png","contentUrl":"https:\/\/svetslik.si\/wp-content\/uploads\/2020\/12\/logo-512.png","width":512,"height":512,"caption":"SvetSlik.si"},"image":{"@id":"https:\/\/svetslik.si\/hu\/#\/schema\/logo\/image\/"},"sameAs":["https:\/\/www.facebook.com\/svetslik.si","https:\/\/x.com\/svetslik","https:\/\/www.instagram.com\/svetslik.si\/","https:\/\/www.linkedin.com\/company\/svetslik-si"]}]},"og_availability":"instock","product_availability":"instock","product_retailer_item_id":"38__","product_condition":"new"},"jetpack_sharing_enabled":true,"_links":{"self":[{"href":"https:\/\/svetslik.si\/hu\/wp-json\/wp\/v2\/product\/52015","targetHints":{"allow":["GET"]}}],"collection":[{"href":"https:\/\/svetslik.si\/hu\/wp-json\/wp\/v2\/product"}],"about":[{"href":"https:\/\/svetslik.si\/hu\/wp-json\/wp\/v2\/types\/product"}],"wp:featuredmedia":[{"embeddable":true,"href":"https:\/\/svetslik.si\/hu\/wp-json\/wp\/v2\/media\/49871"}],"wp:attachment":[{"href":"https:\/\/svetslik.si\/hu\/wp-json\/wp\/v2\/media?parent=52015"}],"wp:term":[{"taxonomy":"product_brand","embeddable":true,"href":"https:\/\/svetslik.si\/hu\/wp-json\/wp\/v2\/product_brand?post=52015"},{"taxonomy":"product_cat","embeddable":true,"href":"https:\/\/svetslik.si\/hu\/wp-json\/wp\/v2\/product_cat?post=52015"},{"taxonomy":"product_tag","embeddable":true,"href":"https:\/\/svetslik.si\/hu\/wp-json\/wp\/v2\/product_tag?post=52015"}],"curies":[{"name":"wp","href":"https:\/\/api.w.org\/{rel}","templated":true}]}}