{"id":52031,"date":"2021-09-02T17:42:21","date_gmt":"2021-09-02T15:42:21","guid":{"rendered":"https:\/\/svetslik.si\/nem-kategorizalt\/a-pair-of-shoes\/"},"modified":"2026-03-22T21:02:03","modified_gmt":"2026-03-22T20:02:03","slug":"a-pair-of-shoes","status":"publish","type":"product","link":"https:\/\/svetslik.si\/hu\/vincent-van-gogh-hu\/a-pair-of-shoes\/","title":{"rendered":"Vincent van Gogh &#8211; A pair of shoes"},"content":{"rendered":"<h1>Vincent Van Gogh \u2013 Egy p\u00e1r cip\u0151<\/h1>\n<div>\n<div>\n<p>&nbsp;<\/p>\n<\/div>\n<div>\n<p>&nbsp;<\/p>\n<\/div>\n<div>\n<p>L\u00e9trehoz\u00e1s \u00e9ve: \u00a0 \u00a0 \u00a0 \u00a0 \u00a0 \u00a0 \u00a0 \u00a0 \u00a0 \u00a0 \u00a0 1886<\/p>\n<\/div>\n<div>\n<p>Eredeti m\u00e9ret: \u00a0 \u00a0 \u00a0 \u00a0 \u00a0 \u00a0 \u00a0 \u00a0 37,5 cm \u00d7 45 cm<\/p>\n<\/div>\n<div>\n<p>Fest\u00e9si st\u00edlus: \u00a0 \u00a0 \u00a0 \u00a0 \u00a0 \u00a0 \u00a0 \u00a0 \u00a0 \u00a0 \u00a0 \u00a0 \u00a0 \u00a0posztimpresszionizmus<\/p>\n<\/div>\n<div>\n<p>Eredeti technika: \u00a0 \u00a0 \u00a0 \u00a0 \u00a0 \u00a0 \u00a0 \u00a0 olaj, v\u00e1szon<\/p>\n<\/div>\n<div>\n<p>Helysz\u00edn: \u00a0 \u00a0 \u00a0 \u00a0 \u00a0 \u00a0 \u00a0 \u00a0 \u00a0 \u00a0 \u00a0 \u00a0 \u00a0 \u00a0 \u00a0 \u00a0Van Gogh M\u00fazeum, Hollandia<\/p>\n<\/div>\n<div>\n<p>A kopott cip\u0151 k\u00e9pe sok k\u00e9rd\u00e9st vet fel. A festm\u00e9ny mot\u00edvum\u00e1nak egyik kialakult \u00e9rtelmez\u00e9se, hogy a fest\u0151 neh\u00e9z \u00e9let\u00fatj\u00e1t egy cip\u0151 illusztr\u00e1lja. Az egyik bar\u00e1t a p\u00e1rizsi di\u00e1kkor\u00e1b\u00f3l azt mondta, hogy Vincent egy bolhapiacon v\u00e1s\u00e1rolta ezeket a m\u0171k\u00f6d\u0151 cip\u0151ket azzal a sz\u00e1nd\u00e9kkal, hogy megfestesse. Mivel szerinte nem voltak el\u00e9g kopottak, felvette \u0151ket, \u00e9s elment egy hossz\u00fa s\u00e9t\u00e1ra az es\u0151ben. Csak ezut\u00e1n tal\u00e1lta \u0151ket alkalmasnak ind\u00edt\u00e9kul.<\/p>\n<\/div>\n<\/div>\n<div>\n<p>Van Gogh t\u00f6bb k\u00e9pet festett r\u00e9gi cip\u0151k mot\u00edvum\u00e1val, amelyeken sok m\u00e1s kort\u00e1rshoz hasonl\u00f3an a korabeli munk\u00e1soszt\u00e1ly neh\u00e9z, de fest\u0151i \u00e9let\u00e9t \u00e1br\u00e1zolta.<\/p>\n<p>Az &#8220;A Pair of Shoes&#8221; Vincent van Gogh holland m\u0171v\u00e9sz 1886-os festm\u00e9nye. A festm\u00e9nyt Van Gogh egyik kev\u00e9sb\u00e9 ismert alkot\u00e1sak\u00e9nt tartj\u00e1k sz\u00e1mon, de er\u0151teljesen demonstr\u00e1lja a m\u0171v\u00e9sz azon k\u00e9pess\u00e9g\u00e9t, hogy a h\u00e9tk\u00f6znapokat rendk\u00edv\u00fcliv\u00e9 emelje. A festm\u00e9nyen egy egyszer\u0171 cip\u0151 l\u00e1that\u00f3, a h\u00e1tt\u00e9rben kavarg\u00f3 ecsetvon\u00e1sokkal. A festm\u00e9ny sz\u00e9les k\u00f6rben elismert \u00e9rzelmess\u00e9g\u00e9r\u0151l \u00e9s er\u0151s szimbolik\u00e1j\u00e1r\u00f3l.<\/p>\n<p>A festm\u00e9ny kompoz\u00edci\u00f3ja egyszer\u0171, a cip\u0151k a v\u00e1szon k\u00f6zep\u00e9t foglalj\u00e1k el, a t\u00e9r t\u00f6bbi r\u00e9sz\u00e9t a h\u00e1tt\u00e9r foglalja el kavarg\u00f3 ecsetvon\u00e1sokkal. A festm\u00e9ny sz\u00ednhaszn\u00e1lata is figyelemre m\u00e9lt\u00f3, mivel Van Gogh mer\u00e9sz, kontrasztos sz\u00edneket alkalmazott, amelyek mozg\u00e1s- \u00e9s energia\u00e9rzetet keltenek. A cip\u0151k barna \u00e9s fekete \u00e1rnyalat\u00faak, az egyszer\u0171s\u00e9g \u00e9s a norm\u00e1liss\u00e1g \u00e9rzet\u00e9t keltve. A h\u00e1tt\u00e9rben l\u00e9v\u0151 vonal lila, k\u00e9k \u00e9s z\u00f6ld \u00e1rnyalat\u00fa, mozg\u00e1s \u00e9s \u00e9rzelem \u00e9rzet\u00e9t keltve. A festm\u00e9ny ecsetvon\u00e1sai s\u0171r\u0171ek \u00e9s j\u00f3l l\u00e1that\u00f3ak, mozg\u00e1s- \u00e9s energia\u00e9rzetet adva a festm\u00e9nynek.<\/p>\n<p>A festm\u00e9ny szimbolik\u00e1ja is gazdag, a cip\u0151k a mindennapi \u00e9letet \u00e9s az \u00e9let norm\u00e1liss\u00e1g\u00e1t, a h\u00e1tt\u00e9rben az ecsetvon\u00e1sok pedig a felsz\u00edn alatt gyakran megb\u00fav\u00f3 \u00e9rzelmeket, \u00e9rz\u00e9seket k\u00e9pviselik. A festm\u00e9ny \u00e1ll\u00edt\u00f3lag Van Gogh akkori \u00e9rzelmi \u00e1llapot\u00e1t \u00e1br\u00e1zolja. A festm\u00e9ny akkor k\u00e9sz\u00fclt, amikor Van Gogh a hollandiai H\u00e1g\u00e1ban \u00e9lt, \u00e9s v\u00e9lhet\u0151en t\u00fckr\u00f6zi a m\u0171v\u00e9sz azon \u00e9rz\u00e9s\u00e9t, hogy v\u00e1gyik a kapcsolatra a h\u00e9tk\u00f6znapi \u00e9s h\u00e9tk\u00f6znapi \u00e9lettel.<\/p>\n<p>Az &#8220;Egy p\u00e1r cip\u0151&#8221; Van Gogh egyik kev\u00e9sb\u00e9 ismert alkot\u00e1sa, \u00e9s a Kr\u00f6ller-M\u00fcller M\u00fazeumban tal\u00e1lhat\u00f3 Otterlben, Hollandi\u00e1ban. A posztimpresszionizmus fontos alkot\u00e1sa, amelyet m\u00e1ig csod\u00e1lnak \u00e9s tanulm\u00e1nyoznak mind amat\u0151r\u00f6k, mind szak\u00e9rt\u0151k. Az er\u0151teljes k\u00e9palkot\u00e1s, az \u00e9rzelmess\u00e9g \u00e9s a gazdag szimbolika a festm\u00e9nyt minden m\u0171v\u00e9szetkedvel\u0151 vagy Vincent van Gogh munk\u00e1i ir\u00e1nt \u00e9rdekl\u0151d\u0151 sz\u00e1m\u00e1ra k\u00f6telez\u0151v\u00e9 teszi.<\/p>\n<\/div>\n","protected":false},"excerpt":{"rendered":"<p>Vincent Van Gogh \u2013 Egy p\u00e1r cip\u0151 &nbsp; &nbsp; L\u00e9trehoz\u00e1s \u00e9ve: \u00a0 \u00a0 \u00a0 \u00a0 \u00a0 \u00a0 \u00a0 \u00a0 \u00a0 \u00a0 \u00a0 1886 Eredeti m\u00e9ret: \u00a0 \u00a0 \u00a0 \u00a0 \u00a0 \u00a0 \u00a0 \u00a0 37,5 cm \u00d7 45 cm Fest\u00e9si st\u00edlus: \u00a0 \u00a0 \u00a0 \u00a0 \u00a0 \u00a0 \u00a0 \u00a0 \u00a0 \u00a0 [&hellip;]<\/p>\n","protected":false},"featured_media":50366,"template":"","meta":{"_acf_changed":false},"product_brand":[],"product_cat":[7150],"product_tag":[11885,11886,11887,7215],"class_list":{"0":"post-52031","1":"product","2":"type-product","3":"status-publish","4":"has-post-thumbnail","6":"product_cat-vincent-van-gogh-hu","7":"product_tag-painter-hu","8":"product_tag-reproduction","9":"product_tag-reproductions-hu","10":"product_tag-van-gogh-hu","11":"pa_dimenzija-120-x-100-cm-hu","12":"pa_dimenzija-150-x-120-cm-hu","13":"pa_dimenzija-45-x-38-cm-hu","14":"pa_dimenzija-50-x-40-cm-hu","15":"pa_dimenzija-60-x-50-cm-hu","16":"pa_dimenzija-70-x-60-cm-hu","17":"pa_dimenzija-80-x-60-cm-hu","18":"pa_dimenzija-90-x-70-cm-hu","19":"pa_oblika-vizszintes","20":"pa_okvir-nincs-keret","21":"pa_podokvir-igen","22":"pa_podokvir-nem","24":"first","25":"onbackorder","26":"purchasable","27":"product-type-variable","28":"has-default-attributes"},"acf":[],"yoast_head":"<!-- This site is optimized with the Yoast SEO Premium plugin v26.0 (Yoast SEO v27.2) - https:\/\/yoast.com\/product\/yoast-seo-premium-wordpress\/ -->\n<title>Vincent van Gogh - A pair of shoes - SVETSLIK.SI - 100% k\u00e9zzel festett<\/title>\n<meta name=\"description\" content=\"Vincent van Gogh - A pair of shoes - 100% k\u00e9zzel festett h\u00edres festm\u00e9nyek reprodukci\u00f3i. Festm\u00e9nyek keretez\u00e9se, elad\u00e1sa \u00e9s egyedi rendel\u00e9sre t\u00f6rt\u00e9n\u0151 v\u00e1szonk\u00e9pek k\u00e9sz\u00edt\u00e9se.\" \/>\n<meta name=\"robots\" content=\"index, follow, max-snippet:-1, max-image-preview:large, max-video-preview:-1\" \/>\n<link rel=\"canonical\" href=\"https:\/\/svetslik.si\/hu\/vincent-van-gogh-hu\/a-pair-of-shoes\/\" \/>\n<meta property=\"og:locale\" content=\"hu_HU\" \/>\n<meta property=\"og:type\" content=\"article\" \/>\n<meta property=\"og:title\" content=\"Vincent van Gogh - A pair of shoes\" \/>\n<meta property=\"og:description\" content=\"100% ro\u010dno naslikane slike na platnu, reprodukcije znanih slikarjev in umetni\u0161ke slike po naro\u010dilu.\" \/>\n<meta property=\"og:url\" content=\"https:\/\/svetslik.si\/hu\/vincent-van-gogh-hu\/a-pair-of-shoes\/\" \/>\n<meta property=\"og:site_name\" content=\"SVETSLIK.SI\" \/>\n<meta property=\"article:publisher\" content=\"https:\/\/www.facebook.com\/svetslik.si\" \/>\n<meta property=\"article:modified_time\" content=\"2026-03-22T20:02:03+00:00\" \/>\n<meta property=\"og:image\" content=\"https:\/\/svetslik.si\/wp-content\/uploads\/2021\/09\/A-pair-of-shoes-vincent-van-Gogh-scaled.jpg\" \/>\n\t<meta property=\"og:image:width\" content=\"2560\" \/>\n\t<meta property=\"og:image:height\" content=\"2127\" \/>\n\t<meta property=\"og:image:type\" content=\"image\/jpeg\" \/>\n<meta name=\"twitter:card\" content=\"summary_large_image\" \/>\n<meta name=\"twitter:site\" content=\"@svetslik\" \/>\n<meta name=\"twitter:label1\" content=\"El\u00e9rhet\u0151s\u00e9g\" \/>\n\t<meta name=\"twitter:data1\" content=\"Beszerz\u00e9s alatt\" \/>\n<script type=\"application\/ld+json\" class=\"yoast-schema-graph\">{\"@context\":\"https:\/\/schema.org\",\"@graph\":[{\"@type\":[\"WebPage\",\"ItemPage\"],\"@id\":\"https:\/\/svetslik.si\/hu\/vincent-van-gogh-hu\/a-pair-of-shoes\/\",\"url\":\"https:\/\/svetslik.si\/hu\/vincent-van-gogh-hu\/a-pair-of-shoes\/\",\"name\":\"Vincent van Gogh - A pair of shoes - SVETSLIK.SI - 100% k\u00e9zzel festett\",\"isPartOf\":{\"@id\":\"https:\/\/svetslik.si\/hu\/#website\"},\"primaryImageOfPage\":{\"@id\":\"https:\/\/svetslik.si\/hu\/vincent-van-gogh-hu\/a-pair-of-shoes\/#primaryimage\"},\"image\":{\"@id\":\"https:\/\/svetslik.si\/hu\/vincent-van-gogh-hu\/a-pair-of-shoes\/#primaryimage\"},\"thumbnailUrl\":\"https:\/\/svetslik.si\/wp-content\/uploads\/2021\/09\/A-pair-of-shoes-vincent-van-Gogh-scaled.jpg\",\"datePublished\":\"2021-09-02T15:42:21+00:00\",\"dateModified\":\"2026-03-22T20:02:03+00:00\",\"description\":\"Vincent van Gogh - A pair of shoes - 100% k\u00e9zzel festett h\u00edres festm\u00e9nyek reprodukci\u00f3i. Festm\u00e9nyek keretez\u00e9se, elad\u00e1sa \u00e9s egyedi rendel\u00e9sre t\u00f6rt\u00e9n\u0151 v\u00e1szonk\u00e9pek k\u00e9sz\u00edt\u00e9se.\",\"breadcrumb\":{\"@id\":\"https:\/\/svetslik.si\/hu\/vincent-van-gogh-hu\/a-pair-of-shoes\/#breadcrumb\"},\"inLanguage\":\"hu\",\"potentialAction\":[{\"@type\":\"ReadAction\",\"target\":[\"https:\/\/svetslik.si\/hu\/vincent-van-gogh-hu\/a-pair-of-shoes\/\"]}]},{\"@type\":\"ImageObject\",\"inLanguage\":\"hu\",\"@id\":\"https:\/\/svetslik.si\/hu\/vincent-van-gogh-hu\/a-pair-of-shoes\/#primaryimage\",\"url\":\"https:\/\/svetslik.si\/wp-content\/uploads\/2021\/09\/A-pair-of-shoes-vincent-van-Gogh-scaled.jpg\",\"contentUrl\":\"https:\/\/svetslik.si\/wp-content\/uploads\/2021\/09\/A-pair-of-shoes-vincent-van-Gogh-scaled.jpg\",\"width\":2560,\"height\":2127,\"caption\":\"Egy p\u00e1r cip\u0151 vincent van Gogh H\u00edres fest\u0151k reprodukci\u00f3i, modern falfestm\u00e9nyek, falfestm\u00e9nyek\"},{\"@type\":\"BreadcrumbList\",\"@id\":\"https:\/\/svetslik.si\/hu\/vincent-van-gogh-hu\/a-pair-of-shoes\/#breadcrumb\",\"itemListElement\":[{\"@type\":\"ListItem\",\"position\":1,\"name\":\"Wall art and paintings on canvas\",\"item\":\"https:\/\/svetslik.si\/hu\/\"},{\"@type\":\"ListItem\",\"position\":2,\"name\":\"Festm\u00e9nyek elad\u00e1sa\",\"item\":\"https:\/\/svetslik.si\/prodaja-slik\/\"},{\"@type\":\"ListItem\",\"position\":3,\"name\":\"Vincent van Gogh &#8211; A pair of shoes\"}]},{\"@type\":\"WebSite\",\"@id\":\"https:\/\/svetslik.si\/hu\/#website\",\"url\":\"https:\/\/svetslik.si\/hu\/\",\"name\":\"SVETSLIK.SI\",\"description\":\"100%-ban k\u00e9zzel festett reprodukci\u00f3k h\u00edres fest\u0151k festm\u00e9nyeir\u0151l \u00e9s festm\u00e9nyekr\u0151l v\u00e1szonra.\",\"publisher\":{\"@id\":\"https:\/\/svetslik.si\/hu\/#organization\"},\"potentialAction\":[{\"@type\":\"SearchAction\",\"target\":{\"@type\":\"EntryPoint\",\"urlTemplate\":\"https:\/\/svetslik.si\/hu\/?s={search_term_string}\"},\"query-input\":{\"@type\":\"PropertyValueSpecification\",\"valueRequired\":true,\"valueName\":\"search_term_string\"}}],\"inLanguage\":\"hu\"},{\"@type\":\"Organization\",\"@id\":\"https:\/\/svetslik.si\/hu\/#organization\",\"name\":\"SvetSlik.si\",\"url\":\"https:\/\/svetslik.si\/hu\/\",\"logo\":{\"@type\":\"ImageObject\",\"inLanguage\":\"hu\",\"@id\":\"https:\/\/svetslik.si\/hu\/#\/schema\/logo\/image\/\",\"url\":\"https:\/\/svetslik.si\/wp-content\/uploads\/2020\/12\/logo-512.png\",\"contentUrl\":\"https:\/\/svetslik.si\/wp-content\/uploads\/2020\/12\/logo-512.png\",\"width\":512,\"height\":512,\"caption\":\"SvetSlik.si\"},\"image\":{\"@id\":\"https:\/\/svetslik.si\/hu\/#\/schema\/logo\/image\/\"},\"sameAs\":[\"https:\/\/www.facebook.com\/svetslik.si\",\"https:\/\/x.com\/svetslik\",\"https:\/\/www.instagram.com\/svetslik.si\/\",\"https:\/\/www.linkedin.com\/company\/svetslik-si\"]}]}<\/script>\n<meta property=\"og:availability\" content=\"backorder\" \/>\n<meta property=\"product:availability\" content=\"available for order\" \/>\n<meta property=\"product:retailer_item_id\" content=\"40__\" \/>\n<meta property=\"product:condition\" content=\"new\" \/>\n<!-- \/ Yoast SEO Premium plugin. -->","yoast_head_json":{"title":"Vincent van Gogh - A pair of shoes - SVETSLIK.SI - 100% k\u00e9zzel festett","description":"Vincent van Gogh - A pair of shoes - 100% k\u00e9zzel festett h\u00edres festm\u00e9nyek reprodukci\u00f3i. Festm\u00e9nyek keretez\u00e9se, elad\u00e1sa \u00e9s egyedi rendel\u00e9sre t\u00f6rt\u00e9n\u0151 v\u00e1szonk\u00e9pek k\u00e9sz\u00edt\u00e9se.","robots":{"index":"index","follow":"follow","max-snippet":"max-snippet:-1","max-image-preview":"max-image-preview:large","max-video-preview":"max-video-preview:-1"},"canonical":"https:\/\/svetslik.si\/hu\/vincent-van-gogh-hu\/a-pair-of-shoes\/","og_locale":"hu_HU","og_type":"article","og_title":"Vincent van Gogh - A pair of shoes","og_description":"100% ro\u010dno naslikane slike na platnu, reprodukcije znanih slikarjev in umetni\u0161ke slike po naro\u010dilu.","og_url":"https:\/\/svetslik.si\/hu\/vincent-van-gogh-hu\/a-pair-of-shoes\/","og_site_name":"SVETSLIK.SI","article_publisher":"https:\/\/www.facebook.com\/svetslik.si","article_modified_time":"2026-03-22T20:02:03+00:00","og_image":[{"width":2560,"height":2127,"url":"https:\/\/svetslik.si\/wp-content\/uploads\/2021\/09\/A-pair-of-shoes-vincent-van-Gogh-scaled.jpg","type":"image\/jpeg"}],"twitter_card":"summary_large_image","twitter_site":"@svetslik","twitter_misc":{"El\u00e9rhet\u0151s\u00e9g":"Beszerz\u00e9s alatt"},"schema":{"@context":"https:\/\/schema.org","@graph":[{"@type":["WebPage","ItemPage"],"@id":"https:\/\/svetslik.si\/hu\/vincent-van-gogh-hu\/a-pair-of-shoes\/","url":"https:\/\/svetslik.si\/hu\/vincent-van-gogh-hu\/a-pair-of-shoes\/","name":"Vincent van Gogh - A pair of shoes - SVETSLIK.SI - 100% k\u00e9zzel festett","isPartOf":{"@id":"https:\/\/svetslik.si\/hu\/#website"},"primaryImageOfPage":{"@id":"https:\/\/svetslik.si\/hu\/vincent-van-gogh-hu\/a-pair-of-shoes\/#primaryimage"},"image":{"@id":"https:\/\/svetslik.si\/hu\/vincent-van-gogh-hu\/a-pair-of-shoes\/#primaryimage"},"thumbnailUrl":"https:\/\/svetslik.si\/wp-content\/uploads\/2021\/09\/A-pair-of-shoes-vincent-van-Gogh-scaled.jpg","datePublished":"2021-09-02T15:42:21+00:00","dateModified":"2026-03-22T20:02:03+00:00","description":"Vincent van Gogh - A pair of shoes - 100% k\u00e9zzel festett h\u00edres festm\u00e9nyek reprodukci\u00f3i. Festm\u00e9nyek keretez\u00e9se, elad\u00e1sa \u00e9s egyedi rendel\u00e9sre t\u00f6rt\u00e9n\u0151 v\u00e1szonk\u00e9pek k\u00e9sz\u00edt\u00e9se.","breadcrumb":{"@id":"https:\/\/svetslik.si\/hu\/vincent-van-gogh-hu\/a-pair-of-shoes\/#breadcrumb"},"inLanguage":"hu","potentialAction":[{"@type":"ReadAction","target":["https:\/\/svetslik.si\/hu\/vincent-van-gogh-hu\/a-pair-of-shoes\/"]}]},{"@type":"ImageObject","inLanguage":"hu","@id":"https:\/\/svetslik.si\/hu\/vincent-van-gogh-hu\/a-pair-of-shoes\/#primaryimage","url":"https:\/\/svetslik.si\/wp-content\/uploads\/2021\/09\/A-pair-of-shoes-vincent-van-Gogh-scaled.jpg","contentUrl":"https:\/\/svetslik.si\/wp-content\/uploads\/2021\/09\/A-pair-of-shoes-vincent-van-Gogh-scaled.jpg","width":2560,"height":2127,"caption":"Egy p\u00e1r cip\u0151 vincent van Gogh H\u00edres fest\u0151k reprodukci\u00f3i, modern falfestm\u00e9nyek, falfestm\u00e9nyek"},{"@type":"BreadcrumbList","@id":"https:\/\/svetslik.si\/hu\/vincent-van-gogh-hu\/a-pair-of-shoes\/#breadcrumb","itemListElement":[{"@type":"ListItem","position":1,"name":"Wall art and paintings on canvas","item":"https:\/\/svetslik.si\/hu\/"},{"@type":"ListItem","position":2,"name":"Festm\u00e9nyek elad\u00e1sa","item":"https:\/\/svetslik.si\/prodaja-slik\/"},{"@type":"ListItem","position":3,"name":"Vincent van Gogh &#8211; A pair of shoes"}]},{"@type":"WebSite","@id":"https:\/\/svetslik.si\/hu\/#website","url":"https:\/\/svetslik.si\/hu\/","name":"SVETSLIK.SI","description":"100%-ban k\u00e9zzel festett reprodukci\u00f3k h\u00edres fest\u0151k festm\u00e9nyeir\u0151l \u00e9s festm\u00e9nyekr\u0151l v\u00e1szonra.","publisher":{"@id":"https:\/\/svetslik.si\/hu\/#organization"},"potentialAction":[{"@type":"SearchAction","target":{"@type":"EntryPoint","urlTemplate":"https:\/\/svetslik.si\/hu\/?s={search_term_string}"},"query-input":{"@type":"PropertyValueSpecification","valueRequired":true,"valueName":"search_term_string"}}],"inLanguage":"hu"},{"@type":"Organization","@id":"https:\/\/svetslik.si\/hu\/#organization","name":"SvetSlik.si","url":"https:\/\/svetslik.si\/hu\/","logo":{"@type":"ImageObject","inLanguage":"hu","@id":"https:\/\/svetslik.si\/hu\/#\/schema\/logo\/image\/","url":"https:\/\/svetslik.si\/wp-content\/uploads\/2020\/12\/logo-512.png","contentUrl":"https:\/\/svetslik.si\/wp-content\/uploads\/2020\/12\/logo-512.png","width":512,"height":512,"caption":"SvetSlik.si"},"image":{"@id":"https:\/\/svetslik.si\/hu\/#\/schema\/logo\/image\/"},"sameAs":["https:\/\/www.facebook.com\/svetslik.si","https:\/\/x.com\/svetslik","https:\/\/www.instagram.com\/svetslik.si\/","https:\/\/www.linkedin.com\/company\/svetslik-si"]}]},"og_availability":"backorder","product_availability":"available for order","product_retailer_item_id":"40__","product_condition":"new"},"jetpack_sharing_enabled":true,"_links":{"self":[{"href":"https:\/\/svetslik.si\/hu\/wp-json\/wp\/v2\/product\/52031","targetHints":{"allow":["GET"]}}],"collection":[{"href":"https:\/\/svetslik.si\/hu\/wp-json\/wp\/v2\/product"}],"about":[{"href":"https:\/\/svetslik.si\/hu\/wp-json\/wp\/v2\/types\/product"}],"wp:featuredmedia":[{"embeddable":true,"href":"https:\/\/svetslik.si\/hu\/wp-json\/wp\/v2\/media\/50366"}],"wp:attachment":[{"href":"https:\/\/svetslik.si\/hu\/wp-json\/wp\/v2\/media?parent=52031"}],"wp:term":[{"taxonomy":"product_brand","embeddable":true,"href":"https:\/\/svetslik.si\/hu\/wp-json\/wp\/v2\/product_brand?post=52031"},{"taxonomy":"product_cat","embeddable":true,"href":"https:\/\/svetslik.si\/hu\/wp-json\/wp\/v2\/product_cat?post=52031"},{"taxonomy":"product_tag","embeddable":true,"href":"https:\/\/svetslik.si\/hu\/wp-json\/wp\/v2\/product_tag?post=52031"}],"curies":[{"name":"wp","href":"https:\/\/api.w.org\/{rel}","templated":true}]}}