{"id":52056,"date":"2021-09-02T17:42:24","date_gmt":"2021-09-02T15:42:24","guid":{"rendered":"https:\/\/svetslik.si\/nem-kategorizalt\/autumn-landscape-with-four-trees\/"},"modified":"2026-03-22T21:02:48","modified_gmt":"2026-03-22T20:02:48","slug":"autumn-landscape-with-four-trees","status":"publish","type":"product","link":"https:\/\/svetslik.si\/hu\/vincent-van-gogh-hu\/autumn-landscape-with-four-trees\/","title":{"rendered":"Vincent van Gogh &#8211; Autumn Landscape with Four Trees"},"content":{"rendered":"<div class=\"wpb-content-wrapper\">[vc_row][vc_column][vc_column_text]\n<h1>Vincent Van Gogh \u2013 \u0150szi t\u00e1j n\u00e9gy f\u00e1val<\/h1>\n<p>&nbsp;<\/p>\n<table style=\"width: 593px\" border=\"0\" width=\"593\" cellpadding=\"0\">\n<tbody>\n<tr>\n<td style=\"width: 155px;height: 21px\" height=\"21\">L\u00e9trehoz\u00e1s \u00e9ve:<\/td>\n<td style=\"width: 439px\">1885<\/td>\n<\/tr>\n<tr>\n<td style=\"width: 155px;height: 21px\" height=\"21\">Eredeti m\u00e9ret:<\/td>\n<td style=\"width: 439px\">64 cm x 89 cm<\/td>\n<\/tr>\n<tr>\n<td style=\"width: 155px;height: 21px\" height=\"21\">Fest\u00e9si st\u00edlus:<\/td>\n<td style=\"width: 439px\">Posztimpresszionizmus<\/td>\n<\/tr>\n<tr>\n<td style=\"width: 155px;height: 21px\" height=\"21\">Eredeti technika:<\/td>\n<td style=\"width: 439px\">Olaj, v\u00e1szon<\/td>\n<\/tr>\n<tr>\n<td style=\"width: 155px;height: 21px\" height=\"21\">Helysz\u00edn:<\/td>\n<td style=\"width: 439px\">\n<div>Kr\u00f6ller-M\u00fcller M\u00fazeum, Otterlo, Hollandia<\/div>\n<\/td>\n<\/tr>\n<\/tbody>\n<\/table>\n<p>&nbsp;<\/p>\n<div>Van Gogh m\u0171vei a fest\u0151 impresszionizmushoz val\u00f3 hozz\u00e1\u00e1ll\u00e1s\u00e1t fejezik ki \u2013 ez a fest\u00e9szeti st\u00edlus nem engedte meg a m\u0171v\u00e9sznek kell\u0151 szabads\u00e1got \u00e9rzelmei kifejez\u00e9s\u00e9re. Van Gogh a v\u00e1szonok er\u0151teljes impasto fest\u00e9kfelvitel\u00e9r\u0151l, csillog\u00f3 sz\u00edneir\u0151l \u00e9s \u00e9l\u00e9nk ecsetvon\u00e1sair\u00f3l ismert.<\/div>\n<div><\/div>\n<div>Van Gogh 1885 november\u00e9ben festette az olajat v\u00e1szonra <em>\u0150szi t\u00e1j n\u00e9gy f\u00e1val<\/em>, amikor sz\u00fcleivel a holland Nuenan v\u00e1ros\u00e1ban \u00e9lt.<\/div>\n<div><\/div>\n<div>\n<p>Az &#8220;\u0150szi t\u00e1j n\u00e9gy f\u00e1val&#8221; Vincent van Gogh holland m\u0171v\u00e9sz 1888-as festm\u00e9nye. Ez a festm\u00e9ny Van Gogh egyik legleny\u0171g\u00f6z\u0151bb alkot\u00e1sa, amely megmutatja a k\u00f6rnyezet term\u00e9szetes sz\u00e9ps\u00e9g\u00e9nek \u00e9s szem\u00e9lyes \u00e9rzelmeinek meg\u00f6r\u00f6k\u00edt\u00e9s\u00e9ben val\u00f3 k\u00e9pess\u00e9g\u00e9t. A festm\u00e9nyen egy \u0151szi t\u00e1j l\u00e1that\u00f3 n\u00e9gy f\u00e1val, b\u00fazamez\u0151vel k\u00f6r\u00fclv\u00e9ve. A festm\u00e9ny sz\u00e9les k\u00f6rben elismert mer\u00e9sz ecsetvon\u00e1sair\u00f3l, \u00e9rzelmess\u00e9g\u00e9r\u0151l \u00e9s er\u0151s szimbolik\u00e1j\u00e1r\u00f3l.<\/p>\n<p>A festm\u00e9ny kompoz\u00edci\u00f3ja egyszer\u0171, de hat\u00e1sos, hiszen a v\u00e1sznon a t\u00e1jk\u00e9p foglalja el a legt\u00f6bb helyet. A festm\u00e9ny sz\u00ednhaszn\u00e1lata is figyelemre m\u00e9lt\u00f3, mivel Van Gogh mer\u00e9sz, kontrasztos sz\u00edneket haszn\u00e1l, amelyek mozg\u00e1s- \u00e9s energia\u00e9rzetet keltenek. A t\u00e1jat s\u00e1rga, narancs \u00e9s barna \u00e1rnyalatai \u00e1br\u00e1zolj\u00e1k, melegs\u00e9g \u00e9s energia \u00e9rzet\u00e9t keltve. A n\u00e9gy fa z\u00f6ld \u00e9s piros \u00e1rnyalat\u00fa, nyugalmat \u00e9s nyugalmat keltve. A b\u00fazamez\u0151t s\u00e1rga \u00e1rnyalatok bor\u00edtj\u00e1k, amelyek rem\u00e9nyt \u00e9s \u00fatmutat\u00e1st keltenek. A festm\u00e9ny ecsetvon\u00e1sai s\u0171r\u0171ek \u00e9s j\u00f3l l\u00e1that\u00f3ak, mozg\u00e1s- \u00e9s energia\u00e9rzetet adva a festm\u00e9nynek.<\/p>\n<p>A k\u00e9p szimbolik\u00e1ja is gazdag: az \u0151szi t\u00e1j az \u00e9let v\u00e1ltoz\u00e1sainak \u00e9s \u00e1tmeneteinek gondolat\u00e1t, a n\u00e9gy fa az er\u0151t \u00e9s a hossz\u00fa \u00e9letet, a b\u00fazamez\u0151 pedig a rem\u00e9nyt \u00e9s a b\u0151s\u00e9get jelk\u00e9pezi. A festm\u00e9ny \u00e1ll\u00edt\u00f3lag Van Gogh akkori \u00e9rzelmi \u00e1llapot\u00e1t \u00e1br\u00e1zolja. A festm\u00e9ny akkor k\u00e9sz\u00fclt, amikor Van Gogh a franciaorsz\u00e1gi Arles-ban \u00e9lt, \u00e9s v\u00e9lhet\u0151en t\u00fckr\u00f6zi a m\u0171v\u00e9sz v\u00e1gy\u00e1t, hogy kapcsolatba l\u00e9pjen a term\u00e9szettel \u00e9s az \u00e9let term\u00e9szetes ciklusaival.<\/p>\n<p>&#8220;Az \u0150szi t\u00e1j n\u00e9gy f\u00e1val Van Gogh egyik legleny\u0171g\u00f6z\u0151bb alkot\u00e1sa, \u00e9s a hollandiai Amszterdamban, a Van Gogh M\u00fazeumban tal\u00e1lhat\u00f3. Fontos posztimpresszionista alkot\u00e1s, amelyet m\u00e1ig csod\u00e1lnak \u00e9s tanulm\u00e1nyoznak amat\u0151r\u00f6k \u00e9s szak\u00e9rt\u0151k egyar\u00e1nt. Er\u0151teljes k\u00e9pvil\u00e1g\u00e1nak, \u00e9rzelmi \u00e9s gazdag szimbolik\u00e1j\u00e1nak k\u00f6sz\u00f6nhet\u0151en a festm\u00e9ny minden m\u0171v\u00e9szetkedvel\u0151 vagy Vincent van Gogh munk\u00e1i ir\u00e1nt \u00e9rdekl\u0151d\u0151 sz\u00e1m\u00e1ra k\u00f6telez\u0151.<\/p>\n<\/div>\n<div><\/div>\n[\/vc_column_text][\/vc_column][\/vc_row][vc_row][vc_column]\t<div class=\"et-image-813 et-image  full   et_image_link\">\n\t\t<div class=\"et-image-inner \">\n\t\t\t\t\t\t\t<a  class=\"mfp-image et-lightbox\" data-mfp-type=\"image\" data-mfp-src=\"https:\/\/svetslik.si\/wp-content\/uploads\/2021\/09\/Vincent-Van-Gogh-\u2013-Autumn-Landscape-with-Four-Trees-scaled.jpg\"  title=\"Vincent Van Gogh \u2013 \u0150szi t\u00e1j n\u00e9gy f\u00e1val &#8211; k\u00e9zzel festett m\u0171v\u00e9szeti reprodukci\u00f3 v\u00e1sznon.\">\n\t\t\t\t\t\t\t<div class=\"et-image-thumb \">\n\t\t\t\t\t<img decoding=\"async\" width=\"2560\" height=\"1920\" src=\"https:\/\/svetslik.si\/wp-content\/uploads\/2021\/09\/Vincent-Van-Gogh-\u2013-Autumn-Landscape-with-Four-Trees-scaled.jpg\" class=\"attachment-full\" alt=\"Vincent Van Gogh \u2013 \u0150szi t\u00e1j n\u00e9gy f\u00e1val - k\u00e9zzel festett m\u0171v\u00e9szeti reprodukci\u00f3 v\u00e1sznon.\" title=\"Vincent Van Gogh \u2013 \u0150szi t\u00e1j n\u00e9gy f\u00e1val - k\u00e9zzel festett m\u0171v\u00e9szeti reprodukci\u00f3 v\u00e1sznon.\" srcset=\"https:\/\/svetslik.si\/wp-content\/uploads\/2021\/09\/Vincent-Van-Gogh-\u2013-Autumn-Landscape-with-Four-Trees-scaled.jpg 2560w, https:\/\/svetslik.si\/wp-content\/uploads\/2021\/09\/Vincent-Van-Gogh-\u2013-Autumn-Landscape-with-Four-Trees-600x450.jpg 600w, https:\/\/svetslik.si\/wp-content\/uploads\/2021\/09\/Vincent-Van-Gogh-\u2013-Autumn-Landscape-with-Four-Trees-scaled-1200x900.jpg 1200w, https:\/\/svetslik.si\/wp-content\/uploads\/2021\/09\/Vincent-Van-Gogh-\u2013-Autumn-Landscape-with-Four-Trees-300x225.jpg 300w, https:\/\/svetslik.si\/wp-content\/uploads\/2021\/09\/Vincent-Van-Gogh-\u2013-Autumn-Landscape-with-Four-Trees-1024x768.jpg 1024w, https:\/\/svetslik.si\/wp-content\/uploads\/2021\/09\/Vincent-Van-Gogh-\u2013-Autumn-Landscape-with-Four-Trees-768x576.jpg 768w, https:\/\/svetslik.si\/wp-content\/uploads\/2021\/09\/Vincent-Van-Gogh-\u2013-Autumn-Landscape-with-Four-Trees-1536x1152.jpg 1536w, https:\/\/svetslik.si\/wp-content\/uploads\/2021\/09\/Vincent-Van-Gogh-\u2013-Autumn-Landscape-with-Four-Trees-2048x1536.jpg 2048w, https:\/\/svetslik.si\/wp-content\/uploads\/2021\/09\/Vincent-Van-Gogh-\u2013-Autumn-Landscape-with-Four-Trees-150x113.jpg 150w, https:\/\/svetslik.si\/wp-content\/uploads\/2021\/09\/Vincent-Van-Gogh-\u2013-Autumn-Landscape-with-Four-Trees-1320x990.jpg 1320w, https:\/\/svetslik.si\/wp-content\/uploads\/2021\/09\/Vincent-Van-Gogh-\u2013-Autumn-Landscape-with-Four-Trees-900x675.jpg 900w\" sizes=\"(max-width: 2560px) 100vw, 2560px\" \/>\t\t\t\t<\/div>\n\t\t\t\t\t\t\t<\/a>\n\t\t\t\t\t\t\t\t\t\t<div class=\"wp-caption-text\">Vincent Van Gogh \u2013 \u0150szi t\u00e1j n\u00e9gy f\u00e1val - k\u00e9zzel festett m\u0171v\u00e9szeti reprodukci\u00f3 v\u00e1sznon.<\/div>\n\t\t\t\t\t\t\t\t<\/div>\n\t<\/div>\n   [\/vc_column][\/vc_row]\n<\/div>","protected":false},"excerpt":{"rendered":"<p>[vc_row][vc_column][vc_column_text] Vincent Van Gogh \u2013 \u0150szi t\u00e1j n\u00e9gy f\u00e1val &nbsp; L\u00e9trehoz\u00e1s \u00e9ve: 1885 Eredeti m\u00e9ret: 64 cm x 89 cm Fest\u00e9si st\u00edlus: Posztimpresszionizmus Eredeti technika: Olaj, v\u00e1szon Helysz\u00edn: Kr\u00f6ller-M\u00fcller M\u00fazeum, Otterlo, Hollandia &nbsp; Van Gogh m\u0171vei a fest\u0151 impresszionizmushoz val\u00f3 hozz\u00e1\u00e1ll\u00e1s\u00e1t fejezik ki \u2013 ez a fest\u00e9szeti st\u00edlus nem engedte [&hellip;]<\/p>\n","protected":false},"featured_media":49358,"template":"","meta":{"_acf_changed":false},"product_brand":[],"product_cat":[7150],"product_tag":[11885,11886,11887,7215],"class_list":{"0":"post-52056","1":"product","2":"type-product","3":"status-publish","4":"has-post-thumbnail","6":"product_cat-vincent-van-gogh-hu","7":"product_tag-painter-hu","8":"product_tag-reproduction","9":"product_tag-reproductions-hu","10":"product_tag-van-gogh-hu","11":"pa_dimenzija-40-x-30-cm","12":"pa_dimenzija-50-x-40-cm","13":"pa_dimenzija-60-x-40-cm","14":"pa_dimenzija-60-x-50-cm","15":"pa_dimenzija-70-x-50-cm","16":"pa_dimenzija-90-x-60-cm","17":"pa_dimenzija-91-x-64-cm","18":"pa_oblika-vizszintes","19":"pa_okvir-nincs-keret","20":"pa_podokvir-igen","21":"pa_podokvir-nem","23":"first","24":"onbackorder","25":"purchasable","26":"product-type-variable","27":"has-default-attributes"},"acf":[],"yoast_head":"<!-- This site is optimized with the Yoast SEO Premium plugin v26.0 (Yoast SEO v27.2) - https:\/\/yoast.com\/product\/yoast-seo-premium-wordpress\/ -->\n<title>Vincent van Gogh - Autumn Landscape with Four Trees - SVETSLIK.SI - 100% k\u00e9zzel festett<\/title>\n<meta name=\"description\" content=\"Vincent van Gogh - Autumn Landscape with Four Trees - 100% k\u00e9zzel festett h\u00edres festm\u00e9nyek reprodukci\u00f3i. Festm\u00e9nyek keretez\u00e9se, elad\u00e1sa \u00e9s egyedi rendel\u00e9sre t\u00f6rt\u00e9n\u0151 v\u00e1szonk\u00e9pek k\u00e9sz\u00edt\u00e9se.\" \/>\n<meta name=\"robots\" content=\"index, follow, max-snippet:-1, max-image-preview:large, max-video-preview:-1\" \/>\n<link rel=\"canonical\" href=\"https:\/\/svetslik.si\/hu\/vincent-van-gogh-hu\/autumn-landscape-with-four-trees\/\" \/>\n<meta property=\"og:locale\" content=\"hu_HU\" \/>\n<meta property=\"og:type\" content=\"article\" \/>\n<meta property=\"og:title\" content=\"Vincent van Gogh - Autumn Landscape with Four Trees\" \/>\n<meta property=\"og:description\" content=\"100% ro\u010dno naslikane slike na platnu, reprodukcije znanih slikarjev in umetni\u0161ke slike po naro\u010dilu.\" \/>\n<meta property=\"og:url\" content=\"https:\/\/svetslik.si\/hu\/vincent-van-gogh-hu\/autumn-landscape-with-four-trees\/\" \/>\n<meta property=\"og:site_name\" content=\"SVETSLIK.SI\" \/>\n<meta property=\"article:publisher\" content=\"https:\/\/www.facebook.com\/svetslik.si\" \/>\n<meta property=\"article:modified_time\" content=\"2026-03-22T20:02:48+00:00\" \/>\n<meta property=\"og:image\" content=\"https:\/\/svetslik.si\/wp-content\/uploads\/2021\/08\/image_Autumn-Landscape-with-Four-Trees-Vincent-van-Gogh_680.jpg\" \/>\n\t<meta property=\"og:image:width\" content=\"2237\" \/>\n\t<meta property=\"og:image:height\" content=\"1759\" \/>\n\t<meta property=\"og:image:type\" content=\"image\/jpeg\" \/>\n<meta name=\"twitter:card\" content=\"summary_large_image\" \/>\n<meta name=\"twitter:site\" content=\"@svetslik\" \/>\n<meta name=\"twitter:label1\" content=\"El\u00e9rhet\u0151s\u00e9g\" \/>\n\t<meta name=\"twitter:data1\" content=\"Beszerz\u00e9s alatt\" \/>\n<script type=\"application\/ld+json\" class=\"yoast-schema-graph\">{\"@context\":\"https:\/\/schema.org\",\"@graph\":[{\"@type\":[\"WebPage\",\"ItemPage\"],\"@id\":\"https:\/\/svetslik.si\/hu\/vincent-van-gogh-hu\/autumn-landscape-with-four-trees\/\",\"url\":\"https:\/\/svetslik.si\/hu\/vincent-van-gogh-hu\/autumn-landscape-with-four-trees\/\",\"name\":\"Vincent van Gogh - Autumn Landscape with Four Trees - SVETSLIK.SI - 100% k\u00e9zzel festett\",\"isPartOf\":{\"@id\":\"https:\/\/svetslik.si\/hu\/#website\"},\"primaryImageOfPage\":{\"@id\":\"https:\/\/svetslik.si\/hu\/vincent-van-gogh-hu\/autumn-landscape-with-four-trees\/#primaryimage\"},\"image\":{\"@id\":\"https:\/\/svetslik.si\/hu\/vincent-van-gogh-hu\/autumn-landscape-with-four-trees\/#primaryimage\"},\"thumbnailUrl\":\"https:\/\/svetslik.si\/wp-content\/uploads\/2021\/08\/image_Autumn-Landscape-with-Four-Trees-Vincent-van-Gogh_680.jpg\",\"datePublished\":\"2021-09-02T15:42:24+00:00\",\"dateModified\":\"2026-03-22T20:02:48+00:00\",\"description\":\"Vincent van Gogh - Autumn Landscape with Four Trees - 100% k\u00e9zzel festett h\u00edres festm\u00e9nyek reprodukci\u00f3i. Festm\u00e9nyek keretez\u00e9se, elad\u00e1sa \u00e9s egyedi rendel\u00e9sre t\u00f6rt\u00e9n\u0151 v\u00e1szonk\u00e9pek k\u00e9sz\u00edt\u00e9se.\",\"breadcrumb\":{\"@id\":\"https:\/\/svetslik.si\/hu\/vincent-van-gogh-hu\/autumn-landscape-with-four-trees\/#breadcrumb\"},\"inLanguage\":\"hu\",\"potentialAction\":[{\"@type\":\"ReadAction\",\"target\":[\"https:\/\/svetslik.si\/hu\/vincent-van-gogh-hu\/autumn-landscape-with-four-trees\/\"]}]},{\"@type\":\"ImageObject\",\"inLanguage\":\"hu\",\"@id\":\"https:\/\/svetslik.si\/hu\/vincent-van-gogh-hu\/autumn-landscape-with-four-trees\/#primaryimage\",\"url\":\"https:\/\/svetslik.si\/wp-content\/uploads\/2021\/08\/image_Autumn-Landscape-with-Four-Trees-Vincent-van-Gogh_680.jpg\",\"contentUrl\":\"https:\/\/svetslik.si\/wp-content\/uploads\/2021\/08\/image_Autumn-Landscape-with-Four-Trees-Vincent-van-Gogh_680.jpg\",\"width\":2237,\"height\":1759,\"caption\":\"Vincent Van Gogh - Autumn Landscape with Four Trees - \u0150szi t\u00e1j n\u00e9gy f\u00e1val - Vincent Van Gogh - Autumn Landscape with Four Trees - Festm\u00e9nyek reprodukci\u00f3i - V\u00e1szonk\u00e9p - Festm\u00e9nyek reprodukci\u00f3i - Absztrakt Festm\u00e9ny - Modern Festm\u00e9ny - Realisztikus Festm\u00e9ny - Olajfestm\u00e9ny - Falik\u00e9p\"},{\"@type\":\"BreadcrumbList\",\"@id\":\"https:\/\/svetslik.si\/hu\/vincent-van-gogh-hu\/autumn-landscape-with-four-trees\/#breadcrumb\",\"itemListElement\":[{\"@type\":\"ListItem\",\"position\":1,\"name\":\"Wall art and paintings on canvas\",\"item\":\"https:\/\/svetslik.si\/hu\/\"},{\"@type\":\"ListItem\",\"position\":2,\"name\":\"Festm\u00e9nyek elad\u00e1sa\",\"item\":\"https:\/\/svetslik.si\/prodaja-slik\/\"},{\"@type\":\"ListItem\",\"position\":3,\"name\":\"Vincent van Gogh &#8211; Autumn Landscape with Four Trees\"}]},{\"@type\":\"WebSite\",\"@id\":\"https:\/\/svetslik.si\/hu\/#website\",\"url\":\"https:\/\/svetslik.si\/hu\/\",\"name\":\"SVETSLIK.SI\",\"description\":\"100%-ban k\u00e9zzel festett reprodukci\u00f3k h\u00edres fest\u0151k festm\u00e9nyeir\u0151l \u00e9s festm\u00e9nyekr\u0151l v\u00e1szonra.\",\"publisher\":{\"@id\":\"https:\/\/svetslik.si\/hu\/#organization\"},\"potentialAction\":[{\"@type\":\"SearchAction\",\"target\":{\"@type\":\"EntryPoint\",\"urlTemplate\":\"https:\/\/svetslik.si\/hu\/?s={search_term_string}\"},\"query-input\":{\"@type\":\"PropertyValueSpecification\",\"valueRequired\":true,\"valueName\":\"search_term_string\"}}],\"inLanguage\":\"hu\"},{\"@type\":\"Organization\",\"@id\":\"https:\/\/svetslik.si\/hu\/#organization\",\"name\":\"SvetSlik.si\",\"url\":\"https:\/\/svetslik.si\/hu\/\",\"logo\":{\"@type\":\"ImageObject\",\"inLanguage\":\"hu\",\"@id\":\"https:\/\/svetslik.si\/hu\/#\/schema\/logo\/image\/\",\"url\":\"https:\/\/svetslik.si\/wp-content\/uploads\/2020\/12\/logo-512.png\",\"contentUrl\":\"https:\/\/svetslik.si\/wp-content\/uploads\/2020\/12\/logo-512.png\",\"width\":512,\"height\":512,\"caption\":\"SvetSlik.si\"},\"image\":{\"@id\":\"https:\/\/svetslik.si\/hu\/#\/schema\/logo\/image\/\"},\"sameAs\":[\"https:\/\/www.facebook.com\/svetslik.si\",\"https:\/\/x.com\/svetslik\",\"https:\/\/www.instagram.com\/svetslik.si\/\",\"https:\/\/www.linkedin.com\/company\/svetslik-si\"]}]}<\/script>\n<meta property=\"og:availability\" content=\"backorder\" \/>\n<meta property=\"product:availability\" content=\"available for order\" \/>\n<meta property=\"product:retailer_item_id\" content=\"43__\" \/>\n<meta property=\"product:condition\" content=\"new\" \/>\n<!-- \/ Yoast SEO Premium plugin. -->","yoast_head_json":{"title":"Vincent van Gogh - Autumn Landscape with Four Trees - SVETSLIK.SI - 100% k\u00e9zzel festett","description":"Vincent van Gogh - Autumn Landscape with Four Trees - 100% k\u00e9zzel festett h\u00edres festm\u00e9nyek reprodukci\u00f3i. Festm\u00e9nyek keretez\u00e9se, elad\u00e1sa \u00e9s egyedi rendel\u00e9sre t\u00f6rt\u00e9n\u0151 v\u00e1szonk\u00e9pek k\u00e9sz\u00edt\u00e9se.","robots":{"index":"index","follow":"follow","max-snippet":"max-snippet:-1","max-image-preview":"max-image-preview:large","max-video-preview":"max-video-preview:-1"},"canonical":"https:\/\/svetslik.si\/hu\/vincent-van-gogh-hu\/autumn-landscape-with-four-trees\/","og_locale":"hu_HU","og_type":"article","og_title":"Vincent van Gogh - Autumn Landscape with Four Trees","og_description":"100% ro\u010dno naslikane slike na platnu, reprodukcije znanih slikarjev in umetni\u0161ke slike po naro\u010dilu.","og_url":"https:\/\/svetslik.si\/hu\/vincent-van-gogh-hu\/autumn-landscape-with-four-trees\/","og_site_name":"SVETSLIK.SI","article_publisher":"https:\/\/www.facebook.com\/svetslik.si","article_modified_time":"2026-03-22T20:02:48+00:00","og_image":[{"width":2237,"height":1759,"url":"https:\/\/svetslik.si\/wp-content\/uploads\/2021\/08\/image_Autumn-Landscape-with-Four-Trees-Vincent-van-Gogh_680.jpg","type":"image\/jpeg"}],"twitter_card":"summary_large_image","twitter_site":"@svetslik","twitter_misc":{"El\u00e9rhet\u0151s\u00e9g":"Beszerz\u00e9s alatt"},"schema":{"@context":"https:\/\/schema.org","@graph":[{"@type":["WebPage","ItemPage"],"@id":"https:\/\/svetslik.si\/hu\/vincent-van-gogh-hu\/autumn-landscape-with-four-trees\/","url":"https:\/\/svetslik.si\/hu\/vincent-van-gogh-hu\/autumn-landscape-with-four-trees\/","name":"Vincent van Gogh - Autumn Landscape with Four Trees - SVETSLIK.SI - 100% k\u00e9zzel festett","isPartOf":{"@id":"https:\/\/svetslik.si\/hu\/#website"},"primaryImageOfPage":{"@id":"https:\/\/svetslik.si\/hu\/vincent-van-gogh-hu\/autumn-landscape-with-four-trees\/#primaryimage"},"image":{"@id":"https:\/\/svetslik.si\/hu\/vincent-van-gogh-hu\/autumn-landscape-with-four-trees\/#primaryimage"},"thumbnailUrl":"https:\/\/svetslik.si\/wp-content\/uploads\/2021\/08\/image_Autumn-Landscape-with-Four-Trees-Vincent-van-Gogh_680.jpg","datePublished":"2021-09-02T15:42:24+00:00","dateModified":"2026-03-22T20:02:48+00:00","description":"Vincent van Gogh - Autumn Landscape with Four Trees - 100% k\u00e9zzel festett h\u00edres festm\u00e9nyek reprodukci\u00f3i. Festm\u00e9nyek keretez\u00e9se, elad\u00e1sa \u00e9s egyedi rendel\u00e9sre t\u00f6rt\u00e9n\u0151 v\u00e1szonk\u00e9pek k\u00e9sz\u00edt\u00e9se.","breadcrumb":{"@id":"https:\/\/svetslik.si\/hu\/vincent-van-gogh-hu\/autumn-landscape-with-four-trees\/#breadcrumb"},"inLanguage":"hu","potentialAction":[{"@type":"ReadAction","target":["https:\/\/svetslik.si\/hu\/vincent-van-gogh-hu\/autumn-landscape-with-four-trees\/"]}]},{"@type":"ImageObject","inLanguage":"hu","@id":"https:\/\/svetslik.si\/hu\/vincent-van-gogh-hu\/autumn-landscape-with-four-trees\/#primaryimage","url":"https:\/\/svetslik.si\/wp-content\/uploads\/2021\/08\/image_Autumn-Landscape-with-Four-Trees-Vincent-van-Gogh_680.jpg","contentUrl":"https:\/\/svetslik.si\/wp-content\/uploads\/2021\/08\/image_Autumn-Landscape-with-Four-Trees-Vincent-van-Gogh_680.jpg","width":2237,"height":1759,"caption":"Vincent Van Gogh - Autumn Landscape with Four Trees - \u0150szi t\u00e1j n\u00e9gy f\u00e1val - Vincent Van Gogh - Autumn Landscape with Four Trees - Festm\u00e9nyek reprodukci\u00f3i - V\u00e1szonk\u00e9p - Festm\u00e9nyek reprodukci\u00f3i - Absztrakt Festm\u00e9ny - Modern Festm\u00e9ny - Realisztikus Festm\u00e9ny - Olajfestm\u00e9ny - Falik\u00e9p"},{"@type":"BreadcrumbList","@id":"https:\/\/svetslik.si\/hu\/vincent-van-gogh-hu\/autumn-landscape-with-four-trees\/#breadcrumb","itemListElement":[{"@type":"ListItem","position":1,"name":"Wall art and paintings on canvas","item":"https:\/\/svetslik.si\/hu\/"},{"@type":"ListItem","position":2,"name":"Festm\u00e9nyek elad\u00e1sa","item":"https:\/\/svetslik.si\/prodaja-slik\/"},{"@type":"ListItem","position":3,"name":"Vincent van Gogh &#8211; Autumn Landscape with Four Trees"}]},{"@type":"WebSite","@id":"https:\/\/svetslik.si\/hu\/#website","url":"https:\/\/svetslik.si\/hu\/","name":"SVETSLIK.SI","description":"100%-ban k\u00e9zzel festett reprodukci\u00f3k h\u00edres fest\u0151k festm\u00e9nyeir\u0151l \u00e9s festm\u00e9nyekr\u0151l v\u00e1szonra.","publisher":{"@id":"https:\/\/svetslik.si\/hu\/#organization"},"potentialAction":[{"@type":"SearchAction","target":{"@type":"EntryPoint","urlTemplate":"https:\/\/svetslik.si\/hu\/?s={search_term_string}"},"query-input":{"@type":"PropertyValueSpecification","valueRequired":true,"valueName":"search_term_string"}}],"inLanguage":"hu"},{"@type":"Organization","@id":"https:\/\/svetslik.si\/hu\/#organization","name":"SvetSlik.si","url":"https:\/\/svetslik.si\/hu\/","logo":{"@type":"ImageObject","inLanguage":"hu","@id":"https:\/\/svetslik.si\/hu\/#\/schema\/logo\/image\/","url":"https:\/\/svetslik.si\/wp-content\/uploads\/2020\/12\/logo-512.png","contentUrl":"https:\/\/svetslik.si\/wp-content\/uploads\/2020\/12\/logo-512.png","width":512,"height":512,"caption":"SvetSlik.si"},"image":{"@id":"https:\/\/svetslik.si\/hu\/#\/schema\/logo\/image\/"},"sameAs":["https:\/\/www.facebook.com\/svetslik.si","https:\/\/x.com\/svetslik","https:\/\/www.instagram.com\/svetslik.si\/","https:\/\/www.linkedin.com\/company\/svetslik-si"]}]},"og_availability":"backorder","product_availability":"available for order","product_retailer_item_id":"43__","product_condition":"new"},"jetpack_sharing_enabled":true,"_links":{"self":[{"href":"https:\/\/svetslik.si\/hu\/wp-json\/wp\/v2\/product\/52056","targetHints":{"allow":["GET"]}}],"collection":[{"href":"https:\/\/svetslik.si\/hu\/wp-json\/wp\/v2\/product"}],"about":[{"href":"https:\/\/svetslik.si\/hu\/wp-json\/wp\/v2\/types\/product"}],"wp:featuredmedia":[{"embeddable":true,"href":"https:\/\/svetslik.si\/hu\/wp-json\/wp\/v2\/media\/49358"}],"wp:attachment":[{"href":"https:\/\/svetslik.si\/hu\/wp-json\/wp\/v2\/media?parent=52056"}],"wp:term":[{"taxonomy":"product_brand","embeddable":true,"href":"https:\/\/svetslik.si\/hu\/wp-json\/wp\/v2\/product_brand?post=52056"},{"taxonomy":"product_cat","embeddable":true,"href":"https:\/\/svetslik.si\/hu\/wp-json\/wp\/v2\/product_cat?post=52056"},{"taxonomy":"product_tag","embeddable":true,"href":"https:\/\/svetslik.si\/hu\/wp-json\/wp\/v2\/product_tag?post=52056"}],"curies":[{"name":"wp","href":"https:\/\/api.w.org\/{rel}","templated":true}]}}