{"id":52064,"date":"2021-09-02T17:42:24","date_gmt":"2021-09-02T15:42:24","guid":{"rendered":"https:\/\/svetslik.si\/nem-kategorizalt\/road-with-cypress-and-star\/"},"modified":"2026-03-22T21:02:48","modified_gmt":"2026-03-22T20:02:48","slug":"road-with-cypress-and-star","status":"publish","type":"product","link":"https:\/\/svetslik.si\/hu\/vincent-van-gogh-hu\/road-with-cypress-and-star\/","title":{"rendered":"Vincent van Gogh &#8211; Road with Cypress and Star"},"content":{"rendered":"<h1>Vincent Van Gogh \u2013 \u00dat ciprusszal \u00e9s csillaggal<\/h1>\n<table id=\"imageinfo\" border=\"0\" width=\"96%\" cellpadding=\"2\">\n<tbody>\n<tr>\n<td width=\"120\">L\u00e9trehoz\u00e1s \u00e9ve:<\/td>\n<td>1890<\/td>\n<\/tr>\n<tr>\n<td>Eredeti m\u00e9ret:<\/td>\n<td>92 x 73 cm<\/td>\n<\/tr>\n<tr>\n<td>Fest\u00e9si st\u00edlus:<\/td>\n<td>Posztimpresszionizmus<\/td>\n<\/tr>\n<tr>\n<td>Eredeti technika:<\/td>\n<td>Olaj, v\u00e1szon<\/td>\n<\/tr>\n<tr>\n<td>Helysz\u00edn:<\/td>\n<td>Rijksmuseum Kroller-Muller, Otterlo<\/td>\n<\/tr>\n<\/tbody>\n<\/table>\n<p>&nbsp;<\/p>\n<p>Az \u00e9ggel val\u00f3 kapcsolat mi sem nyilv\u00e1nval\u00f3bb, mint az Road with Cypress and Star c\u00edm\u0171 filmben, amelyet Van Gogh \u00e9lete utols\u00f3 pszich\u00f3zisa ut\u00e1n 1890-ben hozott l\u00e9tre. Olaj, v\u00e1szon Az <em>\u00dat ciprusszal \u00e9s csillaggal<\/em> az utols\u00f3 k\u00e9p, amelyet a szerz\u0151 a Saint-Remy-i klinik\u00e1n festett. Kiegyens\u00falyozott f\u00f3kuszt, valamint a f\u00f6ld \u00e9s az \u00e9g b\u00e9k\u00e9s kombin\u00e1ci\u00f3j\u00e1t k\u00e9pviseli. A festm\u00e9ny k\u00f6zep\u00e9n egy magas ciprusfa \u00e1ll, a temet\u0151 \u00e9s a hal\u00e1l szimb\u00f3luma, amely egy hidat jelent az \u00e9g fel\u00e9.<\/p>\n<p>Az &#8220;\u00dat ciprusszal \u00e9s csillaggal&#8221; Vincent van Gogh holland m\u0171v\u00e9sz festm\u00e9nye 1890-b\u0151l. Ezt a festm\u00e9nyt Van Gogh egyik legikonikusabb \u00e9s leger\u0151sebb alkot\u00e1sak\u00e9nt tartj\u00e1k sz\u00e1mon, amely megmutatja a term\u00e9szet esszenci\u00e1j\u00e1nak, valamint az ember \u00e9s a term\u00e9szet kapcsolat\u00e1nak megragad\u00e1s\u00e1t. vil\u00e1g. A festm\u00e9nyen egy kanyarg\u00f3s \u00fat l\u00e1that\u00f3, ciprusf\u00e1kkal k\u00f6r\u00fclv\u00e9ve, a h\u00e1tt\u00e9rben egy nagy csillag ragyog. A festm\u00e9ny sz\u00e9les k\u00f6rben elismert mer\u00e9sz ecsetvon\u00e1sair\u00f3l, \u00e9rzelmess\u00e9g\u00e9r\u0151l \u00e9s er\u0151s szimbolik\u00e1j\u00e1r\u00f3l.<\/p>\n<p>A festm\u00e9ny kompoz\u00edci\u00f3ja egyszer\u0171, de hat\u00e1sos, hiszen a kanyarg\u00f3s \u00fat foglalja el a v\u00e1sznon a legt\u00f6bb helyet. A festm\u00e9ny sz\u00ednhaszn\u00e1lata is figyelemre m\u00e9lt\u00f3, mivel Van Gogh mer\u00e9sz, kontrasztos sz\u00edneket haszn\u00e1l, amelyek mozg\u00e1s- \u00e9s energia\u00e9rzetet keltenek. Az utat s\u00e1rga \u00e9s narancss\u00e1rga \u00e1rnyalatok \u00e1br\u00e1zolj\u00e1k, amelyek melegs\u00e9get \u00e9s energi\u00e1t keltenek. A ciprusok z\u00f6ld \u00e9s k\u00e9k \u00e1rnyalat\u00faak, ami a nyugalom \u00e9s a nyugalom \u00e9rzet\u00e9t kelti. A h\u00e1tt\u00e9rben f\u00e9nyl\u0151 nagy csillag feh\u00e9r \u00e9s s\u00e1rga \u00e1rnyalatokkal van \u00e1br\u00e1zolva, ami a rem\u00e9ny \u00e9s a vezet\u0151 szerep \u00e9rz\u00e9s\u00e9t kelti. A festm\u00e9ny ecsetvon\u00e1sai s\u0171r\u0171ek \u00e9s j\u00f3l l\u00e1that\u00f3ak, mozg\u00e1s- \u00e9s energia\u00e9rzetet adva a festm\u00e9nynek.<\/p>\n<p>A k\u00e9pen a szimbolika is gazdag: a kanyarg\u00f3s \u00fat az \u00e9let\u00fat, a ciprusf\u00e1k az er\u0151t \u00e9s a hossz\u00fa \u00e9letet, a h\u00e1tt\u00e9rben f\u00e9nyl\u0151 nagy csillag pedig a rem\u00e9nyt \u00e9s a vezet\u00e9st. A festm\u00e9ny \u00e1ll\u00edt\u00f3lag Van Gogh akkori \u00e9rzelmi \u00e1llapot\u00e1t \u00e1br\u00e1zolja. A festm\u00e9ny akkor k\u00e9sz\u00fclt, amikor Van Gogh a franciaorsz\u00e1gi Auvers-sur-Oise-ban \u00e9lt, \u00e9s v\u00e9lhet\u0151en t\u00fckr\u00f6zi a m\u0171v\u00e9sz v\u00e1gy\u00e1t a spiritu\u00e1lis \u00fatmutat\u00e1sra \u00e9s a term\u00e9szettel val\u00f3 kapcsolatra.<\/p>\n<p>Az &#8220;\u00dat a ciprussal \u00e9s a csillaggal&#8221; Van Gogh egyik legikonikusabb \u00e9s leger\u0151sebb alkot\u00e1sa, amely a New York-i Metropolitan M\u0171v\u00e9szeti M\u00fazeumban tal\u00e1lhat\u00f3. A posztimpresszionizmus fontos alkot\u00e1sa, amelyet m\u00e1ig csod\u00e1lnak \u00e9s tanulm\u00e1nyoznak mind amat\u0151r\u00f6k, mind szak\u00e9rt\u0151k. Az er\u0151teljes k\u00e9palkot\u00e1s, az \u00e9rzelmess\u00e9g \u00e9s a gazdag szimbolika a festm\u00e9nyt minden m\u0171v\u00e9szetkedvel\u0151 vagy Vincent van Gogh munk\u00e1i ir\u00e1nt \u00e9rdekl\u0151d\u0151 sz\u00e1m\u00e1ra k\u00f6telez\u0151v\u00e9 teszi.<\/p>\n<p>&nbsp;<\/p>\n","protected":false},"excerpt":{"rendered":"<p>Vincent Van Gogh \u2013 \u00dat ciprusszal \u00e9s csillaggal L\u00e9trehoz\u00e1s \u00e9ve: 1890 Eredeti m\u00e9ret: 92 x 73 cm Fest\u00e9si st\u00edlus: Posztimpresszionizmus Eredeti technika: Olaj, v\u00e1szon Helysz\u00edn: Rijksmuseum Kroller-Muller, Otterlo &nbsp; Az \u00e9ggel val\u00f3 kapcsolat mi sem nyilv\u00e1nval\u00f3bb, mint az Road with Cypress and Star c\u00edm\u0171 filmben, amelyet Van Gogh \u00e9lete utols\u00f3 [&hellip;]<\/p>\n","protected":false},"featured_media":49963,"template":"","meta":{"_acf_changed":false},"product_brand":[],"product_cat":[7150],"product_tag":[11885,11886,11887,7215],"class_list":{"0":"post-52064","1":"product","2":"type-product","3":"status-publish","4":"has-post-thumbnail","6":"product_cat-vincent-van-gogh-hu","7":"product_tag-painter-hu","8":"product_tag-reproduction","9":"product_tag-reproductions-hu","10":"product_tag-van-gogh-hu","11":"pa_dimenzija-40-x-50-cm","12":"pa_dimenzija-50-x-65-cm","13":"pa_dimenzija-60-x-80-cm","14":"pa_dimenzija-70-x-90-cm","15":"pa_dimenzija-80-x-100-cm","16":"pa_dimenzija-90-x-120-cm","17":"pa_oblika-fuggoleges","18":"pa_okvir-nincs-keret","19":"pa_podokvir-igen","20":"pa_podokvir-nem","22":"first","23":"onbackorder","24":"purchasable","25":"product-type-variable","26":"has-default-attributes"},"acf":[],"yoast_head":"<!-- This site is optimized with the Yoast SEO Premium plugin v26.0 (Yoast SEO v27.2) - https:\/\/yoast.com\/product\/yoast-seo-premium-wordpress\/ -->\n<title>Vincent van Gogh - Road with Cypress and Star - SVETSLIK.SI - 100% k\u00e9zzel festett<\/title>\n<meta name=\"description\" content=\"Vincent van Gogh - Road with Cypress and Star - 100% k\u00e9zzel festett h\u00edres festm\u00e9nyek reprodukci\u00f3i. Festm\u00e9nyek keretez\u00e9se, elad\u00e1sa \u00e9s egyedi rendel\u00e9sre t\u00f6rt\u00e9n\u0151 v\u00e1szonk\u00e9pek k\u00e9sz\u00edt\u00e9se.\" \/>\n<meta name=\"robots\" content=\"index, follow, max-snippet:-1, max-image-preview:large, max-video-preview:-1\" \/>\n<link rel=\"canonical\" href=\"https:\/\/svetslik.si\/hu\/vincent-van-gogh-hu\/road-with-cypress-and-star\/\" \/>\n<meta property=\"og:locale\" content=\"hu_HU\" \/>\n<meta property=\"og:type\" content=\"article\" \/>\n<meta property=\"og:title\" content=\"Vincent van Gogh - Road with Cypress and Star\" \/>\n<meta property=\"og:description\" content=\"100% ro\u010dno naslikane slike na platnu, reprodukcije znanih slikarjev in umetni\u0161ke slike po naro\u010dilu.\" \/>\n<meta property=\"og:url\" content=\"https:\/\/svetslik.si\/hu\/vincent-van-gogh-hu\/road-with-cypress-and-star\/\" \/>\n<meta property=\"og:site_name\" content=\"SVETSLIK.SI\" \/>\n<meta property=\"article:publisher\" content=\"https:\/\/www.facebook.com\/svetslik.si\" \/>\n<meta property=\"article:modified_time\" content=\"2026-03-22T20:02:48+00:00\" \/>\n<meta property=\"og:image\" content=\"https:\/\/svetslik.si\/wp-content\/uploads\/2021\/08\/image_Road-with-Cypress-band-Star-Vincent-van-Gogh_680-scaled.jpg\" \/>\n\t<meta property=\"og:image:width\" content=\"2024\" \/>\n\t<meta property=\"og:image:height\" content=\"2560\" \/>\n\t<meta property=\"og:image:type\" content=\"image\/jpeg\" \/>\n<meta name=\"twitter:card\" content=\"summary_large_image\" \/>\n<meta name=\"twitter:site\" content=\"@svetslik\" \/>\n<meta name=\"twitter:label1\" content=\"El\u00e9rhet\u0151s\u00e9g\" \/>\n\t<meta name=\"twitter:data1\" content=\"Beszerz\u00e9s alatt\" \/>\n<script type=\"application\/ld+json\" class=\"yoast-schema-graph\">{\"@context\":\"https:\/\/schema.org\",\"@graph\":[{\"@type\":[\"WebPage\",\"ItemPage\"],\"@id\":\"https:\/\/svetslik.si\/hu\/vincent-van-gogh-hu\/road-with-cypress-and-star\/\",\"url\":\"https:\/\/svetslik.si\/hu\/vincent-van-gogh-hu\/road-with-cypress-and-star\/\",\"name\":\"Vincent van Gogh - Road with Cypress and Star - SVETSLIK.SI - 100% k\u00e9zzel festett\",\"isPartOf\":{\"@id\":\"https:\/\/svetslik.si\/hu\/#website\"},\"primaryImageOfPage\":{\"@id\":\"https:\/\/svetslik.si\/hu\/vincent-van-gogh-hu\/road-with-cypress-and-star\/#primaryimage\"},\"image\":{\"@id\":\"https:\/\/svetslik.si\/hu\/vincent-van-gogh-hu\/road-with-cypress-and-star\/#primaryimage\"},\"thumbnailUrl\":\"https:\/\/svetslik.si\/wp-content\/uploads\/2021\/08\/image_Road-with-Cypress-band-Star-Vincent-van-Gogh_680-scaled.jpg\",\"datePublished\":\"2021-09-02T15:42:24+00:00\",\"dateModified\":\"2026-03-22T20:02:48+00:00\",\"description\":\"Vincent van Gogh - Road with Cypress and Star - 100% k\u00e9zzel festett h\u00edres festm\u00e9nyek reprodukci\u00f3i. Festm\u00e9nyek keretez\u00e9se, elad\u00e1sa \u00e9s egyedi rendel\u00e9sre t\u00f6rt\u00e9n\u0151 v\u00e1szonk\u00e9pek k\u00e9sz\u00edt\u00e9se.\",\"breadcrumb\":{\"@id\":\"https:\/\/svetslik.si\/hu\/vincent-van-gogh-hu\/road-with-cypress-and-star\/#breadcrumb\"},\"inLanguage\":\"hu\",\"potentialAction\":[{\"@type\":\"ReadAction\",\"target\":[\"https:\/\/svetslik.si\/hu\/vincent-van-gogh-hu\/road-with-cypress-and-star\/\"]}]},{\"@type\":\"ImageObject\",\"inLanguage\":\"hu\",\"@id\":\"https:\/\/svetslik.si\/hu\/vincent-van-gogh-hu\/road-with-cypress-and-star\/#primaryimage\",\"url\":\"https:\/\/svetslik.si\/wp-content\/uploads\/2021\/08\/image_Road-with-Cypress-band-Star-Vincent-van-Gogh_680-scaled.jpg\",\"contentUrl\":\"https:\/\/svetslik.si\/wp-content\/uploads\/2021\/08\/image_Road-with-Cypress-band-Star-Vincent-van-Gogh_680-scaled.jpg\",\"width\":2024,\"height\":2560,\"caption\":\"Vincent Van Gogh - Road with Cypress and Star - Vincent Van Gogh - \u00dat ciprusf\u00e1val \u00e9s csillaggal - REPRODUKCI\u00d3I - V\u00e1szonk\u00e9p - Festm\u00e9nyek reprodukci\u00f3i - Absztrakt Festm\u00e9ny - Modern Festm\u00e9ny - Realisztikus Festm\u00e9ny - Olajfestm\u00e9ny - Falik\u00e9p\"},{\"@type\":\"BreadcrumbList\",\"@id\":\"https:\/\/svetslik.si\/hu\/vincent-van-gogh-hu\/road-with-cypress-and-star\/#breadcrumb\",\"itemListElement\":[{\"@type\":\"ListItem\",\"position\":1,\"name\":\"Wall art and paintings on canvas\",\"item\":\"https:\/\/svetslik.si\/hu\/\"},{\"@type\":\"ListItem\",\"position\":2,\"name\":\"Festm\u00e9nyek elad\u00e1sa\",\"item\":\"https:\/\/svetslik.si\/prodaja-slik\/\"},{\"@type\":\"ListItem\",\"position\":3,\"name\":\"Vincent van Gogh &#8211; Road with Cypress and Star\"}]},{\"@type\":\"WebSite\",\"@id\":\"https:\/\/svetslik.si\/hu\/#website\",\"url\":\"https:\/\/svetslik.si\/hu\/\",\"name\":\"SVETSLIK.SI\",\"description\":\"100%-ban k\u00e9zzel festett reprodukci\u00f3k h\u00edres fest\u0151k festm\u00e9nyeir\u0151l \u00e9s festm\u00e9nyekr\u0151l v\u00e1szonra.\",\"publisher\":{\"@id\":\"https:\/\/svetslik.si\/hu\/#organization\"},\"potentialAction\":[{\"@type\":\"SearchAction\",\"target\":{\"@type\":\"EntryPoint\",\"urlTemplate\":\"https:\/\/svetslik.si\/hu\/?s={search_term_string}\"},\"query-input\":{\"@type\":\"PropertyValueSpecification\",\"valueRequired\":true,\"valueName\":\"search_term_string\"}}],\"inLanguage\":\"hu\"},{\"@type\":\"Organization\",\"@id\":\"https:\/\/svetslik.si\/hu\/#organization\",\"name\":\"SvetSlik.si\",\"url\":\"https:\/\/svetslik.si\/hu\/\",\"logo\":{\"@type\":\"ImageObject\",\"inLanguage\":\"hu\",\"@id\":\"https:\/\/svetslik.si\/hu\/#\/schema\/logo\/image\/\",\"url\":\"https:\/\/svetslik.si\/wp-content\/uploads\/2020\/12\/logo-512.png\",\"contentUrl\":\"https:\/\/svetslik.si\/wp-content\/uploads\/2020\/12\/logo-512.png\",\"width\":512,\"height\":512,\"caption\":\"SvetSlik.si\"},\"image\":{\"@id\":\"https:\/\/svetslik.si\/hu\/#\/schema\/logo\/image\/\"},\"sameAs\":[\"https:\/\/www.facebook.com\/svetslik.si\",\"https:\/\/x.com\/svetslik\",\"https:\/\/www.instagram.com\/svetslik.si\/\",\"https:\/\/www.linkedin.com\/company\/svetslik-si\"]}]}<\/script>\n<meta property=\"og:availability\" content=\"backorder\" \/>\n<meta property=\"product:availability\" content=\"available for order\" \/>\n<meta property=\"product:retailer_item_id\" content=\"44__\" \/>\n<meta property=\"product:condition\" content=\"new\" \/>\n<!-- \/ Yoast SEO Premium plugin. -->","yoast_head_json":{"title":"Vincent van Gogh - Road with Cypress and Star - SVETSLIK.SI - 100% k\u00e9zzel festett","description":"Vincent van Gogh - Road with Cypress and Star - 100% k\u00e9zzel festett h\u00edres festm\u00e9nyek reprodukci\u00f3i. Festm\u00e9nyek keretez\u00e9se, elad\u00e1sa \u00e9s egyedi rendel\u00e9sre t\u00f6rt\u00e9n\u0151 v\u00e1szonk\u00e9pek k\u00e9sz\u00edt\u00e9se.","robots":{"index":"index","follow":"follow","max-snippet":"max-snippet:-1","max-image-preview":"max-image-preview:large","max-video-preview":"max-video-preview:-1"},"canonical":"https:\/\/svetslik.si\/hu\/vincent-van-gogh-hu\/road-with-cypress-and-star\/","og_locale":"hu_HU","og_type":"article","og_title":"Vincent van Gogh - Road with Cypress and Star","og_description":"100% ro\u010dno naslikane slike na platnu, reprodukcije znanih slikarjev in umetni\u0161ke slike po naro\u010dilu.","og_url":"https:\/\/svetslik.si\/hu\/vincent-van-gogh-hu\/road-with-cypress-and-star\/","og_site_name":"SVETSLIK.SI","article_publisher":"https:\/\/www.facebook.com\/svetslik.si","article_modified_time":"2026-03-22T20:02:48+00:00","og_image":[{"width":2024,"height":2560,"url":"https:\/\/svetslik.si\/wp-content\/uploads\/2021\/08\/image_Road-with-Cypress-band-Star-Vincent-van-Gogh_680-scaled.jpg","type":"image\/jpeg"}],"twitter_card":"summary_large_image","twitter_site":"@svetslik","twitter_misc":{"El\u00e9rhet\u0151s\u00e9g":"Beszerz\u00e9s alatt"},"schema":{"@context":"https:\/\/schema.org","@graph":[{"@type":["WebPage","ItemPage"],"@id":"https:\/\/svetslik.si\/hu\/vincent-van-gogh-hu\/road-with-cypress-and-star\/","url":"https:\/\/svetslik.si\/hu\/vincent-van-gogh-hu\/road-with-cypress-and-star\/","name":"Vincent van Gogh - Road with Cypress and Star - SVETSLIK.SI - 100% k\u00e9zzel festett","isPartOf":{"@id":"https:\/\/svetslik.si\/hu\/#website"},"primaryImageOfPage":{"@id":"https:\/\/svetslik.si\/hu\/vincent-van-gogh-hu\/road-with-cypress-and-star\/#primaryimage"},"image":{"@id":"https:\/\/svetslik.si\/hu\/vincent-van-gogh-hu\/road-with-cypress-and-star\/#primaryimage"},"thumbnailUrl":"https:\/\/svetslik.si\/wp-content\/uploads\/2021\/08\/image_Road-with-Cypress-band-Star-Vincent-van-Gogh_680-scaled.jpg","datePublished":"2021-09-02T15:42:24+00:00","dateModified":"2026-03-22T20:02:48+00:00","description":"Vincent van Gogh - Road with Cypress and Star - 100% k\u00e9zzel festett h\u00edres festm\u00e9nyek reprodukci\u00f3i. Festm\u00e9nyek keretez\u00e9se, elad\u00e1sa \u00e9s egyedi rendel\u00e9sre t\u00f6rt\u00e9n\u0151 v\u00e1szonk\u00e9pek k\u00e9sz\u00edt\u00e9se.","breadcrumb":{"@id":"https:\/\/svetslik.si\/hu\/vincent-van-gogh-hu\/road-with-cypress-and-star\/#breadcrumb"},"inLanguage":"hu","potentialAction":[{"@type":"ReadAction","target":["https:\/\/svetslik.si\/hu\/vincent-van-gogh-hu\/road-with-cypress-and-star\/"]}]},{"@type":"ImageObject","inLanguage":"hu","@id":"https:\/\/svetslik.si\/hu\/vincent-van-gogh-hu\/road-with-cypress-and-star\/#primaryimage","url":"https:\/\/svetslik.si\/wp-content\/uploads\/2021\/08\/image_Road-with-Cypress-band-Star-Vincent-van-Gogh_680-scaled.jpg","contentUrl":"https:\/\/svetslik.si\/wp-content\/uploads\/2021\/08\/image_Road-with-Cypress-band-Star-Vincent-van-Gogh_680-scaled.jpg","width":2024,"height":2560,"caption":"Vincent Van Gogh - Road with Cypress and Star - Vincent Van Gogh - \u00dat ciprusf\u00e1val \u00e9s csillaggal - REPRODUKCI\u00d3I - V\u00e1szonk\u00e9p - Festm\u00e9nyek reprodukci\u00f3i - Absztrakt Festm\u00e9ny - Modern Festm\u00e9ny - Realisztikus Festm\u00e9ny - Olajfestm\u00e9ny - Falik\u00e9p"},{"@type":"BreadcrumbList","@id":"https:\/\/svetslik.si\/hu\/vincent-van-gogh-hu\/road-with-cypress-and-star\/#breadcrumb","itemListElement":[{"@type":"ListItem","position":1,"name":"Wall art and paintings on canvas","item":"https:\/\/svetslik.si\/hu\/"},{"@type":"ListItem","position":2,"name":"Festm\u00e9nyek elad\u00e1sa","item":"https:\/\/svetslik.si\/prodaja-slik\/"},{"@type":"ListItem","position":3,"name":"Vincent van Gogh &#8211; Road with Cypress and Star"}]},{"@type":"WebSite","@id":"https:\/\/svetslik.si\/hu\/#website","url":"https:\/\/svetslik.si\/hu\/","name":"SVETSLIK.SI","description":"100%-ban k\u00e9zzel festett reprodukci\u00f3k h\u00edres fest\u0151k festm\u00e9nyeir\u0151l \u00e9s festm\u00e9nyekr\u0151l v\u00e1szonra.","publisher":{"@id":"https:\/\/svetslik.si\/hu\/#organization"},"potentialAction":[{"@type":"SearchAction","target":{"@type":"EntryPoint","urlTemplate":"https:\/\/svetslik.si\/hu\/?s={search_term_string}"},"query-input":{"@type":"PropertyValueSpecification","valueRequired":true,"valueName":"search_term_string"}}],"inLanguage":"hu"},{"@type":"Organization","@id":"https:\/\/svetslik.si\/hu\/#organization","name":"SvetSlik.si","url":"https:\/\/svetslik.si\/hu\/","logo":{"@type":"ImageObject","inLanguage":"hu","@id":"https:\/\/svetslik.si\/hu\/#\/schema\/logo\/image\/","url":"https:\/\/svetslik.si\/wp-content\/uploads\/2020\/12\/logo-512.png","contentUrl":"https:\/\/svetslik.si\/wp-content\/uploads\/2020\/12\/logo-512.png","width":512,"height":512,"caption":"SvetSlik.si"},"image":{"@id":"https:\/\/svetslik.si\/hu\/#\/schema\/logo\/image\/"},"sameAs":["https:\/\/www.facebook.com\/svetslik.si","https:\/\/x.com\/svetslik","https:\/\/www.instagram.com\/svetslik.si\/","https:\/\/www.linkedin.com\/company\/svetslik-si"]}]},"og_availability":"backorder","product_availability":"available for order","product_retailer_item_id":"44__","product_condition":"new"},"jetpack_sharing_enabled":true,"_links":{"self":[{"href":"https:\/\/svetslik.si\/hu\/wp-json\/wp\/v2\/product\/52064","targetHints":{"allow":["GET"]}}],"collection":[{"href":"https:\/\/svetslik.si\/hu\/wp-json\/wp\/v2\/product"}],"about":[{"href":"https:\/\/svetslik.si\/hu\/wp-json\/wp\/v2\/types\/product"}],"wp:featuredmedia":[{"embeddable":true,"href":"https:\/\/svetslik.si\/hu\/wp-json\/wp\/v2\/media\/49963"}],"wp:attachment":[{"href":"https:\/\/svetslik.si\/hu\/wp-json\/wp\/v2\/media?parent=52064"}],"wp:term":[{"taxonomy":"product_brand","embeddable":true,"href":"https:\/\/svetslik.si\/hu\/wp-json\/wp\/v2\/product_brand?post=52064"},{"taxonomy":"product_cat","embeddable":true,"href":"https:\/\/svetslik.si\/hu\/wp-json\/wp\/v2\/product_cat?post=52064"},{"taxonomy":"product_tag","embeddable":true,"href":"https:\/\/svetslik.si\/hu\/wp-json\/wp\/v2\/product_tag?post=52064"}],"curies":[{"name":"wp","href":"https:\/\/api.w.org\/{rel}","templated":true}]}}