{"id":52089,"date":"2021-09-02T17:42:32","date_gmt":"2021-09-02T15:42:32","guid":{"rendered":"https:\/\/svetslik.si\/nem-kategorizalt\/the-water-lily-pond-aka-japanese-bridge\/"},"modified":"2026-03-22T21:03:43","modified_gmt":"2026-03-22T20:03:43","slug":"the-water-lily-pond-aka-japanese-bridge","status":"publish","type":"product","link":"https:\/\/svetslik.si\/hu\/claude-monet-hu\/the-water-lily-pond-aka-japanese-bridge\/","title":{"rendered":"Claude Monet &#8211; The Water Lily Pond (Aka Japanese Bridge)"},"content":{"rendered":"<div class=\"wpb-content-wrapper\">[vc_row][vc_column][vc_column_text]\n<h1>Claude Monet \u2013 A tavir\u00f3zsa-t\u00f3 (m\u00e1s n\u00e9ven jap\u00e1n h\u00edd)<\/h1>\n<p>&nbsp;<\/p>\n<table style=\"width: 632px\" border=\"0\" width=\"632\" cellpadding=\"0\">\n<tbody>\n<tr>\n<td style=\"width: 180px;height: 21px\" height=\"21\">L\u00e9trehoz\u00e1s \u00e9ve:<\/td>\n<td style=\"width: 452px\">1899<\/td>\n<\/tr>\n<tr>\n<td style=\"width: 180px;height: 21px\" height=\"21\">Eredeti m\u00e9ret:<\/td>\n<td style=\"width: 452px\">73,3 cm x 92,7 cm<\/td>\n<\/tr>\n<tr>\n<td style=\"width: 180px;height: 21px\" height=\"21\">Fest\u00e9si st\u00edlus:<\/td>\n<td style=\"width: 452px\">Impresszionizmus<\/td>\n<\/tr>\n<tr>\n<td style=\"width: 180px;height: 21px\" height=\"21\">Eredeti technika:<\/td>\n<td>Olaj, v\u00e1szon<\/td>\n<\/tr>\n<tr>\n<td style=\"width: 180px;height: 21px\" height=\"21\">Helysz\u00edn:<\/td>\n<td style=\"width: 452px\">Mag\u00e1ngy\u0171jtem\u00e9ny, H. O. Havemeyer<\/td>\n<\/tr>\n<\/tbody>\n<colgroup>\n<col \/>\n<col \/> <\/colgroup>\n<\/table>\n<p>&nbsp;<\/p>\n<div>\n<p>Monet \u00e9lete utols\u00f3 \u00e9veit Givernyben t\u00f6lt\u00f6tte. Lakhelye mell\u00e9 kertet \u00e9p\u00edtett t\u00f3val \u00e9s jap\u00e1n st\u00edlus\u00fa bolt\u00edves hidat. 1900-ban egy t\u00edz v\u00e1szonb\u00f3l \u00e1ll\u00f3 sorozatot \u00e1ll\u00edtott ki ennek a t\u00f3val ell\u00e1tott kertnek a mot\u00edvum\u00e1val, amelyek ugyanazt a t\u00e9m\u00e1t mutatj\u00e1k be k\u00fcl\u00f6nb\u00f6z\u0151 f\u00e9nyviszonyok mellett.<\/p>\n<\/div>\n<div>\n<p>&nbsp;<\/p>\n<\/div>\n<div>\n<p>Ennek az olajfestm\u00e9nynek az egyszer\u0171 diz\u00e1jnj\u00e1t, az el\u0151t\u00e9rben egy jap\u00e1n h\u00edddal, sz\u00e1mos m\u00e1s Monet-festm\u00e9ny is megism\u00e9tli. A kerti n\u00f6veked\u00e9s friss z\u00f6ld \u00e1rnyalatai a kora ny\u00e1ri nap \u00e9rzet\u00e9t id\u00e9zik.<\/p>\n<\/div>\n<div>\n<p>&nbsp;<\/p>\n<\/div>\n[\/vc_column_text][\/vc_column][\/vc_row][vc_row][vc_column]\t<div class=\"et-image-816 et-image  full   et_image_link\">\n\t\t<div class=\"et-image-inner \">\n\t\t\t\t\t\t\t<div class=\"et-image-thumb \">\n\t\t\t\t\t<img decoding=\"async\" width=\"2560\" height=\"1920\" src=\"https:\/\/svetslik.si\/wp-content\/uploads\/2021\/09\/Claude-Monet-The-Water-Lily-Pond-Aka-Japanese-Bridge-scaled.jpg\" class=\"attachment-full\" alt=\"Claude Monet - A V\u00edzliliom-t\u00f3 (Jap\u00e1n h\u00edd) k\u00e9p v\u00e1sznon - k\u00e9zzel festett falik\u00e9p reprodukci\u00f3\" title=\"Claude Monet - A V\u00edzliliom-t\u00f3 (Jap\u00e1n h\u00edd) k\u00e9p v\u00e1sznon - k\u00e9zzel festett falik\u00e9p reprodukci\u00f3\" srcset=\"https:\/\/svetslik.si\/wp-content\/uploads\/2021\/09\/Claude-Monet-The-Water-Lily-Pond-Aka-Japanese-Bridge-scaled.jpg 2560w, https:\/\/svetslik.si\/wp-content\/uploads\/2021\/09\/Claude-Monet-The-Water-Lily-Pond-Aka-Japanese-Bridge-600x450.jpg 600w, https:\/\/svetslik.si\/wp-content\/uploads\/2021\/09\/Claude-Monet-The-Water-Lily-Pond-Aka-Japanese-Bridge-scaled-1200x900.jpg 1200w, https:\/\/svetslik.si\/wp-content\/uploads\/2021\/09\/Claude-Monet-The-Water-Lily-Pond-Aka-Japanese-Bridge-300x225.jpg 300w, https:\/\/svetslik.si\/wp-content\/uploads\/2021\/09\/Claude-Monet-The-Water-Lily-Pond-Aka-Japanese-Bridge-1024x768.jpg 1024w, https:\/\/svetslik.si\/wp-content\/uploads\/2021\/09\/Claude-Monet-The-Water-Lily-Pond-Aka-Japanese-Bridge-768x576.jpg 768w, https:\/\/svetslik.si\/wp-content\/uploads\/2021\/09\/Claude-Monet-The-Water-Lily-Pond-Aka-Japanese-Bridge-1536x1152.jpg 1536w, https:\/\/svetslik.si\/wp-content\/uploads\/2021\/09\/Claude-Monet-The-Water-Lily-Pond-Aka-Japanese-Bridge-2048x1536.jpg 2048w, https:\/\/svetslik.si\/wp-content\/uploads\/2021\/09\/Claude-Monet-The-Water-Lily-Pond-Aka-Japanese-Bridge-150x113.jpg 150w, https:\/\/svetslik.si\/wp-content\/uploads\/2021\/09\/Claude-Monet-The-Water-Lily-Pond-Aka-Japanese-Bridge-1320x990.jpg 1320w, https:\/\/svetslik.si\/wp-content\/uploads\/2021\/09\/Claude-Monet-The-Water-Lily-Pond-Aka-Japanese-Bridge-900x675.jpg 900w\" sizes=\"(max-width: 2560px) 100vw, 2560px\" \/>\t\t\t\t<\/div>\n\t\t\t\t\t\t\t\t\t\t\t<\/div>\n\t<\/div>\n  [\/vc_column][\/vc_row]\n<\/div>","protected":false},"excerpt":{"rendered":"<p>[vc_row][vc_column][vc_column_text] Claude Monet \u2013 A tavir\u00f3zsa-t\u00f3 (m\u00e1s n\u00e9ven jap\u00e1n h\u00edd) &nbsp; L\u00e9trehoz\u00e1s \u00e9ve: 1899 Eredeti m\u00e9ret: 73,3 cm x 92,7 cm Fest\u00e9si st\u00edlus: Impresszionizmus Eredeti technika: Olaj, v\u00e1szon Helysz\u00edn: Mag\u00e1ngy\u0171jtem\u00e9ny, H. O. Havemeyer &nbsp; Monet \u00e9lete utols\u00f3 \u00e9veit Givernyben t\u00f6lt\u00f6tte. Lakhelye mell\u00e9 kertet \u00e9p\u00edtett t\u00f3val \u00e9s jap\u00e1n st\u00edlus\u00fa bolt\u00edves hidat. [&hellip;]<\/p>\n","protected":false},"featured_media":50202,"template":"","meta":{"_acf_changed":false},"product_brand":[],"product_cat":[7138],"product_tag":[7182,11885,11886,11887],"class_list":{"0":"post-52089","1":"product","2":"type-product","3":"status-publish","4":"has-post-thumbnail","6":"product_cat-claude-monet-hu","7":"product_tag-monet-hu","8":"product_tag-painter-hu","9":"product_tag-reproduction","10":"product_tag-reproductions-hu","11":"pa_dimenzija-120-x-150-cm","12":"pa_dimenzija-150-x-190-cm","13":"pa_dimenzija-40-x-50-cm","14":"pa_dimenzija-50-x-60-cm","15":"pa_dimenzija-60-x-70-cm","16":"pa_dimenzija-73-x-92-cm","17":"pa_dimenzija-80-x-100-cm","18":"pa_dimenzija-90-x-110-cm","19":"pa_oblika-fuggoleges","20":"pa_okvir-nincs-keret","21":"pa_podokvir-igen","22":"pa_podokvir-nem","24":"first","25":"onbackorder","26":"purchasable","27":"product-type-variable","28":"has-default-attributes"},"acf":[],"yoast_head":"<!-- This site is optimized with the Yoast SEO Premium plugin v26.0 (Yoast SEO v27.2) - https:\/\/yoast.com\/product\/yoast-seo-premium-wordpress\/ -->\n<title>Claude Monet - The Water Lily Pond (Aka Japanese Bridge) - SVETSLIK.SI - 100% k\u00e9zzel festett<\/title>\n<meta name=\"description\" content=\"Claude Monet - The Water Lily Pond (Aka Japanese Bridge) - 100% k\u00e9zzel festett h\u00edres festm\u00e9nyek reprodukci\u00f3i. Festm\u00e9nyek keretez\u00e9se, elad\u00e1sa \u00e9s egyedi rendel\u00e9sre t\u00f6rt\u00e9n\u0151 v\u00e1szonk\u00e9pek k\u00e9sz\u00edt\u00e9se.\" \/>\n<meta name=\"robots\" content=\"index, follow, max-snippet:-1, max-image-preview:large, max-video-preview:-1\" \/>\n<link rel=\"canonical\" href=\"https:\/\/svetslik.si\/hu\/claude-monet-hu\/the-water-lily-pond-aka-japanese-bridge\/\" \/>\n<meta property=\"og:locale\" content=\"hu_HU\" \/>\n<meta property=\"og:type\" content=\"article\" \/>\n<meta property=\"og:title\" content=\"Claude Monet - The Water Lily Pond (Aka Japanese Bridge)\" \/>\n<meta property=\"og:description\" content=\"100% ro\u010dno naslikane slike na platnu, reprodukcije znanih slikarjev in umetni\u0161ke slike po naro\u010dilu.\" \/>\n<meta property=\"og:url\" content=\"https:\/\/svetslik.si\/hu\/claude-monet-hu\/the-water-lily-pond-aka-japanese-bridge\/\" \/>\n<meta property=\"og:site_name\" content=\"SVETSLIK.SI\" \/>\n<meta property=\"article:publisher\" content=\"https:\/\/www.facebook.com\/svetslik.si\" \/>\n<meta property=\"article:modified_time\" content=\"2026-03-22T20:03:43+00:00\" \/>\n<meta property=\"og:image\" content=\"https:\/\/svetslik.si\/wp-content\/uploads\/2021\/08\/image_The-Water-Lily-Pond-Aka-Japanese-Bridge-Claude-Monet_680-scaled.jpg\" \/>\n\t<meta property=\"og:image:width\" content=\"2049\" \/>\n\t<meta property=\"og:image:height\" content=\"2560\" \/>\n\t<meta property=\"og:image:type\" content=\"image\/jpeg\" \/>\n<meta name=\"twitter:card\" content=\"summary_large_image\" \/>\n<meta name=\"twitter:site\" content=\"@svetslik\" \/>\n<meta name=\"twitter:label1\" content=\"El\u00e9rhet\u0151s\u00e9g\" \/>\n\t<meta name=\"twitter:data1\" content=\"Beszerz\u00e9s alatt\" \/>\n<script type=\"application\/ld+json\" class=\"yoast-schema-graph\">{\"@context\":\"https:\/\/schema.org\",\"@graph\":[{\"@type\":[\"WebPage\",\"ItemPage\"],\"@id\":\"https:\/\/svetslik.si\/hu\/claude-monet-hu\/the-water-lily-pond-aka-japanese-bridge\/\",\"url\":\"https:\/\/svetslik.si\/hu\/claude-monet-hu\/the-water-lily-pond-aka-japanese-bridge\/\",\"name\":\"Claude Monet - The Water Lily Pond (Aka Japanese Bridge) - SVETSLIK.SI - 100% k\u00e9zzel festett\",\"isPartOf\":{\"@id\":\"https:\/\/svetslik.si\/hu\/#website\"},\"primaryImageOfPage\":{\"@id\":\"https:\/\/svetslik.si\/hu\/claude-monet-hu\/the-water-lily-pond-aka-japanese-bridge\/#primaryimage\"},\"image\":{\"@id\":\"https:\/\/svetslik.si\/hu\/claude-monet-hu\/the-water-lily-pond-aka-japanese-bridge\/#primaryimage\"},\"thumbnailUrl\":\"https:\/\/svetslik.si\/wp-content\/uploads\/2021\/08\/image_The-Water-Lily-Pond-Aka-Japanese-Bridge-Claude-Monet_680-scaled.jpg\",\"datePublished\":\"2021-09-02T15:42:32+00:00\",\"dateModified\":\"2026-03-22T20:03:43+00:00\",\"description\":\"Claude Monet - The Water Lily Pond (Aka Japanese Bridge) - 100% k\u00e9zzel festett h\u00edres festm\u00e9nyek reprodukci\u00f3i. Festm\u00e9nyek keretez\u00e9se, elad\u00e1sa \u00e9s egyedi rendel\u00e9sre t\u00f6rt\u00e9n\u0151 v\u00e1szonk\u00e9pek k\u00e9sz\u00edt\u00e9se.\",\"breadcrumb\":{\"@id\":\"https:\/\/svetslik.si\/hu\/claude-monet-hu\/the-water-lily-pond-aka-japanese-bridge\/#breadcrumb\"},\"inLanguage\":\"hu\",\"potentialAction\":[{\"@type\":\"ReadAction\",\"target\":[\"https:\/\/svetslik.si\/hu\/claude-monet-hu\/the-water-lily-pond-aka-japanese-bridge\/\"]}]},{\"@type\":\"ImageObject\",\"inLanguage\":\"hu\",\"@id\":\"https:\/\/svetslik.si\/hu\/claude-monet-hu\/the-water-lily-pond-aka-japanese-bridge\/#primaryimage\",\"url\":\"https:\/\/svetslik.si\/wp-content\/uploads\/2021\/08\/image_The-Water-Lily-Pond-Aka-Japanese-Bridge-Claude-Monet_680-scaled.jpg\",\"contentUrl\":\"https:\/\/svetslik.si\/wp-content\/uploads\/2021\/08\/image_The-Water-Lily-Pond-Aka-Japanese-Bridge-Claude-Monet_680-scaled.jpg\",\"width\":2049,\"height\":2560,\"caption\":\"The Water Lily Pond Aka Japanese Bridge (A v\u00edzililiom-t\u00f3, m\u00e1s n\u00e9ven a jap\u00e1n h\u00edd) - Claude Monet - Vazonk\u00e9p, festm\u00e9nyek, reprodukci\u00f3\"},{\"@type\":\"BreadcrumbList\",\"@id\":\"https:\/\/svetslik.si\/hu\/claude-monet-hu\/the-water-lily-pond-aka-japanese-bridge\/#breadcrumb\",\"itemListElement\":[{\"@type\":\"ListItem\",\"position\":1,\"name\":\"Wall art and paintings on canvas\",\"item\":\"https:\/\/svetslik.si\/hu\/\"},{\"@type\":\"ListItem\",\"position\":2,\"name\":\"Festm\u00e9nyek elad\u00e1sa\",\"item\":\"https:\/\/svetslik.si\/prodaja-slik\/\"},{\"@type\":\"ListItem\",\"position\":3,\"name\":\"Claude Monet &#8211; The Water Lily Pond (Aka Japanese Bridge)\"}]},{\"@type\":\"WebSite\",\"@id\":\"https:\/\/svetslik.si\/hu\/#website\",\"url\":\"https:\/\/svetslik.si\/hu\/\",\"name\":\"SVETSLIK.SI\",\"description\":\"100%-ban k\u00e9zzel festett reprodukci\u00f3k h\u00edres fest\u0151k festm\u00e9nyeir\u0151l \u00e9s festm\u00e9nyekr\u0151l v\u00e1szonra.\",\"publisher\":{\"@id\":\"https:\/\/svetslik.si\/hu\/#organization\"},\"potentialAction\":[{\"@type\":\"SearchAction\",\"target\":{\"@type\":\"EntryPoint\",\"urlTemplate\":\"https:\/\/svetslik.si\/hu\/?s={search_term_string}\"},\"query-input\":{\"@type\":\"PropertyValueSpecification\",\"valueRequired\":true,\"valueName\":\"search_term_string\"}}],\"inLanguage\":\"hu\"},{\"@type\":\"Organization\",\"@id\":\"https:\/\/svetslik.si\/hu\/#organization\",\"name\":\"SvetSlik.si\",\"url\":\"https:\/\/svetslik.si\/hu\/\",\"logo\":{\"@type\":\"ImageObject\",\"inLanguage\":\"hu\",\"@id\":\"https:\/\/svetslik.si\/hu\/#\/schema\/logo\/image\/\",\"url\":\"https:\/\/svetslik.si\/wp-content\/uploads\/2020\/12\/logo-512.png\",\"contentUrl\":\"https:\/\/svetslik.si\/wp-content\/uploads\/2020\/12\/logo-512.png\",\"width\":512,\"height\":512,\"caption\":\"SvetSlik.si\"},\"image\":{\"@id\":\"https:\/\/svetslik.si\/hu\/#\/schema\/logo\/image\/\"},\"sameAs\":[\"https:\/\/www.facebook.com\/svetslik.si\",\"https:\/\/x.com\/svetslik\",\"https:\/\/www.instagram.com\/svetslik.si\/\",\"https:\/\/www.linkedin.com\/company\/svetslik-si\"]}]}<\/script>\n<meta property=\"og:availability\" content=\"backorder\" \/>\n<meta property=\"product:availability\" content=\"available for order\" \/>\n<meta property=\"product:retailer_item_id\" content=\"48__\" \/>\n<meta property=\"product:condition\" content=\"new\" \/>\n<!-- \/ Yoast SEO Premium plugin. -->","yoast_head_json":{"title":"Claude Monet - The Water Lily Pond (Aka Japanese Bridge) - SVETSLIK.SI - 100% k\u00e9zzel festett","description":"Claude Monet - The Water Lily Pond (Aka Japanese Bridge) - 100% k\u00e9zzel festett h\u00edres festm\u00e9nyek reprodukci\u00f3i. Festm\u00e9nyek keretez\u00e9se, elad\u00e1sa \u00e9s egyedi rendel\u00e9sre t\u00f6rt\u00e9n\u0151 v\u00e1szonk\u00e9pek k\u00e9sz\u00edt\u00e9se.","robots":{"index":"index","follow":"follow","max-snippet":"max-snippet:-1","max-image-preview":"max-image-preview:large","max-video-preview":"max-video-preview:-1"},"canonical":"https:\/\/svetslik.si\/hu\/claude-monet-hu\/the-water-lily-pond-aka-japanese-bridge\/","og_locale":"hu_HU","og_type":"article","og_title":"Claude Monet - The Water Lily Pond (Aka Japanese Bridge)","og_description":"100% ro\u010dno naslikane slike na platnu, reprodukcije znanih slikarjev in umetni\u0161ke slike po naro\u010dilu.","og_url":"https:\/\/svetslik.si\/hu\/claude-monet-hu\/the-water-lily-pond-aka-japanese-bridge\/","og_site_name":"SVETSLIK.SI","article_publisher":"https:\/\/www.facebook.com\/svetslik.si","article_modified_time":"2026-03-22T20:03:43+00:00","og_image":[{"width":2049,"height":2560,"url":"https:\/\/svetslik.si\/wp-content\/uploads\/2021\/08\/image_The-Water-Lily-Pond-Aka-Japanese-Bridge-Claude-Monet_680-scaled.jpg","type":"image\/jpeg"}],"twitter_card":"summary_large_image","twitter_site":"@svetslik","twitter_misc":{"El\u00e9rhet\u0151s\u00e9g":"Beszerz\u00e9s alatt"},"schema":{"@context":"https:\/\/schema.org","@graph":[{"@type":["WebPage","ItemPage"],"@id":"https:\/\/svetslik.si\/hu\/claude-monet-hu\/the-water-lily-pond-aka-japanese-bridge\/","url":"https:\/\/svetslik.si\/hu\/claude-monet-hu\/the-water-lily-pond-aka-japanese-bridge\/","name":"Claude Monet - The Water Lily Pond (Aka Japanese Bridge) - SVETSLIK.SI - 100% k\u00e9zzel festett","isPartOf":{"@id":"https:\/\/svetslik.si\/hu\/#website"},"primaryImageOfPage":{"@id":"https:\/\/svetslik.si\/hu\/claude-monet-hu\/the-water-lily-pond-aka-japanese-bridge\/#primaryimage"},"image":{"@id":"https:\/\/svetslik.si\/hu\/claude-monet-hu\/the-water-lily-pond-aka-japanese-bridge\/#primaryimage"},"thumbnailUrl":"https:\/\/svetslik.si\/wp-content\/uploads\/2021\/08\/image_The-Water-Lily-Pond-Aka-Japanese-Bridge-Claude-Monet_680-scaled.jpg","datePublished":"2021-09-02T15:42:32+00:00","dateModified":"2026-03-22T20:03:43+00:00","description":"Claude Monet - The Water Lily Pond (Aka Japanese Bridge) - 100% k\u00e9zzel festett h\u00edres festm\u00e9nyek reprodukci\u00f3i. Festm\u00e9nyek keretez\u00e9se, elad\u00e1sa \u00e9s egyedi rendel\u00e9sre t\u00f6rt\u00e9n\u0151 v\u00e1szonk\u00e9pek k\u00e9sz\u00edt\u00e9se.","breadcrumb":{"@id":"https:\/\/svetslik.si\/hu\/claude-monet-hu\/the-water-lily-pond-aka-japanese-bridge\/#breadcrumb"},"inLanguage":"hu","potentialAction":[{"@type":"ReadAction","target":["https:\/\/svetslik.si\/hu\/claude-monet-hu\/the-water-lily-pond-aka-japanese-bridge\/"]}]},{"@type":"ImageObject","inLanguage":"hu","@id":"https:\/\/svetslik.si\/hu\/claude-monet-hu\/the-water-lily-pond-aka-japanese-bridge\/#primaryimage","url":"https:\/\/svetslik.si\/wp-content\/uploads\/2021\/08\/image_The-Water-Lily-Pond-Aka-Japanese-Bridge-Claude-Monet_680-scaled.jpg","contentUrl":"https:\/\/svetslik.si\/wp-content\/uploads\/2021\/08\/image_The-Water-Lily-Pond-Aka-Japanese-Bridge-Claude-Monet_680-scaled.jpg","width":2049,"height":2560,"caption":"The Water Lily Pond Aka Japanese Bridge (A v\u00edzililiom-t\u00f3, m\u00e1s n\u00e9ven a jap\u00e1n h\u00edd) - Claude Monet - Vazonk\u00e9p, festm\u00e9nyek, reprodukci\u00f3"},{"@type":"BreadcrumbList","@id":"https:\/\/svetslik.si\/hu\/claude-monet-hu\/the-water-lily-pond-aka-japanese-bridge\/#breadcrumb","itemListElement":[{"@type":"ListItem","position":1,"name":"Wall art and paintings on canvas","item":"https:\/\/svetslik.si\/hu\/"},{"@type":"ListItem","position":2,"name":"Festm\u00e9nyek elad\u00e1sa","item":"https:\/\/svetslik.si\/prodaja-slik\/"},{"@type":"ListItem","position":3,"name":"Claude Monet &#8211; The Water Lily Pond (Aka Japanese Bridge)"}]},{"@type":"WebSite","@id":"https:\/\/svetslik.si\/hu\/#website","url":"https:\/\/svetslik.si\/hu\/","name":"SVETSLIK.SI","description":"100%-ban k\u00e9zzel festett reprodukci\u00f3k h\u00edres fest\u0151k festm\u00e9nyeir\u0151l \u00e9s festm\u00e9nyekr\u0151l v\u00e1szonra.","publisher":{"@id":"https:\/\/svetslik.si\/hu\/#organization"},"potentialAction":[{"@type":"SearchAction","target":{"@type":"EntryPoint","urlTemplate":"https:\/\/svetslik.si\/hu\/?s={search_term_string}"},"query-input":{"@type":"PropertyValueSpecification","valueRequired":true,"valueName":"search_term_string"}}],"inLanguage":"hu"},{"@type":"Organization","@id":"https:\/\/svetslik.si\/hu\/#organization","name":"SvetSlik.si","url":"https:\/\/svetslik.si\/hu\/","logo":{"@type":"ImageObject","inLanguage":"hu","@id":"https:\/\/svetslik.si\/hu\/#\/schema\/logo\/image\/","url":"https:\/\/svetslik.si\/wp-content\/uploads\/2020\/12\/logo-512.png","contentUrl":"https:\/\/svetslik.si\/wp-content\/uploads\/2020\/12\/logo-512.png","width":512,"height":512,"caption":"SvetSlik.si"},"image":{"@id":"https:\/\/svetslik.si\/hu\/#\/schema\/logo\/image\/"},"sameAs":["https:\/\/www.facebook.com\/svetslik.si","https:\/\/x.com\/svetslik","https:\/\/www.instagram.com\/svetslik.si\/","https:\/\/www.linkedin.com\/company\/svetslik-si"]}]},"og_availability":"backorder","product_availability":"available for order","product_retailer_item_id":"48__","product_condition":"new"},"jetpack_sharing_enabled":true,"_links":{"self":[{"href":"https:\/\/svetslik.si\/hu\/wp-json\/wp\/v2\/product\/52089","targetHints":{"allow":["GET"]}}],"collection":[{"href":"https:\/\/svetslik.si\/hu\/wp-json\/wp\/v2\/product"}],"about":[{"href":"https:\/\/svetslik.si\/hu\/wp-json\/wp\/v2\/types\/product"}],"wp:featuredmedia":[{"embeddable":true,"href":"https:\/\/svetslik.si\/hu\/wp-json\/wp\/v2\/media\/50202"}],"wp:attachment":[{"href":"https:\/\/svetslik.si\/hu\/wp-json\/wp\/v2\/media?parent=52089"}],"wp:term":[{"taxonomy":"product_brand","embeddable":true,"href":"https:\/\/svetslik.si\/hu\/wp-json\/wp\/v2\/product_brand?post=52089"},{"taxonomy":"product_cat","embeddable":true,"href":"https:\/\/svetslik.si\/hu\/wp-json\/wp\/v2\/product_cat?post=52089"},{"taxonomy":"product_tag","embeddable":true,"href":"https:\/\/svetslik.si\/hu\/wp-json\/wp\/v2\/product_tag?post=52089"}],"curies":[{"name":"wp","href":"https:\/\/api.w.org\/{rel}","templated":true}]}}