{"id":52183,"date":"2021-09-02T17:42:48","date_gmt":"2021-09-02T15:42:48","guid":{"rendered":"https:\/\/svetslik.si\/nem-kategorizalt\/negro-attacked-by-a-jaguar\/"},"modified":"2026-03-22T21:05:17","modified_gmt":"2026-03-22T20:05:17","slug":"negro-attacked-by-a-jaguar","status":"publish","type":"product","link":"https:\/\/svetslik.si\/hu\/henri-rousseau-hu\/negro-attacked-by-a-jaguar\/","title":{"rendered":"Henri Rousseau &#8211; Negro\u00a0Attacked by\u00a0a\u00a0Jaguar"},"content":{"rendered":"<h1>Henri Rousseau \u2013 Jagu\u00e1r megt\u00e1madta a n\u00e9gert<\/h1>\n<p>\n&nbsp;<\/p>\n<table border=\"0\" cellpadding=\"0\" cellspacing=\"0\" style=\"width: 673px\" width=\"673\">\n<tbody>\n<tr>\n<td height=\"21\" style=\"width: 180px;height: 21px\">\nL\u00e9trehoz\u00e1s \u00e9ve:<\/td>\n<td style=\"width: 493px\">\n1910<\/td>\n<\/tr>\n<tr>\n<td height=\"21\" style=\"width: 180px;height: 21px\">\nEredeti m\u00e9ret:<\/td>\n<td style=\"width: 493px\">\n162,5 cm x 116 cm<\/td>\n<\/tr>\n<tr>\n<td height=\"21\" style=\"width: 180px;height: 21px\">\nFest\u00e9si st\u00edlus:<\/td>\n<td style=\"width: 493px\">\nPosztimpresszionizmus<\/td>\n<\/tr>\n<tr>\n<td height=\"21\" style=\"width: 180px;height: 21px\">\nEredeti technika:<\/td>\n<td>\nOlaj, v\u00e1szon<\/td>\n<\/tr>\n<tr>\n<td height=\"21\" style=\"width: 180px;height: 21px\">\nHelysz\u00edn:<\/td>\n<td>\nArt Museum Basel, Sv\u00e1jc<\/td>\n<\/tr>\n<\/tbody>\n<colgroup>\n<\/colgroup>\n<\/table>\n<p>\nA hangulat ezen a festm\u00e9nyen rendk\u00edv\u00fcl \u00e1lomszer\u0171, amit a fest\u0151 a sz\u00ednek \u00e9s az \u00e1rny\u00e9kol\u00e1sok haszn\u00e1lat\u00e1val, valamint a figur\u00e1k \u00e9s egy\u00e9b alkot\u00f3elemek elhelyez\u00e9s\u00e9vel \u00e9rt el a festm\u00e9nyen. Furcsa \u00e9s szinte k\u00e9nyelmetlen a hangulat a k\u00e9pen. A k\u00e9p k\u00f6z\u00e9ps\u0151 r\u00e9sz\u00e9ben, amely az eg\u00e9sz jelenethez k\u00e9pest nagyon kicsi, a m\u0171v\u00e9sz egy f\u00e9rfi alakot \u00e9s egy jagu\u00e1rt helyezett el, akik a h\u00e1ts\u00f3 l\u00e1bain \u00e1llnak, \u00e9s megt\u00e1madj\u00e1k ezt a f\u00e9rfifigur\u00e1t. B\u00e1r Rousseau festm\u00e9nyei egy\u00e9bk\u00e9nt irre\u00e1lisak, a jelen olajfestm\u00e9nyben egy m\u00e1sikfajta realizmust teremtett, ami m\u00e1r-m\u00e1r f\u00e9lelmetes.<\/p>\n","protected":false},"excerpt":{"rendered":"<p>Henri Rousseau \u2013 Jagu\u00e1r megt\u00e1madta a n\u00e9gert &nbsp; L\u00e9trehoz\u00e1s \u00e9ve: 1910 Eredeti m\u00e9ret: 162,5 cm x 116 cm Fest\u00e9si st\u00edlus: Posztimpresszionizmus Eredeti technika: Olaj, v\u00e1szon Helysz\u00edn: Art Museum Basel, Sv\u00e1jc A hangulat ezen a festm\u00e9nyen rendk\u00edv\u00fcl \u00e1lomszer\u0171, amit a fest\u0151 a sz\u00ednek \u00e9s az \u00e1rny\u00e9kol\u00e1sok haszn\u00e1lat\u00e1val, valamint a figur\u00e1k \u00e9s [&hellip;]<\/p>\n","protected":false},"featured_media":49837,"template":"","meta":{"_acf_changed":false},"product_brand":[],"product_cat":[7144],"product_tag":[11885,11886,11887,7199],"class_list":{"0":"post-52183","1":"product","2":"type-product","3":"status-publish","4":"has-post-thumbnail","6":"product_cat-henri-rousseau-hu","7":"product_tag-painter-hu","8":"product_tag-reproduction","9":"product_tag-reproductions-hu","10":"product_tag-rousseau-hu","11":"pa_dimenzija-100-x-70-cm-hu","12":"pa_dimenzija-120-x-90-cm-hu","13":"pa_dimenzija-140-x-100-cm-hu","14":"pa_dimenzija-163-x-116-cm-hu","15":"pa_dimenzija-180-x-130-cm-hu","16":"pa_dimenzija-200-x-140-cm-hu","17":"pa_dimenzija-70-x-60-cm-hu","18":"pa_dimenzija-90-x-65-cm-hu","19":"pa_oblika-vizszintes","20":"pa_okvir-nincs-keret","21":"pa_podokvir-igen","22":"pa_podokvir-nem","24":"first","25":"onbackorder","26":"purchasable","27":"product-type-variable","28":"has-default-attributes"},"acf":[],"yoast_head":"<!-- This site is optimized with the Yoast SEO Premium plugin v26.0 (Yoast SEO v27.2) - https:\/\/yoast.com\/product\/yoast-seo-premium-wordpress\/ -->\n<title>Henri Rousseau - Negro\u00a0Attacked by\u00a0a\u00a0Jaguar - SVETSLIK.SI - 100% k\u00e9zzel festett<\/title>\n<meta name=\"description\" content=\"Henri Rousseau - Negro\u00a0Attacked by\u00a0a\u00a0Jaguar - 100% k\u00e9zzel festett h\u00edres festm\u00e9nyek reprodukci\u00f3i. Festm\u00e9nyek keretez\u00e9se, elad\u00e1sa \u00e9s egyedi rendel\u00e9sre t\u00f6rt\u00e9n\u0151 v\u00e1szonk\u00e9pek k\u00e9sz\u00edt\u00e9se.\" \/>\n<meta name=\"robots\" content=\"index, follow, max-snippet:-1, max-image-preview:large, max-video-preview:-1\" \/>\n<link rel=\"canonical\" href=\"https:\/\/svetslik.si\/hu\/henri-rousseau-hu\/negro-attacked-by-a-jaguar\/\" \/>\n<meta property=\"og:locale\" content=\"hu_HU\" \/>\n<meta property=\"og:type\" content=\"article\" \/>\n<meta property=\"og:title\" content=\"Henri Rousseau - Negro\u00a0Attacked by\u00a0a\u00a0Jaguar\" \/>\n<meta property=\"og:description\" content=\"100% ro\u010dno naslikane slike na platnu, reprodukcije znanih slikarjev in umetni\u0161ke slike po naro\u010dilu.\" \/>\n<meta property=\"og:url\" content=\"https:\/\/svetslik.si\/hu\/henri-rousseau-hu\/negro-attacked-by-a-jaguar\/\" \/>\n<meta property=\"og:site_name\" content=\"SVETSLIK.SI\" \/>\n<meta property=\"article:publisher\" content=\"https:\/\/www.facebook.com\/svetslik.si\" \/>\n<meta property=\"article:modified_time\" content=\"2026-03-22T20:05:17+00:00\" \/>\n<meta property=\"og:image\" content=\"https:\/\/svetslik.si\/wp-content\/uploads\/2021\/08\/image_Negro-Attacked-by-a-Jaguar-Henri-Rousseau_680-scaled.jpg\" \/>\n\t<meta property=\"og:image:width\" content=\"2560\" \/>\n\t<meta property=\"og:image:height\" content=\"1791\" \/>\n\t<meta property=\"og:image:type\" content=\"image\/jpeg\" \/>\n<meta name=\"twitter:card\" content=\"summary_large_image\" \/>\n<meta name=\"twitter:site\" content=\"@svetslik\" \/>\n<meta name=\"twitter:label1\" content=\"El\u00e9rhet\u0151s\u00e9g\" \/>\n\t<meta name=\"twitter:data1\" content=\"Beszerz\u00e9s alatt\" \/>\n<script type=\"application\/ld+json\" class=\"yoast-schema-graph\">{\"@context\":\"https:\/\/schema.org\",\"@graph\":[{\"@type\":[\"WebPage\",\"ItemPage\"],\"@id\":\"https:\/\/svetslik.si\/hu\/henri-rousseau-hu\/negro-attacked-by-a-jaguar\/\",\"url\":\"https:\/\/svetslik.si\/hu\/henri-rousseau-hu\/negro-attacked-by-a-jaguar\/\",\"name\":\"Henri Rousseau - Negro\u00a0Attacked by\u00a0a\u00a0Jaguar - SVETSLIK.SI - 100% k\u00e9zzel festett\",\"isPartOf\":{\"@id\":\"https:\/\/svetslik.si\/hu\/#website\"},\"primaryImageOfPage\":{\"@id\":\"https:\/\/svetslik.si\/hu\/henri-rousseau-hu\/negro-attacked-by-a-jaguar\/#primaryimage\"},\"image\":{\"@id\":\"https:\/\/svetslik.si\/hu\/henri-rousseau-hu\/negro-attacked-by-a-jaguar\/#primaryimage\"},\"thumbnailUrl\":\"https:\/\/svetslik.si\/wp-content\/uploads\/2021\/08\/image_Negro-Attacked-by-a-Jaguar-Henri-Rousseau_680-scaled.jpg\",\"datePublished\":\"2021-09-02T15:42:48+00:00\",\"dateModified\":\"2026-03-22T20:05:17+00:00\",\"description\":\"Henri Rousseau - Negro\u00a0Attacked by\u00a0a\u00a0Jaguar - 100% k\u00e9zzel festett h\u00edres festm\u00e9nyek reprodukci\u00f3i. Festm\u00e9nyek keretez\u00e9se, elad\u00e1sa \u00e9s egyedi rendel\u00e9sre t\u00f6rt\u00e9n\u0151 v\u00e1szonk\u00e9pek k\u00e9sz\u00edt\u00e9se.\",\"breadcrumb\":{\"@id\":\"https:\/\/svetslik.si\/hu\/henri-rousseau-hu\/negro-attacked-by-a-jaguar\/#breadcrumb\"},\"inLanguage\":\"hu\",\"potentialAction\":[{\"@type\":\"ReadAction\",\"target\":[\"https:\/\/svetslik.si\/hu\/henri-rousseau-hu\/negro-attacked-by-a-jaguar\/\"]}]},{\"@type\":\"ImageObject\",\"inLanguage\":\"hu\",\"@id\":\"https:\/\/svetslik.si\/hu\/henri-rousseau-hu\/negro-attacked-by-a-jaguar\/#primaryimage\",\"url\":\"https:\/\/svetslik.si\/wp-content\/uploads\/2021\/08\/image_Negro-Attacked-by-a-Jaguar-Henri-Rousseau_680-scaled.jpg\",\"contentUrl\":\"https:\/\/svetslik.si\/wp-content\/uploads\/2021\/08\/image_Negro-Attacked-by-a-Jaguar-Henri-Rousseau_680-scaled.jpg\",\"width\":2560,\"height\":1791,\"caption\":\"Henri Rousseau (Le Douanier) - For\u00eat vierge au soleil couchant - Henri Rousseau (Le Douanier) - Naplemente az \u0151serdei erd\u0151ben - REPRODUKCI\u00d3I - V\u00e1szonk\u00e9p - Festm\u00e9nyek reprodukci\u00f3i - Naiv Festm\u00e9ny - Modern Festm\u00e9ny - Realisztikus Festm\u00e9ny - Olajfestm\u00e9ny - Falik\u00e9p\"},{\"@type\":\"BreadcrumbList\",\"@id\":\"https:\/\/svetslik.si\/hu\/henri-rousseau-hu\/negro-attacked-by-a-jaguar\/#breadcrumb\",\"itemListElement\":[{\"@type\":\"ListItem\",\"position\":1,\"name\":\"Wall art and paintings on canvas\",\"item\":\"https:\/\/svetslik.si\/hu\/\"},{\"@type\":\"ListItem\",\"position\":2,\"name\":\"Festm\u00e9nyek elad\u00e1sa\",\"item\":\"https:\/\/svetslik.si\/prodaja-slik\/\"},{\"@type\":\"ListItem\",\"position\":3,\"name\":\"Henri Rousseau &#8211; Negro\u00a0Attacked by\u00a0a\u00a0Jaguar\"}]},{\"@type\":\"WebSite\",\"@id\":\"https:\/\/svetslik.si\/hu\/#website\",\"url\":\"https:\/\/svetslik.si\/hu\/\",\"name\":\"SVETSLIK.SI\",\"description\":\"100%-ban k\u00e9zzel festett reprodukci\u00f3k h\u00edres fest\u0151k festm\u00e9nyeir\u0151l \u00e9s festm\u00e9nyekr\u0151l v\u00e1szonra.\",\"publisher\":{\"@id\":\"https:\/\/svetslik.si\/hu\/#organization\"},\"potentialAction\":[{\"@type\":\"SearchAction\",\"target\":{\"@type\":\"EntryPoint\",\"urlTemplate\":\"https:\/\/svetslik.si\/hu\/?s={search_term_string}\"},\"query-input\":{\"@type\":\"PropertyValueSpecification\",\"valueRequired\":true,\"valueName\":\"search_term_string\"}}],\"inLanguage\":\"hu\"},{\"@type\":\"Organization\",\"@id\":\"https:\/\/svetslik.si\/hu\/#organization\",\"name\":\"SvetSlik.si\",\"url\":\"https:\/\/svetslik.si\/hu\/\",\"logo\":{\"@type\":\"ImageObject\",\"inLanguage\":\"hu\",\"@id\":\"https:\/\/svetslik.si\/hu\/#\/schema\/logo\/image\/\",\"url\":\"https:\/\/svetslik.si\/wp-content\/uploads\/2020\/12\/logo-512.png\",\"contentUrl\":\"https:\/\/svetslik.si\/wp-content\/uploads\/2020\/12\/logo-512.png\",\"width\":512,\"height\":512,\"caption\":\"SvetSlik.si\"},\"image\":{\"@id\":\"https:\/\/svetslik.si\/hu\/#\/schema\/logo\/image\/\"},\"sameAs\":[\"https:\/\/www.facebook.com\/svetslik.si\",\"https:\/\/x.com\/svetslik\",\"https:\/\/www.instagram.com\/svetslik.si\/\",\"https:\/\/www.linkedin.com\/company\/svetslik-si\"]}]}<\/script>\n<meta property=\"og:availability\" content=\"backorder\" \/>\n<meta property=\"product:availability\" content=\"available for order\" \/>\n<meta property=\"product:retailer_item_id\" content=\"59__\" \/>\n<meta property=\"product:condition\" content=\"new\" \/>\n<!-- \/ Yoast SEO Premium plugin. -->","yoast_head_json":{"title":"Henri Rousseau - Negro\u00a0Attacked by\u00a0a\u00a0Jaguar - SVETSLIK.SI - 100% k\u00e9zzel festett","description":"Henri Rousseau - Negro\u00a0Attacked by\u00a0a\u00a0Jaguar - 100% k\u00e9zzel festett h\u00edres festm\u00e9nyek reprodukci\u00f3i. Festm\u00e9nyek keretez\u00e9se, elad\u00e1sa \u00e9s egyedi rendel\u00e9sre t\u00f6rt\u00e9n\u0151 v\u00e1szonk\u00e9pek k\u00e9sz\u00edt\u00e9se.","robots":{"index":"index","follow":"follow","max-snippet":"max-snippet:-1","max-image-preview":"max-image-preview:large","max-video-preview":"max-video-preview:-1"},"canonical":"https:\/\/svetslik.si\/hu\/henri-rousseau-hu\/negro-attacked-by-a-jaguar\/","og_locale":"hu_HU","og_type":"article","og_title":"Henri Rousseau - Negro\u00a0Attacked by\u00a0a\u00a0Jaguar","og_description":"100% ro\u010dno naslikane slike na platnu, reprodukcije znanih slikarjev in umetni\u0161ke slike po naro\u010dilu.","og_url":"https:\/\/svetslik.si\/hu\/henri-rousseau-hu\/negro-attacked-by-a-jaguar\/","og_site_name":"SVETSLIK.SI","article_publisher":"https:\/\/www.facebook.com\/svetslik.si","article_modified_time":"2026-03-22T20:05:17+00:00","og_image":[{"width":2560,"height":1791,"url":"https:\/\/svetslik.si\/wp-content\/uploads\/2021\/08\/image_Negro-Attacked-by-a-Jaguar-Henri-Rousseau_680-scaled.jpg","type":"image\/jpeg"}],"twitter_card":"summary_large_image","twitter_site":"@svetslik","twitter_misc":{"El\u00e9rhet\u0151s\u00e9g":"Beszerz\u00e9s alatt"},"schema":{"@context":"https:\/\/schema.org","@graph":[{"@type":["WebPage","ItemPage"],"@id":"https:\/\/svetslik.si\/hu\/henri-rousseau-hu\/negro-attacked-by-a-jaguar\/","url":"https:\/\/svetslik.si\/hu\/henri-rousseau-hu\/negro-attacked-by-a-jaguar\/","name":"Henri Rousseau - Negro\u00a0Attacked by\u00a0a\u00a0Jaguar - SVETSLIK.SI - 100% k\u00e9zzel festett","isPartOf":{"@id":"https:\/\/svetslik.si\/hu\/#website"},"primaryImageOfPage":{"@id":"https:\/\/svetslik.si\/hu\/henri-rousseau-hu\/negro-attacked-by-a-jaguar\/#primaryimage"},"image":{"@id":"https:\/\/svetslik.si\/hu\/henri-rousseau-hu\/negro-attacked-by-a-jaguar\/#primaryimage"},"thumbnailUrl":"https:\/\/svetslik.si\/wp-content\/uploads\/2021\/08\/image_Negro-Attacked-by-a-Jaguar-Henri-Rousseau_680-scaled.jpg","datePublished":"2021-09-02T15:42:48+00:00","dateModified":"2026-03-22T20:05:17+00:00","description":"Henri Rousseau - Negro\u00a0Attacked by\u00a0a\u00a0Jaguar - 100% k\u00e9zzel festett h\u00edres festm\u00e9nyek reprodukci\u00f3i. Festm\u00e9nyek keretez\u00e9se, elad\u00e1sa \u00e9s egyedi rendel\u00e9sre t\u00f6rt\u00e9n\u0151 v\u00e1szonk\u00e9pek k\u00e9sz\u00edt\u00e9se.","breadcrumb":{"@id":"https:\/\/svetslik.si\/hu\/henri-rousseau-hu\/negro-attacked-by-a-jaguar\/#breadcrumb"},"inLanguage":"hu","potentialAction":[{"@type":"ReadAction","target":["https:\/\/svetslik.si\/hu\/henri-rousseau-hu\/negro-attacked-by-a-jaguar\/"]}]},{"@type":"ImageObject","inLanguage":"hu","@id":"https:\/\/svetslik.si\/hu\/henri-rousseau-hu\/negro-attacked-by-a-jaguar\/#primaryimage","url":"https:\/\/svetslik.si\/wp-content\/uploads\/2021\/08\/image_Negro-Attacked-by-a-Jaguar-Henri-Rousseau_680-scaled.jpg","contentUrl":"https:\/\/svetslik.si\/wp-content\/uploads\/2021\/08\/image_Negro-Attacked-by-a-Jaguar-Henri-Rousseau_680-scaled.jpg","width":2560,"height":1791,"caption":"Henri Rousseau (Le Douanier) - For\u00eat vierge au soleil couchant - Henri Rousseau (Le Douanier) - Naplemente az \u0151serdei erd\u0151ben - REPRODUKCI\u00d3I - V\u00e1szonk\u00e9p - Festm\u00e9nyek reprodukci\u00f3i - Naiv Festm\u00e9ny - Modern Festm\u00e9ny - Realisztikus Festm\u00e9ny - Olajfestm\u00e9ny - Falik\u00e9p"},{"@type":"BreadcrumbList","@id":"https:\/\/svetslik.si\/hu\/henri-rousseau-hu\/negro-attacked-by-a-jaguar\/#breadcrumb","itemListElement":[{"@type":"ListItem","position":1,"name":"Wall art and paintings on canvas","item":"https:\/\/svetslik.si\/hu\/"},{"@type":"ListItem","position":2,"name":"Festm\u00e9nyek elad\u00e1sa","item":"https:\/\/svetslik.si\/prodaja-slik\/"},{"@type":"ListItem","position":3,"name":"Henri Rousseau &#8211; Negro\u00a0Attacked by\u00a0a\u00a0Jaguar"}]},{"@type":"WebSite","@id":"https:\/\/svetslik.si\/hu\/#website","url":"https:\/\/svetslik.si\/hu\/","name":"SVETSLIK.SI","description":"100%-ban k\u00e9zzel festett reprodukci\u00f3k h\u00edres fest\u0151k festm\u00e9nyeir\u0151l \u00e9s festm\u00e9nyekr\u0151l v\u00e1szonra.","publisher":{"@id":"https:\/\/svetslik.si\/hu\/#organization"},"potentialAction":[{"@type":"SearchAction","target":{"@type":"EntryPoint","urlTemplate":"https:\/\/svetslik.si\/hu\/?s={search_term_string}"},"query-input":{"@type":"PropertyValueSpecification","valueRequired":true,"valueName":"search_term_string"}}],"inLanguage":"hu"},{"@type":"Organization","@id":"https:\/\/svetslik.si\/hu\/#organization","name":"SvetSlik.si","url":"https:\/\/svetslik.si\/hu\/","logo":{"@type":"ImageObject","inLanguage":"hu","@id":"https:\/\/svetslik.si\/hu\/#\/schema\/logo\/image\/","url":"https:\/\/svetslik.si\/wp-content\/uploads\/2020\/12\/logo-512.png","contentUrl":"https:\/\/svetslik.si\/wp-content\/uploads\/2020\/12\/logo-512.png","width":512,"height":512,"caption":"SvetSlik.si"},"image":{"@id":"https:\/\/svetslik.si\/hu\/#\/schema\/logo\/image\/"},"sameAs":["https:\/\/www.facebook.com\/svetslik.si","https:\/\/x.com\/svetslik","https:\/\/www.instagram.com\/svetslik.si\/","https:\/\/www.linkedin.com\/company\/svetslik-si"]}]},"og_availability":"backorder","product_availability":"available for order","product_retailer_item_id":"59__","product_condition":"new"},"jetpack_sharing_enabled":true,"_links":{"self":[{"href":"https:\/\/svetslik.si\/hu\/wp-json\/wp\/v2\/product\/52183","targetHints":{"allow":["GET"]}}],"collection":[{"href":"https:\/\/svetslik.si\/hu\/wp-json\/wp\/v2\/product"}],"about":[{"href":"https:\/\/svetslik.si\/hu\/wp-json\/wp\/v2\/types\/product"}],"wp:featuredmedia":[{"embeddable":true,"href":"https:\/\/svetslik.si\/hu\/wp-json\/wp\/v2\/media\/49837"}],"wp:attachment":[{"href":"https:\/\/svetslik.si\/hu\/wp-json\/wp\/v2\/media?parent=52183"}],"wp:term":[{"taxonomy":"product_brand","embeddable":true,"href":"https:\/\/svetslik.si\/hu\/wp-json\/wp\/v2\/product_brand?post=52183"},{"taxonomy":"product_cat","embeddable":true,"href":"https:\/\/svetslik.si\/hu\/wp-json\/wp\/v2\/product_cat?post=52183"},{"taxonomy":"product_tag","embeddable":true,"href":"https:\/\/svetslik.si\/hu\/wp-json\/wp\/v2\/product_tag?post=52183"}],"curies":[{"name":"wp","href":"https:\/\/api.w.org\/{rel}","templated":true}]}}