{"id":52213,"date":"2021-09-02T17:42:57","date_gmt":"2021-09-02T15:42:57","guid":{"rendered":"https:\/\/svetslik.si\/nem-kategorizalt\/woman-walking-in-an-exotic-forest\/"},"modified":"2026-03-22T21:06:21","modified_gmt":"2026-03-22T20:06:21","slug":"woman-walking-in-an-exotic-forest","status":"publish","type":"product","link":"https:\/\/svetslik.si\/hu\/henri-rousseau-hu\/woman-walking-in-an-exotic-forest\/","title":{"rendered":"Henri Rousseau &#8211; Woman\u00a0Walking\u00a0in\u00a0an\u00a0Exotic\u00a0Forest"},"content":{"rendered":"<h1>Henri Rousseau \u2013 Egzotikus erd\u0151ben s\u00e9t\u00e1l\u00f3 n\u0151<\/h1>\n<p>\n&nbsp;<\/p>\n<table border=\"0\" cellpadding=\"0\" cellspacing=\"0\" style=\"width: 673px\" width=\"673\">\n<tbody>\n<tr>\n<td height=\"21\" style=\"width: 180px;height: 21px\">\nL\u00e9trehoz\u00e1s \u00e9ve:<\/td>\n<td style=\"width: 493px\">\n1905<\/td>\n<\/tr>\n<tr>\n<td height=\"21\" style=\"width: 180px;height: 21px\">\nEredeti m\u00e9ret:<\/td>\n<td style=\"width: 493px\">\n80,7 cm x 99,9 cm<\/td>\n<\/tr>\n<tr>\n<td height=\"21\" style=\"width: 180px;height: 21px\">\nFest\u00e9si st\u00edlus:<\/td>\n<td style=\"width: 493px\">\nPosztimpresszionizmus<\/td>\n<\/tr>\n<tr>\n<td height=\"21\" style=\"width: 180px;height: 21px\">\nEredeti technika:<\/td>\n<td>\nOlaj, v\u00e1szon<\/td>\n<\/tr>\n<tr>\n<td height=\"21\" style=\"width: 180px;height: 21px\">\nHelysz\u00edn:<\/td>\n<td>\nBarnes Alap\u00edtv\u00e1ny, Pennsylvania, USA<\/td>\n<\/tr>\n<\/tbody>\n<colgroup>\n<\/colgroup>\n<\/table>\n<p>\nRousseau szerette a p\u00e1rizsi Jardin de Plantes felfedez\u00e9s\u00e9t, ahol tanulm\u00e1nyozta a festm\u00e9nyein megjelen\u0151 k\u00fcl\u00f6nf\u00e9le n\u00f6v\u00e9nyeket. Ezen a k\u00e9pen is n\u00f6v\u00e9nyeket haszn\u00e1lt a h\u00e1tt\u00e9rnek, melyeket kinagy\u00edtott \u00e9s ezzel a tr\u00f3pusi n\u00f6v\u00e9nyzet \u00e9rzet\u00e9t keltette. Ez\u00e9rt a k\u00e9pen l\u00e1that\u00f3 n\u00f6v\u00e9nyek \u00f3ri\u00e1si f\u00e1knak \u00e9s hatalmas vir\u00e1goknak t\u0171nnek, amelyek nem tartoznak az es\u0151erd\u0151be.<\/p>\n","protected":false},"excerpt":{"rendered":"<p>Henri Rousseau \u2013 Egzotikus erd\u0151ben s\u00e9t\u00e1l\u00f3 n\u0151 &nbsp; L\u00e9trehoz\u00e1s \u00e9ve: 1905 Eredeti m\u00e9ret: 80,7 cm x 99,9 cm Fest\u00e9si st\u00edlus: Posztimpresszionizmus Eredeti technika: Olaj, v\u00e1szon Helysz\u00edn: Barnes Alap\u00edtv\u00e1ny, Pennsylvania, USA Rousseau szerette a p\u00e1rizsi Jardin de Plantes felfedez\u00e9s\u00e9t, ahol tanulm\u00e1nyozta a festm\u00e9nyein megjelen\u0151 k\u00fcl\u00f6nf\u00e9le n\u00f6v\u00e9nyeket. Ezen a k\u00e9pen is n\u00f6v\u00e9nyeket [&hellip;]<\/p>\n","protected":false},"featured_media":49267,"template":"","meta":{"_acf_changed":false},"product_brand":[],"product_cat":[7144],"product_tag":[11885,11886,11887,7199],"class_list":{"0":"post-52213","1":"product","2":"type-product","3":"status-publish","4":"has-post-thumbnail","6":"product_cat-henri-rousseau-hu","7":"product_tag-painter-hu","8":"product_tag-reproduction","9":"product_tag-reproductions-hu","10":"product_tag-rousseau-hu","11":"pa_dimenzija-100-x-125-cm","12":"pa_dimenzija-120-x-150-cm","13":"pa_dimenzija-140-x-170-cm","14":"pa_dimenzija-160-x-200-cm","15":"pa_dimenzija-50-x-60-cm","16":"pa_dimenzija-60-x-75-cm","17":"pa_dimenzija-70-x-90-cm","18":"pa_dimenzija-81-x-100-cm","19":"pa_oblika-fuggoleges","20":"pa_okvir-nincs-keret","21":"pa_podokvir-igen","22":"pa_podokvir-nem","24":"first","25":"onbackorder","26":"purchasable","27":"product-type-variable","28":"has-default-attributes"},"acf":[],"yoast_head":"<!-- This site is optimized with the Yoast SEO Premium plugin v26.0 (Yoast SEO v27.2) - https:\/\/yoast.com\/product\/yoast-seo-premium-wordpress\/ -->\n<title>Henri Rousseau - Woman\u00a0Walking\u00a0in\u00a0an\u00a0Exotic\u00a0Forest - SVETSLIK.SI - 100% k\u00e9zzel festett<\/title>\n<meta name=\"description\" content=\"Henri Rousseau - Woman\u00a0Walking\u00a0in\u00a0an\u00a0Exotic\u00a0Forest - 100% k\u00e9zzel festett h\u00edres festm\u00e9nyek reprodukci\u00f3i. Festm\u00e9nyek keretez\u00e9se, elad\u00e1sa \u00e9s egyedi rendel\u00e9sre t\u00f6rt\u00e9n\u0151 v\u00e1szonk\u00e9pek k\u00e9sz\u00edt\u00e9se.\" \/>\n<meta name=\"robots\" content=\"index, follow, max-snippet:-1, max-image-preview:large, max-video-preview:-1\" \/>\n<link rel=\"canonical\" href=\"https:\/\/svetslik.si\/hu\/henri-rousseau-hu\/woman-walking-in-an-exotic-forest\/\" \/>\n<meta property=\"og:locale\" content=\"hu_HU\" \/>\n<meta property=\"og:type\" content=\"article\" \/>\n<meta property=\"og:title\" content=\"Henri Rousseau - Woman\u00a0Walking\u00a0in\u00a0an\u00a0Exotic\u00a0Forest\" \/>\n<meta property=\"og:description\" content=\"100% ro\u010dno naslikane slike na platnu, reprodukcije znanih slikarjev in umetni\u0161ke slike po naro\u010dilu.\" \/>\n<meta property=\"og:url\" content=\"https:\/\/svetslik.si\/hu\/henri-rousseau-hu\/woman-walking-in-an-exotic-forest\/\" \/>\n<meta property=\"og:site_name\" content=\"SVETSLIK.SI\" \/>\n<meta property=\"article:publisher\" content=\"https:\/\/www.facebook.com\/svetslik.si\" \/>\n<meta property=\"article:modified_time\" content=\"2026-03-22T20:06:21+00:00\" \/>\n<meta property=\"og:image\" content=\"https:\/\/svetslik.si\/wp-content\/uploads\/2021\/08\/image_Woman-Walking-in-an-Exotic-Forest-Henri-Rousseau_680.jpg\" \/>\n\t<meta property=\"og:image:width\" content=\"1024\" \/>\n\t<meta property=\"og:image:height\" content=\"1262\" \/>\n\t<meta property=\"og:image:type\" content=\"image\/jpeg\" \/>\n<meta name=\"twitter:card\" content=\"summary_large_image\" \/>\n<meta name=\"twitter:site\" content=\"@svetslik\" \/>\n<meta name=\"twitter:label1\" content=\"El\u00e9rhet\u0151s\u00e9g\" \/>\n\t<meta name=\"twitter:data1\" content=\"Beszerz\u00e9s alatt\" \/>\n<script type=\"application\/ld+json\" class=\"yoast-schema-graph\">{\"@context\":\"https:\/\/schema.org\",\"@graph\":[{\"@type\":[\"WebPage\",\"ItemPage\"],\"@id\":\"https:\/\/svetslik.si\/hu\/henri-rousseau-hu\/woman-walking-in-an-exotic-forest\/\",\"url\":\"https:\/\/svetslik.si\/hu\/henri-rousseau-hu\/woman-walking-in-an-exotic-forest\/\",\"name\":\"Henri Rousseau - Woman\u00a0Walking\u00a0in\u00a0an\u00a0Exotic\u00a0Forest - SVETSLIK.SI - 100% k\u00e9zzel festett\",\"isPartOf\":{\"@id\":\"https:\/\/svetslik.si\/hu\/#website\"},\"primaryImageOfPage\":{\"@id\":\"https:\/\/svetslik.si\/hu\/henri-rousseau-hu\/woman-walking-in-an-exotic-forest\/#primaryimage\"},\"image\":{\"@id\":\"https:\/\/svetslik.si\/hu\/henri-rousseau-hu\/woman-walking-in-an-exotic-forest\/#primaryimage\"},\"thumbnailUrl\":\"https:\/\/svetslik.si\/wp-content\/uploads\/2021\/08\/image_Woman-Walking-in-an-Exotic-Forest-Henri-Rousseau_680.jpg\",\"datePublished\":\"2021-09-02T15:42:57+00:00\",\"dateModified\":\"2026-03-22T20:06:21+00:00\",\"description\":\"Henri Rousseau - Woman\u00a0Walking\u00a0in\u00a0an\u00a0Exotic\u00a0Forest - 100% k\u00e9zzel festett h\u00edres festm\u00e9nyek reprodukci\u00f3i. Festm\u00e9nyek keretez\u00e9se, elad\u00e1sa \u00e9s egyedi rendel\u00e9sre t\u00f6rt\u00e9n\u0151 v\u00e1szonk\u00e9pek k\u00e9sz\u00edt\u00e9se.\",\"breadcrumb\":{\"@id\":\"https:\/\/svetslik.si\/hu\/henri-rousseau-hu\/woman-walking-in-an-exotic-forest\/#breadcrumb\"},\"inLanguage\":\"hu\",\"potentialAction\":[{\"@type\":\"ReadAction\",\"target\":[\"https:\/\/svetslik.si\/hu\/henri-rousseau-hu\/woman-walking-in-an-exotic-forest\/\"]}]},{\"@type\":\"ImageObject\",\"inLanguage\":\"hu\",\"@id\":\"https:\/\/svetslik.si\/hu\/henri-rousseau-hu\/woman-walking-in-an-exotic-forest\/#primaryimage\",\"url\":\"https:\/\/svetslik.si\/wp-content\/uploads\/2021\/08\/image_Woman-Walking-in-an-Exotic-Forest-Henri-Rousseau_680.jpg\",\"contentUrl\":\"https:\/\/svetslik.si\/wp-content\/uploads\/2021\/08\/image_Woman-Walking-in-an-Exotic-Forest-Henri-Rousseau_680.jpg\",\"width\":1024,\"height\":1262,\"caption\":\"Henri Rousseau - Woman Walking in an Exotic Forest - N\u0151 s\u00e9t\u00e1l az egzotikus erd\u0151ben - Henri Rousseau - Woman Walking in an Exotic Forest - Festm\u00e9nyek reprodukci\u00f3i - V\u00e1szonk\u00e9p - Festm\u00e9nyek reprodukci\u00f3i - Absztrakt Festm\u00e9ny - Modern Festm\u00e9ny - Realisztikus Festm\u00e9ny - Olajfestm\u00e9ny - Falik\u00e9p\"},{\"@type\":\"BreadcrumbList\",\"@id\":\"https:\/\/svetslik.si\/hu\/henri-rousseau-hu\/woman-walking-in-an-exotic-forest\/#breadcrumb\",\"itemListElement\":[{\"@type\":\"ListItem\",\"position\":1,\"name\":\"Wall art and paintings on canvas\",\"item\":\"https:\/\/svetslik.si\/hu\/\"},{\"@type\":\"ListItem\",\"position\":2,\"name\":\"Festm\u00e9nyek elad\u00e1sa\",\"item\":\"https:\/\/svetslik.si\/prodaja-slik\/\"},{\"@type\":\"ListItem\",\"position\":3,\"name\":\"Henri Rousseau &#8211; Woman\u00a0Walking\u00a0in\u00a0an\u00a0Exotic\u00a0Forest\"}]},{\"@type\":\"WebSite\",\"@id\":\"https:\/\/svetslik.si\/hu\/#website\",\"url\":\"https:\/\/svetslik.si\/hu\/\",\"name\":\"SVETSLIK.SI\",\"description\":\"100%-ban k\u00e9zzel festett reprodukci\u00f3k h\u00edres fest\u0151k festm\u00e9nyeir\u0151l \u00e9s festm\u00e9nyekr\u0151l v\u00e1szonra.\",\"publisher\":{\"@id\":\"https:\/\/svetslik.si\/hu\/#organization\"},\"potentialAction\":[{\"@type\":\"SearchAction\",\"target\":{\"@type\":\"EntryPoint\",\"urlTemplate\":\"https:\/\/svetslik.si\/hu\/?s={search_term_string}\"},\"query-input\":{\"@type\":\"PropertyValueSpecification\",\"valueRequired\":true,\"valueName\":\"search_term_string\"}}],\"inLanguage\":\"hu\"},{\"@type\":\"Organization\",\"@id\":\"https:\/\/svetslik.si\/hu\/#organization\",\"name\":\"SvetSlik.si\",\"url\":\"https:\/\/svetslik.si\/hu\/\",\"logo\":{\"@type\":\"ImageObject\",\"inLanguage\":\"hu\",\"@id\":\"https:\/\/svetslik.si\/hu\/#\/schema\/logo\/image\/\",\"url\":\"https:\/\/svetslik.si\/wp-content\/uploads\/2020\/12\/logo-512.png\",\"contentUrl\":\"https:\/\/svetslik.si\/wp-content\/uploads\/2020\/12\/logo-512.png\",\"width\":512,\"height\":512,\"caption\":\"SvetSlik.si\"},\"image\":{\"@id\":\"https:\/\/svetslik.si\/hu\/#\/schema\/logo\/image\/\"},\"sameAs\":[\"https:\/\/www.facebook.com\/svetslik.si\",\"https:\/\/x.com\/svetslik\",\"https:\/\/www.instagram.com\/svetslik.si\/\",\"https:\/\/www.linkedin.com\/company\/svetslik-si\"]}]}<\/script>\n<meta property=\"og:availability\" content=\"backorder\" \/>\n<meta property=\"product:availability\" content=\"available for order\" \/>\n<meta property=\"product:retailer_item_id\" content=\"62__\" \/>\n<meta property=\"product:condition\" content=\"new\" \/>\n<!-- \/ Yoast SEO Premium plugin. -->","yoast_head_json":{"title":"Henri Rousseau - Woman\u00a0Walking\u00a0in\u00a0an\u00a0Exotic\u00a0Forest - SVETSLIK.SI - 100% k\u00e9zzel festett","description":"Henri Rousseau - Woman\u00a0Walking\u00a0in\u00a0an\u00a0Exotic\u00a0Forest - 100% k\u00e9zzel festett h\u00edres festm\u00e9nyek reprodukci\u00f3i. Festm\u00e9nyek keretez\u00e9se, elad\u00e1sa \u00e9s egyedi rendel\u00e9sre t\u00f6rt\u00e9n\u0151 v\u00e1szonk\u00e9pek k\u00e9sz\u00edt\u00e9se.","robots":{"index":"index","follow":"follow","max-snippet":"max-snippet:-1","max-image-preview":"max-image-preview:large","max-video-preview":"max-video-preview:-1"},"canonical":"https:\/\/svetslik.si\/hu\/henri-rousseau-hu\/woman-walking-in-an-exotic-forest\/","og_locale":"hu_HU","og_type":"article","og_title":"Henri Rousseau - Woman\u00a0Walking\u00a0in\u00a0an\u00a0Exotic\u00a0Forest","og_description":"100% ro\u010dno naslikane slike na platnu, reprodukcije znanih slikarjev in umetni\u0161ke slike po naro\u010dilu.","og_url":"https:\/\/svetslik.si\/hu\/henri-rousseau-hu\/woman-walking-in-an-exotic-forest\/","og_site_name":"SVETSLIK.SI","article_publisher":"https:\/\/www.facebook.com\/svetslik.si","article_modified_time":"2026-03-22T20:06:21+00:00","og_image":[{"width":1024,"height":1262,"url":"https:\/\/svetslik.si\/wp-content\/uploads\/2021\/08\/image_Woman-Walking-in-an-Exotic-Forest-Henri-Rousseau_680.jpg","type":"image\/jpeg"}],"twitter_card":"summary_large_image","twitter_site":"@svetslik","twitter_misc":{"El\u00e9rhet\u0151s\u00e9g":"Beszerz\u00e9s alatt"},"schema":{"@context":"https:\/\/schema.org","@graph":[{"@type":["WebPage","ItemPage"],"@id":"https:\/\/svetslik.si\/hu\/henri-rousseau-hu\/woman-walking-in-an-exotic-forest\/","url":"https:\/\/svetslik.si\/hu\/henri-rousseau-hu\/woman-walking-in-an-exotic-forest\/","name":"Henri Rousseau - Woman\u00a0Walking\u00a0in\u00a0an\u00a0Exotic\u00a0Forest - SVETSLIK.SI - 100% k\u00e9zzel festett","isPartOf":{"@id":"https:\/\/svetslik.si\/hu\/#website"},"primaryImageOfPage":{"@id":"https:\/\/svetslik.si\/hu\/henri-rousseau-hu\/woman-walking-in-an-exotic-forest\/#primaryimage"},"image":{"@id":"https:\/\/svetslik.si\/hu\/henri-rousseau-hu\/woman-walking-in-an-exotic-forest\/#primaryimage"},"thumbnailUrl":"https:\/\/svetslik.si\/wp-content\/uploads\/2021\/08\/image_Woman-Walking-in-an-Exotic-Forest-Henri-Rousseau_680.jpg","datePublished":"2021-09-02T15:42:57+00:00","dateModified":"2026-03-22T20:06:21+00:00","description":"Henri Rousseau - Woman\u00a0Walking\u00a0in\u00a0an\u00a0Exotic\u00a0Forest - 100% k\u00e9zzel festett h\u00edres festm\u00e9nyek reprodukci\u00f3i. Festm\u00e9nyek keretez\u00e9se, elad\u00e1sa \u00e9s egyedi rendel\u00e9sre t\u00f6rt\u00e9n\u0151 v\u00e1szonk\u00e9pek k\u00e9sz\u00edt\u00e9se.","breadcrumb":{"@id":"https:\/\/svetslik.si\/hu\/henri-rousseau-hu\/woman-walking-in-an-exotic-forest\/#breadcrumb"},"inLanguage":"hu","potentialAction":[{"@type":"ReadAction","target":["https:\/\/svetslik.si\/hu\/henri-rousseau-hu\/woman-walking-in-an-exotic-forest\/"]}]},{"@type":"ImageObject","inLanguage":"hu","@id":"https:\/\/svetslik.si\/hu\/henri-rousseau-hu\/woman-walking-in-an-exotic-forest\/#primaryimage","url":"https:\/\/svetslik.si\/wp-content\/uploads\/2021\/08\/image_Woman-Walking-in-an-Exotic-Forest-Henri-Rousseau_680.jpg","contentUrl":"https:\/\/svetslik.si\/wp-content\/uploads\/2021\/08\/image_Woman-Walking-in-an-Exotic-Forest-Henri-Rousseau_680.jpg","width":1024,"height":1262,"caption":"Henri Rousseau - Woman Walking in an Exotic Forest - N\u0151 s\u00e9t\u00e1l az egzotikus erd\u0151ben - Henri Rousseau - Woman Walking in an Exotic Forest - Festm\u00e9nyek reprodukci\u00f3i - V\u00e1szonk\u00e9p - Festm\u00e9nyek reprodukci\u00f3i - Absztrakt Festm\u00e9ny - Modern Festm\u00e9ny - Realisztikus Festm\u00e9ny - Olajfestm\u00e9ny - Falik\u00e9p"},{"@type":"BreadcrumbList","@id":"https:\/\/svetslik.si\/hu\/henri-rousseau-hu\/woman-walking-in-an-exotic-forest\/#breadcrumb","itemListElement":[{"@type":"ListItem","position":1,"name":"Wall art and paintings on canvas","item":"https:\/\/svetslik.si\/hu\/"},{"@type":"ListItem","position":2,"name":"Festm\u00e9nyek elad\u00e1sa","item":"https:\/\/svetslik.si\/prodaja-slik\/"},{"@type":"ListItem","position":3,"name":"Henri Rousseau &#8211; Woman\u00a0Walking\u00a0in\u00a0an\u00a0Exotic\u00a0Forest"}]},{"@type":"WebSite","@id":"https:\/\/svetslik.si\/hu\/#website","url":"https:\/\/svetslik.si\/hu\/","name":"SVETSLIK.SI","description":"100%-ban k\u00e9zzel festett reprodukci\u00f3k h\u00edres fest\u0151k festm\u00e9nyeir\u0151l \u00e9s festm\u00e9nyekr\u0151l v\u00e1szonra.","publisher":{"@id":"https:\/\/svetslik.si\/hu\/#organization"},"potentialAction":[{"@type":"SearchAction","target":{"@type":"EntryPoint","urlTemplate":"https:\/\/svetslik.si\/hu\/?s={search_term_string}"},"query-input":{"@type":"PropertyValueSpecification","valueRequired":true,"valueName":"search_term_string"}}],"inLanguage":"hu"},{"@type":"Organization","@id":"https:\/\/svetslik.si\/hu\/#organization","name":"SvetSlik.si","url":"https:\/\/svetslik.si\/hu\/","logo":{"@type":"ImageObject","inLanguage":"hu","@id":"https:\/\/svetslik.si\/hu\/#\/schema\/logo\/image\/","url":"https:\/\/svetslik.si\/wp-content\/uploads\/2020\/12\/logo-512.png","contentUrl":"https:\/\/svetslik.si\/wp-content\/uploads\/2020\/12\/logo-512.png","width":512,"height":512,"caption":"SvetSlik.si"},"image":{"@id":"https:\/\/svetslik.si\/hu\/#\/schema\/logo\/image\/"},"sameAs":["https:\/\/www.facebook.com\/svetslik.si","https:\/\/x.com\/svetslik","https:\/\/www.instagram.com\/svetslik.si\/","https:\/\/www.linkedin.com\/company\/svetslik-si"]}]},"og_availability":"backorder","product_availability":"available for order","product_retailer_item_id":"62__","product_condition":"new"},"jetpack_sharing_enabled":true,"_links":{"self":[{"href":"https:\/\/svetslik.si\/hu\/wp-json\/wp\/v2\/product\/52213","targetHints":{"allow":["GET"]}}],"collection":[{"href":"https:\/\/svetslik.si\/hu\/wp-json\/wp\/v2\/product"}],"about":[{"href":"https:\/\/svetslik.si\/hu\/wp-json\/wp\/v2\/types\/product"}],"wp:featuredmedia":[{"embeddable":true,"href":"https:\/\/svetslik.si\/hu\/wp-json\/wp\/v2\/media\/49267"}],"wp:attachment":[{"href":"https:\/\/svetslik.si\/hu\/wp-json\/wp\/v2\/media?parent=52213"}],"wp:term":[{"taxonomy":"product_brand","embeddable":true,"href":"https:\/\/svetslik.si\/hu\/wp-json\/wp\/v2\/product_brand?post=52213"},{"taxonomy":"product_cat","embeddable":true,"href":"https:\/\/svetslik.si\/hu\/wp-json\/wp\/v2\/product_cat?post=52213"},{"taxonomy":"product_tag","embeddable":true,"href":"https:\/\/svetslik.si\/hu\/wp-json\/wp\/v2\/product_tag?post=52213"}],"curies":[{"name":"wp","href":"https:\/\/api.w.org\/{rel}","templated":true}]}}