{"id":52402,"date":"2021-09-02T17:43:38","date_gmt":"2021-09-02T15:43:38","guid":{"rendered":"https:\/\/svetslik.si\/nem-kategorizalt\/maternity\/"},"modified":"2026-03-22T21:10:54","modified_gmt":"2026-03-22T20:10:54","slug":"maternity","status":"publish","type":"product","link":"https:\/\/svetslik.si\/hu\/joan-miro-hu\/maternity\/","title":{"rendered":"Joan Miro &#8211; Maternity"},"content":{"rendered":"<div class=\"wpb-content-wrapper\">[vc_row css=&#8221;.vc_custom_1675013439908{margin-bottom: 10px !important;}&#8221;][vc_column]\t<div class=\"et-image-633 et-image     et_image_link\">\n\t\t<div class=\"et-image-inner \">\n\t\t\t\t\t\t\t<div class=\"et-image-thumb \">\n\t\t\t\t\t<img decoding=\"async\" width=\"1896\" height=\"2252\" src=\"https:\/\/svetslik.si\/wp-content\/uploads\/2021\/09\/Joan-Miro-Maternity.jpg\" class=\"attachment-full\" alt=\"Joan Miro - MaternityMiro---Maternity - Joan Miro - Anyas\u00e1g\" title=\"Joan Miro - MaternityMiro---Maternity - Joan Miro - Anyas\u00e1g\" srcset=\"https:\/\/svetslik.si\/wp-content\/uploads\/2021\/09\/Joan-Miro-Maternity.jpg 1896w, https:\/\/svetslik.si\/wp-content\/uploads\/2021\/09\/Joan-Miro-Maternity-600x713.jpg 600w, https:\/\/svetslik.si\/wp-content\/uploads\/2021\/09\/Joan-Miro-Maternity-1200x1425.jpg 1200w, https:\/\/svetslik.si\/wp-content\/uploads\/2021\/09\/Joan-Miro-Maternity-253x300.jpg 253w, https:\/\/svetslik.si\/wp-content\/uploads\/2021\/09\/Joan-Miro-Maternity-862x1024.jpg 862w, https:\/\/svetslik.si\/wp-content\/uploads\/2021\/09\/Joan-Miro-Maternity-768x912.jpg 768w, https:\/\/svetslik.si\/wp-content\/uploads\/2021\/09\/Joan-Miro-Maternity-1293x1536.jpg 1293w, https:\/\/svetslik.si\/wp-content\/uploads\/2021\/09\/Joan-Miro-Maternity-1724x2048.jpg 1724w, https:\/\/svetslik.si\/wp-content\/uploads\/2021\/09\/Joan-Miro-Maternity-10x12.jpg 10w, https:\/\/svetslik.si\/wp-content\/uploads\/2021\/09\/Joan-Miro-Maternity-126x150.jpg 126w, https:\/\/svetslik.si\/wp-content\/uploads\/2021\/09\/Joan-Miro-Maternity-1320x1568.jpg 1320w\" sizes=\"(max-width: 1896px) 100vw, 1896px\" \/>\t\t\t\t<\/div>\n\t\t\t\t\t\t\t\t\t\t\t<\/div>\n\t<\/div>\n  [\/vc_column][\/vcrow_rows][\/vcrow_rows =&#8221;.vc_custom_1675013446619{margin-bottom: 10px !important;}&#8221;][vc_column]\t<div class=\"et-image-524 et-image     et_image_link\">\n\t\t<div class=\"et-image-inner \">\n\t\t\t\t\t\t\t<div class=\"et-image-thumb \">\n\t\t\t\t\t<img decoding=\"async\" width=\"1384\" height=\"2252\" src=\"https:\/\/svetslik.si\/wp-content\/uploads\/2021\/09\/Joan-Miro-Maternity-1.jpg\" class=\"attachment-full\" alt=\"Joan Miro - Maternity - Joan Miro - Anyas\u00e1g\" title=\"Joan Miro - Maternity - Joan Miro - Anyas\u00e1g\" srcset=\"https:\/\/svetslik.si\/wp-content\/uploads\/2021\/09\/Joan-Miro-Maternity-1.jpg 1384w, https:\/\/svetslik.si\/wp-content\/uploads\/2021\/09\/Joan-Miro-Maternity-1-600x976.jpg 600w, https:\/\/svetslik.si\/wp-content\/uploads\/2021\/09\/Joan-Miro-Maternity-1-1200x1953.jpg 1200w, https:\/\/svetslik.si\/wp-content\/uploads\/2021\/09\/Joan-Miro-Maternity-1-184x300.jpg 184w, https:\/\/svetslik.si\/wp-content\/uploads\/2021\/09\/Joan-Miro-Maternity-1-629x1024.jpg 629w, https:\/\/svetslik.si\/wp-content\/uploads\/2021\/09\/Joan-Miro-Maternity-1-768x1250.jpg 768w, https:\/\/svetslik.si\/wp-content\/uploads\/2021\/09\/Joan-Miro-Maternity-1-944x1536.jpg 944w, https:\/\/svetslik.si\/wp-content\/uploads\/2021\/09\/Joan-Miro-Maternity-1-1259x2048.jpg 1259w, https:\/\/svetslik.si\/wp-content\/uploads\/2021\/09\/Joan-Miro-Maternity-1-7x12.jpg 7w, https:\/\/svetslik.si\/wp-content\/uploads\/2021\/09\/Joan-Miro-Maternity-1-92x150.jpg 92w, https:\/\/svetslik.si\/wp-content\/uploads\/2021\/09\/Joan-Miro-Maternity-1-1320x2148.jpg 1320w\" sizes=\"(max-width: 1384px) 100vw, 1384px\" \/>\t\t\t\t<\/div>\n\t\t\t\t\t\t\t\t\t\t\t<\/div>\n\t<\/div>\n  [\/vc_column][=&#8221;\/vc_row][vcrow. vc_custom_1675013301098{margin-bottom: 10px !important;}&#8221;][vc_column]\t<div class=\"et-image-623 et-image     et_image_link\">\n\t\t<div class=\"et-image-inner \">\n\t\t\t\t\t\t\t<div class=\"et-image-thumb \">\n\t\t\t\t\t<img decoding=\"async\" width=\"1328\" height=\"2252\" src=\"https:\/\/svetslik.si\/wp-content\/uploads\/2021\/09\/Joan-Miro-Maternity-2.jpg\" class=\"attachment-full\" alt=\"Joan Miro - Maternity - Joan Miro - Anyas\u00e1g\" title=\"Joan Miro - Maternity - Joan Miro - Anyas\u00e1g\" srcset=\"https:\/\/svetslik.si\/wp-content\/uploads\/2021\/09\/Joan-Miro-Maternity-2.jpg 1328w, https:\/\/svetslik.si\/wp-content\/uploads\/2021\/09\/Joan-Miro-Maternity-2-600x1017.jpg 600w, https:\/\/svetslik.si\/wp-content\/uploads\/2021\/09\/Joan-Miro-Maternity-2-1200x2035.jpg 1200w, https:\/\/svetslik.si\/wp-content\/uploads\/2021\/09\/Joan-Miro-Maternity-2-177x300.jpg 177w, https:\/\/svetslik.si\/wp-content\/uploads\/2021\/09\/Joan-Miro-Maternity-2-604x1024.jpg 604w, https:\/\/svetslik.si\/wp-content\/uploads\/2021\/09\/Joan-Miro-Maternity-2-768x1302.jpg 768w, https:\/\/svetslik.si\/wp-content\/uploads\/2021\/09\/Joan-Miro-Maternity-2-906x1536.jpg 906w, https:\/\/svetslik.si\/wp-content\/uploads\/2021\/09\/Joan-Miro-Maternity-2-1208x2048.jpg 1208w, https:\/\/svetslik.si\/wp-content\/uploads\/2021\/09\/Joan-Miro-Maternity-2-7x12.jpg 7w, https:\/\/svetslik.si\/wp-content\/uploads\/2021\/09\/Joan-Miro-Maternity-2-88x150.jpg 88w, https:\/\/svetslik.si\/wp-content\/uploads\/2021\/09\/Joan-Miro-Maternity-2-1320x2238.jpg 1320w\" sizes=\"(max-width: 1328px) 100vw, 1328px\" \/>\t\t\t\t<\/div>\n\t\t\t\t\t\t\t\t\t\t\t<\/div>\n\t<\/div>\n  [\/vc_column][\/vc_row][vc_row][v_c]\n<h1>Joan Miro \u2013 Sz\u00fcl\u00e9s<\/h1>\n<p>&nbsp;<\/p>\n<table style=\"width: 673px\" border=\"0\" width=\"673\" cellpadding=\"0\">\n<tbody>\n<tr>\n<td style=\"width: 180px;height: 21px\" height=\"21\">L\u00e9trehoz\u00e1s \u00e9ve:<\/td>\n<td style=\"width: 493px\">1924<\/td>\n<\/tr>\n<tr>\n<td style=\"width: 180px;height: 21px\" height=\"21\">Eredeti m\u00e9ret:<\/td>\n<td style=\"width: 493px\">73 cm x 92 cm<\/td>\n<\/tr>\n<tr>\n<td style=\"width: 180px;height: 21px\" height=\"21\">Fest\u00e9si st\u00edlus:<\/td>\n<td style=\"width: 493px\">Sz\u00fcrrealizmus<\/td>\n<\/tr>\n<tr>\n<td style=\"width: 180px;height: 21px\" height=\"21\">Eredeti technika:<\/td>\n<td>Olaj, v\u00e1szon<\/td>\n<\/tr>\n<tr>\n<td style=\"width: 180px;height: 21px\" height=\"21\">Helysz\u00edn:<\/td>\n<td>Sk\u00f3t Nemzeti Modern M\u0171v\u00e9szeti Gal\u00e9ria, Edinburgh<\/td>\n<\/tr>\n<\/tbody>\n<colgroup>\n<col \/>\n<col \/> <\/colgroup>\n<\/table>\n<p>&#8220;Maternity&#8221; Joan Mir\u00f3 &#8220;Maternity&#8221;: sz\u00fcrrealista remekm\u0171<\/p>\n<p>Joan Mir\u00f3 spanyol sz\u00fcrrealista fest\u0151 \u00e9s szobr\u00e1sz volt, aki 1893 \u00e9s 1983 k\u00f6z\u00f6tt \u00e9lt. Egyed\u00fcl\u00e1ll\u00f3 st\u00edlus\u00e1r\u00f3l volt ismert, amely az absztrakt m\u0171v\u00e9szet \u00e9s a sz\u00fcrrealizmus elemeit \u00f6tv\u00f6zi, \u00edgy fantasztikus \u00e9s m\u00e9lyen szem\u00e9lyes alkot\u00e1sokat hozott l\u00e9tre. A &#8220;Maternity&#8221; az egyik legh\u00edresebb munk\u00e1ja, amely egyedi l\u00e1t\u00e1sm\u00f3dj\u00e1nak \u00e9s st\u00edlus\u00e1nak teljes sk\u00e1l\u00e1j\u00e1t mutatja be.<\/p>\n<p>A festm\u00e9ny szesz\u00e9lyes kompoz\u00edci\u00f3ja nagy, absztrah\u00e1lt alakkal, amely any\u00e1t \u00e9s gyermek\u00e9t \u00e1br\u00e1zolja. Az any\u00e1t foly\u00f3, organikus formak\u00e9nt \u00e1br\u00e1zolj\u00e1k \u00e9l\u00e9nk, lefoly\u00f3 vonalakkal, \u00edvelt form\u00e1kkal, m\u00edg a gyermeket egy kisebb, t\u00f6m\u00f6rebb forma. Az \u00f6sszhat\u00e1s a j\u00e1t\u00e9kos mozg\u00e1s \u00e9s az \u00f6r\u00f6m\u00fcnnep, t\u00fckr\u00f6zve az anya \u00e9s gyermeke k\u00f6z\u00f6tti k\u00f6tel\u00e9k l\u00e9nyeg\u00e9t.<\/p>\n<p>Ami azonban igaz\u00e1n k\u00fcl\u00f6nlegess\u00e9 teszi a \u201eMaternity\u201d-t, az az, ahogyan egyes\u00edti az absztraktot \u00e9s a reprezent\u00e1ci\u00f3t. Absztrakt form\u00e1i ellen\u00e9re a festm\u00e9ny tov\u00e1bbra is meg\u0151rizte az emberis\u00e9g er\u0151s \u00e9rz\u00e9s\u00e9t, hiszen egyszerre ragadja meg az anyai k\u00f6tel\u00e9k l\u00e9nyeg\u00e9t szesz\u00e9lyesen \u00e9s m\u00e9lyen \u00e9rzelmesen. Az absztrakci\u00f3 \u00e9s a realizmus ezen kombin\u00e1ci\u00f3ja a \u201eMaternity\u201d-t a sz\u00fcrrealista m\u0171v\u00e9szet igazi remekm\u0171v\u00e9v\u00e9 teszi.<\/p>\n<p>Ha t\u00f6bbet szeretne megtudni Joan Mir\u00f3 munk\u00e1ss\u00e1g\u00e1r\u00f3l vagy a sz\u00fcrrealista mozgalomr\u00f3l, a &#8220;Sz\u00fcl\u00e9s&#8221; remek kiindul\u00f3pont. J\u00e1t\u00e9kos kompoz\u00edci\u00f3j\u00e1val, szesz\u00e9lyes form\u00e1ival \u00e9s er\u0151s emberis\u00e9g\u00e9rzet\u00e9vel ez a festm\u00e9ny biztosan leny\u0171g\u00f6z \u00e9s inspir\u00e1l. Sz\u00f3val mi\u00e9rt ne sz\u00e1nna ma egy percet ennek a sz\u00fcrre\u00e1lis remekm\u0171nek a megbecs\u00fcl\u00e9s\u00e9re?[\/vc_column_text][\/vc_column][\/vc_row]\n<\/div>","protected":false},"excerpt":{"rendered":"<p>[vc_row css=&#8221;.vc_custom_1675013439908{margin-bottom: 10px !important;}&#8221;][vc_column][\/vc_column][\/vcrow_rows][\/vcrow_rows =&#8221;.vc_custom_1675013446619{margin-bottom: 10px !important;}&#8221;][vc_column][\/vc_column][=&#8221;\/vc_row][vcrow. vc_custom_1675013301098{margin-bottom: 10px !important;}&#8221;][vc_column][\/vc_column][\/vc_row][vc_row][v_c] Joan Miro \u2013 Sz\u00fcl\u00e9s &nbsp; L\u00e9trehoz\u00e1s \u00e9ve: 1924 Eredeti m\u00e9ret: 73 cm x 92 cm Fest\u00e9si st\u00edlus: Sz\u00fcrrealizmus Eredeti technika: Olaj, v\u00e1szon Helysz\u00edn: Sk\u00f3t Nemzeti Modern M\u0171v\u00e9szeti Gal\u00e9ria, Edinburgh &#8220;Maternity&#8221; Joan Mir\u00f3 &#8220;Maternity&#8221;: sz\u00fcrrealista remekm\u0171 Joan Mir\u00f3 spanyol sz\u00fcrrealista fest\u0151 [&hellip;]<\/p>\n","protected":false},"featured_media":49741,"template":"","meta":{"_acf_changed":false},"product_brand":[],"product_cat":[7131],"product_tag":[7179,11885,11886,11887],"class_list":{"0":"post-52402","1":"product","2":"type-product","3":"status-publish","4":"has-post-thumbnail","6":"product_cat-joan-miro-hu","7":"product_tag-miro-hu","8":"product_tag-painter-hu","9":"product_tag-reproduction","10":"product_tag-reproductions-hu","11":"pa_dimenzija-120-x-150-cm","12":"pa_dimenzija-150-x-200-cm","13":"pa_dimenzija-40-x-50-cm","14":"pa_dimenzija-50-x-70-cm","15":"pa_dimenzija-60-x-80-cm","16":"pa_dimenzija-73-x-92-cm","17":"pa_dimenzija-80-x-100-cm","18":"pa_dimenzija-90-x-120-cm","19":"pa_oblika-fuggoleges","20":"pa_okvir-nincs-keret","21":"pa_podokvir-igen","22":"pa_podokvir-nem","24":"first","25":"onbackorder","26":"purchasable","27":"product-type-variable","28":"has-default-attributes"},"acf":[],"yoast_head":"<!-- This site is optimized with the Yoast SEO Premium plugin v26.0 (Yoast SEO v27.2) - https:\/\/yoast.com\/product\/yoast-seo-premium-wordpress\/ -->\n<title>Joan Miro - Maternity - SVETSLIK.SI - 100% k\u00e9zzel festett<\/title>\n<meta name=\"description\" content=\"Joan Miro - Maternity - 100% k\u00e9zzel festett h\u00edres festm\u00e9nyek reprodukci\u00f3i. Festm\u00e9nyek keretez\u00e9se, elad\u00e1sa \u00e9s egyedi rendel\u00e9sre t\u00f6rt\u00e9n\u0151 v\u00e1szonk\u00e9pek k\u00e9sz\u00edt\u00e9se.\" \/>\n<meta name=\"robots\" content=\"index, follow, max-snippet:-1, max-image-preview:large, max-video-preview:-1\" \/>\n<link rel=\"canonical\" href=\"https:\/\/svetslik.si\/hu\/joan-miro-hu\/maternity\/\" \/>\n<meta property=\"og:locale\" content=\"hu_HU\" \/>\n<meta property=\"og:type\" content=\"article\" \/>\n<meta property=\"og:title\" content=\"Joan Miro - Maternity\" \/>\n<meta property=\"og:description\" content=\"100% ro\u010dno naslikane slike na platnu, reprodukcije znanih slikarjev in umetni\u0161ke slike po naro\u010dilu.\" \/>\n<meta property=\"og:url\" content=\"https:\/\/svetslik.si\/hu\/joan-miro-hu\/maternity\/\" \/>\n<meta property=\"og:site_name\" content=\"SVETSLIK.SI\" \/>\n<meta property=\"article:publisher\" content=\"https:\/\/www.facebook.com\/svetslik.si\" \/>\n<meta property=\"article:modified_time\" content=\"2026-03-22T20:10:54+00:00\" \/>\n<meta property=\"og:image\" content=\"https:\/\/svetslik.si\/wp-content\/uploads\/2021\/08\/image_Maternity_680.jpg\" \/>\n\t<meta property=\"og:image:width\" content=\"791\" \/>\n\t<meta property=\"og:image:height\" content=\"1054\" \/>\n\t<meta property=\"og:image:type\" content=\"image\/jpeg\" \/>\n<meta name=\"twitter:card\" content=\"summary_large_image\" \/>\n<meta name=\"twitter:site\" content=\"@svetslik\" \/>\n<meta name=\"twitter:label1\" content=\"El\u00e9rhet\u0151s\u00e9g\" \/>\n\t<meta name=\"twitter:data1\" content=\"Beszerz\u00e9s alatt\" \/>\n<script type=\"application\/ld+json\" class=\"yoast-schema-graph\">{\"@context\":\"https:\/\/schema.org\",\"@graph\":[{\"@type\":[\"WebPage\",\"ItemPage\"],\"@id\":\"https:\/\/svetslik.si\/hu\/joan-miro-hu\/maternity\/\",\"url\":\"https:\/\/svetslik.si\/hu\/joan-miro-hu\/maternity\/\",\"name\":\"Joan Miro - Maternity - SVETSLIK.SI - 100% k\u00e9zzel festett\",\"isPartOf\":{\"@id\":\"https:\/\/svetslik.si\/hu\/#website\"},\"primaryImageOfPage\":{\"@id\":\"https:\/\/svetslik.si\/hu\/joan-miro-hu\/maternity\/#primaryimage\"},\"image\":{\"@id\":\"https:\/\/svetslik.si\/hu\/joan-miro-hu\/maternity\/#primaryimage\"},\"thumbnailUrl\":\"https:\/\/svetslik.si\/wp-content\/uploads\/2021\/08\/image_Maternity_680.jpg\",\"datePublished\":\"2021-09-02T15:43:38+00:00\",\"dateModified\":\"2026-03-22T20:10:54+00:00\",\"description\":\"Joan Miro - Maternity - 100% k\u00e9zzel festett h\u00edres festm\u00e9nyek reprodukci\u00f3i. Festm\u00e9nyek keretez\u00e9se, elad\u00e1sa \u00e9s egyedi rendel\u00e9sre t\u00f6rt\u00e9n\u0151 v\u00e1szonk\u00e9pek k\u00e9sz\u00edt\u00e9se.\",\"breadcrumb\":{\"@id\":\"https:\/\/svetslik.si\/hu\/joan-miro-hu\/maternity\/#breadcrumb\"},\"inLanguage\":\"hu\",\"potentialAction\":[{\"@type\":\"ReadAction\",\"target\":[\"https:\/\/svetslik.si\/hu\/joan-miro-hu\/maternity\/\"]}]},{\"@type\":\"ImageObject\",\"inLanguage\":\"hu\",\"@id\":\"https:\/\/svetslik.si\/hu\/joan-miro-hu\/maternity\/#primaryimage\",\"url\":\"https:\/\/svetslik.si\/wp-content\/uploads\/2021\/08\/image_Maternity_680.jpg\",\"contentUrl\":\"https:\/\/svetslik.si\/wp-content\/uploads\/2021\/08\/image_Maternity_680.jpg\",\"width\":791,\"height\":1054,\"caption\":\"Joan Miro - Maternity - Anyas\u00e1g - REPRODUKCI\u00d3I - V\u00e1szonk\u00e9p - Festm\u00e9nyek reprodukci\u00f3i - Absztrakt Festm\u00e9ny - Modern Festm\u00e9ny - Realisztikus Festm\u00e9ny - Olajfestm\u00e9ny - Falik\u00e9p\"},{\"@type\":\"BreadcrumbList\",\"@id\":\"https:\/\/svetslik.si\/hu\/joan-miro-hu\/maternity\/#breadcrumb\",\"itemListElement\":[{\"@type\":\"ListItem\",\"position\":1,\"name\":\"Wall art and paintings on canvas\",\"item\":\"https:\/\/svetslik.si\/hu\/\"},{\"@type\":\"ListItem\",\"position\":2,\"name\":\"Festm\u00e9nyek elad\u00e1sa\",\"item\":\"https:\/\/svetslik.si\/prodaja-slik\/\"},{\"@type\":\"ListItem\",\"position\":3,\"name\":\"Joan Miro &#8211; Maternity\"}]},{\"@type\":\"WebSite\",\"@id\":\"https:\/\/svetslik.si\/hu\/#website\",\"url\":\"https:\/\/svetslik.si\/hu\/\",\"name\":\"SVETSLIK.SI\",\"description\":\"100%-ban k\u00e9zzel festett reprodukci\u00f3k h\u00edres fest\u0151k festm\u00e9nyeir\u0151l \u00e9s festm\u00e9nyekr\u0151l v\u00e1szonra.\",\"publisher\":{\"@id\":\"https:\/\/svetslik.si\/hu\/#organization\"},\"potentialAction\":[{\"@type\":\"SearchAction\",\"target\":{\"@type\":\"EntryPoint\",\"urlTemplate\":\"https:\/\/svetslik.si\/hu\/?s={search_term_string}\"},\"query-input\":{\"@type\":\"PropertyValueSpecification\",\"valueRequired\":true,\"valueName\":\"search_term_string\"}}],\"inLanguage\":\"hu\"},{\"@type\":\"Organization\",\"@id\":\"https:\/\/svetslik.si\/hu\/#organization\",\"name\":\"SvetSlik.si\",\"url\":\"https:\/\/svetslik.si\/hu\/\",\"logo\":{\"@type\":\"ImageObject\",\"inLanguage\":\"hu\",\"@id\":\"https:\/\/svetslik.si\/hu\/#\/schema\/logo\/image\/\",\"url\":\"https:\/\/svetslik.si\/wp-content\/uploads\/2020\/12\/logo-512.png\",\"contentUrl\":\"https:\/\/svetslik.si\/wp-content\/uploads\/2020\/12\/logo-512.png\",\"width\":512,\"height\":512,\"caption\":\"SvetSlik.si\"},\"image\":{\"@id\":\"https:\/\/svetslik.si\/hu\/#\/schema\/logo\/image\/\"},\"sameAs\":[\"https:\/\/www.facebook.com\/svetslik.si\",\"https:\/\/x.com\/svetslik\",\"https:\/\/www.instagram.com\/svetslik.si\/\",\"https:\/\/www.linkedin.com\/company\/svetslik-si\"]}]}<\/script>\n<meta property=\"og:availability\" content=\"backorder\" \/>\n<meta property=\"product:availability\" content=\"available for order\" \/>\n<meta property=\"product:retailer_item_id\" content=\"84__\" \/>\n<meta property=\"product:condition\" content=\"new\" \/>\n<!-- \/ Yoast SEO Premium plugin. -->","yoast_head_json":{"title":"Joan Miro - Maternity - SVETSLIK.SI - 100% k\u00e9zzel festett","description":"Joan Miro - Maternity - 100% k\u00e9zzel festett h\u00edres festm\u00e9nyek reprodukci\u00f3i. Festm\u00e9nyek keretez\u00e9se, elad\u00e1sa \u00e9s egyedi rendel\u00e9sre t\u00f6rt\u00e9n\u0151 v\u00e1szonk\u00e9pek k\u00e9sz\u00edt\u00e9se.","robots":{"index":"index","follow":"follow","max-snippet":"max-snippet:-1","max-image-preview":"max-image-preview:large","max-video-preview":"max-video-preview:-1"},"canonical":"https:\/\/svetslik.si\/hu\/joan-miro-hu\/maternity\/","og_locale":"hu_HU","og_type":"article","og_title":"Joan Miro - Maternity","og_description":"100% ro\u010dno naslikane slike na platnu, reprodukcije znanih slikarjev in umetni\u0161ke slike po naro\u010dilu.","og_url":"https:\/\/svetslik.si\/hu\/joan-miro-hu\/maternity\/","og_site_name":"SVETSLIK.SI","article_publisher":"https:\/\/www.facebook.com\/svetslik.si","article_modified_time":"2026-03-22T20:10:54+00:00","og_image":[{"width":791,"height":1054,"url":"https:\/\/svetslik.si\/wp-content\/uploads\/2021\/08\/image_Maternity_680.jpg","type":"image\/jpeg"}],"twitter_card":"summary_large_image","twitter_site":"@svetslik","twitter_misc":{"El\u00e9rhet\u0151s\u00e9g":"Beszerz\u00e9s alatt"},"schema":{"@context":"https:\/\/schema.org","@graph":[{"@type":["WebPage","ItemPage"],"@id":"https:\/\/svetslik.si\/hu\/joan-miro-hu\/maternity\/","url":"https:\/\/svetslik.si\/hu\/joan-miro-hu\/maternity\/","name":"Joan Miro - Maternity - SVETSLIK.SI - 100% k\u00e9zzel festett","isPartOf":{"@id":"https:\/\/svetslik.si\/hu\/#website"},"primaryImageOfPage":{"@id":"https:\/\/svetslik.si\/hu\/joan-miro-hu\/maternity\/#primaryimage"},"image":{"@id":"https:\/\/svetslik.si\/hu\/joan-miro-hu\/maternity\/#primaryimage"},"thumbnailUrl":"https:\/\/svetslik.si\/wp-content\/uploads\/2021\/08\/image_Maternity_680.jpg","datePublished":"2021-09-02T15:43:38+00:00","dateModified":"2026-03-22T20:10:54+00:00","description":"Joan Miro - Maternity - 100% k\u00e9zzel festett h\u00edres festm\u00e9nyek reprodukci\u00f3i. Festm\u00e9nyek keretez\u00e9se, elad\u00e1sa \u00e9s egyedi rendel\u00e9sre t\u00f6rt\u00e9n\u0151 v\u00e1szonk\u00e9pek k\u00e9sz\u00edt\u00e9se.","breadcrumb":{"@id":"https:\/\/svetslik.si\/hu\/joan-miro-hu\/maternity\/#breadcrumb"},"inLanguage":"hu","potentialAction":[{"@type":"ReadAction","target":["https:\/\/svetslik.si\/hu\/joan-miro-hu\/maternity\/"]}]},{"@type":"ImageObject","inLanguage":"hu","@id":"https:\/\/svetslik.si\/hu\/joan-miro-hu\/maternity\/#primaryimage","url":"https:\/\/svetslik.si\/wp-content\/uploads\/2021\/08\/image_Maternity_680.jpg","contentUrl":"https:\/\/svetslik.si\/wp-content\/uploads\/2021\/08\/image_Maternity_680.jpg","width":791,"height":1054,"caption":"Joan Miro - Maternity - Anyas\u00e1g - REPRODUKCI\u00d3I - V\u00e1szonk\u00e9p - Festm\u00e9nyek reprodukci\u00f3i - Absztrakt Festm\u00e9ny - Modern Festm\u00e9ny - Realisztikus Festm\u00e9ny - Olajfestm\u00e9ny - Falik\u00e9p"},{"@type":"BreadcrumbList","@id":"https:\/\/svetslik.si\/hu\/joan-miro-hu\/maternity\/#breadcrumb","itemListElement":[{"@type":"ListItem","position":1,"name":"Wall art and paintings on canvas","item":"https:\/\/svetslik.si\/hu\/"},{"@type":"ListItem","position":2,"name":"Festm\u00e9nyek elad\u00e1sa","item":"https:\/\/svetslik.si\/prodaja-slik\/"},{"@type":"ListItem","position":3,"name":"Joan Miro &#8211; Maternity"}]},{"@type":"WebSite","@id":"https:\/\/svetslik.si\/hu\/#website","url":"https:\/\/svetslik.si\/hu\/","name":"SVETSLIK.SI","description":"100%-ban k\u00e9zzel festett reprodukci\u00f3k h\u00edres fest\u0151k festm\u00e9nyeir\u0151l \u00e9s festm\u00e9nyekr\u0151l v\u00e1szonra.","publisher":{"@id":"https:\/\/svetslik.si\/hu\/#organization"},"potentialAction":[{"@type":"SearchAction","target":{"@type":"EntryPoint","urlTemplate":"https:\/\/svetslik.si\/hu\/?s={search_term_string}"},"query-input":{"@type":"PropertyValueSpecification","valueRequired":true,"valueName":"search_term_string"}}],"inLanguage":"hu"},{"@type":"Organization","@id":"https:\/\/svetslik.si\/hu\/#organization","name":"SvetSlik.si","url":"https:\/\/svetslik.si\/hu\/","logo":{"@type":"ImageObject","inLanguage":"hu","@id":"https:\/\/svetslik.si\/hu\/#\/schema\/logo\/image\/","url":"https:\/\/svetslik.si\/wp-content\/uploads\/2020\/12\/logo-512.png","contentUrl":"https:\/\/svetslik.si\/wp-content\/uploads\/2020\/12\/logo-512.png","width":512,"height":512,"caption":"SvetSlik.si"},"image":{"@id":"https:\/\/svetslik.si\/hu\/#\/schema\/logo\/image\/"},"sameAs":["https:\/\/www.facebook.com\/svetslik.si","https:\/\/x.com\/svetslik","https:\/\/www.instagram.com\/svetslik.si\/","https:\/\/www.linkedin.com\/company\/svetslik-si"]}]},"og_availability":"backorder","product_availability":"available for order","product_retailer_item_id":"84__","product_condition":"new"},"jetpack_sharing_enabled":true,"_links":{"self":[{"href":"https:\/\/svetslik.si\/hu\/wp-json\/wp\/v2\/product\/52402","targetHints":{"allow":["GET"]}}],"collection":[{"href":"https:\/\/svetslik.si\/hu\/wp-json\/wp\/v2\/product"}],"about":[{"href":"https:\/\/svetslik.si\/hu\/wp-json\/wp\/v2\/types\/product"}],"wp:featuredmedia":[{"embeddable":true,"href":"https:\/\/svetslik.si\/hu\/wp-json\/wp\/v2\/media\/49741"}],"wp:attachment":[{"href":"https:\/\/svetslik.si\/hu\/wp-json\/wp\/v2\/media?parent=52402"}],"wp:term":[{"taxonomy":"product_brand","embeddable":true,"href":"https:\/\/svetslik.si\/hu\/wp-json\/wp\/v2\/product_brand?post=52402"},{"taxonomy":"product_cat","embeddable":true,"href":"https:\/\/svetslik.si\/hu\/wp-json\/wp\/v2\/product_cat?post=52402"},{"taxonomy":"product_tag","embeddable":true,"href":"https:\/\/svetslik.si\/hu\/wp-json\/wp\/v2\/product_tag?post=52402"}],"curies":[{"name":"wp","href":"https:\/\/api.w.org\/{rel}","templated":true}]}}