{"id":52492,"date":"2021-09-02T17:44:04","date_gmt":"2021-09-02T15:44:04","guid":{"rendered":"https:\/\/svetslik.si\/nem-kategorizalt\/yellow-red-blue\/"},"modified":"2026-03-22T21:13:04","modified_gmt":"2026-03-22T20:13:04","slug":"yellow-red-blue","status":"publish","type":"product","link":"https:\/\/svetslik.si\/hu\/vasilij-kandinski-hu\/yellow-red-blue\/","title":{"rendered":"Vasilij Kandinski &#8211; Yellow Red Blue"},"content":{"rendered":"<div class=\"wpb-content-wrapper\">[vc_row][vc_column][vc_column_text css=&#8221;&#8221;]\n<p data-pm-slice=\"1 1 []\"><div class=\"yt-lazy-video ratio-square\" data-id=\"7S4O6PDvsE0\"><\/div>\n[\/vc_column][\/vc_row][vc_row css=&#8221;.vc_custom_1705662340566{margin-bottom: 10px !important;}&#8221;][vc_column]\t<div class=\"et-image-825 et-image     et_image_link\">\n\t\t<div class=\"et-image-inner \">\n\t\t\t\t\t\t\t<div class=\"et-image-thumb \">\n\t\t\t\t\t<img decoding=\"async\" width=\"1000\" height=\"647\" src=\"https:\/\/svetslik.si\/wp-content\/uploads\/2021\/09\/Vasilij-Kandinski-\u2013-Yellow-Red-Blue-reprodukcije-slik-5.jpg\" class=\"attachment-full\" alt=\"Vasilij Kandinski - Yellow Red Blue\" title=\"Vasilij Kandinski - Yellow Red Blue\" srcset=\"https:\/\/svetslik.si\/wp-content\/uploads\/2021\/09\/Vasilij-Kandinski-\u2013-Yellow-Red-Blue-reprodukcije-slik-5.jpg 1000w, https:\/\/svetslik.si\/wp-content\/uploads\/2021\/09\/Vasilij-Kandinski-\u2013-Yellow-Red-Blue-reprodukcije-slik-5-600x388.jpg 600w, https:\/\/svetslik.si\/wp-content\/uploads\/2021\/09\/Vasilij-Kandinski-\u2013-Yellow-Red-Blue-reprodukcije-slik-5-300x194.jpg 300w, https:\/\/svetslik.si\/wp-content\/uploads\/2021\/09\/Vasilij-Kandinski-\u2013-Yellow-Red-Blue-reprodukcije-slik-5-768x497.jpg 768w, https:\/\/svetslik.si\/wp-content\/uploads\/2021\/09\/Vasilij-Kandinski-\u2013-Yellow-Red-Blue-reprodukcije-slik-5-150x97.jpg 150w, https:\/\/svetslik.si\/wp-content\/uploads\/2021\/09\/Vasilij-Kandinski-\u2013-Yellow-Red-Blue-reprodukcije-slik-5-900x582.jpg 900w\" sizes=\"(max-width: 1000px) 100vw, 1000px\" \/>\t\t\t\t<\/div>\n\t\t\t\t\t\t\t\t\t\t\t<\/div>\n\t<\/div>\n  [\/vc_column][\/vc_row][vc_row css=&#8221;.vc_custom_1705662340566{margin-bottom: 10px !important;}&#8221;][vc_column]\t<div class=\"et-image-696 et-image     et_image_link\">\n\t\t<div class=\"et-image-inner \">\n\t\t\t\t\t\t\t<div class=\"et-image-thumb \">\n\t\t\t\t\t<img decoding=\"async\" width=\"1000\" height=\"1246\" src=\"https:\/\/svetslik.si\/wp-content\/uploads\/2021\/09\/Vasilij-Kandinski-\u2013-Yellow-Red-Blue-reprodukcije-slik-4.jpg\" class=\"attachment-full\" alt=\"Vasilij Kandinski - Yellow Red Blue\" title=\"Vasilij Kandinski - Yellow Red Blue\" srcset=\"https:\/\/svetslik.si\/wp-content\/uploads\/2021\/09\/Vasilij-Kandinski-\u2013-Yellow-Red-Blue-reprodukcije-slik-4.jpg 1000w, https:\/\/svetslik.si\/wp-content\/uploads\/2021\/09\/Vasilij-Kandinski-\u2013-Yellow-Red-Blue-reprodukcije-slik-4-600x748.jpg 600w, https:\/\/svetslik.si\/wp-content\/uploads\/2021\/09\/Vasilij-Kandinski-\u2013-Yellow-Red-Blue-reprodukcije-slik-4-241x300.jpg 241w, https:\/\/svetslik.si\/wp-content\/uploads\/2021\/09\/Vasilij-Kandinski-\u2013-Yellow-Red-Blue-reprodukcije-slik-4-822x1024.jpg 822w, https:\/\/svetslik.si\/wp-content\/uploads\/2021\/09\/Vasilij-Kandinski-\u2013-Yellow-Red-Blue-reprodukcije-slik-4-768x957.jpg 768w, https:\/\/svetslik.si\/wp-content\/uploads\/2021\/09\/Vasilij-Kandinski-\u2013-Yellow-Red-Blue-reprodukcije-slik-4-120x150.jpg 120w, https:\/\/svetslik.si\/wp-content\/uploads\/2021\/09\/Vasilij-Kandinski-\u2013-Yellow-Red-Blue-reprodukcije-slik-4-900x1121.jpg 900w\" sizes=\"(max-width: 1000px) 100vw, 1000px\" \/>\t\t\t\t<\/div>\n\t\t\t\t\t\t\t\t\t\t\t<\/div>\n\t<\/div>\n  [\/vc_column][\/vc_row][vc_row css=&#8221;.vc_custom_1705662340566{margin-bottom: 10px !important;}&#8221;][vc_column]\t<div class=\"et-image-182 et-image     et_image_link\">\n\t\t<div class=\"et-image-inner \">\n\t\t\t\t\t\t\t<div class=\"et-image-thumb \">\n\t\t\t\t\t<img decoding=\"async\" width=\"1000\" height=\"984\" src=\"https:\/\/svetslik.si\/wp-content\/uploads\/2021\/09\/Vasilij-Kandinski-\u2013-Yellow-Red-Blue-reprodukcije-slik-3.jpg\" class=\"attachment-full\" alt=\"Vasilij Kandinski - Yellow Red Blue\" title=\"Vasilij Kandinski - Yellow Red Blue\" srcset=\"https:\/\/svetslik.si\/wp-content\/uploads\/2021\/09\/Vasilij-Kandinski-\u2013-Yellow-Red-Blue-reprodukcije-slik-3.jpg 1000w, https:\/\/svetslik.si\/wp-content\/uploads\/2021\/09\/Vasilij-Kandinski-\u2013-Yellow-Red-Blue-reprodukcije-slik-3-600x590.jpg 600w, https:\/\/svetslik.si\/wp-content\/uploads\/2021\/09\/Vasilij-Kandinski-\u2013-Yellow-Red-Blue-reprodukcije-slik-3-300x295.jpg 300w, https:\/\/svetslik.si\/wp-content\/uploads\/2021\/09\/Vasilij-Kandinski-\u2013-Yellow-Red-Blue-reprodukcije-slik-3-768x756.jpg 768w, https:\/\/svetslik.si\/wp-content\/uploads\/2021\/09\/Vasilij-Kandinski-\u2013-Yellow-Red-Blue-reprodukcije-slik-3-150x148.jpg 150w, https:\/\/svetslik.si\/wp-content\/uploads\/2021\/09\/Vasilij-Kandinski-\u2013-Yellow-Red-Blue-reprodukcije-slik-3-900x886.jpg 900w\" sizes=\"(max-width: 1000px) 100vw, 1000px\" \/>\t\t\t\t<\/div>\n\t\t\t\t\t\t\t\t\t\t\t<\/div>\n\t<\/div>\n  [\/vc_column][\/vc_row][vc_row css=&#8221;.vc_custom_1705662340566{margin-bottom: 10px !important;}&#8221;][vc_column]\t<div class=\"et-image-842 et-image     et_image_link\">\n\t\t<div class=\"et-image-inner \">\n\t\t\t\t\t\t\t<div class=\"et-image-thumb \">\n\t\t\t\t\t<img decoding=\"async\" width=\"1000\" height=\"622\" src=\"https:\/\/svetslik.si\/wp-content\/uploads\/2021\/09\/Vasilij-Kandinski-\u2013-Yellow-Red-Blue-reprodukcije-slik-2.jpg\" class=\"attachment-full\" alt=\"Vasilij Kandinski - Yellow Red Blue\" title=\"Vasilij Kandinski - Yellow Red Blue\" srcset=\"https:\/\/svetslik.si\/wp-content\/uploads\/2021\/09\/Vasilij-Kandinski-\u2013-Yellow-Red-Blue-reprodukcije-slik-2.jpg 1000w, https:\/\/svetslik.si\/wp-content\/uploads\/2021\/09\/Vasilij-Kandinski-\u2013-Yellow-Red-Blue-reprodukcije-slik-2-600x373.jpg 600w, https:\/\/svetslik.si\/wp-content\/uploads\/2021\/09\/Vasilij-Kandinski-\u2013-Yellow-Red-Blue-reprodukcije-slik-2-300x187.jpg 300w, https:\/\/svetslik.si\/wp-content\/uploads\/2021\/09\/Vasilij-Kandinski-\u2013-Yellow-Red-Blue-reprodukcije-slik-2-768x478.jpg 768w, https:\/\/svetslik.si\/wp-content\/uploads\/2021\/09\/Vasilij-Kandinski-\u2013-Yellow-Red-Blue-reprodukcije-slik-2-150x93.jpg 150w, https:\/\/svetslik.si\/wp-content\/uploads\/2021\/09\/Vasilij-Kandinski-\u2013-Yellow-Red-Blue-reprodukcije-slik-2-900x560.jpg 900w\" sizes=\"(max-width: 1000px) 100vw, 1000px\" \/>\t\t\t\t<\/div>\n\t\t\t\t\t\t\t\t\t\t\t<\/div>\n\t<\/div>\n  [\/vc_column][\/vc_row][vc_row css=&#8221;.vc_custom_1705662340566{margin-bottom: 10px !important;}&#8221;][vc_column]\t<div class=\"et-image-154 et-image     et_image_link\">\n\t\t<div class=\"et-image-inner \">\n\t\t\t\t\t\t\t<div class=\"et-image-thumb \">\n\t\t\t\t\t<img decoding=\"async\" width=\"1000\" height=\"563\" src=\"https:\/\/svetslik.si\/wp-content\/uploads\/2021\/09\/Vasilij-Kandinski-\u2013-Yellow-Red-Blue-reprodukcije-slik.jpg\" class=\"attachment-full\" alt=\"Vasilij Kandinski - Yellow Red Blue\" title=\"Vasilij Kandinski - Yellow Red Blue\" srcset=\"https:\/\/svetslik.si\/wp-content\/uploads\/2021\/09\/Vasilij-Kandinski-\u2013-Yellow-Red-Blue-reprodukcije-slik.jpg 1000w, https:\/\/svetslik.si\/wp-content\/uploads\/2021\/09\/Vasilij-Kandinski-\u2013-Yellow-Red-Blue-reprodukcije-slik-600x338.jpg 600w, https:\/\/svetslik.si\/wp-content\/uploads\/2021\/09\/Vasilij-Kandinski-\u2013-Yellow-Red-Blue-reprodukcije-slik-300x169.jpg 300w, https:\/\/svetslik.si\/wp-content\/uploads\/2021\/09\/Vasilij-Kandinski-\u2013-Yellow-Red-Blue-reprodukcije-slik-768x432.jpg 768w, https:\/\/svetslik.si\/wp-content\/uploads\/2021\/09\/Vasilij-Kandinski-\u2013-Yellow-Red-Blue-reprodukcije-slik-150x84.jpg 150w, https:\/\/svetslik.si\/wp-content\/uploads\/2021\/09\/Vasilij-Kandinski-\u2013-Yellow-Red-Blue-reprodukcije-slik-900x507.jpg 900w\" sizes=\"(max-width: 1000px) 100vw, 1000px\" \/>\t\t\t\t<\/div>\n\t\t\t\t\t\t\t\t\t\t\t<\/div>\n\t<\/div>\n  [\/vc_column][\/vc_row][vc_row][vc_column][vc_column_text]\n<h1>Wassily Kandinsky \u2013 S\u00e1rga V\u00f6r\u00f6s K\u00e9k<\/h1>\n<table border=\"0\" width=\"673\" cellpadding=\"0\">\n<colgroup>\n<col style=\"width: 135pt;\" width=\"180\" \/>\n<col style=\"width: 370pt;\" width=\"493\" \/> <\/colgroup>\n<tbody>\n<tr style=\"height: 15.75pt;\">\n<td class=\"xl24\" style=\"height: 15.75pt; width: 135pt;\" width=\"180\" height=\"21\">L\u00e9trehoz\u00e1s \u00e9ve:<\/td>\n<td class=\"xl25\" style=\"width: 370pt;\" width=\"493\">1925<\/td>\n<\/tr>\n<tr style=\"height: 15.75pt;\">\n<td class=\"xl24\" style=\"height: 15.75pt; width: 135pt;\" width=\"180\" height=\"21\">Eredeti m\u00e9ret:<\/td>\n<td class=\"xl24\" style=\"width: 370pt;\" width=\"493\">200 cm x 127 cm<\/td>\n<\/tr>\n<tr style=\"height: 15.75pt;\">\n<td class=\"xl24\" style=\"height: 15.75pt; width: 135pt;\" width=\"180\" height=\"21\">Fest\u00e9si st\u00edlus:<\/td>\n<td class=\"xl24\" style=\"width: 370pt;\" width=\"493\">Absztrakt m\u0171v\u00e9szet<\/td>\n<\/tr>\n<tr style=\"height: 15.75pt;\">\n<td class=\"xl24\" style=\"height: 15.75pt; width: 135pt;\" width=\"180\" height=\"21\">Eredeti technika:<\/td>\n<td>Olaj, v\u00e1szon<\/td>\n<\/tr>\n<tr style=\"height: 15.75pt;\">\n<td class=\"xl24\" style=\"height: 15.75pt; width: 135pt;\" width=\"180\" height=\"21\">Helysz\u00edn:<\/td>\n<td>P\u00e1rizsi Modern M\u0171v\u00e9szetek M\u00fazeuma<\/td>\n<\/tr>\n<\/tbody>\n<\/table>\n<p>&nbsp;<\/p>\n<p>Egyik legh\u00edresebb alkot\u00e1sa a &#8220;Yellow-Red-Blue&#8221;, m\u00e1s n\u00e9ven &#8220;Composition VII&#8221;.<\/p>\n<p>A &#8220;s\u00e1rga-piros-k\u00e9k&#8221; absztrakt form\u00e1k \u00e9s form\u00e1k \u00f6sszetett kompoz\u00edci\u00f3j\u00e1val rendelkez\u0151 festm\u00e9ny. A festm\u00e9nyt mer\u00e9sz sz\u00ednhaszn\u00e1lat jellemzi, a s\u00e1rga, piros \u00e9s k\u00e9k domin\u00e1l. A form\u00e1k \u00e9s form\u00e1k dinamikus \u00e9s foly\u00f3 kompoz\u00edci\u00f3ba rendez\u0151dnek, mozg\u00e1s- \u00e9s energia\u00e9rzetet keltve. A festm\u00e9nyt Kandinszkij egyik legambici\u00f3zusabb \u00e9s leg\u00f6sszetettebb alkot\u00e1s\u00e1nak tartj\u00e1k, \u00e9s kiv\u00e1l\u00f3 p\u00e9ld\u00e1ja \u00e9rett absztrakt st\u00edlus\u00e1nak.<\/p>\n<p>Kandinsky m\u0171vei arr\u00f3l ismertek, hogy sz\u00edneket \u00e9s form\u00e1kat haszn\u00e1lnak \u00e9rzelmek \u00e9s \u00e9rz\u00e9sek kiv\u00e1lt\u00e1s\u00e1ra. Ez al\u00f3l a &#8220;S\u00e1rga-piros-k\u00e9k&#8221; k\u00e9p sem kiv\u00e9tel, hiszen a mer\u00e9sz sz\u00ednhaszn\u00e1lat \u00e9s a dinamikus kompoz\u00edci\u00f3 mozg\u00e1s- \u00e9s energia\u00e9rzetet kelt a k\u00e9pen. Kandinsky \u00e9rett absztrakt st\u00edlus\u00e1nak kiv\u00e1l\u00f3 p\u00e9ld\u00e1ja.<\/p>\n<p>A &#8220;S\u00e1rga-piros-k\u00e9k&#8221; festm\u00e9ny 1913-ban k\u00e9sz\u00fclt, jelenleg az oroszorsz\u00e1gi Szentp\u00e9terv\u00e1ri Ermit\u00e1zs M\u00fazeum gy\u0171jtem\u00e9ny\u00e9ben tal\u00e1lhat\u00f3. M\u00e9g mindig \u00fcnneplik \u00e9s csod\u00e1lj\u00e1k a m\u0171v\u00e9szet szerelmesei \u00e9s kritikusai, \u00e9s Kandinszkij p\u00e1lyafut\u00e1s\u00e1nak egyik legfontosabb alkot\u00e1sak\u00e9nt tartj\u00e1k sz\u00e1mon.<\/p>\n<p>V\u00e9g\u00fcl mondjuk el, hogy a &#8220;S\u00e1rga-piros-k\u00e9k&#8221; Wassily Kandinsky festm\u00e9nye, egy orosz fest\u0151 \u00e9s m\u0171v\u00e9szetteoretikus, akit az absztrakt m\u0171v\u00e9szet egyik \u00fatt\u00f6r\u0151jek\u00e9nt tartanak sz\u00e1mon. Ez az egyik legh\u00edresebb munk\u00e1ja, amely mer\u00e9sz sz\u00ednhaszn\u00e1lat\u00e1r\u00f3l, dinamikus kompoz\u00edci\u00f3j\u00e1r\u00f3l, valamint \u00e9rzelmek \u00e9s \u00e9rz\u00e9sek sz\u00edn- \u00e9s formahaszn\u00e1lat\u00e1val val\u00f3 felid\u00e9z\u00e9s\u00e9nek k\u00e9pess\u00e9g\u00e9r\u0151l ismert. M\u00e1ig \u00fcnneplik \u00e9s csod\u00e1lj\u00e1k a m\u0171v\u00e9szet szerelmesei \u00e9s kritikusai egyar\u00e1nt, \u00e9s Kandinszkij p\u00e1lyafut\u00e1s\u00e1nak egyik legfontosabb alkot\u00e1sak\u00e9nt tartj\u00e1k sz\u00e1mon.[\/vc_column_text][\/vc_column][\/vc_row]\n<\/div>","protected":false},"excerpt":{"rendered":"<p>[vc_row][vc_column][vc_column_text css=&#8221;&#8221;] [\/vc_column][\/vc_row][vc_row css=&#8221;.vc_custom_1705662340566{margin-bottom: 10px !important;}&#8221;][vc_column][\/vc_column][\/vc_row][vc_row css=&#8221;.vc_custom_1705662340566{margin-bottom: 10px !important;}&#8221;][vc_column][\/vc_column][\/vc_row][vc_row css=&#8221;.vc_custom_1705662340566{margin-bottom: 10px !important;}&#8221;][vc_column][\/vc_column][\/vc_row][vc_row css=&#8221;.vc_custom_1705662340566{margin-bottom: 10px !important;}&#8221;][vc_column][\/vc_column][\/vc_row][vc_row css=&#8221;.vc_custom_1705662340566{margin-bottom: 10px !important;}&#8221;][vc_column][\/vc_column][\/vc_row][vc_row][vc_column][vc_column_text] Wassily Kandinsky \u2013 S\u00e1rga V\u00f6r\u00f6s K\u00e9k L\u00e9trehoz\u00e1s \u00e9ve: 1925 Eredeti m\u00e9ret: 200 cm x 127 cm Fest\u00e9si st\u00edlus: Absztrakt m\u0171v\u00e9szet Eredeti technika: Olaj, v\u00e1szon Helysz\u00edn: P\u00e1rizsi Modern M\u0171v\u00e9szetek M\u00fazeuma &nbsp; Egyik legh\u00edresebb [&hellip;]<\/p>\n","protected":false},"featured_media":50263,"template":"","meta":{"_acf_changed":false},"product_brand":[],"product_cat":[7149],"product_tag":[7172,7173,11885,11886,11887],"class_list":{"0":"post-52492","1":"product","2":"type-product","3":"status-publish","4":"has-post-thumbnail","6":"product_cat-vasilij-kandinski-hu","7":"product_tag-kandinski-hu","8":"product_tag-kandinsky-hu","9":"product_tag-painter-hu","10":"product_tag-reproduction","11":"product_tag-reproductions-hu","12":"pa_dimenzija-120-x-80-cm-hu","13":"pa_dimenzija-140-x-80-cm-hu","14":"pa_dimenzija-200-x-127-cm-hu","15":"pa_dimenzija-40-x-30-cm-hu","16":"pa_dimenzija-50-x-30-cm-hu","17":"pa_dimenzija-60-x-40-cm-hu","18":"pa_dimenzija-70-x-40-cm-hu","19":"pa_dimenzija-80-x-50-cm-hu","20":"pa_dimenzija-90-x-60-cm-hu","21":"pa_oblika-vizszintes","22":"pa_okvir-nincs-keret","23":"pa_podokvir-igen","24":"pa_podokvir-nem","26":"first","27":"instock","28":"purchasable","29":"product-type-variable","30":"has-default-attributes"},"acf":[],"yoast_head":"<!-- This site is optimized with the Yoast SEO Premium plugin v26.0 (Yoast SEO v27.2) - https:\/\/yoast.com\/product\/yoast-seo-premium-wordpress\/ -->\n<title>Vasilij Kandinski - Yellow Red Blue - SVETSLIK.SI - 100% k\u00e9zzel festett<\/title>\n<meta name=\"description\" content=\"Vasilij Kandinski - Yellow Red Blue - 100% k\u00e9zzel festett h\u00edres festm\u00e9nyek reprodukci\u00f3i. Festm\u00e9nyek keretez\u00e9se, elad\u00e1sa \u00e9s egyedi rendel\u00e9sre t\u00f6rt\u00e9n\u0151 v\u00e1szonk\u00e9pek k\u00e9sz\u00edt\u00e9se.\" \/>\n<meta name=\"robots\" content=\"index, follow, max-snippet:-1, max-image-preview:large, max-video-preview:-1\" \/>\n<link rel=\"canonical\" href=\"https:\/\/svetslik.si\/hu\/vasilij-kandinski-hu\/yellow-red-blue\/\" \/>\n<meta property=\"og:locale\" content=\"hu_HU\" \/>\n<meta property=\"og:type\" content=\"article\" \/>\n<meta property=\"og:title\" content=\"Vasilij Kandinski - Yellow Red Blue\" \/>\n<meta property=\"og:description\" content=\"100% ro\u010dno naslikane slike na platnu, reprodukcije znanih slikarjev in umetni\u0161ke slike po naro\u010dilu.\" \/>\n<meta property=\"og:url\" content=\"https:\/\/svetslik.si\/hu\/vasilij-kandinski-hu\/yellow-red-blue\/\" \/>\n<meta property=\"og:site_name\" content=\"SVETSLIK.SI\" \/>\n<meta property=\"article:publisher\" content=\"https:\/\/www.facebook.com\/svetslik.si\" \/>\n<meta property=\"article:modified_time\" content=\"2026-03-22T20:13:04+00:00\" \/>\n<meta property=\"og:image\" content=\"https:\/\/svetslik.si\/wp-content\/uploads\/2021\/08\/image_umetniska-slika-Vasilij-Kandinski-Yellow-Red-Blue_680-scaled.jpg\" \/>\n\t<meta property=\"og:image:width\" content=\"2560\" \/>\n\t<meta property=\"og:image:height\" content=\"1594\" \/>\n\t<meta property=\"og:image:type\" content=\"image\/jpeg\" \/>\n<meta name=\"twitter:card\" content=\"summary_large_image\" \/>\n<meta name=\"twitter:site\" content=\"@svetslik\" \/>\n<meta name=\"twitter:label1\" content=\"El\u00e9rhet\u0151s\u00e9g\" \/>\n\t<meta name=\"twitter:data1\" content=\"K\u00e9szleten\" \/>\n<script type=\"application\/ld+json\" class=\"yoast-schema-graph\">{\"@context\":\"https:\/\/schema.org\",\"@graph\":[{\"@type\":[\"WebPage\",\"ItemPage\"],\"@id\":\"https:\/\/svetslik.si\/hu\/vasilij-kandinski-hu\/yellow-red-blue\/\",\"url\":\"https:\/\/svetslik.si\/hu\/vasilij-kandinski-hu\/yellow-red-blue\/\",\"name\":\"Vasilij Kandinski - Yellow Red Blue - SVETSLIK.SI - 100% k\u00e9zzel festett\",\"isPartOf\":{\"@id\":\"https:\/\/svetslik.si\/hu\/#website\"},\"primaryImageOfPage\":{\"@id\":\"https:\/\/svetslik.si\/hu\/vasilij-kandinski-hu\/yellow-red-blue\/#primaryimage\"},\"image\":{\"@id\":\"https:\/\/svetslik.si\/hu\/vasilij-kandinski-hu\/yellow-red-blue\/#primaryimage\"},\"thumbnailUrl\":\"https:\/\/svetslik.si\/wp-content\/uploads\/2021\/08\/image_umetniska-slika-Vasilij-Kandinski-Yellow-Red-Blue_680-scaled.jpg\",\"datePublished\":\"2021-09-02T15:44:04+00:00\",\"dateModified\":\"2026-03-22T20:13:04+00:00\",\"description\":\"Vasilij Kandinski - Yellow Red Blue - 100% k\u00e9zzel festett h\u00edres festm\u00e9nyek reprodukci\u00f3i. Festm\u00e9nyek keretez\u00e9se, elad\u00e1sa \u00e9s egyedi rendel\u00e9sre t\u00f6rt\u00e9n\u0151 v\u00e1szonk\u00e9pek k\u00e9sz\u00edt\u00e9se.\",\"breadcrumb\":{\"@id\":\"https:\/\/svetslik.si\/hu\/vasilij-kandinski-hu\/yellow-red-blue\/#breadcrumb\"},\"inLanguage\":\"hu\",\"potentialAction\":[{\"@type\":\"ReadAction\",\"target\":[\"https:\/\/svetslik.si\/hu\/vasilij-kandinski-hu\/yellow-red-blue\/\"]}]},{\"@type\":\"ImageObject\",\"inLanguage\":\"hu\",\"@id\":\"https:\/\/svetslik.si\/hu\/vasilij-kandinski-hu\/yellow-red-blue\/#primaryimage\",\"url\":\"https:\/\/svetslik.si\/wp-content\/uploads\/2021\/08\/image_umetniska-slika-Vasilij-Kandinski-Yellow-Red-Blue_680-scaled.jpg\",\"contentUrl\":\"https:\/\/svetslik.si\/wp-content\/uploads\/2021\/08\/image_umetniska-slika-Vasilij-Kandinski-Yellow-Red-Blue_680-scaled.jpg\",\"width\":2560,\"height\":1594,\"caption\":\"Kandinsky - Jaune Rouge Bleu h\u00edres fest\u0151k k\u00e9zzel festett reprodukci\u00f3i, modern falm\u0171v\u00e9szet, falm\u0171v\u00e9szet\"},{\"@type\":\"BreadcrumbList\",\"@id\":\"https:\/\/svetslik.si\/hu\/vasilij-kandinski-hu\/yellow-red-blue\/#breadcrumb\",\"itemListElement\":[{\"@type\":\"ListItem\",\"position\":1,\"name\":\"Wall art and paintings on canvas\",\"item\":\"https:\/\/svetslik.si\/hu\/\"},{\"@type\":\"ListItem\",\"position\":2,\"name\":\"Festm\u00e9nyek elad\u00e1sa\",\"item\":\"https:\/\/svetslik.si\/prodaja-slik\/\"},{\"@type\":\"ListItem\",\"position\":3,\"name\":\"Vasilij Kandinski &#8211; Yellow Red Blue\"}]},{\"@type\":\"WebSite\",\"@id\":\"https:\/\/svetslik.si\/hu\/#website\",\"url\":\"https:\/\/svetslik.si\/hu\/\",\"name\":\"SVETSLIK.SI\",\"description\":\"100%-ban k\u00e9zzel festett reprodukci\u00f3k h\u00edres fest\u0151k festm\u00e9nyeir\u0151l \u00e9s festm\u00e9nyekr\u0151l v\u00e1szonra.\",\"publisher\":{\"@id\":\"https:\/\/svetslik.si\/hu\/#organization\"},\"potentialAction\":[{\"@type\":\"SearchAction\",\"target\":{\"@type\":\"EntryPoint\",\"urlTemplate\":\"https:\/\/svetslik.si\/hu\/?s={search_term_string}\"},\"query-input\":{\"@type\":\"PropertyValueSpecification\",\"valueRequired\":true,\"valueName\":\"search_term_string\"}}],\"inLanguage\":\"hu\"},{\"@type\":\"Organization\",\"@id\":\"https:\/\/svetslik.si\/hu\/#organization\",\"name\":\"SvetSlik.si\",\"url\":\"https:\/\/svetslik.si\/hu\/\",\"logo\":{\"@type\":\"ImageObject\",\"inLanguage\":\"hu\",\"@id\":\"https:\/\/svetslik.si\/hu\/#\/schema\/logo\/image\/\",\"url\":\"https:\/\/svetslik.si\/wp-content\/uploads\/2020\/12\/logo-512.png\",\"contentUrl\":\"https:\/\/svetslik.si\/wp-content\/uploads\/2020\/12\/logo-512.png\",\"width\":512,\"height\":512,\"caption\":\"SvetSlik.si\"},\"image\":{\"@id\":\"https:\/\/svetslik.si\/hu\/#\/schema\/logo\/image\/\"},\"sameAs\":[\"https:\/\/www.facebook.com\/svetslik.si\",\"https:\/\/x.com\/svetslik\",\"https:\/\/www.instagram.com\/svetslik.si\/\",\"https:\/\/www.linkedin.com\/company\/svetslik-si\"]}]}<\/script>\n<meta property=\"og:availability\" content=\"instock\" \/>\n<meta property=\"product:availability\" content=\"instock\" \/>\n<meta property=\"product:retailer_item_id\" content=\"95__\" \/>\n<meta property=\"product:condition\" content=\"new\" \/>\n<!-- \/ Yoast SEO Premium plugin. -->","yoast_head_json":{"title":"Vasilij Kandinski - Yellow Red Blue - SVETSLIK.SI - 100% k\u00e9zzel festett","description":"Vasilij Kandinski - Yellow Red Blue - 100% k\u00e9zzel festett h\u00edres festm\u00e9nyek reprodukci\u00f3i. Festm\u00e9nyek keretez\u00e9se, elad\u00e1sa \u00e9s egyedi rendel\u00e9sre t\u00f6rt\u00e9n\u0151 v\u00e1szonk\u00e9pek k\u00e9sz\u00edt\u00e9se.","robots":{"index":"index","follow":"follow","max-snippet":"max-snippet:-1","max-image-preview":"max-image-preview:large","max-video-preview":"max-video-preview:-1"},"canonical":"https:\/\/svetslik.si\/hu\/vasilij-kandinski-hu\/yellow-red-blue\/","og_locale":"hu_HU","og_type":"article","og_title":"Vasilij Kandinski - Yellow Red Blue","og_description":"100% ro\u010dno naslikane slike na platnu, reprodukcije znanih slikarjev in umetni\u0161ke slike po naro\u010dilu.","og_url":"https:\/\/svetslik.si\/hu\/vasilij-kandinski-hu\/yellow-red-blue\/","og_site_name":"SVETSLIK.SI","article_publisher":"https:\/\/www.facebook.com\/svetslik.si","article_modified_time":"2026-03-22T20:13:04+00:00","og_image":[{"width":2560,"height":1594,"url":"https:\/\/svetslik.si\/wp-content\/uploads\/2021\/08\/image_umetniska-slika-Vasilij-Kandinski-Yellow-Red-Blue_680-scaled.jpg","type":"image\/jpeg"}],"twitter_card":"summary_large_image","twitter_site":"@svetslik","twitter_misc":{"El\u00e9rhet\u0151s\u00e9g":"K\u00e9szleten"},"schema":{"@context":"https:\/\/schema.org","@graph":[{"@type":["WebPage","ItemPage"],"@id":"https:\/\/svetslik.si\/hu\/vasilij-kandinski-hu\/yellow-red-blue\/","url":"https:\/\/svetslik.si\/hu\/vasilij-kandinski-hu\/yellow-red-blue\/","name":"Vasilij Kandinski - Yellow Red Blue - SVETSLIK.SI - 100% k\u00e9zzel festett","isPartOf":{"@id":"https:\/\/svetslik.si\/hu\/#website"},"primaryImageOfPage":{"@id":"https:\/\/svetslik.si\/hu\/vasilij-kandinski-hu\/yellow-red-blue\/#primaryimage"},"image":{"@id":"https:\/\/svetslik.si\/hu\/vasilij-kandinski-hu\/yellow-red-blue\/#primaryimage"},"thumbnailUrl":"https:\/\/svetslik.si\/wp-content\/uploads\/2021\/08\/image_umetniska-slika-Vasilij-Kandinski-Yellow-Red-Blue_680-scaled.jpg","datePublished":"2021-09-02T15:44:04+00:00","dateModified":"2026-03-22T20:13:04+00:00","description":"Vasilij Kandinski - Yellow Red Blue - 100% k\u00e9zzel festett h\u00edres festm\u00e9nyek reprodukci\u00f3i. Festm\u00e9nyek keretez\u00e9se, elad\u00e1sa \u00e9s egyedi rendel\u00e9sre t\u00f6rt\u00e9n\u0151 v\u00e1szonk\u00e9pek k\u00e9sz\u00edt\u00e9se.","breadcrumb":{"@id":"https:\/\/svetslik.si\/hu\/vasilij-kandinski-hu\/yellow-red-blue\/#breadcrumb"},"inLanguage":"hu","potentialAction":[{"@type":"ReadAction","target":["https:\/\/svetslik.si\/hu\/vasilij-kandinski-hu\/yellow-red-blue\/"]}]},{"@type":"ImageObject","inLanguage":"hu","@id":"https:\/\/svetslik.si\/hu\/vasilij-kandinski-hu\/yellow-red-blue\/#primaryimage","url":"https:\/\/svetslik.si\/wp-content\/uploads\/2021\/08\/image_umetniska-slika-Vasilij-Kandinski-Yellow-Red-Blue_680-scaled.jpg","contentUrl":"https:\/\/svetslik.si\/wp-content\/uploads\/2021\/08\/image_umetniska-slika-Vasilij-Kandinski-Yellow-Red-Blue_680-scaled.jpg","width":2560,"height":1594,"caption":"Kandinsky - Jaune Rouge Bleu h\u00edres fest\u0151k k\u00e9zzel festett reprodukci\u00f3i, modern falm\u0171v\u00e9szet, falm\u0171v\u00e9szet"},{"@type":"BreadcrumbList","@id":"https:\/\/svetslik.si\/hu\/vasilij-kandinski-hu\/yellow-red-blue\/#breadcrumb","itemListElement":[{"@type":"ListItem","position":1,"name":"Wall art and paintings on canvas","item":"https:\/\/svetslik.si\/hu\/"},{"@type":"ListItem","position":2,"name":"Festm\u00e9nyek elad\u00e1sa","item":"https:\/\/svetslik.si\/prodaja-slik\/"},{"@type":"ListItem","position":3,"name":"Vasilij Kandinski &#8211; Yellow Red Blue"}]},{"@type":"WebSite","@id":"https:\/\/svetslik.si\/hu\/#website","url":"https:\/\/svetslik.si\/hu\/","name":"SVETSLIK.SI","description":"100%-ban k\u00e9zzel festett reprodukci\u00f3k h\u00edres fest\u0151k festm\u00e9nyeir\u0151l \u00e9s festm\u00e9nyekr\u0151l v\u00e1szonra.","publisher":{"@id":"https:\/\/svetslik.si\/hu\/#organization"},"potentialAction":[{"@type":"SearchAction","target":{"@type":"EntryPoint","urlTemplate":"https:\/\/svetslik.si\/hu\/?s={search_term_string}"},"query-input":{"@type":"PropertyValueSpecification","valueRequired":true,"valueName":"search_term_string"}}],"inLanguage":"hu"},{"@type":"Organization","@id":"https:\/\/svetslik.si\/hu\/#organization","name":"SvetSlik.si","url":"https:\/\/svetslik.si\/hu\/","logo":{"@type":"ImageObject","inLanguage":"hu","@id":"https:\/\/svetslik.si\/hu\/#\/schema\/logo\/image\/","url":"https:\/\/svetslik.si\/wp-content\/uploads\/2020\/12\/logo-512.png","contentUrl":"https:\/\/svetslik.si\/wp-content\/uploads\/2020\/12\/logo-512.png","width":512,"height":512,"caption":"SvetSlik.si"},"image":{"@id":"https:\/\/svetslik.si\/hu\/#\/schema\/logo\/image\/"},"sameAs":["https:\/\/www.facebook.com\/svetslik.si","https:\/\/x.com\/svetslik","https:\/\/www.instagram.com\/svetslik.si\/","https:\/\/www.linkedin.com\/company\/svetslik-si"]}]},"og_availability":"instock","product_availability":"instock","product_retailer_item_id":"95__","product_condition":"new"},"jetpack_sharing_enabled":true,"_links":{"self":[{"href":"https:\/\/svetslik.si\/hu\/wp-json\/wp\/v2\/product\/52492","targetHints":{"allow":["GET"]}}],"collection":[{"href":"https:\/\/svetslik.si\/hu\/wp-json\/wp\/v2\/product"}],"about":[{"href":"https:\/\/svetslik.si\/hu\/wp-json\/wp\/v2\/types\/product"}],"wp:featuredmedia":[{"embeddable":true,"href":"https:\/\/svetslik.si\/hu\/wp-json\/wp\/v2\/media\/50263"}],"wp:attachment":[{"href":"https:\/\/svetslik.si\/hu\/wp-json\/wp\/v2\/media?parent=52492"}],"wp:term":[{"taxonomy":"product_brand","embeddable":true,"href":"https:\/\/svetslik.si\/hu\/wp-json\/wp\/v2\/product_brand?post=52492"},{"taxonomy":"product_cat","embeddable":true,"href":"https:\/\/svetslik.si\/hu\/wp-json\/wp\/v2\/product_cat?post=52492"},{"taxonomy":"product_tag","embeddable":true,"href":"https:\/\/svetslik.si\/hu\/wp-json\/wp\/v2\/product_tag?post=52492"}],"curies":[{"name":"wp","href":"https:\/\/api.w.org\/{rel}","templated":true}]}}