{"id":52512,"date":"2021-09-02T17:44:10","date_gmt":"2021-09-02T15:44:10","guid":{"rendered":"https:\/\/svetslik.si\/nem-kategorizalt\/dreamy-improvisation\/"},"modified":"2026-03-22T21:13:04","modified_gmt":"2026-03-22T20:13:04","slug":"dreamy-improvisation","status":"publish","type":"product","link":"https:\/\/svetslik.si\/hu\/vasilij-kandinski-hu\/dreamy-improvisation\/","title":{"rendered":"Vasilij Kandinski &#8211; Dreamy Improvisation"},"content":{"rendered":"<h1>Wassily Kandinsky \u2013 \u00c1lmodoz\u00f3 improviz\u00e1ci\u00f3<\/h1>\n<p>&nbsp;<\/p>\n<p>&nbsp;<\/p>\n<div>\n<table style=\"width: 673px\" border=\"0\" width=\"673\" cellpadding=\"0\">\n<tbody>\n<tr>\n<td style=\"width: 180px;height: 21px\" height=\"21\">L\u00e9trehoz\u00e1s \u00e9ve:<\/td>\n<td style=\"width: 493px\">1913<\/td>\n<\/tr>\n<tr>\n<td style=\"width: 180px;height: 21px\" height=\"21\">Eredeti m\u00e9ret:<\/td>\n<td style=\"width: 493px\">130,7 cm x 130,7 cm<\/td>\n<\/tr>\n<tr>\n<td style=\"width: 180px;height: 21px\" height=\"21\">Fest\u00e9si st\u00edlus:<\/td>\n<td style=\"width: 493px\">Absztrakt m\u0171v\u00e9szet<\/td>\n<\/tr>\n<tr>\n<td style=\"width: 180px;height: 21px\" height=\"21\">Eredeti technika:<\/td>\n<td>Olaj, v\u00e1szon<\/td>\n<\/tr>\n<tr>\n<td style=\"width: 180px;height: 21px\" height=\"21\">Helysz\u00edn:<\/td>\n<td>Nemzeti Gal\u00e9ria, M\u00fcnchen<\/td>\n<\/tr>\n<\/tbody>\n<colgroup>\n<col \/>\n<col \/> <\/colgroup>\n<\/table>\n<\/div>\n<p>Wassily Kandinsky orosz fest\u0151 \u00e9s m\u0171v\u00e9szeti teoretikus volt, akit az absztrakt m\u0171v\u00e9szet egyik \u00fatt\u00f6r\u0151jek\u00e9nt tartanak sz\u00e1mon. Egyik legh\u00edresebb munk\u00e1ja az &#8220;\u00c1lomimproviz\u00e1ci\u00f3&#8221; c\u00edm\u0171 festm\u00e9ny, amely egyedi st\u00edlus\u00e1t \u00e9s m\u0171v\u00e9szeti megk\u00f6zel\u00edt\u00e9s\u00e9t mutatja be.<\/p>\n<p>Az 1910-ben k\u00e9sz\u00fclt festm\u00e9ny kiv\u00e1l\u00f3 p\u00e9ld\u00e1ja Kandinsky \u00e9l\u00e9nk sz\u00edneinek \u00e9s dinamikus form\u00e1j\u00e1nak, hogy \u00e9rzelmeket \u00e9s mozg\u00e1st keltsen a n\u00e9z\u0151ben. A festm\u00e9ny a k\u00e9k, s\u00e1rga \u00e9s v\u00f6r\u00f6s \u00e1rnyalataiban forg\u00f3 organikus form\u00e1kb\u00f3l \u00e1ll. \u00dagy t\u0171nik, hogy ezek a form\u00e1k mozg\u00e1sban vannak, energia \u00e9s mozg\u00e1s \u00e9rzet\u00e9t keltve a v\u00e1sznon.<\/p>\n<p>Kandinsky egyik meghat\u00e1roz\u00f3 jellemz\u0151je, hogy sz\u00edneket haszn\u00e1l \u00e9rzelmek \u00e9s \u00f6tletek kifejez\u00e9s\u00e9re. Az &#8220;\u00c1lomimproviz\u00e1ci\u00f3&#8221; c\u00edm\u0171 m\u0171ben k\u00fcl\u00f6n\u00f6sen szembet\u0171n\u0151 a k\u00e9k \u00e9s a s\u00e1rga haszn\u00e1lata. A k\u00e9k sz\u00edn a nyugalom \u00e9s a b\u00e9ke \u00e9rzet\u00e9t kelti, m\u00edg a s\u00e1rga az izgalom \u00e9s a mozg\u00e1s \u00e9rzet\u00e9t kelti. A k\u00e9pen l\u00e1that\u00f3 sz\u00ednkombin\u00e1ci\u00f3 fesz\u00fclts\u00e9get \u00e9s egyens\u00falyt kelt.<\/p>\n<p>Kandinsky munk\u00e1ss\u00e1g\u00e1nak m\u00e1sik fontos aspektusa a formahaszn\u00e1lat. Ezen a festm\u00e9nyen a form\u00e1k absztraktak \u00e9s nem reprezentat\u00edvak, \u00e9s \u00e1lland\u00f3 v\u00e1ltoz\u00e1sban \u00e9s mozg\u00e1sban vannak. Ezt a mozg\u00e1s\u00e9rz\u00e9ket tov\u00e1bb er\u0151s\u00edti a fesz\u00edtett vonalak \u00e9s form\u00e1k haszn\u00e1lata, amelyek l\u00e1tsz\u00f3lag folynak \u00e9s t\u00e1ncolnak a v\u00e1sznon.<\/p>\n<p>Az &#8220;\u00c1lomimproviz\u00e1ci\u00f3&#8221; kiv\u00e1l\u00f3 p\u00e9ld\u00e1ja Kandinsky azon k\u00e9pess\u00e9g\u00e9nek, hogy \u00e9rzelmeket \u00e9s mozg\u00e1st fejezzen ki sz\u00edneken \u00e9s form\u00e1kon kereszt\u00fcl. Ez egy olyan festm\u00e9ny, amely ma is leny\u0171g\u00f6zi a k\u00f6z\u00f6ns\u00e9get, \u00e9s a 20. sz\u00e1zad eleji absztrakt m\u0171v\u00e9szet egyik legfontosabb alkot\u00e1sak\u00e9nt tartj\u00e1k sz\u00e1mon. A vil\u00e1g sz\u00e1mos m\u00fazeum\u00e1ban megtal\u00e1lhat\u00f3, \u00e9s a m\u0171v\u00e9sz egyik leg\u00e9rt\u00e9kesebb alkot\u00e1sak\u00e9nt tartj\u00e1k sz\u00e1mon.<\/p>\n<p>\u00d6sszess\u00e9g\u00e9ben Wassily Kandinsky &#8220;\u00c1lomimproviz\u00e1ci\u00f3ja&#8221; az absztrakt m\u0171v\u00e9szet remekm\u0171ve, amely bemutatja a m\u0171v\u00e9sz egyedi st\u00edlus\u00e1t \u00e9s megk\u00f6zel\u00edt\u00e9s\u00e9t. Ez egy olyan festm\u00e9ny, amely sz\u00edn- \u00e9s formahaszn\u00e1laton kereszt\u00fcl \u00e9rzelmeket \u00e9s mozg\u00e1st kelt, \u00e9s minden m\u0171v\u00e9szetkedvel\u0151nek k\u00f6telez\u0151 l\u00e1tnia. Ez egy olyan festm\u00e9ny, amely ma is leny\u0171g\u00f6zi a k\u00f6z\u00f6ns\u00e9get, \u00e9s a 20. sz\u00e1zad eleji absztrakt m\u0171v\u00e9szet egyik legfontosabb alkot\u00e1sak\u00e9nt tartj\u00e1k sz\u00e1mon.<\/p>\n","protected":false},"excerpt":{"rendered":"<p>Wassily Kandinsky \u2013 \u00c1lmodoz\u00f3 improviz\u00e1ci\u00f3 &nbsp; &nbsp; L\u00e9trehoz\u00e1s \u00e9ve: 1913 Eredeti m\u00e9ret: 130,7 cm x 130,7 cm Fest\u00e9si st\u00edlus: Absztrakt m\u0171v\u00e9szet Eredeti technika: Olaj, v\u00e1szon Helysz\u00edn: Nemzeti Gal\u00e9ria, M\u00fcnchen Wassily Kandinsky orosz fest\u0151 \u00e9s m\u0171v\u00e9szeti teoretikus volt, akit az absztrakt m\u0171v\u00e9szet egyik \u00fatt\u00f6r\u0151jek\u00e9nt tartanak sz\u00e1mon. Egyik legh\u00edresebb munk\u00e1ja az &#8220;\u00c1lomimproviz\u00e1ci\u00f3&#8221; [&hellip;]<\/p>\n","protected":false},"featured_media":49558,"template":"","meta":{"_acf_changed":false},"product_brand":[],"product_cat":[7149],"product_tag":[7172,7173,11885,11886,11887],"class_list":{"0":"post-52512","1":"product","2":"type-product","3":"status-publish","4":"has-post-thumbnail","6":"product_cat-vasilij-kandinski-hu","7":"product_tag-kandinski-hu","8":"product_tag-kandinsky-hu","9":"product_tag-painter-hu","10":"product_tag-reproduction","11":"product_tag-reproductions-hu","12":"pa_dimenzija-131-x-131-cm-hu","13":"pa_dimenzija-150-x-150-cm-hu","14":"pa_dimenzija-40-x-40-cm-hu","15":"pa_dimenzija-50-x-50-cm-hu","16":"pa_dimenzija-60-x-60-cm-hu","17":"pa_dimenzija-70-x-70-cm-hu","18":"pa_dimenzija-80-x-80-cm-hu","19":"pa_dimenzija-90-x-90-cm-hu","20":"pa_oblika-negyzet","21":"pa_okvir-nincs-keret","22":"pa_podokvir-igen","23":"pa_podokvir-nem","25":"first","26":"onbackorder","27":"purchasable","28":"product-type-variable","29":"has-default-attributes"},"acf":[],"yoast_head":"<!-- This site is optimized with the Yoast SEO Premium plugin v26.0 (Yoast SEO v27.2) - https:\/\/yoast.com\/product\/yoast-seo-premium-wordpress\/ -->\n<title>Vasilij Kandinski - Dreamy Improvisation - SVETSLIK.SI - 100% k\u00e9zzel festett<\/title>\n<meta name=\"description\" content=\"Vasilij Kandinski - Dreamy Improvisation - 100% k\u00e9zzel festett h\u00edres festm\u00e9nyek reprodukci\u00f3i. Festm\u00e9nyek keretez\u00e9se, elad\u00e1sa \u00e9s egyedi rendel\u00e9sre t\u00f6rt\u00e9n\u0151 v\u00e1szonk\u00e9pek k\u00e9sz\u00edt\u00e9se.\" \/>\n<meta name=\"robots\" content=\"index, follow, max-snippet:-1, max-image-preview:large, max-video-preview:-1\" \/>\n<link rel=\"canonical\" href=\"https:\/\/svetslik.si\/hu\/vasilij-kandinski-hu\/dreamy-improvisation\/\" \/>\n<meta property=\"og:locale\" content=\"hu_HU\" \/>\n<meta property=\"og:type\" content=\"article\" \/>\n<meta property=\"og:title\" content=\"Vasilij Kandinski - Dreamy Improvisation\" \/>\n<meta property=\"og:description\" content=\"100% ro\u010dno naslikane slike na platnu, reprodukcije znanih slikarjev in umetni\u0161ke slike po naro\u010dilu.\" \/>\n<meta property=\"og:url\" content=\"https:\/\/svetslik.si\/hu\/vasilij-kandinski-hu\/dreamy-improvisation\/\" \/>\n<meta property=\"og:site_name\" content=\"SVETSLIK.SI\" \/>\n<meta property=\"article:publisher\" content=\"https:\/\/www.facebook.com\/svetslik.si\" \/>\n<meta property=\"article:modified_time\" content=\"2026-03-22T20:13:04+00:00\" \/>\n<meta property=\"og:image\" content=\"https:\/\/svetslik.si\/wp-content\/uploads\/2021\/08\/image_Dreamy-Improvisation_680.jpg\" \/>\n\t<meta property=\"og:image:width\" content=\"1000\" \/>\n\t<meta property=\"og:image:height\" content=\"992\" \/>\n\t<meta property=\"og:image:type\" content=\"image\/jpeg\" \/>\n<meta name=\"twitter:card\" content=\"summary_large_image\" \/>\n<meta name=\"twitter:site\" content=\"@svetslik\" \/>\n<meta name=\"twitter:label1\" content=\"El\u00e9rhet\u0151s\u00e9g\" \/>\n\t<meta name=\"twitter:data1\" content=\"Beszerz\u00e9s alatt\" \/>\n<script type=\"application\/ld+json\" class=\"yoast-schema-graph\">{\"@context\":\"https:\/\/schema.org\",\"@graph\":[{\"@type\":[\"WebPage\",\"ItemPage\"],\"@id\":\"https:\/\/svetslik.si\/hu\/vasilij-kandinski-hu\/dreamy-improvisation\/\",\"url\":\"https:\/\/svetslik.si\/hu\/vasilij-kandinski-hu\/dreamy-improvisation\/\",\"name\":\"Vasilij Kandinski - Dreamy Improvisation - SVETSLIK.SI - 100% k\u00e9zzel festett\",\"isPartOf\":{\"@id\":\"https:\/\/svetslik.si\/hu\/#website\"},\"primaryImageOfPage\":{\"@id\":\"https:\/\/svetslik.si\/hu\/vasilij-kandinski-hu\/dreamy-improvisation\/#primaryimage\"},\"image\":{\"@id\":\"https:\/\/svetslik.si\/hu\/vasilij-kandinski-hu\/dreamy-improvisation\/#primaryimage\"},\"thumbnailUrl\":\"https:\/\/svetslik.si\/wp-content\/uploads\/2021\/08\/image_Dreamy-Improvisation_680.jpg\",\"datePublished\":\"2021-09-02T15:44:10+00:00\",\"dateModified\":\"2026-03-22T20:13:04+00:00\",\"description\":\"Vasilij Kandinski - Dreamy Improvisation - 100% k\u00e9zzel festett h\u00edres festm\u00e9nyek reprodukci\u00f3i. Festm\u00e9nyek keretez\u00e9se, elad\u00e1sa \u00e9s egyedi rendel\u00e9sre t\u00f6rt\u00e9n\u0151 v\u00e1szonk\u00e9pek k\u00e9sz\u00edt\u00e9se.\",\"breadcrumb\":{\"@id\":\"https:\/\/svetslik.si\/hu\/vasilij-kandinski-hu\/dreamy-improvisation\/#breadcrumb\"},\"inLanguage\":\"hu\",\"potentialAction\":[{\"@type\":\"ReadAction\",\"target\":[\"https:\/\/svetslik.si\/hu\/vasilij-kandinski-hu\/dreamy-improvisation\/\"]}]},{\"@type\":\"ImageObject\",\"inLanguage\":\"hu\",\"@id\":\"https:\/\/svetslik.si\/hu\/vasilij-kandinski-hu\/dreamy-improvisation\/#primaryimage\",\"url\":\"https:\/\/svetslik.si\/wp-content\/uploads\/2021\/08\/image_Dreamy-Improvisation_680.jpg\",\"contentUrl\":\"https:\/\/svetslik.si\/wp-content\/uploads\/2021\/08\/image_Dreamy-Improvisation_680.jpg\",\"width\":1000,\"height\":992,\"caption\":\"Vasilij Kandinski - Dreamy Improvisation - \u00c1lmodoz\u00f3 improviz\u00e1ci\u00f3 - Festm\u00e9nyek reprodukci\u00f3i - Absztrakt Festm\u00e9ny - Modern Festm\u00e9ny - Realisztikus Festm\u00e9ny - Olajfestm\u00e9ny - Falik\u00e9p\"},{\"@type\":\"BreadcrumbList\",\"@id\":\"https:\/\/svetslik.si\/hu\/vasilij-kandinski-hu\/dreamy-improvisation\/#breadcrumb\",\"itemListElement\":[{\"@type\":\"ListItem\",\"position\":1,\"name\":\"Wall art and paintings on canvas\",\"item\":\"https:\/\/svetslik.si\/hu\/\"},{\"@type\":\"ListItem\",\"position\":2,\"name\":\"Festm\u00e9nyek elad\u00e1sa\",\"item\":\"https:\/\/svetslik.si\/prodaja-slik\/\"},{\"@type\":\"ListItem\",\"position\":3,\"name\":\"Vasilij Kandinski &#8211; Dreamy Improvisation\"}]},{\"@type\":\"WebSite\",\"@id\":\"https:\/\/svetslik.si\/hu\/#website\",\"url\":\"https:\/\/svetslik.si\/hu\/\",\"name\":\"SVETSLIK.SI\",\"description\":\"100%-ban k\u00e9zzel festett reprodukci\u00f3k h\u00edres fest\u0151k festm\u00e9nyeir\u0151l \u00e9s festm\u00e9nyekr\u0151l v\u00e1szonra.\",\"publisher\":{\"@id\":\"https:\/\/svetslik.si\/hu\/#organization\"},\"potentialAction\":[{\"@type\":\"SearchAction\",\"target\":{\"@type\":\"EntryPoint\",\"urlTemplate\":\"https:\/\/svetslik.si\/hu\/?s={search_term_string}\"},\"query-input\":{\"@type\":\"PropertyValueSpecification\",\"valueRequired\":true,\"valueName\":\"search_term_string\"}}],\"inLanguage\":\"hu\"},{\"@type\":\"Organization\",\"@id\":\"https:\/\/svetslik.si\/hu\/#organization\",\"name\":\"SvetSlik.si\",\"url\":\"https:\/\/svetslik.si\/hu\/\",\"logo\":{\"@type\":\"ImageObject\",\"inLanguage\":\"hu\",\"@id\":\"https:\/\/svetslik.si\/hu\/#\/schema\/logo\/image\/\",\"url\":\"https:\/\/svetslik.si\/wp-content\/uploads\/2020\/12\/logo-512.png\",\"contentUrl\":\"https:\/\/svetslik.si\/wp-content\/uploads\/2020\/12\/logo-512.png\",\"width\":512,\"height\":512,\"caption\":\"SvetSlik.si\"},\"image\":{\"@id\":\"https:\/\/svetslik.si\/hu\/#\/schema\/logo\/image\/\"},\"sameAs\":[\"https:\/\/www.facebook.com\/svetslik.si\",\"https:\/\/x.com\/svetslik\",\"https:\/\/www.instagram.com\/svetslik.si\/\",\"https:\/\/www.linkedin.com\/company\/svetslik-si\"]}]}<\/script>\n<meta property=\"og:availability\" content=\"backorder\" \/>\n<meta property=\"product:availability\" content=\"available for order\" \/>\n<meta property=\"product:retailer_item_id\" content=\"97__\" \/>\n<meta property=\"product:condition\" content=\"new\" \/>\n<!-- \/ Yoast SEO Premium plugin. -->","yoast_head_json":{"title":"Vasilij Kandinski - Dreamy Improvisation - SVETSLIK.SI - 100% k\u00e9zzel festett","description":"Vasilij Kandinski - Dreamy Improvisation - 100% k\u00e9zzel festett h\u00edres festm\u00e9nyek reprodukci\u00f3i. Festm\u00e9nyek keretez\u00e9se, elad\u00e1sa \u00e9s egyedi rendel\u00e9sre t\u00f6rt\u00e9n\u0151 v\u00e1szonk\u00e9pek k\u00e9sz\u00edt\u00e9se.","robots":{"index":"index","follow":"follow","max-snippet":"max-snippet:-1","max-image-preview":"max-image-preview:large","max-video-preview":"max-video-preview:-1"},"canonical":"https:\/\/svetslik.si\/hu\/vasilij-kandinski-hu\/dreamy-improvisation\/","og_locale":"hu_HU","og_type":"article","og_title":"Vasilij Kandinski - Dreamy Improvisation","og_description":"100% ro\u010dno naslikane slike na platnu, reprodukcije znanih slikarjev in umetni\u0161ke slike po naro\u010dilu.","og_url":"https:\/\/svetslik.si\/hu\/vasilij-kandinski-hu\/dreamy-improvisation\/","og_site_name":"SVETSLIK.SI","article_publisher":"https:\/\/www.facebook.com\/svetslik.si","article_modified_time":"2026-03-22T20:13:04+00:00","og_image":[{"width":1000,"height":992,"url":"https:\/\/svetslik.si\/wp-content\/uploads\/2021\/08\/image_Dreamy-Improvisation_680.jpg","type":"image\/jpeg"}],"twitter_card":"summary_large_image","twitter_site":"@svetslik","twitter_misc":{"El\u00e9rhet\u0151s\u00e9g":"Beszerz\u00e9s alatt"},"schema":{"@context":"https:\/\/schema.org","@graph":[{"@type":["WebPage","ItemPage"],"@id":"https:\/\/svetslik.si\/hu\/vasilij-kandinski-hu\/dreamy-improvisation\/","url":"https:\/\/svetslik.si\/hu\/vasilij-kandinski-hu\/dreamy-improvisation\/","name":"Vasilij Kandinski - Dreamy Improvisation - SVETSLIK.SI - 100% k\u00e9zzel festett","isPartOf":{"@id":"https:\/\/svetslik.si\/hu\/#website"},"primaryImageOfPage":{"@id":"https:\/\/svetslik.si\/hu\/vasilij-kandinski-hu\/dreamy-improvisation\/#primaryimage"},"image":{"@id":"https:\/\/svetslik.si\/hu\/vasilij-kandinski-hu\/dreamy-improvisation\/#primaryimage"},"thumbnailUrl":"https:\/\/svetslik.si\/wp-content\/uploads\/2021\/08\/image_Dreamy-Improvisation_680.jpg","datePublished":"2021-09-02T15:44:10+00:00","dateModified":"2026-03-22T20:13:04+00:00","description":"Vasilij Kandinski - Dreamy Improvisation - 100% k\u00e9zzel festett h\u00edres festm\u00e9nyek reprodukci\u00f3i. Festm\u00e9nyek keretez\u00e9se, elad\u00e1sa \u00e9s egyedi rendel\u00e9sre t\u00f6rt\u00e9n\u0151 v\u00e1szonk\u00e9pek k\u00e9sz\u00edt\u00e9se.","breadcrumb":{"@id":"https:\/\/svetslik.si\/hu\/vasilij-kandinski-hu\/dreamy-improvisation\/#breadcrumb"},"inLanguage":"hu","potentialAction":[{"@type":"ReadAction","target":["https:\/\/svetslik.si\/hu\/vasilij-kandinski-hu\/dreamy-improvisation\/"]}]},{"@type":"ImageObject","inLanguage":"hu","@id":"https:\/\/svetslik.si\/hu\/vasilij-kandinski-hu\/dreamy-improvisation\/#primaryimage","url":"https:\/\/svetslik.si\/wp-content\/uploads\/2021\/08\/image_Dreamy-Improvisation_680.jpg","contentUrl":"https:\/\/svetslik.si\/wp-content\/uploads\/2021\/08\/image_Dreamy-Improvisation_680.jpg","width":1000,"height":992,"caption":"Vasilij Kandinski - Dreamy Improvisation - \u00c1lmodoz\u00f3 improviz\u00e1ci\u00f3 - Festm\u00e9nyek reprodukci\u00f3i - Absztrakt Festm\u00e9ny - Modern Festm\u00e9ny - Realisztikus Festm\u00e9ny - Olajfestm\u00e9ny - Falik\u00e9p"},{"@type":"BreadcrumbList","@id":"https:\/\/svetslik.si\/hu\/vasilij-kandinski-hu\/dreamy-improvisation\/#breadcrumb","itemListElement":[{"@type":"ListItem","position":1,"name":"Wall art and paintings on canvas","item":"https:\/\/svetslik.si\/hu\/"},{"@type":"ListItem","position":2,"name":"Festm\u00e9nyek elad\u00e1sa","item":"https:\/\/svetslik.si\/prodaja-slik\/"},{"@type":"ListItem","position":3,"name":"Vasilij Kandinski &#8211; Dreamy Improvisation"}]},{"@type":"WebSite","@id":"https:\/\/svetslik.si\/hu\/#website","url":"https:\/\/svetslik.si\/hu\/","name":"SVETSLIK.SI","description":"100%-ban k\u00e9zzel festett reprodukci\u00f3k h\u00edres fest\u0151k festm\u00e9nyeir\u0151l \u00e9s festm\u00e9nyekr\u0151l v\u00e1szonra.","publisher":{"@id":"https:\/\/svetslik.si\/hu\/#organization"},"potentialAction":[{"@type":"SearchAction","target":{"@type":"EntryPoint","urlTemplate":"https:\/\/svetslik.si\/hu\/?s={search_term_string}"},"query-input":{"@type":"PropertyValueSpecification","valueRequired":true,"valueName":"search_term_string"}}],"inLanguage":"hu"},{"@type":"Organization","@id":"https:\/\/svetslik.si\/hu\/#organization","name":"SvetSlik.si","url":"https:\/\/svetslik.si\/hu\/","logo":{"@type":"ImageObject","inLanguage":"hu","@id":"https:\/\/svetslik.si\/hu\/#\/schema\/logo\/image\/","url":"https:\/\/svetslik.si\/wp-content\/uploads\/2020\/12\/logo-512.png","contentUrl":"https:\/\/svetslik.si\/wp-content\/uploads\/2020\/12\/logo-512.png","width":512,"height":512,"caption":"SvetSlik.si"},"image":{"@id":"https:\/\/svetslik.si\/hu\/#\/schema\/logo\/image\/"},"sameAs":["https:\/\/www.facebook.com\/svetslik.si","https:\/\/x.com\/svetslik","https:\/\/www.instagram.com\/svetslik.si\/","https:\/\/www.linkedin.com\/company\/svetslik-si"]}]},"og_availability":"backorder","product_availability":"available for order","product_retailer_item_id":"97__","product_condition":"new"},"jetpack_sharing_enabled":true,"_links":{"self":[{"href":"https:\/\/svetslik.si\/hu\/wp-json\/wp\/v2\/product\/52512","targetHints":{"allow":["GET"]}}],"collection":[{"href":"https:\/\/svetslik.si\/hu\/wp-json\/wp\/v2\/product"}],"about":[{"href":"https:\/\/svetslik.si\/hu\/wp-json\/wp\/v2\/types\/product"}],"wp:featuredmedia":[{"embeddable":true,"href":"https:\/\/svetslik.si\/hu\/wp-json\/wp\/v2\/media\/49558"}],"wp:attachment":[{"href":"https:\/\/svetslik.si\/hu\/wp-json\/wp\/v2\/media?parent=52512"}],"wp:term":[{"taxonomy":"product_brand","embeddable":true,"href":"https:\/\/svetslik.si\/hu\/wp-json\/wp\/v2\/product_brand?post=52512"},{"taxonomy":"product_cat","embeddable":true,"href":"https:\/\/svetslik.si\/hu\/wp-json\/wp\/v2\/product_cat?post=52512"},{"taxonomy":"product_tag","embeddable":true,"href":"https:\/\/svetslik.si\/hu\/wp-json\/wp\/v2\/product_tag?post=52512"}],"curies":[{"name":"wp","href":"https:\/\/api.w.org\/{rel}","templated":true}]}}