{"id":52547,"date":"2021-09-02T17:44:22","date_gmt":"2021-09-02T15:44:22","guid":{"rendered":"https:\/\/svetslik.si\/nem-kategorizalt\/improvisation-gorge\/"},"modified":"2026-03-22T21:13:55","modified_gmt":"2026-03-22T20:13:55","slug":"improvisation-gorge","status":"publish","type":"product","link":"https:\/\/svetslik.si\/hu\/vasilij-kandinski-hu\/improvisation-gorge\/","title":{"rendered":"Vasilij Kandinski &#8211; Improvisation. Gorge"},"content":{"rendered":"<div class=\"wpb-content-wrapper\">[vc_row css=&#8221;.vc_custom_1745732907752{margin-bottom: 5px !important;}&#8221;][vc_column]\t<div class=\"et-image-461 et-image     et_image_link\">\n\t\t<div class=\"et-image-inner \">\n\t\t\t\t\t\t\t<div class=\"et-image-thumb \">\n\t\t\t\t\t<img decoding=\"async\" width=\"1500\" height=\"1321\" src=\"https:\/\/svetslik.si\/wp-content\/uploads\/2021\/09\/Vasilij-Kandinski-\u2013-Improvisation.-Gorge-reprodukcija-slike-na-platnu.jpg\" class=\"attachment-full\" alt=\"https:\/\/svetslik.si\/wp-content\/uploads\/2021\/09\/Vasilij-Kandinski-\u2013-Improvisation.-Gorge-reprodukcija-slike-na-platnu-2.jpg\" title=\"Vasilij Kandinski - Improvisation. Gorge\" srcset=\"https:\/\/svetslik.si\/wp-content\/uploads\/2021\/09\/Vasilij-Kandinski-\u2013-Improvisation.-Gorge-reprodukcija-slike-na-platnu.jpg 1500w, https:\/\/svetslik.si\/wp-content\/uploads\/2021\/09\/Vasilij-Kandinski-\u2013-Improvisation.-Gorge-reprodukcija-slike-na-platnu-600x528.jpg 600w, https:\/\/svetslik.si\/wp-content\/uploads\/2021\/09\/Vasilij-Kandinski-\u2013-Improvisation.-Gorge-reprodukcija-slike-na-platnu-1200x1057.jpg 1200w, https:\/\/svetslik.si\/wp-content\/uploads\/2021\/09\/Vasilij-Kandinski-\u2013-Improvisation.-Gorge-reprodukcija-slike-na-platnu-300x264.jpg 300w, https:\/\/svetslik.si\/wp-content\/uploads\/2021\/09\/Vasilij-Kandinski-\u2013-Improvisation.-Gorge-reprodukcija-slike-na-platnu-1024x902.jpg 1024w, https:\/\/svetslik.si\/wp-content\/uploads\/2021\/09\/Vasilij-Kandinski-\u2013-Improvisation.-Gorge-reprodukcija-slike-na-platnu-768x676.jpg 768w, https:\/\/svetslik.si\/wp-content\/uploads\/2021\/09\/Vasilij-Kandinski-\u2013-Improvisation.-Gorge-reprodukcija-slike-na-platnu-150x132.jpg 150w\" sizes=\"(max-width: 1500px) 100vw, 1500px\" \/>\t\t\t\t<\/div>\n\t\t\t\t\t\t\t\t\t\t\t<\/div>\n\t<\/div>\n  [\/vc_column][\/vc_row][vc_row css=&#8221;.vc_custom_1745732907752{margin-bottom: 5px !important;}&#8221;][vc_column]\t<div class=\"et-image-794 et-image     et_image_link\">\n\t\t<div class=\"et-image-inner \">\n\t\t\t\t\t\t\t<div class=\"et-image-thumb \">\n\t\t\t\t\t<img decoding=\"async\" width=\"1500\" height=\"1688\" src=\"https:\/\/svetslik.si\/wp-content\/uploads\/2021\/09\/Vasilij-Kandinski-\u2013-Improvisation.-Gorge-reprodukcija-slike-na-platnu-2.jpg\" class=\"attachment-full\" alt=\"Vasilij Kandinski \u2013 Improvisation. Gorge - reprodukcija slike na platnu\" title=\"Vasilij Kandinski - Improvisation. Gorge\" srcset=\"https:\/\/svetslik.si\/wp-content\/uploads\/2021\/09\/Vasilij-Kandinski-\u2013-Improvisation.-Gorge-reprodukcija-slike-na-platnu-2.jpg 1500w, https:\/\/svetslik.si\/wp-content\/uploads\/2021\/09\/Vasilij-Kandinski-\u2013-Improvisation.-Gorge-reprodukcija-slike-na-platnu-2-600x675.jpg 600w, https:\/\/svetslik.si\/wp-content\/uploads\/2021\/09\/Vasilij-Kandinski-\u2013-Improvisation.-Gorge-reprodukcija-slike-na-platnu-2-1200x1350.jpg 1200w, https:\/\/svetslik.si\/wp-content\/uploads\/2021\/09\/Vasilij-Kandinski-\u2013-Improvisation.-Gorge-reprodukcija-slike-na-platnu-2-267x300.jpg 267w, https:\/\/svetslik.si\/wp-content\/uploads\/2021\/09\/Vasilij-Kandinski-\u2013-Improvisation.-Gorge-reprodukcija-slike-na-platnu-2-910x1024.jpg 910w, https:\/\/svetslik.si\/wp-content\/uploads\/2021\/09\/Vasilij-Kandinski-\u2013-Improvisation.-Gorge-reprodukcija-slike-na-platnu-2-768x864.jpg 768w, https:\/\/svetslik.si\/wp-content\/uploads\/2021\/09\/Vasilij-Kandinski-\u2013-Improvisation.-Gorge-reprodukcija-slike-na-platnu-2-1365x1536.jpg 1365w, https:\/\/svetslik.si\/wp-content\/uploads\/2021\/09\/Vasilij-Kandinski-\u2013-Improvisation.-Gorge-reprodukcija-slike-na-platnu-2-133x150.jpg 133w\" sizes=\"(max-width: 1500px) 100vw, 1500px\" \/>\t\t\t\t<\/div>\n\t\t\t\t\t\t\t\t\t\t\t<\/div>\n\t<\/div>\n  [\/vc_column][\/vc_row][vc_row css=&#8221;.vc_custom_1745732907752{margin-bottom: 5px !important;}&#8221;][vc_column]\t<div class=\"et-image-278 et-image     et_image_link\">\n\t\t<div class=\"et-image-inner \">\n\t\t\t\t\t\t\t<div class=\"et-image-thumb \">\n\t\t\t\t\t<img decoding=\"async\" width=\"1500\" height=\"1818\" src=\"https:\/\/svetslik.si\/wp-content\/uploads\/2021\/09\/Vasilij-Kandinski-\u2013-Improvisation.-Gorge-reprodukcija-slike-na-platnu-3.jpg\" class=\"attachment-full\" alt=\"Vasilij Kandinski \u2013 Improvisation. Gorge - reprodukcija slike na platnu\" title=\"Vasilij Kandinski - Improvisation. Gorge\" srcset=\"https:\/\/svetslik.si\/wp-content\/uploads\/2021\/09\/Vasilij-Kandinski-\u2013-Improvisation.-Gorge-reprodukcija-slike-na-platnu-3.jpg 1500w, https:\/\/svetslik.si\/wp-content\/uploads\/2021\/09\/Vasilij-Kandinski-\u2013-Improvisation.-Gorge-reprodukcija-slike-na-platnu-3-600x727.jpg 600w, https:\/\/svetslik.si\/wp-content\/uploads\/2021\/09\/Vasilij-Kandinski-\u2013-Improvisation.-Gorge-reprodukcija-slike-na-platnu-3-1200x1454.jpg 1200w, https:\/\/svetslik.si\/wp-content\/uploads\/2021\/09\/Vasilij-Kandinski-\u2013-Improvisation.-Gorge-reprodukcija-slike-na-platnu-3-248x300.jpg 248w, https:\/\/svetslik.si\/wp-content\/uploads\/2021\/09\/Vasilij-Kandinski-\u2013-Improvisation.-Gorge-reprodukcija-slike-na-platnu-3-845x1024.jpg 845w, https:\/\/svetslik.si\/wp-content\/uploads\/2021\/09\/Vasilij-Kandinski-\u2013-Improvisation.-Gorge-reprodukcija-slike-na-platnu-3-768x931.jpg 768w, https:\/\/svetslik.si\/wp-content\/uploads\/2021\/09\/Vasilij-Kandinski-\u2013-Improvisation.-Gorge-reprodukcija-slike-na-platnu-3-1267x1536.jpg 1267w, https:\/\/svetslik.si\/wp-content\/uploads\/2021\/09\/Vasilij-Kandinski-\u2013-Improvisation.-Gorge-reprodukcija-slike-na-platnu-3-124x150.jpg 124w\" sizes=\"(max-width: 1500px) 100vw, 1500px\" \/>\t\t\t\t<\/div>\n\t\t\t\t\t\t\t\t\t\t\t<\/div>\n\t<\/div>\n  [\/vc_column][\/vc_row][vc_row css=&#8221;.vc_custom_1745732907752{margin-bottom: 5px !important;}&#8221;][vc_column]\t<div class=\"et-image-268 et-image     et_image_link\">\n\t\t<div class=\"et-image-inner \">\n\t\t\t\t\t\t\t<div class=\"et-image-thumb \">\n\t\t\t\t\t<img decoding=\"async\" width=\"1500\" height=\"1125\" src=\"https:\/\/svetslik.si\/wp-content\/uploads\/2021\/09\/Vasilij-Kandinski-\u2013-Improvisation.-Gorge-reprodukcija-slike-na-platnu-4.jpg\" class=\"attachment-full\" alt=\"Vasilij Kandinski \u2013 Improvisation. Gorge - reprodukcija slike na platnu\" title=\"Vasilij Kandinski - Improvisation. Gorge\" srcset=\"https:\/\/svetslik.si\/wp-content\/uploads\/2021\/09\/Vasilij-Kandinski-\u2013-Improvisation.-Gorge-reprodukcija-slike-na-platnu-4.jpg 1500w, https:\/\/svetslik.si\/wp-content\/uploads\/2021\/09\/Vasilij-Kandinski-\u2013-Improvisation.-Gorge-reprodukcija-slike-na-platnu-4-600x450.jpg 600w, https:\/\/svetslik.si\/wp-content\/uploads\/2021\/09\/Vasilij-Kandinski-\u2013-Improvisation.-Gorge-reprodukcija-slike-na-platnu-4-1200x900.jpg 1200w, https:\/\/svetslik.si\/wp-content\/uploads\/2021\/09\/Vasilij-Kandinski-\u2013-Improvisation.-Gorge-reprodukcija-slike-na-platnu-4-300x225.jpg 300w, https:\/\/svetslik.si\/wp-content\/uploads\/2021\/09\/Vasilij-Kandinski-\u2013-Improvisation.-Gorge-reprodukcija-slike-na-platnu-4-1024x768.jpg 1024w, https:\/\/svetslik.si\/wp-content\/uploads\/2021\/09\/Vasilij-Kandinski-\u2013-Improvisation.-Gorge-reprodukcija-slike-na-platnu-4-768x576.jpg 768w, https:\/\/svetslik.si\/wp-content\/uploads\/2021\/09\/Vasilij-Kandinski-\u2013-Improvisation.-Gorge-reprodukcija-slike-na-platnu-4-150x113.jpg 150w\" sizes=\"(max-width: 1500px) 100vw, 1500px\" \/>\t\t\t\t<\/div>\n\t\t\t\t\t\t\t\t\t\t\t<\/div>\n\t<\/div>\n  [\/vc_column][\/vc_row]\n<h1>Vaszilij Kandinszkij \u2013 Improviz\u00e1ci\u00f3. Szurdok<\/h1>\n<table border=\"0\" width=\"673\" cellpadding=\"0\">\n<colgroup>\n<col style=\"width: 135pt;\" width=\"180\" \/>\n<col style=\"width: 370pt;\" width=\"493\" \/> <\/colgroup>\n<tbody>\n<tr style=\"height: 15.75pt;\">\n<td class=\"xl24\" style=\"height: 15.75pt; width: 135pt;\" width=\"180\" height=\"21\">L\u00e9trehoz\u00e1s \u00e9ve:<\/td>\n<td class=\"xl25\" style=\"width: 370pt;\" width=\"493\">1914<\/td>\n<\/tr>\n<tr style=\"height: 15.75pt;\">\n<td class=\"xl24\" style=\"height: 15.75pt; width: 135pt;\" width=\"180\" height=\"21\">Eredeti m\u00e9ret:<\/td>\n<td class=\"xl24\" style=\"width: 370pt;\" width=\"493\">110 cm x 110 cm<\/td>\n<\/tr>\n<tr style=\"height: 15.75pt;\">\n<td class=\"xl24\" style=\"height: 15.75pt; width: 135pt;\" width=\"180\" height=\"21\">Fest\u00e9si st\u00edlus:<\/td>\n<td class=\"xl24\" style=\"width: 370pt;\" width=\"493\">Absztrakt m\u0171v\u00e9szet<\/td>\n<\/tr>\n<tr style=\"height: 15.75pt;\">\n<td class=\"xl24\" style=\"height: 15.75pt; width: 135pt;\" width=\"180\" height=\"21\">Eredeti technika:<\/td>\n<td>Olaj, v\u00e1szon<\/td>\n<\/tr>\n<tr style=\"height: 15.75pt;\">\n<td class=\"xl24\" style=\"height: 15.75pt; width: 135pt;\" width=\"180\" height=\"21\">Helysz\u00edn:<\/td>\n<td>Nemzeti Gal\u00e9ria, M\u00fcnchen<\/td>\n<\/tr>\n<\/tbody>\n<\/table>\n<p>Wassily Kandinsky Improviz\u00e1ci\u00f3s szurdok c\u00edm\u0171 alkot\u00e1sa egy leny\u0171g\u00f6z\u0151 absztrakt festm\u00e9ny, amely bemutatja a m\u0171v\u00e9sz mesters\u00e9g\u00e9t a forma \u00e9s a sz\u00edn ter\u00e9n. Ezt az 1911-ben k\u00e9sz\u00fclt m\u0171vet Kandinszkij egyik legfontosabb korai alkot\u00e1sak\u00e9nt tartj\u00e1k sz\u00e1mon, \u00e9s kiv\u00e1l\u00f3 p\u00e9ld\u00e1ja az absztrakci\u00f3val val\u00f3 k\u00eds\u00e9rletez\u00e9s\u00e9nek.<\/p>\n<p>A festm\u00e9ny mer\u00e9sz, els\u00f6pr\u0151, k\u00e9k \u00e9s lila \u00e1rnyalat\u00fa ecsetvon\u00e1sokb\u00f3l \u00e1ll, amelyek mintha \u00f6rv\u00e9nyl\u0151dn\u00e9nek \u00e9s t\u00e1ncoln\u00e1nak a v\u00e1sznon. Az ecsetvon\u00e1sok r\u00e9tegzettek, hogy a m\u00e9lys\u00e9g \u00e9s a mozg\u00e1s \u00e9rzet\u00e9t kelts\u00e9k, \u00e9s a n\u00e9z\u0151 tekintet\u00e9t a festm\u00e9ny kavarg\u00f3 szakad\u00e9k\u00e1ba vonj\u00e1k.<\/p>\n<p>Kandinsky sz\u00ednhaszn\u00e1lata az Improviz\u00e1ci\u00f3s szurdok c\u00edm\u0171 festm\u00e9nyen k\u00fcl\u00f6n\u00f6sen figyelemre m\u00e9lt\u00f3. A k\u00e9k \u00e9s a lila \u00e1rnyalatai a titokzatoss\u00e1g \u00e9s a t\u00falvil\u00e1gis\u00e1g \u00e9rz\u00e9s\u00e9t keltik, a m\u00e9lys\u00e9gbe n\u00e9z\u00e9s \u00e9rz\u00e9s\u00e9t keltve. A sz\u00ednek egy\u00fctt a mozg\u00e1s \u00e9s a foly\u00e9konys\u00e1g \u00e9rzet\u00e9t is keltik, mintha a k\u00e9p tele lenne energi\u00e1val.<\/p>\n<p>A festm\u00e9ny c\u00edme: &#8220;Improviz\u00e1ci\u00f3s szurdok&#8221; a m\u0171v\u00e9sz improvizat\u00edv fest\u00e9szeti megk\u00f6zel\u00edt\u00e9s\u00e9re utal. Kandinsky \u00fagy v\u00e9lte, hogy a fest\u00e9szetnek spont\u00e1n \u00e9s intuit\u00edv folyamatnak kell lennie, \u00e9s az &#8220;Improviz\u00e1ci\u00f3s szurdok&#8221; nagyszer\u0171 p\u00e9ld\u00e1ja ennek a megk\u00f6zel\u00edt\u00e9snek a gyakorlatban.<\/p>\n<p>&#8220;Az Improviz\u00e1ci\u00f3s szurdok az absztrakt m\u0171v\u00e9szet remekm\u0171v\u00e9nek \u00e9s a modern m\u0171v\u00e9szet t\u00f6rt\u00e9net\u00e9nek fontos alkot\u00e1s\u00e1nak sz\u00e1m\u00edt. Jelenleg az oroszorsz\u00e1gi Szentp\u00e9terv\u00e1ri \u00c1llami Ermit\u00e1zs M\u00fazeum gy\u0171jtem\u00e9ny\u00e9ben tal\u00e1lhat\u00f3. A l\u00e1togat\u00f3k ott tekinthetik meg a festm\u00e9nyt, \u00e9s megismerhetik a m\u0171v\u00e9sz alkot\u00e1sait. egyedi l\u00e1t\u00e1sm\u00f3d \u00e9s technika.<\/p>\n<p>Kandinsky &#8220;Improviz\u00e1ci\u00f3s szurdoka&#8221; a m\u0171v\u00e9szet szerelmeseinek \u00e9s az absztrakt m\u0171v\u00e9szet fejleszt\u00e9se ir\u00e1nt \u00e9rdekl\u0151d\u0151knek k\u00f6telez\u0151 l\u00e1tnival\u00f3. A sz\u00ednek \u00e9s form\u00e1k mer\u00e9sz haszn\u00e1lata, valamint az improviz\u00e1ci\u00f3s megk\u00f6zel\u00edt\u00e9s teszi igaz\u00e1n egyediv\u00e9 \u00e9s izgalmass\u00e1 ezt az alkot\u00e1st.<\/p>\n<\/div>","protected":false},"excerpt":{"rendered":"<p>[vc_row css=&#8221;.vc_custom_1745732907752{margin-bottom: 5px !important;}&#8221;][vc_column][\/vc_column][\/vc_row][vc_row css=&#8221;.vc_custom_1745732907752{margin-bottom: 5px !important;}&#8221;][vc_column][\/vc_column][\/vc_row][vc_row css=&#8221;.vc_custom_1745732907752{margin-bottom: 5px !important;}&#8221;][vc_column][\/vc_column][\/vc_row][vc_row css=&#8221;.vc_custom_1745732907752{margin-bottom: 5px !important;}&#8221;][vc_column][\/vc_column][\/vc_row] Vaszilij Kandinszkij \u2013 Improviz\u00e1ci\u00f3. Szurdok L\u00e9trehoz\u00e1s \u00e9ve: 1914 Eredeti m\u00e9ret: 110 cm x 110 cm Fest\u00e9si st\u00edlus: Absztrakt m\u0171v\u00e9szet Eredeti technika: Olaj, v\u00e1szon Helysz\u00edn: Nemzeti Gal\u00e9ria, M\u00fcnchen Wassily Kandinsky Improviz\u00e1ci\u00f3s szurdok c\u00edm\u0171 alkot\u00e1sa egy leny\u0171g\u00f6z\u0151 absztrakt festm\u00e9ny, [&hellip;]<\/p>\n","protected":false},"featured_media":49656,"template":"","meta":{"_acf_changed":false},"product_brand":[],"product_cat":[7149],"product_tag":[7172,7173,11885,11886,11887],"class_list":{"0":"post-52547","1":"product","2":"type-product","3":"status-publish","4":"has-post-thumbnail","6":"product_cat-vasilij-kandinski-hu","7":"product_tag-kandinski-hu","8":"product_tag-kandinsky-hu","9":"product_tag-painter-hu","10":"product_tag-reproduction","11":"product_tag-reproductions-hu","12":"pa_dimenzija-110-x-110-cm","13":"pa_dimenzija-150-x-150-cm","14":"pa_dimenzija-40-x-40-cm","15":"pa_dimenzija-50-x-50-cm","16":"pa_dimenzija-60-x-60-cm","17":"pa_dimenzija-70-x-70-cm","18":"pa_dimenzija-80-x-80-cm","19":"pa_dimenzija-90-x-90-cm","20":"pa_oblika-negyzet","21":"pa_okvir-nincs-keret","22":"pa_podokvir-igen","23":"pa_podokvir-nem","25":"first","26":"onbackorder","27":"purchasable","28":"product-type-variable","29":"has-default-attributes"},"acf":[],"yoast_head":"<!-- This site is optimized with the Yoast SEO Premium plugin v26.0 (Yoast SEO v27.2) - https:\/\/yoast.com\/product\/yoast-seo-premium-wordpress\/ -->\n<title>Vasilij Kandinski - Improvisation. Gorge - SVETSLIK.SI - 100% k\u00e9zzel festett<\/title>\n<meta name=\"description\" content=\"Vasilij Kandinski - Improvisation. Gorge - 100% k\u00e9zzel festett h\u00edres festm\u00e9nyek reprodukci\u00f3i. Festm\u00e9nyek keretez\u00e9se, elad\u00e1sa \u00e9s egyedi rendel\u00e9sre t\u00f6rt\u00e9n\u0151 v\u00e1szonk\u00e9pek k\u00e9sz\u00edt\u00e9se.\" \/>\n<meta name=\"robots\" content=\"index, follow, max-snippet:-1, max-image-preview:large, max-video-preview:-1\" \/>\n<link rel=\"canonical\" href=\"https:\/\/svetslik.si\/hu\/vasilij-kandinski-hu\/improvisation-gorge\/\" \/>\n<meta property=\"og:locale\" content=\"hu_HU\" \/>\n<meta property=\"og:type\" content=\"article\" \/>\n<meta property=\"og:title\" content=\"Vasilij Kandinski - Improvisation. Gorge\" \/>\n<meta property=\"og:description\" content=\"100% ro\u010dno naslikane slike na platnu, reprodukcije znanih slikarjev in umetni\u0161ke slike po naro\u010dilu.\" \/>\n<meta property=\"og:url\" content=\"https:\/\/svetslik.si\/hu\/vasilij-kandinski-hu\/improvisation-gorge\/\" \/>\n<meta property=\"og:site_name\" content=\"SVETSLIK.SI\" \/>\n<meta property=\"article:publisher\" content=\"https:\/\/www.facebook.com\/svetslik.si\" \/>\n<meta property=\"article:modified_time\" content=\"2026-03-22T20:13:55+00:00\" \/>\n<meta property=\"og:image\" content=\"https:\/\/svetslik.si\/wp-content\/uploads\/2021\/08\/image_Improvisation-Gorge_680-scaled.jpg\" \/>\n\t<meta property=\"og:image:width\" content=\"2560\" \/>\n\t<meta property=\"og:image:height\" content=\"2548\" \/>\n\t<meta property=\"og:image:type\" content=\"image\/jpeg\" \/>\n<meta name=\"twitter:card\" content=\"summary_large_image\" \/>\n<meta name=\"twitter:site\" content=\"@svetslik\" \/>\n<meta name=\"twitter:label1\" content=\"El\u00e9rhet\u0151s\u00e9g\" \/>\n\t<meta name=\"twitter:data1\" content=\"Beszerz\u00e9s alatt\" \/>\n<script type=\"application\/ld+json\" class=\"yoast-schema-graph\">{\"@context\":\"https:\/\/schema.org\",\"@graph\":[{\"@type\":[\"WebPage\",\"ItemPage\"],\"@id\":\"https:\/\/svetslik.si\/hu\/vasilij-kandinski-hu\/improvisation-gorge\/\",\"url\":\"https:\/\/svetslik.si\/hu\/vasilij-kandinski-hu\/improvisation-gorge\/\",\"name\":\"Vasilij Kandinski - Improvisation. Gorge - SVETSLIK.SI - 100% k\u00e9zzel festett\",\"isPartOf\":{\"@id\":\"https:\/\/svetslik.si\/hu\/#website\"},\"primaryImageOfPage\":{\"@id\":\"https:\/\/svetslik.si\/hu\/vasilij-kandinski-hu\/improvisation-gorge\/#primaryimage\"},\"image\":{\"@id\":\"https:\/\/svetslik.si\/hu\/vasilij-kandinski-hu\/improvisation-gorge\/#primaryimage\"},\"thumbnailUrl\":\"https:\/\/svetslik.si\/wp-content\/uploads\/2021\/08\/image_Improvisation-Gorge_680-scaled.jpg\",\"datePublished\":\"2021-09-02T15:44:22+00:00\",\"dateModified\":\"2026-03-22T20:13:55+00:00\",\"description\":\"Vasilij Kandinski - Improvisation. Gorge - 100% k\u00e9zzel festett h\u00edres festm\u00e9nyek reprodukci\u00f3i. Festm\u00e9nyek keretez\u00e9se, elad\u00e1sa \u00e9s egyedi rendel\u00e9sre t\u00f6rt\u00e9n\u0151 v\u00e1szonk\u00e9pek k\u00e9sz\u00edt\u00e9se.\",\"breadcrumb\":{\"@id\":\"https:\/\/svetslik.si\/hu\/vasilij-kandinski-hu\/improvisation-gorge\/#breadcrumb\"},\"inLanguage\":\"hu\",\"potentialAction\":[{\"@type\":\"ReadAction\",\"target\":[\"https:\/\/svetslik.si\/hu\/vasilij-kandinski-hu\/improvisation-gorge\/\"]}]},{\"@type\":\"ImageObject\",\"inLanguage\":\"hu\",\"@id\":\"https:\/\/svetslik.si\/hu\/vasilij-kandinski-hu\/improvisation-gorge\/#primaryimage\",\"url\":\"https:\/\/svetslik.si\/wp-content\/uploads\/2021\/08\/image_Improvisation-Gorge_680-scaled.jpg\",\"contentUrl\":\"https:\/\/svetslik.si\/wp-content\/uploads\/2021\/08\/image_Improvisation-Gorge_680-scaled.jpg\",\"width\":2560,\"height\":2548,\"caption\":\"Vasilij Kandinski - Improvisation. Gorge - Improviz\u00e1ci\u00f3. Szurdok - REPRODUKCI\u00d3I - V\u00e1szonk\u00e9p - Festm\u00e9nyek reprodukci\u00f3i - Absztrakt Festm\u00e9ny - Modern Festm\u00e9ny - Realisztikus Festm\u00e9ny - Olajfestm\u00e9ny - Falik\u00e9p\"},{\"@type\":\"BreadcrumbList\",\"@id\":\"https:\/\/svetslik.si\/hu\/vasilij-kandinski-hu\/improvisation-gorge\/#breadcrumb\",\"itemListElement\":[{\"@type\":\"ListItem\",\"position\":1,\"name\":\"Wall art and paintings on canvas\",\"item\":\"https:\/\/svetslik.si\/hu\/\"},{\"@type\":\"ListItem\",\"position\":2,\"name\":\"Festm\u00e9nyek elad\u00e1sa\",\"item\":\"https:\/\/svetslik.si\/prodaja-slik\/\"},{\"@type\":\"ListItem\",\"position\":3,\"name\":\"Vasilij Kandinski &#8211; Improvisation. Gorge\"}]},{\"@type\":\"WebSite\",\"@id\":\"https:\/\/svetslik.si\/hu\/#website\",\"url\":\"https:\/\/svetslik.si\/hu\/\",\"name\":\"SVETSLIK.SI\",\"description\":\"100%-ban k\u00e9zzel festett reprodukci\u00f3k h\u00edres fest\u0151k festm\u00e9nyeir\u0151l \u00e9s festm\u00e9nyekr\u0151l v\u00e1szonra.\",\"publisher\":{\"@id\":\"https:\/\/svetslik.si\/hu\/#organization\"},\"potentialAction\":[{\"@type\":\"SearchAction\",\"target\":{\"@type\":\"EntryPoint\",\"urlTemplate\":\"https:\/\/svetslik.si\/hu\/?s={search_term_string}\"},\"query-input\":{\"@type\":\"PropertyValueSpecification\",\"valueRequired\":true,\"valueName\":\"search_term_string\"}}],\"inLanguage\":\"hu\"},{\"@type\":\"Organization\",\"@id\":\"https:\/\/svetslik.si\/hu\/#organization\",\"name\":\"SvetSlik.si\",\"url\":\"https:\/\/svetslik.si\/hu\/\",\"logo\":{\"@type\":\"ImageObject\",\"inLanguage\":\"hu\",\"@id\":\"https:\/\/svetslik.si\/hu\/#\/schema\/logo\/image\/\",\"url\":\"https:\/\/svetslik.si\/wp-content\/uploads\/2020\/12\/logo-512.png\",\"contentUrl\":\"https:\/\/svetslik.si\/wp-content\/uploads\/2020\/12\/logo-512.png\",\"width\":512,\"height\":512,\"caption\":\"SvetSlik.si\"},\"image\":{\"@id\":\"https:\/\/svetslik.si\/hu\/#\/schema\/logo\/image\/\"},\"sameAs\":[\"https:\/\/www.facebook.com\/svetslik.si\",\"https:\/\/x.com\/svetslik\",\"https:\/\/www.instagram.com\/svetslik.si\/\",\"https:\/\/www.linkedin.com\/company\/svetslik-si\"]}]}<\/script>\n<meta property=\"og:availability\" content=\"backorder\" \/>\n<meta property=\"product:availability\" content=\"available for order\" \/>\n<meta property=\"product:retailer_item_id\" content=\"101__\" \/>\n<meta property=\"product:condition\" content=\"new\" \/>\n<!-- \/ Yoast SEO Premium plugin. -->","yoast_head_json":{"title":"Vasilij Kandinski - Improvisation. Gorge - SVETSLIK.SI - 100% k\u00e9zzel festett","description":"Vasilij Kandinski - Improvisation. Gorge - 100% k\u00e9zzel festett h\u00edres festm\u00e9nyek reprodukci\u00f3i. Festm\u00e9nyek keretez\u00e9se, elad\u00e1sa \u00e9s egyedi rendel\u00e9sre t\u00f6rt\u00e9n\u0151 v\u00e1szonk\u00e9pek k\u00e9sz\u00edt\u00e9se.","robots":{"index":"index","follow":"follow","max-snippet":"max-snippet:-1","max-image-preview":"max-image-preview:large","max-video-preview":"max-video-preview:-1"},"canonical":"https:\/\/svetslik.si\/hu\/vasilij-kandinski-hu\/improvisation-gorge\/","og_locale":"hu_HU","og_type":"article","og_title":"Vasilij Kandinski - Improvisation. Gorge","og_description":"100% ro\u010dno naslikane slike na platnu, reprodukcije znanih slikarjev in umetni\u0161ke slike po naro\u010dilu.","og_url":"https:\/\/svetslik.si\/hu\/vasilij-kandinski-hu\/improvisation-gorge\/","og_site_name":"SVETSLIK.SI","article_publisher":"https:\/\/www.facebook.com\/svetslik.si","article_modified_time":"2026-03-22T20:13:55+00:00","og_image":[{"width":2560,"height":2548,"url":"https:\/\/svetslik.si\/wp-content\/uploads\/2021\/08\/image_Improvisation-Gorge_680-scaled.jpg","type":"image\/jpeg"}],"twitter_card":"summary_large_image","twitter_site":"@svetslik","twitter_misc":{"El\u00e9rhet\u0151s\u00e9g":"Beszerz\u00e9s alatt"},"schema":{"@context":"https:\/\/schema.org","@graph":[{"@type":["WebPage","ItemPage"],"@id":"https:\/\/svetslik.si\/hu\/vasilij-kandinski-hu\/improvisation-gorge\/","url":"https:\/\/svetslik.si\/hu\/vasilij-kandinski-hu\/improvisation-gorge\/","name":"Vasilij Kandinski - Improvisation. Gorge - SVETSLIK.SI - 100% k\u00e9zzel festett","isPartOf":{"@id":"https:\/\/svetslik.si\/hu\/#website"},"primaryImageOfPage":{"@id":"https:\/\/svetslik.si\/hu\/vasilij-kandinski-hu\/improvisation-gorge\/#primaryimage"},"image":{"@id":"https:\/\/svetslik.si\/hu\/vasilij-kandinski-hu\/improvisation-gorge\/#primaryimage"},"thumbnailUrl":"https:\/\/svetslik.si\/wp-content\/uploads\/2021\/08\/image_Improvisation-Gorge_680-scaled.jpg","datePublished":"2021-09-02T15:44:22+00:00","dateModified":"2026-03-22T20:13:55+00:00","description":"Vasilij Kandinski - Improvisation. Gorge - 100% k\u00e9zzel festett h\u00edres festm\u00e9nyek reprodukci\u00f3i. Festm\u00e9nyek keretez\u00e9se, elad\u00e1sa \u00e9s egyedi rendel\u00e9sre t\u00f6rt\u00e9n\u0151 v\u00e1szonk\u00e9pek k\u00e9sz\u00edt\u00e9se.","breadcrumb":{"@id":"https:\/\/svetslik.si\/hu\/vasilij-kandinski-hu\/improvisation-gorge\/#breadcrumb"},"inLanguage":"hu","potentialAction":[{"@type":"ReadAction","target":["https:\/\/svetslik.si\/hu\/vasilij-kandinski-hu\/improvisation-gorge\/"]}]},{"@type":"ImageObject","inLanguage":"hu","@id":"https:\/\/svetslik.si\/hu\/vasilij-kandinski-hu\/improvisation-gorge\/#primaryimage","url":"https:\/\/svetslik.si\/wp-content\/uploads\/2021\/08\/image_Improvisation-Gorge_680-scaled.jpg","contentUrl":"https:\/\/svetslik.si\/wp-content\/uploads\/2021\/08\/image_Improvisation-Gorge_680-scaled.jpg","width":2560,"height":2548,"caption":"Vasilij Kandinski - Improvisation. Gorge - Improviz\u00e1ci\u00f3. Szurdok - REPRODUKCI\u00d3I - V\u00e1szonk\u00e9p - Festm\u00e9nyek reprodukci\u00f3i - Absztrakt Festm\u00e9ny - Modern Festm\u00e9ny - Realisztikus Festm\u00e9ny - Olajfestm\u00e9ny - Falik\u00e9p"},{"@type":"BreadcrumbList","@id":"https:\/\/svetslik.si\/hu\/vasilij-kandinski-hu\/improvisation-gorge\/#breadcrumb","itemListElement":[{"@type":"ListItem","position":1,"name":"Wall art and paintings on canvas","item":"https:\/\/svetslik.si\/hu\/"},{"@type":"ListItem","position":2,"name":"Festm\u00e9nyek elad\u00e1sa","item":"https:\/\/svetslik.si\/prodaja-slik\/"},{"@type":"ListItem","position":3,"name":"Vasilij Kandinski &#8211; Improvisation. Gorge"}]},{"@type":"WebSite","@id":"https:\/\/svetslik.si\/hu\/#website","url":"https:\/\/svetslik.si\/hu\/","name":"SVETSLIK.SI","description":"100%-ban k\u00e9zzel festett reprodukci\u00f3k h\u00edres fest\u0151k festm\u00e9nyeir\u0151l \u00e9s festm\u00e9nyekr\u0151l v\u00e1szonra.","publisher":{"@id":"https:\/\/svetslik.si\/hu\/#organization"},"potentialAction":[{"@type":"SearchAction","target":{"@type":"EntryPoint","urlTemplate":"https:\/\/svetslik.si\/hu\/?s={search_term_string}"},"query-input":{"@type":"PropertyValueSpecification","valueRequired":true,"valueName":"search_term_string"}}],"inLanguage":"hu"},{"@type":"Organization","@id":"https:\/\/svetslik.si\/hu\/#organization","name":"SvetSlik.si","url":"https:\/\/svetslik.si\/hu\/","logo":{"@type":"ImageObject","inLanguage":"hu","@id":"https:\/\/svetslik.si\/hu\/#\/schema\/logo\/image\/","url":"https:\/\/svetslik.si\/wp-content\/uploads\/2020\/12\/logo-512.png","contentUrl":"https:\/\/svetslik.si\/wp-content\/uploads\/2020\/12\/logo-512.png","width":512,"height":512,"caption":"SvetSlik.si"},"image":{"@id":"https:\/\/svetslik.si\/hu\/#\/schema\/logo\/image\/"},"sameAs":["https:\/\/www.facebook.com\/svetslik.si","https:\/\/x.com\/svetslik","https:\/\/www.instagram.com\/svetslik.si\/","https:\/\/www.linkedin.com\/company\/svetslik-si"]}]},"og_availability":"backorder","product_availability":"available for order","product_retailer_item_id":"101__","product_condition":"new"},"jetpack_sharing_enabled":true,"_links":{"self":[{"href":"https:\/\/svetslik.si\/hu\/wp-json\/wp\/v2\/product\/52547","targetHints":{"allow":["GET"]}}],"collection":[{"href":"https:\/\/svetslik.si\/hu\/wp-json\/wp\/v2\/product"}],"about":[{"href":"https:\/\/svetslik.si\/hu\/wp-json\/wp\/v2\/types\/product"}],"wp:featuredmedia":[{"embeddable":true,"href":"https:\/\/svetslik.si\/hu\/wp-json\/wp\/v2\/media\/49656"}],"wp:attachment":[{"href":"https:\/\/svetslik.si\/hu\/wp-json\/wp\/v2\/media?parent=52547"}],"wp:term":[{"taxonomy":"product_brand","embeddable":true,"href":"https:\/\/svetslik.si\/hu\/wp-json\/wp\/v2\/product_brand?post=52547"},{"taxonomy":"product_cat","embeddable":true,"href":"https:\/\/svetslik.si\/hu\/wp-json\/wp\/v2\/product_cat?post=52547"},{"taxonomy":"product_tag","embeddable":true,"href":"https:\/\/svetslik.si\/hu\/wp-json\/wp\/v2\/product_tag?post=52547"}],"curies":[{"name":"wp","href":"https:\/\/api.w.org\/{rel}","templated":true}]}}