{"id":52727,"date":"2021-09-02T17:45:26","date_gmt":"2021-09-02T15:45:26","guid":{"rendered":"https:\/\/svetslik.si\/nem-kategorizalt\/persistance-of-memory\/"},"modified":"2026-03-22T21:17:51","modified_gmt":"2026-03-22T20:17:51","slug":"persistance-of-memory","status":"publish","type":"product","link":"https:\/\/svetslik.si\/hu\/salvador-dali-hu\/persistance-of-memory\/","title":{"rendered":"Salvador Dali &#8211; Persistance of memory"},"content":{"rendered":"<div class=\"wpb-content-wrapper\">[vc_row][vc_column][vc_column_text]\n<h1>Salvador Dali \u2013 Az eml\u00e9kezet fennmarad\u00e1sa<\/h1>\n<p>&nbsp;<\/p>\n<table style=\"width: 673px\" border=\"0\" width=\"673\" cellpadding=\"0\">\n<tbody>\n<tr>\n<td style=\"width: 180px;height: 21px\" height=\"21\">L\u00e9trehoz\u00e1s \u00e9ve:<\/td>\n<td style=\"width: 493px\">1931<\/td>\n<\/tr>\n<tr>\n<td style=\"width: 180px;height: 21px\" height=\"21\">Eredeti m\u00e9ret:<\/td>\n<td style=\"width: 493px\">33 cm x 24,1 cm<\/td>\n<\/tr>\n<tr>\n<td style=\"width: 180px;height: 21px\" height=\"21\">Fest\u00e9si st\u00edlus:<\/td>\n<td>\n<div>\n<div>\n<div>\n<div>\n<div>\n<p>Sz\u00fcrrealizmus<\/p>\n<\/div>\n<\/div>\n<\/div>\n<\/div>\n<\/div>\n<\/td>\n<\/tr>\n<tr>\n<td style=\"width: 180px;height: 21px\" height=\"21\">Eredeti technika:<\/td>\n<td>Olaj, v\u00e1szon<\/td>\n<\/tr>\n<tr>\n<td style=\"width: 180px;height: 21px\" height=\"21\">Helysz\u00edn:<\/td>\n<td>New York-i Modern M\u0171v\u00e9szetek M\u00fazeuma<\/td>\n<\/tr>\n<\/tbody>\n<colgroup>\n<col \/>\n<col \/> <\/colgroup>\n<\/table>\n[\/vc_column_text][\/vc_column][\/vc_row][vc_row css=&#8221;.vc_custom_1671119504264{margin-bottom: 10px !important;}&#8221;][vc_column]\t<div class=\"et-image-672 et-image     et_image_link\">\n\t\t<div class=\"et-image-inner \">\n\t\t\t\t\t\t\t<div class=\"et-image-thumb \">\n\t\t\t\t\t\t\t\t\t\t\t<img decoding=\"async\" src=\"https:\/\/svetslik.si\/wp-content\/themes\/goya\/assets\/img\/placeholder.png\" \/>\n\t\t\t\t\t\t\t\t\t<\/div>\n\t\t\t\t\t\t\t\t\t\t\t\t\t<div class=\"et-image-content\">\n\t\t\t\t\t<p>[\/vc_column][\/vc_row][vc_row css=&#8221;.vc_custom_1671119504264{margin-bottom: 10px !important;}&#8221;][vc_column]\t<div class=\"et-image-639 et-image     et_image_link\">\n\t\t<div class=\"et-image-inner \">\n\t\t\t\t\t\t\t<div class=\"et-image-thumb \">\n\t\t\t\t\t<img decoding=\"async\" width=\"1958\" height=\"2560\" src=\"https:\/\/svetslik.si\/wp-content\/uploads\/2021\/09\/Salvador-Dali-\u2013-Persistance-of-memory-4-scaled.jpg\" class=\"attachment-full\" alt=\"Salvador Dali - Persistance of memory\" title=\"Salvador Dali - Persistance of memory\" srcset=\"https:\/\/svetslik.si\/wp-content\/uploads\/2021\/09\/Salvador-Dali-\u2013-Persistance-of-memory-4-scaled.jpg 1958w, https:\/\/svetslik.si\/wp-content\/uploads\/2021\/09\/Salvador-Dali-\u2013-Persistance-of-memory-4-scaled-600x784.jpg 600w, https:\/\/svetslik.si\/wp-content\/uploads\/2021\/09\/Salvador-Dali-\u2013-Persistance-of-memory-4-scaled-1200x1569.jpg 1200w, https:\/\/svetslik.si\/wp-content\/uploads\/2021\/09\/Salvador-Dali-\u2013-Persistance-of-memory-4-229x300.jpg 229w, https:\/\/svetslik.si\/wp-content\/uploads\/2021\/09\/Salvador-Dali-\u2013-Persistance-of-memory-4-783x1024.jpg 783w, https:\/\/svetslik.si\/wp-content\/uploads\/2021\/09\/Salvador-Dali-\u2013-Persistance-of-memory-4-768x1004.jpg 768w, https:\/\/svetslik.si\/wp-content\/uploads\/2021\/09\/Salvador-Dali-\u2013-Persistance-of-memory-4-1175x1536.jpg 1175w, https:\/\/svetslik.si\/wp-content\/uploads\/2021\/09\/Salvador-Dali-\u2013-Persistance-of-memory-4-1567x2048.jpg 1567w, https:\/\/svetslik.si\/wp-content\/uploads\/2021\/09\/Salvador-Dali-\u2013-Persistance-of-memory-4-9x12.jpg 9w, https:\/\/svetslik.si\/wp-content\/uploads\/2021\/09\/Salvador-Dali-\u2013-Persistance-of-memory-4-115x150.jpg 115w, https:\/\/svetslik.si\/wp-content\/uploads\/2021\/09\/Salvador-Dali-\u2013-Persistance-of-memory-4-1320x1726.jpg 1320w\" sizes=\"(max-width: 1958px) 100vw, 1958px\" \/>\t\t\t\t<\/div>\n\t\t\t\t\t\t\t\t\t\t\t<\/div>\n\t<\/div>\n  [\/et_ vc_column][\/vc_row][vc_row css=&#8221;.vc_custom_1671119504264{margin-bottom: 10px !important;}&#8221;][vc_column]\t<div class=\"et-image-524 et-image     et_image_link\">\n\t\t<div class=\"et-image-inner \">\n\t\t\t\t\t\t\t<div class=\"et-image-thumb \">\n\t\t\t\t\t<img decoding=\"async\" width=\"2252\" height=\"2512\" src=\"https:\/\/svetslik.si\/wp-content\/uploads\/2021\/09\/Salvador-Dali-\u2013-Persistance-of-memory-3.jpg\" class=\"attachment-full\" alt=\"Salvador Dali - Persistance of memory\" title=\"Salvador Dali - Persistance of memory\" srcset=\"https:\/\/svetslik.si\/wp-content\/uploads\/2021\/09\/Salvador-Dali-\u2013-Persistance-of-memory-3.jpg 2252w, https:\/\/svetslik.si\/wp-content\/uploads\/2021\/09\/Salvador-Dali-\u2013-Persistance-of-memory-3-600x669.jpg 600w, https:\/\/svetslik.si\/wp-content\/uploads\/2021\/09\/Salvador-Dali-\u2013-Persistance-of-memory-3-1200x1339.jpg 1200w, https:\/\/svetslik.si\/wp-content\/uploads\/2021\/09\/Salvador-Dali-\u2013-Persistance-of-memory-3-269x300.jpg 269w, https:\/\/svetslik.si\/wp-content\/uploads\/2021\/09\/Salvador-Dali-\u2013-Persistance-of-memory-3-918x1024.jpg 918w, https:\/\/svetslik.si\/wp-content\/uploads\/2021\/09\/Salvador-Dali-\u2013-Persistance-of-memory-3-768x857.jpg 768w, https:\/\/svetslik.si\/wp-content\/uploads\/2021\/09\/Salvador-Dali-\u2013-Persistance-of-memory-3-1377x1536.jpg 1377w, https:\/\/svetslik.si\/wp-content\/uploads\/2021\/09\/Salvador-Dali-\u2013-Persistance-of-memory-3-1836x2048.jpg 1836w, https:\/\/svetslik.si\/wp-content\/uploads\/2021\/09\/Salvador-Dali-\u2013-Persistance-of-memory-3-11x12.jpg 11w, https:\/\/svetslik.si\/wp-content\/uploads\/2021\/09\/Salvador-Dali-\u2013-Persistance-of-memory-3-134x150.jpg 134w, https:\/\/svetslik.si\/wp-content\/uploads\/2021\/09\/Salvador-Dali-\u2013-Persistance-of-memory-3-1320x1472.jpg 1320w\" sizes=\"(max-width: 2252px) 100vw, 2252px\" \/>\t\t\t\t<\/div>\n\t\t\t\t\t\t\t\t\t\t\t<\/div>\n\t<\/div>\n  [\/vc_image][n][vc_image][n \/vc_row][vc_row css=&#8221;.vc_custom_1671119504264{margin-bottom: 10px !important;}&#8221;][vc_column]\t<div class=\"et-image-102 et-image     et_image_link\">\n\t\t<div class=\"et-image-inner \">\n\t\t\t\t\t\t\t<div class=\"et-image-thumb \">\n\t\t\t\t\t<img decoding=\"async\" width=\"2560\" height=\"1441\" src=\"https:\/\/svetslik.si\/wp-content\/uploads\/2021\/09\/Salvador-Dali-\u2013-Persistance-of-memory-2-scaled.jpg\" class=\"attachment-full\" alt=\"Salvador Dali \u2013 Persistance of memory - Salvador Dali - Az id\u0151k ellen\u00e1ll\u00e1sa festm\u00e9nyek\" title=\"Salvador Dali \u2013 Persistance of memory - Salvador Dali - Az id\u0151k ellen\u00e1ll\u00e1sa festm\u00e9nyek\" srcset=\"https:\/\/svetslik.si\/wp-content\/uploads\/2021\/09\/Salvador-Dali-\u2013-Persistance-of-memory-2-scaled.jpg 2560w, https:\/\/svetslik.si\/wp-content\/uploads\/2021\/09\/Salvador-Dali-\u2013-Persistance-of-memory-2-scaled-600x338.jpg 600w, https:\/\/svetslik.si\/wp-content\/uploads\/2021\/09\/Salvador-Dali-\u2013-Persistance-of-memory-2-scaled-1200x675.jpg 1200w, https:\/\/svetslik.si\/wp-content\/uploads\/2021\/09\/Salvador-Dali-\u2013-Persistance-of-memory-2-300x169.jpg 300w, https:\/\/svetslik.si\/wp-content\/uploads\/2021\/09\/Salvador-Dali-\u2013-Persistance-of-memory-2-1024x577.jpg 1024w, https:\/\/svetslik.si\/wp-content\/uploads\/2021\/09\/Salvador-Dali-\u2013-Persistance-of-memory-2-768x432.jpg 768w, https:\/\/svetslik.si\/wp-content\/uploads\/2021\/09\/Salvador-Dali-\u2013-Persistance-of-memory-2-1536x865.jpg 1536w, https:\/\/svetslik.si\/wp-content\/uploads\/2021\/09\/Salvador-Dali-\u2013-Persistance-of-memory-2-2048x1153.jpg 2048w, https:\/\/svetslik.si\/wp-content\/uploads\/2021\/09\/Salvador-Dali-\u2013-Persistance-of-memory-2-18x10.jpg 18w, https:\/\/svetslik.si\/wp-content\/uploads\/2021\/09\/Salvador-Dali-\u2013-Persistance-of-memory-2-150x84.jpg 150w, https:\/\/svetslik.si\/wp-content\/uploads\/2021\/09\/Salvador-Dali-\u2013-Persistance-of-memory-2-1320x743.jpg 1320w\" sizes=\"(max-width: 2560px) 100vw, 2560px\" \/>\t\t\t\t<\/div>\n\t\t\t\t\t\t\t\t\t\t\t<\/div>\n\t<\/div>\n\t\t\t\t<\/div>\n\t\t\t\t\t<\/div>\n\t<\/div>\n  [\/vc_colum] [vc_row css=&#8221;.vc_custom_1671119504264{margin-bottom: 10px !important;}&#8221;][vc_column]\t<div class=\"et-image-169 et-image     et_image_link\">\n\t\t<div class=\"et-image-inner \">\n\t\t\t\t\t\t\t<div class=\"et-image-thumb \">\n\t\t\t\t\t<img decoding=\"async\" width=\"2560\" height=\"1441\" src=\"https:\/\/svetslik.si\/wp-content\/uploads\/2021\/09\/Salvador-Dali-\u2013-Persistance-of-memory-1-scaled.jpg\" class=\"attachment-full\" alt=\"Salvador Dali \u2013 Persistance of memory - Salvador Dali - Az id\u0151k ellen\u00e1ll\u00e1sa festm\u00e9nyek\" title=\"Salvador Dali \u2013 Persistance of memory - Salvador Dali - Az id\u0151k ellen\u00e1ll\u00e1sa festm\u00e9nyek\" srcset=\"https:\/\/svetslik.si\/wp-content\/uploads\/2021\/09\/Salvador-Dali-\u2013-Persistance-of-memory-1-scaled.jpg 2560w, https:\/\/svetslik.si\/wp-content\/uploads\/2021\/09\/Salvador-Dali-\u2013-Persistance-of-memory-1-scaled-600x338.jpg 600w, https:\/\/svetslik.si\/wp-content\/uploads\/2021\/09\/Salvador-Dali-\u2013-Persistance-of-memory-1-scaled-1200x675.jpg 1200w, https:\/\/svetslik.si\/wp-content\/uploads\/2021\/09\/Salvador-Dali-\u2013-Persistance-of-memory-1-300x169.jpg 300w, https:\/\/svetslik.si\/wp-content\/uploads\/2021\/09\/Salvador-Dali-\u2013-Persistance-of-memory-1-1024x577.jpg 1024w, https:\/\/svetslik.si\/wp-content\/uploads\/2021\/09\/Salvador-Dali-\u2013-Persistance-of-memory-1-768x432.jpg 768w, https:\/\/svetslik.si\/wp-content\/uploads\/2021\/09\/Salvador-Dali-\u2013-Persistance-of-memory-1-1536x865.jpg 1536w, https:\/\/svetslik.si\/wp-content\/uploads\/2021\/09\/Salvador-Dali-\u2013-Persistance-of-memory-1-2048x1153.jpg 2048w, https:\/\/svetslik.si\/wp-content\/uploads\/2021\/09\/Salvador-Dali-\u2013-Persistance-of-memory-1-18x10.jpg 18w, https:\/\/svetslik.si\/wp-content\/uploads\/2021\/09\/Salvador-Dali-\u2013-Persistance-of-memory-1-150x84.jpg 150w, https:\/\/svetslik.si\/wp-content\/uploads\/2021\/09\/Salvador-Dali-\u2013-Persistance-of-memory-1-1320x743.jpg 1320w\" sizes=\"(max-width: 2560px) 100vw, 2560px\" \/>\t\t\t\t<\/div>\n\t\t\t\t\t\t\t\t\t\t\t<\/div>\n\t<\/div>\n  [\/vc_column][\/vcrow_row] [vc_column][vc_column_text]Salvador Dali &#8220;Az eml\u00e9kezet kitart\u00e1sa&#8221; c\u00edm\u0171 festm\u00e9nye a 20. sz\u00e1zad egyik legismertebb \u00e9s legikonikusabb festm\u00e9nye. Az 1931-ben festett sz\u00fcrrealista remekm\u0171 a sz\u00fcrrealista mozgalom remekm\u0171ve. A festm\u00e9ny olvad\u00f3 zseb\u00f3r\u00e1kat \u00e1br\u00e1zol k\u00fcl\u00f6nf\u00e9le fel\u00fcletekre, k\u00f6zt\u00fck emberi arcra, \u00e9s komment\u00e1lja az id\u0151 g\u00f6rd\u00fcl\u00e9kenys\u00e9g\u00e9t \u00e9s az emberi felfog\u00e1st.<\/p>\n<p>A festm\u00e9ny meglehet\u0151sen kicsi, mind\u00f6ssze 24 x 33 cm-es, de rendk\u00edv\u00fcl er\u0151teljes a felt\u0171n\u0151 k\u00e9pvil\u00e1g\u00e1val \u00e9s szimbolik\u00e1j\u00e1val. Az \u00f3r\u00e1k olvad\u00e1sa az id\u0151 foly\u00e9konys\u00e1g\u00e1nak vizu\u00e1lis megjelen\u00edt\u00e9se, m\u00edg a k\u00e9p k\u00f6zep\u00e9n l\u00e9v\u0151 eltorzult emberi arc az emberi \u00e9rz\u00e9kel\u00e9s torz term\u00e9szet\u00e9t k\u00e9pviseli. A festm\u00e9nyen egy torz, kihalt t\u00e1j is l\u00e1that\u00f3, amely t\u00fckr\u00f6zi a m\u0171v\u00e9sz t\u00e9rfoglalkoz\u00e1s\u00e1t \u00e9s az id\u0151 m\u00fal\u00e1s\u00e1t.<\/p>\n<p>Figyelemre m\u00e9lt\u00f3 Dal\u00ed technik\u00e1ja ezen a festm\u00e9nyen is. A &#8220;paranoid-kritikai m\u00f3dszernek&#8221; nevezett technik\u00e1t haszn\u00e1lta, amelyben egy t\u00e1rgyra vagy k\u00e9pre \u00f6sszpontos\u00edtott, majd hagyta, hogy elm\u00e9je elkalandozzon, l\u00e9trehozva egy \u00e1lom\u00e1llapotot, amelyben felt\u00e1rhatta tudatalatti gondolatait \u00e9s szorong\u00e1sait. Ez a technika lehet\u0151v\u00e9 tette sz\u00e1m\u00e1ra, hogy nagyon \u00f6tletes \u00e9s sz\u00fcrre\u00e1lis k\u00e9peket alkosson festm\u00e9nyein.<\/p>\n<p>A Persistence of Memory festm\u00e9ny jelenleg a New York-i Modern M\u0171v\u00e9szetek M\u00fazeum\u00e1ban l\u00e1that\u00f3, \u00e9s a 20. sz\u00e1zad egyik legfontosabb m\u0171alkot\u00e1sak\u00e9nt tartj\u00e1k sz\u00e1mon. Kihagyhatatlan l\u00e1tnival\u00f3 a m\u0171v\u00e9szet szerelmeseinek \u00e9s Salvador Dal\u00ed m\u0171veinek csod\u00e1l\u00f3inak. A festm\u00e9ny ismerts\u00e9g\u00e9t \u00e9s fontoss\u00e1g\u00e1t az is bizony\u00edtja, hogy az arculat\u00e1val rengeteg reprodukci\u00f3t \u00e9s \u00e1rut tal\u00e1lhatunk.<\/p>\n<p>\u00d6sszefoglalva, Salvador Dali &#8220;Az eml\u00e9kezet kitart\u00e1sa&#8221; egy felt\u0171n\u0151 \u00e9s ikonikus festm\u00e9ny, amely az id\u0151 foly\u00e9konys\u00e1g\u00e1t \u00e9s annak emberi felfog\u00e1s\u00e1t t\u00e1rja fel sz\u00fcrre\u00e1lis k\u00e9peken \u00e9s szimbolik\u00e1n kereszt\u00fcl. A festm\u00e9ny kis m\u00e9rete er\u0151teljes hat\u00e1s\u00e1r\u00f3l tan\u00faskodik, \u00e9s tov\u00e1bbra is kihagyhatatlan a m\u0171v\u00e9szet \u00e9s Dali munk\u00e1inak rajong\u00f3inak. Ez a festm\u00e9ny remek p\u00e9ld\u00e1ja annak, hogyan lehet egy m\u0171alkot\u00e1sra \u00e9vtizedekkel a l\u00e9trehoz\u00e1sa ut\u00e1n eml\u00e9kezni \u00e9s befoly\u00e1solni.[\/vc_column_text][\/vc_column][\/vc_row]\n<\/div>","protected":false},"excerpt":{"rendered":"<p>[vc_row][vc_column][vc_column_text] Salvador Dali \u2013 Az eml\u00e9kezet fennmarad\u00e1sa &nbsp; L\u00e9trehoz\u00e1s \u00e9ve: 1931 Eredeti m\u00e9ret: 33 cm x 24,1 cm Fest\u00e9si st\u00edlus: Sz\u00fcrrealizmus Eredeti technika: Olaj, v\u00e1szon Helysz\u00edn: New York-i Modern M\u0171v\u00e9szetek M\u00fazeuma [\/vc_column_text][\/vc_column][\/vc_row][vc_row css=&#8221;.vc_custom_1671119504264{margin-bottom: 10px !important;}&#8221;][vc_column][\/vc_colum] [vc_row css=&#8221;.vc_custom_1671119504264{margin-bottom: 10px !important;}&#8221;][vc_column][\/vc_column][\/vcrow_row] [vc_column][vc_column_text]Salvador Dali &#8220;Az eml\u00e9kezet kitart\u00e1sa&#8221; c\u00edm\u0171 festm\u00e9nye a 20. sz\u00e1zad egyik [&hellip;]<\/p>\n","protected":false},"featured_media":50073,"template":"","meta":{"_acf_changed":false},"product_brand":[],"product_cat":[7134],"product_tag":[7163,11885,11886,11887,7201],"class_list":{"0":"post-52727","1":"product","2":"type-product","3":"status-publish","4":"has-post-thumbnail","6":"product_cat-salvador-dali-hu","7":"product_tag-dali-hu","8":"product_tag-painter-hu","9":"product_tag-reproduction","10":"product_tag-reproductions-hu","11":"product_tag-salvador-dali-hu","12":"pa_dimenzija-120-x-160-cm-hu","13":"pa_dimenzija-150-x-200-cm-hu","14":"pa_dimenzija-25-x-33-cm-hu","15":"pa_dimenzija-50-x-70-cm-hu","16":"pa_dimenzija-60-x-80-cm-hu","17":"pa_dimenzija-70-x-100-cm-hu","18":"pa_dimenzija-80-x-110-cm-hu","19":"pa_dimenzija-90-x-120-cm-hu","20":"pa_oblika-vizszintes","21":"pa_okvir-nincs-keret","22":"pa_podokvir-igen","23":"pa_podokvir-nem","25":"first","26":"instock","27":"purchasable","28":"product-type-variable","29":"has-default-attributes"},"acf":[],"yoast_head":"<!-- This site is optimized with the Yoast SEO Premium plugin v26.0 (Yoast SEO v27.2) - https:\/\/yoast.com\/product\/yoast-seo-premium-wordpress\/ -->\n<title>Salvador Dali - Persistance of memory - SVETSLIK.SI - 100% k\u00e9zzel festett<\/title>\n<meta name=\"description\" content=\"Salvador Dali - Persistance of memory - 100% k\u00e9zzel festett h\u00edres festm\u00e9nyek reprodukci\u00f3i. Festm\u00e9nyek keretez\u00e9se, elad\u00e1sa \u00e9s egyedi rendel\u00e9sre t\u00f6rt\u00e9n\u0151 v\u00e1szonk\u00e9pek k\u00e9sz\u00edt\u00e9se.\" \/>\n<meta name=\"robots\" content=\"index, follow, max-snippet:-1, max-image-preview:large, max-video-preview:-1\" \/>\n<link rel=\"canonical\" href=\"https:\/\/svetslik.si\/hu\/salvador-dali-hu\/persistance-of-memory\/\" \/>\n<meta property=\"og:locale\" content=\"hu_HU\" \/>\n<meta property=\"og:type\" content=\"article\" \/>\n<meta property=\"og:title\" content=\"Salvador Dali - Persistance of memory\" \/>\n<meta property=\"og:description\" content=\"100% ro\u010dno naslikane slike na platnu, reprodukcije znanih slikarjev in umetni\u0161ke slike po naro\u010dilu.\" \/>\n<meta property=\"og:url\" content=\"https:\/\/svetslik.si\/hu\/salvador-dali-hu\/persistance-of-memory\/\" \/>\n<meta property=\"og:site_name\" content=\"SVETSLIK.SI\" \/>\n<meta property=\"article:publisher\" content=\"https:\/\/www.facebook.com\/svetslik.si\" \/>\n<meta property=\"article:modified_time\" content=\"2026-03-22T20:17:51+00:00\" \/>\n<meta property=\"og:image\" content=\"https:\/\/svetslik.si\/wp-content\/uploads\/2021\/08\/image_Studija-slike-Salvador-Dali-Persistance-of-memory_680.jpg\" \/>\n\t<meta property=\"og:image:width\" content=\"2362\" \/>\n\t<meta property=\"og:image:height\" content=\"1737\" \/>\n\t<meta property=\"og:image:type\" content=\"image\/jpeg\" \/>\n<meta name=\"twitter:card\" content=\"summary_large_image\" \/>\n<meta name=\"twitter:site\" content=\"@svetslik\" \/>\n<meta name=\"twitter:label1\" content=\"El\u00e9rhet\u0151s\u00e9g\" \/>\n\t<meta name=\"twitter:data1\" content=\"K\u00e9szleten\" \/>\n<script type=\"application\/ld+json\" class=\"yoast-schema-graph\">{\"@context\":\"https:\/\/schema.org\",\"@graph\":[{\"@type\":[\"WebPage\",\"ItemPage\"],\"@id\":\"https:\/\/svetslik.si\/hu\/salvador-dali-hu\/persistance-of-memory\/\",\"url\":\"https:\/\/svetslik.si\/hu\/salvador-dali-hu\/persistance-of-memory\/\",\"name\":\"Salvador Dali - Persistance of memory - SVETSLIK.SI - 100% k\u00e9zzel festett\",\"isPartOf\":{\"@id\":\"https:\/\/svetslik.si\/hu\/#website\"},\"primaryImageOfPage\":{\"@id\":\"https:\/\/svetslik.si\/hu\/salvador-dali-hu\/persistance-of-memory\/#primaryimage\"},\"image\":{\"@id\":\"https:\/\/svetslik.si\/hu\/salvador-dali-hu\/persistance-of-memory\/#primaryimage\"},\"thumbnailUrl\":\"https:\/\/svetslik.si\/wp-content\/uploads\/2021\/08\/image_Studija-slike-Salvador-Dali-Persistance-of-memory_680.jpg\",\"datePublished\":\"2021-09-02T15:45:26+00:00\",\"dateModified\":\"2026-03-22T20:17:51+00:00\",\"description\":\"Salvador Dali - Persistance of memory - 100% k\u00e9zzel festett h\u00edres festm\u00e9nyek reprodukci\u00f3i. Festm\u00e9nyek keretez\u00e9se, elad\u00e1sa \u00e9s egyedi rendel\u00e9sre t\u00f6rt\u00e9n\u0151 v\u00e1szonk\u00e9pek k\u00e9sz\u00edt\u00e9se.\",\"breadcrumb\":{\"@id\":\"https:\/\/svetslik.si\/hu\/salvador-dali-hu\/persistance-of-memory\/#breadcrumb\"},\"inLanguage\":\"hu\",\"potentialAction\":[{\"@type\":\"ReadAction\",\"target\":[\"https:\/\/svetslik.si\/hu\/salvador-dali-hu\/persistance-of-memory\/\"]}]},{\"@type\":\"ImageObject\",\"inLanguage\":\"hu\",\"@id\":\"https:\/\/svetslik.si\/hu\/salvador-dali-hu\/persistance-of-memory\/#primaryimage\",\"url\":\"https:\/\/svetslik.si\/wp-content\/uploads\/2021\/08\/image_Studija-slike-Salvador-Dali-Persistance-of-memory_680.jpg\",\"contentUrl\":\"https:\/\/svetslik.si\/wp-content\/uploads\/2021\/08\/image_Studija-slike-Salvador-Dali-Persistance-of-memory_680.jpg\",\"width\":2362,\"height\":1737,\"caption\":\"Salvador Dali - Persistence of Memory (Az id\u0151 \u00e1lland\u00f3s\u00e1ga) - Vazonk\u00e9p, festm\u00e9nyek, reprodukci\u00f3\"},{\"@type\":\"BreadcrumbList\",\"@id\":\"https:\/\/svetslik.si\/hu\/salvador-dali-hu\/persistance-of-memory\/#breadcrumb\",\"itemListElement\":[{\"@type\":\"ListItem\",\"position\":1,\"name\":\"Wall art and paintings on canvas\",\"item\":\"https:\/\/svetslik.si\/hu\/\"},{\"@type\":\"ListItem\",\"position\":2,\"name\":\"Festm\u00e9nyek elad\u00e1sa\",\"item\":\"https:\/\/svetslik.si\/prodaja-slik\/\"},{\"@type\":\"ListItem\",\"position\":3,\"name\":\"Salvador Dali &#8211; Persistance of memory\"}]},{\"@type\":\"WebSite\",\"@id\":\"https:\/\/svetslik.si\/hu\/#website\",\"url\":\"https:\/\/svetslik.si\/hu\/\",\"name\":\"SVETSLIK.SI\",\"description\":\"100%-ban k\u00e9zzel festett reprodukci\u00f3k h\u00edres fest\u0151k festm\u00e9nyeir\u0151l \u00e9s festm\u00e9nyekr\u0151l v\u00e1szonra.\",\"publisher\":{\"@id\":\"https:\/\/svetslik.si\/hu\/#organization\"},\"potentialAction\":[{\"@type\":\"SearchAction\",\"target\":{\"@type\":\"EntryPoint\",\"urlTemplate\":\"https:\/\/svetslik.si\/hu\/?s={search_term_string}\"},\"query-input\":{\"@type\":\"PropertyValueSpecification\",\"valueRequired\":true,\"valueName\":\"search_term_string\"}}],\"inLanguage\":\"hu\"},{\"@type\":\"Organization\",\"@id\":\"https:\/\/svetslik.si\/hu\/#organization\",\"name\":\"SvetSlik.si\",\"url\":\"https:\/\/svetslik.si\/hu\/\",\"logo\":{\"@type\":\"ImageObject\",\"inLanguage\":\"hu\",\"@id\":\"https:\/\/svetslik.si\/hu\/#\/schema\/logo\/image\/\",\"url\":\"https:\/\/svetslik.si\/wp-content\/uploads\/2020\/12\/logo-512.png\",\"contentUrl\":\"https:\/\/svetslik.si\/wp-content\/uploads\/2020\/12\/logo-512.png\",\"width\":512,\"height\":512,\"caption\":\"SvetSlik.si\"},\"image\":{\"@id\":\"https:\/\/svetslik.si\/hu\/#\/schema\/logo\/image\/\"},\"sameAs\":[\"https:\/\/www.facebook.com\/svetslik.si\",\"https:\/\/x.com\/svetslik\",\"https:\/\/www.instagram.com\/svetslik.si\/\",\"https:\/\/www.linkedin.com\/company\/svetslik-si\"]}]}<\/script>\n<meta property=\"og:availability\" content=\"instock\" \/>\n<meta property=\"product:availability\" content=\"instock\" \/>\n<meta property=\"product:retailer_item_id\" content=\"123__\" \/>\n<meta property=\"product:condition\" content=\"new\" \/>\n<!-- \/ Yoast SEO Premium plugin. -->","yoast_head_json":{"title":"Salvador Dali - Persistance of memory - SVETSLIK.SI - 100% k\u00e9zzel festett","description":"Salvador Dali - Persistance of memory - 100% k\u00e9zzel festett h\u00edres festm\u00e9nyek reprodukci\u00f3i. Festm\u00e9nyek keretez\u00e9se, elad\u00e1sa \u00e9s egyedi rendel\u00e9sre t\u00f6rt\u00e9n\u0151 v\u00e1szonk\u00e9pek k\u00e9sz\u00edt\u00e9se.","robots":{"index":"index","follow":"follow","max-snippet":"max-snippet:-1","max-image-preview":"max-image-preview:large","max-video-preview":"max-video-preview:-1"},"canonical":"https:\/\/svetslik.si\/hu\/salvador-dali-hu\/persistance-of-memory\/","og_locale":"hu_HU","og_type":"article","og_title":"Salvador Dali - Persistance of memory","og_description":"100% ro\u010dno naslikane slike na platnu, reprodukcije znanih slikarjev in umetni\u0161ke slike po naro\u010dilu.","og_url":"https:\/\/svetslik.si\/hu\/salvador-dali-hu\/persistance-of-memory\/","og_site_name":"SVETSLIK.SI","article_publisher":"https:\/\/www.facebook.com\/svetslik.si","article_modified_time":"2026-03-22T20:17:51+00:00","og_image":[{"width":2362,"height":1737,"url":"https:\/\/svetslik.si\/wp-content\/uploads\/2021\/08\/image_Studija-slike-Salvador-Dali-Persistance-of-memory_680.jpg","type":"image\/jpeg"}],"twitter_card":"summary_large_image","twitter_site":"@svetslik","twitter_misc":{"El\u00e9rhet\u0151s\u00e9g":"K\u00e9szleten"},"schema":{"@context":"https:\/\/schema.org","@graph":[{"@type":["WebPage","ItemPage"],"@id":"https:\/\/svetslik.si\/hu\/salvador-dali-hu\/persistance-of-memory\/","url":"https:\/\/svetslik.si\/hu\/salvador-dali-hu\/persistance-of-memory\/","name":"Salvador Dali - Persistance of memory - SVETSLIK.SI - 100% k\u00e9zzel festett","isPartOf":{"@id":"https:\/\/svetslik.si\/hu\/#website"},"primaryImageOfPage":{"@id":"https:\/\/svetslik.si\/hu\/salvador-dali-hu\/persistance-of-memory\/#primaryimage"},"image":{"@id":"https:\/\/svetslik.si\/hu\/salvador-dali-hu\/persistance-of-memory\/#primaryimage"},"thumbnailUrl":"https:\/\/svetslik.si\/wp-content\/uploads\/2021\/08\/image_Studija-slike-Salvador-Dali-Persistance-of-memory_680.jpg","datePublished":"2021-09-02T15:45:26+00:00","dateModified":"2026-03-22T20:17:51+00:00","description":"Salvador Dali - Persistance of memory - 100% k\u00e9zzel festett h\u00edres festm\u00e9nyek reprodukci\u00f3i. Festm\u00e9nyek keretez\u00e9se, elad\u00e1sa \u00e9s egyedi rendel\u00e9sre t\u00f6rt\u00e9n\u0151 v\u00e1szonk\u00e9pek k\u00e9sz\u00edt\u00e9se.","breadcrumb":{"@id":"https:\/\/svetslik.si\/hu\/salvador-dali-hu\/persistance-of-memory\/#breadcrumb"},"inLanguage":"hu","potentialAction":[{"@type":"ReadAction","target":["https:\/\/svetslik.si\/hu\/salvador-dali-hu\/persistance-of-memory\/"]}]},{"@type":"ImageObject","inLanguage":"hu","@id":"https:\/\/svetslik.si\/hu\/salvador-dali-hu\/persistance-of-memory\/#primaryimage","url":"https:\/\/svetslik.si\/wp-content\/uploads\/2021\/08\/image_Studija-slike-Salvador-Dali-Persistance-of-memory_680.jpg","contentUrl":"https:\/\/svetslik.si\/wp-content\/uploads\/2021\/08\/image_Studija-slike-Salvador-Dali-Persistance-of-memory_680.jpg","width":2362,"height":1737,"caption":"Salvador Dali - Persistence of Memory (Az id\u0151 \u00e1lland\u00f3s\u00e1ga) - Vazonk\u00e9p, festm\u00e9nyek, reprodukci\u00f3"},{"@type":"BreadcrumbList","@id":"https:\/\/svetslik.si\/hu\/salvador-dali-hu\/persistance-of-memory\/#breadcrumb","itemListElement":[{"@type":"ListItem","position":1,"name":"Wall art and paintings on canvas","item":"https:\/\/svetslik.si\/hu\/"},{"@type":"ListItem","position":2,"name":"Festm\u00e9nyek elad\u00e1sa","item":"https:\/\/svetslik.si\/prodaja-slik\/"},{"@type":"ListItem","position":3,"name":"Salvador Dali &#8211; Persistance of memory"}]},{"@type":"WebSite","@id":"https:\/\/svetslik.si\/hu\/#website","url":"https:\/\/svetslik.si\/hu\/","name":"SVETSLIK.SI","description":"100%-ban k\u00e9zzel festett reprodukci\u00f3k h\u00edres fest\u0151k festm\u00e9nyeir\u0151l \u00e9s festm\u00e9nyekr\u0151l v\u00e1szonra.","publisher":{"@id":"https:\/\/svetslik.si\/hu\/#organization"},"potentialAction":[{"@type":"SearchAction","target":{"@type":"EntryPoint","urlTemplate":"https:\/\/svetslik.si\/hu\/?s={search_term_string}"},"query-input":{"@type":"PropertyValueSpecification","valueRequired":true,"valueName":"search_term_string"}}],"inLanguage":"hu"},{"@type":"Organization","@id":"https:\/\/svetslik.si\/hu\/#organization","name":"SvetSlik.si","url":"https:\/\/svetslik.si\/hu\/","logo":{"@type":"ImageObject","inLanguage":"hu","@id":"https:\/\/svetslik.si\/hu\/#\/schema\/logo\/image\/","url":"https:\/\/svetslik.si\/wp-content\/uploads\/2020\/12\/logo-512.png","contentUrl":"https:\/\/svetslik.si\/wp-content\/uploads\/2020\/12\/logo-512.png","width":512,"height":512,"caption":"SvetSlik.si"},"image":{"@id":"https:\/\/svetslik.si\/hu\/#\/schema\/logo\/image\/"},"sameAs":["https:\/\/www.facebook.com\/svetslik.si","https:\/\/x.com\/svetslik","https:\/\/www.instagram.com\/svetslik.si\/","https:\/\/www.linkedin.com\/company\/svetslik-si"]}]},"og_availability":"instock","product_availability":"instock","product_retailer_item_id":"123__","product_condition":"new"},"jetpack_sharing_enabled":true,"_links":{"self":[{"href":"https:\/\/svetslik.si\/hu\/wp-json\/wp\/v2\/product\/52727","targetHints":{"allow":["GET"]}}],"collection":[{"href":"https:\/\/svetslik.si\/hu\/wp-json\/wp\/v2\/product"}],"about":[{"href":"https:\/\/svetslik.si\/hu\/wp-json\/wp\/v2\/types\/product"}],"wp:featuredmedia":[{"embeddable":true,"href":"https:\/\/svetslik.si\/hu\/wp-json\/wp\/v2\/media\/50073"}],"wp:attachment":[{"href":"https:\/\/svetslik.si\/hu\/wp-json\/wp\/v2\/media?parent=52727"}],"wp:term":[{"taxonomy":"product_brand","embeddable":true,"href":"https:\/\/svetslik.si\/hu\/wp-json\/wp\/v2\/product_brand?post=52727"},{"taxonomy":"product_cat","embeddable":true,"href":"https:\/\/svetslik.si\/hu\/wp-json\/wp\/v2\/product_cat?post=52727"},{"taxonomy":"product_tag","embeddable":true,"href":"https:\/\/svetslik.si\/hu\/wp-json\/wp\/v2\/product_tag?post=52727"}],"curies":[{"name":"wp","href":"https:\/\/api.w.org\/{rel}","templated":true}]}}