{"id":52753,"date":"2021-09-02T17:45:32","date_gmt":"2021-09-02T15:45:32","guid":{"rendered":"https:\/\/svetslik.si\/nem-kategorizalt\/crucifixion\/"},"modified":"2026-03-22T21:18:32","modified_gmt":"2026-03-22T20:18:32","slug":"crucifixion","status":"publish","type":"product","link":"https:\/\/svetslik.si\/hu\/salvador-dali-hu\/crucifixion\/","title":{"rendered":"Salvador Dali &#8211; Crucifixion"},"content":{"rendered":"<h1>Salvador Dali \u2013 Keresztre fesz\u00edt\u00e9s<\/h1>\n<p>&nbsp;<\/p>\n<table style=\"width: 673px\" border=\"0\" width=\"673\" cellpadding=\"0\">\n<tbody>\n<tr>\n<td style=\"width: 180px;height: 21px\" height=\"21\">L\u00e9trehoz\u00e1s \u00e9ve:<\/td>\n<td style=\"width: 493px\">1954<\/td>\n<\/tr>\n<tr>\n<td style=\"width: 180px;height: 21px\" height=\"21\">Eredeti m\u00e9ret:<\/td>\n<td style=\"width: 493px\">123,8 cm x 194,3 cm<\/td>\n<\/tr>\n<tr>\n<td style=\"width: 180px;height: 21px\" height=\"21\">Fest\u00e9si st\u00edlus:<\/td>\n<td>\n<div>\n<div>\n<div>\n<div>\n<div>Sz\u00fcrrealizmus<\/div>\n<\/div>\n<\/div>\n<\/div>\n<\/div>\n<\/td>\n<\/tr>\n<tr>\n<td style=\"width: 180px;height: 21px\" height=\"21\">Eredeti technika:<\/td>\n<td>Olaj, v\u00e1szon<\/td>\n<\/tr>\n<tr>\n<td style=\"width: 180px;height: 21px\" height=\"21\">Helysz\u00edn:<\/td>\n<td>\n<div>\n<div>\n<div>\n<div>\n<div>Metropolitan Museum of Art, New York<\/div>\n<\/div>\n<\/div>\n<\/div>\n<\/div>\n<\/td>\n<\/tr>\n<\/tbody>\n<colgroup>\n<col \/>\n<col \/> <\/colgroup>\n<\/table>\n<p>&nbsp;<\/p>\n<p>Salvador Dali &#8220;Keresztre fesz\u00edt\u00e9se&#8221; c\u00edm\u0171 festm\u00e9nye J\u00e9zus Krisztus keresztre fesz\u00edt\u00e9s\u00e9nek bibliai jelenet\u00e9t \u00e1br\u00e1zolja. A festm\u00e9nyt Dal\u00ed egyik legfontosabb vall\u00e1si alkot\u00e1sak\u00e9nt tartj\u00e1k sz\u00e1mon, \u00e9s er\u0151teljes p\u00e9ld\u00e1ja a sz\u00fcrrealizmus \u00e9s a vall\u00e1si szimbolika egyed\u00fcl\u00e1ll\u00f3 kever\u00e9k\u00e9nek.<\/p>\n<p>Dal\u00ed \u00e9rtelmez\u00e9se a keresztre fesz\u00edt\u00e9sr\u0151l sz\u00fcrrealista \u00e9s szimbolikus. A festm\u00e9ny k\u00f6zep\u00e9n egy nagy csavart kereszt tal\u00e1lhat\u00f3, amelyen Krisztus teste f\u00fcgg. A festm\u00e9ny h\u00e1tter\u00e9ben kietlen, sivatagszer\u0171 t\u00e1j l\u00e1that\u00f3, Krisztus mag\u00e1ny\u00e1t \u00e9s szenved\u00e9s\u00e9t jelk\u00e9pezi.<\/p>\n<p>A festm\u00e9ny egyik legszembet\u0171n\u0151bb eleme az a m\u00f3d, ahogyan Dal\u00ed \u00e1br\u00e1zolta Krisztus test\u00e9t. A val\u00f3s\u00e1gh\u0171 \u00e1br\u00e1zol\u00e1s helyett Dali egy \u00edvelt, hossz\u00fak\u00e1s testet haszn\u00e1lt a keresztrefesz\u00edt\u00e9s alatti f\u00e1jdalom \u00e9s szenved\u00e9s szimboliz\u00e1l\u00e1s\u00e1ra. A megny\u00falt ujjak \u00e9s l\u00e1bujjak egy\u00e9rtelm\u0171en utalnak a stigm\u00e1kra, azokra a sebekre, amelyekr\u0151l azt mondt\u00e1k, hogy Krisztus kez\u00e9n \u00e9s l\u00e1b\u00e1n a keresztre fesz\u00edt\u00e9s sor\u00e1n jelentek meg.<\/p>\n<p>A h\u00e1tt\u00e9rben a sivatagi t\u00e1j haszn\u00e1lata is szimbolikus. A kop\u00e1r t\u00e1j Krisztus mag\u00e1ny\u00e1t \u00e9s szenved\u00e9s\u00e9t, a festm\u00e9ny k\u00f6zep\u00e9n l\u00e1that\u00f3 csavart kereszt pedig a keresztre fesz\u00edt\u00e9s alatti f\u00e1jdalmat \u00e9s szenved\u00e9st szimboliz\u00e1lja.<\/p>\n<p>A festm\u00e9ny er\u0151teljesen \u00e1br\u00e1zolja a keresztre fesz\u00edt\u00e9st, \u00e9s j\u00f3l p\u00e9ld\u00e1zza Dal\u00ed sz\u00fcrrealizmus \u00e9s vall\u00e1si szimbolika egyed\u00fcl\u00e1ll\u00f3 kever\u00e9k\u00e9t. Ez egy fontos m\u0171alkot\u00e1s, amelyet m\u00e1ig csod\u00e1lnak \u00e9s tanulm\u00e1nyoznak a m\u0171v\u00e9szet szerelmesei \u00e9s tud\u00f3sai egyar\u00e1nt. Dal\u00ed szimbolizmus\u00e1nak \u00e9s sz\u00fcrrealizmus\u00e1nak felhaszn\u00e1l\u00e1sa ezen a festm\u00e9nyen remek p\u00e9ld\u00e1ja annak, hogy a m\u0171v\u00e9sz k\u00e9pes m\u00e9ly \u00e9rzelmeket \u00e9s gondolatokat kifejezni m\u0171v\u00e9szet\u00e9n kereszt\u00fcl. Ez egy olyan k\u00e9p, amely minden bizonnyal maradand\u00f3 benyom\u00e1st fog hagyni mindenkiben, aki megtekinti. Leny\u0171g\u00f6z\u0151 k\u00e9peivel \u00e9s er\u0151teljes szimbolik\u00e1j\u00e1val Salvador Dal\u00ed A keresztre fesz\u00edt\u00e9se olyan m\u0171alkot\u00e1s, amelyet nem szabad kihagyni.<\/p>\n","protected":false},"excerpt":{"rendered":"<p>Salvador Dali \u2013 Keresztre fesz\u00edt\u00e9s &nbsp; L\u00e9trehoz\u00e1s \u00e9ve: 1954 Eredeti m\u00e9ret: 123,8 cm x 194,3 cm Fest\u00e9si st\u00edlus: Sz\u00fcrrealizmus Eredeti technika: Olaj, v\u00e1szon Helysz\u00edn: Metropolitan Museum of Art, New York &nbsp; Salvador Dali &#8220;Keresztre fesz\u00edt\u00e9se&#8221; c\u00edm\u0171 festm\u00e9nye J\u00e9zus Krisztus keresztre fesz\u00edt\u00e9s\u00e9nek bibliai jelenet\u00e9t \u00e1br\u00e1zolja. A festm\u00e9nyt Dal\u00ed egyik legfontosabb vall\u00e1si [&hellip;]<\/p>\n","protected":false},"featured_media":49445,"template":"","meta":{"_acf_changed":false},"product_brand":[],"product_cat":[7134],"product_tag":[7163,11885,11886,11887,7201],"class_list":{"0":"post-52753","1":"product","2":"type-product","3":"status-publish","4":"has-post-thumbnail","6":"product_cat-salvador-dali-hu","7":"product_tag-dali-hu","8":"product_tag-painter-hu","9":"product_tag-reproduction","10":"product_tag-reproductions-hu","11":"product_tag-salvador-dali-hu","12":"pa_dimenzija-120-x-190-cm-hu","13":"pa_dimenzija-40-x-60-cm-hu","14":"pa_dimenzija-50-x-80-cm-hu","15":"pa_dimenzija-60-x-90-cm-hu","16":"pa_dimenzija-70-x-110-cm-hu","17":"pa_dimenzija-80-x-120-cm-hu","18":"pa_dimenzija-90-x-140-cm-hu","19":"pa_oblika-fuggoleges","20":"pa_okvir-nincs-keret","21":"pa_podokvir-igen","22":"pa_podokvir-nem","24":"first","25":"onbackorder","26":"purchasable","27":"product-type-variable","28":"has-default-attributes"},"acf":[],"yoast_head":"<!-- This site is optimized with the Yoast SEO Premium plugin v26.0 (Yoast SEO v27.2) - https:\/\/yoast.com\/product\/yoast-seo-premium-wordpress\/ -->\n<title>Salvador Dali - Crucifixion - SVETSLIK.SI - 100% k\u00e9zzel festett<\/title>\n<meta name=\"description\" content=\"Salvador Dali - Crucifixion - 100% k\u00e9zzel festett h\u00edres festm\u00e9nyek reprodukci\u00f3i. Festm\u00e9nyek keretez\u00e9se, elad\u00e1sa \u00e9s egyedi rendel\u00e9sre t\u00f6rt\u00e9n\u0151 v\u00e1szonk\u00e9pek k\u00e9sz\u00edt\u00e9se.\" \/>\n<meta name=\"robots\" content=\"index, follow, max-snippet:-1, max-image-preview:large, max-video-preview:-1\" \/>\n<link rel=\"canonical\" href=\"https:\/\/svetslik.si\/hu\/salvador-dali-hu\/crucifixion\/\" \/>\n<meta property=\"og:locale\" content=\"hu_HU\" \/>\n<meta property=\"og:type\" content=\"article\" \/>\n<meta property=\"og:title\" content=\"Salvador Dali - Crucifixion\" \/>\n<meta property=\"og:description\" content=\"100% ro\u010dno naslikane slike na platnu, reprodukcije znanih slikarjev in umetni\u0161ke slike po naro\u010dilu.\" \/>\n<meta property=\"og:url\" content=\"https:\/\/svetslik.si\/hu\/salvador-dali-hu\/crucifixion\/\" \/>\n<meta property=\"og:site_name\" content=\"SVETSLIK.SI\" \/>\n<meta property=\"article:publisher\" content=\"https:\/\/www.facebook.com\/svetslik.si\" \/>\n<meta property=\"article:modified_time\" content=\"2026-03-22T20:18:32+00:00\" \/>\n<meta property=\"og:image\" content=\"https:\/\/svetslik.si\/wp-content\/uploads\/2021\/08\/image_Crucifixion_680.jpg\" \/>\n\t<meta property=\"og:image:width\" content=\"765\" \/>\n\t<meta property=\"og:image:height\" content=\"1200\" \/>\n\t<meta property=\"og:image:type\" content=\"image\/jpeg\" \/>\n<meta name=\"twitter:card\" content=\"summary_large_image\" \/>\n<meta name=\"twitter:site\" content=\"@svetslik\" \/>\n<meta name=\"twitter:label1\" content=\"El\u00e9rhet\u0151s\u00e9g\" \/>\n\t<meta name=\"twitter:data1\" content=\"Beszerz\u00e9s alatt\" \/>\n<script type=\"application\/ld+json\" class=\"yoast-schema-graph\">{\"@context\":\"https:\/\/schema.org\",\"@graph\":[{\"@type\":[\"WebPage\",\"ItemPage\"],\"@id\":\"https:\/\/svetslik.si\/hu\/salvador-dali-hu\/crucifixion\/\",\"url\":\"https:\/\/svetslik.si\/hu\/salvador-dali-hu\/crucifixion\/\",\"name\":\"Salvador Dali - Crucifixion - SVETSLIK.SI - 100% k\u00e9zzel festett\",\"isPartOf\":{\"@id\":\"https:\/\/svetslik.si\/hu\/#website\"},\"primaryImageOfPage\":{\"@id\":\"https:\/\/svetslik.si\/hu\/salvador-dali-hu\/crucifixion\/#primaryimage\"},\"image\":{\"@id\":\"https:\/\/svetslik.si\/hu\/salvador-dali-hu\/crucifixion\/#primaryimage\"},\"thumbnailUrl\":\"https:\/\/svetslik.si\/wp-content\/uploads\/2021\/08\/image_Crucifixion_680.jpg\",\"datePublished\":\"2021-09-02T15:45:32+00:00\",\"dateModified\":\"2026-03-22T20:18:32+00:00\",\"description\":\"Salvador Dali - Crucifixion - 100% k\u00e9zzel festett h\u00edres festm\u00e9nyek reprodukci\u00f3i. Festm\u00e9nyek keretez\u00e9se, elad\u00e1sa \u00e9s egyedi rendel\u00e9sre t\u00f6rt\u00e9n\u0151 v\u00e1szonk\u00e9pek k\u00e9sz\u00edt\u00e9se.\",\"breadcrumb\":{\"@id\":\"https:\/\/svetslik.si\/hu\/salvador-dali-hu\/crucifixion\/#breadcrumb\"},\"inLanguage\":\"hu\",\"potentialAction\":[{\"@type\":\"ReadAction\",\"target\":[\"https:\/\/svetslik.si\/hu\/salvador-dali-hu\/crucifixion\/\"]}]},{\"@type\":\"ImageObject\",\"inLanguage\":\"hu\",\"@id\":\"https:\/\/svetslik.si\/hu\/salvador-dali-hu\/crucifixion\/#primaryimage\",\"url\":\"https:\/\/svetslik.si\/wp-content\/uploads\/2021\/08\/image_Crucifixion_680.jpg\",\"contentUrl\":\"https:\/\/svetslik.si\/wp-content\/uploads\/2021\/08\/image_Crucifixion_680.jpg\",\"width\":765,\"height\":1200,\"caption\":\"Salvador Dali - Crucifixion - Keresztre fesz\u00edt\u00e9s - Salvador Dali - Crucifixion - Festm\u00e9nyek reprodukci\u00f3i - V\u00e1szonk\u00e9p - Festm\u00e9nyek reprodukci\u00f3i - Absztrakt Festm\u00e9ny - Modern Festm\u00e9ny - Realisztikus Festm\u00e9ny - Olajfestm\u00e9ny - Falik\u00e9p\"},{\"@type\":\"BreadcrumbList\",\"@id\":\"https:\/\/svetslik.si\/hu\/salvador-dali-hu\/crucifixion\/#breadcrumb\",\"itemListElement\":[{\"@type\":\"ListItem\",\"position\":1,\"name\":\"Wall art and paintings on canvas\",\"item\":\"https:\/\/svetslik.si\/hu\/\"},{\"@type\":\"ListItem\",\"position\":2,\"name\":\"Festm\u00e9nyek elad\u00e1sa\",\"item\":\"https:\/\/svetslik.si\/prodaja-slik\/\"},{\"@type\":\"ListItem\",\"position\":3,\"name\":\"Salvador Dali &#8211; Crucifixion\"}]},{\"@type\":\"WebSite\",\"@id\":\"https:\/\/svetslik.si\/hu\/#website\",\"url\":\"https:\/\/svetslik.si\/hu\/\",\"name\":\"SVETSLIK.SI\",\"description\":\"100%-ban k\u00e9zzel festett reprodukci\u00f3k h\u00edres fest\u0151k festm\u00e9nyeir\u0151l \u00e9s festm\u00e9nyekr\u0151l v\u00e1szonra.\",\"publisher\":{\"@id\":\"https:\/\/svetslik.si\/hu\/#organization\"},\"potentialAction\":[{\"@type\":\"SearchAction\",\"target\":{\"@type\":\"EntryPoint\",\"urlTemplate\":\"https:\/\/svetslik.si\/hu\/?s={search_term_string}\"},\"query-input\":{\"@type\":\"PropertyValueSpecification\",\"valueRequired\":true,\"valueName\":\"search_term_string\"}}],\"inLanguage\":\"hu\"},{\"@type\":\"Organization\",\"@id\":\"https:\/\/svetslik.si\/hu\/#organization\",\"name\":\"SvetSlik.si\",\"url\":\"https:\/\/svetslik.si\/hu\/\",\"logo\":{\"@type\":\"ImageObject\",\"inLanguage\":\"hu\",\"@id\":\"https:\/\/svetslik.si\/hu\/#\/schema\/logo\/image\/\",\"url\":\"https:\/\/svetslik.si\/wp-content\/uploads\/2020\/12\/logo-512.png\",\"contentUrl\":\"https:\/\/svetslik.si\/wp-content\/uploads\/2020\/12\/logo-512.png\",\"width\":512,\"height\":512,\"caption\":\"SvetSlik.si\"},\"image\":{\"@id\":\"https:\/\/svetslik.si\/hu\/#\/schema\/logo\/image\/\"},\"sameAs\":[\"https:\/\/www.facebook.com\/svetslik.si\",\"https:\/\/x.com\/svetslik\",\"https:\/\/www.instagram.com\/svetslik.si\/\",\"https:\/\/www.linkedin.com\/company\/svetslik-si\"]}]}<\/script>\n<meta property=\"og:availability\" content=\"backorder\" \/>\n<meta property=\"product:availability\" content=\"available for order\" \/>\n<meta property=\"product:retailer_item_id\" content=\"126__\" \/>\n<meta property=\"product:condition\" content=\"new\" \/>\n<!-- \/ Yoast SEO Premium plugin. -->","yoast_head_json":{"title":"Salvador Dali - Crucifixion - SVETSLIK.SI - 100% k\u00e9zzel festett","description":"Salvador Dali - Crucifixion - 100% k\u00e9zzel festett h\u00edres festm\u00e9nyek reprodukci\u00f3i. Festm\u00e9nyek keretez\u00e9se, elad\u00e1sa \u00e9s egyedi rendel\u00e9sre t\u00f6rt\u00e9n\u0151 v\u00e1szonk\u00e9pek k\u00e9sz\u00edt\u00e9se.","robots":{"index":"index","follow":"follow","max-snippet":"max-snippet:-1","max-image-preview":"max-image-preview:large","max-video-preview":"max-video-preview:-1"},"canonical":"https:\/\/svetslik.si\/hu\/salvador-dali-hu\/crucifixion\/","og_locale":"hu_HU","og_type":"article","og_title":"Salvador Dali - Crucifixion","og_description":"100% ro\u010dno naslikane slike na platnu, reprodukcije znanih slikarjev in umetni\u0161ke slike po naro\u010dilu.","og_url":"https:\/\/svetslik.si\/hu\/salvador-dali-hu\/crucifixion\/","og_site_name":"SVETSLIK.SI","article_publisher":"https:\/\/www.facebook.com\/svetslik.si","article_modified_time":"2026-03-22T20:18:32+00:00","og_image":[{"width":765,"height":1200,"url":"https:\/\/svetslik.si\/wp-content\/uploads\/2021\/08\/image_Crucifixion_680.jpg","type":"image\/jpeg"}],"twitter_card":"summary_large_image","twitter_site":"@svetslik","twitter_misc":{"El\u00e9rhet\u0151s\u00e9g":"Beszerz\u00e9s alatt"},"schema":{"@context":"https:\/\/schema.org","@graph":[{"@type":["WebPage","ItemPage"],"@id":"https:\/\/svetslik.si\/hu\/salvador-dali-hu\/crucifixion\/","url":"https:\/\/svetslik.si\/hu\/salvador-dali-hu\/crucifixion\/","name":"Salvador Dali - Crucifixion - SVETSLIK.SI - 100% k\u00e9zzel festett","isPartOf":{"@id":"https:\/\/svetslik.si\/hu\/#website"},"primaryImageOfPage":{"@id":"https:\/\/svetslik.si\/hu\/salvador-dali-hu\/crucifixion\/#primaryimage"},"image":{"@id":"https:\/\/svetslik.si\/hu\/salvador-dali-hu\/crucifixion\/#primaryimage"},"thumbnailUrl":"https:\/\/svetslik.si\/wp-content\/uploads\/2021\/08\/image_Crucifixion_680.jpg","datePublished":"2021-09-02T15:45:32+00:00","dateModified":"2026-03-22T20:18:32+00:00","description":"Salvador Dali - Crucifixion - 100% k\u00e9zzel festett h\u00edres festm\u00e9nyek reprodukci\u00f3i. Festm\u00e9nyek keretez\u00e9se, elad\u00e1sa \u00e9s egyedi rendel\u00e9sre t\u00f6rt\u00e9n\u0151 v\u00e1szonk\u00e9pek k\u00e9sz\u00edt\u00e9se.","breadcrumb":{"@id":"https:\/\/svetslik.si\/hu\/salvador-dali-hu\/crucifixion\/#breadcrumb"},"inLanguage":"hu","potentialAction":[{"@type":"ReadAction","target":["https:\/\/svetslik.si\/hu\/salvador-dali-hu\/crucifixion\/"]}]},{"@type":"ImageObject","inLanguage":"hu","@id":"https:\/\/svetslik.si\/hu\/salvador-dali-hu\/crucifixion\/#primaryimage","url":"https:\/\/svetslik.si\/wp-content\/uploads\/2021\/08\/image_Crucifixion_680.jpg","contentUrl":"https:\/\/svetslik.si\/wp-content\/uploads\/2021\/08\/image_Crucifixion_680.jpg","width":765,"height":1200,"caption":"Salvador Dali - Crucifixion - Keresztre fesz\u00edt\u00e9s - Salvador Dali - Crucifixion - Festm\u00e9nyek reprodukci\u00f3i - V\u00e1szonk\u00e9p - Festm\u00e9nyek reprodukci\u00f3i - Absztrakt Festm\u00e9ny - Modern Festm\u00e9ny - Realisztikus Festm\u00e9ny - Olajfestm\u00e9ny - Falik\u00e9p"},{"@type":"BreadcrumbList","@id":"https:\/\/svetslik.si\/hu\/salvador-dali-hu\/crucifixion\/#breadcrumb","itemListElement":[{"@type":"ListItem","position":1,"name":"Wall art and paintings on canvas","item":"https:\/\/svetslik.si\/hu\/"},{"@type":"ListItem","position":2,"name":"Festm\u00e9nyek elad\u00e1sa","item":"https:\/\/svetslik.si\/prodaja-slik\/"},{"@type":"ListItem","position":3,"name":"Salvador Dali &#8211; Crucifixion"}]},{"@type":"WebSite","@id":"https:\/\/svetslik.si\/hu\/#website","url":"https:\/\/svetslik.si\/hu\/","name":"SVETSLIK.SI","description":"100%-ban k\u00e9zzel festett reprodukci\u00f3k h\u00edres fest\u0151k festm\u00e9nyeir\u0151l \u00e9s festm\u00e9nyekr\u0151l v\u00e1szonra.","publisher":{"@id":"https:\/\/svetslik.si\/hu\/#organization"},"potentialAction":[{"@type":"SearchAction","target":{"@type":"EntryPoint","urlTemplate":"https:\/\/svetslik.si\/hu\/?s={search_term_string}"},"query-input":{"@type":"PropertyValueSpecification","valueRequired":true,"valueName":"search_term_string"}}],"inLanguage":"hu"},{"@type":"Organization","@id":"https:\/\/svetslik.si\/hu\/#organization","name":"SvetSlik.si","url":"https:\/\/svetslik.si\/hu\/","logo":{"@type":"ImageObject","inLanguage":"hu","@id":"https:\/\/svetslik.si\/hu\/#\/schema\/logo\/image\/","url":"https:\/\/svetslik.si\/wp-content\/uploads\/2020\/12\/logo-512.png","contentUrl":"https:\/\/svetslik.si\/wp-content\/uploads\/2020\/12\/logo-512.png","width":512,"height":512,"caption":"SvetSlik.si"},"image":{"@id":"https:\/\/svetslik.si\/hu\/#\/schema\/logo\/image\/"},"sameAs":["https:\/\/www.facebook.com\/svetslik.si","https:\/\/x.com\/svetslik","https:\/\/www.instagram.com\/svetslik.si\/","https:\/\/www.linkedin.com\/company\/svetslik-si"]}]},"og_availability":"backorder","product_availability":"available for order","product_retailer_item_id":"126__","product_condition":"new"},"jetpack_sharing_enabled":true,"_links":{"self":[{"href":"https:\/\/svetslik.si\/hu\/wp-json\/wp\/v2\/product\/52753","targetHints":{"allow":["GET"]}}],"collection":[{"href":"https:\/\/svetslik.si\/hu\/wp-json\/wp\/v2\/product"}],"about":[{"href":"https:\/\/svetslik.si\/hu\/wp-json\/wp\/v2\/types\/product"}],"wp:featuredmedia":[{"embeddable":true,"href":"https:\/\/svetslik.si\/hu\/wp-json\/wp\/v2\/media\/49445"}],"wp:attachment":[{"href":"https:\/\/svetslik.si\/hu\/wp-json\/wp\/v2\/media?parent=52753"}],"wp:term":[{"taxonomy":"product_brand","embeddable":true,"href":"https:\/\/svetslik.si\/hu\/wp-json\/wp\/v2\/product_brand?post=52753"},{"taxonomy":"product_cat","embeddable":true,"href":"https:\/\/svetslik.si\/hu\/wp-json\/wp\/v2\/product_cat?post=52753"},{"taxonomy":"product_tag","embeddable":true,"href":"https:\/\/svetslik.si\/hu\/wp-json\/wp\/v2\/product_tag?post=52753"}],"curies":[{"name":"wp","href":"https:\/\/api.w.org\/{rel}","templated":true}]}}