{"id":52761,"date":"2021-09-02T17:45:32","date_gmt":"2021-09-02T15:45:32","guid":{"rendered":"https:\/\/svetslik.si\/nem-kategorizalt\/temptation-of-st-anthony\/"},"modified":"2026-03-22T21:18:32","modified_gmt":"2026-03-22T20:18:32","slug":"temptation-of-st-anthony","status":"publish","type":"product","link":"https:\/\/svetslik.si\/hu\/salvador-dali-hu\/temptation-of-st-anthony\/","title":{"rendered":"Salvador Dali &#8211; Temptation of St.Anthony"},"content":{"rendered":"<h1>Salvador Dali \u2013 Szentp\u00e9terv\u00e1r megk\u00eds\u00e9rt\u00e9se Anthony<\/h1>\n<p>&nbsp;<\/p>\n<table style=\"width: 673px\" border=\"0\" width=\"673\" cellpadding=\"0\">\n<tbody>\n<tr>\n<td style=\"width: 180px;height: 21px\" height=\"21\">L\u00e9trehoz\u00e1s \u00e9ve:<\/td>\n<td style=\"width: 493px\">1946<\/td>\n<\/tr>\n<tr>\n<td style=\"width: 180px;height: 21px\" height=\"21\">Eredeti m\u00e9ret:<\/td>\n<td style=\"width: 493px\">119,5 cm x 89,7 cm<\/td>\n<\/tr>\n<tr>\n<td style=\"width: 180px;height: 21px\" height=\"21\">Fest\u00e9si st\u00edlus:<\/td>\n<td>\n<div>\n<div>\n<div>\n<div>\n<div>\n<p>Sz\u00fcrrealizmus<\/p>\n<\/div>\n<\/div>\n<\/div>\n<\/div>\n<\/div>\n<\/td>\n<\/tr>\n<tr>\n<td style=\"width: 180px;height: 21px\" height=\"21\">Eredeti technika:<\/td>\n<td>Olaj, v\u00e1szon<\/td>\n<\/tr>\n<tr>\n<td style=\"width: 180px;height: 21px\" height=\"21\">Helysz\u00edn:<\/td>\n<td>Mus\u00e9e Royaux des Beaux-Arts, Br\u00fcsszel<\/td>\n<\/tr>\n<\/tbody>\n<colgroup>\n<col \/>\n<col \/> <\/colgroup>\n<\/table>\n<p>&nbsp;<\/p>\n<p>Salvador Dali Szent Antal megk\u00eds\u00e9rt\u00e9se sz\u00fcrrealista remekm\u0171, amely a m\u0171v\u00e9sz egyedi \u00e9s titokzatos st\u00edlus\u00e1t mutatja be. A festm\u00e9ny Szent Antal kereszt\u00e9ny aszk\u00e9t\u00e1t \u00e1br\u00e1zolja sivatagi k\u00f6rnyezetben, k\u00fcl\u00f6nf\u00e9le bizarr \u00e9s fantasztikus elemekkel k\u00f6r\u00fclv\u00e9ve. Dal\u00ed szimbolizmushaszn\u00e1lata \u00e9s a tudatalatti felt\u00e1r\u00e1sa egyar\u00e1nt l\u00e1that\u00f3 ezen a festm\u00e9nyen.<\/p>\n<p>A festm\u00e9ny egy jelenetet \u00e1br\u00e1zol Szent Antal \u00e9let\u00e9b\u0151l, akit \u00e1ll\u00edt\u00f3lag k\u00fcl\u00f6nf\u00e9le d\u00e9monok k\u00eds\u00e9rtenek a sivatagban. Dali ezt a narrat\u00edv\u00e1t haszn\u00e1lja kiindul\u00f3pontk\u00e9nt, majd hozz\u00e1adja a t\u00f6rt\u00e9net saj\u00e1t egyedi \u00e9rtelmez\u00e9s\u00e9t. A k\u00e9pen l\u00e1that\u00f3 elemeket nem sz\u00f3 szerint kell \u00e9rteni, hanem a tudatalatti szimb\u00f3lumak\u00e9nt.<\/p>\n<p>A festm\u00e9ny egyik legszembet\u0171n\u0151bb eleme egy elef\u00e1nt, amelynek hossz\u00fa, ors\u00f3s l\u00e1bai a v\u00edzben t\u00fckr\u00f6z\u0151dnek az el\u0151t\u00e9rben. Az elef\u00e1nt visszat\u00e9r\u0151 szimb\u00f3lum Dal\u00ed munk\u00e1iban, \u00e9s ezen a festm\u00e9nyen a tudatalatti hatalm\u00e1t k\u00e9pviseli. Az elef\u00e1nt torz t\u00fck\u00f6rk\u00e9pe a v\u00edzben azt szimboliz\u00e1lja, hogy a tudatalatti elme hogyan tudja eltorz\u00edtani gondolatainkat \u00e9s eml\u00e9keinket.<\/p>\n<p>A festm\u00e9ny egy\u00e9b elemei, mint p\u00e9ld\u00e1ul a koponya, a hangy\u00e1k \u00e9s a halak szint\u00e9n szimbolikus jelent\u00e9ssel b\u00edrnak. A koponya a hal\u00e1lt \u00e9s az \u00e9let v\u00e9glegess\u00e9g\u00e9t, m\u00edg a hangy\u00e1k az egy\u00e9n \u00e9let\u00e9nek jelent\u00e9ktelens\u00e9g\u00e9t a dolgok nagy rendszer\u00e9ben. A hal ezzel szemben a tudatalatti elme kisz\u00e1m\u00edthatatlan \u00e9s kaotikus term\u00e9szet\u00e9t k\u00e9pviseli.<\/p>\n<p>\u00c1ltal\u00e1ban Salvador Dali &#8220;Szent Antal megk\u00eds\u00e9rt\u00e9se&#8221; c\u00edm\u0171 festm\u00e9nye tele van szimbolik\u00e1val \u00e9s jelent\u00e9ssel. A festm\u00e9ny Dal\u00ed sz\u00fcrrealista st\u00edlus\u00e1nak mesters\u00e9g\u00e9t mutatja be, \u00e9s ma is sok m\u0171v\u00e9sz \u00e9s m\u0171v\u00e9szetkedvel\u0151 ihletforr\u00e1sa. Ha t\u00f6bbet szeretne megtudni err\u0151l a festm\u00e9nyr\u0151l, l\u00e1togasson el a floridai St. Petersburg Salvador Dali M\u00fazeum\u00e1ba, amely Dali munk\u00e1inak egyik legnagyobb gy\u0171jtem\u00e9ny\u00e9vel rendelkezik. Sz\u00e1mos k\u00f6nyv \u00e9s online forr\u00e1s is el\u00e9rhet\u0151, amelyek r\u00e9szletesebb elemz\u00e9st k\u00edn\u00e1lnak a k\u00e9pr\u0151l \u00e9s annak szimbolik\u00e1j\u00e1r\u00f3l.<\/p>\n","protected":false},"excerpt":{"rendered":"<p>Salvador Dali \u2013 Szentp\u00e9terv\u00e1r megk\u00eds\u00e9rt\u00e9se Anthony &nbsp; L\u00e9trehoz\u00e1s \u00e9ve: 1946 Eredeti m\u00e9ret: 119,5 cm x 89,7 cm Fest\u00e9si st\u00edlus: Sz\u00fcrrealizmus Eredeti technika: Olaj, v\u00e1szon Helysz\u00edn: Mus\u00e9e Royaux des Beaux-Arts, Br\u00fcsszel &nbsp; Salvador Dali Szent Antal megk\u00eds\u00e9rt\u00e9se sz\u00fcrrealista remekm\u0171, amely a m\u0171v\u00e9sz egyedi \u00e9s titokzatos st\u00edlus\u00e1t mutatja be. A festm\u00e9ny Szent [&hellip;]<\/p>\n","protected":false},"featured_media":50075,"template":"","meta":{"_acf_changed":false},"product_brand":[],"product_cat":[7134],"product_tag":[7163,11885,11886,11887,7201],"class_list":{"0":"post-52761","1":"product","2":"type-product","3":"status-publish","4":"has-post-thumbnail","6":"product_cat-salvador-dali-hu","7":"product_tag-dali-hu","8":"product_tag-painter-hu","9":"product_tag-reproduction","10":"product_tag-reproductions-hu","11":"product_tag-salvador-dali-hu","12":"pa_dimenzija-120-x-90-cm-hu","13":"pa_dimenzija-40-x-30-cm-hu","14":"pa_dimenzija-50-x-40-cm-hu","15":"pa_dimenzija-60-x-50-cm-hu","16":"pa_dimenzija-70-x-50-cm-hu","17":"pa_dimenzija-80-x-60-cm-hu","18":"pa_dimenzija-90-x-70-cm-hu","19":"pa_oblika-vizszintes","20":"pa_okvir-nincs-keret","21":"pa_podokvir-igen","22":"pa_podokvir-nem","24":"first","25":"onbackorder","26":"purchasable","27":"product-type-variable","28":"has-default-attributes"},"acf":[],"yoast_head":"<!-- This site is optimized with the Yoast SEO Premium plugin v26.0 (Yoast SEO v27.2) - https:\/\/yoast.com\/product\/yoast-seo-premium-wordpress\/ -->\n<title>Salvador Dali - Temptation of St.Anthony - SVETSLIK.SI - 100% k\u00e9zzel festett<\/title>\n<meta name=\"description\" content=\"Salvador Dali - Temptation of St.Anthony - 100% k\u00e9zzel festett h\u00edres festm\u00e9nyek reprodukci\u00f3i. Festm\u00e9nyek keretez\u00e9se, elad\u00e1sa \u00e9s egyedi rendel\u00e9sre t\u00f6rt\u00e9n\u0151 v\u00e1szonk\u00e9pek k\u00e9sz\u00edt\u00e9se.\" \/>\n<meta name=\"robots\" content=\"index, follow, max-snippet:-1, max-image-preview:large, max-video-preview:-1\" \/>\n<link rel=\"canonical\" href=\"https:\/\/svetslik.si\/hu\/salvador-dali-hu\/temptation-of-st-anthony\/\" \/>\n<meta property=\"og:locale\" content=\"hu_HU\" \/>\n<meta property=\"og:type\" content=\"article\" \/>\n<meta property=\"og:title\" content=\"Salvador Dali - Temptation of St.Anthony\" \/>\n<meta property=\"og:description\" content=\"100% ro\u010dno naslikane slike na platnu, reprodukcije znanih slikarjev in umetni\u0161ke slike po naro\u010dilu.\" \/>\n<meta property=\"og:url\" content=\"https:\/\/svetslik.si\/hu\/salvador-dali-hu\/temptation-of-st-anthony\/\" \/>\n<meta property=\"og:site_name\" content=\"SVETSLIK.SI\" \/>\n<meta property=\"article:publisher\" content=\"https:\/\/www.facebook.com\/svetslik.si\" \/>\n<meta property=\"article:modified_time\" content=\"2026-03-22T20:18:32+00:00\" \/>\n<meta property=\"og:image\" content=\"https:\/\/svetslik.si\/wp-content\/uploads\/2021\/08\/image_Studija-slike-Salvador-Dali-Temptation-of-StAnthony_680.jpg\" \/>\n\t<meta property=\"og:image:width\" content=\"680\" \/>\n\t<meta property=\"og:image:height\" content=\"508\" \/>\n\t<meta property=\"og:image:type\" content=\"image\/jpeg\" \/>\n<meta name=\"twitter:card\" content=\"summary_large_image\" \/>\n<meta name=\"twitter:site\" content=\"@svetslik\" \/>\n<meta name=\"twitter:label1\" content=\"El\u00e9rhet\u0151s\u00e9g\" \/>\n\t<meta name=\"twitter:data1\" content=\"Beszerz\u00e9s alatt\" \/>\n<script type=\"application\/ld+json\" class=\"yoast-schema-graph\">{\"@context\":\"https:\/\/schema.org\",\"@graph\":[{\"@type\":[\"WebPage\",\"ItemPage\"],\"@id\":\"https:\/\/svetslik.si\/hu\/salvador-dali-hu\/temptation-of-st-anthony\/\",\"url\":\"https:\/\/svetslik.si\/hu\/salvador-dali-hu\/temptation-of-st-anthony\/\",\"name\":\"Salvador Dali - Temptation of St.Anthony - SVETSLIK.SI - 100% k\u00e9zzel festett\",\"isPartOf\":{\"@id\":\"https:\/\/svetslik.si\/hu\/#website\"},\"primaryImageOfPage\":{\"@id\":\"https:\/\/svetslik.si\/hu\/salvador-dali-hu\/temptation-of-st-anthony\/#primaryimage\"},\"image\":{\"@id\":\"https:\/\/svetslik.si\/hu\/salvador-dali-hu\/temptation-of-st-anthony\/#primaryimage\"},\"thumbnailUrl\":\"https:\/\/svetslik.si\/wp-content\/uploads\/2021\/08\/image_Studija-slike-Salvador-Dali-Temptation-of-StAnthony_680.jpg\",\"datePublished\":\"2021-09-02T15:45:32+00:00\",\"dateModified\":\"2026-03-22T20:18:32+00:00\",\"description\":\"Salvador Dali - Temptation of St.Anthony - 100% k\u00e9zzel festett h\u00edres festm\u00e9nyek reprodukci\u00f3i. Festm\u00e9nyek keretez\u00e9se, elad\u00e1sa \u00e9s egyedi rendel\u00e9sre t\u00f6rt\u00e9n\u0151 v\u00e1szonk\u00e9pek k\u00e9sz\u00edt\u00e9se.\",\"breadcrumb\":{\"@id\":\"https:\/\/svetslik.si\/hu\/salvador-dali-hu\/temptation-of-st-anthony\/#breadcrumb\"},\"inLanguage\":\"hu\",\"potentialAction\":[{\"@type\":\"ReadAction\",\"target\":[\"https:\/\/svetslik.si\/hu\/salvador-dali-hu\/temptation-of-st-anthony\/\"]}]},{\"@type\":\"ImageObject\",\"inLanguage\":\"hu\",\"@id\":\"https:\/\/svetslik.si\/hu\/salvador-dali-hu\/temptation-of-st-anthony\/#primaryimage\",\"url\":\"https:\/\/svetslik.si\/wp-content\/uploads\/2021\/08\/image_Studija-slike-Salvador-Dali-Temptation-of-StAnthony_680.jpg\",\"contentUrl\":\"https:\/\/svetslik.si\/wp-content\/uploads\/2021\/08\/image_Studija-slike-Salvador-Dali-Temptation-of-StAnthony_680.jpg\",\"width\":680,\"height\":508,\"caption\":\"Salvador Dali - Temptation of St. Anthony (Szent Antal k\u00eds\u00e9rt\u00e9se) - Vazonk\u00e9p, festm\u00e9nyek, reprodukci\u00f3\"},{\"@type\":\"BreadcrumbList\",\"@id\":\"https:\/\/svetslik.si\/hu\/salvador-dali-hu\/temptation-of-st-anthony\/#breadcrumb\",\"itemListElement\":[{\"@type\":\"ListItem\",\"position\":1,\"name\":\"Wall art and paintings on canvas\",\"item\":\"https:\/\/svetslik.si\/hu\/\"},{\"@type\":\"ListItem\",\"position\":2,\"name\":\"Festm\u00e9nyek elad\u00e1sa\",\"item\":\"https:\/\/svetslik.si\/prodaja-slik\/\"},{\"@type\":\"ListItem\",\"position\":3,\"name\":\"Salvador Dali &#8211; Temptation of St.Anthony\"}]},{\"@type\":\"WebSite\",\"@id\":\"https:\/\/svetslik.si\/hu\/#website\",\"url\":\"https:\/\/svetslik.si\/hu\/\",\"name\":\"SVETSLIK.SI\",\"description\":\"100%-ban k\u00e9zzel festett reprodukci\u00f3k h\u00edres fest\u0151k festm\u00e9nyeir\u0151l \u00e9s festm\u00e9nyekr\u0151l v\u00e1szonra.\",\"publisher\":{\"@id\":\"https:\/\/svetslik.si\/hu\/#organization\"},\"potentialAction\":[{\"@type\":\"SearchAction\",\"target\":{\"@type\":\"EntryPoint\",\"urlTemplate\":\"https:\/\/svetslik.si\/hu\/?s={search_term_string}\"},\"query-input\":{\"@type\":\"PropertyValueSpecification\",\"valueRequired\":true,\"valueName\":\"search_term_string\"}}],\"inLanguage\":\"hu\"},{\"@type\":\"Organization\",\"@id\":\"https:\/\/svetslik.si\/hu\/#organization\",\"name\":\"SvetSlik.si\",\"url\":\"https:\/\/svetslik.si\/hu\/\",\"logo\":{\"@type\":\"ImageObject\",\"inLanguage\":\"hu\",\"@id\":\"https:\/\/svetslik.si\/hu\/#\/schema\/logo\/image\/\",\"url\":\"https:\/\/svetslik.si\/wp-content\/uploads\/2020\/12\/logo-512.png\",\"contentUrl\":\"https:\/\/svetslik.si\/wp-content\/uploads\/2020\/12\/logo-512.png\",\"width\":512,\"height\":512,\"caption\":\"SvetSlik.si\"},\"image\":{\"@id\":\"https:\/\/svetslik.si\/hu\/#\/schema\/logo\/image\/\"},\"sameAs\":[\"https:\/\/www.facebook.com\/svetslik.si\",\"https:\/\/x.com\/svetslik\",\"https:\/\/www.instagram.com\/svetslik.si\/\",\"https:\/\/www.linkedin.com\/company\/svetslik-si\"]}]}<\/script>\n<meta property=\"og:availability\" content=\"backorder\" \/>\n<meta property=\"product:availability\" content=\"available for order\" \/>\n<meta property=\"product:retailer_item_id\" content=\"127__\" \/>\n<meta property=\"product:condition\" content=\"new\" \/>\n<!-- \/ Yoast SEO Premium plugin. -->","yoast_head_json":{"title":"Salvador Dali - Temptation of St.Anthony - SVETSLIK.SI - 100% k\u00e9zzel festett","description":"Salvador Dali - Temptation of St.Anthony - 100% k\u00e9zzel festett h\u00edres festm\u00e9nyek reprodukci\u00f3i. Festm\u00e9nyek keretez\u00e9se, elad\u00e1sa \u00e9s egyedi rendel\u00e9sre t\u00f6rt\u00e9n\u0151 v\u00e1szonk\u00e9pek k\u00e9sz\u00edt\u00e9se.","robots":{"index":"index","follow":"follow","max-snippet":"max-snippet:-1","max-image-preview":"max-image-preview:large","max-video-preview":"max-video-preview:-1"},"canonical":"https:\/\/svetslik.si\/hu\/salvador-dali-hu\/temptation-of-st-anthony\/","og_locale":"hu_HU","og_type":"article","og_title":"Salvador Dali - Temptation of St.Anthony","og_description":"100% ro\u010dno naslikane slike na platnu, reprodukcije znanih slikarjev in umetni\u0161ke slike po naro\u010dilu.","og_url":"https:\/\/svetslik.si\/hu\/salvador-dali-hu\/temptation-of-st-anthony\/","og_site_name":"SVETSLIK.SI","article_publisher":"https:\/\/www.facebook.com\/svetslik.si","article_modified_time":"2026-03-22T20:18:32+00:00","og_image":[{"width":680,"height":508,"url":"https:\/\/svetslik.si\/wp-content\/uploads\/2021\/08\/image_Studija-slike-Salvador-Dali-Temptation-of-StAnthony_680.jpg","type":"image\/jpeg"}],"twitter_card":"summary_large_image","twitter_site":"@svetslik","twitter_misc":{"El\u00e9rhet\u0151s\u00e9g":"Beszerz\u00e9s alatt"},"schema":{"@context":"https:\/\/schema.org","@graph":[{"@type":["WebPage","ItemPage"],"@id":"https:\/\/svetslik.si\/hu\/salvador-dali-hu\/temptation-of-st-anthony\/","url":"https:\/\/svetslik.si\/hu\/salvador-dali-hu\/temptation-of-st-anthony\/","name":"Salvador Dali - Temptation of St.Anthony - SVETSLIK.SI - 100% k\u00e9zzel festett","isPartOf":{"@id":"https:\/\/svetslik.si\/hu\/#website"},"primaryImageOfPage":{"@id":"https:\/\/svetslik.si\/hu\/salvador-dali-hu\/temptation-of-st-anthony\/#primaryimage"},"image":{"@id":"https:\/\/svetslik.si\/hu\/salvador-dali-hu\/temptation-of-st-anthony\/#primaryimage"},"thumbnailUrl":"https:\/\/svetslik.si\/wp-content\/uploads\/2021\/08\/image_Studija-slike-Salvador-Dali-Temptation-of-StAnthony_680.jpg","datePublished":"2021-09-02T15:45:32+00:00","dateModified":"2026-03-22T20:18:32+00:00","description":"Salvador Dali - Temptation of St.Anthony - 100% k\u00e9zzel festett h\u00edres festm\u00e9nyek reprodukci\u00f3i. Festm\u00e9nyek keretez\u00e9se, elad\u00e1sa \u00e9s egyedi rendel\u00e9sre t\u00f6rt\u00e9n\u0151 v\u00e1szonk\u00e9pek k\u00e9sz\u00edt\u00e9se.","breadcrumb":{"@id":"https:\/\/svetslik.si\/hu\/salvador-dali-hu\/temptation-of-st-anthony\/#breadcrumb"},"inLanguage":"hu","potentialAction":[{"@type":"ReadAction","target":["https:\/\/svetslik.si\/hu\/salvador-dali-hu\/temptation-of-st-anthony\/"]}]},{"@type":"ImageObject","inLanguage":"hu","@id":"https:\/\/svetslik.si\/hu\/salvador-dali-hu\/temptation-of-st-anthony\/#primaryimage","url":"https:\/\/svetslik.si\/wp-content\/uploads\/2021\/08\/image_Studija-slike-Salvador-Dali-Temptation-of-StAnthony_680.jpg","contentUrl":"https:\/\/svetslik.si\/wp-content\/uploads\/2021\/08\/image_Studija-slike-Salvador-Dali-Temptation-of-StAnthony_680.jpg","width":680,"height":508,"caption":"Salvador Dali - Temptation of St. Anthony (Szent Antal k\u00eds\u00e9rt\u00e9se) - Vazonk\u00e9p, festm\u00e9nyek, reprodukci\u00f3"},{"@type":"BreadcrumbList","@id":"https:\/\/svetslik.si\/hu\/salvador-dali-hu\/temptation-of-st-anthony\/#breadcrumb","itemListElement":[{"@type":"ListItem","position":1,"name":"Wall art and paintings on canvas","item":"https:\/\/svetslik.si\/hu\/"},{"@type":"ListItem","position":2,"name":"Festm\u00e9nyek elad\u00e1sa","item":"https:\/\/svetslik.si\/prodaja-slik\/"},{"@type":"ListItem","position":3,"name":"Salvador Dali &#8211; Temptation of St.Anthony"}]},{"@type":"WebSite","@id":"https:\/\/svetslik.si\/hu\/#website","url":"https:\/\/svetslik.si\/hu\/","name":"SVETSLIK.SI","description":"100%-ban k\u00e9zzel festett reprodukci\u00f3k h\u00edres fest\u0151k festm\u00e9nyeir\u0151l \u00e9s festm\u00e9nyekr\u0151l v\u00e1szonra.","publisher":{"@id":"https:\/\/svetslik.si\/hu\/#organization"},"potentialAction":[{"@type":"SearchAction","target":{"@type":"EntryPoint","urlTemplate":"https:\/\/svetslik.si\/hu\/?s={search_term_string}"},"query-input":{"@type":"PropertyValueSpecification","valueRequired":true,"valueName":"search_term_string"}}],"inLanguage":"hu"},{"@type":"Organization","@id":"https:\/\/svetslik.si\/hu\/#organization","name":"SvetSlik.si","url":"https:\/\/svetslik.si\/hu\/","logo":{"@type":"ImageObject","inLanguage":"hu","@id":"https:\/\/svetslik.si\/hu\/#\/schema\/logo\/image\/","url":"https:\/\/svetslik.si\/wp-content\/uploads\/2020\/12\/logo-512.png","contentUrl":"https:\/\/svetslik.si\/wp-content\/uploads\/2020\/12\/logo-512.png","width":512,"height":512,"caption":"SvetSlik.si"},"image":{"@id":"https:\/\/svetslik.si\/hu\/#\/schema\/logo\/image\/"},"sameAs":["https:\/\/www.facebook.com\/svetslik.si","https:\/\/x.com\/svetslik","https:\/\/www.instagram.com\/svetslik.si\/","https:\/\/www.linkedin.com\/company\/svetslik-si"]}]},"og_availability":"backorder","product_availability":"available for order","product_retailer_item_id":"127__","product_condition":"new"},"jetpack_sharing_enabled":true,"_links":{"self":[{"href":"https:\/\/svetslik.si\/hu\/wp-json\/wp\/v2\/product\/52761","targetHints":{"allow":["GET"]}}],"collection":[{"href":"https:\/\/svetslik.si\/hu\/wp-json\/wp\/v2\/product"}],"about":[{"href":"https:\/\/svetslik.si\/hu\/wp-json\/wp\/v2\/types\/product"}],"wp:featuredmedia":[{"embeddable":true,"href":"https:\/\/svetslik.si\/hu\/wp-json\/wp\/v2\/media\/50075"}],"wp:attachment":[{"href":"https:\/\/svetslik.si\/hu\/wp-json\/wp\/v2\/media?parent=52761"}],"wp:term":[{"taxonomy":"product_brand","embeddable":true,"href":"https:\/\/svetslik.si\/hu\/wp-json\/wp\/v2\/product_brand?post=52761"},{"taxonomy":"product_cat","embeddable":true,"href":"https:\/\/svetslik.si\/hu\/wp-json\/wp\/v2\/product_cat?post=52761"},{"taxonomy":"product_tag","embeddable":true,"href":"https:\/\/svetslik.si\/hu\/wp-json\/wp\/v2\/product_tag?post=52761"}],"curies":[{"name":"wp","href":"https:\/\/api.w.org\/{rel}","templated":true}]}}