{"id":52778,"date":"2021-09-02T17:45:39","date_gmt":"2021-09-02T15:45:39","guid":{"rendered":"https:\/\/svetslik.si\/nem-kategorizalt\/swans-reflecting-elephants\/"},"modified":"2026-03-22T21:19:18","modified_gmt":"2026-03-22T20:19:18","slug":"swans-reflecting-elephants","status":"publish","type":"product","link":"https:\/\/svetslik.si\/hu\/salvador-dali-hu\/swans-reflecting-elephants\/","title":{"rendered":"Salvador Dali &#8211; Swans Reflecting Elephants"},"content":{"rendered":"<div class=\"wpb-content-wrapper\">[vc_row css=&#8221;.vc_custom_1774088765917{margin-bottom: 10px !important;}&#8221;][vc_column]\t<div class=\"et-image-864 et-image     et_image_link\">\n\t\t<div class=\"et-image-inner \">\n\t\t\t\t\t\t\t<div class=\"et-image-thumb \">\n\t\t\t\t\t<img decoding=\"async\" width=\"1500\" height=\"1084\" src=\"https:\/\/svetslik.si\/wp-content\/uploads\/2021\/09\/Salvador-Dali-\u2013-Swans-Reflecting-Elephants.jpg\" class=\"attachment-full\" alt=\"Salvador Dali - Swans Reflecting Elephants\" title=\"Salvador Dali - Swans Reflecting Elephants\" srcset=\"https:\/\/svetslik.si\/wp-content\/uploads\/2021\/09\/Salvador-Dali-\u2013-Swans-Reflecting-Elephants.jpg 1500w, https:\/\/svetslik.si\/wp-content\/uploads\/2021\/09\/Salvador-Dali-\u2013-Swans-Reflecting-Elephants-300x217.jpg 300w, https:\/\/svetslik.si\/wp-content\/uploads\/2021\/09\/Salvador-Dali-\u2013-Swans-Reflecting-Elephants-1024x740.jpg 1024w, https:\/\/svetslik.si\/wp-content\/uploads\/2021\/09\/Salvador-Dali-\u2013-Swans-Reflecting-Elephants-768x555.jpg 768w, https:\/\/svetslik.si\/wp-content\/uploads\/2021\/09\/Salvador-Dali-\u2013-Swans-Reflecting-Elephants-150x108.jpg 150w, https:\/\/svetslik.si\/wp-content\/uploads\/2021\/09\/Salvador-Dali-\u2013-Swans-Reflecting-Elephants-600x434.jpg 600w, https:\/\/svetslik.si\/wp-content\/uploads\/2021\/09\/Salvador-Dali-\u2013-Swans-Reflecting-Elephants-1200x867.jpg 1200w\" sizes=\"(max-width: 1500px) 100vw, 1500px\" \/>\t\t\t\t<\/div>\n\t\t\t\t\t\t\t\t\t\t\t<\/div>\n\t<\/div>\n  [\/vc_column][\/vc_row][vc_row css=&#8221;.vc_custom_1774088765917{margin-bottom: 10px !important;}&#8221;][vc_column]\t<div class=\"et-image-921 et-image     et_image_link\">\n\t\t<div class=\"et-image-inner \">\n\t\t\t\t\t\t\t<div class=\"et-image-thumb \">\n\t\t\t\t\t<img decoding=\"async\" width=\"1500\" height=\"1431\" src=\"https:\/\/svetslik.si\/wp-content\/uploads\/2021\/09\/Salvador-Dali-\u2013-Swans-Reflecting-Elephants-2.webp\" class=\"attachment-full\" alt=\"Salvador Dali - Swans Reflecting Elephants\" title=\"Salvador Dali - Swans Reflecting Elephants\" srcset=\"https:\/\/svetslik.si\/wp-content\/uploads\/2021\/09\/Salvador-Dali-\u2013-Swans-Reflecting-Elephants-2.webp 1500w, https:\/\/svetslik.si\/wp-content\/uploads\/2021\/09\/Salvador-Dali-\u2013-Swans-Reflecting-Elephants-2-300x286.webp 300w, https:\/\/svetslik.si\/wp-content\/uploads\/2021\/09\/Salvador-Dali-\u2013-Swans-Reflecting-Elephants-2-1024x977.webp 1024w, https:\/\/svetslik.si\/wp-content\/uploads\/2021\/09\/Salvador-Dali-\u2013-Swans-Reflecting-Elephants-2-768x733.webp 768w, https:\/\/svetslik.si\/wp-content\/uploads\/2021\/09\/Salvador-Dali-\u2013-Swans-Reflecting-Elephants-2-150x143.webp 150w, https:\/\/svetslik.si\/wp-content\/uploads\/2021\/09\/Salvador-Dali-\u2013-Swans-Reflecting-Elephants-2-600x572.webp 600w, https:\/\/svetslik.si\/wp-content\/uploads\/2021\/09\/Salvador-Dali-\u2013-Swans-Reflecting-Elephants-2-1200x1145.webp 1200w\" sizes=\"(max-width: 1500px) 100vw, 1500px\" \/>\t\t\t\t<\/div>\n\t\t\t\t\t\t\t\t\t\t\t<\/div>\n\t<\/div>\n  [\/vc_column][\/vc_row][vc_row css=&#8221;.vc_custom_1774088765917{margin-bottom: 10px !important;}&#8221;][vc_column]\t<div class=\"et-image-349 et-image     et_image_link\">\n\t\t<div class=\"et-image-inner \">\n\t\t\t\t\t\t\t<div class=\"et-image-thumb \">\n\t\t\t\t\t<img decoding=\"async\" width=\"1500\" height=\"1125\" src=\"https:\/\/svetslik.si\/wp-content\/uploads\/2021\/09\/Salvador-Dali-\u2013-Swans-Reflecting-Elephants-23.jpg\" class=\"attachment-full\" alt=\"Salvador Dali - Swans Reflecting Elephants\" title=\"Salvador Dali - Swans Reflecting Elephants\" srcset=\"https:\/\/svetslik.si\/wp-content\/uploads\/2021\/09\/Salvador-Dali-\u2013-Swans-Reflecting-Elephants-23.jpg 1500w, https:\/\/svetslik.si\/wp-content\/uploads\/2021\/09\/Salvador-Dali-\u2013-Swans-Reflecting-Elephants-23-300x225.jpg 300w, https:\/\/svetslik.si\/wp-content\/uploads\/2021\/09\/Salvador-Dali-\u2013-Swans-Reflecting-Elephants-23-1024x768.jpg 1024w, https:\/\/svetslik.si\/wp-content\/uploads\/2021\/09\/Salvador-Dali-\u2013-Swans-Reflecting-Elephants-23-768x576.jpg 768w, https:\/\/svetslik.si\/wp-content\/uploads\/2021\/09\/Salvador-Dali-\u2013-Swans-Reflecting-Elephants-23-150x113.jpg 150w, https:\/\/svetslik.si\/wp-content\/uploads\/2021\/09\/Salvador-Dali-\u2013-Swans-Reflecting-Elephants-23-600x450.jpg 600w, https:\/\/svetslik.si\/wp-content\/uploads\/2021\/09\/Salvador-Dali-\u2013-Swans-Reflecting-Elephants-23-1200x900.jpg 1200w\" sizes=\"(max-width: 1500px) 100vw, 1500px\" \/>\t\t\t\t<\/div>\n\t\t\t\t\t\t\t\t\t\t\t<\/div>\n\t<\/div>\n  [\/vc_column][\/vc_row][vc_row][vc_column][vc_column_text]\n<h1>Salvador Dali \u2013 Elef\u00e1ntokat t\u00fckr\u00f6z\u0151 hatty\u00fak<\/h1>\n<p>&nbsp;<\/p>\n<table style=\"width: 673px;\" border=\"0\" width=\"673\" cellpadding=\"0\">\n<tbody>\n<tr>\n<td style=\"width: 180px; height: 21px;\" height=\"21\">L\u00e9trehoz\u00e1s \u00e9ve:<\/td>\n<td style=\"width: 493px;\">1937<\/td>\n<\/tr>\n<tr>\n<td style=\"width: 180px; height: 21px;\" height=\"21\">Eredeti m\u00e9ret:<\/td>\n<td style=\"width: 493px;\">77 cm x 51 cm<\/td>\n<\/tr>\n<tr>\n<td style=\"width: 180px; height: 21px;\" height=\"21\">Fest\u00e9si st\u00edlus:<\/td>\n<td>\n<div>\n<div>\n<div>\n<div>\n<div>Sz\u00fcrrealizmus<\/div>\n<\/div>\n<\/div>\n<\/div>\n<\/div>\n<\/td>\n<\/tr>\n<tr>\n<td style=\"width: 180px; height: 21px;\" height=\"21\">Eredeti technika:<\/td>\n<td>Olaj, v\u00e1szon<\/td>\n<\/tr>\n<tr>\n<td style=\"width: 180px; height: 21px;\" height=\"21\">Helysz\u00edn:<\/td>\n<td>Mag\u00e1ngy\u0171jtem\u00e9ny<\/td>\n<\/tr>\n<\/tbody>\n<colgroup>\n<col \/>\n<col \/> <\/colgroup>\n<\/table>\n<p>Salvador Dal\u00ed elef\u00e1ntokat t\u00fckr\u00f6z\u0151 hatty\u00fai sz\u00fcrrealista remekm\u0171, amely a m\u0171v\u00e9sz egyedi \u00e9s fant\u00e1ziad\u00fas l\u00e1t\u00e1sm\u00f3dj\u00e1t mutatja be. Az 1937-ben k\u00e9sz\u00fclt festm\u00e9ny kiv\u00e1l\u00f3 p\u00e9ld\u00e1ja Dal\u00ednak arra, hogy a l\u00e1tsz\u00f3lag egym\u00e1st\u00f3l elt\u00e9r\u0151 elemeket felt\u0171n\u0151 \u00e9s elgondolkodtat\u00f3 m\u00f3don kombin\u00e1lja.<\/p>\n<p>A k\u00e9pen egy nyugodt tavacska l\u00e1that\u00f3, melynek felsz\u00edn\u00e9n hatty\u00fak \u00faszk\u00e1lnak. A v\u00edzben val\u00f3 t\u00fckr\u00f6z\u0151d\u00e9s azonban eg\u00e9szen m\u00e1s jelenetet t\u00e1r el\u00e9nk: egy elef\u00e1ntcsorda \u00e1ll a h\u00e1ts\u00f3 l\u00e1bukon. A b\u00e9k\u00e9s hatty\u00fak \u00e9s a hatalmas elef\u00e1ntok k\u00f6z\u00f6tti kontraszt fesz\u00fclts\u00e9get \u00e9s szorong\u00e1st kelt, mintha k\u00e9t k\u00fcl\u00f6nb\u00f6z\u0151 ir\u00e1nyba vonn\u00e1 a n\u00e9z\u0151t.<\/p>\n<p>Ezt a fesz\u00fclts\u00e9get tov\u00e1bb fokozza a k\u00e9p sz\u00ednhaszn\u00e1lata. A hatty\u00fakat \u00e9s az eget l\u00e1gy pasztell \u00e1rnyalatokkal \u00e1br\u00e1zolj\u00e1k, a b\u00e9ke \u00e9s a nyugalom \u00e9rzet\u00e9t keltve. Ezzel szemben az elef\u00e1ntok s\u00f6t\u00e9t, komor sz\u00ednekkel vannak \u00e1br\u00e1zolva, ami tov\u00e1bb fokozza a szorong\u00e1s \u00e9rz\u00e9s\u00e9t.<\/p>\n<p>Az elef\u00e1ntokat t\u00fckr\u00f6z\u0151 hatty\u00fak nagyszer\u0171 p\u00e9ld\u00e1ja Dal\u00ednak arra, hogy szimbolik\u00e1val \u00e9s sz\u00fcrre\u00e1lis k\u00e9pekkel komment\u00e1lja az emberi \u00e1llapotot. A festm\u00e9ny sokf\u00e9lek\u00e9ppen \u00e9rtelmezhet\u0151, de gyakran az emberi term\u00e9szet kett\u0151ss\u00e9g\u00e9nek reflexi\u00f3jak\u00e9nt \u00e9rtelmezik. A hatty\u00fak a felsz\u00ednes, m\u00edg az elef\u00e1ntok a m\u00e9ly, tudattalan elm\u00e9t k\u00e9pviselik. E k\u00e9t elem szembe\u00e1ll\u00edt\u00e1sa azt a kontrasztot hivatott hangs\u00falyozni, amit a vil\u00e1gnak mutatunk \u00e9s amit elrejt\u00fcnk.<\/p>\n<p>A festm\u00e9nyt Dal\u00ed egyik legfontosabb alkot\u00e1s\u00e1nak tartj\u00e1k, \u00e9s a sz\u00fcrrealista m\u0171v\u00e9szet remekm\u0171ve. Jelenleg a New York-i Modern M\u0171v\u00e9szetek M\u00fazeum\u00e1ban tal\u00e1lhat\u00f3, de a vil\u00e1g t\u00f6bb rangos gal\u00e9ri\u00e1j\u00e1ban \u00e9s m\u00fazeum\u00e1ban is ki\u00e1ll\u00edtott\u00e1k.<\/p>\n<p>Mindent \u00f6sszevetve, Salvador Dal\u00ed Hatty\u00fak elef\u00e1ntokat t\u00fckr\u00f6z\u0151 c\u00edm\u0171 m\u0171v\u00e9t kihagyhatatlan mindenkinek, aki \u00e9rdekl\u0151dik a sz\u00fcrrealizmus \u00e9s az ikonikus m\u0171v\u00e9sz munk\u00e1i ir\u00e1nt. A festm\u00e9ny er\u0151teljes p\u00e9ld\u00e1ja Dal\u00ed egyedi l\u00e1t\u00e1sm\u00f3dj\u00e1nak \u00e9s azon k\u00e9pess\u00e9g\u00e9nek, hogy elgondolkodtat\u00f3 \u00e9s megh\u00f6kkent\u0151 m\u0171alkot\u00e1sokat hozzon l\u00e9tre. Ez egy mesteri m\u0171alkot\u00e1s, amelyet Salvador Dali egyik legfontosabb alkot\u00e1sak\u00e9nt tartanak sz\u00e1mon. Ha t\u00f6bbet szeretne megtudni err\u0151l a festm\u00e9nyr\u0151l, l\u00e1togasson el a New York-i Modern M\u0171v\u00e9szetek M\u00fazeum\u00e1ba vagy a vil\u00e1g m\u00e1s h\u00edres m\u00fazeumaiba, vagy keressen tov\u00e1bbi inform\u00e1ci\u00f3kat Salvador Dalir\u00f3l \u00e9s m\u0171veir\u0151l az interneten.[\/vc_column_text][\/vc_column][\/vc_row]\n<\/div>","protected":false},"excerpt":{"rendered":"<p>[vc_row css=&#8221;.vc_custom_1774088765917{margin-bottom: 10px !important;}&#8221;][vc_column][\/vc_column][\/vc_row][vc_row css=&#8221;.vc_custom_1774088765917{margin-bottom: 10px !important;}&#8221;][vc_column][\/vc_column][\/vc_row][vc_row css=&#8221;.vc_custom_1774088765917{margin-bottom: 10px !important;}&#8221;][vc_column][\/vc_column][\/vc_row][vc_row][vc_column][vc_column_text] Salvador Dali \u2013 Elef\u00e1ntokat t\u00fckr\u00f6z\u0151 hatty\u00fak &nbsp; L\u00e9trehoz\u00e1s \u00e9ve: 1937 Eredeti m\u00e9ret: 77 cm x 51 cm Fest\u00e9si st\u00edlus: Sz\u00fcrrealizmus Eredeti technika: Olaj, v\u00e1szon Helysz\u00edn: Mag\u00e1ngy\u0171jtem\u00e9ny Salvador Dal\u00ed elef\u00e1ntokat t\u00fckr\u00f6z\u0151 hatty\u00fai sz\u00fcrrealista remekm\u0171, amely a m\u0171v\u00e9sz egyedi \u00e9s fant\u00e1ziad\u00fas l\u00e1t\u00e1sm\u00f3dj\u00e1t [&hellip;]<\/p>\n","protected":false},"featured_media":50100,"template":"","meta":{"_acf_changed":false},"product_brand":[],"product_cat":[7134],"product_tag":[7163,11885,11886,11887,7201],"class_list":{"0":"post-52778","1":"product","2":"type-product","3":"status-publish","4":"has-post-thumbnail","6":"product_cat-salvador-dali-hu","7":"product_tag-dali-hu","8":"product_tag-painter-hu","9":"product_tag-reproduction","10":"product_tag-reproductions-hu","11":"product_tag-salvador-dali-hu","12":"pa_dimenzija-120-x-80-cm","13":"pa_dimenzija-150-x-100-cm","14":"pa_dimenzija-40-x-30-cm","15":"pa_dimenzija-60-x-40-cm","16":"pa_dimenzija-70-x-50-cm","17":"pa_dimenzija-77-x-51-cm","18":"pa_dimenzija-90-x-60-cm","19":"pa_oblika-vizszintes","20":"pa_okvir-nincs-keret","21":"pa_podokvir-igen","22":"pa_podokvir-nem","24":"first","25":"onbackorder","26":"purchasable","27":"product-type-variable","28":"has-default-attributes"},"acf":[],"yoast_head":"<!-- This site is optimized with the Yoast SEO Premium plugin v26.0 (Yoast SEO v27.2) - https:\/\/yoast.com\/product\/yoast-seo-premium-wordpress\/ -->\n<title>Salvador Dali - Swans Reflecting Elephants - SVETSLIK.SI - 100% k\u00e9zzel festett<\/title>\n<meta name=\"description\" content=\"Salvador Dali - Swans Reflecting Elephants - 100% k\u00e9zzel festett h\u00edres festm\u00e9nyek reprodukci\u00f3i. Festm\u00e9nyek keretez\u00e9se, elad\u00e1sa \u00e9s egyedi rendel\u00e9sre t\u00f6rt\u00e9n\u0151 v\u00e1szonk\u00e9pek k\u00e9sz\u00edt\u00e9se.\" \/>\n<meta name=\"robots\" content=\"index, follow, max-snippet:-1, max-image-preview:large, max-video-preview:-1\" \/>\n<link rel=\"canonical\" href=\"https:\/\/svetslik.si\/hu\/salvador-dali-hu\/swans-reflecting-elephants\/\" \/>\n<meta property=\"og:locale\" content=\"hu_HU\" \/>\n<meta property=\"og:type\" content=\"article\" \/>\n<meta property=\"og:title\" content=\"Salvador Dali - Swans Reflecting Elephants\" \/>\n<meta property=\"og:description\" content=\"100% ro\u010dno naslikane slike na platnu, reprodukcije znanih slikarjev in umetni\u0161ke slike po naro\u010dilu.\" \/>\n<meta property=\"og:url\" content=\"https:\/\/svetslik.si\/hu\/salvador-dali-hu\/swans-reflecting-elephants\/\" \/>\n<meta property=\"og:site_name\" content=\"SVETSLIK.SI\" \/>\n<meta property=\"article:publisher\" content=\"https:\/\/www.facebook.com\/svetslik.si\" \/>\n<meta property=\"article:modified_time\" content=\"2026-03-22T20:19:18+00:00\" \/>\n<meta property=\"og:image\" content=\"https:\/\/svetslik.si\/wp-content\/uploads\/2021\/08\/image_Swans-Reflecting-Elephants_680.jpg\" \/>\n\t<meta property=\"og:image:width\" content=\"1300\" \/>\n\t<meta property=\"og:image:height\" content=\"845\" \/>\n\t<meta property=\"og:image:type\" content=\"image\/jpeg\" \/>\n<meta name=\"twitter:card\" content=\"summary_large_image\" \/>\n<meta name=\"twitter:site\" content=\"@svetslik\" \/>\n<meta name=\"twitter:label1\" content=\"El\u00e9rhet\u0151s\u00e9g\" \/>\n\t<meta name=\"twitter:data1\" content=\"Beszerz\u00e9s alatt\" \/>\n<script type=\"application\/ld+json\" class=\"yoast-schema-graph\">{\"@context\":\"https:\/\/schema.org\",\"@graph\":[{\"@type\":[\"WebPage\",\"ItemPage\"],\"@id\":\"https:\/\/svetslik.si\/hu\/salvador-dali-hu\/swans-reflecting-elephants\/\",\"url\":\"https:\/\/svetslik.si\/hu\/salvador-dali-hu\/swans-reflecting-elephants\/\",\"name\":\"Salvador Dali - Swans Reflecting Elephants - SVETSLIK.SI - 100% k\u00e9zzel festett\",\"isPartOf\":{\"@id\":\"https:\/\/svetslik.si\/hu\/#website\"},\"primaryImageOfPage\":{\"@id\":\"https:\/\/svetslik.si\/hu\/salvador-dali-hu\/swans-reflecting-elephants\/#primaryimage\"},\"image\":{\"@id\":\"https:\/\/svetslik.si\/hu\/salvador-dali-hu\/swans-reflecting-elephants\/#primaryimage\"},\"thumbnailUrl\":\"https:\/\/svetslik.si\/wp-content\/uploads\/2021\/08\/image_Swans-Reflecting-Elephants_680.jpg\",\"datePublished\":\"2021-09-02T15:45:39+00:00\",\"dateModified\":\"2026-03-22T20:19:18+00:00\",\"description\":\"Salvador Dali - Swans Reflecting Elephants - 100% k\u00e9zzel festett h\u00edres festm\u00e9nyek reprodukci\u00f3i. Festm\u00e9nyek keretez\u00e9se, elad\u00e1sa \u00e9s egyedi rendel\u00e9sre t\u00f6rt\u00e9n\u0151 v\u00e1szonk\u00e9pek k\u00e9sz\u00edt\u00e9se.\",\"breadcrumb\":{\"@id\":\"https:\/\/svetslik.si\/hu\/salvador-dali-hu\/swans-reflecting-elephants\/#breadcrumb\"},\"inLanguage\":\"hu\",\"potentialAction\":[{\"@type\":\"ReadAction\",\"target\":[\"https:\/\/svetslik.si\/hu\/salvador-dali-hu\/swans-reflecting-elephants\/\"]}]},{\"@type\":\"ImageObject\",\"inLanguage\":\"hu\",\"@id\":\"https:\/\/svetslik.si\/hu\/salvador-dali-hu\/swans-reflecting-elephants\/#primaryimage\",\"url\":\"https:\/\/svetslik.si\/wp-content\/uploads\/2021\/08\/image_Swans-Reflecting-Elephants_680.jpg\",\"contentUrl\":\"https:\/\/svetslik.si\/wp-content\/uploads\/2021\/08\/image_Swans-Reflecting-Elephants_680.jpg\",\"width\":1300,\"height\":845,\"caption\":\"Salvador Dali - Swans Reflecting Elephants\"},{\"@type\":\"BreadcrumbList\",\"@id\":\"https:\/\/svetslik.si\/hu\/salvador-dali-hu\/swans-reflecting-elephants\/#breadcrumb\",\"itemListElement\":[{\"@type\":\"ListItem\",\"position\":1,\"name\":\"Wall art and paintings on canvas\",\"item\":\"https:\/\/svetslik.si\/hu\/\"},{\"@type\":\"ListItem\",\"position\":2,\"name\":\"Festm\u00e9nyek elad\u00e1sa\",\"item\":\"https:\/\/svetslik.si\/prodaja-slik\/\"},{\"@type\":\"ListItem\",\"position\":3,\"name\":\"Salvador Dali &#8211; Swans Reflecting Elephants\"}]},{\"@type\":\"WebSite\",\"@id\":\"https:\/\/svetslik.si\/hu\/#website\",\"url\":\"https:\/\/svetslik.si\/hu\/\",\"name\":\"SVETSLIK.SI\",\"description\":\"100%-ban k\u00e9zzel festett reprodukci\u00f3k h\u00edres fest\u0151k festm\u00e9nyeir\u0151l \u00e9s festm\u00e9nyekr\u0151l v\u00e1szonra.\",\"publisher\":{\"@id\":\"https:\/\/svetslik.si\/hu\/#organization\"},\"potentialAction\":[{\"@type\":\"SearchAction\",\"target\":{\"@type\":\"EntryPoint\",\"urlTemplate\":\"https:\/\/svetslik.si\/hu\/?s={search_term_string}\"},\"query-input\":{\"@type\":\"PropertyValueSpecification\",\"valueRequired\":true,\"valueName\":\"search_term_string\"}}],\"inLanguage\":\"hu\"},{\"@type\":\"Organization\",\"@id\":\"https:\/\/svetslik.si\/hu\/#organization\",\"name\":\"SvetSlik.si\",\"url\":\"https:\/\/svetslik.si\/hu\/\",\"logo\":{\"@type\":\"ImageObject\",\"inLanguage\":\"hu\",\"@id\":\"https:\/\/svetslik.si\/hu\/#\/schema\/logo\/image\/\",\"url\":\"https:\/\/svetslik.si\/wp-content\/uploads\/2020\/12\/logo-512.png\",\"contentUrl\":\"https:\/\/svetslik.si\/wp-content\/uploads\/2020\/12\/logo-512.png\",\"width\":512,\"height\":512,\"caption\":\"SvetSlik.si\"},\"image\":{\"@id\":\"https:\/\/svetslik.si\/hu\/#\/schema\/logo\/image\/\"},\"sameAs\":[\"https:\/\/www.facebook.com\/svetslik.si\",\"https:\/\/x.com\/svetslik\",\"https:\/\/www.instagram.com\/svetslik.si\/\",\"https:\/\/www.linkedin.com\/company\/svetslik-si\"]}]}<\/script>\n<meta property=\"og:availability\" content=\"backorder\" \/>\n<meta property=\"product:availability\" content=\"available for order\" \/>\n<meta property=\"product:retailer_item_id\" content=\"129__\" \/>\n<meta property=\"product:condition\" content=\"new\" \/>\n<!-- \/ Yoast SEO Premium plugin. -->","yoast_head_json":{"title":"Salvador Dali - Swans Reflecting Elephants - SVETSLIK.SI - 100% k\u00e9zzel festett","description":"Salvador Dali - Swans Reflecting Elephants - 100% k\u00e9zzel festett h\u00edres festm\u00e9nyek reprodukci\u00f3i. Festm\u00e9nyek keretez\u00e9se, elad\u00e1sa \u00e9s egyedi rendel\u00e9sre t\u00f6rt\u00e9n\u0151 v\u00e1szonk\u00e9pek k\u00e9sz\u00edt\u00e9se.","robots":{"index":"index","follow":"follow","max-snippet":"max-snippet:-1","max-image-preview":"max-image-preview:large","max-video-preview":"max-video-preview:-1"},"canonical":"https:\/\/svetslik.si\/hu\/salvador-dali-hu\/swans-reflecting-elephants\/","og_locale":"hu_HU","og_type":"article","og_title":"Salvador Dali - Swans Reflecting Elephants","og_description":"100% ro\u010dno naslikane slike na platnu, reprodukcije znanih slikarjev in umetni\u0161ke slike po naro\u010dilu.","og_url":"https:\/\/svetslik.si\/hu\/salvador-dali-hu\/swans-reflecting-elephants\/","og_site_name":"SVETSLIK.SI","article_publisher":"https:\/\/www.facebook.com\/svetslik.si","article_modified_time":"2026-03-22T20:19:18+00:00","og_image":[{"width":1300,"height":845,"url":"https:\/\/svetslik.si\/wp-content\/uploads\/2021\/08\/image_Swans-Reflecting-Elephants_680.jpg","type":"image\/jpeg"}],"twitter_card":"summary_large_image","twitter_site":"@svetslik","twitter_misc":{"El\u00e9rhet\u0151s\u00e9g":"Beszerz\u00e9s alatt"},"schema":{"@context":"https:\/\/schema.org","@graph":[{"@type":["WebPage","ItemPage"],"@id":"https:\/\/svetslik.si\/hu\/salvador-dali-hu\/swans-reflecting-elephants\/","url":"https:\/\/svetslik.si\/hu\/salvador-dali-hu\/swans-reflecting-elephants\/","name":"Salvador Dali - Swans Reflecting Elephants - SVETSLIK.SI - 100% k\u00e9zzel festett","isPartOf":{"@id":"https:\/\/svetslik.si\/hu\/#website"},"primaryImageOfPage":{"@id":"https:\/\/svetslik.si\/hu\/salvador-dali-hu\/swans-reflecting-elephants\/#primaryimage"},"image":{"@id":"https:\/\/svetslik.si\/hu\/salvador-dali-hu\/swans-reflecting-elephants\/#primaryimage"},"thumbnailUrl":"https:\/\/svetslik.si\/wp-content\/uploads\/2021\/08\/image_Swans-Reflecting-Elephants_680.jpg","datePublished":"2021-09-02T15:45:39+00:00","dateModified":"2026-03-22T20:19:18+00:00","description":"Salvador Dali - Swans Reflecting Elephants - 100% k\u00e9zzel festett h\u00edres festm\u00e9nyek reprodukci\u00f3i. Festm\u00e9nyek keretez\u00e9se, elad\u00e1sa \u00e9s egyedi rendel\u00e9sre t\u00f6rt\u00e9n\u0151 v\u00e1szonk\u00e9pek k\u00e9sz\u00edt\u00e9se.","breadcrumb":{"@id":"https:\/\/svetslik.si\/hu\/salvador-dali-hu\/swans-reflecting-elephants\/#breadcrumb"},"inLanguage":"hu","potentialAction":[{"@type":"ReadAction","target":["https:\/\/svetslik.si\/hu\/salvador-dali-hu\/swans-reflecting-elephants\/"]}]},{"@type":"ImageObject","inLanguage":"hu","@id":"https:\/\/svetslik.si\/hu\/salvador-dali-hu\/swans-reflecting-elephants\/#primaryimage","url":"https:\/\/svetslik.si\/wp-content\/uploads\/2021\/08\/image_Swans-Reflecting-Elephants_680.jpg","contentUrl":"https:\/\/svetslik.si\/wp-content\/uploads\/2021\/08\/image_Swans-Reflecting-Elephants_680.jpg","width":1300,"height":845,"caption":"Salvador Dali - Swans Reflecting Elephants"},{"@type":"BreadcrumbList","@id":"https:\/\/svetslik.si\/hu\/salvador-dali-hu\/swans-reflecting-elephants\/#breadcrumb","itemListElement":[{"@type":"ListItem","position":1,"name":"Wall art and paintings on canvas","item":"https:\/\/svetslik.si\/hu\/"},{"@type":"ListItem","position":2,"name":"Festm\u00e9nyek elad\u00e1sa","item":"https:\/\/svetslik.si\/prodaja-slik\/"},{"@type":"ListItem","position":3,"name":"Salvador Dali &#8211; Swans Reflecting Elephants"}]},{"@type":"WebSite","@id":"https:\/\/svetslik.si\/hu\/#website","url":"https:\/\/svetslik.si\/hu\/","name":"SVETSLIK.SI","description":"100%-ban k\u00e9zzel festett reprodukci\u00f3k h\u00edres fest\u0151k festm\u00e9nyeir\u0151l \u00e9s festm\u00e9nyekr\u0151l v\u00e1szonra.","publisher":{"@id":"https:\/\/svetslik.si\/hu\/#organization"},"potentialAction":[{"@type":"SearchAction","target":{"@type":"EntryPoint","urlTemplate":"https:\/\/svetslik.si\/hu\/?s={search_term_string}"},"query-input":{"@type":"PropertyValueSpecification","valueRequired":true,"valueName":"search_term_string"}}],"inLanguage":"hu"},{"@type":"Organization","@id":"https:\/\/svetslik.si\/hu\/#organization","name":"SvetSlik.si","url":"https:\/\/svetslik.si\/hu\/","logo":{"@type":"ImageObject","inLanguage":"hu","@id":"https:\/\/svetslik.si\/hu\/#\/schema\/logo\/image\/","url":"https:\/\/svetslik.si\/wp-content\/uploads\/2020\/12\/logo-512.png","contentUrl":"https:\/\/svetslik.si\/wp-content\/uploads\/2020\/12\/logo-512.png","width":512,"height":512,"caption":"SvetSlik.si"},"image":{"@id":"https:\/\/svetslik.si\/hu\/#\/schema\/logo\/image\/"},"sameAs":["https:\/\/www.facebook.com\/svetslik.si","https:\/\/x.com\/svetslik","https:\/\/www.instagram.com\/svetslik.si\/","https:\/\/www.linkedin.com\/company\/svetslik-si"]}]},"og_availability":"backorder","product_availability":"available for order","product_retailer_item_id":"129__","product_condition":"new"},"jetpack_sharing_enabled":true,"_links":{"self":[{"href":"https:\/\/svetslik.si\/hu\/wp-json\/wp\/v2\/product\/52778","targetHints":{"allow":["GET"]}}],"collection":[{"href":"https:\/\/svetslik.si\/hu\/wp-json\/wp\/v2\/product"}],"about":[{"href":"https:\/\/svetslik.si\/hu\/wp-json\/wp\/v2\/types\/product"}],"wp:featuredmedia":[{"embeddable":true,"href":"https:\/\/svetslik.si\/hu\/wp-json\/wp\/v2\/media\/50100"}],"wp:attachment":[{"href":"https:\/\/svetslik.si\/hu\/wp-json\/wp\/v2\/media?parent=52778"}],"wp:term":[{"taxonomy":"product_brand","embeddable":true,"href":"https:\/\/svetslik.si\/hu\/wp-json\/wp\/v2\/product_brand?post=52778"},{"taxonomy":"product_cat","embeddable":true,"href":"https:\/\/svetslik.si\/hu\/wp-json\/wp\/v2\/product_cat?post=52778"},{"taxonomy":"product_tag","embeddable":true,"href":"https:\/\/svetslik.si\/hu\/wp-json\/wp\/v2\/product_tag?post=52778"}],"curies":[{"name":"wp","href":"https:\/\/api.w.org\/{rel}","templated":true}]}}