{"id":52849,"date":"2021-09-02T17:46:07","date_gmt":"2021-09-02T15:46:07","guid":{"rendered":"https:\/\/svetslik.si\/nem-kategorizalt\/the-last-supper\/"},"modified":"2025-11-02T21:59:18","modified_gmt":"2025-11-02T20:59:18","slug":"the-last-supper","status":"publish","type":"product","link":"https:\/\/svetslik.si\/hu\/leonardo-da-vinci-hu\/the-last-supper\/","title":{"rendered":"Leonardo da Vinci &#8211; The Last Supper &#8211; Az utols\u00f3 vacsora"},"content":{"rendered":"<div class=\"wpb-content-wrapper\">[vc_row][vc_column][vc_column_text css=&#8221;&#8221;]\n<p data-pm-slice=\"1 1 []\"><div class=\"yt-lazy-video ratio-square\" data-id=\"B9hfmKw-86w\"><\/div>\n[\/vc_column][\/vc_row][vc_row][vc_column][vc_column_text]\n<h1>Az utols\u00f3 vacsora \u2013 Leonardo da Vinci<\/h1>\n<p>&nbsp;<\/p>\n<table style=\"width: 673px;\" border=\"0\" width=\"673\" cellpadding=\"0\">\n<tbody>\n<tr>\n<td style=\"width: 180px; height: 21px;\" height=\"21\">L\u00e9trehoz\u00e1s \u00e9ve:<\/td>\n<td style=\"width: 493px;\">kb. 1500<\/td>\n<\/tr>\n<tr>\n<td style=\"width: 180px; height: 21px;\" height=\"21\">Eredeti m\u00e9ret:<\/td>\n<td style=\"width: 493px;\">794 cm x 418 cm<\/td>\n<\/tr>\n<tr>\n<td style=\"width: 180px; height: 21px;\" height=\"21\">Fest\u00e9si st\u00edlus:<\/td>\n<td style=\"width: 493px;\">magas renesz\u00e1nsz<\/td>\n<\/tr>\n<tr>\n<td style=\"width: 180px; height: 21px;\" height=\"21\">Eredeti technika:<\/td>\n<td>Olaj, v\u00e1szon<\/td>\n<\/tr>\n<tr>\n<td style=\"width: 180px; height: 21px;\" height=\"21\">Helysz\u00edn:<\/td>\n<td>Da Vinci M\u00fazeum, Tongerlo<\/td>\n<\/tr>\n<\/tbody>\n<colgroup>\n<col \/>\n<col \/> <\/colgroup>\n<\/table>\n<p>&nbsp;<\/p>\n<p>Az<strong>utols\u00f3 vacsora<\/strong>nak a kereszt\u00e9ny m\u0171v\u00e9szetben val\u00f3 \u00e1br\u00e1zol\u00e1s\u00e1val a k\u00fcl\u00f6nb\u00f6z\u0151 fest\u0151k<strong>\u00e9vsz\u00e1zadok \u00f3ta foglalkoznak, <\/strong>azonban a legh\u00edresebb fresk\u00f3<strong>Leonardo da Vinci<\/strong> az 1490-es \u00e9vek v\u00e9g\u00e9t\u0151l Mil\u00e1n\u00f3ban, Olaszorsz\u00e1gban.<\/p>\n<p>Az <strong>Az utols\u00f3 vacsora<\/strong> a <strong>Mona Lisa<\/strong> mellett <strong>Leonardo da Vinci<\/strong> legh\u00edresebb festm\u00e9nye. Eredeti 460 \u00d7 880 cm m\u00e9ret\u0171 fresk\u00f3. A mil\u00e1n\u00f3i Santa Maria della Grazia templom melletti domonkos kolostorban tal\u00e1lhat\u00f3.<\/p>\n<p>A festm\u00e9nyen\/fresk\u00f3n s\u00e9r\u00fcl\u00e9sek \u00e9s fest\u00e9kveszt\u00e9s l\u00e1that\u00f3, ami Leonardo k\u00eds\u00e9rlet\u00e9nek eredm\u00e9nye, hogy \u00fajonnan kifejlesztett sz\u00edneket haszn\u00e1ljon a fest\u00e9shez. <strong>Leonardo<\/strong> olaj \u00e9s tempera kever\u00e9k\u00e9vel festette &#8220;Az utols\u00f3 vacsor\u00e1t&#8221;. A sz\u00ednkombin\u00e1ci\u00f3 p\u00e1raz\u00e1r\u00f3 \u00e9s a fest\u00e9kr\u00e9tegnek nem siker\u00fclt kell\u0151k\u00e9ppen elt\u00e1vol\u00edtania a nedvess\u00e9get a falr\u00f3l. Az eredm\u00e9ny a k\u00e9reg h\u00e1ml\u00e1sa, amely ma is l\u00e1that\u00f3 \u00e9s jelen van.<\/p>\n<p>A fresk\u00f3<strong>da Vinci<\/strong>nek fontos \u00e9s gyakran elemzett munk\u00e1ja mil\u00e1n\u00f3i korszak\u00e1b\u00f3l. Ellent\u00e9tben az<strong>utols\u00f3 vacsora<\/strong>szok\u00e1sos \u00e9rtelmez\u00e9s\u00e9vel, azt a pillanatot v\u00e1lasztotta, amikor<strong>J\u00e9zus<\/strong> t\u00e1j\u00e9koztatja tan\u00edtv\u00e1nyait, hogy egyik\u00fck el\u00e1rulja \u0151t.<\/p>\n<p>A fresk\u00f3n l\u00e1that\u00f3 csoportot a r\u00e9sztvev\u0151k gesztusai \u00e9s arckifejez\u00e9sei jellemzik \u00e9s jelent\u0151s\u00e9gteljesek, amilyeneket kor\u00e1bban soha nem \u00e1br\u00e1zoltak ilyen form\u00e1ban.<\/p>\n<p>B\u00e1r<strong>Leonardo<\/strong> az apostolokat n\u00e9gy egy\u00e9rtelm\u0171, egyenk\u00e9nt h\u00e1rom f\u0151s csoportra osztotta, \u00e9s ily m\u00f3don a k\u00e9nyszer n\u00e9lk\u00fclis\u00e9g hat\u00e1s\u00e1t keltette, m\u00e9gis m\u00e1s-m\u00e1s gesztusok r\u00e9v\u00e9n tov\u00e1bbra is \u00f6ssze voltak k\u00f6tve egym\u00e1ssal.<\/p>\n<p>A fresk\u00f3 n\u00e9z\u0151je \u00e1t\u00e9rezheti a csoporton bel\u00fcli fesz\u00fclts\u00e9get, amelynek k\u00f6zep\u00e9n csak<strong>Krisztus<\/strong> van, kiegyens\u00falyozhatja a helyzetet \u00e9s megold\u00e1st k\u00edn\u00e1lhat.<\/p>\n<p>Az utols\u00f3 vacsora fresk\u00f3 nagyban befoly\u00e1solta a kereszt\u00e9nys\u00e9g fejl\u0151d\u00e9s\u00e9t \u00e9s l\u00e9trej\u00f6tt\u00e9t. A ma ismert mise azokb\u00f3l a r\u00edtusokb\u00f3l alakult ki, amelyek a festm\u00e9nyen a vacsora k\u00f6zbeni t\u00e1rsasoz\u00e1s \u00e1br\u00e1zol\u00e1s\u00e1t k\u00f6vett\u00e9k.<\/p>\n<p>A festm\u00e9ny a t\u00f6rt\u00e9nelem sor\u00e1n m\u00e1s fest\u0151ket is inspir\u00e1lt, akik a maguk m\u00f3dj\u00e1n \u00e9rtelmezt\u00e9k, de h\u0171ek maradtak eredeti elk\u00e9pzel\u00e9s\u00e9hez.<\/p>\n<\/div>","protected":false},"excerpt":{"rendered":"<p>[vc_row][vc_column][vc_column_text css=&#8221;&#8221;] [\/vc_column][\/vc_row][vc_row][vc_column][vc_column_text] Az utols\u00f3 vacsora \u2013 Leonardo da Vinci &nbsp; L\u00e9trehoz\u00e1s \u00e9ve: kb. 1500 Eredeti m\u00e9ret: 794 cm x 418 cm Fest\u00e9si st\u00edlus: magas renesz\u00e1nsz Eredeti technika: Olaj, v\u00e1szon Helysz\u00edn: Da Vinci M\u00fazeum, Tongerlo &nbsp; Azutols\u00f3 vacsoranak a kereszt\u00e9ny m\u0171v\u00e9szetben val\u00f3 \u00e1br\u00e1zol\u00e1s\u00e1val a k\u00fcl\u00f6nb\u00f6z\u0151 fest\u0151k\u00e9vsz\u00e1zadok \u00f3ta foglalkoznak, azonban a [&hellip;]<\/p>\n","protected":false},"featured_media":50814,"template":"","meta":{"_acf_changed":false},"product_brand":[],"product_cat":[7145,7451],"product_tag":[7164,11885,11886,11887],"class_list":{"0":"post-52849","1":"product","2":"type-product","3":"status-publish","4":"has-post-thumbnail","6":"product_cat-leonardo-da-vinci-hu","7":"product_cat-vallasi-festmenyek","8":"product_tag-da-vinci-hu","9":"product_tag-painter-hu","10":"product_tag-reproduction","11":"product_tag-reproductions-hu","12":"pa_dimenzija-100-x-50-cm-hu","13":"pa_dimenzija-120-x-60-cm-hu","14":"pa_dimenzija-140-x-70-cm-hu","15":"pa_dimenzija-160-x-80-cm-hu","16":"pa_dimenzija-200-x-100-cm-hu","17":"pa_dimenzija-250-x-130-cm-hu","18":"pa_dimenzija-300-x-160-cm-hu","19":"pa_dimenzija-350-x-180-cm-hu","20":"pa_dimenzija-400-x-210-cm-hu","21":"pa_oblika-vizszintes","22":"pa_okvir-nincs-keret","23":"pa_podokvir-igen","24":"pa_podokvir-nem","26":"first","27":"onbackorder","28":"purchasable","29":"product-type-variable","30":"has-default-attributes"},"acf":[],"yoast_head":"<!-- This site is optimized with the Yoast SEO Premium plugin v26.0 (Yoast SEO v27.2) - https:\/\/yoast.com\/product\/yoast-seo-premium-wordpress\/ -->\n<title>Leonardo da Vinci - The Last Supper - Az utols\u00f3 vacsora - SVETSLIK.SI - 100% k\u00e9zzel festett<\/title>\n<meta name=\"description\" content=\"Leonardo da Vinci - The Last Supper - Az utols\u00f3 vacsora - 100% k\u00e9zzel festett h\u00edres festm\u00e9nyek reprodukci\u00f3i. Festm\u00e9nyek keretez\u00e9se, elad\u00e1sa \u00e9s egyedi rendel\u00e9sre t\u00f6rt\u00e9n\u0151 v\u00e1szonk\u00e9pek k\u00e9sz\u00edt\u00e9se.\" \/>\n<meta name=\"robots\" content=\"index, follow, max-snippet:-1, max-image-preview:large, max-video-preview:-1\" \/>\n<link rel=\"canonical\" href=\"https:\/\/svetslik.si\/hu\/leonardo-da-vinci-hu\/the-last-supper\/\" \/>\n<meta property=\"og:locale\" content=\"hu_HU\" \/>\n<meta property=\"og:type\" content=\"article\" \/>\n<meta property=\"og:title\" content=\"Leonardo da Vinci - The Last Supper - Az utols\u00f3 vacsora\" \/>\n<meta property=\"og:description\" content=\"100% ro\u010dno naslikane slike na platnu, reprodukcije znanih slikarjev in umetni\u0161ke slike po naro\u010dilu.\" \/>\n<meta property=\"og:url\" content=\"https:\/\/svetslik.si\/hu\/leonardo-da-vinci-hu\/the-last-supper\/\" \/>\n<meta property=\"og:site_name\" content=\"SVETSLIK.SI\" \/>\n<meta property=\"article:publisher\" content=\"https:\/\/www.facebook.com\/svetslik.si\" \/>\n<meta property=\"article:modified_time\" content=\"2025-11-02T20:59:18+00:00\" \/>\n<meta property=\"og:image\" content=\"https:\/\/svetslik.si\/wp-content\/uploads\/2021\/09\/zadnja-vecerja-The_Last_Supper_-_Leonardo_Da_Vinci_-_High_Resolution_32x16.jpg\" \/>\n\t<meta property=\"og:image:width\" content=\"1000\" \/>\n\t<meta property=\"og:image:height\" content=\"500\" \/>\n\t<meta property=\"og:image:type\" content=\"image\/jpeg\" \/>\n<meta name=\"twitter:card\" content=\"summary_large_image\" \/>\n<meta name=\"twitter:site\" content=\"@svetslik\" \/>\n<meta name=\"twitter:label1\" content=\"El\u00e9rhet\u0151s\u00e9g\" \/>\n\t<meta name=\"twitter:data1\" content=\"Beszerz\u00e9s alatt\" \/>\n<script type=\"application\/ld+json\" class=\"yoast-schema-graph\">{\"@context\":\"https:\/\/schema.org\",\"@graph\":[{\"@type\":[\"WebPage\",\"ItemPage\"],\"@id\":\"https:\/\/svetslik.si\/hu\/leonardo-da-vinci-hu\/the-last-supper\/\",\"url\":\"https:\/\/svetslik.si\/hu\/leonardo-da-vinci-hu\/the-last-supper\/\",\"name\":\"Leonardo da Vinci - The Last Supper - Az utols\u00f3 vacsora - SVETSLIK.SI - 100% k\u00e9zzel festett\",\"isPartOf\":{\"@id\":\"https:\/\/svetslik.si\/hu\/#website\"},\"primaryImageOfPage\":{\"@id\":\"https:\/\/svetslik.si\/hu\/leonardo-da-vinci-hu\/the-last-supper\/#primaryimage\"},\"image\":{\"@id\":\"https:\/\/svetslik.si\/hu\/leonardo-da-vinci-hu\/the-last-supper\/#primaryimage\"},\"thumbnailUrl\":\"https:\/\/svetslik.si\/wp-content\/uploads\/2021\/09\/zadnja-vecerja-The_Last_Supper_-_Leonardo_Da_Vinci_-_High_Resolution_32x16.jpg\",\"datePublished\":\"2021-09-02T15:46:07+00:00\",\"dateModified\":\"2025-11-02T20:59:18+00:00\",\"description\":\"Leonardo da Vinci - The Last Supper - Az utols\u00f3 vacsora - 100% k\u00e9zzel festett h\u00edres festm\u00e9nyek reprodukci\u00f3i. Festm\u00e9nyek keretez\u00e9se, elad\u00e1sa \u00e9s egyedi rendel\u00e9sre t\u00f6rt\u00e9n\u0151 v\u00e1szonk\u00e9pek k\u00e9sz\u00edt\u00e9se.\",\"breadcrumb\":{\"@id\":\"https:\/\/svetslik.si\/hu\/leonardo-da-vinci-hu\/the-last-supper\/#breadcrumb\"},\"inLanguage\":\"hu\",\"potentialAction\":[{\"@type\":\"ReadAction\",\"target\":[\"https:\/\/svetslik.si\/hu\/leonardo-da-vinci-hu\/the-last-supper\/\"]}]},{\"@type\":\"ImageObject\",\"inLanguage\":\"hu\",\"@id\":\"https:\/\/svetslik.si\/hu\/leonardo-da-vinci-hu\/the-last-supper\/#primaryimage\",\"url\":\"https:\/\/svetslik.si\/wp-content\/uploads\/2021\/09\/zadnja-vecerja-The_Last_Supper_-_Leonardo_Da_Vinci_-_High_Resolution_32x16.jpg\",\"contentUrl\":\"https:\/\/svetslik.si\/wp-content\/uploads\/2021\/09\/zadnja-vecerja-The_Last_Supper_-_Leonardo_Da_Vinci_-_High_Resolution_32x16.jpg\",\"width\":1000,\"height\":500,\"caption\":\"Leonardo da Vinci - Zadnja ve\u010derja - the last supper - Leonardo da Vinci - Zadnja ve\u010derja - the last supper festm\u00e9nyek\"},{\"@type\":\"BreadcrumbList\",\"@id\":\"https:\/\/svetslik.si\/hu\/leonardo-da-vinci-hu\/the-last-supper\/#breadcrumb\",\"itemListElement\":[{\"@type\":\"ListItem\",\"position\":1,\"name\":\"Wall art and paintings on canvas\",\"item\":\"https:\/\/svetslik.si\/hu\/\"},{\"@type\":\"ListItem\",\"position\":2,\"name\":\"Festm\u00e9nyek elad\u00e1sa\",\"item\":\"https:\/\/svetslik.si\/prodaja-slik\/\"},{\"@type\":\"ListItem\",\"position\":3,\"name\":\"Leonardo da Vinci &#8211; The Last Supper &#8211; Az utols\u00f3 vacsora\"}]},{\"@type\":\"WebSite\",\"@id\":\"https:\/\/svetslik.si\/hu\/#website\",\"url\":\"https:\/\/svetslik.si\/hu\/\",\"name\":\"SVETSLIK.SI\",\"description\":\"100%-ban k\u00e9zzel festett reprodukci\u00f3k h\u00edres fest\u0151k festm\u00e9nyeir\u0151l \u00e9s festm\u00e9nyekr\u0151l v\u00e1szonra.\",\"publisher\":{\"@id\":\"https:\/\/svetslik.si\/hu\/#organization\"},\"potentialAction\":[{\"@type\":\"SearchAction\",\"target\":{\"@type\":\"EntryPoint\",\"urlTemplate\":\"https:\/\/svetslik.si\/hu\/?s={search_term_string}\"},\"query-input\":{\"@type\":\"PropertyValueSpecification\",\"valueRequired\":true,\"valueName\":\"search_term_string\"}}],\"inLanguage\":\"hu\"},{\"@type\":\"Organization\",\"@id\":\"https:\/\/svetslik.si\/hu\/#organization\",\"name\":\"SvetSlik.si\",\"url\":\"https:\/\/svetslik.si\/hu\/\",\"logo\":{\"@type\":\"ImageObject\",\"inLanguage\":\"hu\",\"@id\":\"https:\/\/svetslik.si\/hu\/#\/schema\/logo\/image\/\",\"url\":\"https:\/\/svetslik.si\/wp-content\/uploads\/2020\/12\/logo-512.png\",\"contentUrl\":\"https:\/\/svetslik.si\/wp-content\/uploads\/2020\/12\/logo-512.png\",\"width\":512,\"height\":512,\"caption\":\"SvetSlik.si\"},\"image\":{\"@id\":\"https:\/\/svetslik.si\/hu\/#\/schema\/logo\/image\/\"},\"sameAs\":[\"https:\/\/www.facebook.com\/svetslik.si\",\"https:\/\/x.com\/svetslik\",\"https:\/\/www.instagram.com\/svetslik.si\/\",\"https:\/\/www.linkedin.com\/company\/svetslik-si\"]}]}<\/script>\n<meta property=\"og:availability\" content=\"backorder\" \/>\n<meta property=\"product:availability\" content=\"available for order\" \/>\n<meta property=\"product:retailer_item_id\" content=\"138__\" \/>\n<meta property=\"product:condition\" content=\"new\" \/>\n<!-- \/ Yoast SEO Premium plugin. -->","yoast_head_json":{"title":"Leonardo da Vinci - The Last Supper - Az utols\u00f3 vacsora - SVETSLIK.SI - 100% k\u00e9zzel festett","description":"Leonardo da Vinci - The Last Supper - Az utols\u00f3 vacsora - 100% k\u00e9zzel festett h\u00edres festm\u00e9nyek reprodukci\u00f3i. Festm\u00e9nyek keretez\u00e9se, elad\u00e1sa \u00e9s egyedi rendel\u00e9sre t\u00f6rt\u00e9n\u0151 v\u00e1szonk\u00e9pek k\u00e9sz\u00edt\u00e9se.","robots":{"index":"index","follow":"follow","max-snippet":"max-snippet:-1","max-image-preview":"max-image-preview:large","max-video-preview":"max-video-preview:-1"},"canonical":"https:\/\/svetslik.si\/hu\/leonardo-da-vinci-hu\/the-last-supper\/","og_locale":"hu_HU","og_type":"article","og_title":"Leonardo da Vinci - The Last Supper - Az utols\u00f3 vacsora","og_description":"100% ro\u010dno naslikane slike na platnu, reprodukcije znanih slikarjev in umetni\u0161ke slike po naro\u010dilu.","og_url":"https:\/\/svetslik.si\/hu\/leonardo-da-vinci-hu\/the-last-supper\/","og_site_name":"SVETSLIK.SI","article_publisher":"https:\/\/www.facebook.com\/svetslik.si","article_modified_time":"2025-11-02T20:59:18+00:00","og_image":[{"width":1000,"height":500,"url":"https:\/\/svetslik.si\/wp-content\/uploads\/2021\/09\/zadnja-vecerja-The_Last_Supper_-_Leonardo_Da_Vinci_-_High_Resolution_32x16.jpg","type":"image\/jpeg"}],"twitter_card":"summary_large_image","twitter_site":"@svetslik","twitter_misc":{"El\u00e9rhet\u0151s\u00e9g":"Beszerz\u00e9s alatt"},"schema":{"@context":"https:\/\/schema.org","@graph":[{"@type":["WebPage","ItemPage"],"@id":"https:\/\/svetslik.si\/hu\/leonardo-da-vinci-hu\/the-last-supper\/","url":"https:\/\/svetslik.si\/hu\/leonardo-da-vinci-hu\/the-last-supper\/","name":"Leonardo da Vinci - The Last Supper - Az utols\u00f3 vacsora - SVETSLIK.SI - 100% k\u00e9zzel festett","isPartOf":{"@id":"https:\/\/svetslik.si\/hu\/#website"},"primaryImageOfPage":{"@id":"https:\/\/svetslik.si\/hu\/leonardo-da-vinci-hu\/the-last-supper\/#primaryimage"},"image":{"@id":"https:\/\/svetslik.si\/hu\/leonardo-da-vinci-hu\/the-last-supper\/#primaryimage"},"thumbnailUrl":"https:\/\/svetslik.si\/wp-content\/uploads\/2021\/09\/zadnja-vecerja-The_Last_Supper_-_Leonardo_Da_Vinci_-_High_Resolution_32x16.jpg","datePublished":"2021-09-02T15:46:07+00:00","dateModified":"2025-11-02T20:59:18+00:00","description":"Leonardo da Vinci - The Last Supper - Az utols\u00f3 vacsora - 100% k\u00e9zzel festett h\u00edres festm\u00e9nyek reprodukci\u00f3i. Festm\u00e9nyek keretez\u00e9se, elad\u00e1sa \u00e9s egyedi rendel\u00e9sre t\u00f6rt\u00e9n\u0151 v\u00e1szonk\u00e9pek k\u00e9sz\u00edt\u00e9se.","breadcrumb":{"@id":"https:\/\/svetslik.si\/hu\/leonardo-da-vinci-hu\/the-last-supper\/#breadcrumb"},"inLanguage":"hu","potentialAction":[{"@type":"ReadAction","target":["https:\/\/svetslik.si\/hu\/leonardo-da-vinci-hu\/the-last-supper\/"]}]},{"@type":"ImageObject","inLanguage":"hu","@id":"https:\/\/svetslik.si\/hu\/leonardo-da-vinci-hu\/the-last-supper\/#primaryimage","url":"https:\/\/svetslik.si\/wp-content\/uploads\/2021\/09\/zadnja-vecerja-The_Last_Supper_-_Leonardo_Da_Vinci_-_High_Resolution_32x16.jpg","contentUrl":"https:\/\/svetslik.si\/wp-content\/uploads\/2021\/09\/zadnja-vecerja-The_Last_Supper_-_Leonardo_Da_Vinci_-_High_Resolution_32x16.jpg","width":1000,"height":500,"caption":"Leonardo da Vinci - Zadnja ve\u010derja - the last supper - Leonardo da Vinci - Zadnja ve\u010derja - the last supper festm\u00e9nyek"},{"@type":"BreadcrumbList","@id":"https:\/\/svetslik.si\/hu\/leonardo-da-vinci-hu\/the-last-supper\/#breadcrumb","itemListElement":[{"@type":"ListItem","position":1,"name":"Wall art and paintings on canvas","item":"https:\/\/svetslik.si\/hu\/"},{"@type":"ListItem","position":2,"name":"Festm\u00e9nyek elad\u00e1sa","item":"https:\/\/svetslik.si\/prodaja-slik\/"},{"@type":"ListItem","position":3,"name":"Leonardo da Vinci &#8211; The Last Supper &#8211; Az utols\u00f3 vacsora"}]},{"@type":"WebSite","@id":"https:\/\/svetslik.si\/hu\/#website","url":"https:\/\/svetslik.si\/hu\/","name":"SVETSLIK.SI","description":"100%-ban k\u00e9zzel festett reprodukci\u00f3k h\u00edres fest\u0151k festm\u00e9nyeir\u0151l \u00e9s festm\u00e9nyekr\u0151l v\u00e1szonra.","publisher":{"@id":"https:\/\/svetslik.si\/hu\/#organization"},"potentialAction":[{"@type":"SearchAction","target":{"@type":"EntryPoint","urlTemplate":"https:\/\/svetslik.si\/hu\/?s={search_term_string}"},"query-input":{"@type":"PropertyValueSpecification","valueRequired":true,"valueName":"search_term_string"}}],"inLanguage":"hu"},{"@type":"Organization","@id":"https:\/\/svetslik.si\/hu\/#organization","name":"SvetSlik.si","url":"https:\/\/svetslik.si\/hu\/","logo":{"@type":"ImageObject","inLanguage":"hu","@id":"https:\/\/svetslik.si\/hu\/#\/schema\/logo\/image\/","url":"https:\/\/svetslik.si\/wp-content\/uploads\/2020\/12\/logo-512.png","contentUrl":"https:\/\/svetslik.si\/wp-content\/uploads\/2020\/12\/logo-512.png","width":512,"height":512,"caption":"SvetSlik.si"},"image":{"@id":"https:\/\/svetslik.si\/hu\/#\/schema\/logo\/image\/"},"sameAs":["https:\/\/www.facebook.com\/svetslik.si","https:\/\/x.com\/svetslik","https:\/\/www.instagram.com\/svetslik.si\/","https:\/\/www.linkedin.com\/company\/svetslik-si"]}]},"og_availability":"backorder","product_availability":"available for order","product_retailer_item_id":"138__","product_condition":"new"},"jetpack_sharing_enabled":true,"_links":{"self":[{"href":"https:\/\/svetslik.si\/hu\/wp-json\/wp\/v2\/product\/52849","targetHints":{"allow":["GET"]}}],"collection":[{"href":"https:\/\/svetslik.si\/hu\/wp-json\/wp\/v2\/product"}],"about":[{"href":"https:\/\/svetslik.si\/hu\/wp-json\/wp\/v2\/types\/product"}],"wp:featuredmedia":[{"embeddable":true,"href":"https:\/\/svetslik.si\/hu\/wp-json\/wp\/v2\/media\/50814"}],"wp:attachment":[{"href":"https:\/\/svetslik.si\/hu\/wp-json\/wp\/v2\/media?parent=52849"}],"wp:term":[{"taxonomy":"product_brand","embeddable":true,"href":"https:\/\/svetslik.si\/hu\/wp-json\/wp\/v2\/product_brand?post=52849"},{"taxonomy":"product_cat","embeddable":true,"href":"https:\/\/svetslik.si\/hu\/wp-json\/wp\/v2\/product_cat?post=52849"},{"taxonomy":"product_tag","embeddable":true,"href":"https:\/\/svetslik.si\/hu\/wp-json\/wp\/v2\/product_tag?post=52849"}],"curies":[{"name":"wp","href":"https:\/\/api.w.org\/{rel}","templated":true}]}}