{"id":53055,"date":"2021-09-02T17:49:16","date_gmt":"2021-09-02T15:49:16","guid":{"rendered":"https:\/\/svetslik.si\/nem-kategorizalt\/gypsy-woman-with-baby\/"},"modified":"2026-03-22T21:25:05","modified_gmt":"2026-03-22T20:25:05","slug":"gypsy-woman-with-baby","status":"publish","type":"product","link":"https:\/\/svetslik.si\/hu\/amedeo-modigliani-hu\/gypsy-woman-with-baby\/","title":{"rendered":"Amedeo Modigliani &#8211; Gypsy Woman with Baby"},"content":{"rendered":"<h1>Amedeo Modigliani \u2013 Cig\u00e1ny n\u0151 bab\u00e1val<\/h1>\n<p>&nbsp;<\/p>\n<table border=\"0\" cellpadding=\"0\" style=\"width: 632px\" width=\"632\">\n<tbody>\n<tr>\n<td height=\"21\" style=\"width: 180px;height: 21px\">\n<p>L\u00e9trehoz\u00e1s \u00e9ve:<\/td>\n<td style=\"width: 452px\">\n<p>1919<\/td>\n<\/tr>\n<tr>\n<td height=\"21\" style=\"width: 180px;height: 21px\">\n<p>Eredeti m\u00e9ret:<\/td>\n<td style=\"width: 452px\">\n<p>73 cm x 115,9 cm<\/td>\n<\/tr>\n<tr>\n<td height=\"21\" style=\"width: 180px;height: 21px\">\n<p>Fest\u00e9si st\u00edlus:<\/td>\n<td style=\"width: 452px\">\n<p>Expresszionizmus<\/td>\n<\/tr>\n<tr>\n<td height=\"21\" style=\"width: 180px;height: 21px\">\n<p>Eredeti technika:<\/td>\n<td>\n<p>Olaj, v\u00e1szon<\/td>\n<\/tr>\n<tr>\n<td height=\"21\" style=\"width: 180px;height: 21px\">\n<p>Helysz\u00edn:<\/td>\n<td style=\"width: 452px\">\n<p>National Gallery of Art Washingtonban, Chester Dale Collection, USA<\/p>\n<p>&nbsp;<\/td>\n<\/tr>\n<\/tbody>\n<colgroup>\n<\/colgroup>\n<\/table>\n<p>A festm\u00e9ny a fest\u0151 d\u00e9l-franciaorsz\u00e1gi tart\u00f3zkod\u00e1sa alatt k\u00e9sz\u00fclt. A meleg \u00e9s hideg \u00e1rnyalatok kontrasztja k\u00fcl\u00f6n\u00f6sen szembet\u0171n\u0151 azon a takar\u00f3n, amelybe a gyermeket betakarj\u00e1k, az anya napbarn\u00edtott karjaiban pihen. Az anya \u00e9s a gyermek m\u00f6g\u00f6tt a falra s\u00fct a nap sugarai.<\/p>\n","protected":false},"excerpt":{"rendered":"<p>Amedeo Modigliani \u2013 Cig\u00e1ny n\u0151 bab\u00e1val &nbsp; L\u00e9trehoz\u00e1s \u00e9ve: 1919 Eredeti m\u00e9ret: 73 cm x 115,9 cm Fest\u00e9si st\u00edlus: Expresszionizmus Eredeti technika: Olaj, v\u00e1szon Helysz\u00edn: National Gallery of Art Washingtonban, Chester Dale Collection, USA &nbsp; A festm\u00e9ny a fest\u0151 d\u00e9l-franciaorsz\u00e1gi tart\u00f3zkod\u00e1sa alatt k\u00e9sz\u00fclt. A meleg \u00e9s hideg \u00e1rnyalatok kontrasztja k\u00fcl\u00f6n\u00f6sen [&hellip;]<\/p>\n","protected":false},"featured_media":50364,"template":"","meta":{"_acf_changed":false},"product_brand":[],"product_cat":[7137],"product_tag":[7181,11885,11886,11887],"class_list":{"0":"post-53055","1":"product","2":"type-product","3":"status-publish","4":"has-post-thumbnail","6":"product_cat-amedeo-modigliani-hu","7":"product_tag-modigliani-hu","8":"product_tag-painter-hu","9":"product_tag-reproduction","10":"product_tag-reproductions-hu","11":"pa_dimenzija-100-x-160-cm-hu","12":"pa_dimenzija-120-x-190-cm-hu","13":"pa_dimenzija-40-x-65-cm-hu","14":"pa_dimenzija-50-x-80-cm-hu","15":"pa_dimenzija-60-x-100-cm-hu","16":"pa_dimenzija-73-x-116-cm-hu","17":"pa_dimenzija-80-x-130-cm-hu","18":"pa_dimenzija-90-x-140-cm-hu","19":"pa_oblika-fuggoleges","20":"pa_okvir-nincs-keret","21":"pa_podokvir-igen","22":"pa_podokvir-nem","24":"first","25":"onbackorder","26":"purchasable","27":"product-type-variable","28":"has-default-attributes"},"acf":[],"yoast_head":"<!-- This site is optimized with the Yoast SEO Premium plugin v26.0 (Yoast SEO v27.2) - https:\/\/yoast.com\/product\/yoast-seo-premium-wordpress\/ -->\n<title>Amedeo Modigliani - Gypsy Woman with Baby - SVETSLIK.SI - 100% k\u00e9zzel festett<\/title>\n<meta name=\"description\" content=\"Amedeo Modigliani - Gypsy Woman with Baby - 100% k\u00e9zzel festett h\u00edres festm\u00e9nyek reprodukci\u00f3i. Festm\u00e9nyek keretez\u00e9se, elad\u00e1sa \u00e9s egyedi rendel\u00e9sre t\u00f6rt\u00e9n\u0151 v\u00e1szonk\u00e9pek k\u00e9sz\u00edt\u00e9se.\" \/>\n<meta name=\"robots\" content=\"index, follow, max-snippet:-1, max-image-preview:large, max-video-preview:-1\" \/>\n<link rel=\"canonical\" href=\"https:\/\/svetslik.si\/hu\/amedeo-modigliani-hu\/gypsy-woman-with-baby\/\" \/>\n<meta property=\"og:locale\" content=\"hu_HU\" \/>\n<meta property=\"og:type\" content=\"article\" \/>\n<meta property=\"og:title\" content=\"Amedeo Modigliani - Gypsy Woman with Baby\" \/>\n<meta property=\"og:description\" content=\"100% ro\u010dno naslikane slike na platnu, reprodukcije znanih slikarjev in umetni\u0161ke slike po naro\u010dilu.\" \/>\n<meta property=\"og:url\" content=\"https:\/\/svetslik.si\/hu\/amedeo-modigliani-hu\/gypsy-woman-with-baby\/\" \/>\n<meta property=\"og:site_name\" content=\"SVETSLIK.SI\" \/>\n<meta property=\"article:publisher\" content=\"https:\/\/www.facebook.com\/svetslik.si\" \/>\n<meta property=\"article:modified_time\" content=\"2026-03-22T20:25:05+00:00\" \/>\n<meta property=\"og:image\" content=\"https:\/\/svetslik.si\/wp-content\/uploads\/2021\/09\/1200px-Amedeo_Modigliani_-_Gypsy_Woman_with_Baby_1919.jpg\" \/>\n\t<meta property=\"og:image:width\" content=\"1200\" \/>\n\t<meta property=\"og:image:height\" content=\"1913\" \/>\n\t<meta property=\"og:image:type\" content=\"image\/jpeg\" \/>\n<meta name=\"twitter:card\" content=\"summary_large_image\" \/>\n<meta name=\"twitter:site\" content=\"@svetslik\" \/>\n<meta name=\"twitter:label1\" content=\"El\u00e9rhet\u0151s\u00e9g\" \/>\n\t<meta name=\"twitter:data1\" content=\"Beszerz\u00e9s alatt\" \/>\n<script type=\"application\/ld+json\" class=\"yoast-schema-graph\">{\"@context\":\"https:\/\/schema.org\",\"@graph\":[{\"@type\":[\"WebPage\",\"ItemPage\"],\"@id\":\"https:\/\/svetslik.si\/hu\/amedeo-modigliani-hu\/gypsy-woman-with-baby\/\",\"url\":\"https:\/\/svetslik.si\/hu\/amedeo-modigliani-hu\/gypsy-woman-with-baby\/\",\"name\":\"Amedeo Modigliani - Gypsy Woman with Baby - SVETSLIK.SI - 100% k\u00e9zzel festett\",\"isPartOf\":{\"@id\":\"https:\/\/svetslik.si\/hu\/#website\"},\"primaryImageOfPage\":{\"@id\":\"https:\/\/svetslik.si\/hu\/amedeo-modigliani-hu\/gypsy-woman-with-baby\/#primaryimage\"},\"image\":{\"@id\":\"https:\/\/svetslik.si\/hu\/amedeo-modigliani-hu\/gypsy-woman-with-baby\/#primaryimage\"},\"thumbnailUrl\":\"https:\/\/svetslik.si\/wp-content\/uploads\/2021\/09\/1200px-Amedeo_Modigliani_-_Gypsy_Woman_with_Baby_1919.jpg\",\"datePublished\":\"2021-09-02T15:49:16+00:00\",\"dateModified\":\"2026-03-22T20:25:05+00:00\",\"description\":\"Amedeo Modigliani - Gypsy Woman with Baby - 100% k\u00e9zzel festett h\u00edres festm\u00e9nyek reprodukci\u00f3i. Festm\u00e9nyek keretez\u00e9se, elad\u00e1sa \u00e9s egyedi rendel\u00e9sre t\u00f6rt\u00e9n\u0151 v\u00e1szonk\u00e9pek k\u00e9sz\u00edt\u00e9se.\",\"breadcrumb\":{\"@id\":\"https:\/\/svetslik.si\/hu\/amedeo-modigliani-hu\/gypsy-woman-with-baby\/#breadcrumb\"},\"inLanguage\":\"hu\",\"potentialAction\":[{\"@type\":\"ReadAction\",\"target\":[\"https:\/\/svetslik.si\/hu\/amedeo-modigliani-hu\/gypsy-woman-with-baby\/\"]}]},{\"@type\":\"ImageObject\",\"inLanguage\":\"hu\",\"@id\":\"https:\/\/svetslik.si\/hu\/amedeo-modigliani-hu\/gypsy-woman-with-baby\/#primaryimage\",\"url\":\"https:\/\/svetslik.si\/wp-content\/uploads\/2021\/09\/1200px-Amedeo_Modigliani_-_Gypsy_Woman_with_Baby_1919.jpg\",\"contentUrl\":\"https:\/\/svetslik.si\/wp-content\/uploads\/2021\/09\/1200px-Amedeo_Modigliani_-_Gypsy_Woman_with_Baby_1919.jpg\",\"width\":1200,\"height\":1913,\"caption\":\"H\u00edres fest\u0151k reprodukci\u00f3i, modern falm\u0171v\u00e9szet, falm\u0171v\u00e9szet Amedeo_Modigliani_-_Gypsy_Woman_with_Baby_1919\"},{\"@type\":\"BreadcrumbList\",\"@id\":\"https:\/\/svetslik.si\/hu\/amedeo-modigliani-hu\/gypsy-woman-with-baby\/#breadcrumb\",\"itemListElement\":[{\"@type\":\"ListItem\",\"position\":1,\"name\":\"Wall art and paintings on canvas\",\"item\":\"https:\/\/svetslik.si\/hu\/\"},{\"@type\":\"ListItem\",\"position\":2,\"name\":\"Festm\u00e9nyek elad\u00e1sa\",\"item\":\"https:\/\/svetslik.si\/prodaja-slik\/\"},{\"@type\":\"ListItem\",\"position\":3,\"name\":\"Amedeo Modigliani &#8211; Gypsy Woman with Baby\"}]},{\"@type\":\"WebSite\",\"@id\":\"https:\/\/svetslik.si\/hu\/#website\",\"url\":\"https:\/\/svetslik.si\/hu\/\",\"name\":\"SVETSLIK.SI\",\"description\":\"100%-ban k\u00e9zzel festett reprodukci\u00f3k h\u00edres fest\u0151k festm\u00e9nyeir\u0151l \u00e9s festm\u00e9nyekr\u0151l v\u00e1szonra.\",\"publisher\":{\"@id\":\"https:\/\/svetslik.si\/hu\/#organization\"},\"potentialAction\":[{\"@type\":\"SearchAction\",\"target\":{\"@type\":\"EntryPoint\",\"urlTemplate\":\"https:\/\/svetslik.si\/hu\/?s={search_term_string}\"},\"query-input\":{\"@type\":\"PropertyValueSpecification\",\"valueRequired\":true,\"valueName\":\"search_term_string\"}}],\"inLanguage\":\"hu\"},{\"@type\":\"Organization\",\"@id\":\"https:\/\/svetslik.si\/hu\/#organization\",\"name\":\"SvetSlik.si\",\"url\":\"https:\/\/svetslik.si\/hu\/\",\"logo\":{\"@type\":\"ImageObject\",\"inLanguage\":\"hu\",\"@id\":\"https:\/\/svetslik.si\/hu\/#\/schema\/logo\/image\/\",\"url\":\"https:\/\/svetslik.si\/wp-content\/uploads\/2020\/12\/logo-512.png\",\"contentUrl\":\"https:\/\/svetslik.si\/wp-content\/uploads\/2020\/12\/logo-512.png\",\"width\":512,\"height\":512,\"caption\":\"SvetSlik.si\"},\"image\":{\"@id\":\"https:\/\/svetslik.si\/hu\/#\/schema\/logo\/image\/\"},\"sameAs\":[\"https:\/\/www.facebook.com\/svetslik.si\",\"https:\/\/x.com\/svetslik\",\"https:\/\/www.instagram.com\/svetslik.si\/\",\"https:\/\/www.linkedin.com\/company\/svetslik-si\"]}]}<\/script>\n<meta property=\"og:availability\" content=\"backorder\" \/>\n<meta property=\"product:availability\" content=\"available for order\" \/>\n<meta property=\"product:retailer_item_id\" content=\"202__\" \/>\n<meta property=\"product:condition\" content=\"new\" \/>\n<!-- \/ Yoast SEO Premium plugin. -->","yoast_head_json":{"title":"Amedeo Modigliani - Gypsy Woman with Baby - SVETSLIK.SI - 100% k\u00e9zzel festett","description":"Amedeo Modigliani - Gypsy Woman with Baby - 100% k\u00e9zzel festett h\u00edres festm\u00e9nyek reprodukci\u00f3i. Festm\u00e9nyek keretez\u00e9se, elad\u00e1sa \u00e9s egyedi rendel\u00e9sre t\u00f6rt\u00e9n\u0151 v\u00e1szonk\u00e9pek k\u00e9sz\u00edt\u00e9se.","robots":{"index":"index","follow":"follow","max-snippet":"max-snippet:-1","max-image-preview":"max-image-preview:large","max-video-preview":"max-video-preview:-1"},"canonical":"https:\/\/svetslik.si\/hu\/amedeo-modigliani-hu\/gypsy-woman-with-baby\/","og_locale":"hu_HU","og_type":"article","og_title":"Amedeo Modigliani - Gypsy Woman with Baby","og_description":"100% ro\u010dno naslikane slike na platnu, reprodukcije znanih slikarjev in umetni\u0161ke slike po naro\u010dilu.","og_url":"https:\/\/svetslik.si\/hu\/amedeo-modigliani-hu\/gypsy-woman-with-baby\/","og_site_name":"SVETSLIK.SI","article_publisher":"https:\/\/www.facebook.com\/svetslik.si","article_modified_time":"2026-03-22T20:25:05+00:00","og_image":[{"width":1200,"height":1913,"url":"https:\/\/svetslik.si\/wp-content\/uploads\/2021\/09\/1200px-Amedeo_Modigliani_-_Gypsy_Woman_with_Baby_1919.jpg","type":"image\/jpeg"}],"twitter_card":"summary_large_image","twitter_site":"@svetslik","twitter_misc":{"El\u00e9rhet\u0151s\u00e9g":"Beszerz\u00e9s alatt"},"schema":{"@context":"https:\/\/schema.org","@graph":[{"@type":["WebPage","ItemPage"],"@id":"https:\/\/svetslik.si\/hu\/amedeo-modigliani-hu\/gypsy-woman-with-baby\/","url":"https:\/\/svetslik.si\/hu\/amedeo-modigliani-hu\/gypsy-woman-with-baby\/","name":"Amedeo Modigliani - Gypsy Woman with Baby - SVETSLIK.SI - 100% k\u00e9zzel festett","isPartOf":{"@id":"https:\/\/svetslik.si\/hu\/#website"},"primaryImageOfPage":{"@id":"https:\/\/svetslik.si\/hu\/amedeo-modigliani-hu\/gypsy-woman-with-baby\/#primaryimage"},"image":{"@id":"https:\/\/svetslik.si\/hu\/amedeo-modigliani-hu\/gypsy-woman-with-baby\/#primaryimage"},"thumbnailUrl":"https:\/\/svetslik.si\/wp-content\/uploads\/2021\/09\/1200px-Amedeo_Modigliani_-_Gypsy_Woman_with_Baby_1919.jpg","datePublished":"2021-09-02T15:49:16+00:00","dateModified":"2026-03-22T20:25:05+00:00","description":"Amedeo Modigliani - Gypsy Woman with Baby - 100% k\u00e9zzel festett h\u00edres festm\u00e9nyek reprodukci\u00f3i. Festm\u00e9nyek keretez\u00e9se, elad\u00e1sa \u00e9s egyedi rendel\u00e9sre t\u00f6rt\u00e9n\u0151 v\u00e1szonk\u00e9pek k\u00e9sz\u00edt\u00e9se.","breadcrumb":{"@id":"https:\/\/svetslik.si\/hu\/amedeo-modigliani-hu\/gypsy-woman-with-baby\/#breadcrumb"},"inLanguage":"hu","potentialAction":[{"@type":"ReadAction","target":["https:\/\/svetslik.si\/hu\/amedeo-modigliani-hu\/gypsy-woman-with-baby\/"]}]},{"@type":"ImageObject","inLanguage":"hu","@id":"https:\/\/svetslik.si\/hu\/amedeo-modigliani-hu\/gypsy-woman-with-baby\/#primaryimage","url":"https:\/\/svetslik.si\/wp-content\/uploads\/2021\/09\/1200px-Amedeo_Modigliani_-_Gypsy_Woman_with_Baby_1919.jpg","contentUrl":"https:\/\/svetslik.si\/wp-content\/uploads\/2021\/09\/1200px-Amedeo_Modigliani_-_Gypsy_Woman_with_Baby_1919.jpg","width":1200,"height":1913,"caption":"H\u00edres fest\u0151k reprodukci\u00f3i, modern falm\u0171v\u00e9szet, falm\u0171v\u00e9szet Amedeo_Modigliani_-_Gypsy_Woman_with_Baby_1919"},{"@type":"BreadcrumbList","@id":"https:\/\/svetslik.si\/hu\/amedeo-modigliani-hu\/gypsy-woman-with-baby\/#breadcrumb","itemListElement":[{"@type":"ListItem","position":1,"name":"Wall art and paintings on canvas","item":"https:\/\/svetslik.si\/hu\/"},{"@type":"ListItem","position":2,"name":"Festm\u00e9nyek elad\u00e1sa","item":"https:\/\/svetslik.si\/prodaja-slik\/"},{"@type":"ListItem","position":3,"name":"Amedeo Modigliani &#8211; Gypsy Woman with Baby"}]},{"@type":"WebSite","@id":"https:\/\/svetslik.si\/hu\/#website","url":"https:\/\/svetslik.si\/hu\/","name":"SVETSLIK.SI","description":"100%-ban k\u00e9zzel festett reprodukci\u00f3k h\u00edres fest\u0151k festm\u00e9nyeir\u0151l \u00e9s festm\u00e9nyekr\u0151l v\u00e1szonra.","publisher":{"@id":"https:\/\/svetslik.si\/hu\/#organization"},"potentialAction":[{"@type":"SearchAction","target":{"@type":"EntryPoint","urlTemplate":"https:\/\/svetslik.si\/hu\/?s={search_term_string}"},"query-input":{"@type":"PropertyValueSpecification","valueRequired":true,"valueName":"search_term_string"}}],"inLanguage":"hu"},{"@type":"Organization","@id":"https:\/\/svetslik.si\/hu\/#organization","name":"SvetSlik.si","url":"https:\/\/svetslik.si\/hu\/","logo":{"@type":"ImageObject","inLanguage":"hu","@id":"https:\/\/svetslik.si\/hu\/#\/schema\/logo\/image\/","url":"https:\/\/svetslik.si\/wp-content\/uploads\/2020\/12\/logo-512.png","contentUrl":"https:\/\/svetslik.si\/wp-content\/uploads\/2020\/12\/logo-512.png","width":512,"height":512,"caption":"SvetSlik.si"},"image":{"@id":"https:\/\/svetslik.si\/hu\/#\/schema\/logo\/image\/"},"sameAs":["https:\/\/www.facebook.com\/svetslik.si","https:\/\/x.com\/svetslik","https:\/\/www.instagram.com\/svetslik.si\/","https:\/\/www.linkedin.com\/company\/svetslik-si"]}]},"og_availability":"backorder","product_availability":"available for order","product_retailer_item_id":"202__","product_condition":"new"},"jetpack_sharing_enabled":true,"_links":{"self":[{"href":"https:\/\/svetslik.si\/hu\/wp-json\/wp\/v2\/product\/53055","targetHints":{"allow":["GET"]}}],"collection":[{"href":"https:\/\/svetslik.si\/hu\/wp-json\/wp\/v2\/product"}],"about":[{"href":"https:\/\/svetslik.si\/hu\/wp-json\/wp\/v2\/types\/product"}],"wp:featuredmedia":[{"embeddable":true,"href":"https:\/\/svetslik.si\/hu\/wp-json\/wp\/v2\/media\/50364"}],"wp:attachment":[{"href":"https:\/\/svetslik.si\/hu\/wp-json\/wp\/v2\/media?parent=53055"}],"wp:term":[{"taxonomy":"product_brand","embeddable":true,"href":"https:\/\/svetslik.si\/hu\/wp-json\/wp\/v2\/product_brand?post=53055"},{"taxonomy":"product_cat","embeddable":true,"href":"https:\/\/svetslik.si\/hu\/wp-json\/wp\/v2\/product_cat?post=53055"},{"taxonomy":"product_tag","embeddable":true,"href":"https:\/\/svetslik.si\/hu\/wp-json\/wp\/v2\/product_tag?post=53055"}],"curies":[{"name":"wp","href":"https:\/\/api.w.org\/{rel}","templated":true}]}}