{"id":53109,"date":"2021-09-02T17:49:42","date_gmt":"2021-09-02T15:49:42","guid":{"rendered":"https:\/\/svetslik.si\/nem-kategorizalt\/munich-schwabing-with-the-church-of-st-ursula\/"},"modified":"2026-03-22T21:26:00","modified_gmt":"2026-03-22T20:26:00","slug":"munich-schwabing-with-the-church-of-st-ursula","status":"publish","type":"product","link":"https:\/\/svetslik.si\/hu\/vasilij-kandinski-hu\/munich-schwabing-with-the-church-of-st-ursula\/","title":{"rendered":"Vasilij Kandinski &#8211; Munich-Schwabing with the Church of St. Ursula"},"content":{"rendered":"<div class=\"wpb-content-wrapper\">[vc_row][vc_column][vc_column_text]\n<h1>Vaszilij Kandinszkij \u2013 M\u00fcnchen-Schwabing a Szent Istv\u00e1n-templommal. Ursula<\/h1>\n<p>&nbsp;<\/p>\n<table style=\"width: 673px\" border=\"0\" width=\"673\" cellpadding=\"0\">\n<tbody>\n<tr>\n<td style=\"width: 180px;height: 21px\" height=\"21\">L\u00e9trehoz\u00e1s \u00e9ve:<\/td>\n<td style=\"width: 493px\">1908<\/td>\n<\/tr>\n<tr>\n<td style=\"width: 180px;height: 21px\" height=\"21\">Eredeti m\u00e9ret:<\/td>\n<td style=\"width: 493px\">49 cm x 68,8 cm<\/td>\n<\/tr>\n<tr>\n<td style=\"width: 180px;height: 21px\" height=\"21\">Fest\u00e9si st\u00edlus:<\/td>\n<td style=\"width: 493px\">Expresszionizmus<\/td>\n<\/tr>\n<tr>\n<td style=\"width: 180px;height: 21px\" height=\"21\">Eredeti technika:<\/td>\n<td>Olaj, v\u00e1szon<\/td>\n<\/tr>\n<tr>\n<td style=\"width: 180px;height: 21px\" height=\"21\">Helysz\u00edn:<\/td>\n<td>Nemzeti Gal\u00e9ria, M\u00fcnchen<\/td>\n<\/tr>\n<\/tbody>\n<colgroup>\n<col \/>\n<col \/> <\/colgroup>\n<\/table>\n[\/vc_column_text][\/vc_column][\/vc_row][vc_row][vc_column]\t<div class=\"et-image-872 et-image     et_image_link\">\n\t\t<div class=\"et-image-inner \">\n\t\t\t\t\t\t\t<div class=\"et-image-thumb \">\n\t\t\t\t\t<img decoding=\"async\" width=\"2151\" height=\"2560\" src=\"https:\/\/svetslik.si\/wp-content\/uploads\/2021\/09\/Vasilij-Kandinski-\u2013-Munich-Schwabing-with-the-Church-of-St.-Ursula-scaled.jpg\" class=\"attachment-full\" alt=\"Vasilij Kandinski \u2013 Munich-Schwabing with the Church of St. Ursula - Vasilij Kandinski - M\u00fcnchen-Schwabing Szent Orsolya templom\u00e1val festm\u00e9nyek\" title=\"Vasilij Kandinski \u2013 Munich-Schwabing with the Church of St. Ursula - Vasilij Kandinski - M\u00fcnchen-Schwabing Szent Orsolya templom\u00e1val festm\u00e9nyek\" srcset=\"https:\/\/svetslik.si\/wp-content\/uploads\/2021\/09\/Vasilij-Kandinski-\u2013-Munich-Schwabing-with-the-Church-of-St.-Ursula-scaled.jpg 2151w, https:\/\/svetslik.si\/wp-content\/uploads\/2021\/09\/Vasilij-Kandinski-\u2013-Munich-Schwabing-with-the-Church-of-St.-Ursula-600x714.jpg 600w, https:\/\/svetslik.si\/wp-content\/uploads\/2021\/09\/Vasilij-Kandinski-\u2013-Munich-Schwabing-with-the-Church-of-St.-Ursula-scaled-1200x1428.jpg 1200w, https:\/\/svetslik.si\/wp-content\/uploads\/2021\/09\/Vasilij-Kandinski-\u2013-Munich-Schwabing-with-the-Church-of-St.-Ursula-252x300.jpg 252w, https:\/\/svetslik.si\/wp-content\/uploads\/2021\/09\/Vasilij-Kandinski-\u2013-Munich-Schwabing-with-the-Church-of-St.-Ursula-860x1024.jpg 860w, https:\/\/svetslik.si\/wp-content\/uploads\/2021\/09\/Vasilij-Kandinski-\u2013-Munich-Schwabing-with-the-Church-of-St.-Ursula-768x914.jpg 768w, https:\/\/svetslik.si\/wp-content\/uploads\/2021\/09\/Vasilij-Kandinski-\u2013-Munich-Schwabing-with-the-Church-of-St.-Ursula-1291x1536.jpg 1291w, https:\/\/svetslik.si\/wp-content\/uploads\/2021\/09\/Vasilij-Kandinski-\u2013-Munich-Schwabing-with-the-Church-of-St.-Ursula-1721x2048.jpg 1721w, https:\/\/svetslik.si\/wp-content\/uploads\/2021\/09\/Vasilij-Kandinski-\u2013-Munich-Schwabing-with-the-Church-of-St.-Ursula-10x12.jpg 10w, https:\/\/svetslik.si\/wp-content\/uploads\/2021\/09\/Vasilij-Kandinski-\u2013-Munich-Schwabing-with-the-Church-of-St.-Ursula-126x150.jpg 126w, https:\/\/svetslik.si\/wp-content\/uploads\/2021\/09\/Vasilij-Kandinski-\u2013-Munich-Schwabing-with-the-Church-of-St.-Ursula-1320x1571.jpg 1320w, https:\/\/svetslik.si\/wp-content\/uploads\/2021\/09\/Vasilij-Kandinski-\u2013-Munich-Schwabing-with-the-Church-of-St.-Ursula-900x1071.jpg 900w\" sizes=\"(max-width: 2151px) 100vw, 2151px\" \/>\t\t\t\t<\/div>\n\t\t\t\t\t\t\t\t\t\t\t<\/div>\n\t<\/div>\n  [\/vc_column][\/vc_row][vc_row][vc_column]\t<div class=\"et-image-568 et-image     et_image_link\">\n\t\t<div class=\"et-image-inner \">\n\t\t\t\t\t\t\t<div class=\"et-image-thumb \">\n\t\t\t\t\t<img decoding=\"async\" width=\"2560\" height=\"1441\" src=\"https:\/\/svetslik.si\/wp-content\/uploads\/2021\/09\/20220321_090548-1-scaled.jpg\" class=\"attachment-full\" alt=\"Vasilij Kandinski \u2013 Munich-Schwabing with the Church of St. Ursula detail - Vasilij Kandinski - M\u00fcnchen-Schwabing Szent Orsolya templom\u00e1val r\u00e9szlet festm\u00e9nyek\" title=\"Vasilij Kandinski \u2013 Munich-Schwabing with the Church of St. Ursula detail - Vasilij Kandinski - M\u00fcnchen-Schwabing Szent Orsolya templom\u00e1val r\u00e9szlet festm\u00e9nyek\" srcset=\"https:\/\/svetslik.si\/wp-content\/uploads\/2021\/09\/20220321_090548-1-scaled.jpg 2560w, https:\/\/svetslik.si\/wp-content\/uploads\/2021\/09\/20220321_090548-1-600x338.jpg 600w, https:\/\/svetslik.si\/wp-content\/uploads\/2021\/09\/20220321_090548-1-scaled-1200x675.jpg 1200w, https:\/\/svetslik.si\/wp-content\/uploads\/2021\/09\/20220321_090548-1-300x169.jpg 300w, https:\/\/svetslik.si\/wp-content\/uploads\/2021\/09\/20220321_090548-1-1024x577.jpg 1024w, https:\/\/svetslik.si\/wp-content\/uploads\/2021\/09\/20220321_090548-1-768x432.jpg 768w, https:\/\/svetslik.si\/wp-content\/uploads\/2021\/09\/20220321_090548-1-1536x865.jpg 1536w, https:\/\/svetslik.si\/wp-content\/uploads\/2021\/09\/20220321_090548-1-2048x1153.jpg 2048w, https:\/\/svetslik.si\/wp-content\/uploads\/2021\/09\/20220321_090548-1-18x10.jpg 18w, https:\/\/svetslik.si\/wp-content\/uploads\/2021\/09\/20220321_090548-1-150x84.jpg 150w, https:\/\/svetslik.si\/wp-content\/uploads\/2021\/09\/20220321_090548-1-1320x743.jpg 1320w, https:\/\/svetslik.si\/wp-content\/uploads\/2021\/09\/20220321_090548-1-900x507.jpg 900w\" sizes=\"(max-width: 2560px) 100vw, 2560px\" \/>\t\t\t\t<\/div>\n\t\t\t\t\t\t\t\t\t\t\t<\/div>\n\t<\/div>\n  [\/vc_column][\/vc_row][vc_row][vc_column]\t<div class=\"et-image-791 et-image     et_image_link\">\n\t\t<div class=\"et-image-inner \">\n\t\t\t\t\t\t\t<div class=\"et-image-thumb \">\n\t\t\t\t\t<img decoding=\"async\" width=\"2560\" height=\"1441\" src=\"https:\/\/svetslik.si\/wp-content\/uploads\/2021\/09\/20220321_090556-1-scaled.jpg\" class=\"attachment-full\" alt=\"Vasilij Kandinski \u2013 Munich-Schwabing with the Church of St. Ursula detail 2 - Vasilij Kandinski - M\u00fcnchen-Schwabing Szent Orsolya templom\u00e1val r\u00e9szlet 2 festm\u00e9nyek\" title=\"Vasilij Kandinski \u2013 Munich-Schwabing with the Church of St. Ursula detail 2 - Vasilij Kandinski - M\u00fcnchen-Schwabing Szent Orsolya templom\u00e1val r\u00e9szlet 2 festm\u00e9nyek\" srcset=\"https:\/\/svetslik.si\/wp-content\/uploads\/2021\/09\/20220321_090556-1-scaled.jpg 2560w, https:\/\/svetslik.si\/wp-content\/uploads\/2021\/09\/20220321_090556-1-600x338.jpg 600w, https:\/\/svetslik.si\/wp-content\/uploads\/2021\/09\/20220321_090556-1-scaled-1200x675.jpg 1200w, https:\/\/svetslik.si\/wp-content\/uploads\/2021\/09\/20220321_090556-1-300x169.jpg 300w, https:\/\/svetslik.si\/wp-content\/uploads\/2021\/09\/20220321_090556-1-1024x577.jpg 1024w, https:\/\/svetslik.si\/wp-content\/uploads\/2021\/09\/20220321_090556-1-768x432.jpg 768w, https:\/\/svetslik.si\/wp-content\/uploads\/2021\/09\/20220321_090556-1-1536x865.jpg 1536w, https:\/\/svetslik.si\/wp-content\/uploads\/2021\/09\/20220321_090556-1-2048x1153.jpg 2048w, https:\/\/svetslik.si\/wp-content\/uploads\/2021\/09\/20220321_090556-1-18x10.jpg 18w, https:\/\/svetslik.si\/wp-content\/uploads\/2021\/09\/20220321_090556-1-150x84.jpg 150w, https:\/\/svetslik.si\/wp-content\/uploads\/2021\/09\/20220321_090556-1-1320x743.jpg 1320w, https:\/\/svetslik.si\/wp-content\/uploads\/2021\/09\/20220321_090556-1-900x507.jpg 900w\" sizes=\"(max-width: 2560px) 100vw, 2560px\" \/>\t\t\t\t<\/div>\n\t\t\t\t\t\t\t\t\t\t\t<\/div>\n\t<\/div>\n  [\/vc_column][\/vc_row][vc_row][vc_column][vc_column_text]Vasilij Kandinsky fontos alakja az absztrakt m\u0171v\u00e9szet vil\u00e1g\u00e1nak. Egyik legh\u00edresebb festm\u00e9nye a &#8220;M\u00fcnchen-Schwabing a Szent Orsolya templommal&#8221;, amely M\u00fcnchen v\u00e1ros\u00e1nak leny\u0171g\u00f6z\u0151 \u00e1br\u00e1zol\u00e1sa. Ez a festm\u00e9ny kiv\u00e1l\u00f3 p\u00e9ld\u00e1ja Kandinsky egyedi st\u00edlus\u00e1nak, amelyet mer\u00e9sz sz\u00ednek \u00e9s dinamikus ecsetvon\u00e1sok jellemeznek.<\/p>\n<p>A festm\u00e9ny M\u00fcnchen Schwabing negyed\u00e9ben j\u00e1tsz\u00f3dik, amely boh\u00e9m hangulat\u00e1r\u00f3l \u00e9s \u00e9l\u00e9nk kult\u00far\u00e1j\u00e1r\u00f3l ismert. A h\u00e1tt\u00e9rben a Szent Orsolya-templom l\u00e1that\u00f3, amely a k\u00f6rny\u00e9k h\u00edres nevezetess\u00e9ge. Kandinsky meleg \u00e9s hideg sz\u00ednek kombin\u00e1ci\u00f3j\u00e1t haszn\u00e1lta a m\u00e9lys\u00e9g \u00e9s a mozg\u00e1s \u00e9rzet\u00e9nek megteremt\u00e9s\u00e9re a festm\u00e9nyen. A kontrasztos sz\u00ednek \u00e9s a mer\u00e9sz ecsetvon\u00e1sok alkalmaz\u00e1sa Kandinszkij st\u00edlus\u00e1nak saj\u00e1toss\u00e1ga, \u00e9s ezen a festm\u00e9nyen is szembet\u0171n\u0151.<\/p>\n<p>A festm\u00e9ny t\u00f6k\u00e9letes p\u00e9ld\u00e1ja Kandinszkij azon k\u00e9pess\u00e9g\u00e9nek, hogy megragadja egy hely l\u00e9nyeg\u00e9t, \u00e9s kifejezze azt m\u0171v\u00e9szet\u00e9n kereszt\u00fcl. Az \u00e9l\u00e9nk sz\u00ednek \u00e9s a dinamikus ecsetvon\u00e1sok az energia \u00e9s a mozg\u00e1s \u00e9rzet\u00e9t keltik, \u00e9s a n\u00e9z\u0151ben \u00fagy \u00e9rzik, mintha a jelenet k\u00f6zep\u00e9n lenn\u00e9nek. Ez az egyik oka annak, hogy Kandinsky festm\u00e9nyei olyan n\u00e9pszer\u0171ek a m\u0171v\u00e9szet szerelmesei k\u00f6r\u00e9ben.<\/p>\n<p>V\u00e9gezet\u00fcl hadd mondjam el, hogy a &#8220;M\u00fcnchen-Schwabing a Szent Orsolya templommal&#8221; egy csod\u00e1latos festm\u00e9ny, amely bemutatja Kandinszkij egyedi st\u00edlus\u00e1t \u00e9s azt a k\u00e9pess\u00e9g\u00e9t, hogy m\u0171v\u00e9szet\u00e9n kereszt\u00fcl megragadja egy hely l\u00e9nyeg\u00e9t. A festm\u00e9ny k\u00f6telez\u0151 mindenkinek, aki \u00e9rdekl\u0151dik az absztrakt m\u0171v\u00e9szet vagy Wassily Kandinsky munk\u00e1i ir\u00e1nt. Az ilyen munk\u00e1k be\u00e9p\u00edt\u00e9s\u00e9vel otthon\u00e1ba egy csipetnyi sz\u00e9ps\u00e9get \u00e9s kult\u00far\u00e1t adhat \u00e9letter\u00e9nek. Teh\u00e1t ha szebb\u00e9 szeretn\u00e9 tenni otthon\u00e1t, fontolja meg ennek a k\u00e9pnek a hozz\u00e1ad\u00e1s\u00e1t a gy\u0171jtem\u00e9ny\u00e9hez.[\/vc_column_text][\/vc_column][\/vc_row]\n<\/div>","protected":false},"excerpt":{"rendered":"<p>[vc_row][vc_column][vc_column_text] Vaszilij Kandinszkij \u2013 M\u00fcnchen-Schwabing a Szent Istv\u00e1n-templommal. Ursula &nbsp; L\u00e9trehoz\u00e1s \u00e9ve: 1908 Eredeti m\u00e9ret: 49 cm x 68,8 cm Fest\u00e9si st\u00edlus: Expresszionizmus Eredeti technika: Olaj, v\u00e1szon Helysz\u00edn: Nemzeti Gal\u00e9ria, M\u00fcnchen [\/vc_column_text][\/vc_column][\/vc_row][vc_row][vc_column][\/vc_column][\/vc_row][vc_row][vc_column][\/vc_column][\/vc_row][vc_row][vc_column][\/vc_column][\/vc_row][vc_row][vc_column][vc_column_text]Vasilij Kandinsky fontos alakja az absztrakt m\u0171v\u00e9szet vil\u00e1g\u00e1nak. Egyik legh\u00edresebb festm\u00e9nye a &#8220;M\u00fcnchen-Schwabing a Szent Orsolya templommal&#8221;, amely M\u00fcnchen [&hellip;]<\/p>\n","protected":false},"featured_media":49828,"template":"","meta":{"_acf_changed":false},"product_brand":[],"product_cat":[7149],"product_tag":[7172,7173,11885,11886,11887],"class_list":{"0":"post-53109","1":"product","2":"type-product","3":"status-publish","4":"has-post-thumbnail","6":"product_cat-vasilij-kandinski-hu","7":"product_tag-kandinski-hu","8":"product_tag-kandinsky-hu","9":"product_tag-painter-hu","10":"product_tag-reproduction","11":"product_tag-reproductions-hu","12":"pa_dimenzija-110-x-150-cm-hu","13":"pa_dimenzija-130-x-180-cm-hu","14":"pa_dimenzija-40-x-55-cm-hu","15":"pa_dimenzija-49-x-69-cm-hu","16":"pa_dimenzija-60-x-80-cm-hu","17":"pa_dimenzija-70-x-100-cm-hu","18":"pa_dimenzija-80-x-110-cm-hu","19":"pa_dimenzija-90-x-130-cm-hu","20":"pa_oblika-fuggoleges","21":"pa_okvir-nincs-keret","22":"pa_podokvir-igen","23":"pa_podokvir-nem","25":"first","26":"onbackorder","27":"purchasable","28":"product-type-variable","29":"has-default-attributes"},"acf":[],"yoast_head":"<!-- This site is optimized with the Yoast SEO Premium plugin v26.0 (Yoast SEO v27.2) - https:\/\/yoast.com\/product\/yoast-seo-premium-wordpress\/ -->\n<title>Vasilij Kandinski - Munich-Schwabing with the Church of St. Ursula - SVETSLIK.SI - 100% k\u00e9zzel festett<\/title>\n<meta name=\"description\" content=\"Vasilij Kandinski - Munich-Schwabing with the Church of St. Ursula - 100% k\u00e9zzel festett h\u00edres festm\u00e9nyek reprodukci\u00f3i. Festm\u00e9nyek keretez\u00e9se, elad\u00e1sa \u00e9s egyedi rendel\u00e9sre t\u00f6rt\u00e9n\u0151 v\u00e1szonk\u00e9pek k\u00e9sz\u00edt\u00e9se.\" \/>\n<meta name=\"robots\" content=\"index, follow, max-snippet:-1, max-image-preview:large, max-video-preview:-1\" \/>\n<link rel=\"canonical\" href=\"https:\/\/svetslik.si\/hu\/vasilij-kandinski-hu\/munich-schwabing-with-the-church-of-st-ursula\/\" \/>\n<meta property=\"og:locale\" content=\"hu_HU\" \/>\n<meta property=\"og:type\" content=\"article\" \/>\n<meta property=\"og:title\" content=\"Vasilij Kandinski - Munich-Schwabing with the Church of St. Ursula\" \/>\n<meta property=\"og:description\" content=\"100% ro\u010dno naslikane slike na platnu, reprodukcije znanih slikarjev in umetni\u0161ke slike po naro\u010dilu.\" \/>\n<meta property=\"og:url\" content=\"https:\/\/svetslik.si\/hu\/vasilij-kandinski-hu\/munich-schwabing-with-the-church-of-st-ursula\/\" \/>\n<meta property=\"og:site_name\" content=\"SVETSLIK.SI\" \/>\n<meta property=\"article:publisher\" content=\"https:\/\/www.facebook.com\/svetslik.si\" \/>\n<meta property=\"article:modified_time\" content=\"2026-03-22T20:26:00+00:00\" \/>\n<meta property=\"og:image\" content=\"https:\/\/svetslik.si\/wp-content\/uploads\/2021\/08\/image_Munich-Schwabing-with-the-Church-of-St-Ursula_680.jpg\" \/>\n\t<meta property=\"og:image:width\" content=\"746\" \/>\n\t<meta property=\"og:image:height\" content=\"1067\" \/>\n\t<meta property=\"og:image:type\" content=\"image\/jpeg\" \/>\n<meta name=\"twitter:card\" content=\"summary_large_image\" \/>\n<meta name=\"twitter:site\" content=\"@svetslik\" \/>\n<meta name=\"twitter:label1\" content=\"El\u00e9rhet\u0151s\u00e9g\" \/>\n\t<meta name=\"twitter:data1\" content=\"Beszerz\u00e9s alatt\" \/>\n<script type=\"application\/ld+json\" class=\"yoast-schema-graph\">{\"@context\":\"https:\/\/schema.org\",\"@graph\":[{\"@type\":[\"WebPage\",\"ItemPage\"],\"@id\":\"https:\/\/svetslik.si\/hu\/vasilij-kandinski-hu\/munich-schwabing-with-the-church-of-st-ursula\/\",\"url\":\"https:\/\/svetslik.si\/hu\/vasilij-kandinski-hu\/munich-schwabing-with-the-church-of-st-ursula\/\",\"name\":\"Vasilij Kandinski - Munich-Schwabing with the Church of St. Ursula - SVETSLIK.SI - 100% k\u00e9zzel festett\",\"isPartOf\":{\"@id\":\"https:\/\/svetslik.si\/hu\/#website\"},\"primaryImageOfPage\":{\"@id\":\"https:\/\/svetslik.si\/hu\/vasilij-kandinski-hu\/munich-schwabing-with-the-church-of-st-ursula\/#primaryimage\"},\"image\":{\"@id\":\"https:\/\/svetslik.si\/hu\/vasilij-kandinski-hu\/munich-schwabing-with-the-church-of-st-ursula\/#primaryimage\"},\"thumbnailUrl\":\"https:\/\/svetslik.si\/wp-content\/uploads\/2021\/08\/image_Munich-Schwabing-with-the-Church-of-St-Ursula_680.jpg\",\"datePublished\":\"2021-09-02T15:49:42+00:00\",\"dateModified\":\"2026-03-22T20:26:00+00:00\",\"description\":\"Vasilij Kandinski - Munich-Schwabing with the Church of St. Ursula - 100% k\u00e9zzel festett h\u00edres festm\u00e9nyek reprodukci\u00f3i. Festm\u00e9nyek keretez\u00e9se, elad\u00e1sa \u00e9s egyedi rendel\u00e9sre t\u00f6rt\u00e9n\u0151 v\u00e1szonk\u00e9pek k\u00e9sz\u00edt\u00e9se.\",\"breadcrumb\":{\"@id\":\"https:\/\/svetslik.si\/hu\/vasilij-kandinski-hu\/munich-schwabing-with-the-church-of-st-ursula\/#breadcrumb\"},\"inLanguage\":\"hu\",\"potentialAction\":[{\"@type\":\"ReadAction\",\"target\":[\"https:\/\/svetslik.si\/hu\/vasilij-kandinski-hu\/munich-schwabing-with-the-church-of-st-ursula\/\"]}]},{\"@type\":\"ImageObject\",\"inLanguage\":\"hu\",\"@id\":\"https:\/\/svetslik.si\/hu\/vasilij-kandinski-hu\/munich-schwabing-with-the-church-of-st-ursula\/#primaryimage\",\"url\":\"https:\/\/svetslik.si\/wp-content\/uploads\/2021\/08\/image_Munich-Schwabing-with-the-Church-of-St-Ursula_680.jpg\",\"contentUrl\":\"https:\/\/svetslik.si\/wp-content\/uploads\/2021\/08\/image_Munich-Schwabing-with-the-Church-of-St-Ursula_680.jpg\",\"width\":746,\"height\":1067,\"caption\":\"Vasilij Kandinski - Munich-Schwabing with the Church of St. Ursula - Vasilij Kandinski - M\u00fcnchen-Schwabing Szt. Ursula-templommal - REPRODUKCI\u00d3I - V\u00e1szonk\u00e9p - Festm\u00e9nyek reprodukci\u00f3i - Absztrakt Festm\u00e9ny - Modern Festm\u00e9ny - Realisztikus Festm\u00e9ny - Olajfestm\u00e9ny - Falik\u00e9p\"},{\"@type\":\"BreadcrumbList\",\"@id\":\"https:\/\/svetslik.si\/hu\/vasilij-kandinski-hu\/munich-schwabing-with-the-church-of-st-ursula\/#breadcrumb\",\"itemListElement\":[{\"@type\":\"ListItem\",\"position\":1,\"name\":\"Wall art and paintings on canvas\",\"item\":\"https:\/\/svetslik.si\/hu\/\"},{\"@type\":\"ListItem\",\"position\":2,\"name\":\"Festm\u00e9nyek elad\u00e1sa\",\"item\":\"https:\/\/svetslik.si\/prodaja-slik\/\"},{\"@type\":\"ListItem\",\"position\":3,\"name\":\"Vasilij Kandinski &#8211; Munich-Schwabing with the Church of St. Ursula\"}]},{\"@type\":\"WebSite\",\"@id\":\"https:\/\/svetslik.si\/hu\/#website\",\"url\":\"https:\/\/svetslik.si\/hu\/\",\"name\":\"SVETSLIK.SI\",\"description\":\"100%-ban k\u00e9zzel festett reprodukci\u00f3k h\u00edres fest\u0151k festm\u00e9nyeir\u0151l \u00e9s festm\u00e9nyekr\u0151l v\u00e1szonra.\",\"publisher\":{\"@id\":\"https:\/\/svetslik.si\/hu\/#organization\"},\"potentialAction\":[{\"@type\":\"SearchAction\",\"target\":{\"@type\":\"EntryPoint\",\"urlTemplate\":\"https:\/\/svetslik.si\/hu\/?s={search_term_string}\"},\"query-input\":{\"@type\":\"PropertyValueSpecification\",\"valueRequired\":true,\"valueName\":\"search_term_string\"}}],\"inLanguage\":\"hu\"},{\"@type\":\"Organization\",\"@id\":\"https:\/\/svetslik.si\/hu\/#organization\",\"name\":\"SvetSlik.si\",\"url\":\"https:\/\/svetslik.si\/hu\/\",\"logo\":{\"@type\":\"ImageObject\",\"inLanguage\":\"hu\",\"@id\":\"https:\/\/svetslik.si\/hu\/#\/schema\/logo\/image\/\",\"url\":\"https:\/\/svetslik.si\/wp-content\/uploads\/2020\/12\/logo-512.png\",\"contentUrl\":\"https:\/\/svetslik.si\/wp-content\/uploads\/2020\/12\/logo-512.png\",\"width\":512,\"height\":512,\"caption\":\"SvetSlik.si\"},\"image\":{\"@id\":\"https:\/\/svetslik.si\/hu\/#\/schema\/logo\/image\/\"},\"sameAs\":[\"https:\/\/www.facebook.com\/svetslik.si\",\"https:\/\/x.com\/svetslik\",\"https:\/\/www.instagram.com\/svetslik.si\/\",\"https:\/\/www.linkedin.com\/company\/svetslik-si\"]}]}<\/script>\n<meta property=\"og:availability\" content=\"backorder\" \/>\n<meta property=\"product:availability\" content=\"available for order\" \/>\n<meta property=\"product:retailer_item_id\" content=\"209__\" \/>\n<meta property=\"product:condition\" content=\"new\" \/>\n<!-- \/ Yoast SEO Premium plugin. -->","yoast_head_json":{"title":"Vasilij Kandinski - Munich-Schwabing with the Church of St. Ursula - SVETSLIK.SI - 100% k\u00e9zzel festett","description":"Vasilij Kandinski - Munich-Schwabing with the Church of St. Ursula - 100% k\u00e9zzel festett h\u00edres festm\u00e9nyek reprodukci\u00f3i. Festm\u00e9nyek keretez\u00e9se, elad\u00e1sa \u00e9s egyedi rendel\u00e9sre t\u00f6rt\u00e9n\u0151 v\u00e1szonk\u00e9pek k\u00e9sz\u00edt\u00e9se.","robots":{"index":"index","follow":"follow","max-snippet":"max-snippet:-1","max-image-preview":"max-image-preview:large","max-video-preview":"max-video-preview:-1"},"canonical":"https:\/\/svetslik.si\/hu\/vasilij-kandinski-hu\/munich-schwabing-with-the-church-of-st-ursula\/","og_locale":"hu_HU","og_type":"article","og_title":"Vasilij Kandinski - Munich-Schwabing with the Church of St. Ursula","og_description":"100% ro\u010dno naslikane slike na platnu, reprodukcije znanih slikarjev in umetni\u0161ke slike po naro\u010dilu.","og_url":"https:\/\/svetslik.si\/hu\/vasilij-kandinski-hu\/munich-schwabing-with-the-church-of-st-ursula\/","og_site_name":"SVETSLIK.SI","article_publisher":"https:\/\/www.facebook.com\/svetslik.si","article_modified_time":"2026-03-22T20:26:00+00:00","og_image":[{"width":746,"height":1067,"url":"https:\/\/svetslik.si\/wp-content\/uploads\/2021\/08\/image_Munich-Schwabing-with-the-Church-of-St-Ursula_680.jpg","type":"image\/jpeg"}],"twitter_card":"summary_large_image","twitter_site":"@svetslik","twitter_misc":{"El\u00e9rhet\u0151s\u00e9g":"Beszerz\u00e9s alatt"},"schema":{"@context":"https:\/\/schema.org","@graph":[{"@type":["WebPage","ItemPage"],"@id":"https:\/\/svetslik.si\/hu\/vasilij-kandinski-hu\/munich-schwabing-with-the-church-of-st-ursula\/","url":"https:\/\/svetslik.si\/hu\/vasilij-kandinski-hu\/munich-schwabing-with-the-church-of-st-ursula\/","name":"Vasilij Kandinski - Munich-Schwabing with the Church of St. Ursula - SVETSLIK.SI - 100% k\u00e9zzel festett","isPartOf":{"@id":"https:\/\/svetslik.si\/hu\/#website"},"primaryImageOfPage":{"@id":"https:\/\/svetslik.si\/hu\/vasilij-kandinski-hu\/munich-schwabing-with-the-church-of-st-ursula\/#primaryimage"},"image":{"@id":"https:\/\/svetslik.si\/hu\/vasilij-kandinski-hu\/munich-schwabing-with-the-church-of-st-ursula\/#primaryimage"},"thumbnailUrl":"https:\/\/svetslik.si\/wp-content\/uploads\/2021\/08\/image_Munich-Schwabing-with-the-Church-of-St-Ursula_680.jpg","datePublished":"2021-09-02T15:49:42+00:00","dateModified":"2026-03-22T20:26:00+00:00","description":"Vasilij Kandinski - Munich-Schwabing with the Church of St. Ursula - 100% k\u00e9zzel festett h\u00edres festm\u00e9nyek reprodukci\u00f3i. Festm\u00e9nyek keretez\u00e9se, elad\u00e1sa \u00e9s egyedi rendel\u00e9sre t\u00f6rt\u00e9n\u0151 v\u00e1szonk\u00e9pek k\u00e9sz\u00edt\u00e9se.","breadcrumb":{"@id":"https:\/\/svetslik.si\/hu\/vasilij-kandinski-hu\/munich-schwabing-with-the-church-of-st-ursula\/#breadcrumb"},"inLanguage":"hu","potentialAction":[{"@type":"ReadAction","target":["https:\/\/svetslik.si\/hu\/vasilij-kandinski-hu\/munich-schwabing-with-the-church-of-st-ursula\/"]}]},{"@type":"ImageObject","inLanguage":"hu","@id":"https:\/\/svetslik.si\/hu\/vasilij-kandinski-hu\/munich-schwabing-with-the-church-of-st-ursula\/#primaryimage","url":"https:\/\/svetslik.si\/wp-content\/uploads\/2021\/08\/image_Munich-Schwabing-with-the-Church-of-St-Ursula_680.jpg","contentUrl":"https:\/\/svetslik.si\/wp-content\/uploads\/2021\/08\/image_Munich-Schwabing-with-the-Church-of-St-Ursula_680.jpg","width":746,"height":1067,"caption":"Vasilij Kandinski - Munich-Schwabing with the Church of St. Ursula - Vasilij Kandinski - M\u00fcnchen-Schwabing Szt. Ursula-templommal - REPRODUKCI\u00d3I - V\u00e1szonk\u00e9p - Festm\u00e9nyek reprodukci\u00f3i - Absztrakt Festm\u00e9ny - Modern Festm\u00e9ny - Realisztikus Festm\u00e9ny - Olajfestm\u00e9ny - Falik\u00e9p"},{"@type":"BreadcrumbList","@id":"https:\/\/svetslik.si\/hu\/vasilij-kandinski-hu\/munich-schwabing-with-the-church-of-st-ursula\/#breadcrumb","itemListElement":[{"@type":"ListItem","position":1,"name":"Wall art and paintings on canvas","item":"https:\/\/svetslik.si\/hu\/"},{"@type":"ListItem","position":2,"name":"Festm\u00e9nyek elad\u00e1sa","item":"https:\/\/svetslik.si\/prodaja-slik\/"},{"@type":"ListItem","position":3,"name":"Vasilij Kandinski &#8211; Munich-Schwabing with the Church of St. Ursula"}]},{"@type":"WebSite","@id":"https:\/\/svetslik.si\/hu\/#website","url":"https:\/\/svetslik.si\/hu\/","name":"SVETSLIK.SI","description":"100%-ban k\u00e9zzel festett reprodukci\u00f3k h\u00edres fest\u0151k festm\u00e9nyeir\u0151l \u00e9s festm\u00e9nyekr\u0151l v\u00e1szonra.","publisher":{"@id":"https:\/\/svetslik.si\/hu\/#organization"},"potentialAction":[{"@type":"SearchAction","target":{"@type":"EntryPoint","urlTemplate":"https:\/\/svetslik.si\/hu\/?s={search_term_string}"},"query-input":{"@type":"PropertyValueSpecification","valueRequired":true,"valueName":"search_term_string"}}],"inLanguage":"hu"},{"@type":"Organization","@id":"https:\/\/svetslik.si\/hu\/#organization","name":"SvetSlik.si","url":"https:\/\/svetslik.si\/hu\/","logo":{"@type":"ImageObject","inLanguage":"hu","@id":"https:\/\/svetslik.si\/hu\/#\/schema\/logo\/image\/","url":"https:\/\/svetslik.si\/wp-content\/uploads\/2020\/12\/logo-512.png","contentUrl":"https:\/\/svetslik.si\/wp-content\/uploads\/2020\/12\/logo-512.png","width":512,"height":512,"caption":"SvetSlik.si"},"image":{"@id":"https:\/\/svetslik.si\/hu\/#\/schema\/logo\/image\/"},"sameAs":["https:\/\/www.facebook.com\/svetslik.si","https:\/\/x.com\/svetslik","https:\/\/www.instagram.com\/svetslik.si\/","https:\/\/www.linkedin.com\/company\/svetslik-si"]}]},"og_availability":"backorder","product_availability":"available for order","product_retailer_item_id":"209__","product_condition":"new"},"jetpack_sharing_enabled":true,"_links":{"self":[{"href":"https:\/\/svetslik.si\/hu\/wp-json\/wp\/v2\/product\/53109","targetHints":{"allow":["GET"]}}],"collection":[{"href":"https:\/\/svetslik.si\/hu\/wp-json\/wp\/v2\/product"}],"about":[{"href":"https:\/\/svetslik.si\/hu\/wp-json\/wp\/v2\/types\/product"}],"wp:featuredmedia":[{"embeddable":true,"href":"https:\/\/svetslik.si\/hu\/wp-json\/wp\/v2\/media\/49828"}],"wp:attachment":[{"href":"https:\/\/svetslik.si\/hu\/wp-json\/wp\/v2\/media?parent=53109"}],"wp:term":[{"taxonomy":"product_brand","embeddable":true,"href":"https:\/\/svetslik.si\/hu\/wp-json\/wp\/v2\/product_brand?post=53109"},{"taxonomy":"product_cat","embeddable":true,"href":"https:\/\/svetslik.si\/hu\/wp-json\/wp\/v2\/product_cat?post=53109"},{"taxonomy":"product_tag","embeddable":true,"href":"https:\/\/svetslik.si\/hu\/wp-json\/wp\/v2\/product_tag?post=53109"}],"curies":[{"name":"wp","href":"https:\/\/api.w.org\/{rel}","templated":true}]}}