{"id":53127,"date":"2021-09-02T17:49:51","date_gmt":"2021-09-02T15:49:51","guid":{"rendered":"https:\/\/svetslik.si\/nem-kategorizalt\/composition-vi\/"},"modified":"2026-03-22T21:27:07","modified_gmt":"2026-03-22T20:27:07","slug":"composition-vi","status":"publish","type":"product","link":"https:\/\/svetslik.si\/hu\/vasilij-kandinski-hu\/composition-vi\/","title":{"rendered":"Vasilij Kandinski &#8211; Composition VI"},"content":{"rendered":"<div class=\"wpb-content-wrapper\">[vc_row][vc_column][vc_column_text]\n<h1>Wassily Kandinsky \u2013 VI. kompoz\u00edci\u00f3<\/h1>\n<p>&nbsp;<\/p>\n<table style=\"width: 673px\" border=\"0\" width=\"673\" cellpadding=\"0\">\n<tbody>\n<tr>\n<td style=\"width: 180px;height: 21px\" height=\"21\">A falfestm\u00e9ny k\u00e9sz\u00edt\u00e9s\u00e9nek \u00e9ve:<\/td>\n<td style=\"width: 493px\">1913<\/td>\n<\/tr>\n<tr>\n<td style=\"width: 180px;height: 21px\" height=\"21\">Eredeti m\u00e9ret:<\/td>\n<td style=\"width: 493px\">300 cm x 195 cm<\/td>\n<\/tr>\n<tr>\n<td style=\"width: 180px;height: 21px\" height=\"21\">Fest\u00e9si st\u00edlus:<\/td>\n<td style=\"width: 493px\">Absztrakt m\u0171v\u00e9szet<\/td>\n<\/tr>\n<tr>\n<td style=\"width: 180px;height: 21px\" height=\"21\">Eredeti technika:<\/td>\n<td>Olaj, v\u00e1szon<\/td>\n<\/tr>\n<tr>\n<td style=\"width: 180px;height: 21px\" height=\"21\">Helysz\u00edn:<\/td>\n<td>Ermit\u00e1zs M\u00fazeum, Szentp\u00e9terv\u00e1r<\/td>\n<\/tr>\n<\/tbody>\n<colgroup>\n<col \/>\n<col \/> <\/colgroup>\n<\/table>\n[\/vc_column_text][\/vc_column][\/vc_row][vc_row css=&#8221;.vc_custom_1640164050364{margin-bottom: 20px !important;}&#8221;][vc_column]\t<div class=\"et-image-339 et-image     et_image_link\">\n\t\t<div class=\"et-image-inner \">\n\t\t\t\t\t\t\t<div class=\"et-image-thumb \">\n\t\t\t\t\t\t\t\t\t\t\t<img decoding=\"async\" src=\"https:\/\/svetslik.si\/wp-content\/themes\/goya\/assets\/img\/placeholder.png\" \/>\n\t\t\t\t\t\t\t\t\t<\/div>\n\t\t\t\t\t\t\t\t\t\t\t<\/div>\n\t<\/div>\n  [\/vc_column][\/vc_row][vc_row css=&#8221;.vc_custom_1640164050364{margin-bottom: 20px !important;}&#8221;][vc_column]\t<div class=\"et-image-87 et-image  full   et_image_link\">\n\t\t<div class=\"et-image-inner \">\n\t\t\t\t\t\t\t<div class=\"et-image-thumb \">\n\t\t\t\t\t\t\t\t\t<\/div>\n\t\t\t\t\t\t\t\t\t\t\t<\/div>\n\t<\/div>\n  [\/vc_column][\/vc_row][vc_row css=&#8221;.vc_custom_1640164050364{margin-bottom: 20px !important;}&#8221;][vc_column]\t<div class=\"et-image-319 et-image     et_image_link\">\n\t\t<div class=\"et-image-inner \">\n\t\t\t\t\t\t\t<div class=\"et-image-thumb \">\n\t\t\t\t\t\t\t\t\t\t\t<img decoding=\"async\" src=\"https:\/\/svetslik.si\/wp-content\/themes\/goya\/assets\/img\/placeholder.png\" \/>\n\t\t\t\t\t\t\t\t\t<\/div>\n\t\t\t\t\t\t\t\t\t\t\t<\/div>\n\t<\/div>\n  [\/vc_column][\/vc_row][vc_row css=&#8221;.vc_custom_1640164050364{margin-bottom: 20px !important;}&#8221;][vc_column]\t<div class=\"et-image-489 et-image  full   et_image_link\">\n\t\t<div class=\"et-image-inner \">\n\t\t\t\t\t\t\t<div class=\"et-image-thumb \">\n\t\t\t\t\t\t\t\t\t\t\t<img decoding=\"async\" src=\"https:\/\/svetslik.si\/wp-content\/themes\/goya\/assets\/img\/placeholder.png\" \/>\n\t\t\t\t\t\t\t\t\t<\/div>\n\t\t\t\t\t\t\t\t\t\t\t<\/div>\n\t<\/div>\n  [\/vc_column][\/vc_row][vc_row][vc_column][vc_column_text]Vaszilij Kandinszkij orosz sz\u00e1rmaz\u00e1s\u00fa fest\u0151, nyomd\u00e1sz \u00e9s m\u0171v\u00e9szeti teoretikus volt, akit az egyik \u00fatt\u00f6r\u0151nek tartanak az absztrakt m\u0171v\u00e9szet. Egyik legh\u00edresebb alkot\u00e1sa az 1913-ban k\u00e9sz\u00edtett &#8220;Composition VI&#8221;, amely jelenleg a New York-i Solomon R. Guggenheim M\u00fazeumban tal\u00e1lhat\u00f3.<\/p>\n<p>A festm\u00e9ny kiv\u00e1l\u00f3 p\u00e9ld\u00e1ja Kandinsky kiforrott st\u00edlus\u00e1nak, amelyet dinamikus kompoz\u00edci\u00f3, mer\u00e9sz sz\u00ednv\u00e1laszt\u00e1s \u00e9s absztrakt forma jellemez. A festm\u00e9ny forg\u00f3, egym\u00e1sba fon\u00f3d\u00f3 form\u00e1k \u00e9s vonalak sorozat\u00e1b\u00f3l \u00e1ll, amelyek mozg\u00e1sban vannak. A sz\u00ednpalett\u00e1n a k\u00e9k, s\u00e1rga \u00e9s piros \u00e1rnyalatai domin\u00e1lnak, melyek harmonikus egyens\u00falyban helyezkednek el.<\/p>\n<p>A &#8220;VI. kompoz\u00edci\u00f3&#8221; c\u00edm\u0171 festm\u00e9ny egyik legszembet\u0171n\u0151bb aspektusa az, ahogy Kandinsky a vonalat \u00e9s a sz\u00edneket haszn\u00e1lta a mozg\u00e1s \u00e9s az energia \u00e9rzet\u00e9nek megteremt\u00e9s\u00e9re a festm\u00e9nyen. A vonalak mer\u00e9szek \u00e9s dinamikusak, mintha folyamatosan v\u00e1ltozn\u00e1nak, mozg\u00e1s- \u00e9s fesz\u00fclts\u00e9g\u00e9rzetet keltenek. A sz\u00edneket szint\u00e9n er\u0151teljesen haszn\u00e1lj\u00e1k, mivel Kandinsky a meleg \u00e9s a hideg t\u00f3nusokat kontrasztja a m\u00e9lys\u00e9g \u00e9s a mozg\u00e1s \u00e9rz\u00e9se \u00e9rdek\u00e9ben.<\/p>\n<p>\u00c9rdemes megjegyezni Kandinszkij absztrakci\u00f3j\u00e1t is ezen a festm\u00e9nyen. Az absztrakci\u00f3val olyan k\u00e9pet alkotott, amely nem egy konkr\u00e9t t\u00e1rgyat, jelenetet \u00e1br\u00e1zol, hanem form\u00e1k \u00e9s sz\u00ednek seg\u00edts\u00e9g\u00e9vel \u00e9rzelmi reakci\u00f3t kelt a n\u00e9z\u0151ben. \u00dagy v\u00e9lte, hogy a m\u0171v\u00e9szetnek az \u00e9rzelmek k\u00f6zl\u00e9s\u00e9nek eszk\u00f6ze kell, hogy legyen, nem csup\u00e1n a fizikai vil\u00e1g \u00e1br\u00e1zol\u00e1sa.<\/p>\n<p>A VI. kompoz\u00edci\u00f3t Kandinszkij egyik legfontosabb \u00e9s legmeghat\u00e1roz\u00f3bb alkot\u00e1sak\u00e9nt tartj\u00e1k sz\u00e1mon, mivel fordul\u00f3pontot jelent p\u00e1lyafut\u00e1s\u00e1ban, amikor az absztrakci\u00f3t teljes m\u00e9rt\u00e9kben felkarolta m\u0171v\u00e9szi nyelvek\u00e9nt. A festm\u00e9nyt ma is sz\u00e9les k\u00f6rben csod\u00e1lj\u00e1k \u00e9s tanulm\u00e1nyozz\u00e1k, \u00e9s tov\u00e1bbra is sok kort\u00e1rs m\u0171v\u00e9sz ihletforr\u00e1sa.<\/p>\n<p>A m\u0171v\u00e9szet szerelmeseinek k\u00f6telez\u0151 l\u00e1tnival\u00f3 a New York-i Solomon R. Guggenheim M\u00fazeum, ahol Kandinsky \u00e9s m\u00e1s m\u0171v\u00e9szek sok m\u00e1s remekm\u0171ve tal\u00e1lhat\u00f3 a 20. sz\u00e1zad elej\u00e9n. A m\u00fazeum \u00e1lland\u00f3 gy\u0171jtem\u00e9nye impresszionista, posztimpresszionista, modern \u00e9s kort\u00e1rs mozgalmak m\u0171alkot\u00e1sait tartalmazza, \u00e9s remek hely Kandinszkij \u00e9let\u00e9nek \u00e9s munk\u00e1ss\u00e1g\u00e1nak megismer\u00e9s\u00e9re.[\/vc_column_text][\/vc_column][\/vc_row]\n<\/div>","protected":false},"excerpt":{"rendered":"<p>[vc_row][vc_column][vc_column_text] Wassily Kandinsky \u2013 VI. kompoz\u00edci\u00f3 &nbsp; A falfestm\u00e9ny k\u00e9sz\u00edt\u00e9s\u00e9nek \u00e9ve: 1913 Eredeti m\u00e9ret: 300 cm x 195 cm Fest\u00e9si st\u00edlus: Absztrakt m\u0171v\u00e9szet Eredeti technika: Olaj, v\u00e1szon Helysz\u00edn: Ermit\u00e1zs M\u00fazeum, Szentp\u00e9terv\u00e1r [\/vc_column_text][\/vc_column][\/vc_row][vc_row css=&#8221;.vc_custom_1640164050364{margin-bottom: 20px !important;}&#8221;][vc_column][\/vc_column][\/vc_row][vc_row css=&#8221;.vc_custom_1640164050364{margin-bottom: 20px !important;}&#8221;][vc_column][\/vc_column][\/vc_row][vc_row css=&#8221;.vc_custom_1640164050364{margin-bottom: 20px !important;}&#8221;][vc_column][\/vc_column][\/vc_row][vc_row css=&#8221;.vc_custom_1640164050364{margin-bottom: 20px !important;}&#8221;][vc_column][\/vc_column][\/vc_row][vc_row][vc_column][vc_column_text]Vaszilij Kandinszkij orosz sz\u00e1rmaz\u00e1s\u00fa fest\u0151, nyomd\u00e1sz \u00e9s [&hellip;]<\/p>\n","protected":false},"featured_media":49433,"template":"","meta":{"_acf_changed":false},"product_brand":[],"product_cat":[7149],"product_tag":[7172,7173,11885,11886,11887],"class_list":{"0":"post-53127","1":"product","2":"type-product","3":"status-publish","4":"has-post-thumbnail","6":"product_cat-vasilij-kandinski-hu","7":"product_tag-kandinski-hu","8":"product_tag-kandinsky-hu","9":"product_tag-painter-hu","10":"product_tag-reproduction","11":"product_tag-reproductions-hu","12":"pa_dimenzija-120-x-80-cm","13":"pa_dimenzija-150-x-100-cm","14":"pa_dimenzija-190-x-120-cm","15":"pa_dimenzija-220-x-140-cm","16":"pa_dimenzija-250-x-160-cm","17":"pa_dimenzija-300-x-195-cm","18":"pa_dimenzija-70-x-50-cm","19":"pa_dimenzija-90-x-60-cm","20":"pa_oblika-vizszintes","21":"pa_okvir-nincs-keret","22":"pa_podokvir-igen","23":"pa_podokvir-nem","25":"first","26":"onbackorder","27":"purchasable","28":"product-type-variable","29":"has-default-attributes"},"acf":[],"yoast_head":"<!-- This site is optimized with the Yoast SEO Premium plugin v26.0 (Yoast SEO v27.2) - https:\/\/yoast.com\/product\/yoast-seo-premium-wordpress\/ -->\n<title>Vasilij Kandinski - Composition VI - SVETSLIK.SI - 100% k\u00e9zzel festett<\/title>\n<meta name=\"description\" content=\"Vasilij Kandinski - Composition VI - 100% k\u00e9zzel festett h\u00edres festm\u00e9nyek reprodukci\u00f3i. Festm\u00e9nyek keretez\u00e9se, elad\u00e1sa \u00e9s egyedi rendel\u00e9sre t\u00f6rt\u00e9n\u0151 v\u00e1szonk\u00e9pek k\u00e9sz\u00edt\u00e9se.\" \/>\n<meta name=\"robots\" content=\"index, follow, max-snippet:-1, max-image-preview:large, max-video-preview:-1\" \/>\n<link rel=\"canonical\" href=\"https:\/\/svetslik.si\/hu\/vasilij-kandinski-hu\/composition-vi\/\" \/>\n<meta property=\"og:locale\" content=\"hu_HU\" \/>\n<meta property=\"og:type\" content=\"article\" \/>\n<meta property=\"og:title\" content=\"Vasilij Kandinski - Composition VI\" \/>\n<meta property=\"og:description\" content=\"100% ro\u010dno naslikane slike na platnu, reprodukcije znanih slikarjev in umetni\u0161ke slike po naro\u010dilu.\" \/>\n<meta property=\"og:url\" content=\"https:\/\/svetslik.si\/hu\/vasilij-kandinski-hu\/composition-vi\/\" \/>\n<meta property=\"og:site_name\" content=\"SVETSLIK.SI\" \/>\n<meta property=\"article:publisher\" content=\"https:\/\/www.facebook.com\/svetslik.si\" \/>\n<meta property=\"article:modified_time\" content=\"2026-03-22T20:27:07+00:00\" \/>\n<meta property=\"og:image\" content=\"https:\/\/svetslik.si\/wp-content\/uploads\/2021\/08\/image_Composition-VI_680.jpg\" \/>\n\t<meta property=\"og:image:width\" content=\"1132\" \/>\n\t<meta property=\"og:image:height\" content=\"745\" \/>\n\t<meta property=\"og:image:type\" content=\"image\/jpeg\" \/>\n<meta name=\"twitter:card\" content=\"summary_large_image\" \/>\n<meta name=\"twitter:site\" content=\"@svetslik\" \/>\n<meta name=\"twitter:label1\" content=\"El\u00e9rhet\u0151s\u00e9g\" \/>\n\t<meta name=\"twitter:data1\" content=\"Beszerz\u00e9s alatt\" \/>\n<script type=\"application\/ld+json\" class=\"yoast-schema-graph\">{\"@context\":\"https:\/\/schema.org\",\"@graph\":[{\"@type\":[\"WebPage\",\"ItemPage\"],\"@id\":\"https:\/\/svetslik.si\/hu\/vasilij-kandinski-hu\/composition-vi\/\",\"url\":\"https:\/\/svetslik.si\/hu\/vasilij-kandinski-hu\/composition-vi\/\",\"name\":\"Vasilij Kandinski - Composition VI - SVETSLIK.SI - 100% k\u00e9zzel festett\",\"isPartOf\":{\"@id\":\"https:\/\/svetslik.si\/hu\/#website\"},\"primaryImageOfPage\":{\"@id\":\"https:\/\/svetslik.si\/hu\/vasilij-kandinski-hu\/composition-vi\/#primaryimage\"},\"image\":{\"@id\":\"https:\/\/svetslik.si\/hu\/vasilij-kandinski-hu\/composition-vi\/#primaryimage\"},\"thumbnailUrl\":\"https:\/\/svetslik.si\/wp-content\/uploads\/2021\/08\/image_Composition-VI_680.jpg\",\"datePublished\":\"2021-09-02T15:49:51+00:00\",\"dateModified\":\"2026-03-22T20:27:07+00:00\",\"description\":\"Vasilij Kandinski - Composition VI - 100% k\u00e9zzel festett h\u00edres festm\u00e9nyek reprodukci\u00f3i. Festm\u00e9nyek keretez\u00e9se, elad\u00e1sa \u00e9s egyedi rendel\u00e9sre t\u00f6rt\u00e9n\u0151 v\u00e1szonk\u00e9pek k\u00e9sz\u00edt\u00e9se.\",\"breadcrumb\":{\"@id\":\"https:\/\/svetslik.si\/hu\/vasilij-kandinski-hu\/composition-vi\/#breadcrumb\"},\"inLanguage\":\"hu\",\"potentialAction\":[{\"@type\":\"ReadAction\",\"target\":[\"https:\/\/svetslik.si\/hu\/vasilij-kandinski-hu\/composition-vi\/\"]}]},{\"@type\":\"ImageObject\",\"inLanguage\":\"hu\",\"@id\":\"https:\/\/svetslik.si\/hu\/vasilij-kandinski-hu\/composition-vi\/#primaryimage\",\"url\":\"https:\/\/svetslik.si\/wp-content\/uploads\/2021\/08\/image_Composition-VI_680.jpg\",\"contentUrl\":\"https:\/\/svetslik.si\/wp-content\/uploads\/2021\/08\/image_Composition-VI_680.jpg\",\"width\":1132,\"height\":745,\"caption\":\"Vasilij Kandinski - Composition V - Kompoz\u00edci\u00f3 V - Vasilij Kandinski - Composition V - Festm\u00e9nyek reprodukci\u00f3i - V\u00e1szonk\u00e9p - Festm\u00e9nyek reprodukci\u00f3i - Absztrakt Festm\u00e9ny - Modern Festm\u00e9ny - Realisztikus Festm\u00e9ny - Olajfestm\u00e9ny - Falik\u00e9p\"},{\"@type\":\"BreadcrumbList\",\"@id\":\"https:\/\/svetslik.si\/hu\/vasilij-kandinski-hu\/composition-vi\/#breadcrumb\",\"itemListElement\":[{\"@type\":\"ListItem\",\"position\":1,\"name\":\"Wall art and paintings on canvas\",\"item\":\"https:\/\/svetslik.si\/hu\/\"},{\"@type\":\"ListItem\",\"position\":2,\"name\":\"Festm\u00e9nyek elad\u00e1sa\",\"item\":\"https:\/\/svetslik.si\/prodaja-slik\/\"},{\"@type\":\"ListItem\",\"position\":3,\"name\":\"Vasilij Kandinski &#8211; Composition VI\"}]},{\"@type\":\"WebSite\",\"@id\":\"https:\/\/svetslik.si\/hu\/#website\",\"url\":\"https:\/\/svetslik.si\/hu\/\",\"name\":\"SVETSLIK.SI\",\"description\":\"100%-ban k\u00e9zzel festett reprodukci\u00f3k h\u00edres fest\u0151k festm\u00e9nyeir\u0151l \u00e9s festm\u00e9nyekr\u0151l v\u00e1szonra.\",\"publisher\":{\"@id\":\"https:\/\/svetslik.si\/hu\/#organization\"},\"potentialAction\":[{\"@type\":\"SearchAction\",\"target\":{\"@type\":\"EntryPoint\",\"urlTemplate\":\"https:\/\/svetslik.si\/hu\/?s={search_term_string}\"},\"query-input\":{\"@type\":\"PropertyValueSpecification\",\"valueRequired\":true,\"valueName\":\"search_term_string\"}}],\"inLanguage\":\"hu\"},{\"@type\":\"Organization\",\"@id\":\"https:\/\/svetslik.si\/hu\/#organization\",\"name\":\"SvetSlik.si\",\"url\":\"https:\/\/svetslik.si\/hu\/\",\"logo\":{\"@type\":\"ImageObject\",\"inLanguage\":\"hu\",\"@id\":\"https:\/\/svetslik.si\/hu\/#\/schema\/logo\/image\/\",\"url\":\"https:\/\/svetslik.si\/wp-content\/uploads\/2020\/12\/logo-512.png\",\"contentUrl\":\"https:\/\/svetslik.si\/wp-content\/uploads\/2020\/12\/logo-512.png\",\"width\":512,\"height\":512,\"caption\":\"SvetSlik.si\"},\"image\":{\"@id\":\"https:\/\/svetslik.si\/hu\/#\/schema\/logo\/image\/\"},\"sameAs\":[\"https:\/\/www.facebook.com\/svetslik.si\",\"https:\/\/x.com\/svetslik\",\"https:\/\/www.instagram.com\/svetslik.si\/\",\"https:\/\/www.linkedin.com\/company\/svetslik-si\"]}]}<\/script>\n<meta property=\"og:availability\" content=\"backorder\" \/>\n<meta property=\"product:availability\" content=\"available for order\" \/>\n<meta property=\"product:retailer_item_id\" content=\"211__\" \/>\n<meta property=\"product:condition\" content=\"new\" \/>\n<!-- \/ Yoast SEO Premium plugin. -->","yoast_head_json":{"title":"Vasilij Kandinski - Composition VI - SVETSLIK.SI - 100% k\u00e9zzel festett","description":"Vasilij Kandinski - Composition VI - 100% k\u00e9zzel festett h\u00edres festm\u00e9nyek reprodukci\u00f3i. Festm\u00e9nyek keretez\u00e9se, elad\u00e1sa \u00e9s egyedi rendel\u00e9sre t\u00f6rt\u00e9n\u0151 v\u00e1szonk\u00e9pek k\u00e9sz\u00edt\u00e9se.","robots":{"index":"index","follow":"follow","max-snippet":"max-snippet:-1","max-image-preview":"max-image-preview:large","max-video-preview":"max-video-preview:-1"},"canonical":"https:\/\/svetslik.si\/hu\/vasilij-kandinski-hu\/composition-vi\/","og_locale":"hu_HU","og_type":"article","og_title":"Vasilij Kandinski - Composition VI","og_description":"100% ro\u010dno naslikane slike na platnu, reprodukcije znanih slikarjev in umetni\u0161ke slike po naro\u010dilu.","og_url":"https:\/\/svetslik.si\/hu\/vasilij-kandinski-hu\/composition-vi\/","og_site_name":"SVETSLIK.SI","article_publisher":"https:\/\/www.facebook.com\/svetslik.si","article_modified_time":"2026-03-22T20:27:07+00:00","og_image":[{"width":1132,"height":745,"url":"https:\/\/svetslik.si\/wp-content\/uploads\/2021\/08\/image_Composition-VI_680.jpg","type":"image\/jpeg"}],"twitter_card":"summary_large_image","twitter_site":"@svetslik","twitter_misc":{"El\u00e9rhet\u0151s\u00e9g":"Beszerz\u00e9s alatt"},"schema":{"@context":"https:\/\/schema.org","@graph":[{"@type":["WebPage","ItemPage"],"@id":"https:\/\/svetslik.si\/hu\/vasilij-kandinski-hu\/composition-vi\/","url":"https:\/\/svetslik.si\/hu\/vasilij-kandinski-hu\/composition-vi\/","name":"Vasilij Kandinski - Composition VI - SVETSLIK.SI - 100% k\u00e9zzel festett","isPartOf":{"@id":"https:\/\/svetslik.si\/hu\/#website"},"primaryImageOfPage":{"@id":"https:\/\/svetslik.si\/hu\/vasilij-kandinski-hu\/composition-vi\/#primaryimage"},"image":{"@id":"https:\/\/svetslik.si\/hu\/vasilij-kandinski-hu\/composition-vi\/#primaryimage"},"thumbnailUrl":"https:\/\/svetslik.si\/wp-content\/uploads\/2021\/08\/image_Composition-VI_680.jpg","datePublished":"2021-09-02T15:49:51+00:00","dateModified":"2026-03-22T20:27:07+00:00","description":"Vasilij Kandinski - Composition VI - 100% k\u00e9zzel festett h\u00edres festm\u00e9nyek reprodukci\u00f3i. Festm\u00e9nyek keretez\u00e9se, elad\u00e1sa \u00e9s egyedi rendel\u00e9sre t\u00f6rt\u00e9n\u0151 v\u00e1szonk\u00e9pek k\u00e9sz\u00edt\u00e9se.","breadcrumb":{"@id":"https:\/\/svetslik.si\/hu\/vasilij-kandinski-hu\/composition-vi\/#breadcrumb"},"inLanguage":"hu","potentialAction":[{"@type":"ReadAction","target":["https:\/\/svetslik.si\/hu\/vasilij-kandinski-hu\/composition-vi\/"]}]},{"@type":"ImageObject","inLanguage":"hu","@id":"https:\/\/svetslik.si\/hu\/vasilij-kandinski-hu\/composition-vi\/#primaryimage","url":"https:\/\/svetslik.si\/wp-content\/uploads\/2021\/08\/image_Composition-VI_680.jpg","contentUrl":"https:\/\/svetslik.si\/wp-content\/uploads\/2021\/08\/image_Composition-VI_680.jpg","width":1132,"height":745,"caption":"Vasilij Kandinski - Composition V - Kompoz\u00edci\u00f3 V - Vasilij Kandinski - Composition V - Festm\u00e9nyek reprodukci\u00f3i - V\u00e1szonk\u00e9p - Festm\u00e9nyek reprodukci\u00f3i - Absztrakt Festm\u00e9ny - Modern Festm\u00e9ny - Realisztikus Festm\u00e9ny - Olajfestm\u00e9ny - Falik\u00e9p"},{"@type":"BreadcrumbList","@id":"https:\/\/svetslik.si\/hu\/vasilij-kandinski-hu\/composition-vi\/#breadcrumb","itemListElement":[{"@type":"ListItem","position":1,"name":"Wall art and paintings on canvas","item":"https:\/\/svetslik.si\/hu\/"},{"@type":"ListItem","position":2,"name":"Festm\u00e9nyek elad\u00e1sa","item":"https:\/\/svetslik.si\/prodaja-slik\/"},{"@type":"ListItem","position":3,"name":"Vasilij Kandinski &#8211; Composition VI"}]},{"@type":"WebSite","@id":"https:\/\/svetslik.si\/hu\/#website","url":"https:\/\/svetslik.si\/hu\/","name":"SVETSLIK.SI","description":"100%-ban k\u00e9zzel festett reprodukci\u00f3k h\u00edres fest\u0151k festm\u00e9nyeir\u0151l \u00e9s festm\u00e9nyekr\u0151l v\u00e1szonra.","publisher":{"@id":"https:\/\/svetslik.si\/hu\/#organization"},"potentialAction":[{"@type":"SearchAction","target":{"@type":"EntryPoint","urlTemplate":"https:\/\/svetslik.si\/hu\/?s={search_term_string}"},"query-input":{"@type":"PropertyValueSpecification","valueRequired":true,"valueName":"search_term_string"}}],"inLanguage":"hu"},{"@type":"Organization","@id":"https:\/\/svetslik.si\/hu\/#organization","name":"SvetSlik.si","url":"https:\/\/svetslik.si\/hu\/","logo":{"@type":"ImageObject","inLanguage":"hu","@id":"https:\/\/svetslik.si\/hu\/#\/schema\/logo\/image\/","url":"https:\/\/svetslik.si\/wp-content\/uploads\/2020\/12\/logo-512.png","contentUrl":"https:\/\/svetslik.si\/wp-content\/uploads\/2020\/12\/logo-512.png","width":512,"height":512,"caption":"SvetSlik.si"},"image":{"@id":"https:\/\/svetslik.si\/hu\/#\/schema\/logo\/image\/"},"sameAs":["https:\/\/www.facebook.com\/svetslik.si","https:\/\/x.com\/svetslik","https:\/\/www.instagram.com\/svetslik.si\/","https:\/\/www.linkedin.com\/company\/svetslik-si"]}]},"og_availability":"backorder","product_availability":"available for order","product_retailer_item_id":"211__","product_condition":"new"},"jetpack_sharing_enabled":true,"_links":{"self":[{"href":"https:\/\/svetslik.si\/hu\/wp-json\/wp\/v2\/product\/53127","targetHints":{"allow":["GET"]}}],"collection":[{"href":"https:\/\/svetslik.si\/hu\/wp-json\/wp\/v2\/product"}],"about":[{"href":"https:\/\/svetslik.si\/hu\/wp-json\/wp\/v2\/types\/product"}],"wp:featuredmedia":[{"embeddable":true,"href":"https:\/\/svetslik.si\/hu\/wp-json\/wp\/v2\/media\/49433"}],"wp:attachment":[{"href":"https:\/\/svetslik.si\/hu\/wp-json\/wp\/v2\/media?parent=53127"}],"wp:term":[{"taxonomy":"product_brand","embeddable":true,"href":"https:\/\/svetslik.si\/hu\/wp-json\/wp\/v2\/product_brand?post=53127"},{"taxonomy":"product_cat","embeddable":true,"href":"https:\/\/svetslik.si\/hu\/wp-json\/wp\/v2\/product_cat?post=53127"},{"taxonomy":"product_tag","embeddable":true,"href":"https:\/\/svetslik.si\/hu\/wp-json\/wp\/v2\/product_tag?post=53127"}],"curies":[{"name":"wp","href":"https:\/\/api.w.org\/{rel}","templated":true}]}}