{"id":53145,"date":"2021-09-02T17:49:59","date_gmt":"2021-09-02T15:49:59","guid":{"rendered":"https:\/\/svetslik.si\/nem-kategorizalt\/composition-v\/"},"modified":"2026-03-22T21:27:07","modified_gmt":"2026-03-22T20:27:07","slug":"composition-v","status":"publish","type":"product","link":"https:\/\/svetslik.si\/hu\/vasilij-kandinski-hu\/composition-v\/","title":{"rendered":"Vasilij Kandinski &#8211; Composition V"},"content":{"rendered":"<h1>Wassily Kandinsky \u2013 V. kompoz\u00edci\u00f3<\/h1>\n<table border=\"0\" width=\"673\" cellpadding=\"0\">\n<colgroup>\n<col style=\"width: 135pt\" width=\"180\" \/>\n<col style=\"width: 370pt\" width=\"493\" \/> <\/colgroup>\n<tbody>\n<tr style=\"height: 15.75pt\">\n<td class=\"xl24\" style=\"height: 15.75pt;width: 135pt\" width=\"180\" height=\"21\">L\u00e9trehoz\u00e1s \u00e9ve:<\/td>\n<td class=\"xl25\" style=\"width: 370pt\" width=\"493\">1911<\/td>\n<\/tr>\n<tr style=\"height: 15.75pt\">\n<td class=\"xl24\" style=\"height: 15.75pt;width: 135pt\" width=\"180\" height=\"21\">Eredeti m\u00e9ret:<\/td>\n<td class=\"xl24\" style=\"width: 370pt\" width=\"493\">275 cm x 190 cm<\/td>\n<\/tr>\n<tr style=\"height: 15.75pt\">\n<td class=\"xl24\" style=\"height: 15.75pt;width: 135pt\" width=\"180\" height=\"21\">Fest\u00e9si st\u00edlus:<\/td>\n<td class=\"xl24\" style=\"width: 370pt\" width=\"493\">Absztrakt m\u0171v\u00e9szet<\/td>\n<\/tr>\n<tr style=\"height: 15.75pt\">\n<td class=\"xl24\" style=\"height: 15.75pt;width: 135pt\" width=\"180\" height=\"21\">Eredeti technika:<\/td>\n<td>Olaj, v\u00e1szon<\/td>\n<\/tr>\n<tr style=\"height: 15.75pt\">\n<td class=\"xl24\" style=\"height: 15.75pt;width: 135pt\" width=\"180\" height=\"21\">Helysz\u00edn:<\/td>\n<td>Mag\u00e1ngy\u0171jtem\u00e9ny<\/td>\n<\/tr>\n<\/tbody>\n<\/table>\n<p>Wassily Kandinsky, m\u00e1s n\u00e9ven Wassily Kandinsky, orosz fest\u0151 \u00e9s m\u0171v\u00e9szetelm\u00e9leti szakember volt, akit az absztrakt m\u0171v\u00e9szet egyik \u00fatt\u00f6r\u0151jek\u00e9nt tartanak sz\u00e1mon. Egyik legh\u00edresebb \u00e9s legh\u00edresebb m\u0171ve a Kompoz\u00edci\u00f3 V. festm\u00e9ny.<\/p>\n<p>Az V. kompoz\u00edci\u00f3t 1911-ben hozt\u00e1k l\u00e9tre, \u00e9s egy nagy, k\u00f6r\u00fclbel\u00fcl 110 x 88 cm m\u00e9ret\u0171 v\u00e1szon. R\u00e9sze annak a festm\u00e9nysorozatnak, amelyet Kandinsky ebben az id\u0151szakban k\u00e9sz\u00edtett \u00e9s &#8220;Improviz\u00e1ci\u00f3k&#8221;-nak nevezte. Ezeket a festm\u00e9nyeket \u00e9l\u00e9nk sz\u00ednek, dinamikus ecsetvon\u00e1sok \u00e9s a reprezentat\u00edv k\u00e9palkot\u00e1s hi\u00e1nya jellemezt\u00e9k.<\/p>\n<p>Az V. kompoz\u00edci\u00f3ban Kandinsky k\u00fcl\u00f6nb\u00f6z\u0151 sz\u00edneket \u00e9s form\u00e1kat haszn\u00e1l a mozg\u00e1s \u00e9s az energia \u00e9rzet\u00e9nek megteremt\u00e9s\u00e9re. A k\u00e9p t\u00f6bb k\u00fcl\u00f6n\u00e1ll\u00f3 ter\u00fcletre van osztva, mindegyik r\u00e9sz m\u00e1s sz\u00ednt vagy sz\u00ednkombin\u00e1ci\u00f3t tartalmaz. A k\u00e9pen haszn\u00e1lt sz\u00ednek k\u00f6z\u00f6tt szerepel t\u00f6bbek k\u00f6z\u00f6tt a k\u00e9k, a s\u00e1rga \u00e9s a piros \u00e1rnyalata.<\/p>\n<p>A festm\u00e9ny egyik legszembet\u0171n\u0151bb eleme a fekete forma alkalmaz\u00e1sa a v\u00e1szon k\u00f6zep\u00e9n. Ez a forma fesz\u00fclts\u00e9get \u00e9s dinamizmust kelt, \u00e9s a k\u00e9p k\u00f6zep\u00e9re vonja a n\u00e9z\u0151 tekintet\u00e9t. A fekete alakzatot sz\u00e1mos egy\u00e9b forma veszi k\u00f6r\u00fcl, bele\u00e9rtve a k\u00f6r\u00f6ket, h\u00e1romsz\u00f6geket \u00e9s t\u00e9glalapokat, amelyek l\u00e1tsz\u00f3lag v\u00e9letlenszer\u0171en vannak elrendezve.<\/p>\n<p>Kandinsky sz\u00edn- \u00e9s formahaszn\u00e1lata az V. Kompoz\u00edci\u00f3 c\u00edm\u0171 festm\u00e9nyben azt a meggy\u0151z\u0151d\u00e9s\u00e9t t\u00fckr\u00f6zi, hogy a m\u0171v\u00e9szetnek \u00e9rzelmeket \u00e9s \u00e9rz\u00e9seket kell kifejeznie, nem csup\u00e1n a fizikai vil\u00e1got kell \u00e1br\u00e1zolnia. \u00dagy v\u00e9lte, hogy a sz\u00ednek \u00e9s a form\u00e1k bizonyos \u00e9rzelmeket \u00e9bresztenek a n\u00e9z\u0151ben, amivel mozg\u00e1s- \u00e9s energia\u00e9rzetet kelt festm\u00e9nyein.<\/p>\n<p>Az V. kompoz\u00edci\u00f3t Kandinsky egyik legfontosabb alkot\u00e1s\u00e1nak tartj\u00e1k, \u00e9s az absztrakt m\u0171v\u00e9szet remekm\u0171ve. Az oroszorsz\u00e1gi szentp\u00e9terv\u00e1ri Ermit\u00e1zs M\u00fazeum gy\u0171jtem\u00e9ny\u00e9ben tal\u00e1lhat\u00f3.<\/p>\n<p>R\u00f6viden, Wassily Kandinsky V. kompoz\u00edci\u00f3ja az absztrakt m\u0171v\u00e9szet remekm\u0171ve, amely bemutatja, hogyan haszn\u00e1lja a sz\u00ednt \u00e9s a form\u00e1t, hogy \u00e9rzelmeket keltsen a n\u00e9z\u0151ben. A m\u0171v\u00e9szett\u00f6rt\u00e9net fontos alkot\u00e1sa, amelyet a vil\u00e1g m\u0171v\u00e9szetbar\u00e1tai m\u00e1ig \u00fcnnepelnek \u00e9s csod\u00e1lnak.<\/p>\n","protected":false},"excerpt":{"rendered":"<p>Wassily Kandinsky \u2013 V. kompoz\u00edci\u00f3 L\u00e9trehoz\u00e1s \u00e9ve: 1911 Eredeti m\u00e9ret: 275 cm x 190 cm Fest\u00e9si st\u00edlus: Absztrakt m\u0171v\u00e9szet Eredeti technika: Olaj, v\u00e1szon Helysz\u00edn: Mag\u00e1ngy\u0171jtem\u00e9ny Wassily Kandinsky, m\u00e1s n\u00e9ven Wassily Kandinsky, orosz fest\u0151 \u00e9s m\u0171v\u00e9szetelm\u00e9leti szakember volt, akit az absztrakt m\u0171v\u00e9szet egyik \u00fatt\u00f6r\u0151jek\u00e9nt tartanak sz\u00e1mon. Egyik legh\u00edresebb \u00e9s legh\u00edresebb m\u0171ve [&hellip;]<\/p>\n","protected":false},"featured_media":49432,"template":"","meta":{"_acf_changed":false},"product_brand":[],"product_cat":[7149],"product_tag":[7172,7173,11885,11886,11887],"class_list":{"0":"post-53145","1":"product","2":"type-product","3":"status-publish","4":"has-post-thumbnail","6":"product_cat-vasilij-kandinski-hu","7":"product_tag-kandinski-hu","8":"product_tag-kandinsky-hu","9":"product_tag-painter-hu","10":"product_tag-reproduction","11":"product_tag-reproductions-hu","12":"pa_dimenzija-120-x-80-cm-hu","13":"pa_dimenzija-150-x-100-cm-hu","14":"pa_dimenzija-190-x-130-cm-hu","15":"pa_dimenzija-220-x-150-cm-hu","16":"pa_dimenzija-250-x-170-cm-hu","17":"pa_dimenzija-275-x-190-cm-hu","18":"pa_dimenzija-70-x-50-cm-hu","19":"pa_dimenzija-90-x-60-cm-hu","20":"pa_oblika-vizszintes","21":"pa_okvir-nincs-keret","22":"pa_podokvir-igen","23":"pa_podokvir-nem","25":"first","26":"onbackorder","27":"purchasable","28":"product-type-variable","29":"has-default-attributes"},"acf":[],"yoast_head":"<!-- This site is optimized with the Yoast SEO Premium plugin v26.0 (Yoast SEO v27.2) - https:\/\/yoast.com\/product\/yoast-seo-premium-wordpress\/ -->\n<title>Vasilij Kandinski - Composition V - SVETSLIK.SI - 100% k\u00e9zzel festett<\/title>\n<meta name=\"description\" content=\"Vasilij Kandinski - Composition V - 100% k\u00e9zzel festett h\u00edres festm\u00e9nyek reprodukci\u00f3i. Festm\u00e9nyek keretez\u00e9se, elad\u00e1sa \u00e9s egyedi rendel\u00e9sre t\u00f6rt\u00e9n\u0151 v\u00e1szonk\u00e9pek k\u00e9sz\u00edt\u00e9se.\" \/>\n<meta name=\"robots\" content=\"index, follow, max-snippet:-1, max-image-preview:large, max-video-preview:-1\" \/>\n<link rel=\"canonical\" href=\"https:\/\/svetslik.si\/hu\/vasilij-kandinski-hu\/composition-v\/\" \/>\n<meta property=\"og:locale\" content=\"hu_HU\" \/>\n<meta property=\"og:type\" content=\"article\" \/>\n<meta property=\"og:title\" content=\"Vasilij Kandinski - Composition V\" \/>\n<meta property=\"og:description\" content=\"100% ro\u010dno naslikane slike na platnu, reprodukcije znanih slikarjev in umetni\u0161ke slike po naro\u010dilu.\" \/>\n<meta property=\"og:url\" content=\"https:\/\/svetslik.si\/hu\/vasilij-kandinski-hu\/composition-v\/\" \/>\n<meta property=\"og:site_name\" content=\"SVETSLIK.SI\" \/>\n<meta property=\"article:publisher\" content=\"https:\/\/www.facebook.com\/svetslik.si\" \/>\n<meta property=\"article:modified_time\" content=\"2026-03-22T20:27:07+00:00\" \/>\n<meta property=\"og:image\" content=\"https:\/\/svetslik.si\/wp-content\/uploads\/2021\/08\/image_Composition-V_680.jpg\" \/>\n\t<meta property=\"og:image:width\" content=\"2174\" \/>\n\t<meta property=\"og:image:height\" content=\"1518\" \/>\n\t<meta property=\"og:image:type\" content=\"image\/jpeg\" \/>\n<meta name=\"twitter:card\" content=\"summary_large_image\" \/>\n<meta name=\"twitter:site\" content=\"@svetslik\" \/>\n<meta name=\"twitter:label1\" content=\"El\u00e9rhet\u0151s\u00e9g\" \/>\n\t<meta name=\"twitter:data1\" content=\"Beszerz\u00e9s alatt\" \/>\n<script type=\"application\/ld+json\" class=\"yoast-schema-graph\">{\"@context\":\"https:\/\/schema.org\",\"@graph\":[{\"@type\":[\"WebPage\",\"ItemPage\"],\"@id\":\"https:\/\/svetslik.si\/hu\/vasilij-kandinski-hu\/composition-v\/\",\"url\":\"https:\/\/svetslik.si\/hu\/vasilij-kandinski-hu\/composition-v\/\",\"name\":\"Vasilij Kandinski - Composition V - SVETSLIK.SI - 100% k\u00e9zzel festett\",\"isPartOf\":{\"@id\":\"https:\/\/svetslik.si\/hu\/#website\"},\"primaryImageOfPage\":{\"@id\":\"https:\/\/svetslik.si\/hu\/vasilij-kandinski-hu\/composition-v\/#primaryimage\"},\"image\":{\"@id\":\"https:\/\/svetslik.si\/hu\/vasilij-kandinski-hu\/composition-v\/#primaryimage\"},\"thumbnailUrl\":\"https:\/\/svetslik.si\/wp-content\/uploads\/2021\/08\/image_Composition-V_680.jpg\",\"datePublished\":\"2021-09-02T15:49:59+00:00\",\"dateModified\":\"2026-03-22T20:27:07+00:00\",\"description\":\"Vasilij Kandinski - Composition V - 100% k\u00e9zzel festett h\u00edres festm\u00e9nyek reprodukci\u00f3i. Festm\u00e9nyek keretez\u00e9se, elad\u00e1sa \u00e9s egyedi rendel\u00e9sre t\u00f6rt\u00e9n\u0151 v\u00e1szonk\u00e9pek k\u00e9sz\u00edt\u00e9se.\",\"breadcrumb\":{\"@id\":\"https:\/\/svetslik.si\/hu\/vasilij-kandinski-hu\/composition-v\/#breadcrumb\"},\"inLanguage\":\"hu\",\"potentialAction\":[{\"@type\":\"ReadAction\",\"target\":[\"https:\/\/svetslik.si\/hu\/vasilij-kandinski-hu\/composition-v\/\"]}]},{\"@type\":\"ImageObject\",\"inLanguage\":\"hu\",\"@id\":\"https:\/\/svetslik.si\/hu\/vasilij-kandinski-hu\/composition-v\/#primaryimage\",\"url\":\"https:\/\/svetslik.si\/wp-content\/uploads\/2021\/08\/image_Composition-V_680.jpg\",\"contentUrl\":\"https:\/\/svetslik.si\/wp-content\/uploads\/2021\/08\/image_Composition-V_680.jpg\",\"width\":2174,\"height\":1518,\"caption\":\"Vasilij Kandinski - Composition IX - Kompoz\u00edci\u00f3 IX - Vasilij Kandinski - Composition IX - Festm\u00e9nyek reprodukci\u00f3i - V\u00e1szonk\u00e9p - Festm\u00e9nyek reprodukci\u00f3i - Absztrakt Festm\u00e9ny - Modern Festm\u00e9ny - Realisztikus Festm\u00e9ny - Olajfestm\u00e9ny - Falik\u00e9p\"},{\"@type\":\"BreadcrumbList\",\"@id\":\"https:\/\/svetslik.si\/hu\/vasilij-kandinski-hu\/composition-v\/#breadcrumb\",\"itemListElement\":[{\"@type\":\"ListItem\",\"position\":1,\"name\":\"Wall art and paintings on canvas\",\"item\":\"https:\/\/svetslik.si\/hu\/\"},{\"@type\":\"ListItem\",\"position\":2,\"name\":\"Festm\u00e9nyek elad\u00e1sa\",\"item\":\"https:\/\/svetslik.si\/prodaja-slik\/\"},{\"@type\":\"ListItem\",\"position\":3,\"name\":\"Vasilij Kandinski &#8211; Composition V\"}]},{\"@type\":\"WebSite\",\"@id\":\"https:\/\/svetslik.si\/hu\/#website\",\"url\":\"https:\/\/svetslik.si\/hu\/\",\"name\":\"SVETSLIK.SI\",\"description\":\"100%-ban k\u00e9zzel festett reprodukci\u00f3k h\u00edres fest\u0151k festm\u00e9nyeir\u0151l \u00e9s festm\u00e9nyekr\u0151l v\u00e1szonra.\",\"publisher\":{\"@id\":\"https:\/\/svetslik.si\/hu\/#organization\"},\"potentialAction\":[{\"@type\":\"SearchAction\",\"target\":{\"@type\":\"EntryPoint\",\"urlTemplate\":\"https:\/\/svetslik.si\/hu\/?s={search_term_string}\"},\"query-input\":{\"@type\":\"PropertyValueSpecification\",\"valueRequired\":true,\"valueName\":\"search_term_string\"}}],\"inLanguage\":\"hu\"},{\"@type\":\"Organization\",\"@id\":\"https:\/\/svetslik.si\/hu\/#organization\",\"name\":\"SvetSlik.si\",\"url\":\"https:\/\/svetslik.si\/hu\/\",\"logo\":{\"@type\":\"ImageObject\",\"inLanguage\":\"hu\",\"@id\":\"https:\/\/svetslik.si\/hu\/#\/schema\/logo\/image\/\",\"url\":\"https:\/\/svetslik.si\/wp-content\/uploads\/2020\/12\/logo-512.png\",\"contentUrl\":\"https:\/\/svetslik.si\/wp-content\/uploads\/2020\/12\/logo-512.png\",\"width\":512,\"height\":512,\"caption\":\"SvetSlik.si\"},\"image\":{\"@id\":\"https:\/\/svetslik.si\/hu\/#\/schema\/logo\/image\/\"},\"sameAs\":[\"https:\/\/www.facebook.com\/svetslik.si\",\"https:\/\/x.com\/svetslik\",\"https:\/\/www.instagram.com\/svetslik.si\/\",\"https:\/\/www.linkedin.com\/company\/svetslik-si\"]}]}<\/script>\n<meta property=\"og:availability\" content=\"backorder\" \/>\n<meta property=\"product:availability\" content=\"available for order\" \/>\n<meta property=\"product:retailer_item_id\" content=\"214__\" \/>\n<meta property=\"product:condition\" content=\"new\" \/>\n<!-- \/ Yoast SEO Premium plugin. -->","yoast_head_json":{"title":"Vasilij Kandinski - Composition V - SVETSLIK.SI - 100% k\u00e9zzel festett","description":"Vasilij Kandinski - Composition V - 100% k\u00e9zzel festett h\u00edres festm\u00e9nyek reprodukci\u00f3i. Festm\u00e9nyek keretez\u00e9se, elad\u00e1sa \u00e9s egyedi rendel\u00e9sre t\u00f6rt\u00e9n\u0151 v\u00e1szonk\u00e9pek k\u00e9sz\u00edt\u00e9se.","robots":{"index":"index","follow":"follow","max-snippet":"max-snippet:-1","max-image-preview":"max-image-preview:large","max-video-preview":"max-video-preview:-1"},"canonical":"https:\/\/svetslik.si\/hu\/vasilij-kandinski-hu\/composition-v\/","og_locale":"hu_HU","og_type":"article","og_title":"Vasilij Kandinski - Composition V","og_description":"100% ro\u010dno naslikane slike na platnu, reprodukcije znanih slikarjev in umetni\u0161ke slike po naro\u010dilu.","og_url":"https:\/\/svetslik.si\/hu\/vasilij-kandinski-hu\/composition-v\/","og_site_name":"SVETSLIK.SI","article_publisher":"https:\/\/www.facebook.com\/svetslik.si","article_modified_time":"2026-03-22T20:27:07+00:00","og_image":[{"width":2174,"height":1518,"url":"https:\/\/svetslik.si\/wp-content\/uploads\/2021\/08\/image_Composition-V_680.jpg","type":"image\/jpeg"}],"twitter_card":"summary_large_image","twitter_site":"@svetslik","twitter_misc":{"El\u00e9rhet\u0151s\u00e9g":"Beszerz\u00e9s alatt"},"schema":{"@context":"https:\/\/schema.org","@graph":[{"@type":["WebPage","ItemPage"],"@id":"https:\/\/svetslik.si\/hu\/vasilij-kandinski-hu\/composition-v\/","url":"https:\/\/svetslik.si\/hu\/vasilij-kandinski-hu\/composition-v\/","name":"Vasilij Kandinski - Composition V - SVETSLIK.SI - 100% k\u00e9zzel festett","isPartOf":{"@id":"https:\/\/svetslik.si\/hu\/#website"},"primaryImageOfPage":{"@id":"https:\/\/svetslik.si\/hu\/vasilij-kandinski-hu\/composition-v\/#primaryimage"},"image":{"@id":"https:\/\/svetslik.si\/hu\/vasilij-kandinski-hu\/composition-v\/#primaryimage"},"thumbnailUrl":"https:\/\/svetslik.si\/wp-content\/uploads\/2021\/08\/image_Composition-V_680.jpg","datePublished":"2021-09-02T15:49:59+00:00","dateModified":"2026-03-22T20:27:07+00:00","description":"Vasilij Kandinski - Composition V - 100% k\u00e9zzel festett h\u00edres festm\u00e9nyek reprodukci\u00f3i. Festm\u00e9nyek keretez\u00e9se, elad\u00e1sa \u00e9s egyedi rendel\u00e9sre t\u00f6rt\u00e9n\u0151 v\u00e1szonk\u00e9pek k\u00e9sz\u00edt\u00e9se.","breadcrumb":{"@id":"https:\/\/svetslik.si\/hu\/vasilij-kandinski-hu\/composition-v\/#breadcrumb"},"inLanguage":"hu","potentialAction":[{"@type":"ReadAction","target":["https:\/\/svetslik.si\/hu\/vasilij-kandinski-hu\/composition-v\/"]}]},{"@type":"ImageObject","inLanguage":"hu","@id":"https:\/\/svetslik.si\/hu\/vasilij-kandinski-hu\/composition-v\/#primaryimage","url":"https:\/\/svetslik.si\/wp-content\/uploads\/2021\/08\/image_Composition-V_680.jpg","contentUrl":"https:\/\/svetslik.si\/wp-content\/uploads\/2021\/08\/image_Composition-V_680.jpg","width":2174,"height":1518,"caption":"Vasilij Kandinski - Composition IX - Kompoz\u00edci\u00f3 IX - Vasilij Kandinski - Composition IX - Festm\u00e9nyek reprodukci\u00f3i - V\u00e1szonk\u00e9p - Festm\u00e9nyek reprodukci\u00f3i - Absztrakt Festm\u00e9ny - Modern Festm\u00e9ny - Realisztikus Festm\u00e9ny - Olajfestm\u00e9ny - Falik\u00e9p"},{"@type":"BreadcrumbList","@id":"https:\/\/svetslik.si\/hu\/vasilij-kandinski-hu\/composition-v\/#breadcrumb","itemListElement":[{"@type":"ListItem","position":1,"name":"Wall art and paintings on canvas","item":"https:\/\/svetslik.si\/hu\/"},{"@type":"ListItem","position":2,"name":"Festm\u00e9nyek elad\u00e1sa","item":"https:\/\/svetslik.si\/prodaja-slik\/"},{"@type":"ListItem","position":3,"name":"Vasilij Kandinski &#8211; Composition V"}]},{"@type":"WebSite","@id":"https:\/\/svetslik.si\/hu\/#website","url":"https:\/\/svetslik.si\/hu\/","name":"SVETSLIK.SI","description":"100%-ban k\u00e9zzel festett reprodukci\u00f3k h\u00edres fest\u0151k festm\u00e9nyeir\u0151l \u00e9s festm\u00e9nyekr\u0151l v\u00e1szonra.","publisher":{"@id":"https:\/\/svetslik.si\/hu\/#organization"},"potentialAction":[{"@type":"SearchAction","target":{"@type":"EntryPoint","urlTemplate":"https:\/\/svetslik.si\/hu\/?s={search_term_string}"},"query-input":{"@type":"PropertyValueSpecification","valueRequired":true,"valueName":"search_term_string"}}],"inLanguage":"hu"},{"@type":"Organization","@id":"https:\/\/svetslik.si\/hu\/#organization","name":"SvetSlik.si","url":"https:\/\/svetslik.si\/hu\/","logo":{"@type":"ImageObject","inLanguage":"hu","@id":"https:\/\/svetslik.si\/hu\/#\/schema\/logo\/image\/","url":"https:\/\/svetslik.si\/wp-content\/uploads\/2020\/12\/logo-512.png","contentUrl":"https:\/\/svetslik.si\/wp-content\/uploads\/2020\/12\/logo-512.png","width":512,"height":512,"caption":"SvetSlik.si"},"image":{"@id":"https:\/\/svetslik.si\/hu\/#\/schema\/logo\/image\/"},"sameAs":["https:\/\/www.facebook.com\/svetslik.si","https:\/\/x.com\/svetslik","https:\/\/www.instagram.com\/svetslik.si\/","https:\/\/www.linkedin.com\/company\/svetslik-si"]}]},"og_availability":"backorder","product_availability":"available for order","product_retailer_item_id":"214__","product_condition":"new"},"jetpack_sharing_enabled":true,"_links":{"self":[{"href":"https:\/\/svetslik.si\/hu\/wp-json\/wp\/v2\/product\/53145","targetHints":{"allow":["GET"]}}],"collection":[{"href":"https:\/\/svetslik.si\/hu\/wp-json\/wp\/v2\/product"}],"about":[{"href":"https:\/\/svetslik.si\/hu\/wp-json\/wp\/v2\/types\/product"}],"wp:featuredmedia":[{"embeddable":true,"href":"https:\/\/svetslik.si\/hu\/wp-json\/wp\/v2\/media\/49432"}],"wp:attachment":[{"href":"https:\/\/svetslik.si\/hu\/wp-json\/wp\/v2\/media?parent=53145"}],"wp:term":[{"taxonomy":"product_brand","embeddable":true,"href":"https:\/\/svetslik.si\/hu\/wp-json\/wp\/v2\/product_brand?post=53145"},{"taxonomy":"product_cat","embeddable":true,"href":"https:\/\/svetslik.si\/hu\/wp-json\/wp\/v2\/product_cat?post=53145"},{"taxonomy":"product_tag","embeddable":true,"href":"https:\/\/svetslik.si\/hu\/wp-json\/wp\/v2\/product_tag?post=53145"}],"curies":[{"name":"wp","href":"https:\/\/api.w.org\/{rel}","templated":true}]}}