{"id":53154,"date":"2021-09-02T17:49:59","date_gmt":"2021-09-02T15:49:59","guid":{"rendered":"https:\/\/svetslik.si\/nem-kategorizalt\/composition-iv\/"},"modified":"2026-03-22T21:27:07","modified_gmt":"2026-03-22T20:27:07","slug":"composition-iv","status":"publish","type":"product","link":"https:\/\/svetslik.si\/hu\/vasilij-kandinski-hu\/composition-iv\/","title":{"rendered":"Vasilij Kandinski &#8211; Composition IV"},"content":{"rendered":"<h1>Wassily Kandinsky \u2013 IV. kompoz\u00edci\u00f3<\/h1>\n<table border=\"0\" width=\"673\" cellpadding=\"0\">\n<colgroup>\n<col style=\"width: 135pt\" width=\"180\" \/>\n<col style=\"width: 370pt\" width=\"493\" \/> <\/colgroup>\n<tbody>\n<tr style=\"height: 15.75pt\">\n<td class=\"xl24\" style=\"height: 15.75pt;width: 135pt\" width=\"180\" height=\"21\">L\u00e9trehoz\u00e1s \u00e9ve:<\/td>\n<td class=\"xl25\" style=\"width: 370pt\" width=\"493\">1911<\/td>\n<\/tr>\n<tr style=\"height: 15.75pt\">\n<td class=\"xl24\" style=\"height: 15.75pt;width: 135pt\" width=\"180\" height=\"21\">Eredeti m\u00e9ret:<\/td>\n<td class=\"xl24\" style=\"width: 370pt\" width=\"493\">250,5 cm x 159,5 cm<\/td>\n<\/tr>\n<tr style=\"height: 15.75pt\">\n<td class=\"xl24\" style=\"height: 15.75pt;width: 135pt\" width=\"180\" height=\"21\">Fest\u00e9si st\u00edlus:<\/td>\n<td class=\"xl24\" style=\"width: 370pt\" width=\"493\">Absztrakt m\u0171v\u00e9szet<\/td>\n<\/tr>\n<tr style=\"height: 15.75pt\">\n<td class=\"xl24\" style=\"height: 15.75pt;width: 135pt\" width=\"180\" height=\"21\">Eredeti technika:<\/td>\n<td>Olaj, v\u00e1szon<\/td>\n<\/tr>\n<tr style=\"height: 15.75pt\">\n<td class=\"xl24\" style=\"height: 15.75pt;width: 135pt\" width=\"180\" height=\"21\">Helysz\u00edn:<\/td>\n<td>Kunstsammlung. \u00c9szak-Rajna-Vesztf\u00e1lia. D\u00fcsseldorf.<\/td>\n<\/tr>\n<\/tbody>\n<\/table>\n<p>Wassily Kandinsky, az absztrakt m\u0171v\u00e9szet fejl\u0151d\u00e9s\u00e9nek egyik legfontosabb alakja, sz\u00e1mos fontos m\u0171vet alkotott p\u00e1lyafut\u00e1sa sor\u00e1n. K\u00f6z\u00e9j\u00fck tartozik a IV. kompoz\u00edci\u00f3, amelyet az egyik legfontosabb m\u0171vek\u00e9nt tartanak sz\u00e1mon.<\/p>\n<p>Az 1911-ben elk\u00e9sz\u00fclt festm\u00e9ny kiv\u00e1l\u00f3 p\u00e9ld\u00e1ja Kandinsky sz\u00edn- \u00e9s formahaszn\u00e1lat\u00e1nak az \u00e9rzelmek \u00e9s a mozg\u00e1s kifejez\u00e9s\u00e9re. A festm\u00e9ny a geometriai form\u00e1k \u00e9s az \u00e9l\u00e9nk sz\u00ednek dinamikus \u00e9s \u00f6sszetett \u00f6sszefon\u00f3d\u00e1s\u00e1b\u00f3l \u00e1ll. A kompoz\u00edci\u00f3 k\u00e9k, piros \u00e9s s\u00e1rga \u00e1rnyalat\u00fa, nagy, forg\u00f3 form\u00e1kb\u00f3l \u00e1ll, amelyek s\u00f6t\u00e9t h\u00e1tt\u00e9ren helyezkednek el. \u00dagy t\u0171nik, hogy az alakzatok mozg\u00e1sban vannak, mintha t\u00e1ncoln\u00e1nak vagy forogn\u00e1nak egym\u00e1s k\u00f6r\u00fcl, mozg\u00e1s- \u00e9s energia\u00e9rzetet keltve.<\/p>\n<p>Kandinsky sz\u00ednhaszn\u00e1lata a IV. kompoz\u00edci\u00f3ban k\u00fcl\u00f6n\u00f6sen felt\u0171n\u0151. Mer\u00e9sz, kontrasztos \u00e1rnyalatokat haszn\u00e1l, amelyek fesz\u00fclts\u00e9get \u00e9s dr\u00e1mai \u00e9rz\u00e9st keltenek. A k\u00e9k \u00e9s piros form\u00e1k kontrasztot alkotnak egym\u00e1ssal, mozg\u00e1s- \u00e9s fesz\u00fclts\u00e9g\u00e9rzetet keltenek. A s\u00e1rga form\u00e1k f\u00e9nyt \u00e9s melegs\u00e9get k\u00f6lcs\u00f6n\u00f6znek a k\u00e9pnek, m\u00edg a s\u00f6t\u00e9t h\u00e1tt\u00e9r m\u00e9lys\u00e9get ad a kompoz\u00edci\u00f3nak.<\/p>\n<p>A IV. kompoz\u00edci\u00f3 kiv\u00e1l\u00f3 p\u00e9lda Kandinsky azon k\u00e9pess\u00e9g\u00e9re, hogy \u00e9rzelmeket \u00e9s mozg\u00e1st fejezzen ki sz\u00edneken \u00e9s form\u00e1kon kereszt\u00fcl. Meglep\u0151 \u00e9s dinamikus k\u00e9p, amely ma is inspir\u00e1lja \u00e9s izgatja a k\u00f6z\u00f6ns\u00e9get. Ez a festm\u00e9ny \u00e9s Kandinszkij sok m\u00e1s festm\u00e9nye olyan h\u00edres m\u00fazeumokban l\u00e1that\u00f3, mint a New York-i Guggenheim M\u00fazeum, a szentp\u00e9terv\u00e1ri \u00c1llami Ermit\u00e1zs M\u00fazeum \u00e9s a moszkvai \u00c1llami Tretyakov Gal\u00e9ria.<\/p>\n<p>Ez a festm\u00e9ny j\u00f3l reprezent\u00e1lja Kandinszkij teljes munk\u00e1ss\u00e1g\u00e1t, \u00e9s az egyik legfontosabb alkot\u00e1sak\u00e9nt tartj\u00e1k sz\u00e1mon. Kiv\u00e1l\u00f3 p\u00e9lda arra, hogy Kandinsky hogyan tudta a sz\u00edneket \u00e9s a form\u00e1kat felhaszn\u00e1lni az \u00e9rzelmek \u00e9s a mozg\u00e1s kifejez\u00e9s\u00e9re m\u0171veiben.<\/p>\n","protected":false},"excerpt":{"rendered":"<p>Wassily Kandinsky \u2013 IV. kompoz\u00edci\u00f3 L\u00e9trehoz\u00e1s \u00e9ve: 1911 Eredeti m\u00e9ret: 250,5 cm x 159,5 cm Fest\u00e9si st\u00edlus: Absztrakt m\u0171v\u00e9szet Eredeti technika: Olaj, v\u00e1szon Helysz\u00edn: Kunstsammlung. \u00c9szak-Rajna-Vesztf\u00e1lia. D\u00fcsseldorf. Wassily Kandinsky, az absztrakt m\u0171v\u00e9szet fejl\u0151d\u00e9s\u00e9nek egyik legfontosabb alakja, sz\u00e1mos fontos m\u0171vet alkotott p\u00e1lyafut\u00e1sa sor\u00e1n. K\u00f6z\u00e9j\u00fck tartozik a IV. kompoz\u00edci\u00f3, amelyet az egyik [&hellip;]<\/p>\n","protected":false},"featured_media":50361,"template":"","meta":{"_acf_changed":false},"product_brand":[],"product_cat":[7149],"product_tag":[7172,7173,11885,11886,11887],"class_list":{"0":"post-53154","1":"product","2":"type-product","3":"status-publish","4":"has-post-thumbnail","6":"product_cat-vasilij-kandinski-hu","7":"product_tag-kandinski-hu","8":"product_tag-kandinsky-hu","9":"product_tag-painter-hu","10":"product_tag-reproduction","11":"product_tag-reproductions-hu","12":"pa_dimenzija-120-x-80-cm-hu","13":"pa_dimenzija-140-x-90-cm-hu","14":"pa_dimenzija-160-x-100-cm-hu","15":"pa_dimenzija-190-x-120-cm-hu","16":"pa_dimenzija-220-x-140-cm-hu","17":"pa_dimenzija-251-x-160-cm-hu","18":"pa_dimenzija-70-x-50-cm-hu","19":"pa_dimenzija-90-x-60-cm-hu","20":"pa_oblika-vizszintes","21":"pa_okvir-nincs-keret","22":"pa_podokvir-igen","23":"pa_podokvir-nem","25":"first","26":"onbackorder","27":"purchasable","28":"product-type-variable","29":"has-default-attributes"},"acf":[],"yoast_head":"<!-- This site is optimized with the Yoast SEO Premium plugin v26.0 (Yoast SEO v27.2) - https:\/\/yoast.com\/product\/yoast-seo-premium-wordpress\/ -->\n<title>Vasilij Kandinski - Composition IV - SVETSLIK.SI - 100% k\u00e9zzel festett<\/title>\n<meta name=\"description\" content=\"Vasilij Kandinski - Composition IV - 100% k\u00e9zzel festett h\u00edres festm\u00e9nyek reprodukci\u00f3i. Festm\u00e9nyek keretez\u00e9se, elad\u00e1sa \u00e9s egyedi rendel\u00e9sre t\u00f6rt\u00e9n\u0151 v\u00e1szonk\u00e9pek k\u00e9sz\u00edt\u00e9se.\" \/>\n<meta name=\"robots\" content=\"index, follow, max-snippet:-1, max-image-preview:large, max-video-preview:-1\" \/>\n<link rel=\"canonical\" href=\"https:\/\/svetslik.si\/hu\/vasilij-kandinski-hu\/composition-iv\/\" \/>\n<meta property=\"og:locale\" content=\"hu_HU\" \/>\n<meta property=\"og:type\" content=\"article\" \/>\n<meta property=\"og:title\" content=\"Vasilij Kandinski - Composition IV\" \/>\n<meta property=\"og:description\" content=\"100% ro\u010dno naslikane slike na platnu, reprodukcije znanih slikarjev in umetni\u0161ke slike po naro\u010dilu.\" \/>\n<meta property=\"og:url\" content=\"https:\/\/svetslik.si\/hu\/vasilij-kandinski-hu\/composition-iv\/\" \/>\n<meta property=\"og:site_name\" content=\"SVETSLIK.SI\" \/>\n<meta property=\"article:publisher\" content=\"https:\/\/www.facebook.com\/svetslik.si\" \/>\n<meta property=\"article:modified_time\" content=\"2026-03-22T20:27:07+00:00\" \/>\n<meta property=\"og:image\" content=\"https:\/\/svetslik.si\/wp-content\/uploads\/2021\/09\/composition-iv-1911.jpg\" \/>\n\t<meta property=\"og:image:width\" content=\"1132\" \/>\n\t<meta property=\"og:image:height\" content=\"716\" \/>\n\t<meta property=\"og:image:type\" content=\"image\/jpeg\" \/>\n<meta name=\"twitter:card\" content=\"summary_large_image\" \/>\n<meta name=\"twitter:site\" content=\"@svetslik\" \/>\n<meta name=\"twitter:label1\" content=\"El\u00e9rhet\u0151s\u00e9g\" \/>\n\t<meta name=\"twitter:data1\" content=\"Beszerz\u00e9s alatt\" \/>\n<script type=\"application\/ld+json\" class=\"yoast-schema-graph\">{\"@context\":\"https:\/\/schema.org\",\"@graph\":[{\"@type\":[\"WebPage\",\"ItemPage\"],\"@id\":\"https:\/\/svetslik.si\/hu\/vasilij-kandinski-hu\/composition-iv\/\",\"url\":\"https:\/\/svetslik.si\/hu\/vasilij-kandinski-hu\/composition-iv\/\",\"name\":\"Vasilij Kandinski - Composition IV - SVETSLIK.SI - 100% k\u00e9zzel festett\",\"isPartOf\":{\"@id\":\"https:\/\/svetslik.si\/hu\/#website\"},\"primaryImageOfPage\":{\"@id\":\"https:\/\/svetslik.si\/hu\/vasilij-kandinski-hu\/composition-iv\/#primaryimage\"},\"image\":{\"@id\":\"https:\/\/svetslik.si\/hu\/vasilij-kandinski-hu\/composition-iv\/#primaryimage\"},\"thumbnailUrl\":\"https:\/\/svetslik.si\/wp-content\/uploads\/2021\/09\/composition-iv-1911.jpg\",\"datePublished\":\"2021-09-02T15:49:59+00:00\",\"dateModified\":\"2026-03-22T20:27:07+00:00\",\"description\":\"Vasilij Kandinski - Composition IV - 100% k\u00e9zzel festett h\u00edres festm\u00e9nyek reprodukci\u00f3i. Festm\u00e9nyek keretez\u00e9se, elad\u00e1sa \u00e9s egyedi rendel\u00e9sre t\u00f6rt\u00e9n\u0151 v\u00e1szonk\u00e9pek k\u00e9sz\u00edt\u00e9se.\",\"breadcrumb\":{\"@id\":\"https:\/\/svetslik.si\/hu\/vasilij-kandinski-hu\/composition-iv\/#breadcrumb\"},\"inLanguage\":\"hu\",\"potentialAction\":[{\"@type\":\"ReadAction\",\"target\":[\"https:\/\/svetslik.si\/hu\/vasilij-kandinski-hu\/composition-iv\/\"]}]},{\"@type\":\"ImageObject\",\"inLanguage\":\"hu\",\"@id\":\"https:\/\/svetslik.si\/hu\/vasilij-kandinski-hu\/composition-iv\/#primaryimage\",\"url\":\"https:\/\/svetslik.si\/wp-content\/uploads\/2021\/09\/composition-iv-1911.jpg\",\"contentUrl\":\"https:\/\/svetslik.si\/wp-content\/uploads\/2021\/09\/composition-iv-1911.jpg\",\"width\":1132,\"height\":716,\"caption\":\"H\u00edres fest\u0151k reprodukci\u00f3i, modern falfestm\u00e9nyek, falm\u0171v\u00e9szeti kompoz\u00edci\u00f3-iv-1911\"},{\"@type\":\"BreadcrumbList\",\"@id\":\"https:\/\/svetslik.si\/hu\/vasilij-kandinski-hu\/composition-iv\/#breadcrumb\",\"itemListElement\":[{\"@type\":\"ListItem\",\"position\":1,\"name\":\"Wall art and paintings on canvas\",\"item\":\"https:\/\/svetslik.si\/hu\/\"},{\"@type\":\"ListItem\",\"position\":2,\"name\":\"Festm\u00e9nyek elad\u00e1sa\",\"item\":\"https:\/\/svetslik.si\/prodaja-slik\/\"},{\"@type\":\"ListItem\",\"position\":3,\"name\":\"Vasilij Kandinski &#8211; Composition IV\"}]},{\"@type\":\"WebSite\",\"@id\":\"https:\/\/svetslik.si\/hu\/#website\",\"url\":\"https:\/\/svetslik.si\/hu\/\",\"name\":\"SVETSLIK.SI\",\"description\":\"100%-ban k\u00e9zzel festett reprodukci\u00f3k h\u00edres fest\u0151k festm\u00e9nyeir\u0151l \u00e9s festm\u00e9nyekr\u0151l v\u00e1szonra.\",\"publisher\":{\"@id\":\"https:\/\/svetslik.si\/hu\/#organization\"},\"potentialAction\":[{\"@type\":\"SearchAction\",\"target\":{\"@type\":\"EntryPoint\",\"urlTemplate\":\"https:\/\/svetslik.si\/hu\/?s={search_term_string}\"},\"query-input\":{\"@type\":\"PropertyValueSpecification\",\"valueRequired\":true,\"valueName\":\"search_term_string\"}}],\"inLanguage\":\"hu\"},{\"@type\":\"Organization\",\"@id\":\"https:\/\/svetslik.si\/hu\/#organization\",\"name\":\"SvetSlik.si\",\"url\":\"https:\/\/svetslik.si\/hu\/\",\"logo\":{\"@type\":\"ImageObject\",\"inLanguage\":\"hu\",\"@id\":\"https:\/\/svetslik.si\/hu\/#\/schema\/logo\/image\/\",\"url\":\"https:\/\/svetslik.si\/wp-content\/uploads\/2020\/12\/logo-512.png\",\"contentUrl\":\"https:\/\/svetslik.si\/wp-content\/uploads\/2020\/12\/logo-512.png\",\"width\":512,\"height\":512,\"caption\":\"SvetSlik.si\"},\"image\":{\"@id\":\"https:\/\/svetslik.si\/hu\/#\/schema\/logo\/image\/\"},\"sameAs\":[\"https:\/\/www.facebook.com\/svetslik.si\",\"https:\/\/x.com\/svetslik\",\"https:\/\/www.instagram.com\/svetslik.si\/\",\"https:\/\/www.linkedin.com\/company\/svetslik-si\"]}]}<\/script>\n<meta property=\"og:availability\" content=\"backorder\" \/>\n<meta property=\"product:availability\" content=\"available for order\" \/>\n<meta property=\"product:retailer_item_id\" content=\"215__\" \/>\n<meta property=\"product:condition\" content=\"new\" \/>\n<!-- \/ Yoast SEO Premium plugin. -->","yoast_head_json":{"title":"Vasilij Kandinski - Composition IV - SVETSLIK.SI - 100% k\u00e9zzel festett","description":"Vasilij Kandinski - Composition IV - 100% k\u00e9zzel festett h\u00edres festm\u00e9nyek reprodukci\u00f3i. Festm\u00e9nyek keretez\u00e9se, elad\u00e1sa \u00e9s egyedi rendel\u00e9sre t\u00f6rt\u00e9n\u0151 v\u00e1szonk\u00e9pek k\u00e9sz\u00edt\u00e9se.","robots":{"index":"index","follow":"follow","max-snippet":"max-snippet:-1","max-image-preview":"max-image-preview:large","max-video-preview":"max-video-preview:-1"},"canonical":"https:\/\/svetslik.si\/hu\/vasilij-kandinski-hu\/composition-iv\/","og_locale":"hu_HU","og_type":"article","og_title":"Vasilij Kandinski - Composition IV","og_description":"100% ro\u010dno naslikane slike na platnu, reprodukcije znanih slikarjev in umetni\u0161ke slike po naro\u010dilu.","og_url":"https:\/\/svetslik.si\/hu\/vasilij-kandinski-hu\/composition-iv\/","og_site_name":"SVETSLIK.SI","article_publisher":"https:\/\/www.facebook.com\/svetslik.si","article_modified_time":"2026-03-22T20:27:07+00:00","og_image":[{"width":1132,"height":716,"url":"https:\/\/svetslik.si\/wp-content\/uploads\/2021\/09\/composition-iv-1911.jpg","type":"image\/jpeg"}],"twitter_card":"summary_large_image","twitter_site":"@svetslik","twitter_misc":{"El\u00e9rhet\u0151s\u00e9g":"Beszerz\u00e9s alatt"},"schema":{"@context":"https:\/\/schema.org","@graph":[{"@type":["WebPage","ItemPage"],"@id":"https:\/\/svetslik.si\/hu\/vasilij-kandinski-hu\/composition-iv\/","url":"https:\/\/svetslik.si\/hu\/vasilij-kandinski-hu\/composition-iv\/","name":"Vasilij Kandinski - Composition IV - SVETSLIK.SI - 100% k\u00e9zzel festett","isPartOf":{"@id":"https:\/\/svetslik.si\/hu\/#website"},"primaryImageOfPage":{"@id":"https:\/\/svetslik.si\/hu\/vasilij-kandinski-hu\/composition-iv\/#primaryimage"},"image":{"@id":"https:\/\/svetslik.si\/hu\/vasilij-kandinski-hu\/composition-iv\/#primaryimage"},"thumbnailUrl":"https:\/\/svetslik.si\/wp-content\/uploads\/2021\/09\/composition-iv-1911.jpg","datePublished":"2021-09-02T15:49:59+00:00","dateModified":"2026-03-22T20:27:07+00:00","description":"Vasilij Kandinski - Composition IV - 100% k\u00e9zzel festett h\u00edres festm\u00e9nyek reprodukci\u00f3i. Festm\u00e9nyek keretez\u00e9se, elad\u00e1sa \u00e9s egyedi rendel\u00e9sre t\u00f6rt\u00e9n\u0151 v\u00e1szonk\u00e9pek k\u00e9sz\u00edt\u00e9se.","breadcrumb":{"@id":"https:\/\/svetslik.si\/hu\/vasilij-kandinski-hu\/composition-iv\/#breadcrumb"},"inLanguage":"hu","potentialAction":[{"@type":"ReadAction","target":["https:\/\/svetslik.si\/hu\/vasilij-kandinski-hu\/composition-iv\/"]}]},{"@type":"ImageObject","inLanguage":"hu","@id":"https:\/\/svetslik.si\/hu\/vasilij-kandinski-hu\/composition-iv\/#primaryimage","url":"https:\/\/svetslik.si\/wp-content\/uploads\/2021\/09\/composition-iv-1911.jpg","contentUrl":"https:\/\/svetslik.si\/wp-content\/uploads\/2021\/09\/composition-iv-1911.jpg","width":1132,"height":716,"caption":"H\u00edres fest\u0151k reprodukci\u00f3i, modern falfestm\u00e9nyek, falm\u0171v\u00e9szeti kompoz\u00edci\u00f3-iv-1911"},{"@type":"BreadcrumbList","@id":"https:\/\/svetslik.si\/hu\/vasilij-kandinski-hu\/composition-iv\/#breadcrumb","itemListElement":[{"@type":"ListItem","position":1,"name":"Wall art and paintings on canvas","item":"https:\/\/svetslik.si\/hu\/"},{"@type":"ListItem","position":2,"name":"Festm\u00e9nyek elad\u00e1sa","item":"https:\/\/svetslik.si\/prodaja-slik\/"},{"@type":"ListItem","position":3,"name":"Vasilij Kandinski &#8211; Composition IV"}]},{"@type":"WebSite","@id":"https:\/\/svetslik.si\/hu\/#website","url":"https:\/\/svetslik.si\/hu\/","name":"SVETSLIK.SI","description":"100%-ban k\u00e9zzel festett reprodukci\u00f3k h\u00edres fest\u0151k festm\u00e9nyeir\u0151l \u00e9s festm\u00e9nyekr\u0151l v\u00e1szonra.","publisher":{"@id":"https:\/\/svetslik.si\/hu\/#organization"},"potentialAction":[{"@type":"SearchAction","target":{"@type":"EntryPoint","urlTemplate":"https:\/\/svetslik.si\/hu\/?s={search_term_string}"},"query-input":{"@type":"PropertyValueSpecification","valueRequired":true,"valueName":"search_term_string"}}],"inLanguage":"hu"},{"@type":"Organization","@id":"https:\/\/svetslik.si\/hu\/#organization","name":"SvetSlik.si","url":"https:\/\/svetslik.si\/hu\/","logo":{"@type":"ImageObject","inLanguage":"hu","@id":"https:\/\/svetslik.si\/hu\/#\/schema\/logo\/image\/","url":"https:\/\/svetslik.si\/wp-content\/uploads\/2020\/12\/logo-512.png","contentUrl":"https:\/\/svetslik.si\/wp-content\/uploads\/2020\/12\/logo-512.png","width":512,"height":512,"caption":"SvetSlik.si"},"image":{"@id":"https:\/\/svetslik.si\/hu\/#\/schema\/logo\/image\/"},"sameAs":["https:\/\/www.facebook.com\/svetslik.si","https:\/\/x.com\/svetslik","https:\/\/www.instagram.com\/svetslik.si\/","https:\/\/www.linkedin.com\/company\/svetslik-si"]}]},"og_availability":"backorder","product_availability":"available for order","product_retailer_item_id":"215__","product_condition":"new"},"jetpack_sharing_enabled":true,"_links":{"self":[{"href":"https:\/\/svetslik.si\/hu\/wp-json\/wp\/v2\/product\/53154","targetHints":{"allow":["GET"]}}],"collection":[{"href":"https:\/\/svetslik.si\/hu\/wp-json\/wp\/v2\/product"}],"about":[{"href":"https:\/\/svetslik.si\/hu\/wp-json\/wp\/v2\/types\/product"}],"wp:featuredmedia":[{"embeddable":true,"href":"https:\/\/svetslik.si\/hu\/wp-json\/wp\/v2\/media\/50361"}],"wp:attachment":[{"href":"https:\/\/svetslik.si\/hu\/wp-json\/wp\/v2\/media?parent=53154"}],"wp:term":[{"taxonomy":"product_brand","embeddable":true,"href":"https:\/\/svetslik.si\/hu\/wp-json\/wp\/v2\/product_brand?post=53154"},{"taxonomy":"product_cat","embeddable":true,"href":"https:\/\/svetslik.si\/hu\/wp-json\/wp\/v2\/product_cat?post=53154"},{"taxonomy":"product_tag","embeddable":true,"href":"https:\/\/svetslik.si\/hu\/wp-json\/wp\/v2\/product_tag?post=53154"}],"curies":[{"name":"wp","href":"https:\/\/api.w.org\/{rel}","templated":true}]}}