{"id":53171,"date":"2021-09-02T17:50:09","date_gmt":"2021-09-02T15:50:09","guid":{"rendered":"https:\/\/svetslik.si\/nem-kategorizalt\/arearea-joyousness\/"},"modified":"2026-03-22T21:28:08","modified_gmt":"2026-03-22T20:28:08","slug":"arearea-joyousness","status":"publish","type":"product","link":"https:\/\/svetslik.si\/hu\/paul-gauguin-hu\/arearea-joyousness\/","title":{"rendered":"Paul Gauguin &#8211; Arearea (Joyousness) &#8211; The Pastoral of Tahiti"},"content":{"rendered":"<h1>Paul Gauguin \u2013 Ter\u00fclet (Joyousness) \u2013 <strong>Tahiti lelkip\u00e1sztora<\/strong><\/h1>\n<p>&nbsp;<\/p>\n<table style=\"width: 619px\" border=\"0\" width=\"619\" cellpadding=\"0\">\n<tbody>\n<tr>\n<td id=\"fileinfotpl_art_location\" style=\"width: 180px;height: 21px\" height=\"21\">L\u00e9trehoz\u00e1s \u00e9ve:<\/td>\n<td style=\"width: 439px\">1892<\/td>\n<\/tr>\n<tr>\n<td style=\"width: 180px;height: 21px\" height=\"21\">Eredeti m\u00e9ret:<\/td>\n<td style=\"width: 439px\">93 cm x 75 cm<\/td>\n<\/tr>\n<tr>\n<td style=\"width: 180px;height: 21px\" height=\"21\">Fest\u00e9si st\u00edlus:<\/td>\n<td style=\"width: 439px\">Szimbolika<\/td>\n<\/tr>\n<tr>\n<td style=\"width: 180px;height: 21px\" height=\"21\">Eredeti technika:<\/td>\n<td style=\"width: 439px\">Olaj, v\u00e1szon<\/td>\n<\/tr>\n<tr>\n<td style=\"width: 180px;height: 21px\" height=\"21\">Helysz\u00edn:<\/td>\n<td style=\"width: 439px\">Orsay, P\u00e1rizs<\/td>\n<\/tr>\n<\/tbody>\n<colgroup>\n<col \/>\n<col \/> <\/colgroup>\n<\/table>\n<p>&nbsp;<br \/>\nAz <\/p>\n<div>Olaj, v\u00e1szon <em>Ter\u00fclet <\/em> Gauguin festm\u00e9nyeire jellemz\u0151, amelyeket Tahiti tart\u00f3zkod\u00e1sa alatt k\u00e9sz\u00edtett, mivel az \u00e1lomvil\u00e1g \u00e9s a val\u00f3s\u00e1g \u00f6sszefon\u00f3dik.<\/div>\n<div>Az olaj, v\u00e1szon, <em>T\u00e9rs\u00e9g <\/em> k\u00e9pen t\u00f6bb olyan mot\u00edvum van el\u0151t\u00e9rben, amelyek k\u00e9ts\u00e9gtelen\u00fcl a val\u00f3 vil\u00e1gb\u00f3l sz\u00e1rmaznak, ahogy t\u00f6bb Gauguin-festm\u00e9nyen is megjelenik ebb\u0151l az id\u0151szakb\u00f3l. A festm\u00e9ny h\u00e1tter\u00e9ben egy k\u00e9pzeletbeli jelenet l\u00e1that\u00f3, amint t\u00f6bb n\u0151 im\u00e1dja a szobrot. Gauguin egy egy\u00e9bk\u00e9nt kicsi maori szobrot Buddha m\u00e9ret\u0171re nagy\u00edtott, \u00e9s feltal\u00e1lt egy vall\u00e1si szok\u00e1st. Mindezek az olaj, v\u00e1szon elemei egy var\u00e1zslatos, harm\u00f3ni\u00e1val \u00e9s melank\u00f3li\u00e1val teli vil\u00e1got alkotnak, amelyben a f\u00e9ny\u0171z\u0151 term\u00e9szeti k\u00f6rnyezetben \u00e9l\u0151 embert istens\u00e9gek v\u00e9dik.<\/div>\n<div><\/div>\n<div>Tahitit Gauguin spiritu\u00e1lis otthon\u00e1nak tekintik, \u00e9s Gauguin sz\u00e1mos klasszikus remekm\u0171ve Tahitihez k\u00f6t\u0151dik vagy ott k\u00e9sz\u00fclt. Ez a m\u0171, a &#8220;Tahiti p\u00e1sztork\u00f6ltem\u00e9nye&#8221; Tahiti idilli t\u00e1j\u00e1t \u00e1br\u00e1zolja, amely \u00e1lmodoz\u00f3 \u00e9s k\u00f6lt\u0151i. K\u00e9t l\u00e1ny dolgozik, az egyik \u00fagy n\u00e9z ki, mintha most j\u00f6tt volna vissza mosakod\u00e1sb\u00f3l, a m\u00e1sik p\u00e1sztorpip\u00e1zik, a f\u00e1k tele vannak vir\u00e1ggal, az ag\u00e1r a f\u0171ben, minden nyugodtnak, romantikusnak t\u0171nik. Itt Gauguin lapos renderel\u00e9si technik\u00e1t alkalmaz, a festm\u00e9ny tele van egzotikummal \u00e9s titokzatos atmoszf\u00e9r\u00e1t \u00e1raszt, megmutatva a keleti m\u0171v\u00e9szet egyszer\u0171 sz\u00e9ps\u00e9g\u00e9t \u00e9s dekorat\u00edv var\u00e1zs\u00e1t.<\/div>\n<div>\nPaul Gauguin (1848-1903), a posztimpresszionizmus reprezentat\u00edv fest\u0151je. Gauguin P\u00e1rizsban sz\u00fcletett, egy \u00fajs\u00e1g\u00edr\u00f3 fiak\u00e9nt \u00e9s egy perui \u00edr\u00f3 l\u00e1nyak\u00e9nt. Gauguin festm\u00e9nyei egyed\u00fcl\u00e1ll\u00f3ak a nyugati modern m\u0171v\u00e9szet t\u00f6rt\u00e9net\u00e9ben primit\u00edv \u00e9s szimbolikus ir\u00e1nyzataikkal, valamint \u00fagynevezett \u201eszint\u00e9zis\u201d st\u00edlusukkal. Gauguin korai \u00e9veiben tenger\u00e9sz \u00e9s \u00fczletember volt. 1871-ben P\u00e1rizsba j\u00f6tt, hogy t\u0151zsde\u00fcgyn\u00f6k legyen. Ez id\u0151 alatt bar\u00e1tja, Schfnack hat\u00e1s\u00e1ra kezdett \u00e9rdekl\u0151dni a fest\u00e9szet ir\u00e1nt. 1883-ban Gauguin, aki mindig is amat\u0151r fest\u0151 volt, hirtelen feladta \u00edg\u00e9retes \u00e9s irigyl\u00e9sre m\u00e9lt\u00f3 banki poz\u00edci\u00f3j\u00e1t, \u00e9s \u00fagy d\u00f6nt\u00f6tt, hogy profi fest\u0151 lesz. 35 \u00e9ves volt ekkor. Eleinte az impresszionista fest\u00e9szet megsz\u00e1llottja volt, \u00e9s t\u00f6bb impresszionista festm\u00e9nyki\u00e1ll\u00edt\u00e1son vett r\u00e9szt. K\u00e9s\u0151bb a szimbolizmus eszt\u00e9tikai felfog\u00e1s\u00e1t\u00f3l vez\u00e9relve elhagyta az impresszionizmust, \u00e9s szembehelyezkedett az impresszionista m\u0171v\u00e9szeti t\u00f6rekv\u00e9ssel a term\u00e9szet objekt\u00edv \u00fajrateremt\u00e9s\u00e9vel, \u00e9s a m\u0171v\u00e9szi k\u00e9pek megk\u00fcl\u00f6nb\u00f6ztet\u00e9s\u00e9t szorgalmazta. Az objekt\u00edv k\u00e9p ugyanakkor tele van a m\u0171v\u00e9sz szubjekt\u00edv \u00e9rz\u00e9seivel.<\/div>\n<div><\/div>\n","protected":false},"excerpt":{"rendered":"<p>Paul Gauguin \u2013 Ter\u00fclet (Joyousness) \u2013 Tahiti lelkip\u00e1sztora &nbsp; L\u00e9trehoz\u00e1s \u00e9ve: 1892 Eredeti m\u00e9ret: 93 cm x 75 cm Fest\u00e9si st\u00edlus: Szimbolika Eredeti technika: Olaj, v\u00e1szon Helysz\u00edn: Orsay, P\u00e1rizs &nbsp; Az Olaj, v\u00e1szon Ter\u00fclet Gauguin festm\u00e9nyeire jellemz\u0151, amelyeket Tahiti tart\u00f3zkod\u00e1sa alatt k\u00e9sz\u00edtett, mivel az \u00e1lomvil\u00e1g \u00e9s a val\u00f3s\u00e1g \u00f6sszefon\u00f3dik. Az [&hellip;]<\/p>\n","protected":false},"featured_media":49353,"template":"","meta":{"_acf_changed":false},"product_brand":[],"product_cat":[7147],"product_tag":[7169,11885,11886,11887],"class_list":{"0":"post-53171","1":"product","2":"type-product","3":"status-publish","4":"has-post-thumbnail","6":"product_cat-paul-gauguin-hu","7":"product_tag-gaugin-hu","8":"product_tag-painter-hu","9":"product_tag-reproduction","10":"product_tag-reproductions-hu","11":"pa_dimenzija-100-x-80-cm-hu","12":"pa_dimenzija-110-x-90-cm-hu","13":"pa_dimenzija-120-x-100-cm-hu","14":"pa_dimenzija-150-x-120-cm-hu","15":"pa_dimenzija-180-x-140-cm-hu","16":"pa_dimenzija-70-x-60-cm-hu","17":"pa_dimenzija-80-x-70-cm-hu","18":"pa_dimenzija-93-x-75-cm-hu","19":"pa_oblika-vizszintes","20":"pa_okvir-nincs-keret","21":"pa_podokvir-igen","22":"pa_podokvir-nem","24":"first","25":"onbackorder","26":"purchasable","27":"product-type-variable","28":"has-default-attributes"},"acf":[],"yoast_head":"<!-- This site is optimized with the Yoast SEO Premium plugin v26.0 (Yoast SEO v27.2) - https:\/\/yoast.com\/product\/yoast-seo-premium-wordpress\/ -->\n<title>Paul Gauguin - Arearea (Joyousness) - The Pastoral of Tahiti - SVETSLIK.SI - 100% k\u00e9zzel festett<\/title>\n<meta name=\"description\" content=\"Paul Gauguin - Arearea (Joyousness) - The Pastoral of Tahiti - 100% k\u00e9zzel festett h\u00edres festm\u00e9nyek reprodukci\u00f3i. Festm\u00e9nyek keretez\u00e9se, elad\u00e1sa \u00e9s egyedi rendel\u00e9sre t\u00f6rt\u00e9n\u0151 v\u00e1szonk\u00e9pek k\u00e9sz\u00edt\u00e9se.\" \/>\n<meta name=\"robots\" content=\"index, follow, max-snippet:-1, max-image-preview:large, max-video-preview:-1\" \/>\n<link rel=\"canonical\" href=\"https:\/\/svetslik.si\/hu\/paul-gauguin-hu\/arearea-joyousness\/\" \/>\n<meta property=\"og:locale\" content=\"hu_HU\" \/>\n<meta property=\"og:type\" content=\"article\" \/>\n<meta property=\"og:title\" content=\"Paul Gauguin - Arearea (Joyousness) - The Pastoral of Tahiti\" \/>\n<meta property=\"og:description\" content=\"100% ro\u010dno naslikane slike na platnu, reprodukcije znanih slikarjev in umetni\u0161ke slike po naro\u010dilu.\" \/>\n<meta property=\"og:url\" content=\"https:\/\/svetslik.si\/hu\/paul-gauguin-hu\/arearea-joyousness\/\" \/>\n<meta property=\"og:site_name\" content=\"SVETSLIK.SI\" \/>\n<meta property=\"article:publisher\" content=\"https:\/\/www.facebook.com\/svetslik.si\" \/>\n<meta property=\"article:modified_time\" content=\"2026-03-22T20:28:08+00:00\" \/>\n<meta property=\"og:image\" content=\"https:\/\/svetslik.si\/wp-content\/uploads\/2021\/08\/image_Arearea-Joyousness-Paul-Gauguin_680.jpg\" \/>\n\t<meta property=\"og:image:width\" content=\"2024\" \/>\n\t<meta property=\"og:image:height\" content=\"1603\" \/>\n\t<meta property=\"og:image:type\" content=\"image\/jpeg\" \/>\n<meta name=\"twitter:card\" content=\"summary_large_image\" \/>\n<meta name=\"twitter:site\" content=\"@svetslik\" \/>\n<meta name=\"twitter:label1\" content=\"El\u00e9rhet\u0151s\u00e9g\" \/>\n\t<meta name=\"twitter:data1\" content=\"Beszerz\u00e9s alatt\" \/>\n<script type=\"application\/ld+json\" class=\"yoast-schema-graph\">{\"@context\":\"https:\/\/schema.org\",\"@graph\":[{\"@type\":[\"WebPage\",\"ItemPage\"],\"@id\":\"https:\/\/svetslik.si\/hu\/paul-gauguin-hu\/arearea-joyousness\/\",\"url\":\"https:\/\/svetslik.si\/hu\/paul-gauguin-hu\/arearea-joyousness\/\",\"name\":\"Paul Gauguin - Arearea (Joyousness) - The Pastoral of Tahiti - SVETSLIK.SI - 100% k\u00e9zzel festett\",\"isPartOf\":{\"@id\":\"https:\/\/svetslik.si\/hu\/#website\"},\"primaryImageOfPage\":{\"@id\":\"https:\/\/svetslik.si\/hu\/paul-gauguin-hu\/arearea-joyousness\/#primaryimage\"},\"image\":{\"@id\":\"https:\/\/svetslik.si\/hu\/paul-gauguin-hu\/arearea-joyousness\/#primaryimage\"},\"thumbnailUrl\":\"https:\/\/svetslik.si\/wp-content\/uploads\/2021\/08\/image_Arearea-Joyousness-Paul-Gauguin_680.jpg\",\"datePublished\":\"2021-09-02T15:50:09+00:00\",\"dateModified\":\"2026-03-22T20:28:08+00:00\",\"description\":\"Paul Gauguin - Arearea (Joyousness) - The Pastoral of Tahiti - 100% k\u00e9zzel festett h\u00edres festm\u00e9nyek reprodukci\u00f3i. Festm\u00e9nyek keretez\u00e9se, elad\u00e1sa \u00e9s egyedi rendel\u00e9sre t\u00f6rt\u00e9n\u0151 v\u00e1szonk\u00e9pek k\u00e9sz\u00edt\u00e9se.\",\"breadcrumb\":{\"@id\":\"https:\/\/svetslik.si\/hu\/paul-gauguin-hu\/arearea-joyousness\/#breadcrumb\"},\"inLanguage\":\"hu\",\"potentialAction\":[{\"@type\":\"ReadAction\",\"target\":[\"https:\/\/svetslik.si\/hu\/paul-gauguin-hu\/arearea-joyousness\/\"]}]},{\"@type\":\"ImageObject\",\"inLanguage\":\"hu\",\"@id\":\"https:\/\/svetslik.si\/hu\/paul-gauguin-hu\/arearea-joyousness\/#primaryimage\",\"url\":\"https:\/\/svetslik.si\/wp-content\/uploads\/2021\/08\/image_Arearea-Joyousness-Paul-Gauguin_680.jpg\",\"contentUrl\":\"https:\/\/svetslik.si\/wp-content\/uploads\/2021\/08\/image_Arearea-Joyousness-Paul-Gauguin_680.jpg\",\"width\":2024,\"height\":1603,\"caption\":\"Paul Gauguin - Arearea (Joyousness) - Arearea (\u00d6r\u00f6m) - Paul Gauguin - Arearea (Joyousness) - Festm\u00e9nyek reprodukci\u00f3i - V\u00e1szonk\u00e9p - Festm\u00e9nyek reprodukci\u00f3i - Absztrakt Festm\u00e9ny - Modern Festm\u00e9ny - Realisztikus Festm\u00e9ny - Olajfestm\u00e9ny - Falik\u00e9p\"},{\"@type\":\"BreadcrumbList\",\"@id\":\"https:\/\/svetslik.si\/hu\/paul-gauguin-hu\/arearea-joyousness\/#breadcrumb\",\"itemListElement\":[{\"@type\":\"ListItem\",\"position\":1,\"name\":\"Wall art and paintings on canvas\",\"item\":\"https:\/\/svetslik.si\/hu\/\"},{\"@type\":\"ListItem\",\"position\":2,\"name\":\"Festm\u00e9nyek elad\u00e1sa\",\"item\":\"https:\/\/svetslik.si\/prodaja-slik\/\"},{\"@type\":\"ListItem\",\"position\":3,\"name\":\"Paul Gauguin &#8211; Arearea (Joyousness) &#8211; The Pastoral of Tahiti\"}]},{\"@type\":\"WebSite\",\"@id\":\"https:\/\/svetslik.si\/hu\/#website\",\"url\":\"https:\/\/svetslik.si\/hu\/\",\"name\":\"SVETSLIK.SI\",\"description\":\"100%-ban k\u00e9zzel festett reprodukci\u00f3k h\u00edres fest\u0151k festm\u00e9nyeir\u0151l \u00e9s festm\u00e9nyekr\u0151l v\u00e1szonra.\",\"publisher\":{\"@id\":\"https:\/\/svetslik.si\/hu\/#organization\"},\"potentialAction\":[{\"@type\":\"SearchAction\",\"target\":{\"@type\":\"EntryPoint\",\"urlTemplate\":\"https:\/\/svetslik.si\/hu\/?s={search_term_string}\"},\"query-input\":{\"@type\":\"PropertyValueSpecification\",\"valueRequired\":true,\"valueName\":\"search_term_string\"}}],\"inLanguage\":\"hu\"},{\"@type\":\"Organization\",\"@id\":\"https:\/\/svetslik.si\/hu\/#organization\",\"name\":\"SvetSlik.si\",\"url\":\"https:\/\/svetslik.si\/hu\/\",\"logo\":{\"@type\":\"ImageObject\",\"inLanguage\":\"hu\",\"@id\":\"https:\/\/svetslik.si\/hu\/#\/schema\/logo\/image\/\",\"url\":\"https:\/\/svetslik.si\/wp-content\/uploads\/2020\/12\/logo-512.png\",\"contentUrl\":\"https:\/\/svetslik.si\/wp-content\/uploads\/2020\/12\/logo-512.png\",\"width\":512,\"height\":512,\"caption\":\"SvetSlik.si\"},\"image\":{\"@id\":\"https:\/\/svetslik.si\/hu\/#\/schema\/logo\/image\/\"},\"sameAs\":[\"https:\/\/www.facebook.com\/svetslik.si\",\"https:\/\/x.com\/svetslik\",\"https:\/\/www.instagram.com\/svetslik.si\/\",\"https:\/\/www.linkedin.com\/company\/svetslik-si\"]}]}<\/script>\n<meta property=\"og:availability\" content=\"backorder\" \/>\n<meta property=\"product:availability\" content=\"available for order\" \/>\n<meta property=\"product:retailer_item_id\" content=\"217__\" \/>\n<meta property=\"product:condition\" content=\"new\" \/>\n<!-- \/ Yoast SEO Premium plugin. -->","yoast_head_json":{"title":"Paul Gauguin - Arearea (Joyousness) - The Pastoral of Tahiti - SVETSLIK.SI - 100% k\u00e9zzel festett","description":"Paul Gauguin - Arearea (Joyousness) - The Pastoral of Tahiti - 100% k\u00e9zzel festett h\u00edres festm\u00e9nyek reprodukci\u00f3i. Festm\u00e9nyek keretez\u00e9se, elad\u00e1sa \u00e9s egyedi rendel\u00e9sre t\u00f6rt\u00e9n\u0151 v\u00e1szonk\u00e9pek k\u00e9sz\u00edt\u00e9se.","robots":{"index":"index","follow":"follow","max-snippet":"max-snippet:-1","max-image-preview":"max-image-preview:large","max-video-preview":"max-video-preview:-1"},"canonical":"https:\/\/svetslik.si\/hu\/paul-gauguin-hu\/arearea-joyousness\/","og_locale":"hu_HU","og_type":"article","og_title":"Paul Gauguin - Arearea (Joyousness) - The Pastoral of Tahiti","og_description":"100% ro\u010dno naslikane slike na platnu, reprodukcije znanih slikarjev in umetni\u0161ke slike po naro\u010dilu.","og_url":"https:\/\/svetslik.si\/hu\/paul-gauguin-hu\/arearea-joyousness\/","og_site_name":"SVETSLIK.SI","article_publisher":"https:\/\/www.facebook.com\/svetslik.si","article_modified_time":"2026-03-22T20:28:08+00:00","og_image":[{"width":2024,"height":1603,"url":"https:\/\/svetslik.si\/wp-content\/uploads\/2021\/08\/image_Arearea-Joyousness-Paul-Gauguin_680.jpg","type":"image\/jpeg"}],"twitter_card":"summary_large_image","twitter_site":"@svetslik","twitter_misc":{"El\u00e9rhet\u0151s\u00e9g":"Beszerz\u00e9s alatt"},"schema":{"@context":"https:\/\/schema.org","@graph":[{"@type":["WebPage","ItemPage"],"@id":"https:\/\/svetslik.si\/hu\/paul-gauguin-hu\/arearea-joyousness\/","url":"https:\/\/svetslik.si\/hu\/paul-gauguin-hu\/arearea-joyousness\/","name":"Paul Gauguin - Arearea (Joyousness) - The Pastoral of Tahiti - SVETSLIK.SI - 100% k\u00e9zzel festett","isPartOf":{"@id":"https:\/\/svetslik.si\/hu\/#website"},"primaryImageOfPage":{"@id":"https:\/\/svetslik.si\/hu\/paul-gauguin-hu\/arearea-joyousness\/#primaryimage"},"image":{"@id":"https:\/\/svetslik.si\/hu\/paul-gauguin-hu\/arearea-joyousness\/#primaryimage"},"thumbnailUrl":"https:\/\/svetslik.si\/wp-content\/uploads\/2021\/08\/image_Arearea-Joyousness-Paul-Gauguin_680.jpg","datePublished":"2021-09-02T15:50:09+00:00","dateModified":"2026-03-22T20:28:08+00:00","description":"Paul Gauguin - Arearea (Joyousness) - The Pastoral of Tahiti - 100% k\u00e9zzel festett h\u00edres festm\u00e9nyek reprodukci\u00f3i. Festm\u00e9nyek keretez\u00e9se, elad\u00e1sa \u00e9s egyedi rendel\u00e9sre t\u00f6rt\u00e9n\u0151 v\u00e1szonk\u00e9pek k\u00e9sz\u00edt\u00e9se.","breadcrumb":{"@id":"https:\/\/svetslik.si\/hu\/paul-gauguin-hu\/arearea-joyousness\/#breadcrumb"},"inLanguage":"hu","potentialAction":[{"@type":"ReadAction","target":["https:\/\/svetslik.si\/hu\/paul-gauguin-hu\/arearea-joyousness\/"]}]},{"@type":"ImageObject","inLanguage":"hu","@id":"https:\/\/svetslik.si\/hu\/paul-gauguin-hu\/arearea-joyousness\/#primaryimage","url":"https:\/\/svetslik.si\/wp-content\/uploads\/2021\/08\/image_Arearea-Joyousness-Paul-Gauguin_680.jpg","contentUrl":"https:\/\/svetslik.si\/wp-content\/uploads\/2021\/08\/image_Arearea-Joyousness-Paul-Gauguin_680.jpg","width":2024,"height":1603,"caption":"Paul Gauguin - Arearea (Joyousness) - Arearea (\u00d6r\u00f6m) - Paul Gauguin - Arearea (Joyousness) - Festm\u00e9nyek reprodukci\u00f3i - V\u00e1szonk\u00e9p - Festm\u00e9nyek reprodukci\u00f3i - Absztrakt Festm\u00e9ny - Modern Festm\u00e9ny - Realisztikus Festm\u00e9ny - Olajfestm\u00e9ny - Falik\u00e9p"},{"@type":"BreadcrumbList","@id":"https:\/\/svetslik.si\/hu\/paul-gauguin-hu\/arearea-joyousness\/#breadcrumb","itemListElement":[{"@type":"ListItem","position":1,"name":"Wall art and paintings on canvas","item":"https:\/\/svetslik.si\/hu\/"},{"@type":"ListItem","position":2,"name":"Festm\u00e9nyek elad\u00e1sa","item":"https:\/\/svetslik.si\/prodaja-slik\/"},{"@type":"ListItem","position":3,"name":"Paul Gauguin &#8211; Arearea (Joyousness) &#8211; The Pastoral of Tahiti"}]},{"@type":"WebSite","@id":"https:\/\/svetslik.si\/hu\/#website","url":"https:\/\/svetslik.si\/hu\/","name":"SVETSLIK.SI","description":"100%-ban k\u00e9zzel festett reprodukci\u00f3k h\u00edres fest\u0151k festm\u00e9nyeir\u0151l \u00e9s festm\u00e9nyekr\u0151l v\u00e1szonra.","publisher":{"@id":"https:\/\/svetslik.si\/hu\/#organization"},"potentialAction":[{"@type":"SearchAction","target":{"@type":"EntryPoint","urlTemplate":"https:\/\/svetslik.si\/hu\/?s={search_term_string}"},"query-input":{"@type":"PropertyValueSpecification","valueRequired":true,"valueName":"search_term_string"}}],"inLanguage":"hu"},{"@type":"Organization","@id":"https:\/\/svetslik.si\/hu\/#organization","name":"SvetSlik.si","url":"https:\/\/svetslik.si\/hu\/","logo":{"@type":"ImageObject","inLanguage":"hu","@id":"https:\/\/svetslik.si\/hu\/#\/schema\/logo\/image\/","url":"https:\/\/svetslik.si\/wp-content\/uploads\/2020\/12\/logo-512.png","contentUrl":"https:\/\/svetslik.si\/wp-content\/uploads\/2020\/12\/logo-512.png","width":512,"height":512,"caption":"SvetSlik.si"},"image":{"@id":"https:\/\/svetslik.si\/hu\/#\/schema\/logo\/image\/"},"sameAs":["https:\/\/www.facebook.com\/svetslik.si","https:\/\/x.com\/svetslik","https:\/\/www.instagram.com\/svetslik.si\/","https:\/\/www.linkedin.com\/company\/svetslik-si"]}]},"og_availability":"backorder","product_availability":"available for order","product_retailer_item_id":"217__","product_condition":"new"},"jetpack_sharing_enabled":true,"_links":{"self":[{"href":"https:\/\/svetslik.si\/hu\/wp-json\/wp\/v2\/product\/53171","targetHints":{"allow":["GET"]}}],"collection":[{"href":"https:\/\/svetslik.si\/hu\/wp-json\/wp\/v2\/product"}],"about":[{"href":"https:\/\/svetslik.si\/hu\/wp-json\/wp\/v2\/types\/product"}],"wp:featuredmedia":[{"embeddable":true,"href":"https:\/\/svetslik.si\/hu\/wp-json\/wp\/v2\/media\/49353"}],"wp:attachment":[{"href":"https:\/\/svetslik.si\/hu\/wp-json\/wp\/v2\/media?parent=53171"}],"wp:term":[{"taxonomy":"product_brand","embeddable":true,"href":"https:\/\/svetslik.si\/hu\/wp-json\/wp\/v2\/product_brand?post=53171"},{"taxonomy":"product_cat","embeddable":true,"href":"https:\/\/svetslik.si\/hu\/wp-json\/wp\/v2\/product_cat?post=53171"},{"taxonomy":"product_tag","embeddable":true,"href":"https:\/\/svetslik.si\/hu\/wp-json\/wp\/v2\/product_tag?post=53171"}],"curies":[{"name":"wp","href":"https:\/\/api.w.org\/{rel}","templated":true}]}}