{"id":53261,"date":"2021-09-02T17:50:55","date_gmt":"2021-09-02T15:50:55","guid":{"rendered":"https:\/\/svetslik.si\/nem-kategorizalt\/where-do-we-come-from-what-are-we-where-are-we-going\/"},"modified":"2026-03-22T21:29:40","modified_gmt":"2026-03-22T20:29:40","slug":"where-do-we-come-from-what-are-we-where-are-we-going","status":"publish","type":"product","link":"https:\/\/svetslik.si\/hu\/paul-gauguin-hu\/where-do-we-come-from-what-are-we-where-are-we-going\/","title":{"rendered":"Paul Gauguin &#8211; Where Do We Come From? What Are We? Where Are We Going?"},"content":{"rendered":"<div class=\"wpb-content-wrapper\">[vc_row css=&#8221;.vc_custom_1640131920483{margin-bottom: 20px !important;}&#8221;][vc_column]\t<div class=\"et-image-841 et-image  full   et_image_link\">\n\t\t<div class=\"et-image-inner \">\n\t\t\t\t\t\t\t<div class=\"et-image-thumb \">\n\t\t\t\t\t<img decoding=\"async\" width=\"2560\" height=\"1537\" src=\"https:\/\/svetslik.si\/wp-content\/uploads\/2021\/09\/20210915_110637-scaled.jpg\" class=\"attachment-full\" alt=\"Paul Gauguin - Honnan j\u00f6v\u00fcnk? Ki vagyunk? Hova megy\u00fcnk? - k\u00e9p v\u00e1sznon\" title=\"Paul Gauguin - Honnan j\u00f6v\u00fcnk? Ki vagyunk? Hova megy\u00fcnk? - k\u00e9p v\u00e1sznon\" srcset=\"https:\/\/svetslik.si\/wp-content\/uploads\/2021\/09\/20210915_110637-scaled.jpg 2560w, https:\/\/svetslik.si\/wp-content\/uploads\/2021\/09\/20210915_110637-600x360.jpg 600w, https:\/\/svetslik.si\/wp-content\/uploads\/2021\/09\/20210915_110637-scaled-1200x720.jpg 1200w, https:\/\/svetslik.si\/wp-content\/uploads\/2021\/09\/20210915_110637-300x180.jpg 300w, https:\/\/svetslik.si\/wp-content\/uploads\/2021\/09\/20210915_110637-1024x615.jpg 1024w, https:\/\/svetslik.si\/wp-content\/uploads\/2021\/09\/20210915_110637-768x461.jpg 768w, https:\/\/svetslik.si\/wp-content\/uploads\/2021\/09\/20210915_110637-1536x922.jpg 1536w, https:\/\/svetslik.si\/wp-content\/uploads\/2021\/09\/20210915_110637-2048x1230.jpg 2048w, https:\/\/svetslik.si\/wp-content\/uploads\/2021\/09\/20210915_110637-150x90.jpg 150w, https:\/\/svetslik.si\/wp-content\/uploads\/2021\/09\/20210915_110637-1320x793.jpg 1320w, https:\/\/svetslik.si\/wp-content\/uploads\/2021\/09\/20210915_110637-900x540.jpg 900w\" sizes=\"(max-width: 2560px) 100vw, 2560px\" \/>\t\t\t\t<\/div>\n\t\t\t\t\t\t\t\t\t\t\t<\/div>\n\t<\/div>\n  [\/vc_column][\/vc_row][vc_row css=&#8221;.vc_custom_1640131920483{margin-bottom: 20px !important;}&#8221;][vc_column]\t<div class=\"et-image-798 et-image  full   et_image_link\">\n\t\t<div class=\"et-image-inner \">\n\t\t\t\t\t\t\t<div class=\"et-image-thumb \">\n\t\t\t\t\t<img decoding=\"async\" width=\"2560\" height=\"1465\" src=\"https:\/\/svetslik.si\/wp-content\/uploads\/2021\/12\/Paul-Gaugin-Where-Do-We-Come-From-What-Are-We-Where-Are-We-Going-slika-na-platnu-scaled.jpg\" class=\"attachment-full\" alt=\"nagym\u00e9ret\u0171 k\u00e9p - Paul Gaugin - Honnan j\u00f6v\u00fcnk? Mik vagyunk? Hov\u00e1 tartunk?\" title=\"nagym\u00e9ret\u0171 k\u00e9p - Paul Gaugin - Honnan j\u00f6v\u00fcnk? Mik vagyunk? Hov\u00e1 tartunk?\" srcset=\"https:\/\/svetslik.si\/wp-content\/uploads\/2021\/12\/Paul-Gaugin-Where-Do-We-Come-From-What-Are-We-Where-Are-We-Going-slika-na-platnu-scaled.jpg 2560w, https:\/\/svetslik.si\/wp-content\/uploads\/2021\/12\/Paul-Gaugin-Where-Do-We-Come-From-What-Are-We-Where-Are-We-Going-slika-na-platnu-600x343.jpg 600w, https:\/\/svetslik.si\/wp-content\/uploads\/2021\/12\/Paul-Gaugin-Where-Do-We-Come-From-What-Are-We-Where-Are-We-Going-slika-na-platnu-scaled-1200x687.jpg 1200w, https:\/\/svetslik.si\/wp-content\/uploads\/2021\/12\/Paul-Gaugin-Where-Do-We-Come-From-What-Are-We-Where-Are-We-Going-slika-na-platnu-300x172.jpg 300w, https:\/\/svetslik.si\/wp-content\/uploads\/2021\/12\/Paul-Gaugin-Where-Do-We-Come-From-What-Are-We-Where-Are-We-Going-slika-na-platnu-1024x586.jpg 1024w, https:\/\/svetslik.si\/wp-content\/uploads\/2021\/12\/Paul-Gaugin-Where-Do-We-Come-From-What-Are-We-Where-Are-We-Going-slika-na-platnu-768x439.jpg 768w, https:\/\/svetslik.si\/wp-content\/uploads\/2021\/12\/Paul-Gaugin-Where-Do-We-Come-From-What-Are-We-Where-Are-We-Going-slika-na-platnu-1536x879.jpg 1536w, https:\/\/svetslik.si\/wp-content\/uploads\/2021\/12\/Paul-Gaugin-Where-Do-We-Come-From-What-Are-We-Where-Are-We-Going-slika-na-platnu-2048x1172.jpg 2048w, https:\/\/svetslik.si\/wp-content\/uploads\/2021\/12\/Paul-Gaugin-Where-Do-We-Come-From-What-Are-We-Where-Are-We-Going-slika-na-platnu-150x86.jpg 150w, https:\/\/svetslik.si\/wp-content\/uploads\/2021\/12\/Paul-Gaugin-Where-Do-We-Come-From-What-Are-We-Where-Are-We-Going-slika-na-platnu-1320x755.jpg 1320w, https:\/\/svetslik.si\/wp-content\/uploads\/2021\/12\/Paul-Gaugin-Where-Do-We-Come-From-What-Are-We-Where-Are-We-Going-slika-na-platnu-900x515.jpg 900w\" sizes=\"(max-width: 2560px) 100vw, 2560px\" \/>\t\t\t\t<\/div>\n\t\t\t\t\t\t\t\t\t\t\t<\/div>\n\t<\/div>\n  [\/vc_column][\/vc_row]\n<h1>Paul Gauguin \u2013 Honnan j\u00f6v\u00fcnk? Mik vagyunk? Hov\u00e1 megy\u00fcnk?<\/h1>\n<p>&nbsp;<\/p>\n<table style=\"width: 619px;\" border=\"0\" width=\"619\" cellpadding=\"0\">\n<tbody>\n<tr>\n<td style=\"width: 180px; height: 21px;\" height=\"21\">L\u00e9trehoz\u00e1s \u00e9ve:<\/td>\n<td style=\"width: 439px;\">1897<\/td>\n<\/tr>\n<tr>\n<td style=\"width: 180px; height: 21px;\" height=\"21\">Eredeti m\u00e9ret:<\/td>\n<td style=\"width: 439px;\">374,6 cm x 139,1 cm<\/td>\n<\/tr>\n<tr>\n<td style=\"width: 180px; height: 21px;\" height=\"21\">Fest\u00e9si st\u00edlus:<\/td>\n<td style=\"width: 439px;\">Szimbolika<\/td>\n<\/tr>\n<tr>\n<td style=\"width: 180px; height: 21px;\" height=\"21\">Eredeti technika:<\/td>\n<td style=\"width: 439px;\">Olaj, v\u00e1szon<\/td>\n<\/tr>\n<tr>\n<td style=\"width: 180px; height: 21px;\" height=\"21\">Helysz\u00edn:<\/td>\n<td style=\"width: 439px;\">Sz\u00e9pm\u0171v\u00e9szeti M\u00fazeum, Boston<\/td>\n<\/tr>\n<\/tbody>\n<colgroup>\n<col \/>\n<col \/> <\/colgroup>\n<\/table>\n<p>&nbsp;<\/p>\n<div>\n<p>Olaj, v\u00e1szon <em>Honnan j\u00f6v\u00fcnk? Mik vagyunk? Merre tartunk?<\/em>Gauguin egyik legfontosabb v\u00e1szonk\u00e9pe.<\/p>\n<\/div>\n<div>\n<p>Gauguin megesk\u00fcd\u00f6tt, hogy \u00f6ngyilkos lesz a festm\u00e9ny elk\u00e9sz\u00edt\u00e9se ut\u00e1n \u2013 amit a m\u00faltban is megk\u00eds\u00e9relt. A szerz\u0151 szerint az olajfestm\u00e9nyt jobbr\u00f3l balra kell tanulm\u00e1nyozni, a v\u00e1sznon l\u00e1that\u00f3 h\u00e1rom f\u0151 figuracsoport pedig azokat a k\u00e9rd\u00e9seket k\u00e9pviseli, amelyeket Gauguin adott a festm\u00e9nyhez.<\/p>\n<\/div>\n<div>\n<p>H\u00e1rom gyermekes n\u0151 az \u00e9let kezdet\u00e9t jelenti; a k\u00f6z\u00e9ps\u0151 csoport a serd\u00fcl\u0151kor l\u00e9t\u00e9t szimboliz\u00e1lja; a v\u00e1szon bal oldal\u00e1n az utols\u00f3 csoportban pedig egy id\u0151s n\u0151t festett meg a m\u0171v\u00e9sz, aki belet\u00f6r\u0151d\u00f6tt a hal\u00e1l k\u00f6zelg\u0151 elj\u00f6vetel\u00e9be, \u00e9s saj\u00e1t gondolataiba mer\u00fcl. L\u00e1b\u00e1n\u00e1l egy furcsa feh\u00e9r mad\u00e1r jelk\u00e9pezi a szavak \u00e9rtelmetlens\u00e9g\u00e9t. A h\u00e1tt\u00e9rben l\u00e1that\u00f3 k\u00e9k szobor azt k\u00e9pviseli, amit maga Gauguin \u201ea m\u00e1sik vil\u00e1gnak\u201d nevezett.<\/p>\n<\/div>\n<div>\n<p>A Gauguin az olaj, v\u00e1szon sz\u00e1m\u00e1ra k\u00e9sz\u00fclt <strong><em>Honnan j\u00f6v\u00fcnk? Mik vagyunk? Merre tartunk?<\/em><\/strong>azt mondta, hogy ez minden kor\u00e1bbi munk\u00e1j\u00e1t fel\u00fclm\u00falta, \u00e9s enn\u00e9l jobb k\u00e9pet a j\u00f6v\u0151ben sem tudna festeni.<\/p>\n<\/div>\n<p>Filoz\u00f3fi\u00e1kkal teli nagym\u00e9ret\u0171 olajfestm\u00e9nyr\u0151l van sz\u00f3, s maga a m\u0171v\u00e9sz elmond\u00e1sa szerint ezt a m\u0171vet a legnagyobb lelkesed\u00e9ssel k\u00e9sz\u00edtette el, mert Gauguint kor\u00e1bban a szeg\u00e9nys\u00e9g \u00e9s a k\u00e9ts\u00e9gbees\u00e9s k\u00e9nyszer\u00edtette \u00f6ngyilkoss\u00e1gra. Az \u00e1lmok fant\u00e1zi\u00e1it \u00e9s a tahiti \u00e9let\u00e9rz\u00e9seket szintetiz\u00e1lja ebbe a kompoz\u00edci\u00f3ba. A festm\u00e9ny h\u00e1romszint\u0171 kompoz\u00edci\u00f3ja jobbr\u00f3l balra h\u00e1rom f\u0151szerepl\u0151t, egy csecsem\u0151t, egy gy\u00fcm\u00f6lcsszed\u0151 fiatalembert \u00e9s egy \u00f6regasszonyt rendez el, akik felv\u00e1ltva t\u00e1rj\u00e1k el\u00e9nk a sz\u00fclet\u00e9s, \u00e9let \u00e9s hal\u00e1l titkait. Ez egy olyan folyamat, amelyen az emberi l\u00e9nyeknek v\u00e9gig kell menni\u00fck \u00e9let\u00fck sor\u00e1n, de egyben Gauguin \u00f6sszefoglal\u00f3ja is saj\u00e1t bels\u0151 gondolkod\u00e1s\u00e1r\u00f3l, \u00e9s bizony\u00edt\u00e9ka annak, hogy az \u00e9lete nem ment k\u00e1rba. A festm\u00e9ny sz\u00ednvil\u00e1ga egyszer\u0171 \u00e9s rejt\u00e9lyes, a cselekm\u00e9ny technik\u00e1ja pedig keleties dekor\u00e1ci\u00f3val, romantik\u00e1val, a fest\u0151 \u00e9let \u00e9rtelm\u00e9nek filoz\u00f3fiai k\u00e9rd\u00e9sfeltev\u00e9se pedig a foltos, sz\u00e9p \u00e9s \u00e1lmodoz\u00f3 k\u00e9peken sejthet\u0151.<\/p>\n<div>\n<p><strong>Paul Gauguin<\/strong> (1848-1903), a posztimpresszionizmus reprezentat\u00edv fest\u0151je. Gauguin P\u00e1rizsban sz\u00fcletett, egy \u00fajs\u00e1g\u00edr\u00f3 fiak\u00e9nt \u00e9s egy perui \u00edr\u00f3 l\u00e1nyak\u00e9nt. Gauguin festm\u00e9nyei egyed\u00fcl\u00e1ll\u00f3ak a nyugati modern m\u0171v\u00e9szet t\u00f6rt\u00e9net\u00e9ben primit\u00edv \u00e9s szimbolikus ir\u00e1nyzataikkal, valamint \u00fagynevezett \u201eszint\u00e9zis\u201d st\u00edlusukkal. Gauguin korai \u00e9veiben tenger\u00e9sz \u00e9s \u00fczletember volt. 1871-ben P\u00e1rizsba j\u00f6tt, hogy t\u0151zsde\u00fcgyn\u00f6k legyen. Ez id\u0151 alatt bar\u00e1tja, Schfnack hat\u00e1s\u00e1ra kezdett \u00e9rdekl\u0151dni a fest\u00e9szet ir\u00e1nt. 1883-ban Gauguin, aki mindig is amat\u0151r fest\u0151 volt, hirtelen feladta \u00edg\u00e9retes \u00e9s irigyl\u00e9sre m\u00e9lt\u00f3 banki poz\u00edci\u00f3j\u00e1t, \u00e9s \u00fagy d\u00f6nt\u00f6tt, hogy profi fest\u0151 lesz. 35 \u00e9ves volt ekkor. Eleinte az impresszionista fest\u00e9szet megsz\u00e1llottja volt, \u00e9s t\u00f6bb impresszionista festm\u00e9nyki\u00e1ll\u00edt\u00e1son vett r\u00e9szt. K\u00e9s\u0151bb, amikor a szimbolizmus eszt\u00e9tikai felfog\u00e1sa vez\u00e9relte, elhagyta az impresszionizmust, \u00e9s szembesz\u00e1llt a term\u00e9szet t\u00e1rgyilagos helyre\u00e1ll\u00edt\u00e1s\u00e1ra ir\u00e1nyul\u00f3 impresszionista m\u0171v\u00e9szi t\u00f6rekv\u00e9ssel, \u00e9s a m\u0171v\u00e9szi k\u00e9pek megk\u00fcl\u00f6nb\u00f6ztet\u00e9s\u00e9t szorgalmazta. Az objekt\u00edv k\u00e9p ugyanakkor tele van a m\u0171v\u00e9sz szubjekt\u00edv \u00e9rz\u00e9seivel.<\/p>\n<\/div>\n<div>\n<p>&nbsp;<\/p>\n<\/div>\n<div><\/div>\n<p>&nbsp;<\/p>\n<\/div>","protected":false},"excerpt":{"rendered":"<p>[vc_row css=&#8221;.vc_custom_1640131920483{margin-bottom: 20px !important;}&#8221;][vc_column][\/vc_column][\/vc_row][vc_row css=&#8221;.vc_custom_1640131920483{margin-bottom: 20px !important;}&#8221;][vc_column][\/vc_column][\/vc_row] Paul Gauguin \u2013 Honnan j\u00f6v\u00fcnk? Mik vagyunk? Hov\u00e1 megy\u00fcnk? &nbsp; L\u00e9trehoz\u00e1s \u00e9ve: 1897 Eredeti m\u00e9ret: 374,6 cm x 139,1 cm Fest\u00e9si st\u00edlus: Szimbolika Eredeti technika: Olaj, v\u00e1szon Helysz\u00edn: Sz\u00e9pm\u0171v\u00e9szeti M\u00fazeum, Boston &nbsp; Olaj, v\u00e1szon Honnan j\u00f6v\u00fcnk? Mik vagyunk? Merre tartunk?Gauguin egyik legfontosabb v\u00e1szonk\u00e9pe. [&hellip;]<\/p>\n","protected":false},"featured_media":50327,"template":"","meta":{"_acf_changed":false},"product_brand":[],"product_cat":[7147],"product_tag":[7169,11885,11886,11887],"class_list":{"0":"post-53261","1":"product","2":"type-product","3":"status-publish","4":"has-post-thumbnail","6":"product_cat-paul-gauguin-hu","7":"product_tag-gaugin-hu","8":"product_tag-painter-hu","9":"product_tag-reproduction","10":"product_tag-reproductions-hu","11":"pa_dimenzija-200-x-75-cm","12":"pa_dimenzija-220-x-80-cm","13":"pa_dimenzija-240-x-90-cm","14":"pa_dimenzija-260-x-100-cm","15":"pa_dimenzija-280-x-105-cm","16":"pa_dimenzija-300-x-110-cm","17":"pa_dimenzija-320-x-120-cm","18":"pa_dimenzija-375-x-139-cm","19":"pa_oblika-vizszintes","20":"pa_okvir-nincs-keret","21":"pa_podokvir-igen","22":"pa_podokvir-nem","24":"first","25":"onbackorder","26":"purchasable","27":"product-type-variable","28":"has-default-attributes"},"acf":[],"yoast_head":"<!-- This site is optimized with the Yoast SEO Premium plugin v26.0 (Yoast SEO v27.2) - https:\/\/yoast.com\/product\/yoast-seo-premium-wordpress\/ -->\n<title>Paul Gauguin - Where Do We Come From? What Are We? Where Are We Going? - SVETSLIK.SI - 100% k\u00e9zzel festett<\/title>\n<meta name=\"description\" content=\"Paul Gauguin - Where Do We Come From? What Are We? Where Are We Going? - 100% k\u00e9zzel festett h\u00edres festm\u00e9nyek reprodukci\u00f3i. Festm\u00e9nyek keretez\u00e9se, elad\u00e1sa \u00e9s egyedi rendel\u00e9sre t\u00f6rt\u00e9n\u0151 v\u00e1szonk\u00e9pek k\u00e9sz\u00edt\u00e9se.\" \/>\n<meta name=\"robots\" content=\"index, follow, max-snippet:-1, max-image-preview:large, max-video-preview:-1\" \/>\n<link rel=\"canonical\" href=\"https:\/\/svetslik.si\/hu\/paul-gauguin-hu\/where-do-we-come-from-what-are-we-where-are-we-going\/\" \/>\n<meta property=\"og:locale\" content=\"hu_HU\" \/>\n<meta property=\"og:type\" content=\"article\" \/>\n<meta property=\"og:title\" content=\"Paul Gauguin - Where Do We Come From? What Are We? Where Are We Going?\" \/>\n<meta property=\"og:description\" content=\"100% ro\u010dno naslikane slike na platnu, reprodukcije znanih slikarjev in umetni\u0161ke slike po naro\u010dilu.\" \/>\n<meta property=\"og:url\" content=\"https:\/\/svetslik.si\/hu\/paul-gauguin-hu\/where-do-we-come-from-what-are-we-where-are-we-going\/\" \/>\n<meta property=\"og:site_name\" content=\"SVETSLIK.SI\" \/>\n<meta property=\"article:publisher\" content=\"https:\/\/www.facebook.com\/svetslik.si\" \/>\n<meta property=\"article:modified_time\" content=\"2026-03-22T20:29:40+00:00\" \/>\n<meta property=\"og:image\" content=\"https:\/\/svetslik.si\/wp-content\/uploads\/2021\/08\/image_Where-Do-We-Come-From-What-Are-We-Where-Are-We-Going-Paul-Gauguin_680.jpg\" \/>\n\t<meta property=\"og:image:width\" content=\"2559\" \/>\n\t<meta property=\"og:image:height\" content=\"973\" \/>\n\t<meta property=\"og:image:type\" content=\"image\/jpeg\" \/>\n<meta name=\"twitter:card\" content=\"summary_large_image\" \/>\n<meta name=\"twitter:site\" content=\"@svetslik\" \/>\n<meta name=\"twitter:label1\" content=\"El\u00e9rhet\u0151s\u00e9g\" \/>\n\t<meta name=\"twitter:data1\" content=\"Beszerz\u00e9s alatt\" \/>\n<script type=\"application\/ld+json\" class=\"yoast-schema-graph\">{\"@context\":\"https:\/\/schema.org\",\"@graph\":[{\"@type\":[\"WebPage\",\"ItemPage\"],\"@id\":\"https:\/\/svetslik.si\/hu\/paul-gauguin-hu\/where-do-we-come-from-what-are-we-where-are-we-going\/\",\"url\":\"https:\/\/svetslik.si\/hu\/paul-gauguin-hu\/where-do-we-come-from-what-are-we-where-are-we-going\/\",\"name\":\"Paul Gauguin - Where Do We Come From? What Are We? Where Are We Going? - SVETSLIK.SI - 100% k\u00e9zzel festett\",\"isPartOf\":{\"@id\":\"https:\/\/svetslik.si\/hu\/#website\"},\"primaryImageOfPage\":{\"@id\":\"https:\/\/svetslik.si\/hu\/paul-gauguin-hu\/where-do-we-come-from-what-are-we-where-are-we-going\/#primaryimage\"},\"image\":{\"@id\":\"https:\/\/svetslik.si\/hu\/paul-gauguin-hu\/where-do-we-come-from-what-are-we-where-are-we-going\/#primaryimage\"},\"thumbnailUrl\":\"https:\/\/svetslik.si\/wp-content\/uploads\/2021\/08\/image_Where-Do-We-Come-From-What-Are-We-Where-Are-We-Going-Paul-Gauguin_680.jpg\",\"datePublished\":\"2021-09-02T15:50:55+00:00\",\"dateModified\":\"2026-03-22T20:29:40+00:00\",\"description\":\"Paul Gauguin - Where Do We Come From? What Are We? Where Are We Going? - 100% k\u00e9zzel festett h\u00edres festm\u00e9nyek reprodukci\u00f3i. Festm\u00e9nyek keretez\u00e9se, elad\u00e1sa \u00e9s egyedi rendel\u00e9sre t\u00f6rt\u00e9n\u0151 v\u00e1szonk\u00e9pek k\u00e9sz\u00edt\u00e9se.\",\"breadcrumb\":{\"@id\":\"https:\/\/svetslik.si\/hu\/paul-gauguin-hu\/where-do-we-come-from-what-are-we-where-are-we-going\/#breadcrumb\"},\"inLanguage\":\"hu\",\"potentialAction\":[{\"@type\":\"ReadAction\",\"target\":[\"https:\/\/svetslik.si\/hu\/paul-gauguin-hu\/where-do-we-come-from-what-are-we-where-are-we-going\/\"]}]},{\"@type\":\"ImageObject\",\"inLanguage\":\"hu\",\"@id\":\"https:\/\/svetslik.si\/hu\/paul-gauguin-hu\/where-do-we-come-from-what-are-we-where-are-we-going\/#primaryimage\",\"url\":\"https:\/\/svetslik.si\/wp-content\/uploads\/2021\/08\/image_Where-Do-We-Come-From-What-Are-We-Where-Are-We-Going-Paul-Gauguin_680.jpg\",\"contentUrl\":\"https:\/\/svetslik.si\/wp-content\/uploads\/2021\/08\/image_Where-Do-We-Come-From-What-Are-We-Where-Are-We-Going-Paul-Gauguin_680.jpg\",\"width\":2559,\"height\":973,\"caption\":\"Paul Gaugin Honnan-j\u00f6v\u00fcnk-honnan-mi-hol-megy\u00fcnk-Paul-Gauguin_Vasily Kandinsky White-Cross-Weies-Kreuz_ H\u00edres fest\u0151k reprodukci\u00f3i, modern falm\u0171v\u00e9szet, falm\u0171v\u00e9szet\"},{\"@type\":\"BreadcrumbList\",\"@id\":\"https:\/\/svetslik.si\/hu\/paul-gauguin-hu\/where-do-we-come-from-what-are-we-where-are-we-going\/#breadcrumb\",\"itemListElement\":[{\"@type\":\"ListItem\",\"position\":1,\"name\":\"Wall art and paintings on canvas\",\"item\":\"https:\/\/svetslik.si\/hu\/\"},{\"@type\":\"ListItem\",\"position\":2,\"name\":\"Festm\u00e9nyek elad\u00e1sa\",\"item\":\"https:\/\/svetslik.si\/prodaja-slik\/\"},{\"@type\":\"ListItem\",\"position\":3,\"name\":\"Paul Gauguin &#8211; Where Do We Come From? What Are We? Where Are We Going?\"}]},{\"@type\":\"WebSite\",\"@id\":\"https:\/\/svetslik.si\/hu\/#website\",\"url\":\"https:\/\/svetslik.si\/hu\/\",\"name\":\"SVETSLIK.SI\",\"description\":\"100%-ban k\u00e9zzel festett reprodukci\u00f3k h\u00edres fest\u0151k festm\u00e9nyeir\u0151l \u00e9s festm\u00e9nyekr\u0151l v\u00e1szonra.\",\"publisher\":{\"@id\":\"https:\/\/svetslik.si\/hu\/#organization\"},\"potentialAction\":[{\"@type\":\"SearchAction\",\"target\":{\"@type\":\"EntryPoint\",\"urlTemplate\":\"https:\/\/svetslik.si\/hu\/?s={search_term_string}\"},\"query-input\":{\"@type\":\"PropertyValueSpecification\",\"valueRequired\":true,\"valueName\":\"search_term_string\"}}],\"inLanguage\":\"hu\"},{\"@type\":\"Organization\",\"@id\":\"https:\/\/svetslik.si\/hu\/#organization\",\"name\":\"SvetSlik.si\",\"url\":\"https:\/\/svetslik.si\/hu\/\",\"logo\":{\"@type\":\"ImageObject\",\"inLanguage\":\"hu\",\"@id\":\"https:\/\/svetslik.si\/hu\/#\/schema\/logo\/image\/\",\"url\":\"https:\/\/svetslik.si\/wp-content\/uploads\/2020\/12\/logo-512.png\",\"contentUrl\":\"https:\/\/svetslik.si\/wp-content\/uploads\/2020\/12\/logo-512.png\",\"width\":512,\"height\":512,\"caption\":\"SvetSlik.si\"},\"image\":{\"@id\":\"https:\/\/svetslik.si\/hu\/#\/schema\/logo\/image\/\"},\"sameAs\":[\"https:\/\/www.facebook.com\/svetslik.si\",\"https:\/\/x.com\/svetslik\",\"https:\/\/www.instagram.com\/svetslik.si\/\",\"https:\/\/www.linkedin.com\/company\/svetslik-si\"]}]}<\/script>\n<meta property=\"og:availability\" content=\"backorder\" \/>\n<meta property=\"product:availability\" content=\"available for order\" \/>\n<meta property=\"product:retailer_item_id\" content=\"228__\" \/>\n<meta property=\"product:condition\" content=\"new\" \/>\n<!-- \/ Yoast SEO Premium plugin. -->","yoast_head_json":{"title":"Paul Gauguin - Where Do We Come From? What Are We? Where Are We Going? - SVETSLIK.SI - 100% k\u00e9zzel festett","description":"Paul Gauguin - Where Do We Come From? What Are We? Where Are We Going? - 100% k\u00e9zzel festett h\u00edres festm\u00e9nyek reprodukci\u00f3i. Festm\u00e9nyek keretez\u00e9se, elad\u00e1sa \u00e9s egyedi rendel\u00e9sre t\u00f6rt\u00e9n\u0151 v\u00e1szonk\u00e9pek k\u00e9sz\u00edt\u00e9se.","robots":{"index":"index","follow":"follow","max-snippet":"max-snippet:-1","max-image-preview":"max-image-preview:large","max-video-preview":"max-video-preview:-1"},"canonical":"https:\/\/svetslik.si\/hu\/paul-gauguin-hu\/where-do-we-come-from-what-are-we-where-are-we-going\/","og_locale":"hu_HU","og_type":"article","og_title":"Paul Gauguin - Where Do We Come From? What Are We? Where Are We Going?","og_description":"100% ro\u010dno naslikane slike na platnu, reprodukcije znanih slikarjev in umetni\u0161ke slike po naro\u010dilu.","og_url":"https:\/\/svetslik.si\/hu\/paul-gauguin-hu\/where-do-we-come-from-what-are-we-where-are-we-going\/","og_site_name":"SVETSLIK.SI","article_publisher":"https:\/\/www.facebook.com\/svetslik.si","article_modified_time":"2026-03-22T20:29:40+00:00","og_image":[{"width":2559,"height":973,"url":"https:\/\/svetslik.si\/wp-content\/uploads\/2021\/08\/image_Where-Do-We-Come-From-What-Are-We-Where-Are-We-Going-Paul-Gauguin_680.jpg","type":"image\/jpeg"}],"twitter_card":"summary_large_image","twitter_site":"@svetslik","twitter_misc":{"El\u00e9rhet\u0151s\u00e9g":"Beszerz\u00e9s alatt"},"schema":{"@context":"https:\/\/schema.org","@graph":[{"@type":["WebPage","ItemPage"],"@id":"https:\/\/svetslik.si\/hu\/paul-gauguin-hu\/where-do-we-come-from-what-are-we-where-are-we-going\/","url":"https:\/\/svetslik.si\/hu\/paul-gauguin-hu\/where-do-we-come-from-what-are-we-where-are-we-going\/","name":"Paul Gauguin - Where Do We Come From? What Are We? Where Are We Going? - SVETSLIK.SI - 100% k\u00e9zzel festett","isPartOf":{"@id":"https:\/\/svetslik.si\/hu\/#website"},"primaryImageOfPage":{"@id":"https:\/\/svetslik.si\/hu\/paul-gauguin-hu\/where-do-we-come-from-what-are-we-where-are-we-going\/#primaryimage"},"image":{"@id":"https:\/\/svetslik.si\/hu\/paul-gauguin-hu\/where-do-we-come-from-what-are-we-where-are-we-going\/#primaryimage"},"thumbnailUrl":"https:\/\/svetslik.si\/wp-content\/uploads\/2021\/08\/image_Where-Do-We-Come-From-What-Are-We-Where-Are-We-Going-Paul-Gauguin_680.jpg","datePublished":"2021-09-02T15:50:55+00:00","dateModified":"2026-03-22T20:29:40+00:00","description":"Paul Gauguin - Where Do We Come From? What Are We? Where Are We Going? - 100% k\u00e9zzel festett h\u00edres festm\u00e9nyek reprodukci\u00f3i. Festm\u00e9nyek keretez\u00e9se, elad\u00e1sa \u00e9s egyedi rendel\u00e9sre t\u00f6rt\u00e9n\u0151 v\u00e1szonk\u00e9pek k\u00e9sz\u00edt\u00e9se.","breadcrumb":{"@id":"https:\/\/svetslik.si\/hu\/paul-gauguin-hu\/where-do-we-come-from-what-are-we-where-are-we-going\/#breadcrumb"},"inLanguage":"hu","potentialAction":[{"@type":"ReadAction","target":["https:\/\/svetslik.si\/hu\/paul-gauguin-hu\/where-do-we-come-from-what-are-we-where-are-we-going\/"]}]},{"@type":"ImageObject","inLanguage":"hu","@id":"https:\/\/svetslik.si\/hu\/paul-gauguin-hu\/where-do-we-come-from-what-are-we-where-are-we-going\/#primaryimage","url":"https:\/\/svetslik.si\/wp-content\/uploads\/2021\/08\/image_Where-Do-We-Come-From-What-Are-We-Where-Are-We-Going-Paul-Gauguin_680.jpg","contentUrl":"https:\/\/svetslik.si\/wp-content\/uploads\/2021\/08\/image_Where-Do-We-Come-From-What-Are-We-Where-Are-We-Going-Paul-Gauguin_680.jpg","width":2559,"height":973,"caption":"Paul Gaugin Honnan-j\u00f6v\u00fcnk-honnan-mi-hol-megy\u00fcnk-Paul-Gauguin_Vasily Kandinsky White-Cross-Weies-Kreuz_ H\u00edres fest\u0151k reprodukci\u00f3i, modern falm\u0171v\u00e9szet, falm\u0171v\u00e9szet"},{"@type":"BreadcrumbList","@id":"https:\/\/svetslik.si\/hu\/paul-gauguin-hu\/where-do-we-come-from-what-are-we-where-are-we-going\/#breadcrumb","itemListElement":[{"@type":"ListItem","position":1,"name":"Wall art and paintings on canvas","item":"https:\/\/svetslik.si\/hu\/"},{"@type":"ListItem","position":2,"name":"Festm\u00e9nyek elad\u00e1sa","item":"https:\/\/svetslik.si\/prodaja-slik\/"},{"@type":"ListItem","position":3,"name":"Paul Gauguin &#8211; Where Do We Come From? What Are We? Where Are We Going?"}]},{"@type":"WebSite","@id":"https:\/\/svetslik.si\/hu\/#website","url":"https:\/\/svetslik.si\/hu\/","name":"SVETSLIK.SI","description":"100%-ban k\u00e9zzel festett reprodukci\u00f3k h\u00edres fest\u0151k festm\u00e9nyeir\u0151l \u00e9s festm\u00e9nyekr\u0151l v\u00e1szonra.","publisher":{"@id":"https:\/\/svetslik.si\/hu\/#organization"},"potentialAction":[{"@type":"SearchAction","target":{"@type":"EntryPoint","urlTemplate":"https:\/\/svetslik.si\/hu\/?s={search_term_string}"},"query-input":{"@type":"PropertyValueSpecification","valueRequired":true,"valueName":"search_term_string"}}],"inLanguage":"hu"},{"@type":"Organization","@id":"https:\/\/svetslik.si\/hu\/#organization","name":"SvetSlik.si","url":"https:\/\/svetslik.si\/hu\/","logo":{"@type":"ImageObject","inLanguage":"hu","@id":"https:\/\/svetslik.si\/hu\/#\/schema\/logo\/image\/","url":"https:\/\/svetslik.si\/wp-content\/uploads\/2020\/12\/logo-512.png","contentUrl":"https:\/\/svetslik.si\/wp-content\/uploads\/2020\/12\/logo-512.png","width":512,"height":512,"caption":"SvetSlik.si"},"image":{"@id":"https:\/\/svetslik.si\/hu\/#\/schema\/logo\/image\/"},"sameAs":["https:\/\/www.facebook.com\/svetslik.si","https:\/\/x.com\/svetslik","https:\/\/www.instagram.com\/svetslik.si\/","https:\/\/www.linkedin.com\/company\/svetslik-si"]}]},"og_availability":"backorder","product_availability":"available for order","product_retailer_item_id":"228__","product_condition":"new"},"jetpack_sharing_enabled":true,"_links":{"self":[{"href":"https:\/\/svetslik.si\/hu\/wp-json\/wp\/v2\/product\/53261","targetHints":{"allow":["GET"]}}],"collection":[{"href":"https:\/\/svetslik.si\/hu\/wp-json\/wp\/v2\/product"}],"about":[{"href":"https:\/\/svetslik.si\/hu\/wp-json\/wp\/v2\/types\/product"}],"wp:featuredmedia":[{"embeddable":true,"href":"https:\/\/svetslik.si\/hu\/wp-json\/wp\/v2\/media\/50327"}],"wp:attachment":[{"href":"https:\/\/svetslik.si\/hu\/wp-json\/wp\/v2\/media?parent=53261"}],"wp:term":[{"taxonomy":"product_brand","embeddable":true,"href":"https:\/\/svetslik.si\/hu\/wp-json\/wp\/v2\/product_brand?post=53261"},{"taxonomy":"product_cat","embeddable":true,"href":"https:\/\/svetslik.si\/hu\/wp-json\/wp\/v2\/product_cat?post=53261"},{"taxonomy":"product_tag","embeddable":true,"href":"https:\/\/svetslik.si\/hu\/wp-json\/wp\/v2\/product_tag?post=53261"}],"curies":[{"name":"wp","href":"https:\/\/api.w.org\/{rel}","templated":true}]}}