{"id":53288,"date":"2021-09-02T17:51:14","date_gmt":"2021-09-02T15:51:14","guid":{"rendered":"https:\/\/svetslik.si\/nem-kategorizalt\/portrait-of-the-artist-with-the-yellow-christ\/"},"modified":"2026-03-22T21:30:21","modified_gmt":"2026-03-22T20:30:21","slug":"portrait-of-the-artist-with-the-yellow-christ","status":"publish","type":"product","link":"https:\/\/svetslik.si\/hu\/paul-gauguin-hu\/portrait-of-the-artist-with-the-yellow-christ\/","title":{"rendered":"Paul Gauguin &#8211; Portrait of the Artist with the Yellow Christ"},"content":{"rendered":"<h1>Paul Gauguin \u2013 A m\u0171v\u00e9sz portr\u00e9ja a S\u00e1rga Krisztussal<\/h1>\n<p>\n&nbsp;<\/p>\n<div>\n<table border=\"0\" cellpadding=\"0\" style=\"width: 619px\" width=\"619\">\n<tbody>\n<tr>\n<td height=\"21\" style=\"width: 180px;height: 21px\">\nL\u00e9trehoz\u00e1s \u00e9ve:<\/td>\n<td style=\"width: 439px\">\n1890-1891<\/td>\n<\/tr>\n<tr>\n<td height=\"21\" style=\"width: 180px;height: 21px\">\nEredeti m\u00e9ret:<\/td>\n<td style=\"width: 439px\">\n46 cm x 30 cm<\/td>\n<\/tr>\n<tr>\n<td height=\"21\" style=\"width: 180px;height: 21px\">\nFest\u00e9si st\u00edlus:<\/td>\n<td style=\"width: 439px\">\nSzimbolizmus<\/td>\n<\/tr>\n<tr>\n<td height=\"21\" style=\"width: 180px;height: 21px\">\nEredeti technika:<\/td>\n<td style=\"width: 439px\">\nOlaj, v\u00e1szon<\/td>\n<\/tr>\n<tr>\n<td height=\"21\" style=\"width: 180px;height: 21px\">\nHelysz\u00edn:<\/td>\n<td style=\"width: 439px\">\nOrsey M\u00fazeum, P\u00e1rizs&nbsp;<\/td>\n<\/tr>\n<\/tbody>\n<colgroup>\n<\/colgroup>\n<\/table>\n<\/div>\n<div>\n&nbsp;<\/div>\n<div>\nOlaj, v\u00e1szon <em>A m\u0171v\u00e9sz portr\u00e9ja a s\u00e1rga Krisztussal<\/em> Gauguin els\u0151 tahiti l\u00e1togat\u00e1sa el\u0151tti est\u00e9n k\u00e9sz\u00fclt. Olaj, v\u00e1szon val\u00f3j\u00e1ban egy h\u00e1rmas portr\u00e9, amelyen a m\u0171v\u00e9sz szem\u00e9lyis\u00e9g\u00e9nek k\u00fcl\u00f6nb\u00f6z\u0151 oldalait t\u00e1rja fel. A k\u00e9p k\u00e9sz\u00edt\u00e9sekor Gauguin viszonylag ismeretlen \u00e9s f\u00e9lre\u00e9rtett m\u0171v\u00e9sz volt, r\u00e1ad\u00e1sul akkoriban a feles\u00e9ge elhagyta, aki gyermekeikkel visszat\u00e9rt D\u00e1ni\u00e1ba, \u00e9s Gauguin maga is nehezen tudta megszerezni a megfelel\u0151 enged\u00e9lyeket. hivatalos l\u00e1togat\u00e1s a gyarmatokon.<\/div>\n<div>\nMaga Gauguin ennek az olajfestm\u00e9nynek a k\u00f6zponti figur\u00e1ja, perzsel\u0151 tekintete \u00e9rz\u00e9kelteti akkori gondjainak terh\u00e9t \u00e9s elt\u00f6k\u00e9lts\u00e9g\u00e9t m\u0171v\u00e9szete folytat\u00e1s\u00e1ra. A h\u00e1tt\u00e9rben k\u00e9t, el\u0151z\u0151 \u00e9vben festett darabbal eg\u00e9sz\u00edtette ki portr\u00e9j\u00e1t, \u00e9s a v\u00e1sznon egym\u00e1ssal szemben helyezte el, hogy eszt\u00e9tikai \u00e9s szimbolikus szinten versenghessen.<\/div>\n<div>\n&nbsp;<\/div>\n","protected":false},"excerpt":{"rendered":"<p>Paul Gauguin \u2013 A m\u0171v\u00e9sz portr\u00e9ja a S\u00e1rga Krisztussal &nbsp; L\u00e9trehoz\u00e1s \u00e9ve: 1890-1891 Eredeti m\u00e9ret: 46 cm x 30 cm Fest\u00e9si st\u00edlus: Szimbolizmus Eredeti technika: Olaj, v\u00e1szon Helysz\u00edn: Orsey M\u00fazeum, P\u00e1rizs&nbsp; &nbsp; Olaj, v\u00e1szon A m\u0171v\u00e9sz portr\u00e9ja a s\u00e1rga Krisztussal Gauguin els\u0151 tahiti l\u00e1togat\u00e1sa el\u0151tti est\u00e9n k\u00e9sz\u00fclt. Olaj, v\u00e1szon val\u00f3j\u00e1ban [&hellip;]<\/p>\n","protected":false},"featured_media":49932,"template":"","meta":{"_acf_changed":false},"product_brand":[],"product_cat":[7147],"product_tag":[7169,11885,11886,11887],"class_list":{"0":"post-53288","1":"product","2":"type-product","3":"status-publish","4":"has-post-thumbnail","6":"product_cat-paul-gauguin-hu","7":"product_tag-gaugin-hu","8":"product_tag-painter-hu","9":"product_tag-reproduction","10":"product_tag-reproductions-hu","11":"pa_dimenzija-100-x-70-cm-hu","12":"pa_dimenzija-120-x-80-cm-hu","13":"pa_dimenzija-150-x-100-cm-hu","14":"pa_dimenzija-46-x-30-cm-hu","15":"pa_dimenzija-60-x-40-cm-hu","16":"pa_dimenzija-70-x-45-cm-hu","17":"pa_dimenzija-80-x-50-cm-hu","18":"pa_dimenzija-90-x-60-cm-hu","19":"pa_oblika-vizszintes","20":"pa_okvir-nincs-keret","21":"pa_podokvir-igen","22":"pa_podokvir-nem","24":"first","25":"onbackorder","26":"purchasable","27":"product-type-variable","28":"has-default-attributes"},"acf":[],"yoast_head":"<!-- This site is optimized with the Yoast SEO Premium plugin v26.0 (Yoast SEO v27.2) - https:\/\/yoast.com\/product\/yoast-seo-premium-wordpress\/ -->\n<title>Paul Gauguin - Portrait of the Artist with the Yellow Christ - SVETSLIK.SI - 100% k\u00e9zzel festett<\/title>\n<meta name=\"description\" content=\"Paul Gauguin - Portrait of the Artist with the Yellow Christ - 100% k\u00e9zzel festett h\u00edres festm\u00e9nyek reprodukci\u00f3i. Festm\u00e9nyek keretez\u00e9se, elad\u00e1sa \u00e9s egyedi rendel\u00e9sre t\u00f6rt\u00e9n\u0151 v\u00e1szonk\u00e9pek k\u00e9sz\u00edt\u00e9se.\" \/>\n<meta name=\"robots\" content=\"index, follow, max-snippet:-1, max-image-preview:large, max-video-preview:-1\" \/>\n<link rel=\"canonical\" href=\"https:\/\/svetslik.si\/hu\/paul-gauguin-hu\/portrait-of-the-artist-with-the-yellow-christ\/\" \/>\n<meta property=\"og:locale\" content=\"hu_HU\" \/>\n<meta property=\"og:type\" content=\"article\" \/>\n<meta property=\"og:title\" content=\"Paul Gauguin - Portrait of the Artist with the Yellow Christ\" \/>\n<meta property=\"og:description\" content=\"100% ro\u010dno naslikane slike na platnu, reprodukcije znanih slikarjev in umetni\u0161ke slike po naro\u010dilu.\" \/>\n<meta property=\"og:url\" content=\"https:\/\/svetslik.si\/hu\/paul-gauguin-hu\/portrait-of-the-artist-with-the-yellow-christ\/\" \/>\n<meta property=\"og:site_name\" content=\"SVETSLIK.SI\" \/>\n<meta property=\"article:publisher\" content=\"https:\/\/www.facebook.com\/svetslik.si\" \/>\n<meta property=\"article:modified_time\" content=\"2026-03-22T20:30:21+00:00\" \/>\n<meta property=\"og:image\" content=\"https:\/\/svetslik.si\/wp-content\/uploads\/2021\/08\/image_Portrait-of-the-Artist-with-the-Yellow-Christ-Paul-Gauguin_680-scaled.jpg\" \/>\n\t<meta property=\"og:image:width\" content=\"2560\" \/>\n\t<meta property=\"og:image:height\" content=\"2131\" \/>\n\t<meta property=\"og:image:type\" content=\"image\/jpeg\" \/>\n<meta name=\"twitter:card\" content=\"summary_large_image\" \/>\n<meta name=\"twitter:site\" content=\"@svetslik\" \/>\n<meta name=\"twitter:label1\" content=\"El\u00e9rhet\u0151s\u00e9g\" \/>\n\t<meta name=\"twitter:data1\" content=\"Beszerz\u00e9s alatt\" \/>\n<script type=\"application\/ld+json\" class=\"yoast-schema-graph\">{\"@context\":\"https:\/\/schema.org\",\"@graph\":[{\"@type\":[\"WebPage\",\"ItemPage\"],\"@id\":\"https:\/\/svetslik.si\/hu\/paul-gauguin-hu\/portrait-of-the-artist-with-the-yellow-christ\/\",\"url\":\"https:\/\/svetslik.si\/hu\/paul-gauguin-hu\/portrait-of-the-artist-with-the-yellow-christ\/\",\"name\":\"Paul Gauguin - Portrait of the Artist with the Yellow Christ - SVETSLIK.SI - 100% k\u00e9zzel festett\",\"isPartOf\":{\"@id\":\"https:\/\/svetslik.si\/hu\/#website\"},\"primaryImageOfPage\":{\"@id\":\"https:\/\/svetslik.si\/hu\/paul-gauguin-hu\/portrait-of-the-artist-with-the-yellow-christ\/#primaryimage\"},\"image\":{\"@id\":\"https:\/\/svetslik.si\/hu\/paul-gauguin-hu\/portrait-of-the-artist-with-the-yellow-christ\/#primaryimage\"},\"thumbnailUrl\":\"https:\/\/svetslik.si\/wp-content\/uploads\/2021\/08\/image_Portrait-of-the-Artist-with-the-Yellow-Christ-Paul-Gauguin_680-scaled.jpg\",\"datePublished\":\"2021-09-02T15:51:14+00:00\",\"dateModified\":\"2026-03-22T20:30:21+00:00\",\"description\":\"Paul Gauguin - Portrait of the Artist with the Yellow Christ - 100% k\u00e9zzel festett h\u00edres festm\u00e9nyek reprodukci\u00f3i. Festm\u00e9nyek keretez\u00e9se, elad\u00e1sa \u00e9s egyedi rendel\u00e9sre t\u00f6rt\u00e9n\u0151 v\u00e1szonk\u00e9pek k\u00e9sz\u00edt\u00e9se.\",\"breadcrumb\":{\"@id\":\"https:\/\/svetslik.si\/hu\/paul-gauguin-hu\/portrait-of-the-artist-with-the-yellow-christ\/#breadcrumb\"},\"inLanguage\":\"hu\",\"potentialAction\":[{\"@type\":\"ReadAction\",\"target\":[\"https:\/\/svetslik.si\/hu\/paul-gauguin-hu\/portrait-of-the-artist-with-the-yellow-christ\/\"]}]},{\"@type\":\"ImageObject\",\"inLanguage\":\"hu\",\"@id\":\"https:\/\/svetslik.si\/hu\/paul-gauguin-hu\/portrait-of-the-artist-with-the-yellow-christ\/#primaryimage\",\"url\":\"https:\/\/svetslik.si\/wp-content\/uploads\/2021\/08\/image_Portrait-of-the-Artist-with-the-Yellow-Christ-Paul-Gauguin_680-scaled.jpg\",\"contentUrl\":\"https:\/\/svetslik.si\/wp-content\/uploads\/2021\/08\/image_Portrait-of-the-Artist-with-the-Yellow-Christ-Paul-Gauguin_680-scaled.jpg\",\"width\":2560,\"height\":2131,\"caption\":\"Paul Gauguin - Portrait of the Artist with the Yellow Christ - Paul Gauguin - Az M\u0171v\u00e9sz portr\u00e9ja a S\u00e1rga Krisztussal - REPRODUKCI\u00d3I - V\u00e1szonk\u00e9p - Festm\u00e9nyek reprodukci\u00f3i - Absztrakt Festm\u00e9ny - Modern Festm\u00e9ny - Realisztikus Festm\u00e9ny - Olajfestm\u00e9ny - Falik\u00e9p\"},{\"@type\":\"BreadcrumbList\",\"@id\":\"https:\/\/svetslik.si\/hu\/paul-gauguin-hu\/portrait-of-the-artist-with-the-yellow-christ\/#breadcrumb\",\"itemListElement\":[{\"@type\":\"ListItem\",\"position\":1,\"name\":\"Wall art and paintings on canvas\",\"item\":\"https:\/\/svetslik.si\/hu\/\"},{\"@type\":\"ListItem\",\"position\":2,\"name\":\"Festm\u00e9nyek elad\u00e1sa\",\"item\":\"https:\/\/svetslik.si\/prodaja-slik\/\"},{\"@type\":\"ListItem\",\"position\":3,\"name\":\"Paul Gauguin &#8211; Portrait of the Artist with the Yellow Christ\"}]},{\"@type\":\"WebSite\",\"@id\":\"https:\/\/svetslik.si\/hu\/#website\",\"url\":\"https:\/\/svetslik.si\/hu\/\",\"name\":\"SVETSLIK.SI\",\"description\":\"100%-ban k\u00e9zzel festett reprodukci\u00f3k h\u00edres fest\u0151k festm\u00e9nyeir\u0151l \u00e9s festm\u00e9nyekr\u0151l v\u00e1szonra.\",\"publisher\":{\"@id\":\"https:\/\/svetslik.si\/hu\/#organization\"},\"potentialAction\":[{\"@type\":\"SearchAction\",\"target\":{\"@type\":\"EntryPoint\",\"urlTemplate\":\"https:\/\/svetslik.si\/hu\/?s={search_term_string}\"},\"query-input\":{\"@type\":\"PropertyValueSpecification\",\"valueRequired\":true,\"valueName\":\"search_term_string\"}}],\"inLanguage\":\"hu\"},{\"@type\":\"Organization\",\"@id\":\"https:\/\/svetslik.si\/hu\/#organization\",\"name\":\"SvetSlik.si\",\"url\":\"https:\/\/svetslik.si\/hu\/\",\"logo\":{\"@type\":\"ImageObject\",\"inLanguage\":\"hu\",\"@id\":\"https:\/\/svetslik.si\/hu\/#\/schema\/logo\/image\/\",\"url\":\"https:\/\/svetslik.si\/wp-content\/uploads\/2020\/12\/logo-512.png\",\"contentUrl\":\"https:\/\/svetslik.si\/wp-content\/uploads\/2020\/12\/logo-512.png\",\"width\":512,\"height\":512,\"caption\":\"SvetSlik.si\"},\"image\":{\"@id\":\"https:\/\/svetslik.si\/hu\/#\/schema\/logo\/image\/\"},\"sameAs\":[\"https:\/\/www.facebook.com\/svetslik.si\",\"https:\/\/x.com\/svetslik\",\"https:\/\/www.instagram.com\/svetslik.si\/\",\"https:\/\/www.linkedin.com\/company\/svetslik-si\"]}]}<\/script>\n<meta property=\"og:availability\" content=\"backorder\" \/>\n<meta property=\"product:availability\" content=\"available for order\" \/>\n<meta property=\"product:retailer_item_id\" content=\"231__\" \/>\n<meta property=\"product:condition\" content=\"new\" \/>\n<!-- \/ Yoast SEO Premium plugin. -->","yoast_head_json":{"title":"Paul Gauguin - Portrait of the Artist with the Yellow Christ - SVETSLIK.SI - 100% k\u00e9zzel festett","description":"Paul Gauguin - Portrait of the Artist with the Yellow Christ - 100% k\u00e9zzel festett h\u00edres festm\u00e9nyek reprodukci\u00f3i. Festm\u00e9nyek keretez\u00e9se, elad\u00e1sa \u00e9s egyedi rendel\u00e9sre t\u00f6rt\u00e9n\u0151 v\u00e1szonk\u00e9pek k\u00e9sz\u00edt\u00e9se.","robots":{"index":"index","follow":"follow","max-snippet":"max-snippet:-1","max-image-preview":"max-image-preview:large","max-video-preview":"max-video-preview:-1"},"canonical":"https:\/\/svetslik.si\/hu\/paul-gauguin-hu\/portrait-of-the-artist-with-the-yellow-christ\/","og_locale":"hu_HU","og_type":"article","og_title":"Paul Gauguin - Portrait of the Artist with the Yellow Christ","og_description":"100% ro\u010dno naslikane slike na platnu, reprodukcije znanih slikarjev in umetni\u0161ke slike po naro\u010dilu.","og_url":"https:\/\/svetslik.si\/hu\/paul-gauguin-hu\/portrait-of-the-artist-with-the-yellow-christ\/","og_site_name":"SVETSLIK.SI","article_publisher":"https:\/\/www.facebook.com\/svetslik.si","article_modified_time":"2026-03-22T20:30:21+00:00","og_image":[{"width":2560,"height":2131,"url":"https:\/\/svetslik.si\/wp-content\/uploads\/2021\/08\/image_Portrait-of-the-Artist-with-the-Yellow-Christ-Paul-Gauguin_680-scaled.jpg","type":"image\/jpeg"}],"twitter_card":"summary_large_image","twitter_site":"@svetslik","twitter_misc":{"El\u00e9rhet\u0151s\u00e9g":"Beszerz\u00e9s alatt"},"schema":{"@context":"https:\/\/schema.org","@graph":[{"@type":["WebPage","ItemPage"],"@id":"https:\/\/svetslik.si\/hu\/paul-gauguin-hu\/portrait-of-the-artist-with-the-yellow-christ\/","url":"https:\/\/svetslik.si\/hu\/paul-gauguin-hu\/portrait-of-the-artist-with-the-yellow-christ\/","name":"Paul Gauguin - Portrait of the Artist with the Yellow Christ - SVETSLIK.SI - 100% k\u00e9zzel festett","isPartOf":{"@id":"https:\/\/svetslik.si\/hu\/#website"},"primaryImageOfPage":{"@id":"https:\/\/svetslik.si\/hu\/paul-gauguin-hu\/portrait-of-the-artist-with-the-yellow-christ\/#primaryimage"},"image":{"@id":"https:\/\/svetslik.si\/hu\/paul-gauguin-hu\/portrait-of-the-artist-with-the-yellow-christ\/#primaryimage"},"thumbnailUrl":"https:\/\/svetslik.si\/wp-content\/uploads\/2021\/08\/image_Portrait-of-the-Artist-with-the-Yellow-Christ-Paul-Gauguin_680-scaled.jpg","datePublished":"2021-09-02T15:51:14+00:00","dateModified":"2026-03-22T20:30:21+00:00","description":"Paul Gauguin - Portrait of the Artist with the Yellow Christ - 100% k\u00e9zzel festett h\u00edres festm\u00e9nyek reprodukci\u00f3i. Festm\u00e9nyek keretez\u00e9se, elad\u00e1sa \u00e9s egyedi rendel\u00e9sre t\u00f6rt\u00e9n\u0151 v\u00e1szonk\u00e9pek k\u00e9sz\u00edt\u00e9se.","breadcrumb":{"@id":"https:\/\/svetslik.si\/hu\/paul-gauguin-hu\/portrait-of-the-artist-with-the-yellow-christ\/#breadcrumb"},"inLanguage":"hu","potentialAction":[{"@type":"ReadAction","target":["https:\/\/svetslik.si\/hu\/paul-gauguin-hu\/portrait-of-the-artist-with-the-yellow-christ\/"]}]},{"@type":"ImageObject","inLanguage":"hu","@id":"https:\/\/svetslik.si\/hu\/paul-gauguin-hu\/portrait-of-the-artist-with-the-yellow-christ\/#primaryimage","url":"https:\/\/svetslik.si\/wp-content\/uploads\/2021\/08\/image_Portrait-of-the-Artist-with-the-Yellow-Christ-Paul-Gauguin_680-scaled.jpg","contentUrl":"https:\/\/svetslik.si\/wp-content\/uploads\/2021\/08\/image_Portrait-of-the-Artist-with-the-Yellow-Christ-Paul-Gauguin_680-scaled.jpg","width":2560,"height":2131,"caption":"Paul Gauguin - Portrait of the Artist with the Yellow Christ - Paul Gauguin - Az M\u0171v\u00e9sz portr\u00e9ja a S\u00e1rga Krisztussal - REPRODUKCI\u00d3I - V\u00e1szonk\u00e9p - Festm\u00e9nyek reprodukci\u00f3i - Absztrakt Festm\u00e9ny - Modern Festm\u00e9ny - Realisztikus Festm\u00e9ny - Olajfestm\u00e9ny - Falik\u00e9p"},{"@type":"BreadcrumbList","@id":"https:\/\/svetslik.si\/hu\/paul-gauguin-hu\/portrait-of-the-artist-with-the-yellow-christ\/#breadcrumb","itemListElement":[{"@type":"ListItem","position":1,"name":"Wall art and paintings on canvas","item":"https:\/\/svetslik.si\/hu\/"},{"@type":"ListItem","position":2,"name":"Festm\u00e9nyek elad\u00e1sa","item":"https:\/\/svetslik.si\/prodaja-slik\/"},{"@type":"ListItem","position":3,"name":"Paul Gauguin &#8211; Portrait of the Artist with the Yellow Christ"}]},{"@type":"WebSite","@id":"https:\/\/svetslik.si\/hu\/#website","url":"https:\/\/svetslik.si\/hu\/","name":"SVETSLIK.SI","description":"100%-ban k\u00e9zzel festett reprodukci\u00f3k h\u00edres fest\u0151k festm\u00e9nyeir\u0151l \u00e9s festm\u00e9nyekr\u0151l v\u00e1szonra.","publisher":{"@id":"https:\/\/svetslik.si\/hu\/#organization"},"potentialAction":[{"@type":"SearchAction","target":{"@type":"EntryPoint","urlTemplate":"https:\/\/svetslik.si\/hu\/?s={search_term_string}"},"query-input":{"@type":"PropertyValueSpecification","valueRequired":true,"valueName":"search_term_string"}}],"inLanguage":"hu"},{"@type":"Organization","@id":"https:\/\/svetslik.si\/hu\/#organization","name":"SvetSlik.si","url":"https:\/\/svetslik.si\/hu\/","logo":{"@type":"ImageObject","inLanguage":"hu","@id":"https:\/\/svetslik.si\/hu\/#\/schema\/logo\/image\/","url":"https:\/\/svetslik.si\/wp-content\/uploads\/2020\/12\/logo-512.png","contentUrl":"https:\/\/svetslik.si\/wp-content\/uploads\/2020\/12\/logo-512.png","width":512,"height":512,"caption":"SvetSlik.si"},"image":{"@id":"https:\/\/svetslik.si\/hu\/#\/schema\/logo\/image\/"},"sameAs":["https:\/\/www.facebook.com\/svetslik.si","https:\/\/x.com\/svetslik","https:\/\/www.instagram.com\/svetslik.si\/","https:\/\/www.linkedin.com\/company\/svetslik-si"]}]},"og_availability":"backorder","product_availability":"available for order","product_retailer_item_id":"231__","product_condition":"new"},"jetpack_sharing_enabled":true,"_links":{"self":[{"href":"https:\/\/svetslik.si\/hu\/wp-json\/wp\/v2\/product\/53288","targetHints":{"allow":["GET"]}}],"collection":[{"href":"https:\/\/svetslik.si\/hu\/wp-json\/wp\/v2\/product"}],"about":[{"href":"https:\/\/svetslik.si\/hu\/wp-json\/wp\/v2\/types\/product"}],"wp:featuredmedia":[{"embeddable":true,"href":"https:\/\/svetslik.si\/hu\/wp-json\/wp\/v2\/media\/49932"}],"wp:attachment":[{"href":"https:\/\/svetslik.si\/hu\/wp-json\/wp\/v2\/media?parent=53288"}],"wp:term":[{"taxonomy":"product_brand","embeddable":true,"href":"https:\/\/svetslik.si\/hu\/wp-json\/wp\/v2\/product_brand?post=53288"},{"taxonomy":"product_cat","embeddable":true,"href":"https:\/\/svetslik.si\/hu\/wp-json\/wp\/v2\/product_cat?post=53288"},{"taxonomy":"product_tag","embeddable":true,"href":"https:\/\/svetslik.si\/hu\/wp-json\/wp\/v2\/product_tag?post=53288"}],"curies":[{"name":"wp","href":"https:\/\/api.w.org\/{rel}","templated":true}]}}