{"id":53339,"date":"2021-09-02T17:51:34","date_gmt":"2021-09-02T15:51:34","guid":{"rendered":"https:\/\/svetslik.si\/nem-kategorizalt\/death-and-life\/"},"modified":"2026-03-22T21:31:43","modified_gmt":"2026-03-22T20:31:43","slug":"death-and-life","status":"publish","type":"product","link":"https:\/\/svetslik.si\/hu\/gustav-klimt-hu\/death-and-life\/","title":{"rendered":"Gustav Klimt &#8211; Death and Life"},"content":{"rendered":"<h1>Gustav Klimt \u2013 Hal\u00e1l \u00e9s \u00e9let<\/h1>\n<p>&nbsp;<\/p>\n<table id=\"imageinfo\" border=\"0\" width=\"96%\" cellpadding=\"2\">\n<tbody>\n<tr>\n<td width=\"120\">L\u00e9trehoz\u00e1s \u00e9ve:<\/td>\n<td>1916<\/td>\n<\/tr>\n<tr>\n<td>Eredeti m\u00e9ret:<\/td>\n<td>178 cm x 198 cm<\/td>\n<\/tr>\n<tr>\n<td>Fest\u00e9si st\u00edlus:<\/td>\n<td>Szecesszi\u00f3<\/td>\n<\/tr>\n<tr>\n<td>Eredeti technika:<\/td>\n<td>Olaj, v\u00e1szon<\/td>\n<\/tr>\n<tr>\n<td>Helysz\u00edn:<\/td>\n<td>Mag\u00e1ngy\u0171jtem\u00e9ny, Dr. Rudolf Leopold, B\u00e9cs<\/td>\n<\/tr>\n<\/tbody>\n<\/table>\n<p>&nbsp;<br \/>\nAz <\/p>\n<div>Olaj, v\u00e1szon <em>Hal\u00e1l \u00e9s \u00e9let<\/em> egy\u00e9rtelm\u0171en k\u00e9t r\u00e9szre oszlik. A festm\u00e9ny bal oldal\u00e1n a Hal\u00e1l mosolyg\u00f3s kopony\u00e1val, szimb\u00f3lumokkal bor\u00edtott s\u00f6t\u00e9t k\u00f6penybe \u00f6lt\u00f6z\u00f6tt. A festm\u00e9ny jobb oldal\u00e1n Klimt az \u00c9letet \u00e1br\u00e1zolta t\u00f6bb fiatal n\u0151vel egy vir\u00e1g\u00e1gyon. Egy f\u00e9rfi alak tartja az egyik n\u0151t, a csoport k\u00f6zep\u00e9n pedig egy id\u0151sebb n\u0151 fekszik, f\u00f6l\u00f6tte egy baba. A k\u00e9pnek ezen a r\u00e9sz\u00e9n is szimb\u00f3lumok bor\u00edtj\u00e1k a festett figur\u00e1kat.<\/div>\n<div><\/div>\n<div>Gustav Klimt Hal\u00e1l \u00e9s \u00e9let c\u00edm\u0171 festm\u00e9nye a szecesszi\u00f3s mozgalom remeke, \u00e9s az osztr\u00e1k fest\u0151 egyik legh\u00edresebb \u00e9s legismertebb alkot\u00e1sa. A k\u00e9p az \u00e9let \u00e9s hal\u00e1l k\u00f6rforg\u00e1s\u00e1t \u00e9s a l\u00e9tez\u00e9s kett\u0151ss\u00e9g\u00e9t \u00e1br\u00e1zolja.<\/div>\n<div>\n<p>A &#8220;Hal\u00e1l \u00e9s \u00e9let&#8221; egy k\u00f6r\u00fclbel\u00fcl 150 cm x 150 cm m\u00e9ret\u0171 olajfestm\u00e9ny v\u00e1szonra. Egy csoport embert \u00e1br\u00e1zol, akik k\u00f6z\u00fcl n\u00e9h\u00e1nyan t\u00e1ncolnak \u00e9s \u00f6r\u00fclnek, m\u00edg m\u00e1sok a f\u00f6ld\u00f6n fekszenek, \u00e9s a hal\u00e1lt jelk\u00e9pezik. A festm\u00e9nyt mer\u00e9sz sz\u00ednhaszn\u00e1lat, egyedi mozg\u00e1s- \u00e9s \u00e9rzelem\u00e9rz\u00e9k jellemzi. A figur\u00e1k arany, ez\u00fcst \u00e9s feh\u00e9r \u00e1rnyalatokkal, a h\u00e1tt\u00e9r pedig k\u00e9k \u00e9s lila \u00e1rnyalatokkal vannak festve, ami m\u00e9lys\u00e9g \u00e9s mozg\u00e1s \u00e9rzetet ad a festm\u00e9nyen. Ezen a festm\u00e9nyen aranylev\u00e9l is szerepel, amelyet Klimt sok munk\u00e1j\u00e1ban haszn\u00e1lt.<\/p>\n<p>A festm\u00e9ny az \u00e9let \u00e9s hal\u00e1l k\u00f6rforg\u00e1s\u00e1t \u00e9s a l\u00e9tez\u00e9s kett\u0151ss\u00e9g\u00e9t \u00e1br\u00e1zolja. A t\u00e1ncol\u00f3 \u00e9s ujjong\u00f3 figur\u00e1k az \u00e9let vibr\u00e1l\u00e1s\u00e1t \u00e9s vitalit\u00e1s\u00e1t, a f\u00f6ld\u00f6n hever\u0151 alakok pedig a hal\u00e1l v\u00e9glegess\u00e9g\u00e9t. A bonyolult geometriai mint\u00e1kkal d\u00edsz\u00edtett h\u00e1tt\u00e9r harm\u00f3ni\u00e1t \u00e9s rendet k\u00e9pvisel az univerzumban. A festm\u00e9ny \u00e9let-hal\u00e1l k\u00f6rforg\u00e1sa \u00e9s a l\u00e9tez\u00e9s kett\u0151ss\u00e9ge ir\u00e1nti \u00e9rz\u00e9seket \u00e9breszt.<\/p>\n<p>Klimt &#8220;Hal\u00e1l \u00e9s \u00e9let&#8221; c\u00edm\u0171 festm\u00e9nye a szecesszi\u00f3s mozgalom remekm\u0171ve, \u00e9s a m\u0171v\u00e9sz egyik legikonikusabb alkot\u00e1sak\u00e9nt tartj\u00e1k sz\u00e1mon. Az \u00e9let \u00e9s hal\u00e1l k\u00f6rforg\u00e1s\u00e1t \u00e9s a l\u00e9tez\u00e9s kett\u0151ss\u00e9g\u00e9t k\u00e9pviseli. A festm\u00e9nyt a m\u0171v\u00e9szet szerelmeseinek l\u00e1tnia kell, \u00e9s nagyszer\u0171 kieg\u00e9sz\u00edt\u0151je b\u00e1rmely m\u0171v\u00e9szeti gy\u0171jtem\u00e9nynek.<\/p>\n<p>R\u00f6viden, Gustav Klimt &#8220;Hal\u00e1l \u00e9s \u00e9let&#8221; c\u00edm\u0171 festm\u00e9nye a szecesszi\u00f3s mozgalom remeke, \u00e9s az osztr\u00e1k fest\u0151 egyik legh\u00edresebb \u00e9s legismertebb alkot\u00e1sa. Az \u00e9let \u00e9s hal\u00e1l k\u00f6rforg\u00e1s\u00e1r\u00f3l \u00e9s a l\u00e9tez\u00e9s kett\u0151ss\u00e9g\u00e9r\u0151l sz\u00f3l. A festm\u00e9ny \u00e9let-hal\u00e1l k\u00f6rforg\u00e1sa \u00e9s a l\u00e9tez\u00e9s kett\u0151ss\u00e9ge ir\u00e1nti \u00e9rz\u00e9seket \u00e9breszt, er\u0151teljes \u00e9s \u00f6szt\u00f6nz\u0151 alkot\u00e1ss\u00e1 teszi. Az aranylev\u00e9l haszn\u00e1lata \u00e9s a h\u00e1tt\u00e9rben tal\u00e1lhat\u00f3 bonyolult geometriai mint\u00e1k egyedi \u00e9s felt\u0171n\u0151 elemet adnak a k\u00e9pnek, \u00edgy a k\u00e9p val\u00f3ban kiemelkedik. Ez egy nagyszer\u0171 m\u00f3dja annak, hogy egy csipetnyi \u00e9rtelmet \u00e9s \u00e9rzelmet adjon b\u00e1rmely helyis\u00e9ghez. A festm\u00e9ny a sz\u00e9ps\u00e9get, az eleganci\u00e1t \u00e9s a j\u00f3l\u00e9tet is k\u00e9pviseli, \u00edgy remek darab azok sz\u00e1m\u00e1ra, akik egy csipetnyi luxust szeretn\u00e9nek lakberendez\u00e9s\u00fckbe var\u00e1zsolni. A festm\u00e9ny az \u00e9let muland\u00f3s\u00e1g\u00e1ra \u00e9s a hal\u00e1l elker\u00fclhetetlens\u00e9g\u00e9re eml\u00e9keztet, egy\u00fattal arra is, hogy \u00e9rt\u00e9kelj\u00fck \u00e9s \u00fcnnepelj\u00fck \u00e9let\u00fcnket. Er\u0151teljes eml\u00e9keztet\u0151, hogy a jelenben \u00e9lj\u00fcnk, \u00e1poljunk minden pillanatot, \u00e9s hozzuk ki a legt\u00f6bbet a rendelkez\u00e9s\u00fcnkre \u00e1ll\u00f3 id\u0151b\u0151l. Gustav Klimt &#8220;Hal\u00e1l \u00e9s \u00e9let&#8221; c\u00edm\u0171 festm\u00e9nye \u00e1ltal\u00e1ban k\u00f6telez\u0151 a m\u0171v\u00e9szet szerelmeseinek, \u00e9s nagyszer\u0171 kieg\u00e9sz\u00edt\u0151je b\u00e1rmely m\u0171v\u00e9szeti gy\u0171jtem\u00e9nynek. \u00c1lland\u00f3an eml\u00e9keztetni fogja az \u00e9let \u00e9s hal\u00e1l k\u00f6rforg\u00e1s\u00e1t \u00e9s a l\u00e9tez\u00e9s kett\u0151ss\u00e9g\u00e9t, valamint gy\u00f6ny\u00f6r\u0171 \u00e9s felt\u0171n\u0151 kieg\u00e9sz\u00edt\u0151je lesz minden lakberendez\u00e9snek.<\/p>\n<\/div>\n<div><\/div>\n<div><\/div>\n","protected":false},"excerpt":{"rendered":"<p>Gustav Klimt \u2013 Hal\u00e1l \u00e9s \u00e9let &nbsp; L\u00e9trehoz\u00e1s \u00e9ve: 1916 Eredeti m\u00e9ret: 178 cm x 198 cm Fest\u00e9si st\u00edlus: Szecesszi\u00f3 Eredeti technika: Olaj, v\u00e1szon Helysz\u00edn: Mag\u00e1ngy\u0171jtem\u00e9ny, Dr. Rudolf Leopold, B\u00e9cs &nbsp; Az Olaj, v\u00e1szon Hal\u00e1l \u00e9s \u00e9let egy\u00e9rtelm\u0171en k\u00e9t r\u00e9szre oszlik. A festm\u00e9ny bal oldal\u00e1n a Hal\u00e1l mosolyg\u00f3s kopony\u00e1val, szimb\u00f3lumokkal [&hellip;]<\/p>\n","protected":false},"featured_media":49456,"template":"","meta":{"_acf_changed":false},"product_brand":[],"product_cat":[7143],"product_tag":[7170,7174,11885,11886,11887],"class_list":{"0":"post-53339","1":"product","2":"type-product","3":"status-publish","4":"has-post-thumbnail","6":"product_cat-gustav-klimt-hu","7":"product_tag-gustav-klimt-hu","8":"product_tag-klimt-hu","9":"product_tag-painter-hu","10":"product_tag-reproduction","11":"product_tag-reproductions-hu","12":"pa_dimenzija-100-x-90-cm-hu","13":"pa_dimenzija-120-x-110-cm-hu","14":"pa_dimenzija-140-x-130-cm-hu","15":"pa_dimenzija-160-x-140-cm-hu","16":"pa_dimenzija-180-x-160-cm-hu","17":"pa_dimenzija-198-x-178-cm-hu","18":"pa_dimenzija-250-x-225-cm-hu","19":"pa_dimenzija-60-x-55-cm-hu","20":"pa_dimenzija-80-x-70-cm-hu","21":"pa_dimenzija-90-x-80-cm-hu","22":"pa_oblika-vizszintes","23":"pa_okvir-nincs-keret","24":"pa_podokvir-igen","25":"pa_podokvir-nem","27":"first","28":"onbackorder","29":"purchasable","30":"product-type-variable","31":"has-default-attributes"},"acf":[],"yoast_head":"<!-- This site is optimized with the Yoast SEO Premium plugin v26.0 (Yoast SEO v27.2) - https:\/\/yoast.com\/product\/yoast-seo-premium-wordpress\/ -->\n<title>Gustav Klimt - Death and Life - SVETSLIK.SI - 100% k\u00e9zzel festett<\/title>\n<meta name=\"description\" content=\"Gustav Klimt - Death and Life - 100% k\u00e9zzel festett h\u00edres festm\u00e9nyek reprodukci\u00f3i. Festm\u00e9nyek keretez\u00e9se, elad\u00e1sa \u00e9s egyedi rendel\u00e9sre t\u00f6rt\u00e9n\u0151 v\u00e1szonk\u00e9pek k\u00e9sz\u00edt\u00e9se.\" \/>\n<meta name=\"robots\" content=\"index, follow, max-snippet:-1, max-image-preview:large, max-video-preview:-1\" \/>\n<link rel=\"canonical\" href=\"https:\/\/svetslik.si\/hu\/gustav-klimt-hu\/death-and-life\/\" \/>\n<meta property=\"og:locale\" content=\"hu_HU\" \/>\n<meta property=\"og:type\" content=\"article\" \/>\n<meta property=\"og:title\" content=\"Gustav Klimt - Death and Life\" \/>\n<meta property=\"og:description\" content=\"100% ro\u010dno naslikane slike na platnu, reprodukcije znanih slikarjev in umetni\u0161ke slike po naro\u010dilu.\" \/>\n<meta property=\"og:url\" content=\"https:\/\/svetslik.si\/hu\/gustav-klimt-hu\/death-and-life\/\" \/>\n<meta property=\"og:site_name\" content=\"SVETSLIK.SI\" \/>\n<meta property=\"article:publisher\" content=\"https:\/\/www.facebook.com\/svetslik.si\" \/>\n<meta property=\"article:modified_time\" content=\"2026-03-22T20:31:43+00:00\" \/>\n<meta property=\"og:image\" content=\"https:\/\/svetslik.si\/wp-content\/uploads\/2021\/08\/image_Death-and-Life-Gustav-Klimt_680.jpg\" \/>\n\t<meta property=\"og:image:width\" content=\"1200\" \/>\n\t<meta property=\"og:image:height\" content=\"848\" \/>\n\t<meta property=\"og:image:type\" content=\"image\/jpeg\" \/>\n<meta name=\"twitter:card\" content=\"summary_large_image\" \/>\n<meta name=\"twitter:site\" content=\"@svetslik\" \/>\n<meta name=\"twitter:label1\" content=\"El\u00e9rhet\u0151s\u00e9g\" \/>\n\t<meta name=\"twitter:data1\" content=\"Beszerz\u00e9s alatt\" \/>\n<script type=\"application\/ld+json\" class=\"yoast-schema-graph\">{\"@context\":\"https:\/\/schema.org\",\"@graph\":[{\"@type\":[\"WebPage\",\"ItemPage\"],\"@id\":\"https:\/\/svetslik.si\/hu\/gustav-klimt-hu\/death-and-life\/\",\"url\":\"https:\/\/svetslik.si\/hu\/gustav-klimt-hu\/death-and-life\/\",\"name\":\"Gustav Klimt - Death and Life - SVETSLIK.SI - 100% k\u00e9zzel festett\",\"isPartOf\":{\"@id\":\"https:\/\/svetslik.si\/hu\/#website\"},\"primaryImageOfPage\":{\"@id\":\"https:\/\/svetslik.si\/hu\/gustav-klimt-hu\/death-and-life\/#primaryimage\"},\"image\":{\"@id\":\"https:\/\/svetslik.si\/hu\/gustav-klimt-hu\/death-and-life\/#primaryimage\"},\"thumbnailUrl\":\"https:\/\/svetslik.si\/wp-content\/uploads\/2021\/08\/image_Death-and-Life-Gustav-Klimt_680.jpg\",\"datePublished\":\"2021-09-02T15:51:34+00:00\",\"dateModified\":\"2026-03-22T20:31:43+00:00\",\"description\":\"Gustav Klimt - Death and Life - 100% k\u00e9zzel festett h\u00edres festm\u00e9nyek reprodukci\u00f3i. Festm\u00e9nyek keretez\u00e9se, elad\u00e1sa \u00e9s egyedi rendel\u00e9sre t\u00f6rt\u00e9n\u0151 v\u00e1szonk\u00e9pek k\u00e9sz\u00edt\u00e9se.\",\"breadcrumb\":{\"@id\":\"https:\/\/svetslik.si\/hu\/gustav-klimt-hu\/death-and-life\/#breadcrumb\"},\"inLanguage\":\"hu\",\"potentialAction\":[{\"@type\":\"ReadAction\",\"target\":[\"https:\/\/svetslik.si\/hu\/gustav-klimt-hu\/death-and-life\/\"]}]},{\"@type\":\"ImageObject\",\"inLanguage\":\"hu\",\"@id\":\"https:\/\/svetslik.si\/hu\/gustav-klimt-hu\/death-and-life\/#primaryimage\",\"url\":\"https:\/\/svetslik.si\/wp-content\/uploads\/2021\/08\/image_Death-and-Life-Gustav-Klimt_680.jpg\",\"contentUrl\":\"https:\/\/svetslik.si\/wp-content\/uploads\/2021\/08\/image_Death-and-Life-Gustav-Klimt_680.jpg\",\"width\":1200,\"height\":848,\"caption\":\"Gustav Klimt - Death and Life - Hal\u00e1l \u00e9s \u00e9let - Festm\u00e9nyek reprodukci\u00f3i - Absztrakt Festm\u00e9ny - Modern Festm\u00e9ny - Realisztikus Festm\u00e9ny - Olajfestm\u00e9ny - Falik\u00e9p\"},{\"@type\":\"BreadcrumbList\",\"@id\":\"https:\/\/svetslik.si\/hu\/gustav-klimt-hu\/death-and-life\/#breadcrumb\",\"itemListElement\":[{\"@type\":\"ListItem\",\"position\":1,\"name\":\"Wall art and paintings on canvas\",\"item\":\"https:\/\/svetslik.si\/hu\/\"},{\"@type\":\"ListItem\",\"position\":2,\"name\":\"Festm\u00e9nyek elad\u00e1sa\",\"item\":\"https:\/\/svetslik.si\/prodaja-slik\/\"},{\"@type\":\"ListItem\",\"position\":3,\"name\":\"Gustav Klimt &#8211; Death and Life\"}]},{\"@type\":\"WebSite\",\"@id\":\"https:\/\/svetslik.si\/hu\/#website\",\"url\":\"https:\/\/svetslik.si\/hu\/\",\"name\":\"SVETSLIK.SI\",\"description\":\"100%-ban k\u00e9zzel festett reprodukci\u00f3k h\u00edres fest\u0151k festm\u00e9nyeir\u0151l \u00e9s festm\u00e9nyekr\u0151l v\u00e1szonra.\",\"publisher\":{\"@id\":\"https:\/\/svetslik.si\/hu\/#organization\"},\"potentialAction\":[{\"@type\":\"SearchAction\",\"target\":{\"@type\":\"EntryPoint\",\"urlTemplate\":\"https:\/\/svetslik.si\/hu\/?s={search_term_string}\"},\"query-input\":{\"@type\":\"PropertyValueSpecification\",\"valueRequired\":true,\"valueName\":\"search_term_string\"}}],\"inLanguage\":\"hu\"},{\"@type\":\"Organization\",\"@id\":\"https:\/\/svetslik.si\/hu\/#organization\",\"name\":\"SvetSlik.si\",\"url\":\"https:\/\/svetslik.si\/hu\/\",\"logo\":{\"@type\":\"ImageObject\",\"inLanguage\":\"hu\",\"@id\":\"https:\/\/svetslik.si\/hu\/#\/schema\/logo\/image\/\",\"url\":\"https:\/\/svetslik.si\/wp-content\/uploads\/2020\/12\/logo-512.png\",\"contentUrl\":\"https:\/\/svetslik.si\/wp-content\/uploads\/2020\/12\/logo-512.png\",\"width\":512,\"height\":512,\"caption\":\"SvetSlik.si\"},\"image\":{\"@id\":\"https:\/\/svetslik.si\/hu\/#\/schema\/logo\/image\/\"},\"sameAs\":[\"https:\/\/www.facebook.com\/svetslik.si\",\"https:\/\/x.com\/svetslik\",\"https:\/\/www.instagram.com\/svetslik.si\/\",\"https:\/\/www.linkedin.com\/company\/svetslik-si\"]}]}<\/script>\n<meta property=\"og:availability\" content=\"backorder\" \/>\n<meta property=\"product:availability\" content=\"available for order\" \/>\n<meta property=\"product:retailer_item_id\" content=\"238__\" \/>\n<meta property=\"product:condition\" content=\"new\" \/>\n<!-- \/ Yoast SEO Premium plugin. -->","yoast_head_json":{"title":"Gustav Klimt - Death and Life - SVETSLIK.SI - 100% k\u00e9zzel festett","description":"Gustav Klimt - Death and Life - 100% k\u00e9zzel festett h\u00edres festm\u00e9nyek reprodukci\u00f3i. Festm\u00e9nyek keretez\u00e9se, elad\u00e1sa \u00e9s egyedi rendel\u00e9sre t\u00f6rt\u00e9n\u0151 v\u00e1szonk\u00e9pek k\u00e9sz\u00edt\u00e9se.","robots":{"index":"index","follow":"follow","max-snippet":"max-snippet:-1","max-image-preview":"max-image-preview:large","max-video-preview":"max-video-preview:-1"},"canonical":"https:\/\/svetslik.si\/hu\/gustav-klimt-hu\/death-and-life\/","og_locale":"hu_HU","og_type":"article","og_title":"Gustav Klimt - Death and Life","og_description":"100% ro\u010dno naslikane slike na platnu, reprodukcije znanih slikarjev in umetni\u0161ke slike po naro\u010dilu.","og_url":"https:\/\/svetslik.si\/hu\/gustav-klimt-hu\/death-and-life\/","og_site_name":"SVETSLIK.SI","article_publisher":"https:\/\/www.facebook.com\/svetslik.si","article_modified_time":"2026-03-22T20:31:43+00:00","og_image":[{"width":1200,"height":848,"url":"https:\/\/svetslik.si\/wp-content\/uploads\/2021\/08\/image_Death-and-Life-Gustav-Klimt_680.jpg","type":"image\/jpeg"}],"twitter_card":"summary_large_image","twitter_site":"@svetslik","twitter_misc":{"El\u00e9rhet\u0151s\u00e9g":"Beszerz\u00e9s alatt"},"schema":{"@context":"https:\/\/schema.org","@graph":[{"@type":["WebPage","ItemPage"],"@id":"https:\/\/svetslik.si\/hu\/gustav-klimt-hu\/death-and-life\/","url":"https:\/\/svetslik.si\/hu\/gustav-klimt-hu\/death-and-life\/","name":"Gustav Klimt - Death and Life - SVETSLIK.SI - 100% k\u00e9zzel festett","isPartOf":{"@id":"https:\/\/svetslik.si\/hu\/#website"},"primaryImageOfPage":{"@id":"https:\/\/svetslik.si\/hu\/gustav-klimt-hu\/death-and-life\/#primaryimage"},"image":{"@id":"https:\/\/svetslik.si\/hu\/gustav-klimt-hu\/death-and-life\/#primaryimage"},"thumbnailUrl":"https:\/\/svetslik.si\/wp-content\/uploads\/2021\/08\/image_Death-and-Life-Gustav-Klimt_680.jpg","datePublished":"2021-09-02T15:51:34+00:00","dateModified":"2026-03-22T20:31:43+00:00","description":"Gustav Klimt - Death and Life - 100% k\u00e9zzel festett h\u00edres festm\u00e9nyek reprodukci\u00f3i. Festm\u00e9nyek keretez\u00e9se, elad\u00e1sa \u00e9s egyedi rendel\u00e9sre t\u00f6rt\u00e9n\u0151 v\u00e1szonk\u00e9pek k\u00e9sz\u00edt\u00e9se.","breadcrumb":{"@id":"https:\/\/svetslik.si\/hu\/gustav-klimt-hu\/death-and-life\/#breadcrumb"},"inLanguage":"hu","potentialAction":[{"@type":"ReadAction","target":["https:\/\/svetslik.si\/hu\/gustav-klimt-hu\/death-and-life\/"]}]},{"@type":"ImageObject","inLanguage":"hu","@id":"https:\/\/svetslik.si\/hu\/gustav-klimt-hu\/death-and-life\/#primaryimage","url":"https:\/\/svetslik.si\/wp-content\/uploads\/2021\/08\/image_Death-and-Life-Gustav-Klimt_680.jpg","contentUrl":"https:\/\/svetslik.si\/wp-content\/uploads\/2021\/08\/image_Death-and-Life-Gustav-Klimt_680.jpg","width":1200,"height":848,"caption":"Gustav Klimt - Death and Life - Hal\u00e1l \u00e9s \u00e9let - Festm\u00e9nyek reprodukci\u00f3i - Absztrakt Festm\u00e9ny - Modern Festm\u00e9ny - Realisztikus Festm\u00e9ny - Olajfestm\u00e9ny - Falik\u00e9p"},{"@type":"BreadcrumbList","@id":"https:\/\/svetslik.si\/hu\/gustav-klimt-hu\/death-and-life\/#breadcrumb","itemListElement":[{"@type":"ListItem","position":1,"name":"Wall art and paintings on canvas","item":"https:\/\/svetslik.si\/hu\/"},{"@type":"ListItem","position":2,"name":"Festm\u00e9nyek elad\u00e1sa","item":"https:\/\/svetslik.si\/prodaja-slik\/"},{"@type":"ListItem","position":3,"name":"Gustav Klimt &#8211; Death and Life"}]},{"@type":"WebSite","@id":"https:\/\/svetslik.si\/hu\/#website","url":"https:\/\/svetslik.si\/hu\/","name":"SVETSLIK.SI","description":"100%-ban k\u00e9zzel festett reprodukci\u00f3k h\u00edres fest\u0151k festm\u00e9nyeir\u0151l \u00e9s festm\u00e9nyekr\u0151l v\u00e1szonra.","publisher":{"@id":"https:\/\/svetslik.si\/hu\/#organization"},"potentialAction":[{"@type":"SearchAction","target":{"@type":"EntryPoint","urlTemplate":"https:\/\/svetslik.si\/hu\/?s={search_term_string}"},"query-input":{"@type":"PropertyValueSpecification","valueRequired":true,"valueName":"search_term_string"}}],"inLanguage":"hu"},{"@type":"Organization","@id":"https:\/\/svetslik.si\/hu\/#organization","name":"SvetSlik.si","url":"https:\/\/svetslik.si\/hu\/","logo":{"@type":"ImageObject","inLanguage":"hu","@id":"https:\/\/svetslik.si\/hu\/#\/schema\/logo\/image\/","url":"https:\/\/svetslik.si\/wp-content\/uploads\/2020\/12\/logo-512.png","contentUrl":"https:\/\/svetslik.si\/wp-content\/uploads\/2020\/12\/logo-512.png","width":512,"height":512,"caption":"SvetSlik.si"},"image":{"@id":"https:\/\/svetslik.si\/hu\/#\/schema\/logo\/image\/"},"sameAs":["https:\/\/www.facebook.com\/svetslik.si","https:\/\/x.com\/svetslik","https:\/\/www.instagram.com\/svetslik.si\/","https:\/\/www.linkedin.com\/company\/svetslik-si"]}]},"og_availability":"backorder","product_availability":"available for order","product_retailer_item_id":"238__","product_condition":"new"},"jetpack_sharing_enabled":true,"_links":{"self":[{"href":"https:\/\/svetslik.si\/hu\/wp-json\/wp\/v2\/product\/53339","targetHints":{"allow":["GET"]}}],"collection":[{"href":"https:\/\/svetslik.si\/hu\/wp-json\/wp\/v2\/product"}],"about":[{"href":"https:\/\/svetslik.si\/hu\/wp-json\/wp\/v2\/types\/product"}],"wp:featuredmedia":[{"embeddable":true,"href":"https:\/\/svetslik.si\/hu\/wp-json\/wp\/v2\/media\/49456"}],"wp:attachment":[{"href":"https:\/\/svetslik.si\/hu\/wp-json\/wp\/v2\/media?parent=53339"}],"wp:term":[{"taxonomy":"product_brand","embeddable":true,"href":"https:\/\/svetslik.si\/hu\/wp-json\/wp\/v2\/product_brand?post=53339"},{"taxonomy":"product_cat","embeddable":true,"href":"https:\/\/svetslik.si\/hu\/wp-json\/wp\/v2\/product_cat?post=53339"},{"taxonomy":"product_tag","embeddable":true,"href":"https:\/\/svetslik.si\/hu\/wp-json\/wp\/v2\/product_tag?post=53339"}],"curies":[{"name":"wp","href":"https:\/\/api.w.org\/{rel}","templated":true}]}}