{"id":53350,"date":"2021-09-02T17:51:44","date_gmt":"2021-09-02T15:51:44","guid":{"rendered":"https:\/\/svetslik.si\/nem-kategorizalt\/three-ages-of-woman\/"},"modified":"2026-03-22T21:31:43","modified_gmt":"2026-03-22T20:31:43","slug":"three-ages-of-woman","status":"publish","type":"product","link":"https:\/\/svetslik.si\/hu\/gustav-klimt-hu\/three-ages-of-woman\/","title":{"rendered":"Gustav Klimt &#8211; Three ages of woman"},"content":{"rendered":"<h1>Gustav Klimt \u2013 N\u0151 h\u00e1rom kora<\/h1>\n<p>&nbsp;<\/p>\n<table id=\"imageinfo\" border=\"0\" width=\"96%\" cellpadding=\"2\">\n<tbody>\n<tr>\n<td width=\"120\">L\u00e9trehoz\u00e1s \u00e9ve:<\/td>\n<td>1905<\/td>\n<\/tr>\n<tr>\n<td>Eredeti m\u00e9ret:<\/td>\n<td>178 x 198 cm<\/td>\n<\/tr>\n<tr>\n<td>Fest\u00e9si st\u00edlus:<\/td>\n<td>Szecesszi\u00f3<\/td>\n<\/tr>\n<tr>\n<td>Eredeti technika:<\/td>\n<td>Olaj, v\u00e1szon<\/td>\n<\/tr>\n<tr>\n<td>Helysz\u00edn:<\/td>\n<td>National Gallery of Modern Art (GNOM), R\u00f3ma<\/td>\n<\/tr>\n<\/tbody>\n<\/table>\n<p>&nbsp;<\/p>\n<div>Ez az \u00e1that\u00f3 festm\u00e9ny az 1905-\u00f6s <em>A n\u0151 h\u00e1rom kora<\/em> c\u00edm\u0171 festm\u00e9ny r\u00e9szlete. Klimt egy id\u0151sebb n\u0151t helyezett az olajfestm\u00e9ny bal oldal\u00e1ra, a teljes jelenet ellens\u00falyoz\u00e1sak\u00e9nt. Az alv\u00f3 any\u00e1r\u00f3l \u00e9s l\u00e1ny\u00e1r\u00f3l k\u00e9sz\u00fclt ezen a szel\u00edd portr\u00e9n Klimt az \u00f6r\u00f6k el\u00e9gedetts\u00e9g \u00e9rz\u00e9s\u00e9t fejezte ki. Ennek a festm\u00e9nynek a koncepci\u00f3ja, a felhaszn\u00e1lt sz\u00ednek \u00e9s d\u00edsz\u00edtm\u00e9nyek tele vannak kontrasztokkal, \u00e9s felt\u00e1rj\u00e1k el\u0151tt\u00fcnk m\u00faltunkat \u00e9s j\u00f6v\u0151nket.<\/div>\n<div><\/div>\n<div>Gustav Klimt &#8220;Egy n\u0151 h\u00e1rom kora&#8221; c\u00edm\u0171 festm\u00e9nye a szecesszi\u00f3s mozgalom remeke, \u00e9s az osztr\u00e1k fest\u0151 egyik legh\u00edresebb \u00e9s legismertebb alkot\u00e1sa. A k\u00e9p egy n\u0151 \u00e9let\u00e9nek k\u00fcl\u00f6nb\u00f6z\u0151 id\u0151szakait \u00e9s a hozz\u00e1juk kapcsol\u00f3d\u00f3 \u00e9rzelmeket \u00e1br\u00e1zolja.<\/div>\n<div>\n<p>&#8220;A n\u0151 h\u00e1rom kora&#8221; egy k\u00f6r\u00fclbel\u00fcl 150 cm x 150 cm m\u00e9ret\u0171 olajfestm\u00e9ny v\u00e1szonra. H\u00e1rom n\u0151 l\u00e1that\u00f3 rajta: az egyik egy anyafigur\u00e1t, a m\u00e1sodik egy fiatal n\u0151t, a harmadik pedig egy id\u0151s n\u0151t \u00e1br\u00e1zol. A festm\u00e9nyt mer\u00e9sz sz\u00ednhaszn\u00e1lat, egyedi mozg\u00e1s- \u00e9s \u00e9rzelem\u00e9rz\u00e9k jellemzi. Mindegyik figura arany, ez\u00fcst \u00e9s feh\u00e9r \u00e1rnyalatokkal, a h\u00e1tt\u00e9r k\u00e9k \u00e9s lila \u00e1rnyalatokkal van festve, \u00edgy a festm\u00e9ny a m\u00e9lys\u00e9g \u00e9s a mozg\u00e1s \u00e9rzet\u00e9t kelti. Ezen a festm\u00e9nyen aranylev\u00e9l is szerepel, amelyet Klimt sok munk\u00e1j\u00e1ban haszn\u00e1lt.<\/p>\n<p>A festm\u00e9ny egy n\u0151 \u00e9let\u00e9nek k\u00fcl\u00f6nb\u00f6z\u0151 id\u0151szakait \u00e9s a hozz\u00e1juk kapcsol\u00f3d\u00f3 \u00e9rzelmeket \u00e1br\u00e1zolja. Az anyafigura a n\u0151iess\u00e9g \u00e1pol\u00f3 \u00e9s gondoskod\u00f3 aspektus\u00e1t, a fiatal n\u0151 a fiatals\u00e1g sz\u00e9ps\u00e9g\u00e9t \u00e9s vitalit\u00e1s\u00e1t, az \u00f6regasszony pedig az id\u0151skori b\u00f6lcsess\u00e9get \u00e9s tapasztalatot k\u00e9pviseli. A bonyolult geometriai mint\u00e1kkal d\u00edsz\u00edtett h\u00e1tt\u00e9r harm\u00f3ni\u00e1t \u00e9s rendet k\u00e9pvisel az univerzumban. A k\u00e9p az \u00e9let\u00fat \u00e9rz\u00e9seit \u00e9s az azt k\u00eds\u00e9r\u0151 \u00e9rzelmeket id\u00e9zi fel.<\/p>\n<p>Klimt &#8220;Egy n\u0151 h\u00e1rom kora&#8221; c\u00edm\u0171 festm\u00e9nye a szecesszi\u00f3s mozgalom remekm\u0171ve, \u00e9s a m\u0171v\u00e9sz egyik legikonikusabb alkot\u00e1sak\u00e9nt tartj\u00e1k sz\u00e1mon. Egy n\u0151 \u00e9let\u00e9nek k\u00fcl\u00f6nb\u00f6z\u0151 id\u0151szakait \u00e9s a hozz\u00e1juk kapcsol\u00f3d\u00f3 \u00e9rzelmeket \u00e1br\u00e1zolja. A festm\u00e9ny k\u00f6telez\u0151 a m\u0171v\u00e9szet szerelmeseinek, \u00e9s nagyszer\u0171 kieg\u00e9sz\u00edt\u0151je b\u00e1rmely m\u0171v\u00e9szeti gy\u0171jtem\u00e9nynek.<\/p>\n<p>R\u00f6viden, Gustav Klimt &#8220;Egy n\u0151 h\u00e1rom kora&#8221; c\u00edm\u0171 festm\u00e9nye a szecesszi\u00f3s mozgalom remeke, \u00e9s az osztr\u00e1k fest\u0151 egyik legh\u00edresebb \u00e9s legismertebb alkot\u00e1sa. Egy n\u0151 \u00e9let\u00e9nek k\u00fcl\u00f6nb\u00f6z\u0151 id\u0151szakait \u00e9s az \u0151ket k\u00eds\u00e9r\u0151 \u00e9rzelmeket reprezent\u00e1lja. A festm\u00e9ny az \u00e9let\u00fat \u00e9s az azt k\u00eds\u00e9r\u0151 \u00e9rzelmek \u00e9rz\u00e9seit id\u00e9zi fel, er\u0151teljes \u00e9s \u00f6szt\u00f6nz\u0151 alkot\u00e1ss\u00e1 teszi. Az aranylev\u00e9l haszn\u00e1lata \u00e9s a h\u00e1tt\u00e9rben tal\u00e1lhat\u00f3 bonyolult geometriai mint\u00e1k egyedi \u00e9s felt\u0171n\u0151 elemet adnak a k\u00e9pnek, \u00edgy a k\u00e9p val\u00f3ban kiemelkedik. A k\u00e9p nemcsak egy n\u0151 \u00e9let\u00e9nek k\u00fcl\u00f6nb\u00f6z\u0151 id\u0151szakait \u00e1br\u00e1zolja, hanem az \u00e9let\u00fat \u00e9s az azt k\u00eds\u00e9r\u0151 \u00e9rzelmek \u00e1br\u00e1zol\u00e1s\u00e1t is. Ez egy nagyszer\u0171 m\u00f3dja annak, hogy \u00e9rtelmet \u00e9s \u00e9rzelmet adjon b\u00e1rmilyen t\u00e9rhez. A festm\u00e9ny egyben a sz\u00e9ps\u00e9g, az elegancia \u00e9s a j\u00f3l\u00e9t reprezent\u00e1ci\u00f3ja is, \u00edgy remek darab azok sz\u00e1m\u00e1ra, akik egy csipetnyi luxust szeretn\u00e9nek var\u00e1zsolni lakberendez\u00e9s\u00fckbe. \u00d6sszess\u00e9g\u00e9ben Gustav Klimt &#8220;A n\u0151 h\u00e1rom peri\u00f3dusa&#8221; c\u00edm\u0171 festm\u00e9nye k\u00f6telez\u0151 a m\u0171v\u00e9szet szerelmeseinek, \u00e9s nagyszer\u0171 kieg\u00e9sz\u00edt\u0151je b\u00e1rmely m\u0171v\u00e9szeti gy\u0171jtem\u00e9nynek.<\/p>\n<\/div>\n<div><\/div>\n","protected":false},"excerpt":{"rendered":"<p>Gustav Klimt \u2013 N\u0151 h\u00e1rom kora &nbsp; L\u00e9trehoz\u00e1s \u00e9ve: 1905 Eredeti m\u00e9ret: 178 x 198 cm Fest\u00e9si st\u00edlus: Szecesszi\u00f3 Eredeti technika: Olaj, v\u00e1szon Helysz\u00edn: National Gallery of Modern Art (GNOM), R\u00f3ma &nbsp; Ez az \u00e1that\u00f3 festm\u00e9ny az 1905-\u00f6s A n\u0151 h\u00e1rom kora c\u00edm\u0171 festm\u00e9ny r\u00e9szlete. Klimt egy id\u0151sebb n\u0151t helyezett [&hellip;]<\/p>\n","protected":false},"featured_media":50209,"template":"","meta":{"_acf_changed":false},"product_brand":[],"product_cat":[7143],"product_tag":[7170,7174,11885,11886,11887],"class_list":{"0":"post-53350","1":"product","2":"type-product","3":"status-publish","4":"has-post-thumbnail","6":"product_cat-gustav-klimt-hu","7":"product_tag-gustav-klimt-hu","8":"product_tag-klimt-hu","9":"product_tag-painter-hu","10":"product_tag-reproduction","11":"product_tag-reproductions-hu","12":"pa_dimenzija-100-x-90-cm-hu","13":"pa_dimenzija-120-x-110-cm-hu","14":"pa_dimenzija-140-x-130-cm-hu","15":"pa_dimenzija-160-x-140-cm-hu","16":"pa_dimenzija-180-x-160-cm-hu","17":"pa_dimenzija-198-x-178-cm-hu","18":"pa_dimenzija-250-x-225-cm-hu","19":"pa_dimenzija-60-x-55-cm-hu","20":"pa_dimenzija-80-x-70-cm-hu","21":"pa_dimenzija-90-x-80-cm-hu","22":"pa_oblika-vizszintes","23":"pa_okvir-nincs-keret","24":"pa_podokvir-igen","25":"pa_podokvir-nem","27":"first","28":"onbackorder","29":"purchasable","30":"product-type-variable","31":"has-default-attributes"},"acf":[],"yoast_head":"<!-- This site is optimized with the Yoast SEO Premium plugin v26.0 (Yoast SEO v27.2) - https:\/\/yoast.com\/product\/yoast-seo-premium-wordpress\/ -->\n<title>Gustav Klimt - Three ages of woman - SVETSLIK.SI - 100% k\u00e9zzel festett<\/title>\n<meta name=\"description\" content=\"Gustav Klimt - Three ages of woman - 100% k\u00e9zzel festett h\u00edres festm\u00e9nyek reprodukci\u00f3i. Festm\u00e9nyek keretez\u00e9se, elad\u00e1sa \u00e9s egyedi rendel\u00e9sre t\u00f6rt\u00e9n\u0151 v\u00e1szonk\u00e9pek k\u00e9sz\u00edt\u00e9se.\" \/>\n<meta name=\"robots\" content=\"index, follow, max-snippet:-1, max-image-preview:large, max-video-preview:-1\" \/>\n<link rel=\"canonical\" href=\"https:\/\/svetslik.si\/hu\/gustav-klimt-hu\/three-ages-of-woman\/\" \/>\n<meta property=\"og:locale\" content=\"hu_HU\" \/>\n<meta property=\"og:type\" content=\"article\" \/>\n<meta property=\"og:title\" content=\"Gustav Klimt - Three ages of woman\" \/>\n<meta property=\"og:description\" content=\"100% ro\u010dno naslikane slike na platnu, reprodukcije znanih slikarjev in umetni\u0161ke slike po naro\u010dilu.\" \/>\n<meta property=\"og:url\" content=\"https:\/\/svetslik.si\/hu\/gustav-klimt-hu\/three-ages-of-woman\/\" \/>\n<meta property=\"og:site_name\" content=\"SVETSLIK.SI\" \/>\n<meta property=\"article:publisher\" content=\"https:\/\/www.facebook.com\/svetslik.si\" \/>\n<meta property=\"article:modified_time\" content=\"2026-03-22T20:31:43+00:00\" \/>\n<meta property=\"og:image\" content=\"https:\/\/svetslik.si\/wp-content\/uploads\/2021\/08\/image_Three-ages-of-woman_680-scaled.jpg\" \/>\n\t<meta property=\"og:image:width\" content=\"2560\" \/>\n\t<meta property=\"og:image:height\" content=\"2475\" \/>\n\t<meta property=\"og:image:type\" content=\"image\/jpeg\" \/>\n<meta name=\"twitter:card\" content=\"summary_large_image\" \/>\n<meta name=\"twitter:site\" content=\"@svetslik\" \/>\n<meta name=\"twitter:label1\" content=\"El\u00e9rhet\u0151s\u00e9g\" \/>\n\t<meta name=\"twitter:data1\" content=\"Beszerz\u00e9s alatt\" \/>\n<script type=\"application\/ld+json\" class=\"yoast-schema-graph\">{\"@context\":\"https:\/\/schema.org\",\"@graph\":[{\"@type\":[\"WebPage\",\"ItemPage\"],\"@id\":\"https:\/\/svetslik.si\/hu\/gustav-klimt-hu\/three-ages-of-woman\/\",\"url\":\"https:\/\/svetslik.si\/hu\/gustav-klimt-hu\/three-ages-of-woman\/\",\"name\":\"Gustav Klimt - Three ages of woman - SVETSLIK.SI - 100% k\u00e9zzel festett\",\"isPartOf\":{\"@id\":\"https:\/\/svetslik.si\/hu\/#website\"},\"primaryImageOfPage\":{\"@id\":\"https:\/\/svetslik.si\/hu\/gustav-klimt-hu\/three-ages-of-woman\/#primaryimage\"},\"image\":{\"@id\":\"https:\/\/svetslik.si\/hu\/gustav-klimt-hu\/three-ages-of-woman\/#primaryimage\"},\"thumbnailUrl\":\"https:\/\/svetslik.si\/wp-content\/uploads\/2021\/08\/image_Three-ages-of-woman_680-scaled.jpg\",\"datePublished\":\"2021-09-02T15:51:44+00:00\",\"dateModified\":\"2026-03-22T20:31:43+00:00\",\"description\":\"Gustav Klimt - Three ages of woman - 100% k\u00e9zzel festett h\u00edres festm\u00e9nyek reprodukci\u00f3i. Festm\u00e9nyek keretez\u00e9se, elad\u00e1sa \u00e9s egyedi rendel\u00e9sre t\u00f6rt\u00e9n\u0151 v\u00e1szonk\u00e9pek k\u00e9sz\u00edt\u00e9se.\",\"breadcrumb\":{\"@id\":\"https:\/\/svetslik.si\/hu\/gustav-klimt-hu\/three-ages-of-woman\/#breadcrumb\"},\"inLanguage\":\"hu\",\"potentialAction\":[{\"@type\":\"ReadAction\",\"target\":[\"https:\/\/svetslik.si\/hu\/gustav-klimt-hu\/three-ages-of-woman\/\"]}]},{\"@type\":\"ImageObject\",\"inLanguage\":\"hu\",\"@id\":\"https:\/\/svetslik.si\/hu\/gustav-klimt-hu\/three-ages-of-woman\/#primaryimage\",\"url\":\"https:\/\/svetslik.si\/wp-content\/uploads\/2021\/08\/image_Three-ages-of-woman_680-scaled.jpg\",\"contentUrl\":\"https:\/\/svetslik.si\/wp-content\/uploads\/2021\/08\/image_Three-ages-of-woman_680-scaled.jpg\",\"width\":2560,\"height\":2475,\"caption\":\"Gustav Klimt - Three Ages of Woman (H\u00e1rom kor a n\u0151ben) - Vazonk\u00e9p, festm\u00e9nyek, reprodukci\u00f3\"},{\"@type\":\"BreadcrumbList\",\"@id\":\"https:\/\/svetslik.si\/hu\/gustav-klimt-hu\/three-ages-of-woman\/#breadcrumb\",\"itemListElement\":[{\"@type\":\"ListItem\",\"position\":1,\"name\":\"Wall art and paintings on canvas\",\"item\":\"https:\/\/svetslik.si\/hu\/\"},{\"@type\":\"ListItem\",\"position\":2,\"name\":\"Festm\u00e9nyek elad\u00e1sa\",\"item\":\"https:\/\/svetslik.si\/prodaja-slik\/\"},{\"@type\":\"ListItem\",\"position\":3,\"name\":\"Gustav Klimt &#8211; Three ages of woman\"}]},{\"@type\":\"WebSite\",\"@id\":\"https:\/\/svetslik.si\/hu\/#website\",\"url\":\"https:\/\/svetslik.si\/hu\/\",\"name\":\"SVETSLIK.SI\",\"description\":\"100%-ban k\u00e9zzel festett reprodukci\u00f3k h\u00edres fest\u0151k festm\u00e9nyeir\u0151l \u00e9s festm\u00e9nyekr\u0151l v\u00e1szonra.\",\"publisher\":{\"@id\":\"https:\/\/svetslik.si\/hu\/#organization\"},\"potentialAction\":[{\"@type\":\"SearchAction\",\"target\":{\"@type\":\"EntryPoint\",\"urlTemplate\":\"https:\/\/svetslik.si\/hu\/?s={search_term_string}\"},\"query-input\":{\"@type\":\"PropertyValueSpecification\",\"valueRequired\":true,\"valueName\":\"search_term_string\"}}],\"inLanguage\":\"hu\"},{\"@type\":\"Organization\",\"@id\":\"https:\/\/svetslik.si\/hu\/#organization\",\"name\":\"SvetSlik.si\",\"url\":\"https:\/\/svetslik.si\/hu\/\",\"logo\":{\"@type\":\"ImageObject\",\"inLanguage\":\"hu\",\"@id\":\"https:\/\/svetslik.si\/hu\/#\/schema\/logo\/image\/\",\"url\":\"https:\/\/svetslik.si\/wp-content\/uploads\/2020\/12\/logo-512.png\",\"contentUrl\":\"https:\/\/svetslik.si\/wp-content\/uploads\/2020\/12\/logo-512.png\",\"width\":512,\"height\":512,\"caption\":\"SvetSlik.si\"},\"image\":{\"@id\":\"https:\/\/svetslik.si\/hu\/#\/schema\/logo\/image\/\"},\"sameAs\":[\"https:\/\/www.facebook.com\/svetslik.si\",\"https:\/\/x.com\/svetslik\",\"https:\/\/www.instagram.com\/svetslik.si\/\",\"https:\/\/www.linkedin.com\/company\/svetslik-si\"]}]}<\/script>\n<meta property=\"og:availability\" content=\"backorder\" \/>\n<meta property=\"product:availability\" content=\"available for order\" \/>\n<meta property=\"product:retailer_item_id\" content=\"239__\" \/>\n<meta property=\"product:condition\" content=\"new\" \/>\n<!-- \/ Yoast SEO Premium plugin. -->","yoast_head_json":{"title":"Gustav Klimt - Three ages of woman - SVETSLIK.SI - 100% k\u00e9zzel festett","description":"Gustav Klimt - Three ages of woman - 100% k\u00e9zzel festett h\u00edres festm\u00e9nyek reprodukci\u00f3i. Festm\u00e9nyek keretez\u00e9se, elad\u00e1sa \u00e9s egyedi rendel\u00e9sre t\u00f6rt\u00e9n\u0151 v\u00e1szonk\u00e9pek k\u00e9sz\u00edt\u00e9se.","robots":{"index":"index","follow":"follow","max-snippet":"max-snippet:-1","max-image-preview":"max-image-preview:large","max-video-preview":"max-video-preview:-1"},"canonical":"https:\/\/svetslik.si\/hu\/gustav-klimt-hu\/three-ages-of-woman\/","og_locale":"hu_HU","og_type":"article","og_title":"Gustav Klimt - Three ages of woman","og_description":"100% ro\u010dno naslikane slike na platnu, reprodukcije znanih slikarjev in umetni\u0161ke slike po naro\u010dilu.","og_url":"https:\/\/svetslik.si\/hu\/gustav-klimt-hu\/three-ages-of-woman\/","og_site_name":"SVETSLIK.SI","article_publisher":"https:\/\/www.facebook.com\/svetslik.si","article_modified_time":"2026-03-22T20:31:43+00:00","og_image":[{"width":2560,"height":2475,"url":"https:\/\/svetslik.si\/wp-content\/uploads\/2021\/08\/image_Three-ages-of-woman_680-scaled.jpg","type":"image\/jpeg"}],"twitter_card":"summary_large_image","twitter_site":"@svetslik","twitter_misc":{"El\u00e9rhet\u0151s\u00e9g":"Beszerz\u00e9s alatt"},"schema":{"@context":"https:\/\/schema.org","@graph":[{"@type":["WebPage","ItemPage"],"@id":"https:\/\/svetslik.si\/hu\/gustav-klimt-hu\/three-ages-of-woman\/","url":"https:\/\/svetslik.si\/hu\/gustav-klimt-hu\/three-ages-of-woman\/","name":"Gustav Klimt - Three ages of woman - SVETSLIK.SI - 100% k\u00e9zzel festett","isPartOf":{"@id":"https:\/\/svetslik.si\/hu\/#website"},"primaryImageOfPage":{"@id":"https:\/\/svetslik.si\/hu\/gustav-klimt-hu\/three-ages-of-woman\/#primaryimage"},"image":{"@id":"https:\/\/svetslik.si\/hu\/gustav-klimt-hu\/three-ages-of-woman\/#primaryimage"},"thumbnailUrl":"https:\/\/svetslik.si\/wp-content\/uploads\/2021\/08\/image_Three-ages-of-woman_680-scaled.jpg","datePublished":"2021-09-02T15:51:44+00:00","dateModified":"2026-03-22T20:31:43+00:00","description":"Gustav Klimt - Three ages of woman - 100% k\u00e9zzel festett h\u00edres festm\u00e9nyek reprodukci\u00f3i. Festm\u00e9nyek keretez\u00e9se, elad\u00e1sa \u00e9s egyedi rendel\u00e9sre t\u00f6rt\u00e9n\u0151 v\u00e1szonk\u00e9pek k\u00e9sz\u00edt\u00e9se.","breadcrumb":{"@id":"https:\/\/svetslik.si\/hu\/gustav-klimt-hu\/three-ages-of-woman\/#breadcrumb"},"inLanguage":"hu","potentialAction":[{"@type":"ReadAction","target":["https:\/\/svetslik.si\/hu\/gustav-klimt-hu\/three-ages-of-woman\/"]}]},{"@type":"ImageObject","inLanguage":"hu","@id":"https:\/\/svetslik.si\/hu\/gustav-klimt-hu\/three-ages-of-woman\/#primaryimage","url":"https:\/\/svetslik.si\/wp-content\/uploads\/2021\/08\/image_Three-ages-of-woman_680-scaled.jpg","contentUrl":"https:\/\/svetslik.si\/wp-content\/uploads\/2021\/08\/image_Three-ages-of-woman_680-scaled.jpg","width":2560,"height":2475,"caption":"Gustav Klimt - Three Ages of Woman (H\u00e1rom kor a n\u0151ben) - Vazonk\u00e9p, festm\u00e9nyek, reprodukci\u00f3"},{"@type":"BreadcrumbList","@id":"https:\/\/svetslik.si\/hu\/gustav-klimt-hu\/three-ages-of-woman\/#breadcrumb","itemListElement":[{"@type":"ListItem","position":1,"name":"Wall art and paintings on canvas","item":"https:\/\/svetslik.si\/hu\/"},{"@type":"ListItem","position":2,"name":"Festm\u00e9nyek elad\u00e1sa","item":"https:\/\/svetslik.si\/prodaja-slik\/"},{"@type":"ListItem","position":3,"name":"Gustav Klimt &#8211; Three ages of woman"}]},{"@type":"WebSite","@id":"https:\/\/svetslik.si\/hu\/#website","url":"https:\/\/svetslik.si\/hu\/","name":"SVETSLIK.SI","description":"100%-ban k\u00e9zzel festett reprodukci\u00f3k h\u00edres fest\u0151k festm\u00e9nyeir\u0151l \u00e9s festm\u00e9nyekr\u0151l v\u00e1szonra.","publisher":{"@id":"https:\/\/svetslik.si\/hu\/#organization"},"potentialAction":[{"@type":"SearchAction","target":{"@type":"EntryPoint","urlTemplate":"https:\/\/svetslik.si\/hu\/?s={search_term_string}"},"query-input":{"@type":"PropertyValueSpecification","valueRequired":true,"valueName":"search_term_string"}}],"inLanguage":"hu"},{"@type":"Organization","@id":"https:\/\/svetslik.si\/hu\/#organization","name":"SvetSlik.si","url":"https:\/\/svetslik.si\/hu\/","logo":{"@type":"ImageObject","inLanguage":"hu","@id":"https:\/\/svetslik.si\/hu\/#\/schema\/logo\/image\/","url":"https:\/\/svetslik.si\/wp-content\/uploads\/2020\/12\/logo-512.png","contentUrl":"https:\/\/svetslik.si\/wp-content\/uploads\/2020\/12\/logo-512.png","width":512,"height":512,"caption":"SvetSlik.si"},"image":{"@id":"https:\/\/svetslik.si\/hu\/#\/schema\/logo\/image\/"},"sameAs":["https:\/\/www.facebook.com\/svetslik.si","https:\/\/x.com\/svetslik","https:\/\/www.instagram.com\/svetslik.si\/","https:\/\/www.linkedin.com\/company\/svetslik-si"]}]},"og_availability":"backorder","product_availability":"available for order","product_retailer_item_id":"239__","product_condition":"new"},"jetpack_sharing_enabled":true,"_links":{"self":[{"href":"https:\/\/svetslik.si\/hu\/wp-json\/wp\/v2\/product\/53350","targetHints":{"allow":["GET"]}}],"collection":[{"href":"https:\/\/svetslik.si\/hu\/wp-json\/wp\/v2\/product"}],"about":[{"href":"https:\/\/svetslik.si\/hu\/wp-json\/wp\/v2\/types\/product"}],"wp:featuredmedia":[{"embeddable":true,"href":"https:\/\/svetslik.si\/hu\/wp-json\/wp\/v2\/media\/50209"}],"wp:attachment":[{"href":"https:\/\/svetslik.si\/hu\/wp-json\/wp\/v2\/media?parent=53350"}],"wp:term":[{"taxonomy":"product_brand","embeddable":true,"href":"https:\/\/svetslik.si\/hu\/wp-json\/wp\/v2\/product_brand?post=53350"},{"taxonomy":"product_cat","embeddable":true,"href":"https:\/\/svetslik.si\/hu\/wp-json\/wp\/v2\/product_cat?post=53350"},{"taxonomy":"product_tag","embeddable":true,"href":"https:\/\/svetslik.si\/hu\/wp-json\/wp\/v2\/product_tag?post=53350"}],"curies":[{"name":"wp","href":"https:\/\/api.w.org\/{rel}","templated":true}]}}